{"id":16136,"date":"2023-09-05T17:30:33","date_gmt":"2023-09-05T15:30:33","guid":{"rendered":"https:\/\/uelzener.de\/magazin\/?page_id=16136"},"modified":"2025-04-28T10:27:04","modified_gmt":"2025-04-28T08:27:04","slug":"krallen-schneiden-bei-katzen","status":"publish","type":"page","link":"https:\/\/uelzener.de\/magazin\/katze\/haeufige-fragen\/krallen-schneiden-bei-katzen\/","title":{"rendered":"Krallen schneiden bei der Katze: So geht es richtig"},"content":{"rendered":"<p>Krallenpflege geh\u00f6rt zur t\u00e4glichen Routine von Katzen, genauso wie die ausgiebige Fellreinigung. Freig\u00e4nger nutzen nat\u00fcrliche Hilfsmittel wie Baumst\u00e4mme, um sich die Krallen zu wetzen. Wohnungskatzen ben\u00f6tigen eine Alternative dazu, beispielsweise einen Kratzbaum mit Sisalst\u00e4mmen. Hier kann sich die Samtpfote gen\u00fcsslich recken und strecken und die Krallen durch intensives Kratzen sch\u00e4rfen und auf optimaler L\u00e4nge halten. Stellt sich die Frage: Muss man bei Katzen die Krallen schneiden? Bei anderen Haustieren, zum Beispiel bei Kaninchen oder Meerschweinchen, ist es in vielen F\u00e4llen tats\u00e4chlich notwendig, die Krallen regelm\u00e4\u00dfig zu k\u00fcrzen, da es bei der Haltung zu Hause oft nicht genug Abriebm\u00f6glichkeiten gibt, sodass die Krallen zu lang werden. Gleiches gilt f\u00fcr manche Hunde.<\/p>\n<p>Bei Katzen ist es meistens nicht n\u00f6tig, die Krallen zu schneiden, weil sie sich darum gewisserma\u00dfen selber k\u00fcmmern. Durch das t\u00e4gliche Krallenwetzen, dem Katzen aus einem nat\u00fcrlichen Instinkt heraus nachgehen, werden die Krallen nicht nur gesch\u00e4rft, sondern auch gek\u00fcrzt. Trotzdem kann es F\u00e4lle geben, in denen man nachhelfen muss.<\/p>\n<h2>Katzenkrallen schneiden: ja oder nein?<\/h2>\n<p>Ob deine Katze Unterst\u00fctzung bei der Krallenpflege braucht oder nicht, kontrollierst du am besten regelm\u00e4\u00dfig, indem du die L\u00e4nge der Krallen inspizierst. Selten werden die Krallen von Freig\u00e4nger-Katzen zu lang, da drau\u00dfen gen\u00fcgend raue Oberfl\u00e4chen und Untergr\u00fcnde vorhanden sind, um die Krallen abzuwetzen. Im Vergleich dazu kann es bei reinen <a href=\"https:\/\/uelzener.de\/magazin\/katze\/haltung\/wohnungskatze-beschaeftigen\/\" target=\"_blank\" rel=\"noopener\">Wohnungskatzen<\/a> eher dazu kommen, dass die Krallen zu lang werden. Insbesondere dann, wenn nicht ausreichend Kratzm\u00f6glichkeiten vorhanden sind oder sich die Katze zum Beispiel aufgrund hohen Alters oder einer Krankheit nicht gen\u00fcgend die Krallen wetzt.<\/p>\n<p>Sind die Katzenkrallen zu lang, kann das verschiedene Probleme mit sich bringen. Ist die Katze nicht in der Lage, ihre Krallen komplett einzuziehen, kann das f\u00fcr sie unangenehm werden \u2013 und f\u00fcr dich auch, wenn sie beispielsweise beim Schmusen auf deinem Scho\u00df sitzt. Au\u00dferdem besteht ein erh\u00f6htes Risiko, dass deine Samtpfote h\u00e4ngenbleibt und sich die Pfote verletzt. Zu Verletzungen kann es auch kommen, wenn sich die Katze mit zu langen Krallen putzt. Kratzer auf der Haut k\u00f6nnen entstehen, die sich schlimmstenfalls entz\u00fcnden.<\/p>\n<p>Ein m\u00f6glicher Hinweis darauf, dass die Katzenkrallen zu lang sind, ist, dass sie ein wahrnehmbares Ger\u00e4usch erzeugen, wenn die Katze zum Beispiel \u00fcber Laminat l\u00e4uft.<\/p>\n<p>\u00dcbrigens: Ein \u00fcberm\u00e4\u00dfiges Krallenwachstum kann durch eine Schilddr\u00fcsen\u00fcberfunktion verursacht sein. Dabei handelt es sich um eine hormonelle Erkrankung bei Katzen, die tier\u00e4rztlich behandelt werden sollte. Wenn du weitere Symptome wie Gewichtsverlust trotz gutem Appetit, Verdauungsbeschwerden, struppiges Fell oder vermehrten Durst bemerkst, solltest du mit deiner Katze bei einem Tierarzt oder einer Tier\u00e4rztin vorstellig werden. Eine Katzen-Krankenversicherung sch\u00fctzt dich vor hohen Kosten, sollte deine Katze tier\u00e4rztliche Hilfe ben\u00f6tigen.<\/p>\n\n<div class=\"banner\">\n    <a href=\"https:\/\/uelzener.de\/katze\/katzen-krankenversicherung\/?agt=0000104925&sem=true&utm_medium=magazin&utm_source=wordpress&utm_campaign=katze_kv&utm_content=banner\">\n        <img decoding=\"async\" width=\"300\" height=\"212\" src=\"https:\/\/uelzener.de\/magazin\/app\/uploads\/2025\/01\/Katzen-Kranken-Versicherung.jpg\" class=\"attachment-medium size-medium\" alt=\"Banner Katzen-Kranken-Versicherung\" \/>    <\/a>\n<\/div>\n\n<h2>Achtung Verletzungsgefahr: Katzenkrallen richtig schneiden<\/h2>\n<p>Die meisten Katzen werden nicht begeistert von deinen Krallenpflegebem\u00fchungen sein, daher solltest du das Krallenschneiden m\u00f6glichst ruhig angehen und einkalkulieren, dass sich dein Tier erstmal an das Prozedere gew\u00f6hnen muss. Eventuell kann es notwendig sein, eine zweite Person zur Unterst\u00fctzung dabeizuhaben. So kann einer die Katze halten, w\u00e4hrend der andere das Krallenschneiden \u00fcbernimmt. Hier eine kurze Schritt-f\u00fcr-Schritt-Anleitung:<\/p>\n<ol>\n<li>Vorbereitung: Lege dir alle ben\u00f6tigten Utensilien in greifbarer N\u00e4he zurecht, damit das Krallenschneiden bei deiner Katze unterbrechungsfrei und m\u00f6glichst z\u00fcgig erfolgen kann. Sorge f\u00fcr eine ruhige Umgebung ohne laute Ger\u00e4usche und hektische Bewegungen (z. B. kleine Kinder nicht im gleichen Raum spielen lassen, keine laute Musik h\u00f6ren, laute K\u00fcchenger\u00e4te ausschalten, etc.)<\/li>\n<li>Ben\u00f6tigte Hilfsmittel: Um deiner Katze die Krallen zu schneiden, verwendest du am besten eine Katzenkrallenzange oder einen Krallenknipser. Eine Nagelschere oder andere Scheren eignen sich nicht, da die Katzenkrallen hierf\u00fcr zu dick sind und pr\u00e4zises Schneiden nicht gut m\u00f6glich ist. Um scharfe Kanten abzurunden, empfiehlt sich zus\u00e4tzlich die Verwendung einer kleinen Feile nach dem Krallenschneiden.<\/li>\n<li>Katze halten: Welche Position zum Krallenschneiden am besten f\u00fcr dich und deine Katze funktioniert, musst du ausprobieren. Du kannst sie zum Beispiel auf deinen Scho\u00df setzen und beruhigend streicheln oder von einer anderen Person hochnehmen und halten lassen, um dich komplett aufs Krallenschneiden zu konzentrieren zu k\u00f6nnen.<\/li>\n<li>Krallen schneiden: Mit sanftem Druck auf die Tatze sorgst du daf\u00fcr, dass die Krallen ausgefahren werden. Setze vorsichtig die Zange oder den Knipser im rechten Winkel an und entferne die Spitze der Kralle.<\/li>\n<li>Abfeilen: Die entstehenden Schnittkanten gl\u00e4ttest du mit einer kleinen Nagelfeile.<\/li>\n<\/ol>\n<p>Oberstes Gebot beim Krallenschneiden: nicht zu viel abschneiden. Du darfst keinesfalls so weit oben abschneiden, dass du den durchbluteten Bereich der Krallen erwischst. Nicht nur w\u00fcrde das zu einer Blutung f\u00fchren, auch m\u00fcsste deine Katze Schmerzen erleiden, da im Mark Nerven verlaufen. Sorge f\u00fcr gute Lichtverh\u00e4ltnisse, damit du den durchbluteten Bereich erkennen kannst. Es sollte ausreichend Abstand zum Mark einkalkuliert sein, um Verletzungen zu vermeiden. Lieber vorsichtig herantasten und Millimeter um Millimeter k\u00fcrzen als mit einem Mal zu viel abschneiden. Denn: Wenn es einmal weh getan hat, wird sich deine Katze in Zukunft wahrscheinlich vehement zur Wehr setzen, wenn es ans Krallenschneiden geht.<\/p>\n\n<div class=\"related_articles boxed\">\n    <h2>Mehr zum Thema<\/h2>\n    \n    <div class=\"wrapper\"><div class=\"title align-center\"><h3><a href=\"https:\/\/uelzener.de\/magazin\/katze\/tiergesundheit\/spondylose-bei-katzen\/\">Spondylose bei Katzen fr\u00fchzeitig erkennen und behandeln<\/a><\/h3><\/div><div class=\"img align-center\"><img decoding=\"async\" width=\"315\" height=\"180\" src=\"https:\/\/uelzener.de\/magazin\/app\/uploads\/2025\/01\/spondylose-katze-315x180.jpg\" class=\"attachment-315x180 size-315x180 wp-post-image\" alt=\"Katze mit Spondylose.\" \/><\/div><\/div><div class=\"wrapper\"><div class=\"title align-center\"><h3><a href=\"https:\/\/uelzener.de\/magazin\/katze\/haeufige-fragen\/katze-zerkratzt-sofa\/\">Katze zerkratzt Sofa: Was tun?<\/a><\/h3><\/div><div class=\"img align-center\"><img decoding=\"async\" width=\"315\" height=\"180\" src=\"https:\/\/uelzener.de\/magazin\/app\/uploads\/2023\/03\/katze-zerkratzt-sofa-315x180.jpg\" class=\"attachment-315x180 size-315x180 wp-post-image\" alt=\"Getigerte Katze zerkratzt graues Sofa.\" \/><\/div><\/div><div class=\"wrapper\"><div class=\"title align-center\"><h3><a href=\"https:\/\/uelzener.de\/magazin\/katze\/haltung\/den-richtigen-kratzbaum-waehlen\/\">Den richtigen Kratzbaum w\u00e4hlen: Praktische Tipps zum Kauf<\/a><\/h3><\/div><div class=\"img align-center\"><img decoding=\"async\" width=\"315\" height=\"180\" src=\"https:\/\/uelzener.de\/magazin\/app\/uploads\/2024\/05\/kratzbaum-315x180.jpg\" class=\"attachment-315x180 size-315x180 wp-post-image\" alt=\"Katze steht auf Kratzbaum.\" \/><\/div><\/div><\/div>\n\n<h2>Fazit<\/h2>\n<p>Mit etwas \u00dcbung und geeigneten Hilfsmitteln geht das Schneiden der Katzenkrallen leicht von der Hand \u2013 vorausgesetzt nat\u00fcrlich, die Katze ist einigerma\u00dfen kooperativer Stimmung. Zwar ist es bei vielen Katzen nicht erforderlich, die Krallen zu schneiden, trotzdem gilt es, die Krallenl\u00e4nge regelm\u00e4\u00dfig zu \u00fcberpr\u00fcfen, um festzustellen, ob vielleicht doch etwas Unterst\u00fctzung bei der Krallenpflege n\u00f6tig ist.<\/p>\n<h2>FAQ: H\u00e4ufig gestellte Fragen zum Krallenschneiden bei Katzen<\/h2>\n<h3>Wie lang d\u00fcrfen die Krallen der Katze sein?<\/h3>\n<p>Solange deine Katze die Krallen einziehen kann und davon nicht gest\u00f6rt wird, ist alles in Ordnung. Sind klackernde Ger\u00e4usche zu h\u00f6ren, wenn die Katze \u00fcber glatten Boden l\u00e4uft, ist das ein Anzeichen, dass die Krallen zu lang sind. Auch Hautverletzungen beim Putzen oder h\u00e4ufiges H\u00e4ngenbleiben mit den Pfoten weisen darauf hin, dass die Krallen gek\u00fcrzt werden sollten.<\/p>\n<h3>Kann man die Krallen der Katze beim Tierarzt schneiden lassen?<\/h3>\n<p>Wer sich unsicher ist oder die Katze alleine nicht ruhig halten kann, um die Krallen zu schneiden, kann selbstverst\u00e4ndlich den Tierarzt oder die Tier\u00e4rztin um Hilfe bitten.<\/p>\n<h3>Was kostet Krallenschneiden beim Tierarzt?<\/h3>\n<p>Krallen k\u00fcrzen kostet laut GOT (Geb\u00fchrenordnung der Tier\u00e4rzte, Stand November 2022) im 1-fachen GOT-Satz 10,26 EUR, im 2-fachen Satz 20,52 EUR. Hinzu kommt die Steuer. Welcher Satz Anwendung findet, h\u00e4ngt unter anderem von der Schwierigkeit der Behandlung ab.<\/p>\n<h3>Wie oft muss man die Katzenkrallen schneiden?<\/h3>\n<p>Die Katzenkrallen wachsen langsam nach, \u00e4hnlich wie die Fingern\u00e4gel beim Menschen. Es sollte ausreichend sein, die Krallen circa alle ein bis zwei Monate zu k\u00fcrzen. Wom\u00f6glich sind auch nicht alle Krallen zu lang, sondern nur einzelne. In jedem Fall gilt es vorab zu pr\u00fcfen, ob das Schneiden wirklich n\u00f6tig ist, um unn\u00f6tigen Stress f\u00fcr die Katze zu vermeiden.<\/p>\n<h3>Was tun, wenn sich die Katze beim Krallenschneiden wehrt?<\/h3>\n<p>Die wenigsten Katzen finden es toll, sich die Krallen schneiden zu lassen. Um das Prozedere f\u00fcr alle Beteiligten m\u00f6glichst angenehm zu gestalten, solltest du einen Moment ausw\u00e4hlen, in dem die Katze entspannt ist, vielleicht sogar fast schl\u00e4ft. Ist die Katze ohnehin schon aufgeregt oder \u00e4ngstlich, wird das Krallenschneiden kaum von Erfolg gekr\u00f6nt sein. Um Verletzungen zu vermeiden, empfiehlt es sich, die Prozedur dann lieber auf sp\u00e4ter zu schieben. Oft funktioniert das Krallenk\u00fcrzen zu zweit besser als alleine, da einer sich voll um die Katze k\u00fcmmern kann, w\u00e4hrend sich der andere aufs Schneiden fokussiert. Geht trotz aller Bem\u00fchungen gar nichts, kann es sinnvoll sein, das K\u00fcrzen dem Tierarzt oder der Tier\u00e4rztin zu \u00fcberlassen.<\/p>\n","protected":false},"excerpt":{"rendered":"<p>Krallenpflege geh\u00f6rt zur t\u00e4glichen Routine von Katzen, genauso wie die ausgiebige Fellreinigung. Freig\u00e4nger nutzen nat\u00fcrliche Hilfsmittel wie Baumst\u00e4mme, um sich die Krallen zu wetzen. Wohnungskatzen ben\u00f6tigen eine Alternative dazu, beispielsweise einen Kratzbaum mit Sisalst\u00e4mmen. Hier kann sich die Samtpfote gen\u00fcsslich recken und strecken und die Krallen durch intensives Kratzen sch\u00e4rfen und auf optimaler L\u00e4nge halten. [&hellip;]<\/p>\n","protected":false},"author":11,"featured_media":16138,"parent":11691,"menu_order":2,"comment_status":"closed","ping_status":"closed","template":"templates\/blog.php","meta":{"_acf_changed":false,"_crdt_document":"","footnotes":"","beyondwords_generate_audio":"0","beyondwords_project_id":"","beyondwords_content_id":"","beyondwords_preview_token":"","beyondwords_player_style":"","beyondwords_language_id":"","beyondwords_title_voice_id":"","beyondwords_body_voice_id":"","beyondwords_summary_voice_id":"","beyondwords_error_message":"","beyondwords_disabled":"","beyondwords_delete_content":"","beyondwords_podcast_id":"","beyondwords_hash":"","publish_post_to_speechkit":"","speechkit_hash":"","speechkit_generate_audio":"","speechkit_project_id":"","speechkit_podcast_id":"","speechkit_error_message":"","speechkit_disabled":"","speechkit_access_key":"","speechkit_error":"","speechkit_info":"","speechkit_response":"","speechkit_retries":"","speechkit_status":"","speechkit_updated_at":"","_speechkit_link":"","_speechkit_text":""},"class_list":["post-16136","page","type-page","status-publish","has-post-thumbnail","hentry"],"acf":[],"yoast_head":"<!-- This site is optimized with the Yoast SEO Premium plugin  - https:\/\/yoast.com\/product\/yoast-seo-premium-wordpress\/ -->\n<title>Krallen schneiden bei der Katze: So geht es richtig | Uelzener Magazin<\/title>\n<meta name=\"description\" content=\"Muss man bei Katzen die Krallen schneiden? Wann man nachhelfen muss \u2714 und was dabei zu beachten ist \u2714\" \/>\n<meta name=\"robots\" content=\"index, follow, max-snippet:-1, max-image-preview:large, max-video-preview:-1\" \/>\n<link rel=\"canonical\" href=\"https:\/\/uelzener.de\/magazin\/katze\/haeufige-fragen\/krallen-schneiden-bei-katzen\/\" \/>\n<meta property=\"og:locale\" content=\"de_DE\" \/>\n<meta property=\"og:type\" content=\"article\" \/>\n<meta property=\"og:title\" content=\"Krallen schneiden bei der Katze: So geht es richtig\" \/>\n<meta property=\"og:description\" content=\"Muss man bei Katzen die Krallen schneiden? Wann man nachhelfen muss \u2714 und was dabei zu beachten ist \u2714\" \/>\n<meta property=\"og:url\" content=\"https:\/\/uelzener.de\/magazin\/katze\/haeufige-fragen\/krallen-schneiden-bei-katzen\/\" \/>\n<meta property=\"og:site_name\" content=\"Uelzener Tier-Magazin\" \/>\n<meta property=\"article:publisher\" content=\"https:\/\/www.facebook.com\/Uelzener\" \/>\n<meta property=\"article:modified_time\" content=\"2025-04-28T08:27:04+00:00\" \/>\n<meta property=\"og:image\" content=\"https:\/\/uelzener.de\/magazin\/app\/uploads\/2023\/08\/krallen-schneiden-katze.jpg\" \/>\n\t<meta property=\"og:image:width\" content=\"1025\" \/>\n\t<meta property=\"og:image:height\" content=\"450\" \/>\n\t<meta property=\"og:image:type\" content=\"image\/jpeg\" \/>\n<meta name=\"twitter:card\" content=\"summary_large_image\" \/>\n<meta name=\"twitter:label1\" content=\"Gesch\u00e4tzte Lesezeit\" \/>\n\t<meta name=\"twitter:data1\" content=\"7\u00a0Minuten\" \/>\n<script type=\"application\/ld+json\" class=\"yoast-schema-graph\">{\"@context\":\"https:\\\/\\\/schema.org\",\"@graph\":[{\"@type\":\"WebPage\",\"@id\":\"https:\\\/\\\/uelzener.de\\\/magazin\\\/katze\\\/haeufige-fragen\\\/krallen-schneiden-bei-katzen\\\/\",\"url\":\"https:\\\/\\\/uelzener.de\\\/magazin\\\/katze\\\/haeufige-fragen\\\/krallen-schneiden-bei-katzen\\\/\",\"name\":\"Krallen schneiden bei der Katze: So geht es richtig | Uelzener Magazin\",\"isPartOf\":{\"@id\":\"https:\\\/\\\/uelzener.de\\\/magazin\\\/#website\"},\"primaryImageOfPage\":{\"@id\":\"https:\\\/\\\/uelzener.de\\\/magazin\\\/katze\\\/haeufige-fragen\\\/krallen-schneiden-bei-katzen\\\/#primaryimage\"},\"image\":{\"@id\":\"https:\\\/\\\/uelzener.de\\\/magazin\\\/katze\\\/haeufige-fragen\\\/krallen-schneiden-bei-katzen\\\/#primaryimage\"},\"thumbnailUrl\":\"https:\\\/\\\/uelzener.de\\\/magazin\\\/app\\\/uploads\\\/2023\\\/08\\\/krallen-schneiden-katze.jpg\",\"datePublished\":\"2023-09-05T15:30:33+00:00\",\"dateModified\":\"2025-04-28T08:27:04+00:00\",\"description\":\"Muss man bei Katzen die Krallen schneiden? Wann man nachhelfen muss \u2714 und was dabei zu beachten ist \u2714\",\"breadcrumb\":{\"@id\":\"https:\\\/\\\/uelzener.de\\\/magazin\\\/katze\\\/haeufige-fragen\\\/krallen-schneiden-bei-katzen\\\/#breadcrumb\"},\"inLanguage\":\"de\",\"potentialAction\":[{\"@type\":\"ReadAction\",\"target\":[\"https:\\\/\\\/uelzener.de\\\/magazin\\\/katze\\\/haeufige-fragen\\\/krallen-schneiden-bei-katzen\\\/\"]}]},{\"@type\":\"ImageObject\",\"inLanguage\":\"de\",\"@id\":\"https:\\\/\\\/uelzener.de\\\/magazin\\\/katze\\\/haeufige-fragen\\\/krallen-schneiden-bei-katzen\\\/#primaryimage\",\"url\":\"https:\\\/\\\/uelzener.de\\\/magazin\\\/app\\\/uploads\\\/2023\\\/08\\\/krallen-schneiden-katze.jpg\",\"contentUrl\":\"https:\\\/\\\/uelzener.de\\\/magazin\\\/app\\\/uploads\\\/2023\\\/08\\\/krallen-schneiden-katze.jpg\",\"width\":1025,\"height\":450,\"caption\":\"Einer Katze werden die Krallen geschnitten.\"},{\"@type\":\"WebSite\",\"@id\":\"https:\\\/\\\/uelzener.de\\\/magazin\\\/#website\",\"url\":\"https:\\\/\\\/uelzener.de\\\/magazin\\\/\",\"name\":\"Uelzener Tiermagazin\",\"description\":\"Online Tierratgeber der Uelzener Versicherungen\",\"publisher\":{\"@id\":\"https:\\\/\\\/uelzener.de\\\/magazin\\\/#organization\"},\"potentialAction\":[{\"@type\":\"SearchAction\",\"target\":{\"@type\":\"EntryPoint\",\"urlTemplate\":\"https:\\\/\\\/uelzener.de\\\/magazin\\\/?s={search_term_string}\"},\"query-input\":{\"@type\":\"PropertyValueSpecification\",\"valueRequired\":true,\"valueName\":\"search_term_string\"}}],\"inLanguage\":\"de\"},{\"@type\":\"Organization\",\"@id\":\"https:\\\/\\\/uelzener.de\\\/magazin\\\/#organization\",\"name\":\"Uelzener Versicherungen\",\"url\":\"https:\\\/\\\/uelzener.de\\\/magazin\\\/\",\"logo\":{\"@type\":\"ImageObject\",\"inLanguage\":\"de\",\"@id\":\"https:\\\/\\\/uelzener.de\\\/magazin\\\/#\\\/schema\\\/logo\\\/image\\\/\",\"url\":\"https:\\\/\\\/uelzener.de\\\/magazin\\\/app\\\/uploads\\\/2024\\\/11\\\/uelzener_allgemeine_versicherungsgesellschaft_a_g_logo.jpg\",\"contentUrl\":\"https:\\\/\\\/uelzener.de\\\/magazin\\\/app\\\/uploads\\\/2024\\\/11\\\/uelzener_allgemeine_versicherungsgesellschaft_a_g_logo.jpg\",\"width\":200,\"height\":200,\"caption\":\"Uelzener Versicherungen\"},\"image\":{\"@id\":\"https:\\\/\\\/uelzener.de\\\/magazin\\\/#\\\/schema\\\/logo\\\/image\\\/\"},\"sameAs\":[\"https:\\\/\\\/www.facebook.com\\\/Uelzener\",\"https:\\\/\\\/instagram.com\\\/uelzener\",\"https:\\\/\\\/www.xing.com\\\/pages\\\/uelzenerallgemeineversicherungs-gesellschafta-g\",\"https:\\\/\\\/www.youtube.com\\\/UelzenerVersicherungen\"]}]}<\/script>\n<!-- \/ Yoast SEO Premium plugin. -->","yoast_head_json":{"title":"Krallen schneiden bei der Katze: So geht es richtig | Uelzener Magazin","description":"Muss man bei Katzen die Krallen schneiden? Wann man nachhelfen muss \u2714 und was dabei zu beachten ist \u2714","robots":{"index":"index","follow":"follow","max-snippet":"max-snippet:-1","max-image-preview":"max-image-preview:large","max-video-preview":"max-video-preview:-1"},"canonical":"https:\/\/uelzener.de\/magazin\/katze\/haeufige-fragen\/krallen-schneiden-bei-katzen\/","og_locale":"de_DE","og_type":"article","og_title":"Krallen schneiden bei der Katze: So geht es richtig","og_description":"Muss man bei Katzen die Krallen schneiden? Wann man nachhelfen muss \u2714 und was dabei zu beachten ist \u2714","og_url":"https:\/\/uelzener.de\/magazin\/katze\/haeufige-fragen\/krallen-schneiden-bei-katzen\/","og_site_name":"Uelzener Tier-Magazin","article_publisher":"https:\/\/www.facebook.com\/Uelzener","article_modified_time":"2025-04-28T08:27:04+00:00","og_image":[{"width":1025,"height":450,"url":"https:\/\/uelzener.de\/magazin\/app\/uploads\/2023\/08\/krallen-schneiden-katze.jpg","type":"image\/jpeg"}],"twitter_card":"summary_large_image","twitter_misc":{"Gesch\u00e4tzte Lesezeit":"7\u00a0Minuten"},"schema":{"@context":"https:\/\/schema.org","@graph":[{"@type":"WebPage","@id":"https:\/\/uelzener.de\/magazin\/katze\/haeufige-fragen\/krallen-schneiden-bei-katzen\/","url":"https:\/\/uelzener.de\/magazin\/katze\/haeufige-fragen\/krallen-schneiden-bei-katzen\/","name":"Krallen schneiden bei der Katze: So geht es richtig | Uelzener Magazin","isPartOf":{"@id":"https:\/\/uelzener.de\/magazin\/#website"},"primaryImageOfPage":{"@id":"https:\/\/uelzener.de\/magazin\/katze\/haeufige-fragen\/krallen-schneiden-bei-katzen\/#primaryimage"},"image":{"@id":"https:\/\/uelzener.de\/magazin\/katze\/haeufige-fragen\/krallen-schneiden-bei-katzen\/#primaryimage"},"thumbnailUrl":"https:\/\/uelzener.de\/magazin\/app\/uploads\/2023\/08\/krallen-schneiden-katze.jpg","datePublished":"2023-09-05T15:30:33+00:00","dateModified":"2025-04-28T08:27:04+00:00","description":"Muss man bei Katzen die Krallen schneiden? Wann man nachhelfen muss \u2714 und was dabei zu beachten ist \u2714","breadcrumb":{"@id":"https:\/\/uelzener.de\/magazin\/katze\/haeufige-fragen\/krallen-schneiden-bei-katzen\/#breadcrumb"},"inLanguage":"de","potentialAction":[{"@type":"ReadAction","target":["https:\/\/uelzener.de\/magazin\/katze\/haeufige-fragen\/krallen-schneiden-bei-katzen\/"]}]},{"@type":"ImageObject","inLanguage":"de","@id":"https:\/\/uelzener.de\/magazin\/katze\/haeufige-fragen\/krallen-schneiden-bei-katzen\/#primaryimage","url":"https:\/\/uelzener.de\/magazin\/app\/uploads\/2023\/08\/krallen-schneiden-katze.jpg","contentUrl":"https:\/\/uelzener.de\/magazin\/app\/uploads\/2023\/08\/krallen-schneiden-katze.jpg","width":1025,"height":450,"caption":"Einer Katze werden die Krallen geschnitten."},{"@type":"WebSite","@id":"https:\/\/uelzener.de\/magazin\/#website","url":"https:\/\/uelzener.de\/magazin\/","name":"Uelzener Tiermagazin","description":"Online Tierratgeber der Uelzener Versicherungen","publisher":{"@id":"https:\/\/uelzener.de\/magazin\/#organization"},"potentialAction":[{"@type":"SearchAction","target":{"@type":"EntryPoint","urlTemplate":"https:\/\/uelzener.de\/magazin\/?s={search_term_string}"},"query-input":{"@type":"PropertyValueSpecification","valueRequired":true,"valueName":"search_term_string"}}],"inLanguage":"de"},{"@type":"Organization","@id":"https:\/\/uelzener.de\/magazin\/#organization","name":"Uelzener Versicherungen","url":"https:\/\/uelzener.de\/magazin\/","logo":{"@type":"ImageObject","inLanguage":"de","@id":"https:\/\/uelzener.de\/magazin\/#\/schema\/logo\/image\/","url":"https:\/\/uelzener.de\/magazin\/app\/uploads\/2024\/11\/uelzener_allgemeine_versicherungsgesellschaft_a_g_logo.jpg","contentUrl":"https:\/\/uelzener.de\/magazin\/app\/uploads\/2024\/11\/uelzener_allgemeine_versicherungsgesellschaft_a_g_logo.jpg","width":200,"height":200,"caption":"Uelzener Versicherungen"},"image":{"@id":"https:\/\/uelzener.de\/magazin\/#\/schema\/logo\/image\/"},"sameAs":["https:\/\/www.facebook.com\/Uelzener","https:\/\/instagram.com\/uelzener","https:\/\/www.xing.com\/pages\/uelzenerallgemeineversicherungs-gesellschafta-g","https:\/\/www.youtube.com\/UelzenerVersicherungen"]}]}},"_links":{"self":[{"href":"https:\/\/uelzener.de\/magazin\/wp-json\/wp\/v2\/pages\/16136","targetHints":{"allow":["GET"]}}],"collection":[{"href":"https:\/\/uelzener.de\/magazin\/wp-json\/wp\/v2\/pages"}],"about":[{"href":"https:\/\/uelzener.de\/magazin\/wp-json\/wp\/v2\/types\/page"}],"author":[{"embeddable":true,"href":"https:\/\/uelzener.de\/magazin\/wp-json\/wp\/v2\/users\/11"}],"replies":[{"embeddable":true,"href":"https:\/\/uelzener.de\/magazin\/wp-json\/wp\/v2\/comments?post=16136"}],"version-history":[{"count":6,"href":"https:\/\/uelzener.de\/magazin\/wp-json\/wp\/v2\/pages\/16136\/revisions"}],"predecessor-version":[{"id":18455,"href":"https:\/\/uelzener.de\/magazin\/wp-json\/wp\/v2\/pages\/16136\/revisions\/18455"}],"up":[{"embeddable":true,"href":"https:\/\/uelzener.de\/magazin\/wp-json\/wp\/v2\/pages\/11691"}],"wp:featuredmedia":[{"embeddable":true,"href":"https:\/\/uelzener.de\/magazin\/wp-json\/wp\/v2\/media\/16138"}],"wp:attachment":[{"href":"https:\/\/uelzener.de\/magazin\/wp-json\/wp\/v2\/media?parent=16136"}],"curies":[{"name":"wp","href":"https:\/\/api.w.org\/{rel}","templated":true}]}}