{"id":16099,"date":"2023-08-14T10:18:27","date_gmt":"2023-08-14T08:18:27","guid":{"rendered":"https:\/\/uelzener.de\/magazin\/?page_id=16099"},"modified":"2024-01-24T12:17:26","modified_gmt":"2024-01-24T11:17:26","slug":"reiterferien-im-herbst","status":"publish","type":"page","link":"https:\/\/uelzener.de\/magazin\/pferd\/tipps-fuer-den-alltag\/reiterferien-im-herbst\/","title":{"rendered":"Reiterferien im Herbst"},"content":{"rendered":"<p>Der Herbst ist bereits in Sichtweite. Vor allem f\u00fcr die Planung der Ferien wird es jetzt h\u00f6chste Zeit. F\u00fcr Reiter und Reiterinnen bietet sich die Zeit ab Oktober geradezu an, seinen Urlaub rund um die geliebten Vierbeiner zu planen. Die Temperaturen sind meist angenehm zum Reiten und die Landschaft leuchtet vielerorts noch einmal in bunten Farben.<\/p>\n<p>Hier erf\u00e4hrst du kurz und knapp alles Wichtige \u00fcber Reiterferien. Wir berichten von den verschiedenen M\u00f6glichkeiten, seine Ferien im Sattel zu verbringen. Au\u00dferdem kl\u00e4ren wir, was Reiterferien kosten und nennen ein paar Beispiele sch\u00f6ner Reiterh\u00f6fe. Dar\u00fcber hinaus erf\u00e4hrst du, was f\u00fcr deinen Urlaub auf dem R\u00fccken der Pferde unbedingt ins Reisegep\u00e4ck geh\u00f6rt.<\/p>\n<h2>Was sind Reiterferien?<\/h2>\n<p>Reiterferien verbinden die sch\u00f6nsten Seiten des Lebens: viel Zeit mit Pferden und gleichgesinnten Pferdefreund:innen in sch\u00f6ner Umgebung. Ungest\u00f6rt von Arbeit oder Schule widmet man sich ausschlie\u00dflich seiner Pferdeleidenschaft.<\/p>\n<p>Reiterferien werden von Reiterh\u00f6fen oder Reitvereinen angeboten und richten sich an alle Alltagsgruppe, sowohl an <a href=\"https:\/\/uelzener.de\/magazin\/pferd\/erziehung-und-training\/reiten-lernen-tipps-fuer-die-sicherheit-bei-kindern\/\">Kinder<\/a> und Jugendliche, als auch an Erwachsene. Bei den meisten Angeboten werde Pferde zur Verf\u00fcgung gestellt. Es lassen sich jedoch auch viele Reiterurlaub-Angebote finden, bei denen man mit dem eigenen Pferd verreisen kann. Es gibt ganz unterschiedliche Arten von Reiterferien, die auf verschiedene Interessen zugeschnitten sind.<\/p>\n<p>So gibt es Reiterferien f\u00fcr Anf\u00e4nger:innen und Fortgeschrittene bis hin zu spezifischen M\u00f6glichkeiten f\u00fcr unterschiedliche Disziplinen oder Reitweisen. Das Angebot umfasst u. a. Dressurreiten, Springreitern, Westernreiten oder Vielseitigkeitsreiten. Au\u00dferdem wird Wanderreiten angeboten, bei dem man auf mehrt\u00e4gigen Wanderritten mit vorgeplanten \u00dcbernachtungen wundersch\u00f6ne Landschaften auf dem Pferder\u00fccken entdeckt. Bei klassischen Reiterferien f\u00fcr Freizeitreiter geht es in erster Linie \u00fcberwiegend darum, Ausritte durch sch\u00f6ne Landschaften mit erholsamen Tagen auf einem sch\u00f6n gelegenen Gel\u00e4nde in entspannter Atmosph\u00e4re mit Gleichgesinnten zu verbinden. Daneben kann jeder und jede nach eigenem Wunsch im Reitunterricht seine reiterlichen F\u00e4higkeiten ausbauen. Die meisten Anbieter erm\u00f6glichen die Auswahl von intensiverem Einzelunterricht \u00fcber das Lernen in Kleingruppen bis hin zu Reitunterricht in der gr\u00f6\u00dferen Gruppe.<\/p>\n<h2>Wie viel kosten sie im Durchschnitt?<\/h2>\n<p>Pauschal lassen sich keine Preisangaben machen. \u00c4hnlich wie bei anderen Ferienreisen auch sind die Kosten f\u00fcr Reiterferien von folgenden Faktoren abh\u00e4ngig:<\/p>\n<ul>\n<li>Dauer des Aufenthalts<\/li>\n<li>L\u00e4nge und Aufwand der Anreise<\/li>\n<li>Art der Unterkunft<\/li>\n<li>Umfang und Qualit\u00e4t der Verpflegung<\/li>\n<li>Preisgef\u00fcge in der Urlaubsregion<\/li>\n<\/ul>\n<p>Hinzu kommen Einflussfaktoren, die speziell f\u00fcr Reiterferien gelten:<\/p>\n<ul>\n<li>Ausbildung, Wissen und Erfahrung der Reitlehrer:innen<\/li>\n<li>Ausstattung der Reitanlage<\/li>\n<li>Art und Anzahl der Reitstunden (H\u00e4ufigeres und intensiveres Trainieren ist in der Regel teurer.)<\/li>\n<li>Nutzung des eigenen Pferdes oder hofeigener Pferde<\/li>\n<li>Bei eigenem Pferd: Kosten f\u00fcr Einstellung und Verpflegung des Pferdes<\/li>\n<\/ul>\n<p>Reiterferien f\u00fcr Kinder und Jugendliche werden h\u00e4ufig zu einem Festpreis angeboten. So kann man f\u00fcr Kinder Angebote ab ca. 550 Euro finden. Darin sind in der Regel Unterkunft, Verpflegung, Reitunterricht, gef\u00fchrte Ausritte und eine durchgehende Betreuung enthalten.<\/p>\n<h3>Die sch\u00f6nsten Reiterh\u00f6fe<\/h3>\n<p>Ob man einen Reiterhof als besonders sch\u00f6n empfindet, kann sehr unterschiedlich sein. F\u00fcr den einen ist ein kleiner gem\u00fctlicher Bauernhof mit einer \u00fcberschaubaren Anzahl an Pferden die wunderbarste Unterkunft. Eine andere f\u00fchlt sich besonders wohl auf einer gro\u00dfen Anlage mit einer breiteren Auswahl an Angeboten. Jede Art und jeder Ort Reiterferien zu verbringen, kann seine Vorz\u00fcge haben. Folgende Angebote k\u00f6nnten das Zeug zum Lieblingsreiterhof haben.<\/p>\n<p>Manch ein Kind freut sich jedes Jahr erneut auf die Reiterferien auf dem <a href=\"https:\/\/reiterhof-rueenberg.de\/\">Reiterhof R\u00fcenberg<\/a>, der im nordrhein-westf\u00e4lischen Gronau liegt. Andere lieben die K\u00fcste und zieht es an Nord- oder Ostsee, wie beispielsweise auf den <a href=\"https:\/\/www.hof-kirchhorst.de\/\">Hof Kirchhorst<\/a>. Westernreiter:innen fahren in die Rh\u00f6n und verbringe ihre sch\u00f6nste Zeit des Jahres auf der <a href=\"https:\/\/www.stockborn-ranch.de\/die-ranch\/westernreiten-in-der-rhoen\/\">Stockborn-Ranch<\/a> und Dressurbegeisterte bauen ihre F\u00e4higkeiten im \u00f6sterreichischen <a href=\"https:\/\/dressurausbildungszentrum.com\/\">Dressurausbildungszentrum St. Thomas<\/a> aus. Wieder andere lieben besondere Pferderassen und entscheiden sich f\u00fcr Ferien auf einem Gest\u00fct, wie beispielsweise den <a href=\"https:\/\/kronshof.com\/\">Kronshof<\/a>.<\/p>\n<p>(Dies ist keine bezahlte Werbung und wir haben auch keine Kooperationen mit den erw\u00e4hnten Anbietern)<\/p>\n<h2>Was braucht man alles f\u00fcr den Urlaub auf dem Reiterhof?<\/h2>\n<p>Je nach Unterkunftart, Region und Jahreszeit kann die Packliste f\u00fcr einen Reiterurlaub unterschiedlich aussehen. So braucht man in der k\u00fchleren Jahreszeit w\u00e4rmere Kleidung als im Sommer. Daf\u00fcr sollte im Sommer oder in s\u00fcdlichen Gefilden die Sonnencreme stets dabei sein.<\/p>\n<p>Hier ist eine Packliste \u2013 ohne Anspruch auf Vollst\u00e4ndigkeit:<\/p>\n<ul>\n<li>Reitkleidung (Helm, Reitstiefel(etten)\/Chaps, Hose, Handschuhe, Schutzweste, \u2026)<\/li>\n<li>Regenkleidung (Regenponcho, Regenjacke, \u2026)<\/li>\n<li>Putzzeug<\/li>\n<li>Wasserflasche zum Ausf\u00fcllen<\/li>\n<li>Sonnecreme, Blasenpflaster<\/li>\n<li>Alles f\u00fcrs Pferd, wenn du gemeinsam mit deinem Vierbeiner vereist: Sattel, Zaumzeug, etc.<\/li>\n<\/ul>\n<p>Bei einfacheren Unterk\u00fcnften kommt Bettw\u00e4sche und Handt\u00fccher mitunter dazu.<\/p>\n<h2>Wie finde ich Reiterferien-Angebote in der N\u00e4he?<\/h2>\n<p>Du m\u00f6chtest bei deinen Reiterferien keine weite Anreise? Dann verbringst du deinen Urlaub am besten auf einem Hof in deiner N\u00e4he. Oftmals h\u00f6rt man von anderen Reiter:innen von empfehlenswerten Reiterh\u00f6fen. Aber vielleicht m\u00f6chtest du dich auch selbst auf die Suche begeben. Dann google doch einfach und finde eine Auswahl von Angeboten in deiner N\u00e4he. Dazu brauchst du bei Google nur \u201ereiterferien in der n\u00e4he\u201c einzugeben. Hast du deinen Standort f\u00fcr die Google-Suche nicht freigegeben, kannst du auch mit Ortsnamen oder Regionsbezeichnungen suchen. Beispielsweise mit \u201ereiterferien rund um M\u00fcnchen\u201c oder \u201ereiterferien im weserbergland\u201c<\/p>\n<h2>Fazit:<\/h2>\n<p>Reiterferien sind eine wunderbare Form, seine Pferdebegeisterung zu leben und mit Gleichgesinnten und Pferden in sch\u00f6ner Landschaft eine unbeschwerte Zeit verbringen. Eine gute Vorbereitung ist dabei ebenso wichtig, wie das passende Angebot zu finden. Reitbegeisterte k\u00f6nnen aus einer Vielzahl von Angeboten w\u00e4hlen. Reiterferien gibt es f\u00fcr Kinder, Jugendliche und Erwachsene. F\u00fcr Anf\u00e4nger:innen und Fortgeschrittene. F\u00fcr Freizeit-, Western-, Dressur-. Spring- und Vielseitigkeitsreiter:innen. Gerade der Herbst bietet sich f\u00fcr Reiterferien an, nicht nur, weil man dann einen <a href=\"https:\/\/uelzener.de\/magazin\/pferd\/tipps-fuer-den-alltag\/pferd-hitzschlag-vermeiden\/\">Hitzschlag vermeidet<\/a>, sondern weil Reiterferien im Herbst aufgrund von Temperaturen und einer bunt gef\u00e4rbten Landschaft, einfach wundersch\u00f6n sein k\u00f6nnen. So steht der Planung f\u00fcr einen unvergesslichen Urlaub mit Pferden nur noch die Qual der passenden Wahl im Wege.<\/p>\n<h2>FAQ: H\u00e4ufig gestellte Fragen<\/h2>\n<h3>K\u00f6nnen Kinder ohne Eltern Reiterferien machen?<\/h3>\n<p>Ab einem bestimmten Alter k\u00f6nnen Kinder eigenst\u00e4ndig Ferien auf einem Reiterhof verbringen. Dort sind sie gemeinsam mit Gleichaltrigen in Mehrbettzimmern untergebracht. Zumeist begleiten sie erfahrene Betreuer:innen durch den Ferienalltag, die ebenfalls in den Unterk\u00fcnften leben. Viele H\u00f6fe haben langj\u00e4hrige Erfahrung mit solchen Kindergruppen und schaffen eine vertraute und freudige Atmosph\u00e4re. Die Kinder treffen sich oft j\u00e4hrlich auf \u201eihrem\u201c Reiterhof wieder und freuen sich bereits lange im Voraus darauf. Dennoch ist es wichtig, sich vorab \u00fcber die Betreuungseinrichtungen vor Ort zu informieren. Zudem ist es entscheidend, dass die Kinder den Wunsch nach diesem Aufenthalt selbst haben und selbstst\u00e4ndig genug sind, um den Herausforderungen der Reiterferien gewachsen zu sein.<\/p>\n<h3>Braucht man f\u00fcr Reiterferien ein eigenes Pferd?<\/h3>\n<p>Nein, f\u00fcr Reiterferien ben\u00f6tigt man in der Regel kein <a href=\"https:\/\/uelzener.de\/magazin\/pferd\/tipps-fuer-den-alltag\/urlaub-mit-eigenem-pferd\/\">eigenes Pferd<\/a>. Die meisten Reiterh\u00f6fe stellen gut ausgebildete Schulpferde zur Verf\u00fcgung, die den Bed\u00fcrfnissen und F\u00e4higkeiten der Ferieng\u00e4ste entsprechen.<\/p>\n","protected":false},"excerpt":{"rendered":"<p>Der Herbst ist bereits in Sichtweite. Vor allem f\u00fcr die Planung der Ferien wird es jetzt h\u00f6chste Zeit. F\u00fcr Reiter und Reiterinnen bietet sich die Zeit ab Oktober geradezu an, seinen Urlaub rund um die geliebten Vierbeiner zu planen. Die Temperaturen sind meist angenehm zum Reiten und die Landschaft leuchtet vielerorts noch einmal in bunten [&hellip;]<\/p>\n","protected":false},"author":11,"featured_media":16100,"parent":11703,"menu_order":9,"comment_status":"closed","ping_status":"closed","template":"templates\/blog.php","meta":{"_acf_changed":false,"_crdt_document":"","footnotes":"","beyondwords_generate_audio":"0","beyondwords_project_id":"","beyondwords_content_id":"","beyondwords_preview_token":"","beyondwords_player_style":"","beyondwords_language_id":"","beyondwords_title_voice_id":"","beyondwords_body_voice_id":"","beyondwords_summary_voice_id":"","beyondwords_error_message":"","beyondwords_disabled":"","beyondwords_delete_content":"","beyondwords_podcast_id":"","beyondwords_hash":"","publish_post_to_speechkit":"","speechkit_hash":"","speechkit_generate_audio":"","speechkit_project_id":"","speechkit_podcast_id":"","speechkit_error_message":"","speechkit_disabled":"","speechkit_access_key":"","speechkit_error":"","speechkit_info":"","speechkit_response":"","speechkit_retries":"","speechkit_status":"","speechkit_updated_at":"","_speechkit_link":"","_speechkit_text":""},"class_list":["post-16099","page","type-page","status-publish","has-post-thumbnail","hentry"],"acf":[],"yoast_head":"<!-- This site is optimized with the Yoast SEO Premium plugin  - https:\/\/yoast.com\/product\/yoast-seo-premium-wordpress\/ -->\n<title>Reiterferien im Herbst | Uelzener Magazin<\/title>\n<meta name=\"robots\" content=\"index, follow, max-snippet:-1, max-image-preview:large, max-video-preview:-1\" \/>\n<link rel=\"canonical\" href=\"https:\/\/uelzener.de\/magazin\/pferd\/tipps-fuer-den-alltag\/reiterferien-im-herbst\/\" \/>\n<meta property=\"og:locale\" content=\"de_DE\" \/>\n<meta property=\"og:type\" content=\"article\" \/>\n<meta property=\"og:title\" content=\"Reiterferien im Herbst\" \/>\n<meta property=\"og:description\" content=\"Der Herbst ist bereits in Sichtweite. Vor allem f\u00fcr die Planung der Ferien wird es jetzt h\u00f6chste Zeit. F\u00fcr Reiter und Reiterinnen bietet sich die Zeit ab Oktober geradezu an, seinen Urlaub rund um die geliebten Vierbeiner zu planen. Die Temperaturen sind meist angenehm zum Reiten und die Landschaft leuchtet vielerorts noch einmal in bunten [&hellip;]\" \/>\n<meta property=\"og:url\" content=\"https:\/\/uelzener.de\/magazin\/pferd\/tipps-fuer-den-alltag\/reiterferien-im-herbst\/\" \/>\n<meta property=\"og:site_name\" content=\"Uelzener Tier-Magazin\" \/>\n<meta property=\"article:publisher\" content=\"https:\/\/www.facebook.com\/Uelzener\" \/>\n<meta property=\"article:modified_time\" content=\"2024-01-24T11:17:26+00:00\" \/>\n<meta property=\"og:image\" content=\"https:\/\/uelzener.de\/magazin\/app\/uploads\/2023\/08\/reiterferien.jpg\" \/>\n\t<meta property=\"og:image:width\" content=\"1025\" \/>\n\t<meta property=\"og:image:height\" content=\"450\" \/>\n\t<meta property=\"og:image:type\" content=\"image\/jpeg\" \/>\n<meta name=\"twitter:card\" content=\"summary_large_image\" \/>\n<meta name=\"twitter:label1\" content=\"Gesch\u00e4tzte Lesezeit\" \/>\n\t<meta name=\"twitter:data1\" content=\"5\u00a0Minuten\" \/>\n<script type=\"application\/ld+json\" class=\"yoast-schema-graph\">{\"@context\":\"https:\/\/schema.org\",\"@graph\":[{\"@type\":\"WebPage\",\"@id\":\"https:\/\/uelzener.de\/magazin\/pferd\/tipps-fuer-den-alltag\/reiterferien-im-herbst\/\",\"url\":\"https:\/\/uelzener.de\/magazin\/pferd\/tipps-fuer-den-alltag\/reiterferien-im-herbst\/\",\"name\":\"Reiterferien im Herbst | Uelzener Magazin\",\"isPartOf\":{\"@id\":\"https:\/\/uelzener.de\/magazin\/#website\"},\"primaryImageOfPage\":{\"@id\":\"https:\/\/uelzener.de\/magazin\/pferd\/tipps-fuer-den-alltag\/reiterferien-im-herbst\/#primaryimage\"},\"image\":{\"@id\":\"https:\/\/uelzener.de\/magazin\/pferd\/tipps-fuer-den-alltag\/reiterferien-im-herbst\/#primaryimage\"},\"thumbnailUrl\":\"https:\/\/uelzener.de\/magazin\/app\/uploads\/2023\/08\/reiterferien.jpg\",\"datePublished\":\"2023-08-14T08:18:27+00:00\",\"dateModified\":\"2024-01-24T11:17:26+00:00\",\"breadcrumb\":{\"@id\":\"https:\/\/uelzener.de\/magazin\/pferd\/tipps-fuer-den-alltag\/reiterferien-im-herbst\/#breadcrumb\"},\"inLanguage\":\"de\",\"potentialAction\":[{\"@type\":\"ReadAction\",\"target\":[\"https:\/\/uelzener.de\/magazin\/pferd\/tipps-fuer-den-alltag\/reiterferien-im-herbst\/\"]}]},{\"@type\":\"ImageObject\",\"inLanguage\":\"de\",\"@id\":\"https:\/\/uelzener.de\/magazin\/pferd\/tipps-fuer-den-alltag\/reiterferien-im-herbst\/#primaryimage\",\"url\":\"https:\/\/uelzener.de\/magazin\/app\/uploads\/2023\/08\/reiterferien.jpg\",\"contentUrl\":\"https:\/\/uelzener.de\/magazin\/app\/uploads\/2023\/08\/reiterferien.jpg\",\"width\":1025,\"height\":450,\"caption\":\"M\u00e4dchen mit zwei Pferden in den Reiterferien.\"},{\"@type\":\"WebSite\",\"@id\":\"https:\/\/uelzener.de\/magazin\/#website\",\"url\":\"https:\/\/uelzener.de\/magazin\/\",\"name\":\"Uelzener Tiermagazin\",\"description\":\"Online Tierratgeber der Uelzener Versicherungen\",\"publisher\":{\"@id\":\"https:\/\/uelzener.de\/magazin\/#organization\"},\"potentialAction\":[{\"@type\":\"SearchAction\",\"target\":{\"@type\":\"EntryPoint\",\"urlTemplate\":\"https:\/\/uelzener.de\/magazin\/?s={search_term_string}\"},\"query-input\":{\"@type\":\"PropertyValueSpecification\",\"valueRequired\":true,\"valueName\":\"search_term_string\"}}],\"inLanguage\":\"de\"},{\"@type\":\"Organization\",\"@id\":\"https:\/\/uelzener.de\/magazin\/#organization\",\"name\":\"Uelzener Versicherungen\",\"url\":\"https:\/\/uelzener.de\/magazin\/\",\"logo\":{\"@type\":\"ImageObject\",\"inLanguage\":\"de\",\"@id\":\"https:\/\/uelzener.de\/magazin\/#\/schema\/logo\/image\/\",\"url\":\"https:\/\/uelzener.de\/magazin\/app\/uploads\/2024\/11\/uelzener_allgemeine_versicherungsgesellschaft_a_g_logo.jpg\",\"contentUrl\":\"https:\/\/uelzener.de\/magazin\/app\/uploads\/2024\/11\/uelzener_allgemeine_versicherungsgesellschaft_a_g_logo.jpg\",\"width\":200,\"height\":200,\"caption\":\"Uelzener Versicherungen\"},\"image\":{\"@id\":\"https:\/\/uelzener.de\/magazin\/#\/schema\/logo\/image\/\"},\"sameAs\":[\"https:\/\/www.facebook.com\/Uelzener\",\"https:\/\/instagram.com\/uelzener\",\"https:\/\/www.xing.com\/pages\/uelzenerallgemeineversicherungs-gesellschafta-g\",\"https:\/\/www.youtube.com\/UelzenerVersicherungen\"]}]}<\/script>\n<!-- \/ Yoast SEO Premium plugin. -->","yoast_head_json":{"title":"Reiterferien im Herbst | Uelzener Magazin","robots":{"index":"index","follow":"follow","max-snippet":"max-snippet:-1","max-image-preview":"max-image-preview:large","max-video-preview":"max-video-preview:-1"},"canonical":"https:\/\/uelzener.de\/magazin\/pferd\/tipps-fuer-den-alltag\/reiterferien-im-herbst\/","og_locale":"de_DE","og_type":"article","og_title":"Reiterferien im Herbst","og_description":"Der Herbst ist bereits in Sichtweite. Vor allem f\u00fcr die Planung der Ferien wird es jetzt h\u00f6chste Zeit. F\u00fcr Reiter und Reiterinnen bietet sich die Zeit ab Oktober geradezu an, seinen Urlaub rund um die geliebten Vierbeiner zu planen. Die Temperaturen sind meist angenehm zum Reiten und die Landschaft leuchtet vielerorts noch einmal in bunten [&hellip;]","og_url":"https:\/\/uelzener.de\/magazin\/pferd\/tipps-fuer-den-alltag\/reiterferien-im-herbst\/","og_site_name":"Uelzener Tier-Magazin","article_publisher":"https:\/\/www.facebook.com\/Uelzener","article_modified_time":"2024-01-24T11:17:26+00:00","og_image":[{"width":1025,"height":450,"url":"https:\/\/uelzener.de\/magazin\/app\/uploads\/2023\/08\/reiterferien.jpg","type":"image\/jpeg"}],"twitter_card":"summary_large_image","twitter_misc":{"Gesch\u00e4tzte Lesezeit":"5\u00a0Minuten"},"schema":{"@context":"https:\/\/schema.org","@graph":[{"@type":"WebPage","@id":"https:\/\/uelzener.de\/magazin\/pferd\/tipps-fuer-den-alltag\/reiterferien-im-herbst\/","url":"https:\/\/uelzener.de\/magazin\/pferd\/tipps-fuer-den-alltag\/reiterferien-im-herbst\/","name":"Reiterferien im Herbst | Uelzener Magazin","isPartOf":{"@id":"https:\/\/uelzener.de\/magazin\/#website"},"primaryImageOfPage":{"@id":"https:\/\/uelzener.de\/magazin\/pferd\/tipps-fuer-den-alltag\/reiterferien-im-herbst\/#primaryimage"},"image":{"@id":"https:\/\/uelzener.de\/magazin\/pferd\/tipps-fuer-den-alltag\/reiterferien-im-herbst\/#primaryimage"},"thumbnailUrl":"https:\/\/uelzener.de\/magazin\/app\/uploads\/2023\/08\/reiterferien.jpg","datePublished":"2023-08-14T08:18:27+00:00","dateModified":"2024-01-24T11:17:26+00:00","breadcrumb":{"@id":"https:\/\/uelzener.de\/magazin\/pferd\/tipps-fuer-den-alltag\/reiterferien-im-herbst\/#breadcrumb"},"inLanguage":"de","potentialAction":[{"@type":"ReadAction","target":["https:\/\/uelzener.de\/magazin\/pferd\/tipps-fuer-den-alltag\/reiterferien-im-herbst\/"]}]},{"@type":"ImageObject","inLanguage":"de","@id":"https:\/\/uelzener.de\/magazin\/pferd\/tipps-fuer-den-alltag\/reiterferien-im-herbst\/#primaryimage","url":"https:\/\/uelzener.de\/magazin\/app\/uploads\/2023\/08\/reiterferien.jpg","contentUrl":"https:\/\/uelzener.de\/magazin\/app\/uploads\/2023\/08\/reiterferien.jpg","width":1025,"height":450,"caption":"M\u00e4dchen mit zwei Pferden in den Reiterferien."},{"@type":"WebSite","@id":"https:\/\/uelzener.de\/magazin\/#website","url":"https:\/\/uelzener.de\/magazin\/","name":"Uelzener Tiermagazin","description":"Online Tierratgeber der Uelzener Versicherungen","publisher":{"@id":"https:\/\/uelzener.de\/magazin\/#organization"},"potentialAction":[{"@type":"SearchAction","target":{"@type":"EntryPoint","urlTemplate":"https:\/\/uelzener.de\/magazin\/?s={search_term_string}"},"query-input":{"@type":"PropertyValueSpecification","valueRequired":true,"valueName":"search_term_string"}}],"inLanguage":"de"},{"@type":"Organization","@id":"https:\/\/uelzener.de\/magazin\/#organization","name":"Uelzener Versicherungen","url":"https:\/\/uelzener.de\/magazin\/","logo":{"@type":"ImageObject","inLanguage":"de","@id":"https:\/\/uelzener.de\/magazin\/#\/schema\/logo\/image\/","url":"https:\/\/uelzener.de\/magazin\/app\/uploads\/2024\/11\/uelzener_allgemeine_versicherungsgesellschaft_a_g_logo.jpg","contentUrl":"https:\/\/uelzener.de\/magazin\/app\/uploads\/2024\/11\/uelzener_allgemeine_versicherungsgesellschaft_a_g_logo.jpg","width":200,"height":200,"caption":"Uelzener Versicherungen"},"image":{"@id":"https:\/\/uelzener.de\/magazin\/#\/schema\/logo\/image\/"},"sameAs":["https:\/\/www.facebook.com\/Uelzener","https:\/\/instagram.com\/uelzener","https:\/\/www.xing.com\/pages\/uelzenerallgemeineversicherungs-gesellschafta-g","https:\/\/www.youtube.com\/UelzenerVersicherungen"]}]}},"_links":{"self":[{"href":"https:\/\/uelzener.de\/magazin\/wp-json\/wp\/v2\/pages\/16099","targetHints":{"allow":["GET"]}}],"collection":[{"href":"https:\/\/uelzener.de\/magazin\/wp-json\/wp\/v2\/pages"}],"about":[{"href":"https:\/\/uelzener.de\/magazin\/wp-json\/wp\/v2\/types\/page"}],"author":[{"embeddable":true,"href":"https:\/\/uelzener.de\/magazin\/wp-json\/wp\/v2\/users\/11"}],"replies":[{"embeddable":true,"href":"https:\/\/uelzener.de\/magazin\/wp-json\/wp\/v2\/comments?post=16099"}],"version-history":[{"count":2,"href":"https:\/\/uelzener.de\/magazin\/wp-json\/wp\/v2\/pages\/16099\/revisions"}],"predecessor-version":[{"id":16926,"href":"https:\/\/uelzener.de\/magazin\/wp-json\/wp\/v2\/pages\/16099\/revisions\/16926"}],"up":[{"embeddable":true,"href":"https:\/\/uelzener.de\/magazin\/wp-json\/wp\/v2\/pages\/11703"}],"wp:featuredmedia":[{"embeddable":true,"href":"https:\/\/uelzener.de\/magazin\/wp-json\/wp\/v2\/media\/16100"}],"wp:attachment":[{"href":"https:\/\/uelzener.de\/magazin\/wp-json\/wp\/v2\/media?parent=16099"}],"curies":[{"name":"wp","href":"https:\/\/api.w.org\/{rel}","templated":true}]}}