{"id":15999,"date":"2023-08-07T16:15:02","date_gmt":"2023-08-07T14:15:02","guid":{"rendered":"https:\/\/uelzener.de\/magazin\/?page_id=15999"},"modified":"2025-08-21T10:55:59","modified_gmt":"2025-08-21T08:55:59","slug":"zughundesport-canicross","status":"publish","type":"page","link":"https:\/\/uelzener.de\/magazin\/hund\/erziehung-und-training\/zughundesport-canicross\/","title":{"rendered":"Zughundesport: Canicross"},"content":{"rendered":"<p>Der Zughundesport bietet gro\u00dfartige M\u00f6glichkeiten f\u00fcr Mensch und Hund, gemeinsam aktiv zu sein. Eine der am leichtesten zu erlernenden Disziplinen dieses Sports ist Canicross. Hier erf\u00e4hrst du alles Wichtige \u00fcber diese faszinierende Hundesportart. Wir kl\u00e4ren, was Zughundesport im Allgemeinen und Canicross im Besonderen ausmacht. Welche Hunde daf\u00fcr geeignet sind und wie Anf\u00e4nger:innen starten k\u00f6nnen.<\/p>\n<h2>Was ist Zughundesport?<\/h2>\n<p>Zughundesport bezieht sich auf verschiedene Aktivit\u00e4ten, bei denen Hunde aktiv an der Fortbewegung beteiligt sind. Sei es direkt im Lauf, wie beim Canicross, oder mittels eines Fahrrads oder eines Scooters, wie beim Bikej\u00f6ring, oder Dogscooter. Alle Zughundesportarten st\u00e4rken die Bindung zwischen Mensch und Hund und zeichnen sich durch Freude an Bewegung in der frischen Luft aus.<\/p>\n<h2>Canicross<\/h2>\n<p>Canicross ist eine Disziplin des Zughundesports. Beim Canicros sind Mensch und Hund durch eine spezielle Laufleine verbunden. Der Hund l\u00e4uft vorweg, gibt das Tempo vor und zieht zugleich den Menschen, der Hund \u00fcber gerufene Kommandos steuert. Die Laufleine ist elastisch, sodass das Team eine gewisse Flexibilit\u00e4t beim Lauf hat und dennoch verbunden ist. Die Leine wird um die K\u00f6rpermitte des Menschen gebunden. Der Hund tr\u00e4gt ein spezielles Geschirr, das die Belastung gleichm\u00e4\u00dfig auf den K\u00f6rper \u00fcbertr\u00e4gt und die Lungen m\u00f6glichst nicht belastet. Canicross f\u00f6rdert die Fitness von Mensch und Hund und deren emotionale Bindung aneinander. F\u00fcr Interessierte bietet sich die M\u00f6glichkeit, diesen Sport in einem Hundesportverein zu betreiben.<\/p>\n<h2>Wie mit Canicross beginnen<\/h2>\n<p>Am leichtesten lernt man Canicross in einer Gruppe mit anderen, beispielsweise in einem Hundesportverein. Das hat den Vorteil, dass man von erfahrenen Sportler:innen lernen kann und der Hund direkt sieht, was von ihm erwartet wird. F\u00fcr einen Hund ist es gar nicht so leicht zu unterscheiden, wann er ziehen darf und wann nicht. Er soll ja beim Hundesport etwas tun, f\u00fcr das er beim \u00fcblichen Gassigang getadelt wird.<\/p>\n<h2>Welche Ausr\u00fcstung brauche ich f\u00fcr den Canicross?<\/h2>\n<p>Bevor es losgeht, braucht man das passende Equipment. Denn f\u00fcr Canicross ist die richtige Ausr\u00fcstung von entscheidender Bedeutung. Folgendes sollte man sich vor dem Start mit dem Canicross anschaffen:<\/p>\n<ul>\n<li>Geeignete Hundegeschirre: Ein Geschirr f\u00fcr Canicross ist so konzipiert, dass es den Zug gleichm\u00e4\u00dfig auf den K\u00f6rper des Hundes verteilt, um Verletzungen m\u00f6glichst zu vermeiden.<\/li>\n<li>Laufg\u00fcrtel f\u00fcr den Menschen: Ein bequemer G\u00fcrtel, der L\u00e4ufer:innen erm\u00f6glicht, die Zugkraft des Hundes besser zu kontrollieren.<\/li>\n<li>Bungee-Leine: Eine elastische Leine, die St\u00f6\u00dfe abd\u00e4mpft und sowohl Mensch als auch Hund ausreichend Bewegungsspielraum gibt.<\/li>\n<li>Gute Laufschuhe: Schuhe mit ausreichender D\u00e4mpfung und Stabilit\u00e4t.<\/li>\n<li>Reflektierende Ausr\u00fcstung: Da Canicross oft im Freien stattfindet, ist es wichtig, reflektierende Kleidung und Ausr\u00fcstung zu tragen, um die Sicherheit auch bei schlechten Lichtverh\u00e4ltnissen zu gew\u00e4hrleisten.<\/li>\n<\/ul>\n<h2>Welche Kommandos sollten Mensch und Hund beherrschen?<\/h2>\n<p>Canicrosser kommunizieren mit ihren Hunden mittels bestimmter Kommandos. Dabei gibt es international und nationale Kommandos. Hier sind einige grundlegende Kommandos:<\/p>\n<ul>\n<li>\u201eLauf\u201c oder \u201eGo\u201c<\/li>\n<li>\u201eStopp\u201c oder \u201eHalt\u201c<\/li>\n<li>\u201eRechts\u201c oder \u201eGee\u201c<\/li>\n<li>\u201eLinks\u201c oder \u201eHaw\u201c<\/li>\n<li>\u201eLangsam\u201c oder \u201eEasy\u201c<\/li>\n<li>\u201eVorbei\u201c oder \u201eOn by\u201c<\/li>\n<li>\u201eWeiter\u201c oder \u201eGeh voran\u201c easy \/ langsam<\/li>\n<\/ul>\n<h2>Welche Hunde eignen sich f\u00fcr Canicross?<\/h2>\n<p>Fast alle Hunderassen k\u00f6nnen am Canicross teilnehmen, solange sie gesund, fit und motiviert sind. Gr\u00f6\u00dfere und aktivere Rassen mit Zuginstinkt wie <a href=\"https:\/\/uelzener.de\/magazin\/hund\/rasseportrait\/husky\/\">Huskies<\/a> und Pointer sind oft besonders talentiert. Es ist jedoch wichtig, die individuellen Bed\u00fcrfnisse und F\u00e4higkeiten des Hundes zu ber\u00fccksichtigen. Hunde k\u00f6nnen beim Canicross das Drei- bis F\u00fcnffache ihres eigenen Gewichts ziehen. Bei kleineren Hunden sollte man die Intensit\u00e4t des Trainings und die Laufstrecke an die Leistungsf\u00e4higkeit anpassen.<\/p>\n\n<div class=\"related_articles boxed\">\n    <h2>Mehr zum Thema<\/h2>\n    \n    <div class=\"wrapper\"><div class=\"title align-center\"><h3><a href=\"https:\/\/uelzener.de\/magazin\/hund\/erziehung-und-training\/top-hunderassen-fuer-agility\/\">Top-Hunderassen f\u00fcr Agility: Diese Hunde eignen sich am besten f\u00fcr den Sport<\/a><\/h3><\/div><div class=\"img align-center\"><img decoding=\"async\" width=\"315\" height=\"180\" src=\"https:\/\/uelzener.de\/magazin\/app\/uploads\/2024\/09\/Top-Hunderassen-fuer-Agility-315x180.jpg\" class=\"attachment-315x180 size-315x180 wp-post-image\" alt=\"Top-Hunderassen f\u00fcr Agility\" \/><\/div><\/div><div class=\"wrapper\"><div class=\"title align-center\"><h3><a href=\"https:\/\/uelzener.de\/magazin\/hund\/erziehung-und-training\/agility\/\">Agility: Parcours f\u00fcr Hunde<\/a><\/h3><\/div><div class=\"img align-center\"><img decoding=\"async\" width=\"315\" height=\"180\" src=\"https:\/\/uelzener.de\/magazin\/app\/uploads\/2023\/07\/agility-hund-315x180.jpg\" class=\"attachment-315x180 size-315x180 wp-post-image\" alt=\"Hund durchl\u00e4uft Parcours beim Agility-Training.\" \/><\/div><\/div><div class=\"wrapper\"><div class=\"title align-center\"><h3><a href=\"https:\/\/uelzener.de\/magazin\/hund\/erziehung-und-training\/zughundesport-bikejoering\/\">Zughundesport: Bikej\u00f6ring<\/a><\/h3><\/div><div class=\"img align-center\"><img decoding=\"async\" width=\"315\" height=\"180\" src=\"https:\/\/uelzener.de\/magazin\/app\/uploads\/2023\/07\/bikejoering-315x180.jpg\" class=\"attachment-315x180 size-315x180 wp-post-image\" alt=\"Hund zieht Rad beim Zughundesport Bikej\u00f6ring.\" \/><\/div><\/div><\/div>\n\n<h2>Canicross-Wettbewerbe<\/h2>\n<p>Canicross-Wettbewerbe bieten eine gro\u00dfartige M\u00f6glichkeit, die eigenen F\u00e4higkeiten und die seines Hundes zu messen. Die Veranstaltungen reichen von lockeren Spa\u00dfl\u00e4ufen bis hin zu anspruchsvollen Wettk\u00e4mpfen. Sie bieten nicht nur eine Gelegenheit zur Teilnahme, sondern auch zum Kennenlernen anderen Zughundesport-Begeisterter. Zumeist werden Canicross-Wettk\u00e4mpfe im Rahmen gr\u00f6\u00dferer Turniere f\u00fcr Hunde angeboten. Dort finden neben Canicross weiter Wettk\u00e4mpfe zu Bikej\u00f6ring, Agility oder Obedience statt. Im Unterschied zum Gel\u00e4ndelauf gibt es beim Canicross keine genormten Streckenl\u00e4ngen. So sind die Veranstalter in der Streckengestaltung flexibler, was die Wettk\u00e4mpfe noch interessanter machen kann. Zumeist sind die Strecken auf eine L\u00e4nge von vier bis sieben Kilometer angelegt.<\/p>\n<h2>Ist Canicross gef\u00e4hrlich?<\/h2>\n<p>Wenn es richtig praktiziert wird, ist Canicross eine relativ sichere Sportart. Voraussetzung ist, dass der Hund ge\u00fcbt im Verstehen und Folgen der Kommandos ist und das Team sich sicher durch das Gel\u00e4nde bewegen kann. Au\u00dferdem ist es wichtig, die k\u00f6rperliche Verfassung des Hundes zu ber\u00fccksichtigen und sicherzustellen, dass das Team dem Streckenverlauf von Ausdauer und Geschicklichkeit her gewachsen sind. Sollte sich ein Hund doch einmal verletzen oder erkranken, hilft eine <strong>Hundeversicherung<\/strong> Operations- und Behandlungskosten abzufedern.<\/p>\n\n<div class=\"banner\">\n    <a href=\"https:\/\/uelzener.de\/hund\/?agt=0000104925&sem=true&utm_medium=magazin&utm_source=wordpress&utm_campaign=hund&utm_content=banner\">\n        <img decoding=\"async\" width=\"300\" height=\"212\" src=\"https:\/\/uelzener.de\/magazin\/app\/uploads\/2023\/10\/Hunde-Versicherung.jpg\" class=\"attachment-medium size-medium\" alt=\"Banner Hunde-Versicherung\" \/>    <\/a>\n<\/div>\n\n<h2>Fazit<\/h2>\n<p>Canicross ist eine spannende Sportart, die Mensch und Hund k\u00f6rperlich und emotional herausfordert. Die enge Bindung, die w\u00e4hrend des Trainings aufgebaut wird, ist von unsch\u00e4tzbarem Wert, und die M\u00f6glichkeit, an Wettbewerben teilzunehmen, bietet eine zus\u00e4tzliche Motivation zur Verbesserung. Zudem l\u00e4sst sich beim Hundesport der Kontakt zu Gleichgesinnten pflegen, was f\u00fcr Mensch und Hund gleicherma\u00dfen bereichernd sein kann.<\/p>\n<h2>FAQs: H\u00e4ufig gestellte Fragen<\/h2>\n<h3>In welchem Alter mit Zughundesport anfangen?<\/h3>\n<p>Es ist wichtig, dass der Hund ausgewachsen ist, bevor er am Zughundesport teilnimmt. Im Wachstum begriffene Hunde k\u00f6nnen durch Canicross \u00fcberfordert werden, sodass die Entstehung von Erkrankungen beg\u00fcnstigt werden k\u00f6nnte. Ein erwachsener Hund, der mit Canicross beginnen k\u00f6nnte, ist normalerweise zwischen 1 und 2 Jahren alt. Dies ist je nach Rasse unterschiedlich. J\u00fcngere Hunde k\u00f6nnen an leichtem Training teilnehmen, jedoch ohne zu viel Zugbelastung.<\/p>\n<h3>Welche Temperaturen eigenen sich f\u00fcr Zughundesport<\/h3>\n<p>Da Hunde (au\u00dfer an den Pfoten) nicht schwitzen, ist ein Training bei h\u00f6heren Temperaturen f\u00fcr sie riskant. K\u00f6rperliche Anstrengung bei steigenden Au\u00dfentemperaturen kann zu einer erh\u00f6hten K\u00f6rpertemperatur beim Hund f\u00fchren. Diese kann dann lediglich \u00fcber die Schnauze und das typische Hecheln reguliert werden. Ist die Luftfeuchtigkeit erh\u00f6ht, wird die Regulation der K\u00f6rpertemperatur noch schwieriger. Daher besteht bei erh\u00f6hten Au\u00dfentemperaturen relativ schnell das Risiko des \u00dcberhitzens.<\/p>\n<p>Die durchschnittliche K\u00f6rpertemperatur bei Hunden liegt bei ca. 38 \u2013 39 \u00b0C. \u00dcberhitzt sich ein Hund, muss die Temperatur m\u00f6glichst schnell gesenkt werden. Gelingt dies nicht, besteht das Risiko eines <a href=\"https:\/\/uelzener.de\/magazin\/hund\/tiergesundheit\/hitzschlag-hund-abkuehlen\/\">Hitzschlags<\/a>, der mit gesundheitlichen Problemen u. a. im zentralen Nervensystem und den Nieren einhergehen kann. Trotz rascher tier\u00e4rztlicher Hilfe kann ein Hund in dem Fall wom\u00f6glich nicht mehr gerettet werden. Daher sollte man bei Temperaturen von \u00fcber 15 \u00b0C Au\u00dfentemperatur sehr bewusst entscheiden, ob und wie intensiv man trainiert. Dabei sollten Wind und Luftfeuchtigkeit ber\u00fccksichtigt werden. Die idealen Trainingstemperaturen f\u00fcr den Zughundesport liegen im unteren einstelligen Bereich.<\/p>\n","protected":false},"excerpt":{"rendered":"<p>Der Zughundesport bietet gro\u00dfartige M\u00f6glichkeiten f\u00fcr Mensch und Hund, gemeinsam aktiv zu sein. Eine der am leichtesten zu erlernenden Disziplinen dieses Sports ist Canicross. Hier erf\u00e4hrst du alles Wichtige \u00fcber diese faszinierende Hundesportart. Wir kl\u00e4ren, was Zughundesport im Allgemeinen und Canicross im Besonderen ausmacht. Welche Hunde daf\u00fcr geeignet sind und wie Anf\u00e4nger:innen starten k\u00f6nnen. Was [&hellip;]<\/p>\n","protected":false},"author":11,"featured_media":16000,"parent":11679,"menu_order":6,"comment_status":"closed","ping_status":"closed","template":"templates\/blog.php","meta":{"_acf_changed":false,"_crdt_document":"","footnotes":"","beyondwords_generate_audio":"0","beyondwords_project_id":"","beyondwords_content_id":"","beyondwords_preview_token":"","beyondwords_player_style":"","beyondwords_language_id":"","beyondwords_title_voice_id":"","beyondwords_body_voice_id":"","beyondwords_summary_voice_id":"","beyondwords_error_message":"","beyondwords_disabled":"","beyondwords_delete_content":"","beyondwords_podcast_id":"","beyondwords_hash":"","publish_post_to_speechkit":"","speechkit_hash":"","speechkit_generate_audio":"","speechkit_project_id":"","speechkit_podcast_id":"","speechkit_error_message":"","speechkit_disabled":"","speechkit_access_key":"","speechkit_error":"","speechkit_info":"","speechkit_response":"","speechkit_retries":"","speechkit_status":"","speechkit_updated_at":"","_speechkit_link":"","_speechkit_text":""},"class_list":["post-15999","page","type-page","status-publish","has-post-thumbnail","hentry"],"acf":[],"yoast_head":"<!-- This site is optimized with the Yoast SEO Premium plugin  - https:\/\/yoast.com\/product\/yoast-seo-premium-wordpress\/ -->\n<title>Zughundesport: Canicross | Uelzener Magazin<\/title>\n<meta name=\"description\" content=\"Wir kl\u00e4ren, was Zughundesport im Allgemeinen und Canicross im Besonderen ausmacht. Welche Hunde sind geeignet? Wie k\u00f6nnen Anf\u00e4nger:innen starten?\" \/>\n<meta name=\"robots\" content=\"index, follow, max-snippet:-1, max-image-preview:large, max-video-preview:-1\" \/>\n<link rel=\"canonical\" href=\"https:\/\/uelzener.de\/magazin\/hund\/erziehung-und-training\/zughundesport-canicross\/\" \/>\n<meta property=\"og:locale\" content=\"de_DE\" \/>\n<meta property=\"og:type\" content=\"article\" \/>\n<meta property=\"og:title\" content=\"Zughundesport: Canicross\" \/>\n<meta property=\"og:description\" content=\"Wir kl\u00e4ren, was Zughundesport im Allgemeinen und Canicross im Besonderen ausmacht. Welche Hunde sind geeignet? Wie k\u00f6nnen Anf\u00e4nger:innen starten?\" \/>\n<meta property=\"og:url\" content=\"https:\/\/uelzener.de\/magazin\/hund\/erziehung-und-training\/zughundesport-canicross\/\" \/>\n<meta property=\"og:site_name\" content=\"Uelzener Tier-Magazin\" \/>\n<meta property=\"article:publisher\" content=\"https:\/\/www.facebook.com\/Uelzener\" \/>\n<meta property=\"article:modified_time\" content=\"2025-08-21T08:55:59+00:00\" \/>\n<meta property=\"og:image\" content=\"https:\/\/uelzener.de\/magazin\/app\/uploads\/2023\/08\/canicross.jpg\" \/>\n\t<meta property=\"og:image:width\" content=\"1025\" \/>\n\t<meta property=\"og:image:height\" content=\"450\" \/>\n\t<meta property=\"og:image:type\" content=\"image\/jpeg\" \/>\n<meta name=\"twitter:card\" content=\"summary_large_image\" \/>\n<meta name=\"twitter:label1\" content=\"Gesch\u00e4tzte Lesezeit\" \/>\n\t<meta name=\"twitter:data1\" content=\"6\u00a0Minuten\" \/>\n<script type=\"application\/ld+json\" class=\"yoast-schema-graph\">{\"@context\":\"https:\/\/schema.org\",\"@graph\":[{\"@type\":\"WebPage\",\"@id\":\"https:\/\/uelzener.de\/magazin\/hund\/erziehung-und-training\/zughundesport-canicross\/\",\"url\":\"https:\/\/uelzener.de\/magazin\/hund\/erziehung-und-training\/zughundesport-canicross\/\",\"name\":\"Zughundesport: Canicross | Uelzener Magazin\",\"isPartOf\":{\"@id\":\"https:\/\/uelzener.de\/magazin\/#website\"},\"primaryImageOfPage\":{\"@id\":\"https:\/\/uelzener.de\/magazin\/hund\/erziehung-und-training\/zughundesport-canicross\/#primaryimage\"},\"image\":{\"@id\":\"https:\/\/uelzener.de\/magazin\/hund\/erziehung-und-training\/zughundesport-canicross\/#primaryimage\"},\"thumbnailUrl\":\"https:\/\/uelzener.de\/magazin\/app\/uploads\/2023\/08\/canicross.jpg\",\"datePublished\":\"2023-08-07T14:15:02+00:00\",\"dateModified\":\"2025-08-21T08:55:59+00:00\",\"description\":\"Wir kl\u00e4ren, was Zughundesport im Allgemeinen und Canicross im Besonderen ausmacht. Welche Hunde sind geeignet? Wie k\u00f6nnen Anf\u00e4nger:innen starten?\",\"breadcrumb\":{\"@id\":\"https:\/\/uelzener.de\/magazin\/hund\/erziehung-und-training\/zughundesport-canicross\/#breadcrumb\"},\"inLanguage\":\"de\",\"potentialAction\":[{\"@type\":\"ReadAction\",\"target\":[\"https:\/\/uelzener.de\/magazin\/hund\/erziehung-und-training\/zughundesport-canicross\/\"]}]},{\"@type\":\"ImageObject\",\"inLanguage\":\"de\",\"@id\":\"https:\/\/uelzener.de\/magazin\/hund\/erziehung-und-training\/zughundesport-canicross\/#primaryimage\",\"url\":\"https:\/\/uelzener.de\/magazin\/app\/uploads\/2023\/08\/canicross.jpg\",\"contentUrl\":\"https:\/\/uelzener.de\/magazin\/app\/uploads\/2023\/08\/canicross.jpg\",\"width\":1025,\"height\":450,\"caption\":\"Hund und Mensch rennen im Nieselregen beim Zughundesport Canicross.\"},{\"@type\":\"WebSite\",\"@id\":\"https:\/\/uelzener.de\/magazin\/#website\",\"url\":\"https:\/\/uelzener.de\/magazin\/\",\"name\":\"Uelzener Tiermagazin\",\"description\":\"Online Tierratgeber der Uelzener Versicherungen\",\"publisher\":{\"@id\":\"https:\/\/uelzener.de\/magazin\/#organization\"},\"potentialAction\":[{\"@type\":\"SearchAction\",\"target\":{\"@type\":\"EntryPoint\",\"urlTemplate\":\"https:\/\/uelzener.de\/magazin\/?s={search_term_string}\"},\"query-input\":{\"@type\":\"PropertyValueSpecification\",\"valueRequired\":true,\"valueName\":\"search_term_string\"}}],\"inLanguage\":\"de\"},{\"@type\":\"Organization\",\"@id\":\"https:\/\/uelzener.de\/magazin\/#organization\",\"name\":\"Uelzener Versicherungen\",\"url\":\"https:\/\/uelzener.de\/magazin\/\",\"logo\":{\"@type\":\"ImageObject\",\"inLanguage\":\"de\",\"@id\":\"https:\/\/uelzener.de\/magazin\/#\/schema\/logo\/image\/\",\"url\":\"https:\/\/uelzener.de\/magazin\/app\/uploads\/2024\/11\/uelzener_allgemeine_versicherungsgesellschaft_a_g_logo.jpg\",\"contentUrl\":\"https:\/\/uelzener.de\/magazin\/app\/uploads\/2024\/11\/uelzener_allgemeine_versicherungsgesellschaft_a_g_logo.jpg\",\"width\":200,\"height\":200,\"caption\":\"Uelzener Versicherungen\"},\"image\":{\"@id\":\"https:\/\/uelzener.de\/magazin\/#\/schema\/logo\/image\/\"},\"sameAs\":[\"https:\/\/www.facebook.com\/Uelzener\",\"https:\/\/instagram.com\/uelzener\",\"https:\/\/www.xing.com\/pages\/uelzenerallgemeineversicherungs-gesellschafta-g\",\"https:\/\/www.youtube.com\/UelzenerVersicherungen\"]}]}<\/script>\n<!-- \/ Yoast SEO Premium plugin. -->","yoast_head_json":{"title":"Zughundesport: Canicross | Uelzener Magazin","description":"Wir kl\u00e4ren, was Zughundesport im Allgemeinen und Canicross im Besonderen ausmacht. Welche Hunde sind geeignet? Wie k\u00f6nnen Anf\u00e4nger:innen starten?","robots":{"index":"index","follow":"follow","max-snippet":"max-snippet:-1","max-image-preview":"max-image-preview:large","max-video-preview":"max-video-preview:-1"},"canonical":"https:\/\/uelzener.de\/magazin\/hund\/erziehung-und-training\/zughundesport-canicross\/","og_locale":"de_DE","og_type":"article","og_title":"Zughundesport: Canicross","og_description":"Wir kl\u00e4ren, was Zughundesport im Allgemeinen und Canicross im Besonderen ausmacht. Welche Hunde sind geeignet? Wie k\u00f6nnen Anf\u00e4nger:innen starten?","og_url":"https:\/\/uelzener.de\/magazin\/hund\/erziehung-und-training\/zughundesport-canicross\/","og_site_name":"Uelzener Tier-Magazin","article_publisher":"https:\/\/www.facebook.com\/Uelzener","article_modified_time":"2025-08-21T08:55:59+00:00","og_image":[{"width":1025,"height":450,"url":"https:\/\/uelzener.de\/magazin\/app\/uploads\/2023\/08\/canicross.jpg","type":"image\/jpeg"}],"twitter_card":"summary_large_image","twitter_misc":{"Gesch\u00e4tzte Lesezeit":"6\u00a0Minuten"},"schema":{"@context":"https:\/\/schema.org","@graph":[{"@type":"WebPage","@id":"https:\/\/uelzener.de\/magazin\/hund\/erziehung-und-training\/zughundesport-canicross\/","url":"https:\/\/uelzener.de\/magazin\/hund\/erziehung-und-training\/zughundesport-canicross\/","name":"Zughundesport: Canicross | Uelzener Magazin","isPartOf":{"@id":"https:\/\/uelzener.de\/magazin\/#website"},"primaryImageOfPage":{"@id":"https:\/\/uelzener.de\/magazin\/hund\/erziehung-und-training\/zughundesport-canicross\/#primaryimage"},"image":{"@id":"https:\/\/uelzener.de\/magazin\/hund\/erziehung-und-training\/zughundesport-canicross\/#primaryimage"},"thumbnailUrl":"https:\/\/uelzener.de\/magazin\/app\/uploads\/2023\/08\/canicross.jpg","datePublished":"2023-08-07T14:15:02+00:00","dateModified":"2025-08-21T08:55:59+00:00","description":"Wir kl\u00e4ren, was Zughundesport im Allgemeinen und Canicross im Besonderen ausmacht. Welche Hunde sind geeignet? Wie k\u00f6nnen Anf\u00e4nger:innen starten?","breadcrumb":{"@id":"https:\/\/uelzener.de\/magazin\/hund\/erziehung-und-training\/zughundesport-canicross\/#breadcrumb"},"inLanguage":"de","potentialAction":[{"@type":"ReadAction","target":["https:\/\/uelzener.de\/magazin\/hund\/erziehung-und-training\/zughundesport-canicross\/"]}]},{"@type":"ImageObject","inLanguage":"de","@id":"https:\/\/uelzener.de\/magazin\/hund\/erziehung-und-training\/zughundesport-canicross\/#primaryimage","url":"https:\/\/uelzener.de\/magazin\/app\/uploads\/2023\/08\/canicross.jpg","contentUrl":"https:\/\/uelzener.de\/magazin\/app\/uploads\/2023\/08\/canicross.jpg","width":1025,"height":450,"caption":"Hund und Mensch rennen im Nieselregen beim Zughundesport Canicross."},{"@type":"WebSite","@id":"https:\/\/uelzener.de\/magazin\/#website","url":"https:\/\/uelzener.de\/magazin\/","name":"Uelzener Tiermagazin","description":"Online Tierratgeber der Uelzener Versicherungen","publisher":{"@id":"https:\/\/uelzener.de\/magazin\/#organization"},"potentialAction":[{"@type":"SearchAction","target":{"@type":"EntryPoint","urlTemplate":"https:\/\/uelzener.de\/magazin\/?s={search_term_string}"},"query-input":{"@type":"PropertyValueSpecification","valueRequired":true,"valueName":"search_term_string"}}],"inLanguage":"de"},{"@type":"Organization","@id":"https:\/\/uelzener.de\/magazin\/#organization","name":"Uelzener Versicherungen","url":"https:\/\/uelzener.de\/magazin\/","logo":{"@type":"ImageObject","inLanguage":"de","@id":"https:\/\/uelzener.de\/magazin\/#\/schema\/logo\/image\/","url":"https:\/\/uelzener.de\/magazin\/app\/uploads\/2024\/11\/uelzener_allgemeine_versicherungsgesellschaft_a_g_logo.jpg","contentUrl":"https:\/\/uelzener.de\/magazin\/app\/uploads\/2024\/11\/uelzener_allgemeine_versicherungsgesellschaft_a_g_logo.jpg","width":200,"height":200,"caption":"Uelzener Versicherungen"},"image":{"@id":"https:\/\/uelzener.de\/magazin\/#\/schema\/logo\/image\/"},"sameAs":["https:\/\/www.facebook.com\/Uelzener","https:\/\/instagram.com\/uelzener","https:\/\/www.xing.com\/pages\/uelzenerallgemeineversicherungs-gesellschafta-g","https:\/\/www.youtube.com\/UelzenerVersicherungen"]}]}},"_links":{"self":[{"href":"https:\/\/uelzener.de\/magazin\/wp-json\/wp\/v2\/pages\/15999","targetHints":{"allow":["GET"]}}],"collection":[{"href":"https:\/\/uelzener.de\/magazin\/wp-json\/wp\/v2\/pages"}],"about":[{"href":"https:\/\/uelzener.de\/magazin\/wp-json\/wp\/v2\/types\/page"}],"author":[{"embeddable":true,"href":"https:\/\/uelzener.de\/magazin\/wp-json\/wp\/v2\/users\/11"}],"replies":[{"embeddable":true,"href":"https:\/\/uelzener.de\/magazin\/wp-json\/wp\/v2\/comments?post=15999"}],"version-history":[{"count":5,"href":"https:\/\/uelzener.de\/magazin\/wp-json\/wp\/v2\/pages\/15999\/revisions"}],"predecessor-version":[{"id":18894,"href":"https:\/\/uelzener.de\/magazin\/wp-json\/wp\/v2\/pages\/15999\/revisions\/18894"}],"up":[{"embeddable":true,"href":"https:\/\/uelzener.de\/magazin\/wp-json\/wp\/v2\/pages\/11679"}],"wp:featuredmedia":[{"embeddable":true,"href":"https:\/\/uelzener.de\/magazin\/wp-json\/wp\/v2\/media\/16000"}],"wp:attachment":[{"href":"https:\/\/uelzener.de\/magazin\/wp-json\/wp\/v2\/media?parent=15999"}],"curies":[{"name":"wp","href":"https:\/\/api.w.org\/{rel}","templated":true}]}}