{"id":15994,"date":"2023-08-05T06:00:28","date_gmt":"2023-08-05T04:00:28","guid":{"rendered":"https:\/\/uelzener.de\/magazin\/?page_id=15994"},"modified":"2025-09-02T13:32:16","modified_gmt":"2025-09-02T11:32:16","slug":"top-dog-germany-2023-spannung-spiel-und-hundespass","status":"publish","type":"page","link":"https:\/\/uelzener.de\/magazin\/hund\/tipps-fuer-den-alltag\/top-dog-germany-2023-spannung-spiel-und-hundespass\/","title":{"rendered":"Top Dog Germany 2023 \u2013 Spannung, Spiel und Hundespa\u00df"},"content":{"rendered":"<p>Wer wird bei Top Dog Germany 2023 gewinnen? Diese Frage haben sich viele Hundeliebhaber:innen \u00fcber sechs spannende Folgen der aufregenden Hund-Action-Show gestellt. In der siebten Folge nun das Ergebnis: Ninja ist Top Dog Germany 2023. In einem aufregenden Finale haben Dominik Arend und sein <a href=\"https:\/\/uelzener.de\/magazin\/hund\/rasseportrait\/border-collie\/\">Border Collie<\/a> Ninja die Show f\u00fcr sich entschieden.<\/p>\n<p>Schon in den vorangegangenen zwei Jahren war das diesj\u00e4hrige Siegerteam mit am Start gewesen. Doch erst 2023 konnten sie sich gegen 17 weitere Teams durchsetzen und lie\u00dfen damit haarscharf auch die Titelverteidigerin Melanie Fydrich und ihre Border Collie-H\u00fcndin Trouble hinter sich. Diese verpassten damit ein Tripple, nachdem sie sowohl bei Top Germany 2021 als auch in der Show im Jahr 2022 den Pokal geholt hatten.<\/p>\n<p>Unter der Moderation von Jan K\u00f6ppen und Frank Buschmann haben alle teilnehmenden Teams den Zuschauenden unterhaltsame und spannende Stunden bereitet. Begleitet wurde die Sendung von Tier\u00e4rztin Tanja Pollm\u00fcller und als Schiedsrichter war Jan Die\u00dfner mit dabei.<\/p>\n<h2>Was ist Top Dog Germany?<\/h2>\n<p>Top Dog Germany ist eine aufregende Hundeshow, die seit 2021 produziert und ausgestrahlt wird. In der Show bew\u00e4ltigen die teilnehmenden Mensch-Hund-Teams sehr unterschiedliche Herausforderungen. Dabei stellen sie unter anderem die Qualit\u00e4t ihrer Zusammenarbeit, Schnelligkeit, Geschicklichkeit und Konzentrationsf\u00e4higkeit unter Beweis. In einer vorgegebenen Zeit m\u00fcssen Hund und Herrchen bzw. Frauchen einen Parcours bew\u00e4ltigen.<\/p>\n<p>In dieser Staffel waren wieder die Klassiker H\u00fcrden und B\u00e4llebad dabei. Eine neue Attraktion bot sich mit dem extra f\u00fcr die Show als Requisite gestalteten Waschsalon. Au\u00dferdem wurde beim extra f\u00fcr Hunde geeigneten \u201eMinigolf\u201c die besondere Geschicklichkeit der Hunde gefordert. Auf der speziell gestalteten Bowlingbahn warfen die Hunde mit Hilfe es eines Stocks die f\u00fcr sie bereitstehenden Pins um.<\/p>\n<p>Im Finale \u00fcberwanden die Teams acht Stationen, um ihr Ziel zu erreichen. Dazu geh\u00f6rten wieder H\u00fcrden und B\u00e4llebad. Dazu kamen Hundeh\u00fctten, Labyrinth, Popcorn-Maschine, Domino-Steine, Wackelbr\u00fccke und Pool.<\/p>\n\n<div class=\"related_articles boxed\">\n    <h2>Mehr zum Thema<\/h2>\n    \n    <div class=\"wrapper\"><div class=\"title align-center\"><h3><a href=\"https:\/\/uelzener.de\/magazin\/hund\/erziehung-und-training\/zughundesport-bikejoering\/\">Zughundesport: Bikej\u00f6ring<\/a><\/h3><\/div><div class=\"img align-center\"><img decoding=\"async\" width=\"315\" height=\"180\" src=\"https:\/\/uelzener.de\/magazin\/app\/uploads\/2023\/07\/bikejoering-315x180.jpg\" class=\"attachment-315x180 size-315x180 wp-post-image\" alt=\"Hund zieht Rad beim Zughundesport Bikej\u00f6ring.\" \/><\/div><\/div><div class=\"wrapper\"><div class=\"title align-center\"><h3><a href=\"https:\/\/uelzener.de\/magazin\/hund\/erziehung-und-training\/dogdancing\/\">Dogdancing: Die faszinierende Welt des Hundetanzes<\/a><\/h3><\/div><div class=\"img align-center\"><img decoding=\"async\" width=\"315\" height=\"180\" src=\"https:\/\/uelzener.de\/magazin\/app\/uploads\/2023\/07\/dogdancing-315x180.jpg\" class=\"attachment-315x180 size-315x180 wp-post-image\" alt=\"Frau \u00fcbt mit ihrem gro\u00dfen Hund Dogdancing.\" \/><\/div><\/div><div class=\"wrapper\"><div class=\"title align-center\"><h3><a href=\"https:\/\/uelzener.de\/magazin\/hund\/erziehung-und-training\/top-hunderassen-fuer-agility\/\">Top-Hunderassen f\u00fcr Agility: Diese Hunde eignen sich am besten f\u00fcr den Sport<\/a><\/h3><\/div><div class=\"img align-center\"><img decoding=\"async\" width=\"315\" height=\"180\" src=\"https:\/\/uelzener.de\/magazin\/app\/uploads\/2024\/09\/Top-Hunderassen-fuer-Agility-315x180.jpg\" class=\"attachment-315x180 size-315x180 wp-post-image\" alt=\"Top-Hunderassen f\u00fcr Agility\" \/><\/div><\/div><\/div>\n\n<h3>Wo wird Top Dog Germany gedreht?<\/h3>\n<p>Top Dog Germany wird in K\u00f6ln gedreht. Den n\u00f6tigen Platz f\u00fcr Parcours und Kamerateam fand man in den Deutzer Messehallen.<\/p>\n<h3>Wer streamt die Sendung?<\/h3>\n<p>Die Sendung Top Dog Germany wird auf RTL ausgestrahlt und bei RTL+ gestreamt. Dadurch haben Hundebegeisterte auch nach Sendeschluss die M\u00f6glichkeit, sich mit viel Spa\u00df und Spannung die Wettbewerbe anzuschauen.<\/p>\n<h3>Anmeldung f\u00fcr 2024<\/h3>\n<p>Du \u00fcberlegst, mit deinem Vierbeiner Teil der neuen Staffel zu sein? <a href=\"https:\/\/td.rtlstudios.netmarket.de\/\">Hier<\/a> findest du ein Bewerbungsformular, \u00fcber das du dich mit deinem Vierbeiner f\u00fcr die Show bewerben kannst. Dazu tr\u00e4gst du dort einige Informationen \u00fcber dich und deinen Hund ein. Dann hei\u00dft es Daumen dr\u00fccken.<\/p>\n<h2>Gewinner 2023 Dominik Arend und sein Hund Ninja<\/h2>\n<p>Ninja und sein Herrchen Dominik Arend sind Parcours-Experten \u2013 nicht nur f\u00fcr Vierbeiner. Denn auch Herrchen Dominik Arend ist erfahren im Bew\u00e4ltigen von herausfordernden Hindernissen. Seit langem betreibt er die bei Menschen immer beliebter werdende Sportart Parkour und unterrichtet im Rahmen der Parkour Akademie diesen abwechslungsreichen Sport. Stets dabei sein Hund Ninja. Mehr spannende Einblicke in ihr hindernisreiches Leben geben Dominik und Ninja auf Instagram in ihrem Account <a href=\"https:\/\/www.instagram.com\/parkour.ninja\/\">@parkour.ninja<\/a>. Bei Top Dog Germany 2023 waren Ninja und Dominik Arend nun zum dritten Mal ganz vorne mit dabei und siegten im Finale.<\/p>\n<h2>Bekannte Hundesendungen im Fernsehen<\/h2>\n<p>Top Dog Germany ist nicht die einzige beliebte Hundesendungen im Fernsehen. In den letzten Jahren haben Hundeshows und Hundesendungen viele Zuschauer:innen begeistert. Folgende Dauerbrenner unterhalten Hundebegeisterte schon eine ganze Weile:<\/p>\n<ul>\n<li>Der Hundeprofi \u2013 mit Martin R\u00fctter (VOX)<\/li>\n<li>Der Hundfl\u00fcsterer \u2013 mit Cesar Millan (sixx)<\/li>\n<li>Hundkatzemaus \u2013 Das Haustiermagazin (VOX)<\/li>\n<li>Hunde verstehen \u2013 mit Andreas Ohligschl\u00e4ger (WDR)<\/li>\n<\/ul>\n<h2>Vergangene Gewinnerpaare<\/h2>\n<p>Die beliebte Sendung Top Dog Germany gibt es erst seit 2021. Sowohl in 2021 als auch im Jahr 2022 gewann Melanie Fydrich mit ihrer Border Collie H\u00fcndin Trouble. Im Jahr 2023 gewannen Dominik Arend und sein Border Collie Ninja.<\/p>\n<h2>Fazit<\/h2>\n<p>Top Dog Germany ist eine aufregende und sehr beliebte Hundeshow. In mehreren Wettk\u00e4mpfen treten Mensch-Hund-Teams auf anspruchsvollen und abwechslungsreichen Parcours gegeneinander an. Top Dog Germany wird, wer als Team wechselnde Parcours-Anordnungen mit Geschicklichkeit, herausragender Konzentrationsf\u00e4higkeit und \u00fcberragender Team-Leistungen am erfolgreichsten bew\u00e4ltigt. Top Dog Germany ist eine unterhaltsame und spannende Show f\u00fcr alle, die Hundesport lieben.<\/p>\n","protected":false},"excerpt":{"rendered":"<p>Wer wird bei Top Dog Germany 2023 gewinnen? Diese Frage haben sich viele Hundeliebhaber:innen \u00fcber sechs spannende Folgen der aufregenden Hund-Action-Show gestellt. In der siebten Folge nun das Ergebnis: Ninja ist Top Dog Germany 2023. In einem aufregenden Finale haben Dominik Arend und sein Border Collie Ninja die Show f\u00fcr sich entschieden. Schon in den [&hellip;]<\/p>\n","protected":false},"author":11,"featured_media":15995,"parent":11707,"menu_order":5,"comment_status":"closed","ping_status":"closed","template":"templates\/blog.php","meta":{"_acf_changed":false,"_crdt_document":"","footnotes":"","beyondwords_generate_audio":"0","beyondwords_project_id":"","beyondwords_content_id":"","beyondwords_preview_token":"","beyondwords_player_style":"","beyondwords_language_id":"","beyondwords_title_voice_id":"","beyondwords_body_voice_id":"","beyondwords_summary_voice_id":"","beyondwords_error_message":"","beyondwords_disabled":"","beyondwords_delete_content":"","beyondwords_podcast_id":"","beyondwords_hash":"","publish_post_to_speechkit":"","speechkit_hash":"","speechkit_generate_audio":"","speechkit_project_id":"","speechkit_podcast_id":"","speechkit_error_message":"","speechkit_disabled":"","speechkit_access_key":"","speechkit_error":"","speechkit_info":"","speechkit_response":"","speechkit_retries":"","speechkit_status":"","speechkit_updated_at":"","_speechkit_link":"","_speechkit_text":""},"class_list":["post-15994","page","type-page","status-publish","has-post-thumbnail","hentry"],"acf":[],"yoast_head":"<!-- This site is optimized with the Yoast SEO Premium plugin  - https:\/\/yoast.com\/product\/yoast-seo-premium-wordpress\/ -->\n<title>Top Dog Germany 2023 \u2013 Spannung, Spiel und Hundespa\u00df | Uelzener Magazin<\/title>\n<meta name=\"description\" content=\"Wer wird bei Top Dog Germany 2023 gewinnen? Diese Frage haben sich viele Hundeliebhaber:innen \u00fcber sechs spannende Folgen der aufregenden Hund-Action-Show gestellt. In der siebten Folge nun das Ergebnis!\" \/>\n<meta name=\"robots\" content=\"index, follow, max-snippet:-1, max-image-preview:large, max-video-preview:-1\" \/>\n<link rel=\"canonical\" href=\"https:\/\/uelzener.de\/magazin\/hund\/tipps-fuer-den-alltag\/top-dog-germany-2023-spannung-spiel-und-hundespass\/\" \/>\n<meta property=\"og:locale\" content=\"de_DE\" \/>\n<meta property=\"og:type\" content=\"article\" \/>\n<meta property=\"og:title\" content=\"Top Dog Germany 2023 \u2013 Spannung, Spiel und Hundespa\u00df\" \/>\n<meta property=\"og:description\" content=\"Wer wird bei Top Dog Germany 2023 gewinnen? Diese Frage haben sich viele Hundeliebhaber:innen \u00fcber sechs spannende Folgen der aufregenden Hund-Action-Show gestellt. In der siebten Folge nun das Ergebnis!\" \/>\n<meta property=\"og:url\" content=\"https:\/\/uelzener.de\/magazin\/hund\/tipps-fuer-den-alltag\/top-dog-germany-2023-spannung-spiel-und-hundespass\/\" \/>\n<meta property=\"og:site_name\" content=\"Uelzener Tier-Magazin\" \/>\n<meta property=\"article:publisher\" content=\"https:\/\/www.facebook.com\/Uelzener\" \/>\n<meta property=\"article:modified_time\" content=\"2025-09-02T11:32:16+00:00\" \/>\n<meta property=\"og:image\" content=\"https:\/\/uelzener.de\/magazin\/app\/uploads\/2023\/08\/top-dog-germany.jpg\" \/>\n\t<meta property=\"og:image:width\" content=\"1025\" \/>\n\t<meta property=\"og:image:height\" content=\"450\" \/>\n\t<meta property=\"og:image:type\" content=\"image\/jpeg\" \/>\n<meta name=\"twitter:card\" content=\"summary_large_image\" \/>\n<meta name=\"twitter:label1\" content=\"Gesch\u00e4tzte Lesezeit\" \/>\n\t<meta name=\"twitter:data1\" content=\"4\u00a0Minuten\" \/>\n<script type=\"application\/ld+json\" class=\"yoast-schema-graph\">{\"@context\":\"https:\/\/schema.org\",\"@graph\":[{\"@type\":\"WebPage\",\"@id\":\"https:\/\/uelzener.de\/magazin\/hund\/tipps-fuer-den-alltag\/top-dog-germany-2023-spannung-spiel-und-hundespass\/\",\"url\":\"https:\/\/uelzener.de\/magazin\/hund\/tipps-fuer-den-alltag\/top-dog-germany-2023-spannung-spiel-und-hundespass\/\",\"name\":\"Top Dog Germany 2023 \u2013 Spannung, Spiel und Hundespa\u00df | Uelzener Magazin\",\"isPartOf\":{\"@id\":\"https:\/\/uelzener.de\/magazin\/#website\"},\"primaryImageOfPage\":{\"@id\":\"https:\/\/uelzener.de\/magazin\/hund\/tipps-fuer-den-alltag\/top-dog-germany-2023-spannung-spiel-und-hundespass\/#primaryimage\"},\"image\":{\"@id\":\"https:\/\/uelzener.de\/magazin\/hund\/tipps-fuer-den-alltag\/top-dog-germany-2023-spannung-spiel-und-hundespass\/#primaryimage\"},\"thumbnailUrl\":\"https:\/\/uelzener.de\/magazin\/app\/uploads\/2023\/08\/top-dog-germany.jpg\",\"datePublished\":\"2023-08-05T04:00:28+00:00\",\"dateModified\":\"2025-09-02T11:32:16+00:00\",\"description\":\"Wer wird bei Top Dog Germany 2023 gewinnen? Diese Frage haben sich viele Hundeliebhaber:innen \u00fcber sechs spannende Folgen der aufregenden Hund-Action-Show gestellt. In der siebten Folge nun das Ergebnis!\",\"breadcrumb\":{\"@id\":\"https:\/\/uelzener.de\/magazin\/hund\/tipps-fuer-den-alltag\/top-dog-germany-2023-spannung-spiel-und-hundespass\/#breadcrumb\"},\"inLanguage\":\"de\",\"potentialAction\":[{\"@type\":\"ReadAction\",\"target\":[\"https:\/\/uelzener.de\/magazin\/hund\/tipps-fuer-den-alltag\/top-dog-germany-2023-spannung-spiel-und-hundespass\/\"]}]},{\"@type\":\"ImageObject\",\"inLanguage\":\"de\",\"@id\":\"https:\/\/uelzener.de\/magazin\/hund\/tipps-fuer-den-alltag\/top-dog-germany-2023-spannung-spiel-und-hundespass\/#primaryimage\",\"url\":\"https:\/\/uelzener.de\/magazin\/app\/uploads\/2023\/08\/top-dog-germany.jpg\",\"contentUrl\":\"https:\/\/uelzener.de\/magazin\/app\/uploads\/2023\/08\/top-dog-germany.jpg\",\"width\":1025,\"height\":450,\"caption\":\"Hund beim Agility-Training\"},{\"@type\":\"WebSite\",\"@id\":\"https:\/\/uelzener.de\/magazin\/#website\",\"url\":\"https:\/\/uelzener.de\/magazin\/\",\"name\":\"Uelzener Tiermagazin\",\"description\":\"Online Tierratgeber der Uelzener Versicherungen\",\"publisher\":{\"@id\":\"https:\/\/uelzener.de\/magazin\/#organization\"},\"potentialAction\":[{\"@type\":\"SearchAction\",\"target\":{\"@type\":\"EntryPoint\",\"urlTemplate\":\"https:\/\/uelzener.de\/magazin\/?s={search_term_string}\"},\"query-input\":{\"@type\":\"PropertyValueSpecification\",\"valueRequired\":true,\"valueName\":\"search_term_string\"}}],\"inLanguage\":\"de\"},{\"@type\":\"Organization\",\"@id\":\"https:\/\/uelzener.de\/magazin\/#organization\",\"name\":\"Uelzener Versicherungen\",\"url\":\"https:\/\/uelzener.de\/magazin\/\",\"logo\":{\"@type\":\"ImageObject\",\"inLanguage\":\"de\",\"@id\":\"https:\/\/uelzener.de\/magazin\/#\/schema\/logo\/image\/\",\"url\":\"https:\/\/uelzener.de\/magazin\/app\/uploads\/2024\/11\/uelzener_allgemeine_versicherungsgesellschaft_a_g_logo.jpg\",\"contentUrl\":\"https:\/\/uelzener.de\/magazin\/app\/uploads\/2024\/11\/uelzener_allgemeine_versicherungsgesellschaft_a_g_logo.jpg\",\"width\":200,\"height\":200,\"caption\":\"Uelzener Versicherungen\"},\"image\":{\"@id\":\"https:\/\/uelzener.de\/magazin\/#\/schema\/logo\/image\/\"},\"sameAs\":[\"https:\/\/www.facebook.com\/Uelzener\",\"https:\/\/instagram.com\/uelzener\",\"https:\/\/www.xing.com\/pages\/uelzenerallgemeineversicherungs-gesellschafta-g\",\"https:\/\/www.youtube.com\/UelzenerVersicherungen\"]}]}<\/script>\n<!-- \/ Yoast SEO Premium plugin. -->","yoast_head_json":{"title":"Top Dog Germany 2023 \u2013 Spannung, Spiel und Hundespa\u00df | Uelzener Magazin","description":"Wer wird bei Top Dog Germany 2023 gewinnen? Diese Frage haben sich viele Hundeliebhaber:innen \u00fcber sechs spannende Folgen der aufregenden Hund-Action-Show gestellt. In der siebten Folge nun das Ergebnis!","robots":{"index":"index","follow":"follow","max-snippet":"max-snippet:-1","max-image-preview":"max-image-preview:large","max-video-preview":"max-video-preview:-1"},"canonical":"https:\/\/uelzener.de\/magazin\/hund\/tipps-fuer-den-alltag\/top-dog-germany-2023-spannung-spiel-und-hundespass\/","og_locale":"de_DE","og_type":"article","og_title":"Top Dog Germany 2023 \u2013 Spannung, Spiel und Hundespa\u00df","og_description":"Wer wird bei Top Dog Germany 2023 gewinnen? Diese Frage haben sich viele Hundeliebhaber:innen \u00fcber sechs spannende Folgen der aufregenden Hund-Action-Show gestellt. In der siebten Folge nun das Ergebnis!","og_url":"https:\/\/uelzener.de\/magazin\/hund\/tipps-fuer-den-alltag\/top-dog-germany-2023-spannung-spiel-und-hundespass\/","og_site_name":"Uelzener Tier-Magazin","article_publisher":"https:\/\/www.facebook.com\/Uelzener","article_modified_time":"2025-09-02T11:32:16+00:00","og_image":[{"width":1025,"height":450,"url":"https:\/\/uelzener.de\/magazin\/app\/uploads\/2023\/08\/top-dog-germany.jpg","type":"image\/jpeg"}],"twitter_card":"summary_large_image","twitter_misc":{"Gesch\u00e4tzte Lesezeit":"4\u00a0Minuten"},"schema":{"@context":"https:\/\/schema.org","@graph":[{"@type":"WebPage","@id":"https:\/\/uelzener.de\/magazin\/hund\/tipps-fuer-den-alltag\/top-dog-germany-2023-spannung-spiel-und-hundespass\/","url":"https:\/\/uelzener.de\/magazin\/hund\/tipps-fuer-den-alltag\/top-dog-germany-2023-spannung-spiel-und-hundespass\/","name":"Top Dog Germany 2023 \u2013 Spannung, Spiel und Hundespa\u00df | Uelzener Magazin","isPartOf":{"@id":"https:\/\/uelzener.de\/magazin\/#website"},"primaryImageOfPage":{"@id":"https:\/\/uelzener.de\/magazin\/hund\/tipps-fuer-den-alltag\/top-dog-germany-2023-spannung-spiel-und-hundespass\/#primaryimage"},"image":{"@id":"https:\/\/uelzener.de\/magazin\/hund\/tipps-fuer-den-alltag\/top-dog-germany-2023-spannung-spiel-und-hundespass\/#primaryimage"},"thumbnailUrl":"https:\/\/uelzener.de\/magazin\/app\/uploads\/2023\/08\/top-dog-germany.jpg","datePublished":"2023-08-05T04:00:28+00:00","dateModified":"2025-09-02T11:32:16+00:00","description":"Wer wird bei Top Dog Germany 2023 gewinnen? Diese Frage haben sich viele Hundeliebhaber:innen \u00fcber sechs spannende Folgen der aufregenden Hund-Action-Show gestellt. In der siebten Folge nun das Ergebnis!","breadcrumb":{"@id":"https:\/\/uelzener.de\/magazin\/hund\/tipps-fuer-den-alltag\/top-dog-germany-2023-spannung-spiel-und-hundespass\/#breadcrumb"},"inLanguage":"de","potentialAction":[{"@type":"ReadAction","target":["https:\/\/uelzener.de\/magazin\/hund\/tipps-fuer-den-alltag\/top-dog-germany-2023-spannung-spiel-und-hundespass\/"]}]},{"@type":"ImageObject","inLanguage":"de","@id":"https:\/\/uelzener.de\/magazin\/hund\/tipps-fuer-den-alltag\/top-dog-germany-2023-spannung-spiel-und-hundespass\/#primaryimage","url":"https:\/\/uelzener.de\/magazin\/app\/uploads\/2023\/08\/top-dog-germany.jpg","contentUrl":"https:\/\/uelzener.de\/magazin\/app\/uploads\/2023\/08\/top-dog-germany.jpg","width":1025,"height":450,"caption":"Hund beim Agility-Training"},{"@type":"WebSite","@id":"https:\/\/uelzener.de\/magazin\/#website","url":"https:\/\/uelzener.de\/magazin\/","name":"Uelzener Tiermagazin","description":"Online Tierratgeber der Uelzener Versicherungen","publisher":{"@id":"https:\/\/uelzener.de\/magazin\/#organization"},"potentialAction":[{"@type":"SearchAction","target":{"@type":"EntryPoint","urlTemplate":"https:\/\/uelzener.de\/magazin\/?s={search_term_string}"},"query-input":{"@type":"PropertyValueSpecification","valueRequired":true,"valueName":"search_term_string"}}],"inLanguage":"de"},{"@type":"Organization","@id":"https:\/\/uelzener.de\/magazin\/#organization","name":"Uelzener Versicherungen","url":"https:\/\/uelzener.de\/magazin\/","logo":{"@type":"ImageObject","inLanguage":"de","@id":"https:\/\/uelzener.de\/magazin\/#\/schema\/logo\/image\/","url":"https:\/\/uelzener.de\/magazin\/app\/uploads\/2024\/11\/uelzener_allgemeine_versicherungsgesellschaft_a_g_logo.jpg","contentUrl":"https:\/\/uelzener.de\/magazin\/app\/uploads\/2024\/11\/uelzener_allgemeine_versicherungsgesellschaft_a_g_logo.jpg","width":200,"height":200,"caption":"Uelzener Versicherungen"},"image":{"@id":"https:\/\/uelzener.de\/magazin\/#\/schema\/logo\/image\/"},"sameAs":["https:\/\/www.facebook.com\/Uelzener","https:\/\/instagram.com\/uelzener","https:\/\/www.xing.com\/pages\/uelzenerallgemeineversicherungs-gesellschafta-g","https:\/\/www.youtube.com\/UelzenerVersicherungen"]}]}},"_links":{"self":[{"href":"https:\/\/uelzener.de\/magazin\/wp-json\/wp\/v2\/pages\/15994","targetHints":{"allow":["GET"]}}],"collection":[{"href":"https:\/\/uelzener.de\/magazin\/wp-json\/wp\/v2\/pages"}],"about":[{"href":"https:\/\/uelzener.de\/magazin\/wp-json\/wp\/v2\/types\/page"}],"author":[{"embeddable":true,"href":"https:\/\/uelzener.de\/magazin\/wp-json\/wp\/v2\/users\/11"}],"replies":[{"embeddable":true,"href":"https:\/\/uelzener.de\/magazin\/wp-json\/wp\/v2\/comments?post=15994"}],"version-history":[{"count":9,"href":"https:\/\/uelzener.de\/magazin\/wp-json\/wp\/v2\/pages\/15994\/revisions"}],"predecessor-version":[{"id":19107,"href":"https:\/\/uelzener.de\/magazin\/wp-json\/wp\/v2\/pages\/15994\/revisions\/19107"}],"up":[{"embeddable":true,"href":"https:\/\/uelzener.de\/magazin\/wp-json\/wp\/v2\/pages\/11707"}],"wp:featuredmedia":[{"embeddable":true,"href":"https:\/\/uelzener.de\/magazin\/wp-json\/wp\/v2\/media\/15995"}],"wp:attachment":[{"href":"https:\/\/uelzener.de\/magazin\/wp-json\/wp\/v2\/media?parent=15994"}],"curies":[{"name":"wp","href":"https:\/\/api.w.org\/{rel}","templated":true}]}}