{"id":15914,"date":"2023-07-12T16:09:17","date_gmt":"2023-07-12T14:09:17","guid":{"rendered":"https:\/\/uelzener.de\/magazin\/?page_id=15914"},"modified":"2025-11-13T11:48:52","modified_gmt":"2025-11-13T10:48:52","slug":"pferdemaedchen-klischees-vorurteile-und-halbwahrheiten","status":"publish","type":"page","link":"https:\/\/uelzener.de\/magazin\/pferd\/haeufige-fragen\/pferdemaedchen-klischees-vorurteile-und-halbwahrheiten\/","title":{"rendered":"Pferdem\u00e4dchen: Klischees, Vorurteile und (Halb)Wahrheiten"},"content":{"rendered":"<p>Von Herablassung und Spott bis hin zu unbeschwerter Reit- und Pferdebegeisterung. Vieles hat unter dem Begriff <em>Pferdem\u00e4dchen<\/em> seinen Platz. Oftmals ist die Bezeichnung <em>Pferdem\u00e4dchen<\/em> eine Zuschreibung von au\u00dfen, mitunter bezeichnen sich Pferdeliebhaber:innen jedoch auch selbst als Pferdem\u00e4dchen. Wir beleuchten die Bedeutung des Begriffs <em>Pferdem\u00e4dchen<\/em> hier einmal von allen Seiten.<\/p>\n<h2>Was ist ein typisches Pferdem\u00e4dchen?<\/h2>\n<p>Ganz allgemein benennt der Begriff <em>Pferdem\u00e4dchen<\/em> junge Frauen und M\u00e4dchen, die eine enge Beziehung zu Pferden haben, sich stark f\u00fcr Pferde interessieren und viel Zeit mit Pferden oder Themen rund um Pferde verbringen. Sie begeistern sich beispielsweise f\u00fcr das Training oder die Pflege von Pferden, f\u00fcr Pferdesport und Pferderassen. Viele von ihnen reiten regelm\u00e4\u00dfig oder haben ein eigenes Pferd.<\/p>\n<p>Das war es aber auch schon mit den allgemeing\u00fcltigen Aussagen. Denn das typische <em>Pferdem\u00e4dchen<\/em> gibt es nicht. <em>Pferdem\u00e4dchen<\/em> sind so unterschiedlich, wie Menschen nur sein k\u00f6nnen.<\/p>\n<p><em>Pferdem\u00e4dchen<\/em> \u2026<\/p>\n<ul>\n<li>verbringen die meiste Zeit im Stall.<\/li>\n<li>haben ihr Zimmer mit Pferdepostern tapeziert und nutzen ausschlie\u00dflich Hefte und Stifte, die mit Pferden dekoriert sind.<\/li>\n<li>folgen auf Social Media unz\u00e4hligen Pferde- und Reit-Accounts.<\/li>\n<li>tragen farblich aufeinander abgestimmte Reitkleidung m\u00f6glichst passend zur aktuell verwendeten Schabracke.<\/li>\n<li>verr\u00fccken 15 bis 20 kg schwere Futters\u00e4cke von A nach B oder sind darin ge\u00fcbt volumin\u00f6se Heunetze zu bewegen.<\/li>\n<li>haben ein breites Wissen \u00fcber die Physiologie und Anatomie von Pferden.<\/li>\n<li>k\u00f6nnen aus dem Stehgreif einen einst\u00fcndigen Vortrag \u00fcber so ziemlich jede beliebige Pferderasse halten.<\/li>\n<li>K\u00fcmmern sich um die Gesundheit ihres Pferdes, unter anderem indem sie eine <a href=\"https:\/\/uelzener.de\/magazin\/pferd\/tiergesundheit\/welche-versicherung-pferd\/\">Pferde-OP- oder Krankenversicherung<\/a> abschlie\u00dfen.<\/li>\n<li>verfolgen ambitionierte Trainingspl\u00e4ne<\/li>\n<li>stehen problemlos fr\u00fch auf, wenn es auf ein Turnier geht.<\/li>\n<li>scheuen sich nicht, sich die H\u00e4nde dreckig zu machen.<\/li>\n<\/ul>\n<p><em>Pferdem\u00e4dchen<\/em> k\u00f6nnen jedes dieser und noch viele weitere Merkmale in sich vereinen. Sie sind so unterschiedlich wie Fu\u00dfballjungs, Radfahr-Menschen oder Jogger:innen. Der gemeinsame Nenner ist jeweils das Interesse f\u00fcr Fu\u00dfball, Radfahren, Joggen oder eben Pferde. So ist <a href=\"https:\/\/uelzener.de\/magazin\/pferd\/haeufige-fragen\/das-pferd-von-pippi-langstrumpf-20-spannende-fakten\/\">Pippi Langstrumpf<\/a> vielleicht sogar eines der bekanntesten <em>Pferdem\u00e4dchen<\/em>. Nur, dass der Begriff <em>Pferdem\u00e4dchen<\/em> ein ganz besonderer zu sein scheint. Denn mit ihm sind h\u00e4ufig negative und herablassende \u00c4u\u00dferungen verbunden.<\/p>\n<h3>Klischees und Vorurteile<\/h3>\n<p>Vielfach gelten <em>Pferdem\u00e4dchen<\/em> als arrogant, verw\u00f6hnt, zickig oder oberfl\u00e4chlich. Ab und an mag das zutreffen, wie im \u00dcbrigen auf viele andere Menschen. Setzt man sich mit dem Begriff <em>Pferdem\u00e4dchen<\/em> auseinander trifft man auf viele Vorurteile und Klischees. Dies sind einige der h\u00e4ufigsten:<\/p>\n<ul>\n<li><em>Pferdem\u00e4dchen<\/em> kommen aus wohlhabendem Elternhaus und sind per se hochn\u00e4sig.<\/li>\n<li>Pferdesport ist nur etwas f\u00fcr Reiche, also sind diejenigen, die ihn betreiben, verw\u00f6hnt.<\/li>\n<li>Im Stall geht es um Konkurrenz und Status. Daher sind <em>Pferdem\u00e4dchen <\/em>zickig<\/li>\n<li><em>Pferdem\u00e4dchen<\/em> interessieren sich ausschlie\u00dflich f\u00fcr Pferde und sind daher oberfl\u00e4chlich.<\/li>\n<\/ul>\n<p>Doch das Leben mit Pferden f\u00fchrt im Allgemeinen zu ganz anderen Eigenschaften als den vorgenannten.\u00a0 Zumeist widmen sich pferdebegeisterte M\u00e4dchen oder junge Frauen mit gro\u00dfer Konsequenz ihrem Hobby. Das Zusammensein im Stall kann den Ausbau sozialer F\u00e4higkeiten f\u00f6rdern. So m\u00fcssen in der Gemeinschaft Konflikte gel\u00f6st, das gemeinschaftliche Erreichen von Zielen bew\u00e4ltigt werden. Wer eine Quadrille reitet und sich bei der Pferdepflege gegenseitig unterst\u00fctzt, lernt vieles, was auch au\u00dferhalb des Stalls n\u00fctzlich sein kann. Zudem verf\u00fcgen pferdebegeisterte Menschen im Allgemeinen \u00fcber vielf\u00e4ltige praktische F\u00e4higkeiten. Sie sind fit und ge\u00fcbt darin, mit anzupacken, wenn es um k\u00f6rperlich anstrengende T\u00e4tigkeiten geht. Sie sind oftmals handwerklich geschickt und f\u00fchren kleinere Reparaturen problemlos selbst durch.<\/p>\n<p><em>Pferdem\u00e4dchen<\/em> werden erwachsen und nennen sich in der Regel nicht mehr <em>Pferdem\u00e4dchen<\/em>. Es sind Frauen, die ihre Pferdebegeisterung auf ganz unterschiedliche Weise ausleben. Auch hier kommt man mit Stereotypen in der Beschreibung nicht weiter. Die eine liebt den Turniersport, eine andere geht mit ihrem geliebten Pferd lediglich spazieren, weil ihr Pferd aufgrund seines Alters nicht mehr geritten werden darf. Wieder eine andere hat weder Zeit noch Geld f\u00fcr ein eigenes Pferd, reitet aber wo immer sie kann, nimmt regelm\u00e4\u00dfig Reitstunden oder nutzt ihren Urlaub f\u00fcr ausgedehnte Ausritte. Gemeinsam ist ihnen die Liebe zu den gro\u00dfen Vierbeinern.<\/p>\n<h2>Etymologie<\/h2>\n<p>Der Begriff des Pferdem\u00e4dchens ist ein umgangssprachlicher Begriff, bei dessen Herkunft man sich nicht ganz sicher ist. Angenommen wird eine Verbindung zu klischeehaften Darstellungen in Medien, wie Filmen und B\u00fcchern. So wurde das Bild vom pferdebegeisterten M\u00e4dchen durch die Protagonistinnen in Black Beauty-Verfilmungen, Wendy-Heften oder der Ostwind-Filmreihe gepr\u00e4gt.<\/p>\n\n<div class=\"related_articles boxed\">\n    <h2>Mehr zum Thema<\/h2>\n    \n    <div class=\"wrapper\"><div class=\"title align-center\"><h3><a href=\"https:\/\/uelzener.de\/magazin\/pferd\/erziehung-und-training\/berufe-mit-pferden\/\">Berufe mit Pferden: Vom Hobby zum Beruf<\/a><\/h3><\/div><div class=\"img align-center\"><img decoding=\"async\" width=\"315\" height=\"180\" src=\"https:\/\/uelzener.de\/magazin\/app\/uploads\/2022\/08\/Header_Magazin-315x180.jpg\" class=\"attachment-315x180 size-315x180 wp-post-image\" alt=\"Reitlehrerin unterrichtet Reitsch\u00fclerin auf wei\u00dfem Pferd an der Longe, sie hat ihr Hobby zum Beruf gemacht.\" \/><\/div><\/div><div class=\"wrapper\"><div class=\"title align-center\"><h3><a href=\"https:\/\/uelzener.de\/magazin\/pferd\/erziehung-und-training\/pferd-mensch-beziehung\/\">Pferd und Mensch: Grundlagen einer guten Beziehung<\/a><\/h3><\/div><div class=\"img align-center\"><img decoding=\"async\" width=\"315\" height=\"180\" src=\"https:\/\/uelzener.de\/magazin\/app\/uploads\/2022\/07\/Header_Magazin_Pferd-Mensch-Beziehung-315x180.jpg\" class=\"attachment-315x180 size-315x180 wp-post-image\" alt=\"Frau lehnt sich an ihr hellbraunes Pferd, sie haben eine innige Beziehung.\" \/><\/div><\/div><\/div>\n\n<h2>Bekannte B\u00fccher mit Pferdem\u00e4dchen<\/h2>\n<p>Zumeist erscheinen Pferdeb\u00fccher in Reihen. Hier einige der beliebtesten:<\/p>\n<ul>\n<li>Nele Neuhaus: Elena \u2013 Ein Leben f\u00fcr Pferde<\/li>\n<li>Gina Mayer: Pferdefl\u00fcsterer-Academy<\/li>\n<li>Antje Szillat: Tessa<\/li>\n<li>Carola Wimmer: Ostwind<\/li>\n<li>Bonnie Bryant: Sattelclub<\/li>\n<\/ul>\n<h2>Ber\u00fchmte Filme mit Pferdem\u00e4dchen<\/h2>\n<p>Es gibt leider nicht sehr viele ber\u00fchmte Filme mit <em>Pferdem\u00e4dchen<\/em>. Doch diese hier sind zu Klassikern geworden:<\/p>\n<ul>\n<li>Black Beauty<\/li>\n<li>Dreamer \u2013 ein Traum wird wahr<\/li>\n<li>Ostwind<\/li>\n<li>Wendy-Filme<\/li>\n<li>Spirit (von 2002)<\/li>\n<li>Immenhof-Mehrteiler aus den 50er Jahren<\/li>\n<li>Bibi &amp; Tina<\/li>\n<\/ul>\n<p>Weitere bekannte Pferdefilme sind:<\/p>\n<ul>\n<li>Der Pferdefl\u00fcsterer<\/li>\n<li>Jappeloup \u2013 eine Legende<\/li>\n<li>Seabiscuit \u2013 Mit dem Willen zum Erfolg<\/li>\n<\/ul>\n<p>Doch nicht nur in den klassischen Medien st\u00f6\u00dft man auf das Ph\u00e4nomen <em>Pferdem\u00e4dchen<\/em>. Auch auf Social Media begegnet einem das Thema.<\/p>\n<h2>Freshtorge nimmt Pferdem\u00e4dchen aufs Korn<\/h2>\n<p>Freshtorge ist ein deutschsprachiger Youtuber, der Steretoype aufs Korn nimmt und sich gro\u00dfe M\u00fche gibt sie filmisch darzustellen. Dabei spielt er selbst alle Rollen, in teils grotesken Verkleidungen. So verwandelt sich der mit b\u00fcrgerlichem Namen hei\u00dfende Torge Oelrich zuweilen in das <em>Pferdem\u00e4dchen<\/em> Mareike. Mareike bedient viele Klischees, die sogenannten <em>Pferdem\u00e4dchen<\/em> zugeschrieben werden. Besonders eing\u00e4ngig beispielsweise mit einem eigenen Lied des <a href=\"https:\/\/www.youtube.com\/watch?v=cQ4oAnpuA-o\"><em>Pferdem\u00e4dchens<\/em> Mareike<\/a>.<\/p>\n<p>Auf TikTok wiederum trifft man auf das <em>Pferdem\u00e4dchen<\/em> Lydia.<\/p>\n<h2>Das ostfriesische \u201ePferdem\u00e4dchen Lydia\u201c<\/h2>\n<p>Hinter dem ostfriesischen <a href=\"https:\/\/www.tiktok.com\/@pferdegirl.lydia?lang=de-DE\"><em>Pferdem\u00e4dchen<\/em> Lydia<\/a> steckt Bastian Mansholt. Aus einer Kneipenlaune heraus ergab sich das erste Video, dem mittlerweile viele weitere folgten. Auch er greift in seinen Videos verschiedene Klischees \u00fcber <em>Pferdem\u00e4dchen<\/em> auf.<\/p>\n<p>Neben diesen <em>Pferdem\u00e4dchen<\/em> veralbernden Accounts finden sich auf Social Media auch ernsthafte <em>Pferdem\u00e4dchen<\/em>. So beispielsweise Kristin Connors, die sich selbst sogar als <em>Pferdem\u00e4dchen<\/em> bezeichnet.<\/p>\n<h2>Kristin Connors \u2013 Pferdem\u00e4dchen<\/h2>\n<p>Kristin Connors ist leidenschaftliche Reiterin und Pferdeliebhaberin. Auf ihrem Account <a href=\"https:\/\/www.instagram.com\/derdismero\/\"><em>derdismero<\/em><\/a> postet sie auf Instagram Videos und Bilder von sich und ihrer Pferdebegeisterung. So finden sich dort viel Interessantes aus dem ganz realen Leben eines <em>Pferdem\u00e4dchens<\/em>.<\/p>\n<h2>Fazit:<\/h2>\n<p>Das typische Pferdem\u00e4dchen gibt es nicht. Der Begriff wird vielfach abwertend verwendet und bedient sich diverser Klischees und Vorurteile. Mit positiver Haltung verwendet beschreibt der Begriff <em>Pferdem\u00e4dchen<\/em> ein M\u00e4dchen oder eine junge Frau, die sich f\u00fcr alles, was mit Pferden zu tun hat, begeistert. Wer die Vielfalt der Interessen und Eigenschaften Pferdebegeisterter zu sehen wei\u00df, bekommt ein umfassenderes und h\u00f6chstwahrscheinlich auch ein realistischeres Bild von Pferdeliebhaber:innen. Es lohnt sich, Vorurteile und Klischees zu hinterfragen.<\/p>\n<h2>FAQs: H\u00e4ufig gestellte Fragen<\/h2>\n<h3>Warum wird \u201ePferdem\u00e4dchen\u201c als Beleidigung benutzt?<\/h3>\n<p>Der Begriff wird als Beleidigung verwendet, wenn jemand die Leidenschaft f\u00fcr Pferde als l\u00e4cherlich oder oberfl\u00e4chlich kennzeichnen m\u00f6chte. So werden pferdebegeisterte M\u00e4dchen und Frauen als albern, dumm oder deren Verhalten als peinlich gelabelt.<\/p>\n","protected":false},"excerpt":{"rendered":"<p>Von Herablassung und Spott bis hin zu unbeschwerter Reit- und Pferdebegeisterung. Vieles hat unter dem Begriff Pferdem\u00e4dchen seinen Platz. Oftmals ist die Bezeichnung Pferdem\u00e4dchen eine Zuschreibung von au\u00dfen, mitunter bezeichnen sich Pferdeliebhaber:innen jedoch auch selbst als Pferdem\u00e4dchen. Wir beleuchten die Bedeutung des Begriffs Pferdem\u00e4dchen hier einmal von allen Seiten. Was ist ein typisches Pferdem\u00e4dchen? Ganz [&hellip;]<\/p>\n","protected":false},"author":11,"featured_media":15916,"parent":11685,"menu_order":8,"comment_status":"closed","ping_status":"closed","template":"templates\/blog.php","meta":{"_acf_changed":false,"_crdt_document":"","footnotes":"","beyondwords_generate_audio":"","beyondwords_project_id":"","beyondwords_content_id":"","beyondwords_preview_token":"","beyondwords_player_style":"","beyondwords_language_id":"","beyondwords_title_voice_id":"","beyondwords_body_voice_id":"","beyondwords_summary_voice_id":"","beyondwords_error_message":"","beyondwords_disabled":"","beyondwords_delete_content":"","beyondwords_podcast_id":"","beyondwords_hash":"","publish_post_to_speechkit":"","speechkit_hash":"","speechkit_generate_audio":"","speechkit_project_id":"","speechkit_podcast_id":"","speechkit_error_message":"","speechkit_disabled":"","speechkit_access_key":"","speechkit_error":"","speechkit_info":"","speechkit_response":"","speechkit_retries":"","speechkit_status":"","speechkit_updated_at":"","_speechkit_link":"","_speechkit_text":""},"class_list":["post-15914","page","type-page","status-publish","has-post-thumbnail","hentry"],"acf":[],"yoast_head":"<!-- This site is optimized with the Yoast SEO Premium plugin  - https:\/\/yoast.com\/product\/yoast-seo-premium-wordpress\/ -->\n<title>Pferdem\u00e4dchen: Klischees, Vorurteile und (Halb)Wahrheiten | Uelzener Magazin<\/title>\n<meta name=\"robots\" content=\"index, follow, max-snippet:-1, max-image-preview:large, max-video-preview:-1\" \/>\n<link rel=\"canonical\" href=\"https:\/\/uelzener.de\/magazin\/pferd\/haeufige-fragen\/pferdemaedchen-klischees-vorurteile-und-halbwahrheiten\/\" \/>\n<meta property=\"og:locale\" content=\"de_DE\" \/>\n<meta property=\"og:type\" content=\"article\" \/>\n<meta property=\"og:title\" content=\"Pferdem\u00e4dchen: Klischees, Vorurteile und (Halb)Wahrheiten\" \/>\n<meta property=\"og:description\" content=\"Von Herablassung und Spott bis hin zu unbeschwerter Reit- und Pferdebegeisterung. Vieles hat unter dem Begriff Pferdem\u00e4dchen seinen Platz. Oftmals ist die Bezeichnung Pferdem\u00e4dchen eine Zuschreibung von au\u00dfen, mitunter bezeichnen sich Pferdeliebhaber:innen jedoch auch selbst als Pferdem\u00e4dchen. Wir beleuchten die Bedeutung des Begriffs Pferdem\u00e4dchen hier einmal von allen Seiten. Was ist ein typisches Pferdem\u00e4dchen? Ganz [&hellip;]\" \/>\n<meta property=\"og:url\" content=\"https:\/\/uelzener.de\/magazin\/pferd\/haeufige-fragen\/pferdemaedchen-klischees-vorurteile-und-halbwahrheiten\/\" \/>\n<meta property=\"og:site_name\" content=\"Uelzener Tier-Magazin\" \/>\n<meta property=\"article:publisher\" content=\"https:\/\/www.facebook.com\/Uelzener\" \/>\n<meta property=\"article:modified_time\" content=\"2025-11-13T10:48:52+00:00\" \/>\n<meta property=\"og:image\" content=\"https:\/\/uelzener.de\/magazin\/app\/uploads\/2023\/07\/pferdemaedchen.jpg\" \/>\n\t<meta property=\"og:image:width\" content=\"1025\" \/>\n\t<meta property=\"og:image:height\" content=\"450\" \/>\n\t<meta property=\"og:image:type\" content=\"image\/jpeg\" \/>\n<meta name=\"twitter:card\" content=\"summary_large_image\" \/>\n<meta name=\"twitter:label1\" content=\"Gesch\u00e4tzte Lesezeit\" \/>\n\t<meta name=\"twitter:data1\" content=\"7\u00a0Minuten\" \/>\n<script type=\"application\/ld+json\" class=\"yoast-schema-graph\">{\"@context\":\"https:\/\/schema.org\",\"@graph\":[{\"@type\":\"WebPage\",\"@id\":\"https:\/\/uelzener.de\/magazin\/pferd\/haeufige-fragen\/pferdemaedchen-klischees-vorurteile-und-halbwahrheiten\/\",\"url\":\"https:\/\/uelzener.de\/magazin\/pferd\/haeufige-fragen\/pferdemaedchen-klischees-vorurteile-und-halbwahrheiten\/\",\"name\":\"Pferdem\u00e4dchen: Klischees, Vorurteile und (Halb)Wahrheiten | Uelzener Magazin\",\"isPartOf\":{\"@id\":\"https:\/\/uelzener.de\/magazin\/#website\"},\"primaryImageOfPage\":{\"@id\":\"https:\/\/uelzener.de\/magazin\/pferd\/haeufige-fragen\/pferdemaedchen-klischees-vorurteile-und-halbwahrheiten\/#primaryimage\"},\"image\":{\"@id\":\"https:\/\/uelzener.de\/magazin\/pferd\/haeufige-fragen\/pferdemaedchen-klischees-vorurteile-und-halbwahrheiten\/#primaryimage\"},\"thumbnailUrl\":\"https:\/\/uelzener.de\/magazin\/app\/uploads\/2023\/07\/pferdemaedchen.jpg\",\"datePublished\":\"2023-07-12T14:09:17+00:00\",\"dateModified\":\"2025-11-13T10:48:52+00:00\",\"breadcrumb\":{\"@id\":\"https:\/\/uelzener.de\/magazin\/pferd\/haeufige-fragen\/pferdemaedchen-klischees-vorurteile-und-halbwahrheiten\/#breadcrumb\"},\"inLanguage\":\"de\",\"potentialAction\":[{\"@type\":\"ReadAction\",\"target\":[\"https:\/\/uelzener.de\/magazin\/pferd\/haeufige-fragen\/pferdemaedchen-klischees-vorurteile-und-halbwahrheiten\/\"]}]},{\"@type\":\"ImageObject\",\"inLanguage\":\"de\",\"@id\":\"https:\/\/uelzener.de\/magazin\/pferd\/haeufige-fragen\/pferdemaedchen-klischees-vorurteile-und-halbwahrheiten\/#primaryimage\",\"url\":\"https:\/\/uelzener.de\/magazin\/app\/uploads\/2023\/07\/pferdemaedchen.jpg\",\"contentUrl\":\"https:\/\/uelzener.de\/magazin\/app\/uploads\/2023\/07\/pferdemaedchen.jpg\",\"width\":1025,\"height\":450,\"caption\":\"M\u00e4dchen sitzt lachend auf einem Pferd. Erf\u00fcllt sie das Bild eines Pferdem\u00e4dchens?\"},{\"@type\":\"WebSite\",\"@id\":\"https:\/\/uelzener.de\/magazin\/#website\",\"url\":\"https:\/\/uelzener.de\/magazin\/\",\"name\":\"Uelzener Tiermagazin\",\"description\":\"Online Tierratgeber der Uelzener Versicherungen\",\"publisher\":{\"@id\":\"https:\/\/uelzener.de\/magazin\/#organization\"},\"potentialAction\":[{\"@type\":\"SearchAction\",\"target\":{\"@type\":\"EntryPoint\",\"urlTemplate\":\"https:\/\/uelzener.de\/magazin\/?s={search_term_string}\"},\"query-input\":{\"@type\":\"PropertyValueSpecification\",\"valueRequired\":true,\"valueName\":\"search_term_string\"}}],\"inLanguage\":\"de\"},{\"@type\":\"Organization\",\"@id\":\"https:\/\/uelzener.de\/magazin\/#organization\",\"name\":\"Uelzener Versicherungen\",\"url\":\"https:\/\/uelzener.de\/magazin\/\",\"logo\":{\"@type\":\"ImageObject\",\"inLanguage\":\"de\",\"@id\":\"https:\/\/uelzener.de\/magazin\/#\/schema\/logo\/image\/\",\"url\":\"https:\/\/uelzener.de\/magazin\/app\/uploads\/2024\/11\/uelzener_allgemeine_versicherungsgesellschaft_a_g_logo.jpg\",\"contentUrl\":\"https:\/\/uelzener.de\/magazin\/app\/uploads\/2024\/11\/uelzener_allgemeine_versicherungsgesellschaft_a_g_logo.jpg\",\"width\":200,\"height\":200,\"caption\":\"Uelzener Versicherungen\"},\"image\":{\"@id\":\"https:\/\/uelzener.de\/magazin\/#\/schema\/logo\/image\/\"},\"sameAs\":[\"https:\/\/www.facebook.com\/Uelzener\",\"https:\/\/instagram.com\/uelzener\",\"https:\/\/www.xing.com\/pages\/uelzenerallgemeineversicherungs-gesellschafta-g\",\"https:\/\/www.youtube.com\/UelzenerVersicherungen\"]}]}<\/script>\n<!-- \/ Yoast SEO Premium plugin. -->","yoast_head_json":{"title":"Pferdem\u00e4dchen: Klischees, Vorurteile und (Halb)Wahrheiten | Uelzener Magazin","robots":{"index":"index","follow":"follow","max-snippet":"max-snippet:-1","max-image-preview":"max-image-preview:large","max-video-preview":"max-video-preview:-1"},"canonical":"https:\/\/uelzener.de\/magazin\/pferd\/haeufige-fragen\/pferdemaedchen-klischees-vorurteile-und-halbwahrheiten\/","og_locale":"de_DE","og_type":"article","og_title":"Pferdem\u00e4dchen: Klischees, Vorurteile und (Halb)Wahrheiten","og_description":"Von Herablassung und Spott bis hin zu unbeschwerter Reit- und Pferdebegeisterung. Vieles hat unter dem Begriff Pferdem\u00e4dchen seinen Platz. Oftmals ist die Bezeichnung Pferdem\u00e4dchen eine Zuschreibung von au\u00dfen, mitunter bezeichnen sich Pferdeliebhaber:innen jedoch auch selbst als Pferdem\u00e4dchen. Wir beleuchten die Bedeutung des Begriffs Pferdem\u00e4dchen hier einmal von allen Seiten. Was ist ein typisches Pferdem\u00e4dchen? Ganz [&hellip;]","og_url":"https:\/\/uelzener.de\/magazin\/pferd\/haeufige-fragen\/pferdemaedchen-klischees-vorurteile-und-halbwahrheiten\/","og_site_name":"Uelzener Tier-Magazin","article_publisher":"https:\/\/www.facebook.com\/Uelzener","article_modified_time":"2025-11-13T10:48:52+00:00","og_image":[{"width":1025,"height":450,"url":"https:\/\/uelzener.de\/magazin\/app\/uploads\/2023\/07\/pferdemaedchen.jpg","type":"image\/jpeg"}],"twitter_card":"summary_large_image","twitter_misc":{"Gesch\u00e4tzte Lesezeit":"7\u00a0Minuten"},"schema":{"@context":"https:\/\/schema.org","@graph":[{"@type":"WebPage","@id":"https:\/\/uelzener.de\/magazin\/pferd\/haeufige-fragen\/pferdemaedchen-klischees-vorurteile-und-halbwahrheiten\/","url":"https:\/\/uelzener.de\/magazin\/pferd\/haeufige-fragen\/pferdemaedchen-klischees-vorurteile-und-halbwahrheiten\/","name":"Pferdem\u00e4dchen: Klischees, Vorurteile und (Halb)Wahrheiten | Uelzener Magazin","isPartOf":{"@id":"https:\/\/uelzener.de\/magazin\/#website"},"primaryImageOfPage":{"@id":"https:\/\/uelzener.de\/magazin\/pferd\/haeufige-fragen\/pferdemaedchen-klischees-vorurteile-und-halbwahrheiten\/#primaryimage"},"image":{"@id":"https:\/\/uelzener.de\/magazin\/pferd\/haeufige-fragen\/pferdemaedchen-klischees-vorurteile-und-halbwahrheiten\/#primaryimage"},"thumbnailUrl":"https:\/\/uelzener.de\/magazin\/app\/uploads\/2023\/07\/pferdemaedchen.jpg","datePublished":"2023-07-12T14:09:17+00:00","dateModified":"2025-11-13T10:48:52+00:00","breadcrumb":{"@id":"https:\/\/uelzener.de\/magazin\/pferd\/haeufige-fragen\/pferdemaedchen-klischees-vorurteile-und-halbwahrheiten\/#breadcrumb"},"inLanguage":"de","potentialAction":[{"@type":"ReadAction","target":["https:\/\/uelzener.de\/magazin\/pferd\/haeufige-fragen\/pferdemaedchen-klischees-vorurteile-und-halbwahrheiten\/"]}]},{"@type":"ImageObject","inLanguage":"de","@id":"https:\/\/uelzener.de\/magazin\/pferd\/haeufige-fragen\/pferdemaedchen-klischees-vorurteile-und-halbwahrheiten\/#primaryimage","url":"https:\/\/uelzener.de\/magazin\/app\/uploads\/2023\/07\/pferdemaedchen.jpg","contentUrl":"https:\/\/uelzener.de\/magazin\/app\/uploads\/2023\/07\/pferdemaedchen.jpg","width":1025,"height":450,"caption":"M\u00e4dchen sitzt lachend auf einem Pferd. Erf\u00fcllt sie das Bild eines Pferdem\u00e4dchens?"},{"@type":"WebSite","@id":"https:\/\/uelzener.de\/magazin\/#website","url":"https:\/\/uelzener.de\/magazin\/","name":"Uelzener Tiermagazin","description":"Online Tierratgeber der Uelzener Versicherungen","publisher":{"@id":"https:\/\/uelzener.de\/magazin\/#organization"},"potentialAction":[{"@type":"SearchAction","target":{"@type":"EntryPoint","urlTemplate":"https:\/\/uelzener.de\/magazin\/?s={search_term_string}"},"query-input":{"@type":"PropertyValueSpecification","valueRequired":true,"valueName":"search_term_string"}}],"inLanguage":"de"},{"@type":"Organization","@id":"https:\/\/uelzener.de\/magazin\/#organization","name":"Uelzener Versicherungen","url":"https:\/\/uelzener.de\/magazin\/","logo":{"@type":"ImageObject","inLanguage":"de","@id":"https:\/\/uelzener.de\/magazin\/#\/schema\/logo\/image\/","url":"https:\/\/uelzener.de\/magazin\/app\/uploads\/2024\/11\/uelzener_allgemeine_versicherungsgesellschaft_a_g_logo.jpg","contentUrl":"https:\/\/uelzener.de\/magazin\/app\/uploads\/2024\/11\/uelzener_allgemeine_versicherungsgesellschaft_a_g_logo.jpg","width":200,"height":200,"caption":"Uelzener Versicherungen"},"image":{"@id":"https:\/\/uelzener.de\/magazin\/#\/schema\/logo\/image\/"},"sameAs":["https:\/\/www.facebook.com\/Uelzener","https:\/\/instagram.com\/uelzener","https:\/\/www.xing.com\/pages\/uelzenerallgemeineversicherungs-gesellschafta-g","https:\/\/www.youtube.com\/UelzenerVersicherungen"]}]}},"_links":{"self":[{"href":"https:\/\/uelzener.de\/magazin\/wp-json\/wp\/v2\/pages\/15914","targetHints":{"allow":["GET"]}}],"collection":[{"href":"https:\/\/uelzener.de\/magazin\/wp-json\/wp\/v2\/pages"}],"about":[{"href":"https:\/\/uelzener.de\/magazin\/wp-json\/wp\/v2\/types\/page"}],"author":[{"embeddable":true,"href":"https:\/\/uelzener.de\/magazin\/wp-json\/wp\/v2\/users\/11"}],"replies":[{"embeddable":true,"href":"https:\/\/uelzener.de\/magazin\/wp-json\/wp\/v2\/comments?post=15914"}],"version-history":[{"count":7,"href":"https:\/\/uelzener.de\/magazin\/wp-json\/wp\/v2\/pages\/15914\/revisions"}],"predecessor-version":[{"id":19504,"href":"https:\/\/uelzener.de\/magazin\/wp-json\/wp\/v2\/pages\/15914\/revisions\/19504"}],"up":[{"embeddable":true,"href":"https:\/\/uelzener.de\/magazin\/wp-json\/wp\/v2\/pages\/11685"}],"wp:featuredmedia":[{"embeddable":true,"href":"https:\/\/uelzener.de\/magazin\/wp-json\/wp\/v2\/media\/15916"}],"wp:attachment":[{"href":"https:\/\/uelzener.de\/magazin\/wp-json\/wp\/v2\/media?parent=15914"}],"curies":[{"name":"wp","href":"https:\/\/api.w.org\/{rel}","templated":true}]}}