{"id":15895,"date":"2023-07-11T15:34:28","date_gmt":"2023-07-11T13:34:28","guid":{"rendered":"https:\/\/uelzener.de\/magazin\/?page_id=15895"},"modified":"2023-07-11T15:47:56","modified_gmt":"2023-07-11T13:47:56","slug":"joachim-unger","status":"publish","type":"page","link":"https:\/\/uelzener.de\/magazin\/wir\/joachim-unger\/","title":{"rendered":"Joachim Unger: \u201eEigenst\u00e4ndigkeit und Solidarit\u00e4t bewahren.\u201c"},"content":{"rendered":"<p>Joachim Unger hat Rechtswissenschaften an der Universit\u00e4t Hamburg studiert. Bevor er 2018 als Verantwortlicher f\u00fcr den Bereich Recht zur Uelzener kam, hat er die Uelzener seit 2016 als Rechtsanwalt im Vertriebsrecht beraten. Zuvor war er viele Jahre als Jurist in der Telekommunikations- und Digitalbranche t\u00e4tig. <a href=\"https:\/\/uelzener.de\/magazin\/wir\/interview-mit-neuer-vorstandsgruppe\/\">In den Vorstand berufen wurde er im April 2023<\/a> und f\u00fchrt die Uelzener nun zusammen mit <a href=\"https:\/\/uelzener.de\/magazin\/wir\/entscheidend-ist-ein-starker-wille\/\">Imke Brammer-Rahlfs<\/a> und Bernd Fischer.<\/p>\n<h2>Herr Unger, seit April 2023 sind Sie Vorstandsmitglied bei der Uelzener, aber schon eine Weile l\u00e4nger an Bord. Wie sind Sie zur Uelzener gekommen?<\/h2>\n<p>Da hatte der Zufall seine Hand im Spiel. Ich habe die Uelzener seit 2016 als Rechtsanwalt im Vertriebsrecht beraten. Und dann hat die Uelzener mir 2018 tollerweise angeboten, fest f\u00fcr sie zu arbeiten. Das Angebot habe ich sehr gern angenommen. Dar\u00fcber bin ich auch heute noch sehr froh.<\/p>\n<h2>Lassen Sie uns eine kurze Zeitreise unternehmen. Was wollten Sie denn als Kind werden?<\/h2>\n<p>Als Kind wollte ich \u2013 nat\u00fcrlich ganz uneigenn\u00fctzig \u2013 Eisverk\u00e4ufer werden. Ich bin in einem Dorf aufgewachsen, in dem an Sommerabenden immer ein Eiswagen vorbeikam. Ich erinnere mich noch genau an den Eisverk\u00e4ufer mit seiner gro\u00dfen silbernen Glocke. Das fand ich total toll und wollte das auch machen.<\/p>\n<h2>Statt Eisverk\u00e4ufer zu werden, haben Sie dann aber doch Jura studiert. Wie sind Sie beruflich gestartet?<\/h2>\n<p>Meine beruflichen Wurzeln liegen in der rechtlichen Beratung von mittelst\u00e4ndischen Firmen, beispielsweise habe ich mehrere Jahre f\u00fcr einen Mobilfunkunternehmen und einen Fernsehsender gearbeitet.<\/p>\n<h2>Vor 5 Jahren dann der Wechsel zum renommierten Tierversicherer. Was unterscheidet die Uelzener von anderen Tierversicherern? Was ist ihre besondere St\u00e4rke?<\/h2>\n<p>Der gr\u00f6\u00dfte Unterschied ist sicherlich unser Spezialistentum. In unseren Kernsparten macht uns bestimmt keiner etwas vor. Und das ist sicherlich eine unserer gr\u00f6\u00dften St\u00e4rken. Aber unsere Fokussierung auf den Bereich Tier ist nat\u00fcrlich auch eine Schw\u00e4che, da wir \u2013 anders als viele andere Tierversicherer \u2013 nicht quersubventionieren k\u00f6nnen.<\/p>\n<h2>Wo sehen Sie die Uelzener in f\u00fcnf bis zehn Jahren?<\/h2>\n<p>Die Uelzener wird ihre St\u00e4rken als Spezialversicherer nutzen und nach wie vor einer der Platzhirsche im Bereich der <a href=\"https:\/\/uelzener.de\/\">Tierversicherung<\/a> sein. Der Versicherungsschutz wird nat\u00fcrlich noch viel digitaler sein. Vieles wird sich mit ein paar Klicks erledigen lassen. Die Menschen werden ihre Haustiere aber unver\u00e4ndert sch\u00fctzen wollen und die Uelzener wird als verl\u00e4ssliche Partnerin f\u00fcr Mensch und Tier da sein.<\/p>\n<h2>Was m\u00f6gen Sie an der Uelzener besonders?<\/h2>\n<p>Besonders mag ich an der Uelzener den Zusammenhalt der Kollegen und Kolleginnen. Nat\u00fcrlich ist man sich nicht immer einig, aber ich erlebe uns schon als Gemeinschaft, die zusammen anpackt.<\/p>\n<h2>Wie sieht Ihr typischer Arbeitstag aus?<\/h2>\n<p>Einen typischen Arbeitstag gibt es nicht. Wir m\u00fcssen uns im Vorstand immer schnell auf neue Themen einstellen und die Schlagzahl an Themen ist auch im Vorstand hoch. So ist das Typische am ehesten, dass kein Tag wie der andere ist.<\/p>\n<h2>Haben Sie selbst Tiere?<\/h2>\n<p>Ich muss gestehen, dass ich zu den Wenigen bei der Uelzener geh\u00f6re, die kein Haustier haben. Meine Familie und ich wohnen mitten in Hamburg und dieses Umfeld w\u00fcrde einem Deutsch Drahthaar, der unser Favorit w\u00e4re, sicher nicht gerecht werden.<\/p>\n<h2>Dann bleibt Ihnen mehr Zeit f\u00fcr anderes. Wie machen Sie gern in Ihrer Freizeit?<\/h2>\n<p>Ich verbringe viel Zeit mit meiner Frau und mit meinen Kindern, auch wenn die gerade dabei sind, fl\u00fcgge zu werden. Wir haben gl\u00fccklicherweise einen tollen Freundeskreis, mit dem wir viel unternehmen.<\/p>\n<h2>Was ist Ihnen f\u00fcr die Zukunft der Uelzener besonders wichtig?<\/h2>\n<p>Dass wir uns als Uelzener unsere Eigenst\u00e4ndigkeit und unsere Solidarit\u00e4t bewahren.<\/p>\n","protected":false},"excerpt":{"rendered":"<p>Joachim Unger hat Rechtswissenschaften an der Universit\u00e4t Hamburg studiert. Bevor er 2018 als Verantwortlicher f\u00fcr den Bereich Recht zur Uelzener kam, hat er die Uelzener seit 2016 als Rechtsanwalt im Vertriebsrecht beraten. Zuvor war er viele Jahre als Jurist in der Telekommunikations- und Digitalbranche t\u00e4tig. In den Vorstand berufen wurde er im April 2023 und [&hellip;]<\/p>\n","protected":false},"author":11,"featured_media":15898,"parent":2469,"menu_order":1,"comment_status":"closed","ping_status":"closed","template":"templates\/blog.php","meta":{"_acf_changed":false,"_crdt_document":"","footnotes":"","beyondwords_generate_audio":"","beyondwords_project_id":"","beyondwords_content_id":"","beyondwords_preview_token":"","beyondwords_player_style":"","beyondwords_language_id":"","beyondwords_title_voice_id":"","beyondwords_body_voice_id":"","beyondwords_summary_voice_id":"","beyondwords_error_message":"","beyondwords_disabled":"","beyondwords_delete_content":"","beyondwords_podcast_id":"","beyondwords_hash":"","publish_post_to_speechkit":"","speechkit_hash":"","speechkit_generate_audio":"","speechkit_project_id":"","speechkit_podcast_id":"","speechkit_error_message":"","speechkit_disabled":"","speechkit_access_key":"","speechkit_error":"","speechkit_info":"","speechkit_response":"","speechkit_retries":"","speechkit_status":"","speechkit_updated_at":"","_speechkit_link":"","_speechkit_text":""},"class_list":["post-15895","page","type-page","status-publish","has-post-thumbnail","hentry"],"acf":[],"yoast_head":"<!-- This site is optimized with the Yoast SEO Premium plugin  - https:\/\/yoast.com\/product\/yoast-seo-premium-wordpress\/ -->\n<title>Joachim Unger: \u201eEigenst\u00e4ndigkeit und Solidarit\u00e4t bewahren.\u201c | Uelzener Magazin<\/title>\n<meta name=\"description\" content=\"Der neue Vorstand im Interview mit der Uelzener Magazin-Redaktion.\" \/>\n<meta name=\"robots\" content=\"index, follow, max-snippet:-1, max-image-preview:large, max-video-preview:-1\" \/>\n<link rel=\"canonical\" href=\"https:\/\/uelzener.de\/magazin\/wir\/joachim-unger\/\" \/>\n<meta property=\"og:locale\" content=\"de_DE\" \/>\n<meta property=\"og:type\" content=\"article\" \/>\n<meta property=\"og:title\" content=\"Joachim Unger: \u201eEigenst\u00e4ndigkeit und Solidarit\u00e4t bewahren.\u201c\" \/>\n<meta property=\"og:description\" content=\"Der neue Vorstand im Interview mit der Uelzener Magazin-Redaktion.\" \/>\n<meta property=\"og:url\" content=\"https:\/\/uelzener.de\/magazin\/wir\/joachim-unger\/\" \/>\n<meta property=\"og:site_name\" content=\"Uelzener Tier-Magazin\" \/>\n<meta property=\"article:publisher\" content=\"https:\/\/www.facebook.com\/Uelzener\" \/>\n<meta property=\"article:modified_time\" content=\"2023-07-11T13:47:56+00:00\" \/>\n<meta property=\"og:image\" content=\"https:\/\/uelzener.de\/magazin\/app\/uploads\/2023\/07\/joachim-unger-vorstand-uelzener-versicherungen.jpg\" \/>\n\t<meta property=\"og:image:width\" content=\"1025\" \/>\n\t<meta property=\"og:image:height\" content=\"450\" \/>\n\t<meta property=\"og:image:type\" content=\"image\/jpeg\" \/>\n<meta name=\"twitter:card\" content=\"summary_large_image\" \/>\n<meta name=\"twitter:label1\" content=\"Gesch\u00e4tzte Lesezeit\" \/>\n\t<meta name=\"twitter:data1\" content=\"3\u00a0Minuten\" \/>\n<script type=\"application\/ld+json\" class=\"yoast-schema-graph\">{\"@context\":\"https:\/\/schema.org\",\"@graph\":[{\"@type\":\"WebPage\",\"@id\":\"https:\/\/uelzener.de\/magazin\/wir\/joachim-unger\/\",\"url\":\"https:\/\/uelzener.de\/magazin\/wir\/joachim-unger\/\",\"name\":\"Joachim Unger: \u201eEigenst\u00e4ndigkeit und Solidarit\u00e4t bewahren.\u201c | Uelzener Magazin\",\"isPartOf\":{\"@id\":\"https:\/\/uelzener.de\/magazin\/#website\"},\"primaryImageOfPage\":{\"@id\":\"https:\/\/uelzener.de\/magazin\/wir\/joachim-unger\/#primaryimage\"},\"image\":{\"@id\":\"https:\/\/uelzener.de\/magazin\/wir\/joachim-unger\/#primaryimage\"},\"thumbnailUrl\":\"https:\/\/uelzener.de\/magazin\/app\/uploads\/2023\/07\/joachim-unger-vorstand-uelzener-versicherungen.jpg\",\"datePublished\":\"2023-07-11T13:34:28+00:00\",\"dateModified\":\"2023-07-11T13:47:56+00:00\",\"description\":\"Der neue Vorstand im Interview mit der Uelzener Magazin-Redaktion.\",\"breadcrumb\":{\"@id\":\"https:\/\/uelzener.de\/magazin\/wir\/joachim-unger\/#breadcrumb\"},\"inLanguage\":\"de\",\"potentialAction\":[{\"@type\":\"ReadAction\",\"target\":[\"https:\/\/uelzener.de\/magazin\/wir\/joachim-unger\/\"]}]},{\"@type\":\"ImageObject\",\"inLanguage\":\"de\",\"@id\":\"https:\/\/uelzener.de\/magazin\/wir\/joachim-unger\/#primaryimage\",\"url\":\"https:\/\/uelzener.de\/magazin\/app\/uploads\/2023\/07\/joachim-unger-vorstand-uelzener-versicherungen.jpg\",\"contentUrl\":\"https:\/\/uelzener.de\/magazin\/app\/uploads\/2023\/07\/joachim-unger-vorstand-uelzener-versicherungen.jpg\",\"width\":1025,\"height\":450,\"caption\":\"Joachim Unger Vorstand Uelzener Versicherungen seit 2023\"},{\"@type\":\"WebSite\",\"@id\":\"https:\/\/uelzener.de\/magazin\/#website\",\"url\":\"https:\/\/uelzener.de\/magazin\/\",\"name\":\"Uelzener Tiermagazin\",\"description\":\"Online Tierratgeber der Uelzener Versicherungen\",\"publisher\":{\"@id\":\"https:\/\/uelzener.de\/magazin\/#organization\"},\"potentialAction\":[{\"@type\":\"SearchAction\",\"target\":{\"@type\":\"EntryPoint\",\"urlTemplate\":\"https:\/\/uelzener.de\/magazin\/?s={search_term_string}\"},\"query-input\":{\"@type\":\"PropertyValueSpecification\",\"valueRequired\":true,\"valueName\":\"search_term_string\"}}],\"inLanguage\":\"de\"},{\"@type\":\"Organization\",\"@id\":\"https:\/\/uelzener.de\/magazin\/#organization\",\"name\":\"Uelzener Versicherungen\",\"url\":\"https:\/\/uelzener.de\/magazin\/\",\"logo\":{\"@type\":\"ImageObject\",\"inLanguage\":\"de\",\"@id\":\"https:\/\/uelzener.de\/magazin\/#\/schema\/logo\/image\/\",\"url\":\"https:\/\/uelzener.de\/magazin\/app\/uploads\/2024\/11\/uelzener_allgemeine_versicherungsgesellschaft_a_g_logo.jpg\",\"contentUrl\":\"https:\/\/uelzener.de\/magazin\/app\/uploads\/2024\/11\/uelzener_allgemeine_versicherungsgesellschaft_a_g_logo.jpg\",\"width\":200,\"height\":200,\"caption\":\"Uelzener Versicherungen\"},\"image\":{\"@id\":\"https:\/\/uelzener.de\/magazin\/#\/schema\/logo\/image\/\"},\"sameAs\":[\"https:\/\/www.facebook.com\/Uelzener\",\"https:\/\/instagram.com\/uelzener\",\"https:\/\/www.xing.com\/pages\/uelzenerallgemeineversicherungs-gesellschafta-g\",\"https:\/\/www.youtube.com\/UelzenerVersicherungen\"]}]}<\/script>\n<!-- \/ Yoast SEO Premium plugin. -->","yoast_head_json":{"title":"Joachim Unger: \u201eEigenst\u00e4ndigkeit und Solidarit\u00e4t bewahren.\u201c | Uelzener Magazin","description":"Der neue Vorstand im Interview mit der Uelzener Magazin-Redaktion.","robots":{"index":"index","follow":"follow","max-snippet":"max-snippet:-1","max-image-preview":"max-image-preview:large","max-video-preview":"max-video-preview:-1"},"canonical":"https:\/\/uelzener.de\/magazin\/wir\/joachim-unger\/","og_locale":"de_DE","og_type":"article","og_title":"Joachim Unger: \u201eEigenst\u00e4ndigkeit und Solidarit\u00e4t bewahren.\u201c","og_description":"Der neue Vorstand im Interview mit der Uelzener Magazin-Redaktion.","og_url":"https:\/\/uelzener.de\/magazin\/wir\/joachim-unger\/","og_site_name":"Uelzener Tier-Magazin","article_publisher":"https:\/\/www.facebook.com\/Uelzener","article_modified_time":"2023-07-11T13:47:56+00:00","og_image":[{"width":1025,"height":450,"url":"https:\/\/uelzener.de\/magazin\/app\/uploads\/2023\/07\/joachim-unger-vorstand-uelzener-versicherungen.jpg","type":"image\/jpeg"}],"twitter_card":"summary_large_image","twitter_misc":{"Gesch\u00e4tzte Lesezeit":"3\u00a0Minuten"},"schema":{"@context":"https:\/\/schema.org","@graph":[{"@type":"WebPage","@id":"https:\/\/uelzener.de\/magazin\/wir\/joachim-unger\/","url":"https:\/\/uelzener.de\/magazin\/wir\/joachim-unger\/","name":"Joachim Unger: \u201eEigenst\u00e4ndigkeit und Solidarit\u00e4t bewahren.\u201c | Uelzener Magazin","isPartOf":{"@id":"https:\/\/uelzener.de\/magazin\/#website"},"primaryImageOfPage":{"@id":"https:\/\/uelzener.de\/magazin\/wir\/joachim-unger\/#primaryimage"},"image":{"@id":"https:\/\/uelzener.de\/magazin\/wir\/joachim-unger\/#primaryimage"},"thumbnailUrl":"https:\/\/uelzener.de\/magazin\/app\/uploads\/2023\/07\/joachim-unger-vorstand-uelzener-versicherungen.jpg","datePublished":"2023-07-11T13:34:28+00:00","dateModified":"2023-07-11T13:47:56+00:00","description":"Der neue Vorstand im Interview mit der Uelzener Magazin-Redaktion.","breadcrumb":{"@id":"https:\/\/uelzener.de\/magazin\/wir\/joachim-unger\/#breadcrumb"},"inLanguage":"de","potentialAction":[{"@type":"ReadAction","target":["https:\/\/uelzener.de\/magazin\/wir\/joachim-unger\/"]}]},{"@type":"ImageObject","inLanguage":"de","@id":"https:\/\/uelzener.de\/magazin\/wir\/joachim-unger\/#primaryimage","url":"https:\/\/uelzener.de\/magazin\/app\/uploads\/2023\/07\/joachim-unger-vorstand-uelzener-versicherungen.jpg","contentUrl":"https:\/\/uelzener.de\/magazin\/app\/uploads\/2023\/07\/joachim-unger-vorstand-uelzener-versicherungen.jpg","width":1025,"height":450,"caption":"Joachim Unger Vorstand Uelzener Versicherungen seit 2023"},{"@type":"WebSite","@id":"https:\/\/uelzener.de\/magazin\/#website","url":"https:\/\/uelzener.de\/magazin\/","name":"Uelzener Tiermagazin","description":"Online Tierratgeber der Uelzener Versicherungen","publisher":{"@id":"https:\/\/uelzener.de\/magazin\/#organization"},"potentialAction":[{"@type":"SearchAction","target":{"@type":"EntryPoint","urlTemplate":"https:\/\/uelzener.de\/magazin\/?s={search_term_string}"},"query-input":{"@type":"PropertyValueSpecification","valueRequired":true,"valueName":"search_term_string"}}],"inLanguage":"de"},{"@type":"Organization","@id":"https:\/\/uelzener.de\/magazin\/#organization","name":"Uelzener Versicherungen","url":"https:\/\/uelzener.de\/magazin\/","logo":{"@type":"ImageObject","inLanguage":"de","@id":"https:\/\/uelzener.de\/magazin\/#\/schema\/logo\/image\/","url":"https:\/\/uelzener.de\/magazin\/app\/uploads\/2024\/11\/uelzener_allgemeine_versicherungsgesellschaft_a_g_logo.jpg","contentUrl":"https:\/\/uelzener.de\/magazin\/app\/uploads\/2024\/11\/uelzener_allgemeine_versicherungsgesellschaft_a_g_logo.jpg","width":200,"height":200,"caption":"Uelzener Versicherungen"},"image":{"@id":"https:\/\/uelzener.de\/magazin\/#\/schema\/logo\/image\/"},"sameAs":["https:\/\/www.facebook.com\/Uelzener","https:\/\/instagram.com\/uelzener","https:\/\/www.xing.com\/pages\/uelzenerallgemeineversicherungs-gesellschafta-g","https:\/\/www.youtube.com\/UelzenerVersicherungen"]}]}},"_links":{"self":[{"href":"https:\/\/uelzener.de\/magazin\/wp-json\/wp\/v2\/pages\/15895","targetHints":{"allow":["GET"]}}],"collection":[{"href":"https:\/\/uelzener.de\/magazin\/wp-json\/wp\/v2\/pages"}],"about":[{"href":"https:\/\/uelzener.de\/magazin\/wp-json\/wp\/v2\/types\/page"}],"author":[{"embeddable":true,"href":"https:\/\/uelzener.de\/magazin\/wp-json\/wp\/v2\/users\/11"}],"replies":[{"embeddable":true,"href":"https:\/\/uelzener.de\/magazin\/wp-json\/wp\/v2\/comments?post=15895"}],"version-history":[{"count":4,"href":"https:\/\/uelzener.de\/magazin\/wp-json\/wp\/v2\/pages\/15895\/revisions"}],"predecessor-version":[{"id":15900,"href":"https:\/\/uelzener.de\/magazin\/wp-json\/wp\/v2\/pages\/15895\/revisions\/15900"}],"up":[{"embeddable":true,"href":"https:\/\/uelzener.de\/magazin\/wp-json\/wp\/v2\/pages\/2469"}],"wp:featuredmedia":[{"embeddable":true,"href":"https:\/\/uelzener.de\/magazin\/wp-json\/wp\/v2\/media\/15898"}],"wp:attachment":[{"href":"https:\/\/uelzener.de\/magazin\/wp-json\/wp\/v2\/media?parent=15895"}],"curies":[{"name":"wp","href":"https:\/\/api.w.org\/{rel}","templated":true}]}}