{"id":15808,"date":"2023-07-06T12:00:19","date_gmt":"2023-07-06T10:00:19","guid":{"rendered":"https:\/\/uelzener.de\/magazin\/?page_id=15808"},"modified":"2025-08-21T10:57:09","modified_gmt":"2025-08-21T08:57:09","slug":"zughundesport-bikejoering","status":"publish","type":"page","link":"https:\/\/uelzener.de\/magazin\/hund\/erziehung-und-training\/zughundesport-bikejoering\/","title":{"rendered":"Zughundesport: Bikej\u00f6ring"},"content":{"rendered":"<p>Zughundesport im Allgemeinen, Bikej\u00f6ring im Speziellen, st\u00e4rkt die Verbindung zwischen dir und deinem Hund. Denn durch eine Leine verbunden, seid ihr als Team unterwegs und helft einander beim Vorankommen. Doch was geh\u00f6rt eigentlich alles zum Zughundesport?<\/p>\n<h2>Was ist Zughundesport?<\/h2>\n<p>Zughundesport bezeichnet alle Sportarten, bei denen Hund und Mensch durch eine Leine miteinander verbunden und als Team unterwegs sind. So geh\u00f6ren zum Zughundesport ganz verschieden Sportarten. Darunter Dogscooter, Canicross, Skij\u00f6ring oder auch Bikej\u00f6ring, um das es hier gehen soll.<\/p>\n<h2>Bikej\u00f6ring<\/h2>\n<p>Beim Bikej\u00f6ring sind der Hund und sein auf einem Fahrrad fahrender Mensch durch eine Leine miteinander verbunden. Der Hund l\u00e4uft als Zugtier voran und der Mensch unterst\u00fctzt seinen Vierbeiner, indem er mehr oder weniger kr\u00e4ftig in die Pedale tritt.<\/p>\n<p>Vor den ersten Versuchen empfiehlt sich der Besuch eines Kurses. Denn Mensch und Hund m\u00fcssen sich erst mal an die neue Art der Fortbewegung gew\u00f6hnen. Hunde lernen beim Zughundesport ja etwas zu tun, was sie ansonsten nicht machen soll. N\u00e4mlich ziehen. Au\u00dferdem sollte das Hund-Mensch-Team auch mit \u00fcberraschenden Situationen souver\u00e4n umgehen k\u00f6nnen, um Risiken zu vermeiden.<\/p>\n<p>Dazu m\u00fcssen Kommandos einge\u00fcbt werden, die daf\u00fcr sorgen, dass der Sport auch sicher betrieben werden kann. Kurse finden sich in Hundesportvereinen und Hundeschulen. Da Bikej\u00f6ring noch nicht so verbreitet ist, wie andere Hundesportarten, beispielsweise Agility, musst du vielleicht etwas suchen, um eine passende Ausbildung f\u00fcr dich und deinen Hund zu finden. Starte am besten mit einer Internetrecherche mit \u201ebikej\u00f6ring kurs\u201c oder \u201ebikej\u00f6ring ausbildung\u201c und deinem Wohnort oder der n\u00e4chstgr\u00f6\u00dferen Stadt in deiner N\u00e4he. Alternativ kannst du den Suchbegriff Zughundesport verwenden.<\/p>\n\n<div class=\"related_articles boxed\">\n    <h2>Mehr zum Thema<\/h2>\n    \n    <div class=\"wrapper\"><div class=\"title align-center\"><h3><a href=\"https:\/\/uelzener.de\/magazin\/hund\/erziehung-und-training\/agility\/\">Agility: Parcours f\u00fcr Hunde<\/a><\/h3><\/div><div class=\"img align-center\"><img decoding=\"async\" width=\"315\" height=\"180\" src=\"https:\/\/uelzener.de\/magazin\/app\/uploads\/2023\/07\/agility-hund-315x180.jpg\" class=\"attachment-315x180 size-315x180 wp-post-image\" alt=\"Hund durchl\u00e4uft Parcours beim Agility-Training.\" \/><\/div><\/div><div class=\"wrapper\"><div class=\"title align-center\"><h3><a href=\"https:\/\/uelzener.de\/magazin\/hund\/erziehung-und-training\/zughundesport-canicross\/\">Zughundesport: Canicross<\/a><\/h3><\/div><div class=\"img align-center\"><img decoding=\"async\" width=\"315\" height=\"180\" src=\"https:\/\/uelzener.de\/magazin\/app\/uploads\/2023\/08\/canicross-315x180.jpg\" class=\"attachment-315x180 size-315x180 wp-post-image\" alt=\"Hund und Mensch rennen im Nieselregen beim Zughundesport Canicross.\" \/><\/div><\/div><div class=\"wrapper\"><div class=\"title align-center\"><h3><a href=\"https:\/\/uelzener.de\/magazin\/hund\/erziehung-und-training\/top-hunderassen-fuer-agility\/\">Top-Hunderassen f\u00fcr Agility: Diese Hunde eignen sich am besten f\u00fcr den Sport<\/a><\/h3><\/div><div class=\"img align-center\"><img decoding=\"async\" width=\"315\" height=\"180\" src=\"https:\/\/uelzener.de\/magazin\/app\/uploads\/2024\/09\/Top-Hunderassen-fuer-Agility-315x180.jpg\" class=\"attachment-315x180 size-315x180 wp-post-image\" alt=\"Top-Hunderassen f\u00fcr Agility\" \/><\/div><\/div><\/div>\n\n<h2>Welche Ausr\u00fcstung brauche ich f\u00fcr den Zughundesport\/Bikej\u00f6ring?<\/h2>\n<p>Ben\u00f6tigt werden:<\/p>\n<ul>\n<li>ein gel\u00e4ndetaugliches Fahrrad<\/li>\n<li>ein Zuggeschirr, das das Gewicht des Fahrrads mit Fahrer so verteilt, dass der Hund nicht zu stark belastet wird.<\/li>\n<li>eine spezielle Leine nebst Befestigung am Fahrrad (dehnbare Leine, die den Sto\u00df d\u00e4mpft)<\/li>\n<li>Helm, Handschuhe und Protektoren sind f\u00fcr den Menschen Pflicht.<\/li>\n<\/ul>\n<h2>Welche Kommandos sollten Mensch und Hund beherrschen?<\/h2>\n<p>Traditionell wurden zumeist die Kommandos verwendet, mit denen die Musher, die Schlittenhundf\u00fchrer:innen, ihre Hunde steuern. Beispielsweise \u201eGee\u201c f\u00fcr \u201eRechts\u201c und \u201eHaw\u201c f\u00fcr \u201eLinks\u201c. Diese Kommandos werden immer noch im internationalen Hundesport verwendet. Im Hobbybereich im deutschsprachigen Raum trifft man vielfach auf deutschsprachige Kommandos, wie:<\/p>\n<ul>\n<li>Start oder Go<\/li>\n<li>Stopp oder Halt<\/li>\n<li>Rechts<\/li>\n<li>Links<\/li>\n<li>Geradeaus<\/li>\n<li>Langsam oder Ruhe<\/li>\n<li>Zur\u00fcck oder Hinter<\/li>\n<\/ul>\n<h2>Welche Hunde eignen sich f\u00fcr den Zughundesport?<\/h2>\n<p>Beim Zughundesport denken viele unmittelbar an Hunderassen, wie <a href=\"https:\/\/uelzener.de\/magazin\/hund\/rasseportrait\/husky\/\">Huskys<\/a>, die traditionell f\u00fcr <a href=\"https:\/\/uelzener.de\/magazin\/hund\/rasseportrait\/schlittenhunde-diese-rassen-eignen-sich-fuers-schlittenziehen\/\">Schlittenhundrennen<\/a> verwendet werden. Grunds\u00e4tzlich eignen sich alle Rassen und Mischlinge, die folgende Kriterien erf\u00fcllen:<\/p>\n<ul>\n<li>Mindestens 18 Monate alt<\/li>\n<li>Gesund<\/li>\n<li>Gerne laufen (oder auch jagen)<\/li>\n<li>Gr\u00f6\u00dfere Hunde, ab ca. 18 kg, weil das Verh\u00e4ltnis zwischen Mensch und Hund ausgewogen sein sollte. (Allerdings kann man durch die M\u00f6glichkeit des Mittretens auf dem Fahrrad auch mit kleineren Hunden Bikej\u00f6ring betreiben.) Im Hinterkopf haben sollte man: Ein Hund kann ca. das Dreifache des eigenen Gewichts ziehen.<\/li>\n<\/ul>\n<h2>Bikej\u00f6ring-Wettbewerbe<\/h2>\n<p>Wo Sport betrieben wird, gibt es in der Regel auch Wettk\u00e4mpfe. Das gilt auch f\u00fcr das Bikej\u00f6ring. Oftmals finden Zughundesport-Turniere statt, in dessen Rahmen dann verschiedene Wettbewerbe zu unterschiedlichen Disziplinen angeboten werden. Dort findet man Bikej\u00f6ring neben Dogscooter, Canicross oder Skij\u00f6ring.<\/p>\n<h3>Hier sind f\u00fcnf bekannte Bikej\u00f6ring-Wettbewerbe:<\/h3>\n<p>1. Bikej\u00f6ring World Championship: Dies ist das wichtigste Bikej\u00f6ring-Event der Welt. Es findet j\u00e4hrlich an wechselnden Orten statt und zieht Teilnehmer aus verschiedenen L\u00e4ndern an.<\/p>\n<p>2. European Bikej\u00f6ring Championship: Diese Meisterschaft wird ebenfalls j\u00e4hrlich ausgetragen und ist speziell f\u00fcr europ\u00e4ische Bikej\u00f6ring-Teams gedacht. Der Austragungsort variiert von Jahr zu Jahr.<\/p>\n<p>3. Iditarod Trail Invitational: Obwohl der Iditarod als bekanntes Hundeschlittenrennen bekannt ist, bietet dieser Wettbewerb auch eine Bikej\u00f6ring-Kategorie. Das Rennen findet in Alaska, USA, statt und gilt als eine der anspruchsvollsten Bikej\u00f6ring-Veranstaltungen weltweit.<\/p>\n<p>4. Scandinavian Championship in Bikej\u00f6ring: Dieser Wettbewerb konzentriert sich auf Bikej\u00f6ring-Teams aus den skandinavischen L\u00e4ndern, wie Norwegen, Schweden, D\u00e4nemark und Finnland. Es ist ein j\u00e4hrliches Ereignis mit unterschiedlichen Austragungsorten.<\/p>\n<p>5. Rocky Mountain Bikej\u00f6ring Race: Dieser Wettbewerb findet in den Rocky Mountains in den USA statt. Er zieht Fahrer aus verschiedenen Teilen des Landes an und bietet eine atemberaubende Kulisse f\u00fcr das Bikej\u00f6ring-Erlebnis.<\/p>\n<p>Bitte beachten Sie, dass sich die Verf\u00fcgbarkeit und der Status von Bikej\u00f6ring-Wettbewerben \u00e4ndern k\u00f6nnen. Es wird empfohlen, aktuelle Informationen zu den Veranstaltungen zu recherchieren, um sicherzustellen, dass sie stattfinden und f\u00fcr die Teilnahme offen sind.<\/p>\n<h2>Ist Bikej\u00f6ring gef\u00e4hrlich?<\/h2>\n<p>Wie fast jeder Hundesport birgt auch Bikej\u00f6ring Risiken. Da diese Sportart auf \u00f6ffentlichen Wegen und Stra\u00dfen betrieben wird, muss man mit zus\u00e4tzlichen Risiken rechnen. So gibt es durch die Geschwindigkeit ein erh\u00f6htes <a href=\"https:\/\/uelzener.de\/magazin\/hund\/erziehung-und-training\/verletzungen-beim-hundesport\/\">Verletzungsrisiko<\/a>, au\u00dferdem verst\u00e4rkte Sturzgefahr f\u00fcr Halter:innen. Wenn Bikej\u00f6ring im \u00f6ffentlichen Raum betrieben wird, kann auch das Risiko f\u00fcr andere Verkehrsteilnehmer steigen. Eine Hundehaftpflichtversicherung ist ein unverzichtbarer Schutz und kann dich vor finanziellen Folgen von Personen-, Sach- und Verm\u00f6genssch\u00e4den sch\u00fctzen. In vielen Bundesl\u00e4ndern sie sogar verpflichtend.<\/p>\n\n<div class=\"banner\">\n    <a href=\"https:\/\/uelzener.de\/hund\/hunde-krankenversicherung\/?agt=0000104925&sem=true&utm_medium=magazin&utm_source=wordpress&utm_campaign=hund_kv&utm_content=banner\">\n        <img decoding=\"async\" width=\"300\" height=\"212\" src=\"https:\/\/uelzener.de\/magazin\/app\/uploads\/2025\/01\/Hunde-Kranken-Versicherung.jpg\" class=\"attachment-medium size-medium\" alt=\"Banner Hunde-Kranken-Versicherung\" \/>    <\/a>\n<\/div>\n\n<h2>Fazit:<\/h2>\n<p>Ob <a href=\"https:\/\/uelzener.de\/magazin\/hund\/tipps-fuer-den-alltag\/wandern-mit-hund-tipps-tricks\/\">Wandern<\/a> oder Hundesport. Mit dem geliebten Vierbeiner als Team in der Natur unterwegs zu sein, ist eine besondere Erfahrung. Bikej\u00f6ring bietet sich besonders an. L\u00e4sst es sich doch weitestgehend unabh\u00e4ngig von der Witterung durchf\u00fchren. Diese Sportart ist auch f\u00fcr weniger starke Hunde geeignet, weil man auf dem Fahrrad seinen Vierbeiner sehr gut durch Mittreten unterst\u00fctzen kann. Wer Lust auf Bikej\u00f6ring hat, sollte Wert auf eine hochwertige Ausr\u00fcstung und fundierte Ausbildung des Hund-Mensch-Teams legen. Denn so sind beste Voraussetzungen f\u00fcr unbeschwerten Spa\u00df am Sport gelegt.<\/p>\n<h2>FAQs: H\u00e4ufig gestellte Fragen<\/h2>\n<h3>In welchem Alter mit Zughundesport anfangen?<\/h3>\n<p>Je nach Disziplin sollten Hunde f\u00fcr den Zughundesport mindestens 15 Monate (Canicross) oder 18 Monate (Bikej\u00f6ring) alt sein.<\/p>\n<h3>Wie lange darf ein Hund am Fahrrad laufen?<\/h3>\n<p>Wie lange ein Hund am Fahrrad laufen darf, h\u00e4ngen von Rasse, Alter, Fitness und Gesundheitszustand des Hundes ab. Zu langes Laufen kann den Hund \u00fcberlasten. Daher sollte der Trainingsumfang individuell angepasst sein. Im Schnitt k\u00f6nnen es zwischen 5 und 20 Kilometern sein. Jedoch sind auch k\u00fcrzere oder auch l\u00e4ngere L\u00e4ufe m\u00f6glich. Zughundesport sollte nur bei moderaten Temperaturen (unter 15 \u00b0C) betrieben werden.<\/p>\n<h3>Bei welchen Temperaturen sollte man Zughundesport betreiben<\/h3>\n<p>Zughundesport sollte nicht bei zu hohen Temperaturen betrieben werden. Hunde schwitzen nicht (au\u00dfer an den Pfoten). Eine erh\u00f6hte K\u00f6rpertemperatur kann ausschlie\u00dflich \u00fcber die Schnauze und das typische Hecheln reguliert werden. Bei erh\u00f6hter Luftfeuchtigkeit gelingt auch dies schwieriger. Daher \u00fcberhitzen Hunde relativ schnell. Denn Hunde haben bereits eine h\u00f6here Normaltemperatur als wir Menschen. Bei Hunden liegt die durchschnittliche normale K\u00f6rpertemperatur bei ca. 38 \u2013 39 \u00b0C. \u00dcberhitzt sich ein Hund, sollte die Temperatur m\u00f6glichst schnell gesenkt werden. Geschieht das nicht droht ein <a href=\"https:\/\/uelzener.de\/magazin\/hund\/tiergesundheit\/hitzschlag-hund-abkuehlen\/\" target=\"_blank\" rel=\"noopener\">Hitzschlag<\/a>, bei dem es zu gesundheitlichen Problemen u.a. im zentralen Nervensystem und der Nieren kommen kann. Selbst eine tier\u00e4rztliche Versorgung kann einen Hund dann wom\u00f6glich nicht mehr retten. Daher: Bikej\u00f6ring sollte bei k\u00fchleren Temperaturen betrieben werden. Wenn sie die 15 \u00b0C \u00fcbersteigen, sollte man sehr bewusst entscheiden und dabei Wind und Luftfeuchtigkeit mit in seine \u00dcberlegungen einbeziehen.<\/p>\n","protected":false},"excerpt":{"rendered":"<p>Zughundesport im Allgemeinen, Bikej\u00f6ring im Speziellen, st\u00e4rkt die Verbindung zwischen dir und deinem Hund. Denn durch eine Leine verbunden, seid ihr als Team unterwegs und helft einander beim Vorankommen. Doch was geh\u00f6rt eigentlich alles zum Zughundesport? Was ist Zughundesport? Zughundesport bezeichnet alle Sportarten, bei denen Hund und Mensch durch eine Leine miteinander verbunden und als [&hellip;]<\/p>\n","protected":false},"author":11,"featured_media":15811,"parent":11679,"menu_order":10,"comment_status":"closed","ping_status":"closed","template":"templates\/blog.php","meta":{"_acf_changed":false,"_crdt_document":"","footnotes":"","beyondwords_generate_audio":"","beyondwords_project_id":"","beyondwords_content_id":"","beyondwords_preview_token":"","beyondwords_player_style":"","beyondwords_language_id":"","beyondwords_title_voice_id":"","beyondwords_body_voice_id":"","beyondwords_summary_voice_id":"","beyondwords_error_message":"","beyondwords_disabled":"","beyondwords_delete_content":"","beyondwords_podcast_id":"","beyondwords_hash":"","publish_post_to_speechkit":"","speechkit_hash":"","speechkit_generate_audio":"","speechkit_project_id":"","speechkit_podcast_id":"","speechkit_error_message":"","speechkit_disabled":"","speechkit_access_key":"","speechkit_error":"","speechkit_info":"","speechkit_response":"","speechkit_retries":"","speechkit_status":"","speechkit_updated_at":"","_speechkit_link":"","_speechkit_text":""},"class_list":["post-15808","page","type-page","status-publish","has-post-thumbnail","hentry"],"acf":[],"yoast_head":"<!-- This site is optimized with the Yoast SEO Premium plugin  - https:\/\/yoast.com\/product\/yoast-seo-premium-wordpress\/ -->\n<title>Zughundesport: Bikej\u00f6ring | Uelzener Magazin<\/title>\n<meta name=\"description\" content=\"Alle Informationen zu Ausr\u00fcstung \u2714 Risiken \u2714 und f\u00fcr welche Hunde dieser Zughundesport geeignet ist \u2714\" \/>\n<meta name=\"robots\" content=\"index, follow, max-snippet:-1, max-image-preview:large, max-video-preview:-1\" \/>\n<link rel=\"canonical\" href=\"https:\/\/uelzener.de\/magazin\/hund\/erziehung-und-training\/zughundesport-bikejoering\/\" \/>\n<meta property=\"og:locale\" content=\"de_DE\" \/>\n<meta property=\"og:type\" content=\"article\" \/>\n<meta property=\"og:title\" content=\"Zughundesport: Bikej\u00f6ring\" \/>\n<meta property=\"og:description\" content=\"Alle Informationen zu Ausr\u00fcstung \u2714 Risiken \u2714 und f\u00fcr welche Hunde dieser Zughundesport geeignet ist \u2714\" \/>\n<meta property=\"og:url\" content=\"https:\/\/uelzener.de\/magazin\/hund\/erziehung-und-training\/zughundesport-bikejoering\/\" \/>\n<meta property=\"og:site_name\" content=\"Uelzener Tier-Magazin\" \/>\n<meta property=\"article:publisher\" content=\"https:\/\/www.facebook.com\/Uelzener\" \/>\n<meta property=\"article:modified_time\" content=\"2025-08-21T08:57:09+00:00\" \/>\n<meta property=\"og:image\" content=\"https:\/\/uelzener.de\/magazin\/app\/uploads\/2023\/07\/bikejoering.jpg\" \/>\n\t<meta property=\"og:image:width\" content=\"1025\" \/>\n\t<meta property=\"og:image:height\" content=\"450\" \/>\n\t<meta property=\"og:image:type\" content=\"image\/jpeg\" \/>\n<meta name=\"twitter:card\" content=\"summary_large_image\" \/>\n<meta name=\"twitter:label1\" content=\"Gesch\u00e4tzte Lesezeit\" \/>\n\t<meta name=\"twitter:data1\" content=\"7\u00a0Minuten\" \/>\n<script type=\"application\/ld+json\" class=\"yoast-schema-graph\">{\"@context\":\"https:\/\/schema.org\",\"@graph\":[{\"@type\":\"WebPage\",\"@id\":\"https:\/\/uelzener.de\/magazin\/hund\/erziehung-und-training\/zughundesport-bikejoering\/\",\"url\":\"https:\/\/uelzener.de\/magazin\/hund\/erziehung-und-training\/zughundesport-bikejoering\/\",\"name\":\"Zughundesport: Bikej\u00f6ring | Uelzener Magazin\",\"isPartOf\":{\"@id\":\"https:\/\/uelzener.de\/magazin\/#website\"},\"primaryImageOfPage\":{\"@id\":\"https:\/\/uelzener.de\/magazin\/hund\/erziehung-und-training\/zughundesport-bikejoering\/#primaryimage\"},\"image\":{\"@id\":\"https:\/\/uelzener.de\/magazin\/hund\/erziehung-und-training\/zughundesport-bikejoering\/#primaryimage\"},\"thumbnailUrl\":\"https:\/\/uelzener.de\/magazin\/app\/uploads\/2023\/07\/bikejoering.jpg\",\"datePublished\":\"2023-07-06T10:00:19+00:00\",\"dateModified\":\"2025-08-21T08:57:09+00:00\",\"description\":\"Alle Informationen zu Ausr\u00fcstung \u2714 Risiken \u2714 und f\u00fcr welche Hunde dieser Zughundesport geeignet ist \u2714\",\"breadcrumb\":{\"@id\":\"https:\/\/uelzener.de\/magazin\/hund\/erziehung-und-training\/zughundesport-bikejoering\/#breadcrumb\"},\"inLanguage\":\"de\",\"potentialAction\":[{\"@type\":\"ReadAction\",\"target\":[\"https:\/\/uelzener.de\/magazin\/hund\/erziehung-und-training\/zughundesport-bikejoering\/\"]}]},{\"@type\":\"ImageObject\",\"inLanguage\":\"de\",\"@id\":\"https:\/\/uelzener.de\/magazin\/hund\/erziehung-und-training\/zughundesport-bikejoering\/#primaryimage\",\"url\":\"https:\/\/uelzener.de\/magazin\/app\/uploads\/2023\/07\/bikejoering.jpg\",\"contentUrl\":\"https:\/\/uelzener.de\/magazin\/app\/uploads\/2023\/07\/bikejoering.jpg\",\"width\":1025,\"height\":450,\"caption\":\"Hund zieht Rad beim Zughundesport Bikej\u00f6ring.\"},{\"@type\":\"WebSite\",\"@id\":\"https:\/\/uelzener.de\/magazin\/#website\",\"url\":\"https:\/\/uelzener.de\/magazin\/\",\"name\":\"Uelzener Tiermagazin\",\"description\":\"Online Tierratgeber der Uelzener Versicherungen\",\"publisher\":{\"@id\":\"https:\/\/uelzener.de\/magazin\/#organization\"},\"potentialAction\":[{\"@type\":\"SearchAction\",\"target\":{\"@type\":\"EntryPoint\",\"urlTemplate\":\"https:\/\/uelzener.de\/magazin\/?s={search_term_string}\"},\"query-input\":{\"@type\":\"PropertyValueSpecification\",\"valueRequired\":true,\"valueName\":\"search_term_string\"}}],\"inLanguage\":\"de\"},{\"@type\":\"Organization\",\"@id\":\"https:\/\/uelzener.de\/magazin\/#organization\",\"name\":\"Uelzener Versicherungen\",\"url\":\"https:\/\/uelzener.de\/magazin\/\",\"logo\":{\"@type\":\"ImageObject\",\"inLanguage\":\"de\",\"@id\":\"https:\/\/uelzener.de\/magazin\/#\/schema\/logo\/image\/\",\"url\":\"https:\/\/uelzener.de\/magazin\/app\/uploads\/2024\/11\/uelzener_allgemeine_versicherungsgesellschaft_a_g_logo.jpg\",\"contentUrl\":\"https:\/\/uelzener.de\/magazin\/app\/uploads\/2024\/11\/uelzener_allgemeine_versicherungsgesellschaft_a_g_logo.jpg\",\"width\":200,\"height\":200,\"caption\":\"Uelzener Versicherungen\"},\"image\":{\"@id\":\"https:\/\/uelzener.de\/magazin\/#\/schema\/logo\/image\/\"},\"sameAs\":[\"https:\/\/www.facebook.com\/Uelzener\",\"https:\/\/instagram.com\/uelzener\",\"https:\/\/www.xing.com\/pages\/uelzenerallgemeineversicherungs-gesellschafta-g\",\"https:\/\/www.youtube.com\/UelzenerVersicherungen\"]}]}<\/script>\n<!-- \/ Yoast SEO Premium plugin. -->","yoast_head_json":{"title":"Zughundesport: Bikej\u00f6ring | Uelzener Magazin","description":"Alle Informationen zu Ausr\u00fcstung \u2714 Risiken \u2714 und f\u00fcr welche Hunde dieser Zughundesport geeignet ist \u2714","robots":{"index":"index","follow":"follow","max-snippet":"max-snippet:-1","max-image-preview":"max-image-preview:large","max-video-preview":"max-video-preview:-1"},"canonical":"https:\/\/uelzener.de\/magazin\/hund\/erziehung-und-training\/zughundesport-bikejoering\/","og_locale":"de_DE","og_type":"article","og_title":"Zughundesport: Bikej\u00f6ring","og_description":"Alle Informationen zu Ausr\u00fcstung \u2714 Risiken \u2714 und f\u00fcr welche Hunde dieser Zughundesport geeignet ist \u2714","og_url":"https:\/\/uelzener.de\/magazin\/hund\/erziehung-und-training\/zughundesport-bikejoering\/","og_site_name":"Uelzener Tier-Magazin","article_publisher":"https:\/\/www.facebook.com\/Uelzener","article_modified_time":"2025-08-21T08:57:09+00:00","og_image":[{"width":1025,"height":450,"url":"https:\/\/uelzener.de\/magazin\/app\/uploads\/2023\/07\/bikejoering.jpg","type":"image\/jpeg"}],"twitter_card":"summary_large_image","twitter_misc":{"Gesch\u00e4tzte Lesezeit":"7\u00a0Minuten"},"schema":{"@context":"https:\/\/schema.org","@graph":[{"@type":"WebPage","@id":"https:\/\/uelzener.de\/magazin\/hund\/erziehung-und-training\/zughundesport-bikejoering\/","url":"https:\/\/uelzener.de\/magazin\/hund\/erziehung-und-training\/zughundesport-bikejoering\/","name":"Zughundesport: Bikej\u00f6ring | Uelzener Magazin","isPartOf":{"@id":"https:\/\/uelzener.de\/magazin\/#website"},"primaryImageOfPage":{"@id":"https:\/\/uelzener.de\/magazin\/hund\/erziehung-und-training\/zughundesport-bikejoering\/#primaryimage"},"image":{"@id":"https:\/\/uelzener.de\/magazin\/hund\/erziehung-und-training\/zughundesport-bikejoering\/#primaryimage"},"thumbnailUrl":"https:\/\/uelzener.de\/magazin\/app\/uploads\/2023\/07\/bikejoering.jpg","datePublished":"2023-07-06T10:00:19+00:00","dateModified":"2025-08-21T08:57:09+00:00","description":"Alle Informationen zu Ausr\u00fcstung \u2714 Risiken \u2714 und f\u00fcr welche Hunde dieser Zughundesport geeignet ist \u2714","breadcrumb":{"@id":"https:\/\/uelzener.de\/magazin\/hund\/erziehung-und-training\/zughundesport-bikejoering\/#breadcrumb"},"inLanguage":"de","potentialAction":[{"@type":"ReadAction","target":["https:\/\/uelzener.de\/magazin\/hund\/erziehung-und-training\/zughundesport-bikejoering\/"]}]},{"@type":"ImageObject","inLanguage":"de","@id":"https:\/\/uelzener.de\/magazin\/hund\/erziehung-und-training\/zughundesport-bikejoering\/#primaryimage","url":"https:\/\/uelzener.de\/magazin\/app\/uploads\/2023\/07\/bikejoering.jpg","contentUrl":"https:\/\/uelzener.de\/magazin\/app\/uploads\/2023\/07\/bikejoering.jpg","width":1025,"height":450,"caption":"Hund zieht Rad beim Zughundesport Bikej\u00f6ring."},{"@type":"WebSite","@id":"https:\/\/uelzener.de\/magazin\/#website","url":"https:\/\/uelzener.de\/magazin\/","name":"Uelzener Tiermagazin","description":"Online Tierratgeber der Uelzener Versicherungen","publisher":{"@id":"https:\/\/uelzener.de\/magazin\/#organization"},"potentialAction":[{"@type":"SearchAction","target":{"@type":"EntryPoint","urlTemplate":"https:\/\/uelzener.de\/magazin\/?s={search_term_string}"},"query-input":{"@type":"PropertyValueSpecification","valueRequired":true,"valueName":"search_term_string"}}],"inLanguage":"de"},{"@type":"Organization","@id":"https:\/\/uelzener.de\/magazin\/#organization","name":"Uelzener Versicherungen","url":"https:\/\/uelzener.de\/magazin\/","logo":{"@type":"ImageObject","inLanguage":"de","@id":"https:\/\/uelzener.de\/magazin\/#\/schema\/logo\/image\/","url":"https:\/\/uelzener.de\/magazin\/app\/uploads\/2024\/11\/uelzener_allgemeine_versicherungsgesellschaft_a_g_logo.jpg","contentUrl":"https:\/\/uelzener.de\/magazin\/app\/uploads\/2024\/11\/uelzener_allgemeine_versicherungsgesellschaft_a_g_logo.jpg","width":200,"height":200,"caption":"Uelzener Versicherungen"},"image":{"@id":"https:\/\/uelzener.de\/magazin\/#\/schema\/logo\/image\/"},"sameAs":["https:\/\/www.facebook.com\/Uelzener","https:\/\/instagram.com\/uelzener","https:\/\/www.xing.com\/pages\/uelzenerallgemeineversicherungs-gesellschafta-g","https:\/\/www.youtube.com\/UelzenerVersicherungen"]}]}},"_links":{"self":[{"href":"https:\/\/uelzener.de\/magazin\/wp-json\/wp\/v2\/pages\/15808","targetHints":{"allow":["GET"]}}],"collection":[{"href":"https:\/\/uelzener.de\/magazin\/wp-json\/wp\/v2\/pages"}],"about":[{"href":"https:\/\/uelzener.de\/magazin\/wp-json\/wp\/v2\/types\/page"}],"author":[{"embeddable":true,"href":"https:\/\/uelzener.de\/magazin\/wp-json\/wp\/v2\/users\/11"}],"replies":[{"embeddable":true,"href":"https:\/\/uelzener.de\/magazin\/wp-json\/wp\/v2\/comments?post=15808"}],"version-history":[{"count":12,"href":"https:\/\/uelzener.de\/magazin\/wp-json\/wp\/v2\/pages\/15808\/revisions"}],"predecessor-version":[{"id":18895,"href":"https:\/\/uelzener.de\/magazin\/wp-json\/wp\/v2\/pages\/15808\/revisions\/18895"}],"up":[{"embeddable":true,"href":"https:\/\/uelzener.de\/magazin\/wp-json\/wp\/v2\/pages\/11679"}],"wp:featuredmedia":[{"embeddable":true,"href":"https:\/\/uelzener.de\/magazin\/wp-json\/wp\/v2\/media\/15811"}],"wp:attachment":[{"href":"https:\/\/uelzener.de\/magazin\/wp-json\/wp\/v2\/media?parent=15808"}],"curies":[{"name":"wp","href":"https:\/\/api.w.org\/{rel}","templated":true}]}}