{"id":15803,"date":"2023-07-11T13:00:10","date_gmt":"2023-07-11T11:00:10","guid":{"rendered":"https:\/\/uelzener.de\/magazin\/?page_id=15803"},"modified":"2025-11-20T10:10:11","modified_gmt":"2025-11-20T09:10:11","slug":"blinde-hunde","status":"publish","type":"page","link":"https:\/\/uelzener.de\/magazin\/hund\/haeufige-fragen\/blinde-hunde\/","title":{"rendered":"Blinde Hunde: Tipps f\u00fcr ein gl\u00fcckliches Hundeleben trotz Handicap"},"content":{"rendered":"<p>Hunde k\u00f6nnen im Laufe ihres Lebens erblinden oder bereits als Welpe blind geboren werden. Da f\u00fcr Hunde Riechen und H\u00f6ren die wichtigsten Sinne zur Orientierung sind, k\u00f6nnen die meisten Hunde relativ gut auch ohne ihre Sehf\u00e4higkeit auskommen. Dennoch ist wichtig zu wissen, wie man seinen erblindeten Hund im Alltag unterst\u00fctzen kann, sodass der Verlust seiner Sehkraft m\u00f6glichst wenig ins Gewicht f\u00e4llt.<\/p>\n<h2>Warum Hunde blind werden<\/h2>\n<p>Es gibt unterschiedliche Ursachen f\u00fcr die Erblindung von Hunden. So k\u00f6nnen Hunde blind geboren werden oder aber im Laufe ihres Lebens erblinden.<\/p>\n<p>Ursachen f\u00fcr eine Einschr\u00e4nkung der Sehkraft oder auch Erblindung k\u00f6nnen sein:<\/p>\n<ul>\n<li>Genetische Erkrankungen, wie die Progressive Retinaatrophie (PRA). Unter diesem Namen werden verschiedene Erkrankungen zusammengefasst. Allen gemeinsam ist das allm\u00e4hliche und unaufhaltsame Absterben der Netzhaut. Dies f\u00fchrt nach und nach zur Erblindung des Hundes. Die Progressive Retinaatrophie ist nicht heilbar. Daher ist es besonders wichtig bei der Zucht darauf zu achten, diesen genetischen Defekt m\u00f6glichst nicht weiterzuvererben.<\/li>\n<li>Verletzungen an den Augen (durch Fremdk\u00f6rper, Kratzer beim Spielen mit anderen Hunden, Zusammenst\u00f6\u00dfe, Chemikalien (Reinigungsmittel)<\/li>\n<li>Augenkrankheiten, wie Katarakt (Grauer Star), Glaukom (Gr\u00fcner Star) oder auch eine unbehandelte (Konjunktivitis) Bindehautentz\u00fcndung k\u00f6nnen zur Erblindung f\u00fchren.<\/li>\n<li>Infektionen, wie Canine Herpesvirus, Hornhaut- oder Bindehautentz\u00fcndungen oder Staupe k\u00f6nnen ebenfalls eine starke Einschr\u00e4nkung der Sehkraft oder Erblindung zur Folge haben. Gegen letzteres kann man seinen Hund durch eine Impfung sch\u00fctzen.<\/li>\n<\/ul>\n\n<div class=\"related_articles boxed\">\n    <h2>Mehr zum Thema<\/h2>\n    \n    <div class=\"wrapper\"><div class=\"title align-center\"><h3><a href=\"https:\/\/uelzener.de\/magazin\/hund\/tiergesundheit\/bindehautentzuendung-beim-hund\/\">Bindehautentz\u00fcndung beim Hund erkennen und behandeln<\/a><\/h3><\/div><div class=\"img align-center\"><img decoding=\"async\" width=\"315\" height=\"180\" src=\"https:\/\/uelzener.de\/magazin\/app\/uploads\/2023\/01\/bindehautentzuendung-hund-315x180.jpg\" class=\"attachment-315x180 size-315x180 wp-post-image\" alt=\"Hund mit Bindehautentz\u00fcndung wird von einer Tier\u00e4rztin untersucht.\" \/><\/div><\/div><div class=\"wrapper\"><div class=\"title align-center\"><h3><a href=\"https:\/\/uelzener.de\/magazin\/hund\/tiergesundheit\/grauer-star-beim-hund\/\">Grauer Star beim Hund: Ursachen, Symptome und Heilungschancen<\/a><\/h3><\/div><div class=\"img align-center\"><img decoding=\"async\" width=\"315\" height=\"180\" src=\"https:\/\/uelzener.de\/magazin\/app\/uploads\/2025\/11\/grauer-star-hund-315x180.jpg\" class=\"attachment-315x180 size-315x180 wp-post-image\" alt=\"Hund mit Grauer Star.\" \/><\/div><\/div><div class=\"wrapper\"><div class=\"title align-center\"><h3><a href=\"https:\/\/uelzener.de\/magazin\/hund\/tiergesundheit\/gruener-star-beim-hund\/\">Gr\u00fcner Star beim Hund: Wenn das Augenlicht in Gefahr ist<\/a><\/h3><\/div><div class=\"img align-center\"><img decoding=\"async\" width=\"315\" height=\"138\" src=\"https:\/\/uelzener.de\/magazin\/app\/uploads\/2025\/09\/gruener-star-hund.png\" class=\"attachment-315x180 size-315x180 wp-post-image\" alt=\"Blinder Hund mit Gr\u00fcnem Star.\" \/><\/div><\/div><\/div>\n\n<h2>Wie orientieren sich blinde Hunde?<\/h2>\n<p>Blinde Hunde orientieren sich vorwiegend mit den Sinnen, die noch funktionieren. Diese werden durch die fehlende Sehkraft st\u00e4rker beansprucht und trainiert, sodass die \u00fcbrigen Sinne bei blinden Hunden leistungsf\u00e4higer sind als bei sehenden Hunden.<\/p>\n<p>So orientieren sich blinde Hunde mit:<\/p>\n<ul>\n<li>Geh\u00f6r<\/li>\n<li>Geruchsinn<\/li>\n<li>Tastsinn (Pfoten und Schnauze)<\/li>\n<\/ul>\n<p>In vertrauter Umgebung k\u00f6nnen sie sich vergleichsweise gut orientieren, weil sie gelernt haben, wo M\u00f6bel stehen, sich T\u00fcrrahmen befinden oder an welchem Ort sie Futterstelle und Schlafplatz finden.<\/p>\n<p>Dennoch ist es n\u00f6tig und hilfreich, erblindete Hunde zu unterst\u00fctzen, sich trotz des Verlustes der Sehkraft im Alltag zurechtzufinden. Dazu gibt es diverse Hilfsmittel.<\/p>\n<h2>Hilfsmittel<\/h2>\n<p>Blinde oder in ihrer Sehkraft stark eingeschr\u00e4nkte Hunde sollten besonders vor Verletzungen oder auch Erschrecken gesch\u00fctzt werden:<\/p>\n<ul>\n<li><a href=\"https:\/\/uelzener.de\/magazin\/hund\/haeufige-fragen\/halsband-oder-geschirr\/\" target=\"_blank\" rel=\"noopener\">Hundegeschirr<\/a> kennen wir von <a href=\"https:\/\/uelzener.de\/magazin\/hund\/tipps-fuer-den-alltag\/blindenhund\/\">Blindenf\u00fchrhunden<\/a>, die sehbehinderte Menschen mit Hilfe eines Geschirrs durch ihren Alltag lotsen. Ein \u00e4hnliches Hundegeschirr kann helfen, einen erblindeten Hund vor Verletzungen zu sch\u00fctzen. Bei diesem Hilfsgeschirr befindet sich der B\u00fcgel jedoch vor dem Kopf des Hundes, um ihn vor Hindernissen zu sch\u00fctzen.<\/li>\n<li>Helme, Kopfschutz und Augenschutz k\u00f6nnen blinde Hunde vor Fremdk\u00f6rpern sch\u00fctzen, denen ein sehender Hund automatisch ausweichen w\u00fcrde.<\/li>\n<li>Treppengitter bewahren blinde Hunde vor einem unbeabsichtigten Betreten der Treppe und einem m\u00f6glichen Sturz.<\/li>\n<li>Kleine Gl\u00f6ckchen, die die mit einem blinden Hund lebenden Menschen tragen, k\u00f6nnen den Hund vor Erschrecken sch\u00fctzen. So steht der Mensch nicht pl\u00f6tzlich da, sondern wird per Ger\u00e4usch angek\u00fcndigt.<\/li>\n<li>Halsband mit Kennzeichnung: Erkennen Menschen im \u00f6ffentlichen Raum, dass ihnen ein blinder oder stark sehbehinderter Hund begegnet, k\u00f6nnen sie entsprechend reagieren. Sie werden von unberechenbarem Verhalten nicht \u00fcberrascht und k\u00f6nnen R\u00fccksicht auf den Hund nehmen. Ihn beispielsweise nicht unvermittelt ber\u00fchren und so wom\u00f6glich erschrecken. Zur Kennzeichnung blinder Hunde gibt es spezielle Halsb\u00e4nder oder Halst\u00fccher, die mit drei schwarzen Punkten auf gelbem Hintergrund markiert ist.<\/li>\n<\/ul>\n<h2>Wie blinde Hunde besch\u00e4ftigen?<\/h2>\n<p>Blinde Hunde spielen und bewegen sich ebenso gern wie sehende Hunde. Mit ein bisschen Fantasie und dem geeigneten Zubeh\u00f6r k\u00f6nnen sie ein ebenso abwechslungsreiches und freudiges Leben haben, wie sehende Hunde.<\/p>\n<p>Spielzeug, das speziell auf Geruch und Geh\u00f6r ausgerichtet ist, wie Futterb\u00e4lle oder Leckerli-Teppiche machen blinden Hunden besonders Spa\u00df. Auch Spielzeug, das mit speziellen, f\u00fcr Hunde ungef\u00e4hrliche, Duftstoffen versehen ist, kann sie gut besch\u00e4ftigen. Zudem k\u00f6nnen Spielzeuge mit Ger\u00e4uschen, wie Quietschspielzeug oder Knister-Decken dem in seiner Sehkraft eingeschr\u00e4nkten Hund viel Spa\u00df bereiten.<\/p>\n<p>Das freie Laufen beim <a href=\"https:\/\/uelzener.de\/magazin\/hund\/tipps-fuer-den-alltag\/gassi-gehen\/\" target=\"_blank\" rel=\"noopener\">Gassigehen<\/a> ist mit einem erblindeten Hund nur selten umzusetzen. Es sei denn er h\u00f6rt wirklich aufs Wort und ist leicht abrufbar. Zudem kann man einem Hund, gerade wenn er noch j\u00fcnger ist, weitere Kommandos, wie \u201eLinks\u201c und \u201eRechts\u201c beibringen und so seinen freien Lauf steuern.<\/p>\n<p>Erblindet ein Hund im Laufe seines Lebens, sollte man beim Spazierengehen gerade zu Beginn seiner Erblindung m\u00f6glichst vertraute Wege zum Gassigehen w\u00e4hlen.<\/p>\n<h2>Gibt es spezielle Hundetrainer f\u00fcr blinde Hunde?<\/h2>\n<p>Ob ein Hund im Laufe seines Lebens erblindet oder blind geboren wurde. In jedem Fall kann ein Training speziell f\u00fcr ihn sinnvoll sein. So gibt es Hundetrainer, die sich auf das Training mit blinden Hunden spezialisiert haben. Denn ein blinder Hund kann vieles lernen, das ihm und seinem Menschen das Leben im Alltag erleichtert. So k\u00f6nnen Richtungssignale wie \u201eLinks\u201c und \u201eRechts\u201c trainiert werden oder sogar bestimmte Hinweissignale als Warnung f\u00fcr Hindernisse oder Treppen.<\/p>\n<h2>Fazit<\/h2>\n<p>Beobachtet man Krankheitsanzeichen am Hund, sollte immer tier\u00e4rztlicher Rat eingeholt werden. So sollte man bei ger\u00f6teten oder tr\u00e4nenden Augen reagieren oder auch, wenn der Hund sich immer wieder die Augen mit der Pfote reibt. Bei Verletzungen kann tier\u00e4rztliche Hilfe f\u00fcr die Sehkraft des Hundes entscheidend sein, ebenso bei einigen Erkrankungen. Selbst wenn es keine Behandlung gibt, ist eine Diagnose wichtig. Denn mit dem Wissen um die eingeschr\u00e4nkte Sehkraft l\u00e4sst sich viel daf\u00fcr tun, dem Hund ein unbeschwerteres Leben zu erm\u00f6glichen.<\/p>\n<h2>FAQs: H\u00e4ufig gestellte Fragen zum Thema Blinde Hunde<\/h2>\n<h3>Werden Hunde von Schokolade blind?<\/h3>\n<p>Schokolade enth\u00e4lt Theobromin. Menschen k\u00f6nnen mithilfe eines Enzyms Theobromin wieder abbauen. Hunde haben dieses Enzym nicht und k\u00f6nnen daher das toxisch wirkende Theobromin nicht verstoffwechseln. Dies f\u00fchrt bei dem Verzehr von Schokolade zu unterschiedlichen Vergiftungserscheinen. Unter anderem kann die Vergiftung mit Theobromin zur Erblindung f\u00fchren. In jedem Fall ist Schokolade, auch in kleinen Mengen, f\u00fcr Hunde giftig. Daher sollte man ihnen keinesfalls Schokolade geben. Au\u00dferdem ist es wichtig, sehr sorgf\u00e4ltig daf\u00fcr Sorge zu tragen, dass keine Schokolade herumliegt, an der der Hund sich selbst bedienen kann. Gerade zu Weihnachten oder Ostern kommt es immer wieder zu gef\u00e4hrlichen und lebensbedrohlichen Vergiftungen. Sollte ein Hund Krankheitszeichen zeigen oder man wei\u00df, dass er Schokolade gefressen hat, ist unmittelbare tier\u00e4rztliche Hilfe wichtig. Eine Hundekrankenversicherung kann helfen, die Tierarztkosten abzufedern.<\/p>\n\n<div class=\"banner\">\n    <a href=\"https:\/\/uelzener.de\/hund\/hunde-krankenversicherung\/?agt=0000104925&sem=true&utm_medium=magazin&utm_source=wordpress&utm_campaign=hund_kv&utm_content=banner\">\n        <img decoding=\"async\" width=\"300\" height=\"212\" src=\"https:\/\/uelzener.de\/magazin\/app\/uploads\/2025\/01\/Hunde-Kranken-Versicherung.jpg\" class=\"attachment-medium size-medium\" alt=\"Banner Hunde-Kranken-Versicherung\" \/>    <\/a>\n<\/div>\n\n<h3>Wie erkennt man Hunde, die nicht sehen k\u00f6nnen?<\/h3>\n<p>Eine Blindheit oder starke Beeintr\u00e4chtigung der Sehf\u00e4higkeit fallen am ehesten auf, wenn der Hund gegen Gegenst\u00e4nde st\u00f6\u00dft oder nicht auf den Anblick eines Gegenstands reagiert, der ihn an sich brennend interessiert, wie ein begehrtes Spielzeug oder ein Leckerli. Je nach Ursache l\u00e4sst sich eine Erblindung auch an den Augen des Hundes erkennen. So ist die Eintr\u00fcbung der Linse bei Grauem Star offensichtlich und auch f\u00fcr Laien leicht wahrzunehmen.<\/p>\n<h3>Kann die Blindheit durch Operation aufgehoben werden?<\/h3>\n<p>Je nach Ursache kann die Blindheit oder Einschr\u00e4nkung der Sehkraft durch einen operativen Eingriff aufgehoben werden. Am gel\u00e4ufigsten ist die Operation des Grauen Stars. Dabei wird die eingetr\u00fcbte Linse im Auge des Hundes durch eine k\u00fcnstliche Linse ersetzt. Leider ist diese Operation nicht in jedem Fall m\u00f6glich.<\/p>\n","protected":false},"excerpt":{"rendered":"<p>Hunde k\u00f6nnen im Laufe ihres Lebens erblinden oder bereits als Welpe blind geboren werden. Da f\u00fcr Hunde Riechen und H\u00f6ren die wichtigsten Sinne zur Orientierung sind, k\u00f6nnen die meisten Hunde relativ gut auch ohne ihre Sehf\u00e4higkeit auskommen. Dennoch ist wichtig zu wissen, wie man seinen erblindeten Hund im Alltag unterst\u00fctzen kann, sodass der Verlust seiner [&hellip;]<\/p>\n","protected":false},"author":11,"featured_media":15807,"parent":11687,"menu_order":17,"comment_status":"closed","ping_status":"closed","template":"templates\/blog.php","meta":{"_acf_changed":false,"_crdt_document":"","footnotes":"","beyondwords_generate_audio":"0","beyondwords_project_id":"","beyondwords_content_id":"","beyondwords_preview_token":"","beyondwords_player_style":"","beyondwords_language_id":"","beyondwords_title_voice_id":"","beyondwords_body_voice_id":"","beyondwords_summary_voice_id":"","beyondwords_error_message":"","beyondwords_disabled":"","beyondwords_delete_content":"","beyondwords_podcast_id":"","beyondwords_hash":"","publish_post_to_speechkit":"","speechkit_hash":"","speechkit_generate_audio":"","speechkit_project_id":"","speechkit_podcast_id":"","speechkit_error_message":"","speechkit_disabled":"","speechkit_access_key":"","speechkit_error":"","speechkit_info":"","speechkit_response":"","speechkit_retries":"","speechkit_status":"","speechkit_updated_at":"","_speechkit_link":"","_speechkit_text":""},"class_list":["post-15803","page","type-page","status-publish","has-post-thumbnail","hentry"],"acf":[],"yoast_head":"<!-- This site is optimized with the Yoast SEO Premium plugin  - https:\/\/yoast.com\/product\/yoast-seo-premium-wordpress\/ -->\n<title>Blinde Hunde: Tipps f\u00fcr ein gl\u00fcckliches Hundeleben trotz Handicap | Uelzener Magazin<\/title>\n<meta name=\"description\" content=\"Blinde Hunde. Ursachen, Unterst\u00fctzungsm\u00f6glichkeiten und Hilfsmittel. So leben sehbehinderte Hunde unbeschwert\" \/>\n<meta name=\"robots\" content=\"index, follow, max-snippet:-1, max-image-preview:large, max-video-preview:-1\" \/>\n<link rel=\"canonical\" href=\"https:\/\/uelzener.de\/magazin\/hund\/haeufige-fragen\/blinde-hunde\/\" \/>\n<meta property=\"og:locale\" content=\"de_DE\" \/>\n<meta property=\"og:type\" content=\"article\" \/>\n<meta property=\"og:title\" content=\"Blinde Hunde: Tipps f\u00fcr ein gl\u00fcckliches Hundeleben trotz Handicap\" \/>\n<meta property=\"og:description\" content=\"Blinde Hunde. Ursachen, Unterst\u00fctzungsm\u00f6glichkeiten und Hilfsmittel. So leben sehbehinderte Hunde unbeschwert\" \/>\n<meta property=\"og:url\" content=\"https:\/\/uelzener.de\/magazin\/hund\/haeufige-fragen\/blinde-hunde\/\" \/>\n<meta property=\"og:site_name\" content=\"Uelzener Tier-Magazin\" \/>\n<meta property=\"article:publisher\" content=\"https:\/\/www.facebook.com\/Uelzener\" \/>\n<meta property=\"article:modified_time\" content=\"2025-11-20T09:10:11+00:00\" \/>\n<meta property=\"og:image\" content=\"https:\/\/uelzener.de\/magazin\/app\/uploads\/2023\/07\/blinde-hunde.jpg\" \/>\n\t<meta property=\"og:image:width\" content=\"1025\" \/>\n\t<meta property=\"og:image:height\" content=\"450\" \/>\n\t<meta property=\"og:image:type\" content=\"image\/jpeg\" \/>\n<meta name=\"twitter:card\" content=\"summary_large_image\" \/>\n<meta name=\"twitter:label1\" content=\"Gesch\u00e4tzte Lesezeit\" \/>\n\t<meta name=\"twitter:data1\" content=\"7\u00a0Minuten\" \/>\n<script type=\"application\/ld+json\" class=\"yoast-schema-graph\">{\"@context\":\"https:\/\/schema.org\",\"@graph\":[{\"@type\":\"WebPage\",\"@id\":\"https:\/\/uelzener.de\/magazin\/hund\/haeufige-fragen\/blinde-hunde\/\",\"url\":\"https:\/\/uelzener.de\/magazin\/hund\/haeufige-fragen\/blinde-hunde\/\",\"name\":\"Blinde Hunde: Tipps f\u00fcr ein gl\u00fcckliches Hundeleben trotz Handicap | Uelzener Magazin\",\"isPartOf\":{\"@id\":\"https:\/\/uelzener.de\/magazin\/#website\"},\"primaryImageOfPage\":{\"@id\":\"https:\/\/uelzener.de\/magazin\/hund\/haeufige-fragen\/blinde-hunde\/#primaryimage\"},\"image\":{\"@id\":\"https:\/\/uelzener.de\/magazin\/hund\/haeufige-fragen\/blinde-hunde\/#primaryimage\"},\"thumbnailUrl\":\"https:\/\/uelzener.de\/magazin\/app\/uploads\/2023\/07\/blinde-hunde.jpg\",\"datePublished\":\"2023-07-11T11:00:10+00:00\",\"dateModified\":\"2025-11-20T09:10:11+00:00\",\"description\":\"Blinde Hunde. Ursachen, Unterst\u00fctzungsm\u00f6glichkeiten und Hilfsmittel. So leben sehbehinderte Hunde unbeschwert\",\"breadcrumb\":{\"@id\":\"https:\/\/uelzener.de\/magazin\/hund\/haeufige-fragen\/blinde-hunde\/#breadcrumb\"},\"inLanguage\":\"de\",\"potentialAction\":[{\"@type\":\"ReadAction\",\"target\":[\"https:\/\/uelzener.de\/magazin\/hund\/haeufige-fragen\/blinde-hunde\/\"]}]},{\"@type\":\"ImageObject\",\"inLanguage\":\"de\",\"@id\":\"https:\/\/uelzener.de\/magazin\/hund\/haeufige-fragen\/blinde-hunde\/#primaryimage\",\"url\":\"https:\/\/uelzener.de\/magazin\/app\/uploads\/2023\/07\/blinde-hunde.jpg\",\"contentUrl\":\"https:\/\/uelzener.de\/magazin\/app\/uploads\/2023\/07\/blinde-hunde.jpg\",\"width\":1025,\"height\":450,\"caption\":\"Ein blinder Hund genie\u00dft die frische Luft am See.\"},{\"@type\":\"WebSite\",\"@id\":\"https:\/\/uelzener.de\/magazin\/#website\",\"url\":\"https:\/\/uelzener.de\/magazin\/\",\"name\":\"Uelzener Tiermagazin\",\"description\":\"Online Tierratgeber der Uelzener Versicherungen\",\"publisher\":{\"@id\":\"https:\/\/uelzener.de\/magazin\/#organization\"},\"potentialAction\":[{\"@type\":\"SearchAction\",\"target\":{\"@type\":\"EntryPoint\",\"urlTemplate\":\"https:\/\/uelzener.de\/magazin\/?s={search_term_string}\"},\"query-input\":{\"@type\":\"PropertyValueSpecification\",\"valueRequired\":true,\"valueName\":\"search_term_string\"}}],\"inLanguage\":\"de\"},{\"@type\":\"Organization\",\"@id\":\"https:\/\/uelzener.de\/magazin\/#organization\",\"name\":\"Uelzener Versicherungen\",\"url\":\"https:\/\/uelzener.de\/magazin\/\",\"logo\":{\"@type\":\"ImageObject\",\"inLanguage\":\"de\",\"@id\":\"https:\/\/uelzener.de\/magazin\/#\/schema\/logo\/image\/\",\"url\":\"https:\/\/uelzener.de\/magazin\/app\/uploads\/2024\/11\/uelzener_allgemeine_versicherungsgesellschaft_a_g_logo.jpg\",\"contentUrl\":\"https:\/\/uelzener.de\/magazin\/app\/uploads\/2024\/11\/uelzener_allgemeine_versicherungsgesellschaft_a_g_logo.jpg\",\"width\":200,\"height\":200,\"caption\":\"Uelzener Versicherungen\"},\"image\":{\"@id\":\"https:\/\/uelzener.de\/magazin\/#\/schema\/logo\/image\/\"},\"sameAs\":[\"https:\/\/www.facebook.com\/Uelzener\",\"https:\/\/instagram.com\/uelzener\",\"https:\/\/www.xing.com\/pages\/uelzenerallgemeineversicherungs-gesellschafta-g\",\"https:\/\/www.youtube.com\/UelzenerVersicherungen\"]}]}<\/script>\n<!-- \/ Yoast SEO Premium plugin. -->","yoast_head_json":{"title":"Blinde Hunde: Tipps f\u00fcr ein gl\u00fcckliches Hundeleben trotz Handicap | Uelzener Magazin","description":"Blinde Hunde. Ursachen, Unterst\u00fctzungsm\u00f6glichkeiten und Hilfsmittel. So leben sehbehinderte Hunde unbeschwert","robots":{"index":"index","follow":"follow","max-snippet":"max-snippet:-1","max-image-preview":"max-image-preview:large","max-video-preview":"max-video-preview:-1"},"canonical":"https:\/\/uelzener.de\/magazin\/hund\/haeufige-fragen\/blinde-hunde\/","og_locale":"de_DE","og_type":"article","og_title":"Blinde Hunde: Tipps f\u00fcr ein gl\u00fcckliches Hundeleben trotz Handicap","og_description":"Blinde Hunde. Ursachen, Unterst\u00fctzungsm\u00f6glichkeiten und Hilfsmittel. So leben sehbehinderte Hunde unbeschwert","og_url":"https:\/\/uelzener.de\/magazin\/hund\/haeufige-fragen\/blinde-hunde\/","og_site_name":"Uelzener Tier-Magazin","article_publisher":"https:\/\/www.facebook.com\/Uelzener","article_modified_time":"2025-11-20T09:10:11+00:00","og_image":[{"width":1025,"height":450,"url":"https:\/\/uelzener.de\/magazin\/app\/uploads\/2023\/07\/blinde-hunde.jpg","type":"image\/jpeg"}],"twitter_card":"summary_large_image","twitter_misc":{"Gesch\u00e4tzte Lesezeit":"7\u00a0Minuten"},"schema":{"@context":"https:\/\/schema.org","@graph":[{"@type":"WebPage","@id":"https:\/\/uelzener.de\/magazin\/hund\/haeufige-fragen\/blinde-hunde\/","url":"https:\/\/uelzener.de\/magazin\/hund\/haeufige-fragen\/blinde-hunde\/","name":"Blinde Hunde: Tipps f\u00fcr ein gl\u00fcckliches Hundeleben trotz Handicap | Uelzener Magazin","isPartOf":{"@id":"https:\/\/uelzener.de\/magazin\/#website"},"primaryImageOfPage":{"@id":"https:\/\/uelzener.de\/magazin\/hund\/haeufige-fragen\/blinde-hunde\/#primaryimage"},"image":{"@id":"https:\/\/uelzener.de\/magazin\/hund\/haeufige-fragen\/blinde-hunde\/#primaryimage"},"thumbnailUrl":"https:\/\/uelzener.de\/magazin\/app\/uploads\/2023\/07\/blinde-hunde.jpg","datePublished":"2023-07-11T11:00:10+00:00","dateModified":"2025-11-20T09:10:11+00:00","description":"Blinde Hunde. Ursachen, Unterst\u00fctzungsm\u00f6glichkeiten und Hilfsmittel. So leben sehbehinderte Hunde unbeschwert","breadcrumb":{"@id":"https:\/\/uelzener.de\/magazin\/hund\/haeufige-fragen\/blinde-hunde\/#breadcrumb"},"inLanguage":"de","potentialAction":[{"@type":"ReadAction","target":["https:\/\/uelzener.de\/magazin\/hund\/haeufige-fragen\/blinde-hunde\/"]}]},{"@type":"ImageObject","inLanguage":"de","@id":"https:\/\/uelzener.de\/magazin\/hund\/haeufige-fragen\/blinde-hunde\/#primaryimage","url":"https:\/\/uelzener.de\/magazin\/app\/uploads\/2023\/07\/blinde-hunde.jpg","contentUrl":"https:\/\/uelzener.de\/magazin\/app\/uploads\/2023\/07\/blinde-hunde.jpg","width":1025,"height":450,"caption":"Ein blinder Hund genie\u00dft die frische Luft am See."},{"@type":"WebSite","@id":"https:\/\/uelzener.de\/magazin\/#website","url":"https:\/\/uelzener.de\/magazin\/","name":"Uelzener Tiermagazin","description":"Online Tierratgeber der Uelzener Versicherungen","publisher":{"@id":"https:\/\/uelzener.de\/magazin\/#organization"},"potentialAction":[{"@type":"SearchAction","target":{"@type":"EntryPoint","urlTemplate":"https:\/\/uelzener.de\/magazin\/?s={search_term_string}"},"query-input":{"@type":"PropertyValueSpecification","valueRequired":true,"valueName":"search_term_string"}}],"inLanguage":"de"},{"@type":"Organization","@id":"https:\/\/uelzener.de\/magazin\/#organization","name":"Uelzener Versicherungen","url":"https:\/\/uelzener.de\/magazin\/","logo":{"@type":"ImageObject","inLanguage":"de","@id":"https:\/\/uelzener.de\/magazin\/#\/schema\/logo\/image\/","url":"https:\/\/uelzener.de\/magazin\/app\/uploads\/2024\/11\/uelzener_allgemeine_versicherungsgesellschaft_a_g_logo.jpg","contentUrl":"https:\/\/uelzener.de\/magazin\/app\/uploads\/2024\/11\/uelzener_allgemeine_versicherungsgesellschaft_a_g_logo.jpg","width":200,"height":200,"caption":"Uelzener Versicherungen"},"image":{"@id":"https:\/\/uelzener.de\/magazin\/#\/schema\/logo\/image\/"},"sameAs":["https:\/\/www.facebook.com\/Uelzener","https:\/\/instagram.com\/uelzener","https:\/\/www.xing.com\/pages\/uelzenerallgemeineversicherungs-gesellschafta-g","https:\/\/www.youtube.com\/UelzenerVersicherungen"]}]}},"_links":{"self":[{"href":"https:\/\/uelzener.de\/magazin\/wp-json\/wp\/v2\/pages\/15803","targetHints":{"allow":["GET"]}}],"collection":[{"href":"https:\/\/uelzener.de\/magazin\/wp-json\/wp\/v2\/pages"}],"about":[{"href":"https:\/\/uelzener.de\/magazin\/wp-json\/wp\/v2\/types\/page"}],"author":[{"embeddable":true,"href":"https:\/\/uelzener.de\/magazin\/wp-json\/wp\/v2\/users\/11"}],"replies":[{"embeddable":true,"href":"https:\/\/uelzener.de\/magazin\/wp-json\/wp\/v2\/comments?post=15803"}],"version-history":[{"count":8,"href":"https:\/\/uelzener.de\/magazin\/wp-json\/wp\/v2\/pages\/15803\/revisions"}],"predecessor-version":[{"id":19535,"href":"https:\/\/uelzener.de\/magazin\/wp-json\/wp\/v2\/pages\/15803\/revisions\/19535"}],"up":[{"embeddable":true,"href":"https:\/\/uelzener.de\/magazin\/wp-json\/wp\/v2\/pages\/11687"}],"wp:featuredmedia":[{"embeddable":true,"href":"https:\/\/uelzener.de\/magazin\/wp-json\/wp\/v2\/media\/15807"}],"wp:attachment":[{"href":"https:\/\/uelzener.de\/magazin\/wp-json\/wp\/v2\/media?parent=15803"}],"curies":[{"name":"wp","href":"https:\/\/api.w.org\/{rel}","templated":true}]}}