{"id":15754,"date":"2023-07-11T15:58:20","date_gmt":"2023-07-11T13:58:20","guid":{"rendered":"https:\/\/uelzener.de\/magazin\/?page_id=15754"},"modified":"2025-09-03T13:09:36","modified_gmt":"2025-09-03T11:09:36","slug":"katze-traechtig-alles-infos-zur-schwangerschaft","status":"publish","type":"page","link":"https:\/\/uelzener.de\/magazin\/katze\/haltung\/katze-traechtig-alles-infos-zur-schwangerschaft\/","title":{"rendered":"Katze tr\u00e4chtig: Alles Infos zur Schwangerschaft"},"content":{"rendered":"<p>Katzen k\u00f6nnen bis zu dreimal im Jahr tr\u00e4chtig werden und werfen. Bei einem Wurf kommen meist vier bis sechs Katzenbabys zur Welt. Es k\u00f6nnen aber auch mehr oder weniger sein. \u00dcbrigens verwendet man bei Tieren nur umgangssprachlich die Begriffe Schwangerschaft oder schwanger. Fachlich richtig ist sind die Bezeichnungen tragend, tr\u00e4chtig und Tr\u00e4chtigkeit.<\/p>\n<p>Um ungewollte Tr\u00e4chtigkeiten zu vermeiden, sollten junge Katzen kastriert werden. Dennoch kann es zu Schwangerschaften kommen. Sei es, weil Katzenhalter:innen der Paarung mit einer Kastration nicht zuvorgekommen sind oder sich bewusst entschieden haben, die Katze decken zu lassen. Woran l\u00e4sst sich eine Tr\u00e4chtigkeit erkennen? Was ist w\u00e4hrend der Schwangerschaft, bei der Katzengeburt und nach der Geburt zu beachten? Dieser Artikel liefert die wesentlichen Informationen.<\/p>\n<h2>Ist meine Katze schwanger? Alle Anzeichen<\/h2>\n<p>Folgende Anzeichen k\u00f6nnen darauf hindeuten, dass eine Katze tr\u00e4chtig ist. Einiges davon kann jedoch auch auf eine Erkrankung hinweisen. Wenn eine Katze sich auff\u00e4llig verh\u00e4lt oder ihr K\u00f6rper sich ver\u00e4ndert, sollte man stets tier\u00e4rztlichen Rat einholen. So lassen sich m\u00f6gliche Erkrankungen ausschlie\u00dfen oder rechtzeitig behandeln. F\u00fcr schwangere Katzen und ihre ungeborenen K\u00e4tzchen ist es ebenfalls wichtig, sie tier\u00e4rztlich untersuchen zu lassen. Auf diese Weise l\u00e4sst sich feststellen, ob mit Katze und Kitten alles in Ordnung ist.<\/p>\n<p>Diese Anzeichen k\u00f6nnen auf eine Tr\u00e4chtigkeit hinweisen:<\/p>\n<ul>\n<li>Zitzen schwellen an und f\u00e4rben sich rosa.<\/li>\n<li>Katze leidet unter \u00dcbelkeit und erbricht sich.<\/li>\n<li>Bauch wird allm\u00e4hlich gr\u00f6\u00dfer. (Achtung: M\u00f6glicherweise Hinweis auf \u201eWurmbauch\u201c, der auf Befall mit einem Bandwurm hindeuten kann.)<\/li>\n<li>Gewichtszunahme bis zu 2 kg,<\/li>\n<li>verst\u00e4rkter Appetit.<\/li>\n<li>Katze ver\u00e4ndert ihr Verhalten, kann beispielsweise verschmuster und anh\u00e4nglicher werden aber auch distanzierter, hat ein gesteigertes Schlafbed\u00fcrfnis und miaut \u00f6fter bzw. lauter.<\/li>\n<\/ul>\n<p>Nicht jedes Anzeichen muss bei einer Schwangerschaft auftreten. So kann eine Katze tr\u00e4chtig sein, obwohl die Zitzen nicht rosa sind oder kaum Bauch zu sehen ist. Bei einer vermuteten Schwangerschaft, sollte die Katze tier\u00e4rztlich untersucht werden. Konnte eine Tr\u00e4chtigkeit festgestellt werden, stellt sich die Frage, wie diese typischerweise verl\u00e4uft.<\/p>\n<h2>Tragezeit und Verlauf<\/h2>\n<p>Die Tragezeit einer Katze dauert ca. 60 Tage. Die Zitzen werden ab ca. der zweiten Woche gr\u00f6\u00dfer und f\u00e4rben sich rosa. Eine Ultraschallerkennung ist ab etwas der zweiten Woche m\u00f6glich. In etwa der f\u00fcnften Woche beginnt der Bauch deutlich dicker zu werden. W\u00e4hrend der Schwangerschaft nehmen Katzen bis zu zwei Kilogramm an Gewicht zu. Kurz vor Beginn der sechsten Woche l\u00e4sst sich per Ultraschall die Anzahl der Kitten feststellen. Nach ca. neun Wochen ist es soweit. Der Geburtstermin ist da. Doch woran l\u00e4sst sich erkennen, dass es mit der Geburt losgeht?<\/p>\n<h2>Geburtsanzeichen<\/h2>\n<p>Es gibt einige Anzeichen, die erkennen lassen, dass die Geburt unmittelbar bevorsteht. Nicht alle m\u00fcssen auftreten.<\/p>\n<ul>\n<li>Unruhe, Scharren und verst\u00e4rktes Miauen,<\/li>\n<li>Vermehrtes Putzen im Genitalbereich,<\/li>\n<li>Immer \u00f6fter Zur\u00fcckziehen, um alleine zu sein.<\/li>\n<li>ungew\u00f6hnliche K\u00f6rperhaltung: liegend und die Beine nach au\u00dfen streckend,<\/li>\n<li>Appetitverlust: Katze h\u00f6rt kurz vor der Geburt auf zu fressen.<\/li>\n<li>Zitzen schwellen an und es kann bereits vor der Geburt Milch austreten.<\/li>\n<li>Schleim oder Fl\u00fcssigkeit werden ausgeschieden.<\/li>\n<li>Kontraktionen zeigen an, dass die Geburt begonnen hat.<\/li>\n<\/ul>\n<h2>Was tun bei Komplikationen Zuhause?<\/h2>\n<p>Eine Geburt dauert bei Katzen in der Regel zwei bis sechs Stunden. Normalerweise braucht die Katze w\u00e4hrend der Geburt keine Hilfe, sondern sollte in Ruhe gelassen werden. Es kann jedoch auch zu Komplikationen kommen. In dem Fall sollte die Katze unverz\u00fcglich tier\u00e4rztliche Hilfe erhalten. Komplikationen k\u00f6nnen beispielsweise sein: Ein zu enges Becken, Probleme mit der Nabelschnur, die sich wom\u00f6glich um ein Kitten gewickelt hat, oder eine Plazenta, die nicht vollst\u00e4ndig abgel\u00f6st wird. Am besten informiert man die <a href=\"https:\/\/uelzener.de\/magazin\/wir\/ein-vormittag-in-der-kleintierpraxis-am-stern-stay-paw-sitive\/\">tier\u00e4rztliche Praxis<\/a> im Vorfeld \u00fcber die bevorstehende Geburt, sodass in einem Notfall schnell Hilfe gerufen werden kann.<\/p>\n\n<div class=\"related_articles boxed\">\n    <h2>Mehr zum Thema<\/h2>\n    \n    <div class=\"wrapper\"><div class=\"title align-center\"><h3><a href=\"https:\/\/uelzener.de\/magazin\/katze\/haltung\/katze-traechtig-alles-infos-zur-schwangerschaft\/\">Katze tr\u00e4chtig: Alles Infos zur Schwangerschaft<\/a><\/h3><\/div><div class=\"img align-center\"><img decoding=\"async\" width=\"315\" height=\"180\" src=\"https:\/\/uelzener.de\/magazin\/app\/uploads\/2023\/07\/katze-traechtig-315x180.jpg\" class=\"attachment-315x180 size-315x180 wp-post-image\" alt=\"Schwangere Katze liegt seitlich auf einem Sofa.\" \/><\/div><\/div><div class=\"wrapper\"><div class=\"title align-center\"><h3><a href=\"https:\/\/uelzener.de\/magazin\/katze\/tiergesundheit\/katzengeburt\/\">Katzengeburt<\/a><\/h3><\/div><div class=\"img align-center\"><img decoding=\"async\" width=\"315\" height=\"180\" src=\"https:\/\/uelzener.de\/magazin\/app\/uploads\/2024\/04\/katzengeburt-315x180.jpg\" class=\"attachment-315x180 size-315x180 wp-post-image\" alt=\"Katze leckt neugeborenes K\u00e4tzchen sauber.\" \/><\/div><\/div><div class=\"wrapper\"><div class=\"title align-center\"><h3><a href=\"https:\/\/uelzener.de\/magazin\/katze\/haeufige-fragen\/kitten-aus-wurf-auswaehlen-darauf-kommt-es-an\/\">Kitten aus Wurf ausw\u00e4hlen: Darauf kommt es an!<\/a><\/h3><\/div><div class=\"img align-center\"><img decoding=\"async\" width=\"315\" height=\"180\" src=\"https:\/\/uelzener.de\/magazin\/app\/uploads\/2024\/04\/Kitten-wurf-auswahl-315x180.jpg\" class=\"attachment-315x180 size-315x180 wp-post-image\" alt=\"Auf einem grauen Kissen sitzen mehrere kleine br\u00e4unliche Kitten zusammen\" \/><\/div><\/div><\/div>\n\n<h2>Fazit<\/h2>\n<p>Auf k\u00f6rperliche Ver\u00e4nderungen seiner Katze zu achten, ist generell wichtig. Beispielsweise, um Krankheiten fr\u00fchzeitig erkennen und behandeln zu k\u00f6nnen. Aber auch um eine Schwangerschaft bei seiner Katze zu erkennen, ist eine gute Beobachtung hilfreich. Katzenbesitzer:innen nicht kastrierter Katzen sollten sensibel auf entsprechende Anzeichen reagieren und im Zweifel eine tier\u00e4rztliche Untersuchung veranlassen. Ist eine Katze tr\u00e4chtig, tragen regelm\u00e4\u00dfige Untersuchungen zu einem komplikationslosen Verlauf der Schwangerschaft und Geburt bei. Ferner sollte man um die Anzeichen f\u00fcr eine bevorstehende Geburt wissen, um auf m\u00f6gliche Komplikationen rasch reagieren zu k\u00f6nnen.<\/p>\n<h2>FAQs: H\u00e4ufig gestellte Fragen zum Thema<\/h2>\n<h3>Ab wann und bis zu welchem Alter k\u00f6nnen Katzen schwanger werden?<\/h3>\n<p>Ab wann Katzen geschlechtsreif sind und schwanger werden k\u00f6nnen, ist je nach Rasse unterschiedlich. So k\u00f6nnen Siam-Katzen bereits nach vier Monaten tr\u00e4chtig werden, Maine-Coon-Katzen hingen brauchen ein wenig l\u00e4nger und sind mitunter erst nach einem Jahr geschlechtsreif. Auch wenn Katzen geschlechtsreif sind und schwanger werden k\u00f6nnten, sollten sie nicht sofort gedeckt werden. Neben gesundheitlichen Problemen besteht das Risiko, dass junge Katzen ihre Kitten wom\u00f6glich nicht annehmen. Grunds\u00e4tzlich sollte eine Vermehrung gut \u00fcberlegt werden. Es gibt ausreichend Katzen und die Tierheime sind \u00fcberf\u00fcllt. Zudem besteht f\u00fcr manche Katzenrassen ein Zuchtverbort in Deutschland.<\/p>\n<h3>In welcher Jahreszeit werden Katzen rollig?<\/h3>\n<p>Katzen sind, wie Pferde, Ziegen und Schafe, saisonal poly\u00f6strisch. Dies bedeutet, dass ihre Fruchtbarkeit saisonal abh\u00e4ngig ist. So werden die meisten Katzen abh\u00e4ngig von steigenden Temperaturen und l\u00e4nger werdender Tage rollig und empf\u00e4ngnisbereit. Damit beginnt die Rolligkeit der meisten Katzen in der Regel im Fr\u00fchling. Um ungewollte Tr\u00e4chtigkeit zu vermeiden, sollten <a href=\"https:\/\/uelzener.de\/magazin\/katze\/haeufige-fragen\/herbstkatzen\/\">Herbstk\u00e4tzchen<\/a> daher gegen Ende des Winters kastriert werden.<\/p>\n<h3>Wie oft kann und darf eine Katze tr\u00e4chtig sein?<\/h3>\n<p>Katzen k\u00f6nnen im Laufe eines Jahres bis zu dreimal tr\u00e4chtig sein und werfen. Jede Tr\u00e4chtigkeit bedeutet f\u00fcr den K\u00f6rper der Katze eine gro\u00dfe Anstrengung. Daher sollte man sehr bewusst entscheiden, wie oft eine Katze werfen sollte. Katzen sollten au\u00dferdem m\u00f6glichst rechtzeitig kastriert werden, um eine unkontrollierte Vermehrung zu vermeiden. Es gibt derzeit viele Streunerkatzen, die sein echtes Problem darstellen. Sie sind anf\u00e4lliger f\u00fcr Krankheiten und geben diese an Freig\u00e4nger weiter. F\u00fcr Zuchtkatzen wird die H\u00e4ufigkeit der Tr\u00e4chtigkeit durch Zuchtverb\u00e4nde geregelt. In den meisten F\u00e4llen beschr\u00e4nken diese die Tr\u00e4chtigkeit auf zweimal j\u00e4hrlich.<\/p>\n<h3>Kann eine Katze trotz Kastration schwanger werden?<\/h3>\n<p>Bei einer Kastration werden die Eierst\u00f6cke einer Katze entfernt. Daher kann eine kastrierte Katze nicht schwanger werden.<\/p>\n","protected":false},"excerpt":{"rendered":"<p>Katzen k\u00f6nnen bis zu dreimal im Jahr tr\u00e4chtig werden und werfen. Bei einem Wurf kommen meist vier bis sechs Katzenbabys zur Welt. Es k\u00f6nnen aber auch mehr oder weniger sein. \u00dcbrigens verwendet man bei Tieren nur umgangssprachlich die Begriffe Schwangerschaft oder schwanger. Fachlich richtig ist sind die Bezeichnungen tragend, tr\u00e4chtig und Tr\u00e4chtigkeit. Um ungewollte Tr\u00e4chtigkeiten [&hellip;]<\/p>\n","protected":false},"author":11,"featured_media":15902,"parent":11683,"menu_order":5,"comment_status":"closed","ping_status":"closed","template":"templates\/blog.php","meta":{"_acf_changed":false,"_crdt_document":"","footnotes":"","beyondwords_generate_audio":"0","beyondwords_project_id":"","beyondwords_content_id":"","beyondwords_preview_token":"","beyondwords_player_style":"","beyondwords_language_id":"","beyondwords_title_voice_id":"","beyondwords_body_voice_id":"","beyondwords_summary_voice_id":"","beyondwords_error_message":"","beyondwords_disabled":"","beyondwords_delete_content":"","beyondwords_podcast_id":"","beyondwords_hash":"","publish_post_to_speechkit":"","speechkit_hash":"","speechkit_generate_audio":"","speechkit_project_id":"","speechkit_podcast_id":"","speechkit_error_message":"","speechkit_disabled":"","speechkit_access_key":"","speechkit_error":"","speechkit_info":"","speechkit_response":"","speechkit_retries":"","speechkit_status":"","speechkit_updated_at":"","_speechkit_link":"","_speechkit_text":""},"class_list":["post-15754","page","type-page","status-publish","has-post-thumbnail","hentry"],"acf":[],"yoast_head":"<!-- This site is optimized with the Yoast SEO Premium plugin  - https:\/\/yoast.com\/product\/yoast-seo-premium-wordpress\/ -->\n<title>Katze tr\u00e4chtig: Alles Infos zur Schwangerschaft | Uelzener Magazin<\/title>\n<meta name=\"description\" content=\"Woran erkenne ich, dass meine Katze schwanger ist? Von Anzeichen \u2705 \u00fcber Tragezeit \u2705 und Geburtsanzeichen \u2705 verraten wir dir alles Wissenswerte \u2705\" \/>\n<meta name=\"robots\" content=\"index, follow, max-snippet:-1, max-image-preview:large, max-video-preview:-1\" \/>\n<link rel=\"canonical\" href=\"https:\/\/uelzener.de\/magazin\/katze\/haltung\/katze-traechtig-alles-infos-zur-schwangerschaft\/\" \/>\n<meta property=\"og:locale\" content=\"de_DE\" \/>\n<meta property=\"og:type\" content=\"article\" \/>\n<meta property=\"og:title\" content=\"Katze tr\u00e4chtig: Alles Infos zur Schwangerschaft\" \/>\n<meta property=\"og:description\" content=\"Woran erkenne ich, dass meine Katze schwanger ist? Von Anzeichen \u2705 \u00fcber Tragezeit \u2705 und Geburtsanzeichen \u2705 verraten wir dir alles Wissenswerte \u2705\" \/>\n<meta property=\"og:url\" content=\"https:\/\/uelzener.de\/magazin\/katze\/haltung\/katze-traechtig-alles-infos-zur-schwangerschaft\/\" \/>\n<meta property=\"og:site_name\" content=\"Uelzener Tier-Magazin\" \/>\n<meta property=\"article:publisher\" content=\"https:\/\/www.facebook.com\/Uelzener\" \/>\n<meta property=\"article:modified_time\" content=\"2025-09-03T11:09:36+00:00\" \/>\n<meta property=\"og:image\" content=\"https:\/\/uelzener.de\/magazin\/app\/uploads\/2023\/07\/katze-traechtig.jpg\" \/>\n\t<meta property=\"og:image:width\" content=\"1025\" \/>\n\t<meta property=\"og:image:height\" content=\"450\" \/>\n\t<meta property=\"og:image:type\" content=\"image\/jpeg\" \/>\n<meta name=\"twitter:card\" content=\"summary_large_image\" \/>\n<meta name=\"twitter:label1\" content=\"Gesch\u00e4tzte Lesezeit\" \/>\n\t<meta name=\"twitter:data1\" content=\"6\u00a0Minuten\" \/>\n<script type=\"application\/ld+json\" class=\"yoast-schema-graph\">{\"@context\":\"https:\/\/schema.org\",\"@graph\":[{\"@type\":\"WebPage\",\"@id\":\"https:\/\/uelzener.de\/magazin\/katze\/haltung\/katze-traechtig-alles-infos-zur-schwangerschaft\/\",\"url\":\"https:\/\/uelzener.de\/magazin\/katze\/haltung\/katze-traechtig-alles-infos-zur-schwangerschaft\/\",\"name\":\"Katze tr\u00e4chtig: Alles Infos zur Schwangerschaft | Uelzener Magazin\",\"isPartOf\":{\"@id\":\"https:\/\/uelzener.de\/magazin\/#website\"},\"primaryImageOfPage\":{\"@id\":\"https:\/\/uelzener.de\/magazin\/katze\/haltung\/katze-traechtig-alles-infos-zur-schwangerschaft\/#primaryimage\"},\"image\":{\"@id\":\"https:\/\/uelzener.de\/magazin\/katze\/haltung\/katze-traechtig-alles-infos-zur-schwangerschaft\/#primaryimage\"},\"thumbnailUrl\":\"https:\/\/uelzener.de\/magazin\/app\/uploads\/2023\/07\/katze-traechtig.jpg\",\"datePublished\":\"2023-07-11T13:58:20+00:00\",\"dateModified\":\"2025-09-03T11:09:36+00:00\",\"description\":\"Woran erkenne ich, dass meine Katze schwanger ist? Von Anzeichen \u2705 \u00fcber Tragezeit \u2705 und Geburtsanzeichen \u2705 verraten wir dir alles Wissenswerte \u2705\",\"breadcrumb\":{\"@id\":\"https:\/\/uelzener.de\/magazin\/katze\/haltung\/katze-traechtig-alles-infos-zur-schwangerschaft\/#breadcrumb\"},\"inLanguage\":\"de\",\"potentialAction\":[{\"@type\":\"ReadAction\",\"target\":[\"https:\/\/uelzener.de\/magazin\/katze\/haltung\/katze-traechtig-alles-infos-zur-schwangerschaft\/\"]}]},{\"@type\":\"ImageObject\",\"inLanguage\":\"de\",\"@id\":\"https:\/\/uelzener.de\/magazin\/katze\/haltung\/katze-traechtig-alles-infos-zur-schwangerschaft\/#primaryimage\",\"url\":\"https:\/\/uelzener.de\/magazin\/app\/uploads\/2023\/07\/katze-traechtig.jpg\",\"contentUrl\":\"https:\/\/uelzener.de\/magazin\/app\/uploads\/2023\/07\/katze-traechtig.jpg\",\"width\":1025,\"height\":450,\"caption\":\"Schwangere Katze liegt seitlich auf einem Sofa.\"},{\"@type\":\"WebSite\",\"@id\":\"https:\/\/uelzener.de\/magazin\/#website\",\"url\":\"https:\/\/uelzener.de\/magazin\/\",\"name\":\"Uelzener Tiermagazin\",\"description\":\"Online Tierratgeber der Uelzener Versicherungen\",\"publisher\":{\"@id\":\"https:\/\/uelzener.de\/magazin\/#organization\"},\"potentialAction\":[{\"@type\":\"SearchAction\",\"target\":{\"@type\":\"EntryPoint\",\"urlTemplate\":\"https:\/\/uelzener.de\/magazin\/?s={search_term_string}\"},\"query-input\":{\"@type\":\"PropertyValueSpecification\",\"valueRequired\":true,\"valueName\":\"search_term_string\"}}],\"inLanguage\":\"de\"},{\"@type\":\"Organization\",\"@id\":\"https:\/\/uelzener.de\/magazin\/#organization\",\"name\":\"Uelzener Versicherungen\",\"url\":\"https:\/\/uelzener.de\/magazin\/\",\"logo\":{\"@type\":\"ImageObject\",\"inLanguage\":\"de\",\"@id\":\"https:\/\/uelzener.de\/magazin\/#\/schema\/logo\/image\/\",\"url\":\"https:\/\/uelzener.de\/magazin\/app\/uploads\/2024\/11\/uelzener_allgemeine_versicherungsgesellschaft_a_g_logo.jpg\",\"contentUrl\":\"https:\/\/uelzener.de\/magazin\/app\/uploads\/2024\/11\/uelzener_allgemeine_versicherungsgesellschaft_a_g_logo.jpg\",\"width\":200,\"height\":200,\"caption\":\"Uelzener Versicherungen\"},\"image\":{\"@id\":\"https:\/\/uelzener.de\/magazin\/#\/schema\/logo\/image\/\"},\"sameAs\":[\"https:\/\/www.facebook.com\/Uelzener\",\"https:\/\/instagram.com\/uelzener\",\"https:\/\/www.xing.com\/pages\/uelzenerallgemeineversicherungs-gesellschafta-g\",\"https:\/\/www.youtube.com\/UelzenerVersicherungen\"]}]}<\/script>\n<!-- \/ Yoast SEO Premium plugin. -->","yoast_head_json":{"title":"Katze tr\u00e4chtig: Alles Infos zur Schwangerschaft | Uelzener Magazin","description":"Woran erkenne ich, dass meine Katze schwanger ist? Von Anzeichen \u2705 \u00fcber Tragezeit \u2705 und Geburtsanzeichen \u2705 verraten wir dir alles Wissenswerte \u2705","robots":{"index":"index","follow":"follow","max-snippet":"max-snippet:-1","max-image-preview":"max-image-preview:large","max-video-preview":"max-video-preview:-1"},"canonical":"https:\/\/uelzener.de\/magazin\/katze\/haltung\/katze-traechtig-alles-infos-zur-schwangerschaft\/","og_locale":"de_DE","og_type":"article","og_title":"Katze tr\u00e4chtig: Alles Infos zur Schwangerschaft","og_description":"Woran erkenne ich, dass meine Katze schwanger ist? Von Anzeichen \u2705 \u00fcber Tragezeit \u2705 und Geburtsanzeichen \u2705 verraten wir dir alles Wissenswerte \u2705","og_url":"https:\/\/uelzener.de\/magazin\/katze\/haltung\/katze-traechtig-alles-infos-zur-schwangerschaft\/","og_site_name":"Uelzener Tier-Magazin","article_publisher":"https:\/\/www.facebook.com\/Uelzener","article_modified_time":"2025-09-03T11:09:36+00:00","og_image":[{"width":1025,"height":450,"url":"https:\/\/uelzener.de\/magazin\/app\/uploads\/2023\/07\/katze-traechtig.jpg","type":"image\/jpeg"}],"twitter_card":"summary_large_image","twitter_misc":{"Gesch\u00e4tzte Lesezeit":"6\u00a0Minuten"},"schema":{"@context":"https:\/\/schema.org","@graph":[{"@type":"WebPage","@id":"https:\/\/uelzener.de\/magazin\/katze\/haltung\/katze-traechtig-alles-infos-zur-schwangerschaft\/","url":"https:\/\/uelzener.de\/magazin\/katze\/haltung\/katze-traechtig-alles-infos-zur-schwangerschaft\/","name":"Katze tr\u00e4chtig: Alles Infos zur Schwangerschaft | Uelzener Magazin","isPartOf":{"@id":"https:\/\/uelzener.de\/magazin\/#website"},"primaryImageOfPage":{"@id":"https:\/\/uelzener.de\/magazin\/katze\/haltung\/katze-traechtig-alles-infos-zur-schwangerschaft\/#primaryimage"},"image":{"@id":"https:\/\/uelzener.de\/magazin\/katze\/haltung\/katze-traechtig-alles-infos-zur-schwangerschaft\/#primaryimage"},"thumbnailUrl":"https:\/\/uelzener.de\/magazin\/app\/uploads\/2023\/07\/katze-traechtig.jpg","datePublished":"2023-07-11T13:58:20+00:00","dateModified":"2025-09-03T11:09:36+00:00","description":"Woran erkenne ich, dass meine Katze schwanger ist? Von Anzeichen \u2705 \u00fcber Tragezeit \u2705 und Geburtsanzeichen \u2705 verraten wir dir alles Wissenswerte \u2705","breadcrumb":{"@id":"https:\/\/uelzener.de\/magazin\/katze\/haltung\/katze-traechtig-alles-infos-zur-schwangerschaft\/#breadcrumb"},"inLanguage":"de","potentialAction":[{"@type":"ReadAction","target":["https:\/\/uelzener.de\/magazin\/katze\/haltung\/katze-traechtig-alles-infos-zur-schwangerschaft\/"]}]},{"@type":"ImageObject","inLanguage":"de","@id":"https:\/\/uelzener.de\/magazin\/katze\/haltung\/katze-traechtig-alles-infos-zur-schwangerschaft\/#primaryimage","url":"https:\/\/uelzener.de\/magazin\/app\/uploads\/2023\/07\/katze-traechtig.jpg","contentUrl":"https:\/\/uelzener.de\/magazin\/app\/uploads\/2023\/07\/katze-traechtig.jpg","width":1025,"height":450,"caption":"Schwangere Katze liegt seitlich auf einem Sofa."},{"@type":"WebSite","@id":"https:\/\/uelzener.de\/magazin\/#website","url":"https:\/\/uelzener.de\/magazin\/","name":"Uelzener Tiermagazin","description":"Online Tierratgeber der Uelzener Versicherungen","publisher":{"@id":"https:\/\/uelzener.de\/magazin\/#organization"},"potentialAction":[{"@type":"SearchAction","target":{"@type":"EntryPoint","urlTemplate":"https:\/\/uelzener.de\/magazin\/?s={search_term_string}"},"query-input":{"@type":"PropertyValueSpecification","valueRequired":true,"valueName":"search_term_string"}}],"inLanguage":"de"},{"@type":"Organization","@id":"https:\/\/uelzener.de\/magazin\/#organization","name":"Uelzener Versicherungen","url":"https:\/\/uelzener.de\/magazin\/","logo":{"@type":"ImageObject","inLanguage":"de","@id":"https:\/\/uelzener.de\/magazin\/#\/schema\/logo\/image\/","url":"https:\/\/uelzener.de\/magazin\/app\/uploads\/2024\/11\/uelzener_allgemeine_versicherungsgesellschaft_a_g_logo.jpg","contentUrl":"https:\/\/uelzener.de\/magazin\/app\/uploads\/2024\/11\/uelzener_allgemeine_versicherungsgesellschaft_a_g_logo.jpg","width":200,"height":200,"caption":"Uelzener Versicherungen"},"image":{"@id":"https:\/\/uelzener.de\/magazin\/#\/schema\/logo\/image\/"},"sameAs":["https:\/\/www.facebook.com\/Uelzener","https:\/\/instagram.com\/uelzener","https:\/\/www.xing.com\/pages\/uelzenerallgemeineversicherungs-gesellschafta-g","https:\/\/www.youtube.com\/UelzenerVersicherungen"]}]}},"_links":{"self":[{"href":"https:\/\/uelzener.de\/magazin\/wp-json\/wp\/v2\/pages\/15754","targetHints":{"allow":["GET"]}}],"collection":[{"href":"https:\/\/uelzener.de\/magazin\/wp-json\/wp\/v2\/pages"}],"about":[{"href":"https:\/\/uelzener.de\/magazin\/wp-json\/wp\/v2\/types\/page"}],"author":[{"embeddable":true,"href":"https:\/\/uelzener.de\/magazin\/wp-json\/wp\/v2\/users\/11"}],"replies":[{"embeddable":true,"href":"https:\/\/uelzener.de\/magazin\/wp-json\/wp\/v2\/comments?post=15754"}],"version-history":[{"count":8,"href":"https:\/\/uelzener.de\/magazin\/wp-json\/wp\/v2\/pages\/15754\/revisions"}],"predecessor-version":[{"id":19133,"href":"https:\/\/uelzener.de\/magazin\/wp-json\/wp\/v2\/pages\/15754\/revisions\/19133"}],"up":[{"embeddable":true,"href":"https:\/\/uelzener.de\/magazin\/wp-json\/wp\/v2\/pages\/11683"}],"wp:featuredmedia":[{"embeddable":true,"href":"https:\/\/uelzener.de\/magazin\/wp-json\/wp\/v2\/media\/15902"}],"wp:attachment":[{"href":"https:\/\/uelzener.de\/magazin\/wp-json\/wp\/v2\/media?parent=15754"}],"curies":[{"name":"wp","href":"https:\/\/api.w.org\/{rel}","templated":true}]}}