{"id":15647,"date":"2023-06-15T08:00:52","date_gmt":"2023-06-15T06:00:52","guid":{"rendered":"https:\/\/uelzener.de\/magazin\/?page_id=15647"},"modified":"2025-07-07T11:22:55","modified_gmt":"2025-07-07T09:22:55","slug":"blinde-katze","status":"publish","type":"page","link":"https:\/\/uelzener.de\/magazin\/katze\/tiergesundheit\/blinde-katze\/","title":{"rendered":"Blinde Katze: Tipps zu Pflege, Eingew\u00f6hnung und Besch\u00e4ftigungen"},"content":{"rendered":"<p class=\"ai-optimize-introduction ai-optimize-6\">Blinde Katzen haben im Alltag besondere Herausforderungen zu bew\u00e4ltigen und damit auch du als Katzenhalter:in. Katzen verf\u00fcgen \u00fcber einen ausgepr\u00e4gten Geruchs- und Geh\u00f6rsinn und k\u00f6nnen sich mit Hilfe ihrer hochsensiblen Schnurrhaare gut orientieren. Dennoch sind blinde Katzen in ihrer Wahrnehmung eingeschr\u00e4nkt und ihre Lebensqualit\u00e4t leidet durch eine Erblindung. Im Folgenden erf\u00e4hrst du mehr \u00fcber Ursachen und Anzeichen f\u00fcr eine Erblindung bei Katzen.<\/p>\n<h2 class=\"ai-optimize-7\">Katze pl\u00f6tzlich blind: Ursachen und Anzeichen<\/h2>\n<p class=\"ai-optimize-8\">Katzen k\u00f6nnen ganz pl\u00f6tzlich oder auch allm\u00e4hlich ihre Sehkraft verlieren. Hier sind die wichtigsten Ursachen f\u00fcr eine Erblindung aufgelistet:<\/p>\n<ul>\n<li class=\"ai-optimize-9\">Netzhautabl\u00f6sung, beispielsweise aufgrund von hohem Bluthochdruck, einer Entz\u00fcndung oder Gr\u00fcnem Star.<\/li>\n<li class=\"ai-optimize-10\">Gr\u00fcner Star: Bei Gr\u00fcnem Star ist der Augeninnendruck stark erh\u00f6ht. Das Auge kann ger\u00f6tet sein und schmerzen, au\u00dferdem ist die Pupille m\u00f6glicherweise erweitert und zeigt keine Reaktionen. Bei Gr\u00fcnem Star ist schnelles Handeln erforderlich, weil es der starke Augeninnendruck binnen bis zu ca. 48 Stunden zu einer Netzhautabl\u00f6sung f\u00fchren kann. Rechtzeitig erkannt, l\u00e4sst er sich jedoch behandeln.<\/li>\n<li class=\"ai-optimize-11\"><a href=\"https:\/\/uelzener.de\/magazin\/katze\/tiergesundheit\/grauer-star-katarakt-katze\/\" target=\"_blank\" rel=\"noopener\">Grauer Star<\/a>: Bei Grauem Star tr\u00fcbt sich die Linse ein. Dadurch verschlechtert sich allm\u00e4hlich die Sehkraft bis zu einer m\u00f6glichen Erblindung. Durch eine Operation kann die nat\u00fcrliche Linse mitunter durch eine k\u00fcnstliche ersetzt werden. Ursachen k\u00f6nnen beispielsweise angeborene Veranlagungen, Diabetes, Verletzungen oder Stoffwechselst\u00f6rungen sein.<\/li>\n<li class=\"ai-optimize-12\">Entz\u00fcndung im Augeninneren (Uveitis), die zur Erblindung f\u00fchren kann.<\/li>\n<li class=\"ai-optimize-13\">Augen- oder Gehirntumor, der auf den Sehnerv dr\u00fcckt und so zur Erblindung f\u00fchren kann.<\/li>\n<li class=\"ai-optimize-14\">Verletzungen des Auges, bei denen es beispielsweise zu Bluterg\u00fcssen kommt, k\u00f6nnen zur Erblindung f\u00fchren.<\/li>\n<li class=\"ai-optimize-15\">Infektionen der Augen<\/li>\n<li class=\"ai-optimize-16\">Schlaganfall<\/li>\n<li class=\"ai-optimize-17\">Bestimmte Z\u00fcchtungen, sogenannten Qualzuchten, tragen ein besonderes Risiko zu erblinden.<\/li>\n<li class=\"ai-optimize-18\">Katzen, die unter Hydrocephalus (Wasserkopf) leiden, k\u00f6nnen aufgrund der Verformung der Augen in Folge des vergr\u00f6\u00dferten Kopfes in ihrer Sehf\u00e4higkeit, bis hin zur Erblindung, eingeschr\u00e4nkt sein.<\/li>\n<\/ul>\n<p class=\"ai-optimize-43\">\n<div class=\"related_articles boxed\">\n    <h2>Mehr zum Thema<\/h2>\n    \n    <div class=\"wrapper\"><div class=\"title align-center\"><h3><a href=\"https:\/\/uelzener.de\/magazin\/katze\/tiergesundheit\/diabetes-bei-katzen\/\">Diabetes bei Katzen: Eine behandelbare Stoffwechselst\u00f6rung<\/a><\/h3><\/div><div class=\"img align-center\"><img decoding=\"async\" width=\"315\" height=\"180\" src=\"https:\/\/uelzener.de\/magazin\/app\/uploads\/2023\/08\/diabetes-katze-315x180.jpg\" class=\"attachment-315x180 size-315x180 wp-post-image\" alt=\"Katze bekommt Insulin-Injektion bei Diabetes.\" \/><\/div><\/div><div class=\"wrapper\"><div class=\"title align-center\"><h3><a href=\"https:\/\/uelzener.de\/magazin\/katze\/tiergesundheit\/hydrocephalus-bei-katzen\/\">Hydrocephalus bei Katzen: Symptome, Behandlung und Kosten<\/a><\/h3><\/div><div class=\"img align-center\"><img decoding=\"async\" width=\"315\" height=\"180\" src=\"https:\/\/uelzener.de\/magazin\/app\/uploads\/2023\/01\/hydrocephalus-katze-315x180.jpg\" class=\"attachment-315x180 size-315x180 wp-post-image\" alt=\"Hydrocephalus oder Wasserkopf bei Katzen kann sich in Schielen in jungen Jahren zeigen. Besonders h\u00e4ufig bei Qualzuchten.\" \/><\/div><\/div><div class=\"wrapper\"><div class=\"title align-center\"><h3><a href=\"https:\/\/uelzener.de\/magazin\/katze\/haeufige-fragen\/qualzucht-bei-katzen\/\">Qualzucht bei Katzen: Darauf musst du achten<\/a><\/h3><\/div><div class=\"img align-center\"><img decoding=\"async\" width=\"315\" height=\"180\" src=\"https:\/\/uelzener.de\/magazin\/app\/uploads\/2023\/04\/qualzucht-bei-katzen-highland-fold-315x180.jpg\" class=\"attachment-315x180 size-315x180 wp-post-image\" alt=\"Highland Fold Katze mit gefalteten Ohren und kurzen Beinen. Diese Rasse geh\u00f6rt zu den Qualzuchten bei Katzen.\" \/><\/div><\/div><\/div>\n<\/p>\n<p class=\"ai-optimize-19\">Diese Anzeichen k\u00f6nnen f\u00fcr eine eingeschr\u00e4nkte Sehkraft oder m\u00f6gliche Erblindung der Katze sprechen:<\/p>\n<ul>\n<li class=\"ai-optimize-20\">Orientierungslosigkeit oder Einschr\u00e4nkungen in der Orientierung, beispielsweise in Form von Laufen gegen M\u00f6bel, Stolpern \u00fcber Gegenst\u00e4nde, vorsichtigeres Springen, Laufen entlang der W\u00e4nde und nicht wie zuvor quer durch das Zimmer.<\/li>\n<li class=\"ai-optimize-21\">Schreckhaftigkeit aufgrund einer grundlegenden Verunsicherung oder \u00c4ngstlichkeit. Aber auch, weil das N\u00e4herkommen anderer Tiere oder auch von Menschen nicht mehr visuell wahrgenommen wird.<\/li>\n<li class=\"ai-optimize-22\">Sichtbare Ver\u00e4nderung am Auge, beispielsweise Eintr\u00fcbungen, pl\u00f6tzlich gro\u00dfe Pupillen, Gereiztheit, rote Augen, austretende Fl\u00fcssigkeit. Zusammenkneifen der Augen aufgrund von Schmerzen.<\/li>\n<\/ul>\n<h2 class=\"ai-optimize-23\">Wenn die Katze von Geburt an nicht sehen kann<\/h2>\n<p class=\"ai-optimize-24\">Zu Beginn ihres Lebens k\u00f6nnen alle Katzen nicht sehen. Die Augen sind beim Kitten geschlossen und \u00f6ffnen sich erst nach sieben bis zehn Tagen. In der Entwicklung vom <a href=\"https:\/\/uelzener.de\/magazin\/katze\/haltung\/vom-katzenbaby-zur-jungkatze-entwicklung-kitten\/\">Katzenbaby<\/a> zur Jungkatze haben Katzen nach ca. 10 Wochen ihre endg\u00fcltige Sehkraft erreicht. Angeborene Blindheit kann neben genetischen und erblichen Ursachen auch durch Infektionen verursacht werden. Katzen mit angeborener Blindheit kommen zum Teil besser mit ihrer Erblindung zurecht als Katzen, denen erst im Laufe ihres Lebens ihre Sehkraft verloren geht. Sie lernen von klein auf ohne die F\u00e4higkeit zu sehen zurechtzukommen und k\u00f6nnen so bereits als junge Katzen Strategien entwickeln, sich zu orientieren und mit Menschen und anderen Tieren zu interagieren.<\/p>\n<h2 class=\"ai-optimize-25\">Erblindung im Alter<\/h2>\n<p class=\"ai-optimize-26\">Das Alter bietet auch bei Katzen besondere Gesundheitsrisiken. So k\u00f6nnen <a href=\"https:\/\/uelzener.de\/magazin\/katze\/tiergesundheit\/alte-katze\/\">alte Katzen<\/a> ihre Sehf\u00e4higkeit einb\u00fc\u00dfen, wenn sie unter hohem Blutdruck leiden. Dies kommt h\u00e4ufig im Zusammenhang mit einer <a href=\"https:\/\/uelzener.de\/magazin\/katze\/tiergesundheit\/schilddruesenueberfunktion-katzen-ursachen-symptome-behandlung\/\">Schilddr\u00fcsen\u00fcberfunktion<\/a> oder einer Nierenerkrankung vor. Auch eine Gr\u00fcner Star kann sich erblich bedingt im Alter herausbilden. Gerade Nierenprobleme oder Diabetes sollte man nicht auf die leichte Schulter nehmen, weil sie unter anderem zur Erblindung f\u00fchren k\u00f6nnen. Gleiches gilt f\u00fcr Entz\u00fcndungen und grunds\u00e4tzlich f\u00fcr Augenprobleme. In diesen F\u00e4llen sollte man lieber einmal \u00f6fter die tier\u00e4rztliche Praxis aufsuchen.<\/p>\n<p class=\"ai-optimize-27\">Tritt eine Erblindung allm\u00e4hlich ein, beeintr\u00e4chtigt eine Einschr\u00e4nkung der Sehkraft bzw. Erblindung viele Katzen im hohen Alter relativ wenig. Wird an der Wohnungseinrichtung, insbesondere an Futterpl\u00e4tzen und Katzentoilette, nichts ver\u00e4ndert, finden sie sich in der vertrauten Umgebung zumeist gut zurecht. Vor allem, wenn ihre Menschen sich an die Ver\u00e4nderung anpassen und vermehrt mit ihnen sprechen.<\/p>\n<p class=\"ai-optimize-28\">Anders sieht es bei einer pl\u00f6tzlichen Erblindung, beispielsweise aufgrund einer Infektion aus. Eine pl\u00f6tzliche Erblindung kann auch f\u00fcr \u00e4ltere Katzen sehr belastend sein. In diesen F\u00e4llen sollte man versuchen der Katze die Gew\u00f6hnung an die ver\u00e4nderte Wahrnehmung so leicht wie m\u00f6glich zu machen, indem man noch sorgf\u00e4ltiger darauf achtet, die Wohnungseinrichtung, Futterpl\u00e4tze und Katzentoilette m\u00f6glichst unver\u00e4ndert zu platzieren und ihr durch Sprechen und k\u00f6rperliche N\u00e4he Sichherheit und Geborgenheit zu vermitteln.<\/p>\n<h2 class=\"ai-optimize-29\">Wie kann ich eine blinde Katze besch\u00e4ftigen?<\/h2>\n<p class=\"ai-optimize-30\">F\u00fcr eine blinde oder stark in ihrer Sehf\u00e4higkeit eingeschr\u00e4nkte Katze, ist das ein oder andere Spielzeug, wie beispielsweise eine ger\u00e4uschlose Katzenangel, ungeeignet. Au\u00dferdem langweilt sie sich wom\u00f6glich eher als eine sehende Katze, weil sie zum Beispiel nicht von der Fensterbank aus beobachten kann, was sich au\u00dferhalb der Wohnung tut. Doch Spielzeug, das Sinne, wie H\u00f6ren und Riechen anspricht, ist perfekt geeignet, um auch einer blinden Katze die n\u00f6tige Abwechslung zu bieten. Dazu geh\u00f6ren Spielsachen, die knistern oder andere Ger\u00e4usche machen. Au\u00dferdem eignet sich duftendes Spielzeug, beispielsweise nach Katzenminze oder Baldrian, f\u00fcr blinde Katzen.<\/p>\n<h2 class=\"ai-optimize-31\">Fazit:<\/h2>\n<p class=\"ai-optimize-32\">Katzen k\u00f6nnen aus ganz unterschiedlichen Gr\u00fcnden erblinden. Wichtig ist in jedem Fall eine tier\u00e4rztliche Untersuchung, wenn man bef\u00fcrchtet, dass die Sehkraft der Katze nachgelassen hat. Denn hinter einer schwindenden Sehf\u00e4higkeit k\u00f6nnen Erkrankungen stecken, die Schmerzen verursachen und unbedingt behandelt werden m\u00fcssen. Zum Teil kann ein weiterer Verlust der Sehkraft verhindert werden. Da ist es gut, eine Katzen-OP- oder sogar eine Katzen-Krankenversicherung zu haben.<\/p>\n<p class=\"ai-optimize-33\">Die Katzen-OP-Versicherung \u00fcbernimmt die Kosten f\u00fcr chirurgische Eingriffe bis hin zur Nachsorge und der Unterbringung in einer Tierklinik.<\/p>\n<p class=\"ai-optimize-34\">\n<div class=\"banner\">\n    <a href=\"https:\/\/uelzener.de\/katze\/katzen-op-versicherung\/?agt=0000104925&sem=true&utm_medium=magazin&utm_source=wordpress&utm_campaign=katze_op&utm_content=banner\">\n        <img decoding=\"async\" width=\"300\" height=\"212\" src=\"https:\/\/uelzener.de\/magazin\/app\/uploads\/2025\/01\/Katzen-OP-Versicherung.jpg\" class=\"attachment-medium size-medium\" alt=\"Banner Katzen-OP-Versicherung\" \/>    <\/a>\n<\/div>\n<\/p>\n<p class=\"ai-optimize-35\">Mit der Katzen-Krankenversicherung sichert man Kosten f\u00fcr ambulante und station\u00e4re Behandlungen ab. Auch chirurgische Eingriffe und die Unterbringung in einer Tierklinik sind in der Katzen-Krankenversicherung enthalten.<\/p>\n<p class=\"ai-optimize-36\">\n<div class=\"banner\">\n    <a href=\"https:\/\/uelzener.de\/katze\/katzen-krankenversicherung\/?agt=0000104925&sem=true&utm_medium=magazin&utm_source=wordpress&utm_campaign=katze_kv&utm_content=banner\">\n        <img decoding=\"async\" width=\"300\" height=\"212\" src=\"https:\/\/uelzener.de\/magazin\/app\/uploads\/2025\/01\/Katzen-Kranken-Versicherung.jpg\" class=\"attachment-medium size-medium\" alt=\"Banner Katzen-Kranken-Versicherung\" \/>    <\/a>\n<\/div>\n<\/p>\n<p class=\"ai-optimize-37\">Ist eine Katze in ihrer Sehkraft stark eingeschr\u00e4nkt oder auch erblindet, kann sie dennoch ein sehr sch\u00f6nes Leben haben. Dazu schafft man am besten Rahmenbedingungen, die die besonderen Bed\u00fcrfnisse einer erblindeten Katze ber\u00fccksichtigen. Ein stabiles und sicheres Umfeld, Menschen, die mit der Katze sprechen und f\u00fcr ausreichend Abwechslung sorgen, erleichtern einer erblindeten oder in ihrer Sehkraft stark eingeschr\u00e4nkten Katze das Leben und sorgen f\u00fcr eine gute Lebensqualit\u00e4t.<\/p>\n<h2 class=\"ai-optimize-38\">FAQ: H\u00e4ufig gestellte Fragen<\/h2>\n<h3 class=\"ai-optimize-39\">Wie kann ich feststellen, ob meine Katze blind ist?<\/h3>\n<p class=\"ai-optimize-40\">Rein \u00e4u\u00dferlich l\u00e4sst sich eine Verschlechterung der Sehf\u00e4higkeit mitunter an den Augen ablesen. So kann das Auge tr\u00fcb erscheinen, die Pupillen vergr\u00f6\u00dfert oder auch das Auge ger\u00f6tet sein. Eine Erblindung zeigt sich vor allem aber auch in einer Verhaltens\u00e4nderung. St\u00f6\u00dft die Katze \u00f6fter an M\u00f6bel oder Gegenst\u00e4nde, die sich normalerweise nicht dort befinden, stolpert sie, bewegt sie sich langsamer oder springt vorsichtiger oder vielleicht auch gar nicht mehr vom Kratzbaum herunter, dann k\u00f6nnen dies Anzeichen f\u00fcr eine sich verschlechternde Sehf\u00e4higkeit oder Erblindung sein. Hast du den Verdacht, dass deine Katze erblindet sein k\u00f6nnte, kannst du ein Spielzeug vor ihren Augen fallen lassen. Achte dabei jedoch darauf, dass du weit genug entfernt bist, dass sie den Luftzug nicht sp\u00fcrt. Eine sehende Katze w\u00fcrde dem Gegenstand mit den Augen folgen. Eine blinde Katze bemerkt ihn nicht. Bei diesen oder auch anderen Verhaltens\u00e4nderungen sollte man die Katze auf jeden Fall immer tier\u00e4rztlich untersuchen lassen.<\/p>\n<h3 class=\"ai-optimize-41\">Ist es schlimm, wenn eine Katze blind ist?<\/h3>\n<p class=\"ai-optimize-42\">Ob es schlimm ist, wenn eine Katze blind ist, h\u00e4ngt im Wesentlichen von den Lebensumst\u00e4nden ab. Wer seiner Katze ein vertrautes und sicheres Zuhause bieten kann, sorgt daf\u00fcr, dass sich eine Katze wohlf\u00fchlt, obwohl sie in ihrer Sehf\u00e4higkeit eingeschr\u00e4nkt ist oder gar blind ist. Denn in einer vertrauten Umgebung kann eine blinde Katze die Nachteile, die durch die fehlende oder eingeschr\u00e4nkte Sehf\u00e4higkeit entstehen, leicht ausgleichen. Steht der Futternapf stets an derselben Stelle, ist die Einrichtung vertraut, hat alles seinen Platz, dann kann sich die Katze m\u00fchelos zurechtfinden, f\u00fchlt sich wohl und eine gute Lebensqualit\u00e4t. Am ehesten ist eine starke Einschr\u00e4nkung der Sehkraft oder eine Erblindung schlimm f\u00fcr Freig\u00e4ngerkatzen. Diese sollte man nicht mehr alleine raus lassen, sondern auf ihren Streifz\u00fcgen begleiten und mit ihr <a href=\"https:\/\/uelzener.de\/magazin\/katze\/erziehung-und-training\/mit-der-katze-spazieren-gehen\/\">spazieren gehen<\/a>.<\/p>\n","protected":false},"excerpt":{"rendered":"<p>Blinde Katzen haben im Alltag besondere Herausforderungen zu bew\u00e4ltigen und damit auch du als Katzenhalter:in. Katzen verf\u00fcgen \u00fcber einen ausgepr\u00e4gten Geruchs- und Geh\u00f6rsinn und k\u00f6nnen sich mit Hilfe ihrer hochsensiblen Schnurrhaare gut orientieren. Dennoch sind blinde Katzen in ihrer Wahrnehmung eingeschr\u00e4nkt und ihre Lebensqualit\u00e4t leidet durch eine Erblindung. Im Folgenden erf\u00e4hrst du mehr \u00fcber Ursachen [&hellip;]<\/p>\n","protected":false},"author":11,"featured_media":15649,"parent":11712,"menu_order":8,"comment_status":"closed","ping_status":"closed","template":"templates\/blog.php","meta":{"_acf_changed":false,"_crdt_document":"","footnotes":"","beyondwords_generate_audio":"0","beyondwords_project_id":"","beyondwords_content_id":"","beyondwords_preview_token":"","beyondwords_player_style":"","beyondwords_language_id":"","beyondwords_title_voice_id":"","beyondwords_body_voice_id":"","beyondwords_summary_voice_id":"","beyondwords_error_message":"","beyondwords_disabled":"","beyondwords_delete_content":"","beyondwords_podcast_id":"","beyondwords_hash":"","publish_post_to_speechkit":"","speechkit_hash":"","speechkit_generate_audio":"","speechkit_project_id":"","speechkit_podcast_id":"","speechkit_error_message":"","speechkit_disabled":"","speechkit_access_key":"","speechkit_error":"","speechkit_info":"","speechkit_response":"","speechkit_retries":"","speechkit_status":"","speechkit_updated_at":"","_speechkit_link":"","_speechkit_text":""},"class_list":["post-15647","page","type-page","status-publish","has-post-thumbnail","hentry"],"acf":[],"yoast_head":"<!-- This site is optimized with the Yoast SEO Premium plugin  - https:\/\/yoast.com\/product\/yoast-seo-premium-wordpress\/ -->\n<title>Blinde Katze: Tipps zu Pflege, Eingew\u00f6hnung und Besch\u00e4ftigungen | Uelzener<\/title>\n<meta name=\"description\" content=\"Woran erblinden Katzen? Ursachen \u2714 m\u00f6gliche Behandlungen \u2714 und wie sie mit der Einschr\u00e4nkung ein gl\u00fcckliches Leben \u2714 f\u00fchren kann, das verraten wir dir im Uelzener Magazin.\" \/>\n<meta name=\"robots\" content=\"index, follow, max-snippet:-1, max-image-preview:large, max-video-preview:-1\" \/>\n<link rel=\"canonical\" href=\"https:\/\/uelzener.de\/magazin\/katze\/tiergesundheit\/blinde-katze\/\" \/>\n<meta property=\"og:locale\" content=\"de_DE\" \/>\n<meta property=\"og:type\" content=\"article\" \/>\n<meta property=\"og:title\" content=\"Blinde Katze: Tipps zu Pflege, Eingew\u00f6hnung und Besch\u00e4ftigungen\" \/>\n<meta property=\"og:description\" content=\"Woran erblinden Katzen? Ursachen \u2714 m\u00f6gliche Behandlungen \u2714 und wie sie mit der Einschr\u00e4nkung ein gl\u00fcckliches Leben \u2714 f\u00fchren kann, das verraten wir dir im Uelzener Magazin.\" \/>\n<meta property=\"og:url\" content=\"https:\/\/uelzener.de\/magazin\/katze\/tiergesundheit\/blinde-katze\/\" \/>\n<meta property=\"og:site_name\" content=\"Uelzener Tier-Magazin\" \/>\n<meta property=\"article:publisher\" content=\"https:\/\/www.facebook.com\/Uelzener\" \/>\n<meta property=\"article:modified_time\" content=\"2025-07-07T09:22:55+00:00\" \/>\n<meta property=\"og:image\" content=\"https:\/\/uelzener.de\/magazin\/app\/uploads\/2023\/06\/blinde-katze.jpg\" \/>\n\t<meta property=\"og:image:width\" content=\"1025\" \/>\n\t<meta property=\"og:image:height\" content=\"450\" \/>\n\t<meta property=\"og:image:type\" content=\"image\/jpeg\" \/>\n<meta name=\"twitter:card\" content=\"summary_large_image\" \/>\n<meta name=\"twitter:label1\" content=\"Gesch\u00e4tzte Lesezeit\" \/>\n\t<meta name=\"twitter:data1\" content=\"8\u00a0Minuten\" \/>\n<script type=\"application\/ld+json\" class=\"yoast-schema-graph\">{\"@context\":\"https:\/\/schema.org\",\"@graph\":[{\"@type\":\"WebPage\",\"@id\":\"https:\/\/uelzener.de\/magazin\/katze\/tiergesundheit\/blinde-katze\/\",\"url\":\"https:\/\/uelzener.de\/magazin\/katze\/tiergesundheit\/blinde-katze\/\",\"name\":\"Blinde Katze: Tipps zu Pflege, Eingew\u00f6hnung und Besch\u00e4ftigungen | Uelzener\",\"isPartOf\":{\"@id\":\"https:\/\/uelzener.de\/magazin\/#website\"},\"primaryImageOfPage\":{\"@id\":\"https:\/\/uelzener.de\/magazin\/katze\/tiergesundheit\/blinde-katze\/#primaryimage\"},\"image\":{\"@id\":\"https:\/\/uelzener.de\/magazin\/katze\/tiergesundheit\/blinde-katze\/#primaryimage\"},\"thumbnailUrl\":\"https:\/\/uelzener.de\/magazin\/app\/uploads\/2023\/06\/blinde-katze.jpg\",\"datePublished\":\"2023-06-15T06:00:52+00:00\",\"dateModified\":\"2025-07-07T09:22:55+00:00\",\"description\":\"Woran erblinden Katzen? Ursachen \u2714 m\u00f6gliche Behandlungen \u2714 und wie sie mit der Einschr\u00e4nkung ein gl\u00fcckliches Leben \u2714 f\u00fchren kann, das verraten wir dir im Uelzener Magazin.\",\"breadcrumb\":{\"@id\":\"https:\/\/uelzener.de\/magazin\/katze\/tiergesundheit\/blinde-katze\/#breadcrumb\"},\"inLanguage\":\"de\",\"potentialAction\":[{\"@type\":\"ReadAction\",\"target\":[\"https:\/\/uelzener.de\/magazin\/katze\/tiergesundheit\/blinde-katze\/\"]}]},{\"@type\":\"ImageObject\",\"inLanguage\":\"de\",\"@id\":\"https:\/\/uelzener.de\/magazin\/katze\/tiergesundheit\/blinde-katze\/#primaryimage\",\"url\":\"https:\/\/uelzener.de\/magazin\/app\/uploads\/2023\/06\/blinde-katze.jpg\",\"contentUrl\":\"https:\/\/uelzener.de\/magazin\/app\/uploads\/2023\/06\/blinde-katze.jpg\",\"width\":1025,\"height\":450,\"caption\":\"Blinde Katze liegt gem\u00fctlich auf dem Teppich.\"},{\"@type\":\"WebSite\",\"@id\":\"https:\/\/uelzener.de\/magazin\/#website\",\"url\":\"https:\/\/uelzener.de\/magazin\/\",\"name\":\"Uelzener Tiermagazin\",\"description\":\"Online Tierratgeber der Uelzener Versicherungen\",\"publisher\":{\"@id\":\"https:\/\/uelzener.de\/magazin\/#organization\"},\"potentialAction\":[{\"@type\":\"SearchAction\",\"target\":{\"@type\":\"EntryPoint\",\"urlTemplate\":\"https:\/\/uelzener.de\/magazin\/?s={search_term_string}\"},\"query-input\":{\"@type\":\"PropertyValueSpecification\",\"valueRequired\":true,\"valueName\":\"search_term_string\"}}],\"inLanguage\":\"de\"},{\"@type\":\"Organization\",\"@id\":\"https:\/\/uelzener.de\/magazin\/#organization\",\"name\":\"Uelzener Versicherungen\",\"url\":\"https:\/\/uelzener.de\/magazin\/\",\"logo\":{\"@type\":\"ImageObject\",\"inLanguage\":\"de\",\"@id\":\"https:\/\/uelzener.de\/magazin\/#\/schema\/logo\/image\/\",\"url\":\"https:\/\/uelzener.de\/magazin\/app\/uploads\/2024\/11\/uelzener_allgemeine_versicherungsgesellschaft_a_g_logo.jpg\",\"contentUrl\":\"https:\/\/uelzener.de\/magazin\/app\/uploads\/2024\/11\/uelzener_allgemeine_versicherungsgesellschaft_a_g_logo.jpg\",\"width\":200,\"height\":200,\"caption\":\"Uelzener Versicherungen\"},\"image\":{\"@id\":\"https:\/\/uelzener.de\/magazin\/#\/schema\/logo\/image\/\"},\"sameAs\":[\"https:\/\/www.facebook.com\/Uelzener\",\"https:\/\/instagram.com\/uelzener\",\"https:\/\/www.xing.com\/pages\/uelzenerallgemeineversicherungs-gesellschafta-g\",\"https:\/\/www.youtube.com\/UelzenerVersicherungen\"]}]}<\/script>\n<!-- \/ Yoast SEO Premium plugin. -->","yoast_head_json":{"title":"Blinde Katze: Tipps zu Pflege, Eingew\u00f6hnung und Besch\u00e4ftigungen | Uelzener","description":"Woran erblinden Katzen? Ursachen \u2714 m\u00f6gliche Behandlungen \u2714 und wie sie mit der Einschr\u00e4nkung ein gl\u00fcckliches Leben \u2714 f\u00fchren kann, das verraten wir dir im Uelzener Magazin.","robots":{"index":"index","follow":"follow","max-snippet":"max-snippet:-1","max-image-preview":"max-image-preview:large","max-video-preview":"max-video-preview:-1"},"canonical":"https:\/\/uelzener.de\/magazin\/katze\/tiergesundheit\/blinde-katze\/","og_locale":"de_DE","og_type":"article","og_title":"Blinde Katze: Tipps zu Pflege, Eingew\u00f6hnung und Besch\u00e4ftigungen","og_description":"Woran erblinden Katzen? Ursachen \u2714 m\u00f6gliche Behandlungen \u2714 und wie sie mit der Einschr\u00e4nkung ein gl\u00fcckliches Leben \u2714 f\u00fchren kann, das verraten wir dir im Uelzener Magazin.","og_url":"https:\/\/uelzener.de\/magazin\/katze\/tiergesundheit\/blinde-katze\/","og_site_name":"Uelzener Tier-Magazin","article_publisher":"https:\/\/www.facebook.com\/Uelzener","article_modified_time":"2025-07-07T09:22:55+00:00","og_image":[{"width":1025,"height":450,"url":"https:\/\/uelzener.de\/magazin\/app\/uploads\/2023\/06\/blinde-katze.jpg","type":"image\/jpeg"}],"twitter_card":"summary_large_image","twitter_misc":{"Gesch\u00e4tzte Lesezeit":"8\u00a0Minuten"},"schema":{"@context":"https:\/\/schema.org","@graph":[{"@type":"WebPage","@id":"https:\/\/uelzener.de\/magazin\/katze\/tiergesundheit\/blinde-katze\/","url":"https:\/\/uelzener.de\/magazin\/katze\/tiergesundheit\/blinde-katze\/","name":"Blinde Katze: Tipps zu Pflege, Eingew\u00f6hnung und Besch\u00e4ftigungen | Uelzener","isPartOf":{"@id":"https:\/\/uelzener.de\/magazin\/#website"},"primaryImageOfPage":{"@id":"https:\/\/uelzener.de\/magazin\/katze\/tiergesundheit\/blinde-katze\/#primaryimage"},"image":{"@id":"https:\/\/uelzener.de\/magazin\/katze\/tiergesundheit\/blinde-katze\/#primaryimage"},"thumbnailUrl":"https:\/\/uelzener.de\/magazin\/app\/uploads\/2023\/06\/blinde-katze.jpg","datePublished":"2023-06-15T06:00:52+00:00","dateModified":"2025-07-07T09:22:55+00:00","description":"Woran erblinden Katzen? Ursachen \u2714 m\u00f6gliche Behandlungen \u2714 und wie sie mit der Einschr\u00e4nkung ein gl\u00fcckliches Leben \u2714 f\u00fchren kann, das verraten wir dir im Uelzener Magazin.","breadcrumb":{"@id":"https:\/\/uelzener.de\/magazin\/katze\/tiergesundheit\/blinde-katze\/#breadcrumb"},"inLanguage":"de","potentialAction":[{"@type":"ReadAction","target":["https:\/\/uelzener.de\/magazin\/katze\/tiergesundheit\/blinde-katze\/"]}]},{"@type":"ImageObject","inLanguage":"de","@id":"https:\/\/uelzener.de\/magazin\/katze\/tiergesundheit\/blinde-katze\/#primaryimage","url":"https:\/\/uelzener.de\/magazin\/app\/uploads\/2023\/06\/blinde-katze.jpg","contentUrl":"https:\/\/uelzener.de\/magazin\/app\/uploads\/2023\/06\/blinde-katze.jpg","width":1025,"height":450,"caption":"Blinde Katze liegt gem\u00fctlich auf dem Teppich."},{"@type":"WebSite","@id":"https:\/\/uelzener.de\/magazin\/#website","url":"https:\/\/uelzener.de\/magazin\/","name":"Uelzener Tiermagazin","description":"Online Tierratgeber der Uelzener Versicherungen","publisher":{"@id":"https:\/\/uelzener.de\/magazin\/#organization"},"potentialAction":[{"@type":"SearchAction","target":{"@type":"EntryPoint","urlTemplate":"https:\/\/uelzener.de\/magazin\/?s={search_term_string}"},"query-input":{"@type":"PropertyValueSpecification","valueRequired":true,"valueName":"search_term_string"}}],"inLanguage":"de"},{"@type":"Organization","@id":"https:\/\/uelzener.de\/magazin\/#organization","name":"Uelzener Versicherungen","url":"https:\/\/uelzener.de\/magazin\/","logo":{"@type":"ImageObject","inLanguage":"de","@id":"https:\/\/uelzener.de\/magazin\/#\/schema\/logo\/image\/","url":"https:\/\/uelzener.de\/magazin\/app\/uploads\/2024\/11\/uelzener_allgemeine_versicherungsgesellschaft_a_g_logo.jpg","contentUrl":"https:\/\/uelzener.de\/magazin\/app\/uploads\/2024\/11\/uelzener_allgemeine_versicherungsgesellschaft_a_g_logo.jpg","width":200,"height":200,"caption":"Uelzener Versicherungen"},"image":{"@id":"https:\/\/uelzener.de\/magazin\/#\/schema\/logo\/image\/"},"sameAs":["https:\/\/www.facebook.com\/Uelzener","https:\/\/instagram.com\/uelzener","https:\/\/www.xing.com\/pages\/uelzenerallgemeineversicherungs-gesellschafta-g","https:\/\/www.youtube.com\/UelzenerVersicherungen"]}]}},"_links":{"self":[{"href":"https:\/\/uelzener.de\/magazin\/wp-json\/wp\/v2\/pages\/15647","targetHints":{"allow":["GET"]}}],"collection":[{"href":"https:\/\/uelzener.de\/magazin\/wp-json\/wp\/v2\/pages"}],"about":[{"href":"https:\/\/uelzener.de\/magazin\/wp-json\/wp\/v2\/types\/page"}],"author":[{"embeddable":true,"href":"https:\/\/uelzener.de\/magazin\/wp-json\/wp\/v2\/users\/11"}],"replies":[{"embeddable":true,"href":"https:\/\/uelzener.de\/magazin\/wp-json\/wp\/v2\/comments?post=15647"}],"version-history":[{"count":14,"href":"https:\/\/uelzener.de\/magazin\/wp-json\/wp\/v2\/pages\/15647\/revisions"}],"predecessor-version":[{"id":18634,"href":"https:\/\/uelzener.de\/magazin\/wp-json\/wp\/v2\/pages\/15647\/revisions\/18634"}],"up":[{"embeddable":true,"href":"https:\/\/uelzener.de\/magazin\/wp-json\/wp\/v2\/pages\/11712"}],"wp:featuredmedia":[{"embeddable":true,"href":"https:\/\/uelzener.de\/magazin\/wp-json\/wp\/v2\/media\/15649"}],"wp:attachment":[{"href":"https:\/\/uelzener.de\/magazin\/wp-json\/wp\/v2\/media?parent=15647"}],"curies":[{"name":"wp","href":"https:\/\/api.w.org\/{rel}","templated":true}]}}