{"id":15643,"date":"2023-06-13T08:00:35","date_gmt":"2023-06-13T06:00:35","guid":{"rendered":"https:\/\/uelzener.de\/magazin\/?page_id=15643"},"modified":"2023-11-03T14:52:50","modified_gmt":"2023-11-03T13:52:50","slug":"narkose-bei-katzen","status":"publish","type":"page","link":"https:\/\/uelzener.de\/magazin\/katze\/haeufige-fragen\/narkose-bei-katzen\/","title":{"rendered":"Narkose bei Katzen: Wie Katze auf An\u00e4sthesie vorbereiten + Nachsorge"},"content":{"rendered":"<p>F\u00fcr die Gesundheit einer Katze kann eine Narkose im Falle einer Operation, einer Behandlung oder auch einer Untersuchung n\u00f6tig sein. Die Narkose sorgt daf\u00fcr, dass die Katze keinen Schmerz empfindet und reglos daliegt. So k\u00f6nnen Tier\u00e4rzt:innen notwendige Eingriffe, Untersuchungen und Behandlungen durchf\u00fchren, ohne dass die Katze leidet oder durch Bewegungen den Erfolg der durchgef\u00fchrten Ma\u00dfnahmen gef\u00e4hrdet. Aber auch f\u00fcr den Schutz von Tier\u00e4rzt:innen kann eine kurze Narkose oder Sedierung n\u00f6tig sein. Denn Katzen sind h\u00e4ufig sehr wehrhaft und schwierig ruhig zu halten.<\/p>\n<p>Eine Narkose birgt immer auch Risiken. Du kannst jedoch selbst viel daf\u00fcr tun, um diese Risiken m\u00f6glichst klein zu halten. So hilfst du deiner Katze, wenn du m\u00f6glichst viele relevante Informationen \u00fcber den Gesundheitszustand deiner Katze an den oder die Tier\u00e4rzt:in weitergibst und dich an die Empfehlungen h\u00e4ltst, die dir in der tier\u00e4rztlichen Praxis mitgegeben werden. Was du genau tun kannst, erf\u00e4hrst du in diesem Artikel. Doch zuerst kl\u00e4ren wir die Frage, bei welchen Gelegenheiten braucht eine Katze \u00fcberhaupt eine Narkose.<\/p>\n<h2>Wann braucht die Katze eine Narkose?<\/h2>\n<p>Eine Narkose sorgt f\u00fcr Schmerzausschaltung, Ausschaltung des Bewusstseins und Herstellung eines k\u00fcnstlichen Schlafs mit Erschlaffung der Muskulatur. Dies ist bei verschiedenen Anl\u00e4ssen wichtig, damit der oder die Tier\u00e4rzt:in st\u00f6rungsfrei arbeiten kann und die Katze nicht leiden muss. Bei folgenden Gelegenheiten werden Narkosen durchgef\u00fchrt:<\/p>\n<ul>\n<li>Bei Operationen, um die Katze bewegungslos zu halten und f\u00fcr Schmerzfreiheit zu sorgen. Das kann bei vergleichsweise selten auftretenden Operationen, wie beispielsweise einer <a href=\"https:\/\/uelzener.de\/magazin\/katze\/tiergesundheit\/hydrocephalus-bei-katzen\/\">Hydrocephalus-Operation<\/a> (Wasserkopf) der Fall sein. Aber auch bei h\u00e4ufigen Eingriffen, wie einer <a href=\"https:\/\/uelzener.de\/magazin\/katze\/tiergesundheit\/kastration-katze-und-kater\/\">Kastration<\/a>.<\/li>\n<li>Bei diagnostischen Verfahren, wie R\u00f6ntgen oder Endoskopien, die nur durchgef\u00fchrt werden k\u00f6nnen, wenn die Katze stillh\u00e4lt.<\/li>\n<li>Bei Untersuchungen und Behandlungen, bei denen f\u00fcr Schmerzfreiheit und oder regungsloses Daliegen Sorge getragen werden muss. Dazu geh\u00f6ren beispielsweise auch Zahnreinigungen, um <a href=\"https:\/\/uelzener.de\/magazin\/katze\/tiergesundheit\/zahnstein-bei-der-katze-erkennen-und-behandeln\/\">Zahnstein<\/a> zu entfernen.<\/li>\n<\/ul>\n<p>Eine Narkose wird au\u00dferdem vorgenommen, wenn man von seiner Katze <a href=\"https:\/\/uelzener.de\/magazin\/katze\/haltung\/katze-beerdigen\/\">Abschied nehmen<\/a> muss und sie eingeschl\u00e4fert werden sollte. Ist eine Katze schwer krank, leidet starke Schmerzen und gibt es keine Hoffnung mehr auf Besserung, kann ein:e Tier\u00e4rzt:in ihr mit einer Narkose ein schmerzfreies Sterben erm\u00f6glichen. Voraussetzung daf\u00fcr ist immer die Einsch\u00e4tzung und ausf\u00fchrliche Beratung des oder der Tier\u00e4rzt:in.<\/p>\n\n<div class=\"banner\">\n    <a href=\"https:\/\/uelzener.de\/katze\/katzen-op-versicherung\/?agt=0000104925&sem=true&utm_medium=magazin&utm_source=wordpress&utm_campaign=katze_op&utm_content=banner\">\n        <img decoding=\"async\" width=\"300\" height=\"212\" src=\"https:\/\/uelzener.de\/magazin\/app\/uploads\/2025\/01\/Katzen-OP-Versicherung.jpg\" class=\"attachment-medium size-medium\" alt=\"Banner Katzen-OP-Versicherung\" \/>    <\/a>\n<\/div>\n\n<h2>Wie wird eine Narkose bei Katzen gemacht?<\/h2>\n<p>Vor der eigentlichen Narkose bekommt die Katze in der Regel ein Beruhigungsmittel, sodass sie m\u00f6glichst entspannt und wenig gestresst ist. Das Narkosemittel selbst wird entweder injiziert oder bei l\u00e4ngeren Eingriffen oder einem erh\u00f6hten Narkoserisiko \u00fcber eine Inhalationsnarkose gegeben. Eine Inhalationsnarkose ist leichter zu regulieren und besser steuerbar. Hierbei wird zun\u00e4chst eine Kurznarkose injiziert und anschlie\u00dfend \u00fcber ein Schlauchsystem direkt beatmet. Eine Inhalationsnarkose ist deutlich teurer und aufw\u00e4ndiger.<\/p>\n<p>W\u00e4hrend der Narkose werden die K\u00f6rperfunktionen, wie Atmung und Herzfrequenz der Katze, sorgf\u00e4ltig \u00fcberwacht. Die \u00dcberwachung wird w\u00e4hrend des Aufwachens fortgesetzt, um sicher zu stellen, dass die Katze die Narkose und den Eingriff gut \u00fcberstanden hat.<\/p>\n<h3>Vorbereitungen Zuhause<\/h3>\n<p>Im Vorfeld bekommen Katzenhalter:innen in der tier\u00e4rztlichen Praxis Empfehlungen f\u00fcr die Vorbereitungen zur Narkose und Operation. Diese sollte man unbedingt beachten und einhalten.<\/p>\n<ul>\n<li>N\u00fcchtern zur Narkose: Mindestens 12 Stunden vor der Operation sollten Katzen nicht fressen. Lediglich Wasser soll und darf die Katze zu sich nehmen. Da Narkosemittel Erbrechen ausl\u00f6sen k\u00f6nnen, besteht bei einem gef\u00fcllten Magen die Gefahr des Erstickens bzw. aufgrund des durch Narkosemittel beeintr\u00e4chtigten Schlie\u00dfmuskels, das Risiko, dass Nahrung in die Lunge ger\u00e4t und sich eine Lungenentz\u00fcndung entwickeln kann.<\/li>\n<li>Ausgeruht zur Narkose: Vor und am Tag der Operation sollte die Katze geschont werden und keiner unn\u00f6tigen Aufregung ausgesetzt werden. Freig\u00e4ngerkatzen sollten in der Wohnung bleiben. So startet die Katze in einer m\u00f6glichst guten k\u00f6rperlichen Verfassung in die Narkose.<\/li>\n<\/ul>\n<h2>Nachwirkungen<\/h2>\n<p>Eine Narkose greift in den K\u00f6rper der Katze ein. So kann es nach einer Narkose verst\u00e4ndlicherweise auch zu unerw\u00fcnschten Nachwirkungen kommen. Daher ist eine sorgf\u00e4ltige \u00dcberwachung in der tier\u00e4rztlichen Praxis aber auch eine genaue Beobachtung, wenn die Katze wieder zu Hause ist, wichtig.<\/p>\n<p>Folgende Nachwirkungen k\u00f6nnen auftreten:<\/p>\n<ul>\n<li>Miauen und Jammern in der Aufwachphase<\/li>\n<li>Verwirrung und Desorientierung, mit Schwierigkeiten zu stehen oder zu gehen<\/li>\n<li>\u00dcbelkeit und Erbrechen<\/li>\n<li>Schmerzen, wenn die Bet\u00e4ubung nachl\u00e4sst<\/li>\n<li>Atemprobleme<\/li>\n<li>Infektionen<\/li>\n<li>Wesensver\u00e4nderungen, wie Apathie und Tr\u00e4gheit<\/li>\n<\/ul>\n<p>Beobachtet man Nebenwirkungen, die \u00fcber das von der tier\u00e4rztlichen Praxis angek\u00fcndigte Ma\u00df hinausgehen, sollte man sich unbedingt in der Praxis melden und gegebenenfalls die Katze erneut dem oder der Tier\u00e4rzt:in in der Praxis vorstellen und dort untersuchen und gegebenenfalls behandeln lassen.<\/p>\n<h2>D\u00fcrfen Katzen nach einer Narkose fressen?<\/h2>\n<p>Nach einer Narkose sollten Katzen erst einmal nicht fressen. Die Magen- und Darmt\u00e4tigkeit kann durch die Narkose beeintr\u00e4chtigt sein, sodass zu fr\u00fches Fressen zu \u00dcbelkeit und Erbrechen f\u00fchren kann.<\/p>\n<p>Narkosemittel k\u00f6nnen auch die Schlie\u00df- und Schluckmuskulatur beeintr\u00e4chtigen, sodass es beim verfr\u00fchten Fressen zu Verschlucken kommen kann. Dabei kann auch der Schlie\u00dfmuskel, der verhindert, dass Nahrung in die Lunge gelangt, beeintr\u00e4chtigt sein. Dies kann dazu f\u00fchren, dass Nahrung in die Lunge ger\u00e4t. So kann m\u00f6glicherweise eine Lungenentz\u00fcndung ausgel\u00f6st werden.<\/p>\n<h2>Narkose bei alten Katzen<\/h2>\n<p>\u00c4ltere Katzen haben generell ein h\u00f6heres Narkoserisiko aufgrund ihres Alters und m\u00f6glicher Vorerkrankungen. Daher m\u00fcssen Narkosen bei \u00e4lteren Katzen besonders sorgf\u00e4ltig geplant und \u00fcberwacht werden. So sollte beispielsweise bei Voruntersuchungen besonders auf m\u00f6gliche altersbedingte Krankheiten, wie Herzprobleme und Nierenerkrankungen, geachtet werden. Die Dosis der An\u00e4sthetika muss besonders sorgf\u00e4ltig angepasst werden, um die Belastung von Herz und Organen nicht unn\u00f6tig zu belasten.<\/p>\n<h2>Fazit:<\/h2>\n<p>Eine Narkose kann wichtig sein, um eine notwendige Operation, eine wichtige Untersuchung oder Behandlung durchzuf\u00fchren. Dabei gehen Narkosen immer mit gewissen Risiken einher. Diese lassen sich mit der Wahl einer erfahrenen Tierarztpraxis minimieren. Katzenhalter:innen k\u00f6nnen in Vorbereitung und Nachbetreuung einer Narkose viel f\u00fcr ihre Stubentiger tun, indem sie die Empfehlungen der tier\u00e4rztlichen Praxis unbedingt befolgen und ihre Katze sowohl gut auf den Eingriff vorbereiten als auch nach der Narkose sorgf\u00e4ltig beobachten und f\u00fcr entsprechende Pflege sorgen.<\/p>\n<h2>FAQ: H\u00e4ufig gestellte Fragen<\/h2>\n<h3>Wie viel kostet eine Narkose bei Katzen?<\/h3>\n<p>Die Kosten f\u00fcr eine Narkose k\u00f6nnen sehr unterschiedlich sein. Abh\u00e4ngig von Art des Eingriffs, der Art und Menge der verwendeten An\u00e4sthetika, der w\u00e4hrend und nach dem Eingriff notwendigen \u00dcberwachung und der Tierarztpraxis k\u00f6nnen die Kosten zwischen 50 Euro und 300 Euro variieren.<\/p>\n<h3>Wie gef\u00e4hrlich ist eine Narkose f\u00fcr Katzen?<\/h3>\n<p>Eine Narkose ist immer ein Risiko. Daher sollte vor einer Narkose immer eine umfassende Untersuchung durchgef\u00fchrt werden, bei der eventuelle Risikofaktoren identifiziert werden k\u00f6nnen und sichergestellt wird, dass die Katze in ausreichend guter k\u00f6rperlicher Verfassung f\u00fcr eine Narkose ist. Moderne Narkosemittel und eine sorgf\u00e4ltige \u00dcberwachung der Vitalfunktionen w\u00e4hrend der Narkose tragen ebenfalls zu einer m\u00f6glichst risikoarmen Operation bei.<\/p>\n<h3>Haben Katzen bei der Narkose die Augen offen?<\/h3>\n<p>Katzen halten die Augen w\u00e4hren der Narkose naturgem\u00e4\u00df ge\u00f6ffnet. Um das Austrocknen zu verhindern, bekommen Sie ein sch\u00fctzendes Gel auf die Augen.<\/p>\n","protected":false},"excerpt":{"rendered":"<p>F\u00fcr die Gesundheit einer Katze kann eine Narkose im Falle einer Operation, einer Behandlung oder auch einer Untersuchung n\u00f6tig sein. Die Narkose sorgt daf\u00fcr, dass die Katze keinen Schmerz empfindet und reglos daliegt. So k\u00f6nnen Tier\u00e4rzt:innen notwendige Eingriffe, Untersuchungen und Behandlungen durchf\u00fchren, ohne dass die Katze leidet oder durch Bewegungen den Erfolg der durchgef\u00fchrten Ma\u00dfnahmen [&hellip;]<\/p>\n","protected":false},"author":11,"featured_media":15646,"parent":11691,"menu_order":4,"comment_status":"closed","ping_status":"closed","template":"templates\/blog.php","meta":{"_acf_changed":false,"_crdt_document":"","footnotes":"","beyondwords_generate_audio":"0","beyondwords_project_id":"","beyondwords_content_id":"","beyondwords_preview_token":"","beyondwords_player_style":"","beyondwords_language_id":"","beyondwords_title_voice_id":"","beyondwords_body_voice_id":"","beyondwords_summary_voice_id":"","beyondwords_error_message":"","beyondwords_disabled":"","beyondwords_delete_content":"","beyondwords_podcast_id":"","beyondwords_hash":"","publish_post_to_speechkit":"","speechkit_hash":"","speechkit_generate_audio":"","speechkit_project_id":"","speechkit_podcast_id":"","speechkit_error_message":"","speechkit_disabled":"","speechkit_access_key":"","speechkit_error":"","speechkit_info":"","speechkit_response":"","speechkit_retries":"","speechkit_status":"","speechkit_updated_at":"","_speechkit_link":"","_speechkit_text":""},"class_list":["post-15643","page","type-page","status-publish","has-post-thumbnail","hentry"],"acf":[],"yoast_head":"<!-- This site is optimized with the Yoast SEO Premium plugin  - https:\/\/yoast.com\/product\/yoast-seo-premium-wordpress\/ -->\n<title>Narkose bei Katzen: Wie Katze auf An\u00e4sthesie vorbereiten + Nachsorge | Uelzener<\/title>\n<meta name=\"description\" content=\"Bei einer An\u00e4sthesie f\u00fcr Katzen wird durch Narkotika der k\u00fcnstliche Schlaf herbeigef\u00fchrt. Wir verraten dir alles zur Vorbereitung \u2714 Wirkung \u2714 Nachsorge \u2714 einer Narkose bei Katzen.\" \/>\n<meta name=\"robots\" content=\"index, follow, max-snippet:-1, max-image-preview:large, max-video-preview:-1\" \/>\n<link rel=\"canonical\" href=\"https:\/\/uelzener.de\/magazin\/katze\/haeufige-fragen\/narkose-bei-katzen\/\" \/>\n<meta property=\"og:locale\" content=\"de_DE\" \/>\n<meta property=\"og:type\" content=\"article\" \/>\n<meta property=\"og:title\" content=\"Narkose bei Katzen: Wie Katze auf An\u00e4sthesie vorbereiten + Nachsorge\" \/>\n<meta property=\"og:description\" content=\"Bei einer An\u00e4sthesie f\u00fcr Katzen wird durch Narkotika der k\u00fcnstliche Schlaf herbeigef\u00fchrt. Wir verraten dir alles zur Vorbereitung \u2714 Wirkung \u2714 Nachsorge \u2714 einer Narkose bei Katzen.\" \/>\n<meta property=\"og:url\" content=\"https:\/\/uelzener.de\/magazin\/katze\/haeufige-fragen\/narkose-bei-katzen\/\" \/>\n<meta property=\"og:site_name\" content=\"Uelzener Tier-Magazin\" \/>\n<meta property=\"article:publisher\" content=\"https:\/\/www.facebook.com\/Uelzener\" \/>\n<meta property=\"article:modified_time\" content=\"2023-11-03T13:52:50+00:00\" \/>\n<meta property=\"og:image\" content=\"https:\/\/uelzener.de\/magazin\/app\/uploads\/2023\/06\/narkose-bei-katzen.jpg\" \/>\n\t<meta property=\"og:image:width\" content=\"1025\" \/>\n\t<meta property=\"og:image:height\" content=\"450\" \/>\n\t<meta property=\"og:image:type\" content=\"image\/jpeg\" \/>\n<meta name=\"twitter:card\" content=\"summary_large_image\" \/>\n<meta name=\"twitter:label1\" content=\"Gesch\u00e4tzte Lesezeit\" \/>\n\t<meta name=\"twitter:data1\" content=\"5\u00a0Minuten\" \/>\n<script type=\"application\/ld+json\" class=\"yoast-schema-graph\">{\"@context\":\"https:\/\/schema.org\",\"@graph\":[{\"@type\":\"WebPage\",\"@id\":\"https:\/\/uelzener.de\/magazin\/katze\/haeufige-fragen\/narkose-bei-katzen\/\",\"url\":\"https:\/\/uelzener.de\/magazin\/katze\/haeufige-fragen\/narkose-bei-katzen\/\",\"name\":\"Narkose bei Katzen: Wie Katze auf An\u00e4sthesie vorbereiten + Nachsorge | Uelzener\",\"isPartOf\":{\"@id\":\"https:\/\/uelzener.de\/magazin\/#website\"},\"primaryImageOfPage\":{\"@id\":\"https:\/\/uelzener.de\/magazin\/katze\/haeufige-fragen\/narkose-bei-katzen\/#primaryimage\"},\"image\":{\"@id\":\"https:\/\/uelzener.de\/magazin\/katze\/haeufige-fragen\/narkose-bei-katzen\/#primaryimage\"},\"thumbnailUrl\":\"https:\/\/uelzener.de\/magazin\/app\/uploads\/2023\/06\/narkose-bei-katzen.jpg\",\"datePublished\":\"2023-06-13T06:00:35+00:00\",\"dateModified\":\"2023-11-03T13:52:50+00:00\",\"description\":\"Bei einer An\u00e4sthesie f\u00fcr Katzen wird durch Narkotika der k\u00fcnstliche Schlaf herbeigef\u00fchrt. Wir verraten dir alles zur Vorbereitung \u2714 Wirkung \u2714 Nachsorge \u2714 einer Narkose bei Katzen.\",\"breadcrumb\":{\"@id\":\"https:\/\/uelzener.de\/magazin\/katze\/haeufige-fragen\/narkose-bei-katzen\/#breadcrumb\"},\"inLanguage\":\"de\",\"potentialAction\":[{\"@type\":\"ReadAction\",\"target\":[\"https:\/\/uelzener.de\/magazin\/katze\/haeufige-fragen\/narkose-bei-katzen\/\"]}]},{\"@type\":\"ImageObject\",\"inLanguage\":\"de\",\"@id\":\"https:\/\/uelzener.de\/magazin\/katze\/haeufige-fragen\/narkose-bei-katzen\/#primaryimage\",\"url\":\"https:\/\/uelzener.de\/magazin\/app\/uploads\/2023\/06\/narkose-bei-katzen.jpg\",\"contentUrl\":\"https:\/\/uelzener.de\/magazin\/app\/uploads\/2023\/06\/narkose-bei-katzen.jpg\",\"width\":1025,\"height\":450,\"caption\":\"Katze liegt in Narkose mit Intubation.\"},{\"@type\":\"WebSite\",\"@id\":\"https:\/\/uelzener.de\/magazin\/#website\",\"url\":\"https:\/\/uelzener.de\/magazin\/\",\"name\":\"Uelzener Tiermagazin\",\"description\":\"Online Tierratgeber der Uelzener Versicherungen\",\"publisher\":{\"@id\":\"https:\/\/uelzener.de\/magazin\/#organization\"},\"potentialAction\":[{\"@type\":\"SearchAction\",\"target\":{\"@type\":\"EntryPoint\",\"urlTemplate\":\"https:\/\/uelzener.de\/magazin\/?s={search_term_string}\"},\"query-input\":{\"@type\":\"PropertyValueSpecification\",\"valueRequired\":true,\"valueName\":\"search_term_string\"}}],\"inLanguage\":\"de\"},{\"@type\":\"Organization\",\"@id\":\"https:\/\/uelzener.de\/magazin\/#organization\",\"name\":\"Uelzener Versicherungen\",\"url\":\"https:\/\/uelzener.de\/magazin\/\",\"logo\":{\"@type\":\"ImageObject\",\"inLanguage\":\"de\",\"@id\":\"https:\/\/uelzener.de\/magazin\/#\/schema\/logo\/image\/\",\"url\":\"https:\/\/uelzener.de\/magazin\/app\/uploads\/2024\/11\/uelzener_allgemeine_versicherungsgesellschaft_a_g_logo.jpg\",\"contentUrl\":\"https:\/\/uelzener.de\/magazin\/app\/uploads\/2024\/11\/uelzener_allgemeine_versicherungsgesellschaft_a_g_logo.jpg\",\"width\":200,\"height\":200,\"caption\":\"Uelzener Versicherungen\"},\"image\":{\"@id\":\"https:\/\/uelzener.de\/magazin\/#\/schema\/logo\/image\/\"},\"sameAs\":[\"https:\/\/www.facebook.com\/Uelzener\",\"https:\/\/instagram.com\/uelzener\",\"https:\/\/www.xing.com\/pages\/uelzenerallgemeineversicherungs-gesellschafta-g\",\"https:\/\/www.youtube.com\/UelzenerVersicherungen\"]}]}<\/script>\n<!-- \/ Yoast SEO Premium plugin. -->","yoast_head_json":{"title":"Narkose bei Katzen: Wie Katze auf An\u00e4sthesie vorbereiten + Nachsorge | Uelzener","description":"Bei einer An\u00e4sthesie f\u00fcr Katzen wird durch Narkotika der k\u00fcnstliche Schlaf herbeigef\u00fchrt. Wir verraten dir alles zur Vorbereitung \u2714 Wirkung \u2714 Nachsorge \u2714 einer Narkose bei Katzen.","robots":{"index":"index","follow":"follow","max-snippet":"max-snippet:-1","max-image-preview":"max-image-preview:large","max-video-preview":"max-video-preview:-1"},"canonical":"https:\/\/uelzener.de\/magazin\/katze\/haeufige-fragen\/narkose-bei-katzen\/","og_locale":"de_DE","og_type":"article","og_title":"Narkose bei Katzen: Wie Katze auf An\u00e4sthesie vorbereiten + Nachsorge","og_description":"Bei einer An\u00e4sthesie f\u00fcr Katzen wird durch Narkotika der k\u00fcnstliche Schlaf herbeigef\u00fchrt. Wir verraten dir alles zur Vorbereitung \u2714 Wirkung \u2714 Nachsorge \u2714 einer Narkose bei Katzen.","og_url":"https:\/\/uelzener.de\/magazin\/katze\/haeufige-fragen\/narkose-bei-katzen\/","og_site_name":"Uelzener Tier-Magazin","article_publisher":"https:\/\/www.facebook.com\/Uelzener","article_modified_time":"2023-11-03T13:52:50+00:00","og_image":[{"width":1025,"height":450,"url":"https:\/\/uelzener.de\/magazin\/app\/uploads\/2023\/06\/narkose-bei-katzen.jpg","type":"image\/jpeg"}],"twitter_card":"summary_large_image","twitter_misc":{"Gesch\u00e4tzte Lesezeit":"5\u00a0Minuten"},"schema":{"@context":"https:\/\/schema.org","@graph":[{"@type":"WebPage","@id":"https:\/\/uelzener.de\/magazin\/katze\/haeufige-fragen\/narkose-bei-katzen\/","url":"https:\/\/uelzener.de\/magazin\/katze\/haeufige-fragen\/narkose-bei-katzen\/","name":"Narkose bei Katzen: Wie Katze auf An\u00e4sthesie vorbereiten + Nachsorge | Uelzener","isPartOf":{"@id":"https:\/\/uelzener.de\/magazin\/#website"},"primaryImageOfPage":{"@id":"https:\/\/uelzener.de\/magazin\/katze\/haeufige-fragen\/narkose-bei-katzen\/#primaryimage"},"image":{"@id":"https:\/\/uelzener.de\/magazin\/katze\/haeufige-fragen\/narkose-bei-katzen\/#primaryimage"},"thumbnailUrl":"https:\/\/uelzener.de\/magazin\/app\/uploads\/2023\/06\/narkose-bei-katzen.jpg","datePublished":"2023-06-13T06:00:35+00:00","dateModified":"2023-11-03T13:52:50+00:00","description":"Bei einer An\u00e4sthesie f\u00fcr Katzen wird durch Narkotika der k\u00fcnstliche Schlaf herbeigef\u00fchrt. Wir verraten dir alles zur Vorbereitung \u2714 Wirkung \u2714 Nachsorge \u2714 einer Narkose bei Katzen.","breadcrumb":{"@id":"https:\/\/uelzener.de\/magazin\/katze\/haeufige-fragen\/narkose-bei-katzen\/#breadcrumb"},"inLanguage":"de","potentialAction":[{"@type":"ReadAction","target":["https:\/\/uelzener.de\/magazin\/katze\/haeufige-fragen\/narkose-bei-katzen\/"]}]},{"@type":"ImageObject","inLanguage":"de","@id":"https:\/\/uelzener.de\/magazin\/katze\/haeufige-fragen\/narkose-bei-katzen\/#primaryimage","url":"https:\/\/uelzener.de\/magazin\/app\/uploads\/2023\/06\/narkose-bei-katzen.jpg","contentUrl":"https:\/\/uelzener.de\/magazin\/app\/uploads\/2023\/06\/narkose-bei-katzen.jpg","width":1025,"height":450,"caption":"Katze liegt in Narkose mit Intubation."},{"@type":"WebSite","@id":"https:\/\/uelzener.de\/magazin\/#website","url":"https:\/\/uelzener.de\/magazin\/","name":"Uelzener Tiermagazin","description":"Online Tierratgeber der Uelzener Versicherungen","publisher":{"@id":"https:\/\/uelzener.de\/magazin\/#organization"},"potentialAction":[{"@type":"SearchAction","target":{"@type":"EntryPoint","urlTemplate":"https:\/\/uelzener.de\/magazin\/?s={search_term_string}"},"query-input":{"@type":"PropertyValueSpecification","valueRequired":true,"valueName":"search_term_string"}}],"inLanguage":"de"},{"@type":"Organization","@id":"https:\/\/uelzener.de\/magazin\/#organization","name":"Uelzener Versicherungen","url":"https:\/\/uelzener.de\/magazin\/","logo":{"@type":"ImageObject","inLanguage":"de","@id":"https:\/\/uelzener.de\/magazin\/#\/schema\/logo\/image\/","url":"https:\/\/uelzener.de\/magazin\/app\/uploads\/2024\/11\/uelzener_allgemeine_versicherungsgesellschaft_a_g_logo.jpg","contentUrl":"https:\/\/uelzener.de\/magazin\/app\/uploads\/2024\/11\/uelzener_allgemeine_versicherungsgesellschaft_a_g_logo.jpg","width":200,"height":200,"caption":"Uelzener Versicherungen"},"image":{"@id":"https:\/\/uelzener.de\/magazin\/#\/schema\/logo\/image\/"},"sameAs":["https:\/\/www.facebook.com\/Uelzener","https:\/\/instagram.com\/uelzener","https:\/\/www.xing.com\/pages\/uelzenerallgemeineversicherungs-gesellschafta-g","https:\/\/www.youtube.com\/UelzenerVersicherungen"]}]}},"_links":{"self":[{"href":"https:\/\/uelzener.de\/magazin\/wp-json\/wp\/v2\/pages\/15643","targetHints":{"allow":["GET"]}}],"collection":[{"href":"https:\/\/uelzener.de\/magazin\/wp-json\/wp\/v2\/pages"}],"about":[{"href":"https:\/\/uelzener.de\/magazin\/wp-json\/wp\/v2\/types\/page"}],"author":[{"embeddable":true,"href":"https:\/\/uelzener.de\/magazin\/wp-json\/wp\/v2\/users\/11"}],"replies":[{"embeddable":true,"href":"https:\/\/uelzener.de\/magazin\/wp-json\/wp\/v2\/comments?post=15643"}],"version-history":[{"count":6,"href":"https:\/\/uelzener.de\/magazin\/wp-json\/wp\/v2\/pages\/15643\/revisions"}],"predecessor-version":[{"id":16601,"href":"https:\/\/uelzener.de\/magazin\/wp-json\/wp\/v2\/pages\/15643\/revisions\/16601"}],"up":[{"embeddable":true,"href":"https:\/\/uelzener.de\/magazin\/wp-json\/wp\/v2\/pages\/11691"}],"wp:featuredmedia":[{"embeddable":true,"href":"https:\/\/uelzener.de\/magazin\/wp-json\/wp\/v2\/media\/15646"}],"wp:attachment":[{"href":"https:\/\/uelzener.de\/magazin\/wp-json\/wp\/v2\/media?parent=15643"}],"curies":[{"name":"wp","href":"https:\/\/api.w.org\/{rel}","templated":true}]}}