{"id":15638,"date":"2023-06-09T08:00:43","date_gmt":"2023-06-09T06:00:43","guid":{"rendered":"https:\/\/uelzener.de\/magazin\/?page_id=15638"},"modified":"2025-09-02T16:42:22","modified_gmt":"2025-09-02T14:42:22","slug":"pferd-tot","status":"publish","type":"page","link":"https:\/\/uelzener.de\/magazin\/pferd\/haeufige-fragen\/pferd-tot\/","title":{"rendered":"Was tun, wenn dein Pferd verstorben ist"},"content":{"rendered":"<p>Sein Pferd zu verlieren, ist f\u00fcr Pferdehalter:innen immer schlimm. Einige trifft es emotional schwerer, andere tragen leichter am Verlust des eigenen Pferdes. Neben der emotionalen Belastung, stehen jedoch erst einmal ganz praktische Aufgaben an, wenn ein Pferd gestorben ist. Wer gut vorbereitet ist und genau wei\u00df, was im Fall der F\u00e4lle zu tun ist, sorgt vorausschauend f\u00fcr Entlastung in dieser schwierigen Situation.<\/p>\n<p>Dazu geh\u00f6rt auch, sich m\u00f6glichst fr\u00fchzeitig \u00fcber wichtige und leider unangenehme Fragen Gedanken zu machen. Denn in einer akuten Situation zu entscheiden, ob man eine Operation durchf\u00fchren l\u00e4sst oder auch, was beim Tod oder nach dem Tod eines Pferdes geschehen soll, kann leicht \u00fcberfordernd sein. Eine fr\u00fchzeitige Auseinandersetzung mit diesen wichtigen Entscheidungen entlastet einen, wenn dann tats\u00e4chlich der Ernstfall eintritt. Daher erf\u00e4hrst du hier das Wichtigste \u00fcber die konkreten Schritte, die nach dem traurigen Abschied vom eigenen Pferd zu gehen sind.<\/p>\n<h2>Wenn du dein Pferd einschl\u00e4fern lassen musstest<\/h2>\n<p>In vielen F\u00e4llen sterben Pferde nicht auf nat\u00fcrliche Weise. Wenn Pferde unter einer schweren Krankheit leiden, wie Weidemyopathie oder einer Kolik, bei der es im schlimmsten Fall keine Aussicht auf Besserung gibt oder sie unheilbare Verletzungen oder fortw\u00e4hrend Schmerzen haben, die nicht gelindert werden k\u00f6nnen, dann d\u00fcrfen Tier\u00e4rzt:innen ein <a href=\"https:\/\/uelzener.de\/magazin\/pferd\/tiergesundheit\/sterbehilfe-euthanasie-beim-pferd\/\" target=\"_blank\" rel=\"noopener\">Pferd einschl\u00e4fern<\/a>. Ist das Pferd verstorben, m\u00fcssen nun einige vom Gesetzgeber vorgeschriebene Dinge zwingend in Angriff genommen werden.<\/p>\n\n<div class=\"related_articles boxed\">\n    <h2>Mehr zum Thema<\/h2>\n    \n    <div class=\"wrapper\"><div class=\"title align-center\"><h3><a href=\"https:\/\/uelzener.de\/magazin\/pferd\/haeufige-fragen\/kolik-hausmittel\/\">Kolik: Welche Hausmittel helfen wirklich?<\/a><\/h3><\/div><div class=\"img align-center\"><img decoding=\"async\" width=\"315\" height=\"180\" src=\"https:\/\/uelzener.de\/magazin\/app\/uploads\/2022\/10\/Hausmittel-Kolik-Pferd-315x180.jpg\" class=\"attachment-315x180 size-315x180 wp-post-image\" alt=\"Pferd liegt auf der Wiese. Welche Hausmittel helfen bei Kolik?\" \/><\/div><\/div><div class=\"wrapper\"><div class=\"title align-center\"><h3><a href=\"https:\/\/uelzener.de\/magazin\/pferd\/tiergesundheit\/weidemyopathie\/\">Weidemyopathie: T\u00f6dliche Gefahr f\u00fcr Pferde<\/a><\/h3><\/div><div class=\"img align-center\"><img decoding=\"async\" width=\"315\" height=\"180\" src=\"https:\/\/uelzener.de\/magazin\/app\/uploads\/2020\/06\/8698f074-698d-4e0d-9a97-4f4ced7818e6-e1631779942820-315x180.jpg\" class=\"attachment-315x180 size-315x180 wp-post-image\" alt=\"\" \/><\/div><\/div><div class=\"wrapper\"><div class=\"title align-center\"><h3><a href=\"https:\/\/uelzener.de\/magazin\/pferd\/haeufige-fragen\/liste-haeufigste-pferdekrankheiten-operationen\/\">Liste der h\u00e4ufigsten Pferdekrankheiten und Operationen<\/a><\/h3><\/div><div class=\"img align-center\"><img decoding=\"async\" width=\"315\" height=\"180\" src=\"https:\/\/uelzener.de\/magazin\/app\/uploads\/2023\/01\/haeufige-pferdekrankheiten-operationen-315x180.jpg\" class=\"attachment-315x180 size-315x180 wp-post-image\" alt=\"\u00c4rztin untersucht Pferd auf Krankheiten. Wird eine OP notwendig sein?\" \/><\/div><\/div><\/div>\n\n<h2>Tierk\u00f6rperbeseitigung<\/h2>\n<p>F\u00fcr verstorbene Pferde besteht aufgrund des Seuchenschutzes eine Meldepflicht bei den zust\u00e4ndigen Beh\u00f6rden. Au\u00dferdem m\u00fcssen verstorbene Tiere von Fachbetrieben, so genannten Tierk\u00f6rperbeseitigungsanlagen, \u00fcbernommen werden.<\/p>\n<h3>Meldung bei der zust\u00e4ndigen Beh\u00f6rde<\/h3>\n<p>Verstirbt ein Pferd oder musste es eingeschl\u00e4fert werden, muss man seinen Tod bei der zust\u00e4ndigen Beh\u00f6rde oder direkt beim Tierk\u00f6rperbeseitigungs-Unternehmen melden. Welche Stelle das im Einzelnen ist, kann regional verschieden sein und l\u00e4sst sich in einer Suchmaschine im Internet leicht \u00fcber die Eingabe \u201epferd tot Wohnort\u201c herausfinden. Oder man erkundigt sich bei der Verwaltung seiner Stadt oder seines Landkreises.<\/p>\n<p>Aufgrund des Seuchenschutzes m\u00fcssen verstorbene Tiere von Fachbetrieben \u00fcbernommen werden. Daf\u00fcr sind die zust\u00e4ndigen Beh\u00f6rden verantwortlich. Diese \u00fcbernehmen diese Aufgabe jedoch in der Regel nicht selbst, sondern \u00fcbertragen sie an Unternehmen, die auf die Tierk\u00f6rperbeseitigung und Tierk\u00f6rperverwertung spezialisiert sind.<\/p>\n<h3>Abholung<\/h3>\n<p>Die Abholung des verstorbenen Tieres ist f\u00fcr viele Pferdehalter:innen eine nur schwer zu ertragende Vorstellung. Da ist es gut, sich innerlich vorzubereiten und zu wappnen. Nach der Meldung bei der Tierbeseitigungsanstalt oder der Beh\u00f6rde, wird ein Fahrzeug der Tierk\u00f6rperbeseitigung das verstorbene Tier am selben oder in den n\u00e4chsten Tagen abholen. Auf den Webseiten der zust\u00e4ndigen Unternehmen findet man in der Regel genaue Anweisungen, wie das Tier bereitzulegen ist. Zumeist muss das Tier an einer befestigten Stra\u00dfe abgelegt werden und zwar so, dass sich keine B\u00e4ume oder Geb\u00e4udeteile \u00fcber dem Tier befinden. Wenn m\u00f6glich sollte man dies im Falle der Euthanasie eines Pferdes ber\u00fccksichtigen und erspart sich so ein w\u00fcrdeloses Umhertransportieren des verstorbenen Tieres. Am Fahrzeug der Tierk\u00f6rperbeseitigung ist ein Greifarm befestigt, mit dem das Tier aufgenommen und in einem Container auf dem Lastwagen abgelegt wird. In diesem Container ist Platz f\u00fcr mehrere Tiere, die das Fahrzeug an dem jeweiligen Tag nach und nach einsammeln wird.<\/p>\n<h3>Das geschieht mit toten Tieren<\/h3>\n<p>Wird das Tier im Rahmen der Tierk\u00f6rperbeseitigung abgeholt, wird sein K\u00f6rper in der Tierk\u00f6rperverwertung weiterverwendet. Es werden daraus Produkte, wie Tierfett, Tiermehl oder Tierkohle hergestellt. So findet Tierfett in Kraftstoffen f\u00fcr speziell ausger\u00fcstete Nutzfahrzeuge Verwendung, Tierkohle und Tiermehl wird unter bestimmten Auflagen in D\u00fcngemitteln weiterverarbeitet.<\/p>\n<h3>Kosten<\/h3>\n<p>Die Abholung durch ein Unternehmen der Tierk\u00f6rperbeseitigung muss anteilig bezahlt werden. Die Kosten sind je nach Bundesland unterschiedlich geregelt. Einen Teil der Kosten \u00fcbernimmt jedoch die Tierseuchenkasse. Am besten erkundigt man sich bei der zust\u00e4ndigen Kasse, wie hoch die Kosten im Einzelfall sind.<\/p>\n<p>Wer nicht m\u00f6chte, dass sein verstorbenes Pferd auf diese Weise abgeholt und verwendet wird, f\u00fcr den ist m\u00f6glicherweise ein w\u00fcrdigerer Abschied im Rahmen einer Ein\u00e4scherung geeigneter. Hierbei ist eine individuelle Abholung nach den eigenen Bed\u00fcrfnissen m\u00f6glich.<\/p>\n<h2>Bestattung<\/h2>\n<p>Eine Erdbestattung von Tierk\u00f6rpern ist in Deutschland nur unter Befolgung bestimmter Regeln erlaubt. Jedoch gibt es die M\u00f6glichkeit, sein Pferd in einem Tierkrematorium ein\u00e4schern zu lassen. Daf\u00fcr ist eine Ausnahmegenehmigung nach \u00a7 4 Abs. 2 TierNebG n\u00f6tig. Da die Erteilung einer Ausnahmegenehmigung f\u00fcr das Verfahren entscheidend ist, sollte man sich am besten fr\u00fchzeitig vor dem Tod des Pferdes Gedanken \u00fcber die Frage der Bestattung machen. Einige Tierkrematorien \u00fcbernehmen die Beantragung oder helfen beratend.<\/p>\n<p>Tierkrematorien bieten einen individuellen Rahmen, um von seinem Tier Abschied zu nehmen. Dabei richten sich die Krematorien stark nach den W\u00fcnschen und Bed\u00fcrfnissen der Pferdehalter:innen. So kann man sein Pferd beispielsweise auf seinem letzten Weg begleiten und bei der Ein\u00e4scherung dabei sein. Auch bietet sich die M\u00f6glichkeit eines pers\u00f6nlichen Abschieds in gesonderten R\u00e4umlichkeiten. F\u00fcr viele Pferdehalter:innen erleichtert ein w\u00fcrdevoller und respektvoller Abschied die Verarbeitung des Verlustes.<\/p>\n<h2>Umgang mit Trauer<\/h2>\n<p>Unmittelbar nach dem Tod eines Tieres, m\u00fcssen Dinge, wie die Information der Beh\u00f6rden und Abholung des Tieres geregelt werden. Liegt dies hinter einem, beginnt eine neue Phase, ein Lebensabschnitt ohne das geliebte Pferd. Der Umgang mit dem Verlust des geliebten Pferdes kann sehr unterschiedlich sein. \u00c4hnlich wie wenn wir um einen geliebten Menschen trauern. Trauer und Tod sind nicht planbar und vielfach kann man kaum voraussehen, wie es einem selbst gehen wird.<\/p>\n<p>Um einen Verlust zu verarbeiten hilft es, seine Gef\u00fchle und Gedanken zuzulassen. Das gelingt am besten, wenn man versucht, sie nicht zu bewerten oder sich selbst gar daf\u00fcr zu verurteilen, wie man f\u00fchlt, denkt und sich verh\u00e4lt oder verhalten m\u00f6chte. Vielen hilft es, mit nahestehenden Menschen \u00fcber seine Empfindungen zu sprechen, sich gemeinsam an Erlebnisse mit seinem Pferd zu erinnern, vielleicht auch Fotos anzuschauen. In einem anderen Moment ist vielleicht Ablenkung und sich mit etwas anderem, etwas Sch\u00f6nem zu befassen, ein guter Weg, mit dem Verlust umzugehen.<\/p>\n<p>Wichtig ist, sich Zeit zu geben. Denn an Trauer klebt nun einmal kein Verfallsdatum. Sie kann sehr unterschiedlich lange dauern und es kann auch immer wieder Momente oder Phasen geben, in denen die Traurigkeit \u00fcber den Verlust und der Schmerz \u00fcber die Umst\u00e4nde des Todes pr\u00e4senter sind.<\/p>\n<p>Neben der Trauer bleiben noch einige praktische Dinge, die geregelt werden m\u00fcssen. Darunter das Thema Stallmiete.<\/p>\n<h2>Stallmiete<\/h2>\n<p>Wie lange die Stallmiete im Todesfall eines Pferdes weitergezahlt werden muss, regelt der Pferdeeinstellungsvertrag. So kann es sein, dass man den Vertrag k\u00fcndigen muss und wom\u00f6glich noch eine Weile verpflichtet ist bis zum Ende der Vertragslaufzeit zu zahlen. M\u00f6glich sind allerdings auch vertragliche Sonderregelungen f\u00fcr den Todesfall des Pferdes. In jedem Fall sollte man im Vertrag nachschauen und gegebenenfalls m\u00f6glichst schnell die K\u00fcndigung aussprechen. Denkbar sind nat\u00fcrlich auch Kulanzregelungen. Vor allem, wenn es wom\u00f6glich eine Warteliste gibt, kann man mitunter fr\u00fcher aus dem Vertrag aussteigen. Die Kosten f\u00fcr die Stallmiete wird einem niemand direkt ersetzen. Doch eine Versicherung kann helfen, die finanzielle Belastung bei dem Verlust eines Pferdes zu mindern.<\/p>\n<h2>Pferdeversicherung<\/h2>\n<p>Wird ein Pferd aufgrund einer unheilbaren Krankheit oder eines Unfalls von seinem Leiden erl\u00f6st, \u00fcbernimmt die <a href=\"https:\/\/uelzener.de\/pferd\/pferde-krankenversicherung\/\">Krankenversicherung der Uelzener<\/a> die Kosten der Euthanasie. Neben einer Krankenversicherung kann im Todesfall auch eine m\u00f6glicherweise abgeschlossene Lebensversicherung greifen. Mit dem Geld aus einer Lebensversicherung lassen sich beispielsweise Bestattungskosten bezahlen, eine weiter zu zahlende Stallmiete oder auch der Kaufpreis f\u00fcr ein neues Pferd. Die <a href=\"https:\/\/uelzener.de\/pferd\/pferde-lebensversicherung\/\">Pferde-Lebensversicherung der Uelzener<\/a> zahlt im Leistungsfall bis zu 100% der vereinbarten Versicherungssumme aus. Pferdehalter:innen sollten sich fr\u00fchzeitig \u00fcber die verschiedenen M\u00f6glichkeiten der Tierversicherung erkundigen und den f\u00fcr sie <a href=\"https:\/\/uelzener.de\/magazin\/pferd\/tiergesundheit\/welche-versicherung-pferd\/\">passenden Versicherungsschutz<\/a> w\u00e4hlen.<\/p>\n<h2>Fazit<\/h2>\n<p>Den Verlust eines Pferdes kann niemand ungeschehen machen. Gut informiert zu sein, kann die ersten Tage nach dem Tod des Pferdes jedoch etwas entlasten. Dazu geh\u00f6rt das Wissen um die Meldepflicht, Abholung der Tierk\u00f6rperbeseitigung oder gegebenenfalls die Entscheidung f\u00fcr eine Ein\u00e4scherung. So sollte man sich, wenn m\u00f6glich, bereits fr\u00fchzeitig Gedanken machen, ob eine Ein\u00e4scherung und eine damit verbundene piet\u00e4tvolle Abholung des verstorbenen Tieres in Frage kommen. Im Fall der F\u00e4lle wird man von den beh\u00f6rdlichen Anforderungen nicht \u00fcberrascht, sondern ist schnell handlungsf\u00e4hig und kann bestm\u00f6glich f\u00fcr sich selbst und sein Tier entscheiden.<\/p>\n<h2>FAQ: H\u00e4ufig gestellte Fragen<\/h2>\n<h3>Was passiert mit dem Equidenpass nach dem Tod des Pferdes?<\/h3>\n<p>Der Equidenpass bleibt nach dem Tod des Pferdes beim Pferd. So wird der Pass bei der Abholung des verstorbenen Tieres mitgegeben. Tierk\u00f6rperbeseitigungsanlagen oder Tierkrematorien leiten den Pass an die zust\u00e4ndige Stelle weiter. Dies k\u00f6nnen der Zuchtverband oder der zust\u00e4ndige Verband der Deutschen Reiterlichen Vereinigung sein.<\/p>\n<h3>Wer holt ein totes Pferd ab?<\/h3>\n<p>F\u00fcr verstorbene Pferde besteht eine Meldepflicht bei den zust\u00e4ndigen Beh\u00f6rden. Welche das im Einzelnen sind, ist regional unterschiedlich. Tierk\u00f6rperbeseitigung ist Sache der zust\u00e4ndigen Beh\u00f6rden. Gemeldete Tiere werden von Tierk\u00f6rperbeseitigungsanlagen abgeholt. Dazu m\u00fcssen die verstorbenen Pferde in der Regel an einem \u00fcber befestigte Wege zu erreichenden Ort abgelegt werden und zwar so, dass der Raum oberhalb des Tieres frei zug\u00e4nglich ist. Alternativ bieten einige Unternehmen eine individuelle Abholung an, bei der Pferdehalter:innen sich mit dem jeweiligen Unternehmen abstimmen k\u00f6nnen, wie die Abholung erfolgen soll. Im Rahmen einer Ein\u00e4scherung holen Tierkrematorien ein Pferd nach individueller Absprache ab.<\/p>\n<h3>Wie viel kostet es, ein Pferd ein\u00e4schern zu lassen?<\/h3>\n<p>Die Kosten f\u00fcr die Ein\u00e4scherung eines Pferdes variieren je nach Gewicht bzw. Gr\u00f6\u00dfe des Tieres und des anbietenden Unternehmens zwischen ca. 1800 Euro und 3500 Euro. Hinzu kommen die Kosten f\u00fcr den Transport, falls man das verstorbene Tier nicht selbst transportieren kann oder m\u00f6chte.<\/p>\n","protected":false},"excerpt":{"rendered":"<p>Sein Pferd zu verlieren, ist f\u00fcr Pferdehalter:innen immer schlimm. Einige trifft es emotional schwerer, andere tragen leichter am Verlust des eigenen Pferdes. Neben der emotionalen Belastung, stehen jedoch erst einmal ganz praktische Aufgaben an, wenn ein Pferd gestorben ist. Wer gut vorbereitet ist und genau wei\u00df, was im Fall der F\u00e4lle zu tun ist, sorgt [&hellip;]<\/p>\n","protected":false},"author":11,"featured_media":15642,"parent":11685,"menu_order":5,"comment_status":"closed","ping_status":"closed","template":"templates\/blog.php","meta":{"_acf_changed":false,"_crdt_document":"","footnotes":"","beyondwords_generate_audio":"","beyondwords_project_id":"","beyondwords_content_id":"","beyondwords_preview_token":"","beyondwords_player_style":"","beyondwords_language_id":"","beyondwords_title_voice_id":"","beyondwords_body_voice_id":"","beyondwords_summary_voice_id":"","beyondwords_error_message":"","beyondwords_disabled":"","beyondwords_delete_content":"","beyondwords_podcast_id":"","beyondwords_hash":"","publish_post_to_speechkit":"","speechkit_hash":"","speechkit_generate_audio":"","speechkit_project_id":"","speechkit_podcast_id":"","speechkit_error_message":"","speechkit_disabled":"","speechkit_access_key":"","speechkit_error":"","speechkit_info":"","speechkit_response":"","speechkit_retries":"","speechkit_status":"","speechkit_updated_at":"","_speechkit_link":"","_speechkit_text":""},"class_list":["post-15638","page","type-page","status-publish","has-post-thumbnail","hentry"],"acf":[],"yoast_head":"<!-- This site is optimized with the Yoast SEO Premium plugin  - https:\/\/yoast.com\/product\/yoast-seo-premium-wordpress\/ -->\n<title>Was tun, wenn dein Pferd verstorben ist | Uelzener<\/title>\n<meta name=\"description\" content=\"Das musst du regeln: Meldung nach dem Tod \u2714 Abholung des Tieres \u2714 Tierk\u00f6rperbeseitigung oder Bestattung \u2714\" \/>\n<meta name=\"robots\" content=\"index, follow, max-snippet:-1, max-image-preview:large, max-video-preview:-1\" \/>\n<link rel=\"canonical\" href=\"https:\/\/uelzener.de\/magazin\/pferd\/haeufige-fragen\/pferd-tot\/\" \/>\n<meta property=\"og:locale\" content=\"de_DE\" \/>\n<meta property=\"og:type\" content=\"article\" \/>\n<meta property=\"og:title\" content=\"Was tun, wenn dein Pferd verstorben ist\" \/>\n<meta property=\"og:description\" content=\"Das musst du regeln: Meldung nach dem Tod \u2714 Abholung des Tieres \u2714 Tierk\u00f6rperbeseitigung oder Bestattung \u2714\" \/>\n<meta property=\"og:url\" content=\"https:\/\/uelzener.de\/magazin\/pferd\/haeufige-fragen\/pferd-tot\/\" \/>\n<meta property=\"og:site_name\" content=\"Uelzener Tier-Magazin\" \/>\n<meta property=\"article:publisher\" content=\"https:\/\/www.facebook.com\/Uelzener\" \/>\n<meta property=\"article:modified_time\" content=\"2025-09-02T14:42:22+00:00\" \/>\n<meta property=\"og:image\" content=\"https:\/\/uelzener.de\/magazin\/app\/uploads\/2023\/06\/pferd-tot.jpg\" \/>\n\t<meta property=\"og:image:width\" content=\"1025\" \/>\n\t<meta property=\"og:image:height\" content=\"450\" \/>\n\t<meta property=\"og:image:type\" content=\"image\/jpeg\" \/>\n<meta name=\"twitter:card\" content=\"summary_large_image\" \/>\n<meta name=\"twitter:label1\" content=\"Gesch\u00e4tzte Lesezeit\" \/>\n\t<meta name=\"twitter:data1\" content=\"9\u00a0Minuten\" \/>\n<script type=\"application\/ld+json\" class=\"yoast-schema-graph\">{\"@context\":\"https:\/\/schema.org\",\"@graph\":[{\"@type\":\"WebPage\",\"@id\":\"https:\/\/uelzener.de\/magazin\/pferd\/haeufige-fragen\/pferd-tot\/\",\"url\":\"https:\/\/uelzener.de\/magazin\/pferd\/haeufige-fragen\/pferd-tot\/\",\"name\":\"Was tun, wenn dein Pferd verstorben ist | Uelzener\",\"isPartOf\":{\"@id\":\"https:\/\/uelzener.de\/magazin\/#website\"},\"primaryImageOfPage\":{\"@id\":\"https:\/\/uelzener.de\/magazin\/pferd\/haeufige-fragen\/pferd-tot\/#primaryimage\"},\"image\":{\"@id\":\"https:\/\/uelzener.de\/magazin\/pferd\/haeufige-fragen\/pferd-tot\/#primaryimage\"},\"thumbnailUrl\":\"https:\/\/uelzener.de\/magazin\/app\/uploads\/2023\/06\/pferd-tot.jpg\",\"datePublished\":\"2023-06-09T06:00:43+00:00\",\"dateModified\":\"2025-09-02T14:42:22+00:00\",\"description\":\"Das musst du regeln: Meldung nach dem Tod \u2714 Abholung des Tieres \u2714 Tierk\u00f6rperbeseitigung oder Bestattung \u2714\",\"breadcrumb\":{\"@id\":\"https:\/\/uelzener.de\/magazin\/pferd\/haeufige-fragen\/pferd-tot\/#breadcrumb\"},\"inLanguage\":\"de\",\"potentialAction\":[{\"@type\":\"ReadAction\",\"target\":[\"https:\/\/uelzener.de\/magazin\/pferd\/haeufige-fragen\/pferd-tot\/\"]}]},{\"@type\":\"ImageObject\",\"inLanguage\":\"de\",\"@id\":\"https:\/\/uelzener.de\/magazin\/pferd\/haeufige-fragen\/pferd-tot\/#primaryimage\",\"url\":\"https:\/\/uelzener.de\/magazin\/app\/uploads\/2023\/06\/pferd-tot.jpg\",\"contentUrl\":\"https:\/\/uelzener.de\/magazin\/app\/uploads\/2023\/06\/pferd-tot.jpg\",\"width\":1025,\"height\":450,\"caption\":\"Wei\u00dfes Pferd liegt tot auf einer gr\u00fcnen Wiese mit blauem Himmel im Hintergrund.\"},{\"@type\":\"WebSite\",\"@id\":\"https:\/\/uelzener.de\/magazin\/#website\",\"url\":\"https:\/\/uelzener.de\/magazin\/\",\"name\":\"Uelzener Tiermagazin\",\"description\":\"Online Tierratgeber der Uelzener Versicherungen\",\"publisher\":{\"@id\":\"https:\/\/uelzener.de\/magazin\/#organization\"},\"potentialAction\":[{\"@type\":\"SearchAction\",\"target\":{\"@type\":\"EntryPoint\",\"urlTemplate\":\"https:\/\/uelzener.de\/magazin\/?s={search_term_string}\"},\"query-input\":{\"@type\":\"PropertyValueSpecification\",\"valueRequired\":true,\"valueName\":\"search_term_string\"}}],\"inLanguage\":\"de\"},{\"@type\":\"Organization\",\"@id\":\"https:\/\/uelzener.de\/magazin\/#organization\",\"name\":\"Uelzener Versicherungen\",\"url\":\"https:\/\/uelzener.de\/magazin\/\",\"logo\":{\"@type\":\"ImageObject\",\"inLanguage\":\"de\",\"@id\":\"https:\/\/uelzener.de\/magazin\/#\/schema\/logo\/image\/\",\"url\":\"https:\/\/uelzener.de\/magazin\/app\/uploads\/2024\/11\/uelzener_allgemeine_versicherungsgesellschaft_a_g_logo.jpg\",\"contentUrl\":\"https:\/\/uelzener.de\/magazin\/app\/uploads\/2024\/11\/uelzener_allgemeine_versicherungsgesellschaft_a_g_logo.jpg\",\"width\":200,\"height\":200,\"caption\":\"Uelzener Versicherungen\"},\"image\":{\"@id\":\"https:\/\/uelzener.de\/magazin\/#\/schema\/logo\/image\/\"},\"sameAs\":[\"https:\/\/www.facebook.com\/Uelzener\",\"https:\/\/instagram.com\/uelzener\",\"https:\/\/www.xing.com\/pages\/uelzenerallgemeineversicherungs-gesellschafta-g\",\"https:\/\/www.youtube.com\/UelzenerVersicherungen\"]}]}<\/script>\n<!-- \/ Yoast SEO Premium plugin. -->","yoast_head_json":{"title":"Was tun, wenn dein Pferd verstorben ist | Uelzener","description":"Das musst du regeln: Meldung nach dem Tod \u2714 Abholung des Tieres \u2714 Tierk\u00f6rperbeseitigung oder Bestattung \u2714","robots":{"index":"index","follow":"follow","max-snippet":"max-snippet:-1","max-image-preview":"max-image-preview:large","max-video-preview":"max-video-preview:-1"},"canonical":"https:\/\/uelzener.de\/magazin\/pferd\/haeufige-fragen\/pferd-tot\/","og_locale":"de_DE","og_type":"article","og_title":"Was tun, wenn dein Pferd verstorben ist","og_description":"Das musst du regeln: Meldung nach dem Tod \u2714 Abholung des Tieres \u2714 Tierk\u00f6rperbeseitigung oder Bestattung \u2714","og_url":"https:\/\/uelzener.de\/magazin\/pferd\/haeufige-fragen\/pferd-tot\/","og_site_name":"Uelzener Tier-Magazin","article_publisher":"https:\/\/www.facebook.com\/Uelzener","article_modified_time":"2025-09-02T14:42:22+00:00","og_image":[{"width":1025,"height":450,"url":"https:\/\/uelzener.de\/magazin\/app\/uploads\/2023\/06\/pferd-tot.jpg","type":"image\/jpeg"}],"twitter_card":"summary_large_image","twitter_misc":{"Gesch\u00e4tzte Lesezeit":"9\u00a0Minuten"},"schema":{"@context":"https:\/\/schema.org","@graph":[{"@type":"WebPage","@id":"https:\/\/uelzener.de\/magazin\/pferd\/haeufige-fragen\/pferd-tot\/","url":"https:\/\/uelzener.de\/magazin\/pferd\/haeufige-fragen\/pferd-tot\/","name":"Was tun, wenn dein Pferd verstorben ist | Uelzener","isPartOf":{"@id":"https:\/\/uelzener.de\/magazin\/#website"},"primaryImageOfPage":{"@id":"https:\/\/uelzener.de\/magazin\/pferd\/haeufige-fragen\/pferd-tot\/#primaryimage"},"image":{"@id":"https:\/\/uelzener.de\/magazin\/pferd\/haeufige-fragen\/pferd-tot\/#primaryimage"},"thumbnailUrl":"https:\/\/uelzener.de\/magazin\/app\/uploads\/2023\/06\/pferd-tot.jpg","datePublished":"2023-06-09T06:00:43+00:00","dateModified":"2025-09-02T14:42:22+00:00","description":"Das musst du regeln: Meldung nach dem Tod \u2714 Abholung des Tieres \u2714 Tierk\u00f6rperbeseitigung oder Bestattung \u2714","breadcrumb":{"@id":"https:\/\/uelzener.de\/magazin\/pferd\/haeufige-fragen\/pferd-tot\/#breadcrumb"},"inLanguage":"de","potentialAction":[{"@type":"ReadAction","target":["https:\/\/uelzener.de\/magazin\/pferd\/haeufige-fragen\/pferd-tot\/"]}]},{"@type":"ImageObject","inLanguage":"de","@id":"https:\/\/uelzener.de\/magazin\/pferd\/haeufige-fragen\/pferd-tot\/#primaryimage","url":"https:\/\/uelzener.de\/magazin\/app\/uploads\/2023\/06\/pferd-tot.jpg","contentUrl":"https:\/\/uelzener.de\/magazin\/app\/uploads\/2023\/06\/pferd-tot.jpg","width":1025,"height":450,"caption":"Wei\u00dfes Pferd liegt tot auf einer gr\u00fcnen Wiese mit blauem Himmel im Hintergrund."},{"@type":"WebSite","@id":"https:\/\/uelzener.de\/magazin\/#website","url":"https:\/\/uelzener.de\/magazin\/","name":"Uelzener Tiermagazin","description":"Online Tierratgeber der Uelzener Versicherungen","publisher":{"@id":"https:\/\/uelzener.de\/magazin\/#organization"},"potentialAction":[{"@type":"SearchAction","target":{"@type":"EntryPoint","urlTemplate":"https:\/\/uelzener.de\/magazin\/?s={search_term_string}"},"query-input":{"@type":"PropertyValueSpecification","valueRequired":true,"valueName":"search_term_string"}}],"inLanguage":"de"},{"@type":"Organization","@id":"https:\/\/uelzener.de\/magazin\/#organization","name":"Uelzener Versicherungen","url":"https:\/\/uelzener.de\/magazin\/","logo":{"@type":"ImageObject","inLanguage":"de","@id":"https:\/\/uelzener.de\/magazin\/#\/schema\/logo\/image\/","url":"https:\/\/uelzener.de\/magazin\/app\/uploads\/2024\/11\/uelzener_allgemeine_versicherungsgesellschaft_a_g_logo.jpg","contentUrl":"https:\/\/uelzener.de\/magazin\/app\/uploads\/2024\/11\/uelzener_allgemeine_versicherungsgesellschaft_a_g_logo.jpg","width":200,"height":200,"caption":"Uelzener Versicherungen"},"image":{"@id":"https:\/\/uelzener.de\/magazin\/#\/schema\/logo\/image\/"},"sameAs":["https:\/\/www.facebook.com\/Uelzener","https:\/\/instagram.com\/uelzener","https:\/\/www.xing.com\/pages\/uelzenerallgemeineversicherungs-gesellschafta-g","https:\/\/www.youtube.com\/UelzenerVersicherungen"]}]}},"_links":{"self":[{"href":"https:\/\/uelzener.de\/magazin\/wp-json\/wp\/v2\/pages\/15638","targetHints":{"allow":["GET"]}}],"collection":[{"href":"https:\/\/uelzener.de\/magazin\/wp-json\/wp\/v2\/pages"}],"about":[{"href":"https:\/\/uelzener.de\/magazin\/wp-json\/wp\/v2\/types\/page"}],"author":[{"embeddable":true,"href":"https:\/\/uelzener.de\/magazin\/wp-json\/wp\/v2\/users\/11"}],"replies":[{"embeddable":true,"href":"https:\/\/uelzener.de\/magazin\/wp-json\/wp\/v2\/comments?post=15638"}],"version-history":[{"count":11,"href":"https:\/\/uelzener.de\/magazin\/wp-json\/wp\/v2\/pages\/15638\/revisions"}],"predecessor-version":[{"id":19115,"href":"https:\/\/uelzener.de\/magazin\/wp-json\/wp\/v2\/pages\/15638\/revisions\/19115"}],"up":[{"embeddable":true,"href":"https:\/\/uelzener.de\/magazin\/wp-json\/wp\/v2\/pages\/11685"}],"wp:featuredmedia":[{"embeddable":true,"href":"https:\/\/uelzener.de\/magazin\/wp-json\/wp\/v2\/media\/15642"}],"wp:attachment":[{"href":"https:\/\/uelzener.de\/magazin\/wp-json\/wp\/v2\/media?parent=15638"}],"curies":[{"name":"wp","href":"https:\/\/api.w.org\/{rel}","templated":true}]}}