{"id":15628,"date":"2023-06-08T08:00:13","date_gmt":"2023-06-08T06:00:13","guid":{"rendered":"https:\/\/uelzener.de\/magazin\/?page_id=15628"},"modified":"2024-07-01T15:57:52","modified_gmt":"2024-07-01T13:57:52","slug":"haeufige-reitunfaelle","status":"publish","type":"page","link":"https:\/\/uelzener.de\/magazin\/pferd\/haeufige-fragen\/haeufige-reitunfaelle\/","title":{"rendered":"H\u00e4ufige Reitunf\u00e4lle: Wobei verletzen sich Reiter:innen und Pferd am meisten?"},"content":{"rendered":"<p>Reiten gilt als eher gef\u00e4hrliche Sportart. Sowohl im Freizeitsport als auch auf Leistungssportebene kommt es immer wieder zu Reitunf\u00e4llen mit Verletzungen. H\u00e4ufige Verletzungen sind Kopf-, Schulter- und Armverletzungen. Schwere St\u00fcrze betreffen vor allem die Brust- und Lendenwirbels\u00e4ule. Trotz Operationen ergeben sich daraus immer wieder schwerwiegende Folgen f\u00fcr Reiter:innen.<\/p>\n<p>Doch vielfach k\u00f6nnen Reiter:innen viel daf\u00fcr tun, dass weniger Reitunf\u00e4lle passieren oder sie vergleichsweise harmlos verlaufen. Denn das Verhalten und die Ausbildung von Reiter:innen spielen neben dem Tragen von Reithelmen und sch\u00fctzenden Westen mit Protektoren eine entscheidende Rolle f\u00fcr die Minimierung von Unfallrisiken. Hier beschreiben wir die h\u00e4ufigsten Gr\u00fcnde f\u00fcr Reitunf\u00e4lle und wie sie sich am ehesten vermeiden lassen.<\/p>\n<h2>Unerfahrenheit oder mangelnde Kenntnisse des Reiters:<\/h2>\n<p>Reiter:innen mit wenig Erfahrung oder mangelnden Kenntnissen haben ein h\u00f6heres Risiko einen Reitunfall zu erleiden. Als Fluchttiere reagieren Pferde impulsiv und k\u00f6nnen sich schon bei vergleichsweise geringen \u00e4u\u00dferen Reizen erschrecken und beginnen mitunter zu steigen, auszubrechen oder durchzugehen. Unerfahrene Reiter:innen k\u00f6nnen bei unvermittelten Bewegungen des Pferdes verh\u00e4ltnism\u00e4\u00dfig leicht st\u00fcrzen und sich verletzen.<\/p>\n<p>Das Risiko f\u00fcr Reitunf\u00e4lle steigt, wenn sich Reiter:innen \u00fcbersch\u00e4tzen oder sich ihrer begrenzten Erfahrung und Kenntnisse nicht bewusst sind. So k\u00f6nnen Fehler beim Auf- und Absteigen das Risiko f\u00fcr einen Unfall erh\u00f6hen, genauso wie zu geringe Abst\u00e4nde zu anderen Pferden oder Menschen.<\/p>\n<p>Vermeiden lassen sich Unf\u00e4lle durch an Erfahrung und Wissen angepasstes Reiten. So sollte man sich beim Reiten nur Herausforderungen stellen, denen man aufgrund seiner Kenntnisse und Erfahrung gewachsen ist. Das betrifft beispielsweise das Tempo, wie das Galoppieren im Gel\u00e4nde, die Auswahl des geeigneten Pferdes oder auch das Einhalten von Abst\u00e4nden auf dem Platz, in der Halle und im Gel\u00e4nde.<\/p>\n<h2>\u00dcberm\u00fcdung oder mangelnde k\u00f6rperliche Fitness des Reiters:<\/h2>\n<p>\u00dcberm\u00fcdung oder mangelnde k\u00f6rperliche Fitness k\u00f6nnen Reitunf\u00e4lle beg\u00fcnstigen. \u00dcberm\u00fcdung kann dazu f\u00fchren, dass Reiter:innen nicht mehr ausreichend Kontrolle \u00fcber ihr Pferd haben. Mangelnde Fitness f\u00fchrt mitunter dazu, dass Reiter:innen in gef\u00e4hrlichen Situationen nicht ausreichend flexibel reagieren k\u00f6nnen, um sich im Sattel zu halten oder das Pferd wieder zu beruhigen. Daher ist es wichtig, beim Reiten stets darauf zu achten, noch ausreichend Kraft und Kondition f\u00fcr die Anforderungen beim Reiten zu haben. Gerade bei Ausritten sollte man eine m\u00f6glichst realistische Einsch\u00e4tzung vornehmen. Lieber einen Ausritt k\u00fcrzer ausfallen lassen als das Risiko der \u00dcberm\u00fcdung eingehen.<\/p>\n<h2>Verwendung von Drogen oder Alkohol:<\/h2>\n<p>Drogen und Alkohol verzerren die Wahrnehmung, verz\u00f6gern die Reaktionsf\u00e4higkeit und verleiten zu Fehleinsch\u00e4tzungen. Damit k\u00f6nnen Suchtmittel und Alkohol zu einem Risikofaktor f\u00fcr Reitunf\u00e4lle werden. Auch wenn keine Grenzwerte f\u00fcr Alkoholkonsum festgelegt sind, sollte man unter Alkoholeinfluss oder Einfluss von Drogen unbedingt auf das Reiten verzichten.<\/p>\n<h2>Falsche Ausr\u00fcstung oder schlecht gepflegte Ausr\u00fcstung:<\/h2>\n<p>\u00dcber Sattel und Z\u00fcgel kommunizieren Reiter:innen mit ihren Pferden. Sitzt das Material schlecht, ist nicht gut in Schuss und passt nicht zu Reiter:in und Pferd, kann dies zu Kommunikationsproblemen f\u00fchren. Au\u00dferdem kann ein schlechtsitzender oder unpassender Sattel beim Pferd Schmerzen verursachen und zu Bewegungseinschr\u00e4nkungen f\u00fchren. All das sind m\u00f6gliche Einfl\u00fcsse bei Reitunf\u00e4llen.<\/p>\n<p>Daher sollte man unbedingt auf gut gepflegtes und optimal sitzendes Material achten. So erh\u00f6ht man die Wahrscheinlichkeit f\u00fcr eine gute Beweglichkeit von Reiter:in und Pferd und schafft die besten Voraussetzungen f\u00fcr eine effektive Kommunikation zwischen Pferd und Reiter:in.<\/p>\n<p>F\u00fcr die Sicherheit ist zudem die Oberbekleidung von Reiter:innen wichtig. Dazu geh\u00f6ren ein gutsitzender Helm, Stiefel mit Schaft bis \u00fcber die Kn\u00f6chel und Abs\u00e4tzen mit mindestens 1,5 cm. Ferner helfen Reitwesten mit Protektoren, den K\u00f6rper im Falle eines Sturzes zu sch\u00fctzen. Passende Handschuhe verbessern den Griff und schonen die H\u00e4nde.<\/p>\n<h2>St\u00fcrze w\u00e4hrend des Springens:<\/h2>\n<p>Immer wieder kommt es beim Springreiten zu St\u00fcrzen. Dabei kann es zu, zum Teil auch schweren oder leider t\u00f6dlichen, Verletzungen kommen. Das Risiko f\u00fcr Unf\u00e4lle beim Springreiten ist in hohem Ma\u00dfe abh\u00e4ngig von der Erfahrung der Reiter:innen. Auch die Passung zwischen Pferd und Reiter:in neben der Fitness spielen eine gro\u00dfe Rolle und k\u00f6nnen dazu beitragen, Unf\u00e4lle zu vermeiden.<\/p>\n<p>Ausreichend Erfahrungen und Kenntnisse, ein zielgerichtetes Training f\u00fcr die jeweiligen Anforderungen, helfen die Risiken f\u00fcr Reitunf\u00e4lle zu minimieren.<\/p>\n<h2>Fehlende Wartung der Reitanlage:<\/h2>\n<p>Starken Einfluss auf sicheres Reiten hat der Untergrund. Im Gel\u00e4nde hat man darauf nur unzureichend Einfluss. Auf dem Platz und in der Halle kann eine gute gepflegte Anlage jedoch sehr zur Sicherheit von Reiter:innen und Pferden beitragen.<\/p>\n<p>Wer beim Reiten auf einen sicheren Untergrund achtet und bei unsicherem Gel\u00e4nde seine Reitweise angemessen anpasst, vermeidet unn\u00f6tige Risiken.<\/p>\n<h2>Reiten in ungewohntem Gel\u00e4nde:<\/h2>\n<p>Ungewohntes und un\u00fcbersichtliches Gel\u00e4nde k\u00f6nnen Reitunf\u00e4lle mit verursachen. Daher sollte man gerade in unbekanntem Gel\u00e4nde besonders vorsichtig reiten. Die Gangarten sollten unbedingt vorausschauend angepasst werden, um keine unn\u00f6tigen St\u00fcrze zu riskieren.<\/p>\n<h2>Fehlende Konzentration:<\/h2>\n<p>Nicht nur der K\u00f6rper erm\u00fcdet, auch mentale Erm\u00fcdungen und ein Nachlassen der Konzentration k\u00f6nnen Reitunf\u00e4lle verursachen. Dabei k\u00f6nnen sowohl die Konzentration des Pferdes als auch von Reiter:innen eine Rolle spielen. Daher sollte man stets gut darauf achten, wie es um die eigene Konzentration und um die seines Pferdes bestellt ist. Gerade bei l\u00e4ngeren Ausritten ist es wichtig, fr\u00fchzeitig Pausen einzuplanen oder den Streckenverlauf anzupassen, um auf diese Weise Erm\u00fcdungserscheinungen zu vermeiden.<\/p>\n<h2>Unvorhersehbare Reaktion des Pferdes:<\/h2>\n<p>Pferde sind Fluchttiere, die auf die unterschiedlichsten Reize stark reagieren k\u00f6nnen. So k\u00f6nnen die kr\u00e4ftigen Tiere bei ungewohnten Ger\u00e4uschen oder Eindr\u00fccken, wie beispielsweise wehenden B\u00e4ndern oder Fahrradfahrern, impulsiv reagieren und wom\u00f6glich durchgehen, steigen oder bocken. Eine riskante Situation f\u00fcr Pferd und Reiter:in. Daher ist es wichtig, sein Umfeld stets gut im Blick zu behalten und mit Unvorhergesehenem zu rechnen. Au\u00dferdem empfiehlt es sich sein Pferd an Unvohergesehens zu gew\u00f6hnen. Dazu kann man sein Pferd sanft und in kleinen Schritten an die verschiedenen Eindr\u00fccke heranf\u00fchren.<\/p>\n<h2>Reiten bei schlechten Wetterbedingungen:<\/h2>\n<p>Wer einen Ausritt oder Reiten auf dem Platz geplant hat, trifft manches Mal auf schlechte Wetterbedingungen. Der Platz hat sich in eine Matschw\u00fcste verwandelt. Die Wege im Wald sind feuchter als gedacht. Oder man ist bei bestem Wetter losgeritten und pl\u00f6tzlich wendet sich das Wetter und man reitet durch Bindf\u00e4den von Regen. Diese und \u00e4hnliche Bedingungen bedeuten ein erh\u00f6htes Risiko. Leicht kann man ausrutschen oder bei behinderter Sicht in ung\u00fcnstiges Gel\u00e4nde geraten. Daher ist es wichtig, auf schlechte Wetterbedingungen vorbereitet zu sein und sich gegebenenfalls ihnen anzupassen.<\/p>\n\n<div class=\"related_articles boxed\">\n    <h2>Mehr zum Thema<\/h2>\n    \n    <div class=\"wrapper\"><div class=\"title align-center\"><h3><a href=\"https:\/\/uelzener.de\/magazin\/pferd\/tiergesundheit\/erste-hilfe-beim-pferd\/\">Erste Hilfe beim Pferd<\/a><\/h3><\/div><div class=\"img align-center\"><img decoding=\"async\" width=\"315\" height=\"180\" src=\"https:\/\/uelzener.de\/magazin\/app\/uploads\/2021\/10\/Erste-Hilfe-Pferd-315x180.jpg\" class=\"attachment-315x180 size-315x180 wp-post-image\" alt=\"Tier\u00e4rztin untersucht Pferd\" \/><\/div><\/div><div class=\"wrapper\"><div class=\"title align-center\"><h3><a href=\"https:\/\/uelzener.de\/magazin\/pferd\/tiergesundheit\/haematome-beim-pferd-ursachen-behandlungen\/\">H\u00e4matome beim Pferd: Ursachen und Behandlungsoptionen<\/a><\/h3><\/div><div class=\"img align-center\"><img decoding=\"async\" width=\"315\" height=\"180\" src=\"https:\/\/uelzener.de\/magazin\/app\/uploads\/2024\/05\/haematom-bluterguss-pferd-315x180.jpg\" class=\"attachment-315x180 size-315x180 wp-post-image\" alt=\"Frau erf\u00fchlt H\u00e4matom am Hals eines braunen Pferdes.\" \/><\/div><\/div><div class=\"wrapper\"><div class=\"title align-center\"><h3><a href=\"https:\/\/uelzener.de\/magazin\/pferd\/haeufige-fragen\/liste-haeufigste-pferdekrankheiten-operationen\/\">Liste der h\u00e4ufigsten Pferdekrankheiten und Operationen<\/a><\/h3><\/div><div class=\"img align-center\"><img decoding=\"async\" width=\"315\" height=\"180\" src=\"https:\/\/uelzener.de\/magazin\/app\/uploads\/2023\/01\/haeufige-pferdekrankheiten-operationen-315x180.jpg\" class=\"attachment-315x180 size-315x180 wp-post-image\" alt=\"\u00c4rztin untersucht Pferd auf Krankheiten. Wird eine OP notwendig sein?\" \/><\/div><\/div><\/div>\n\n<h2>Fazit:<\/h2>\n<p>Reitunf\u00e4lle k\u00f6nnen aus ganz verschiedenen Gr\u00fcnden entstehen. H\u00e4ufig kommen mehrere Einfl\u00fcsse zusammen. Der Faktor Mensch ist dabei einer der Haupteinflussfaktoren. Passt das Matching zwischen Reiter:in und Pferd, verf\u00fcgt der oder die Reiter:in \u00fcber entsprechende Erfahrungen und Kenntnisse, ist die Ausr\u00fcstung von Pferd und Reiter:in passend und gut gepflegt, dann lassen sich Risiken f\u00fcr Reitunf\u00e4lle stark minimieren. Dennoch k\u00f6nnen Pferde sich immer mal auch unberechenbar verhalten und dann <a href=\"https:\/\/uelzener.de\/magazin\/pferd\/haeufige-fragen\/wie-viel-ps-hat-pferd\/\">schnell und mit gro\u00dfer Kraft<\/a> bewegen. Gerade deswegen sind eine gute Ausr\u00fcstung, entsprechende Kenntnisse, Erfahrung und eine gute Bindung zwischen Pferd und Reiter:in so wichtig. Geschieht ein Unfall, ist die richtige Absicherung wichtig, beispielsweise mit den Pferdeversicherungen der Uelzener.<\/p>\n\n<div class=\"banner\">\n    <a href=\"https:\/\/uelzener.de\/pferd?agt=0000104925&sem=true&utm_medium=magazin&utm_source=wordpress&utm_campaign=pferd&utm_content=banner\">\n        <img decoding=\"async\" width=\"300\" height=\"212\" src=\"https:\/\/uelzener.de\/magazin\/app\/uploads\/2025\/01\/Pferde-Versicherung.jpg\" class=\"attachment-medium size-medium\" alt=\"Banner Pferde-Versicherung\" \/>    <\/a>\n<\/div>\n\n<h2>FAQ: H\u00e4ufig gestellte Fragen<\/h2>\n<h3>Wie viele t\u00f6dliche Reitunf\u00e4lle gibt es ungef\u00e4hr pro Jahr?<\/h3>\n<p>Da Reitunf\u00e4lle nicht meldepflichtig sind, gibt es keine zentrale Sammelstelle, die alle Reitunf\u00e4lle und auch t\u00f6dlich verlaufende Reitunf\u00e4lle registriert. Daher gibt es leider keine genaue Statistik \u00fcber t\u00f6dliche Reitunf\u00e4lle. \u00a0Man liest im Internet merhfach die Angabe, dass eine Person von 10 000 Reiter:innen j\u00e4hrlich einen t\u00f6dlichen Reitunfall erleidet. Diese Zahl geht auf eine kanadische Studie zur\u00fcck, die Zahlen aus British Columbia in den 90er Jahren ausgewertet hat. Einschlie\u00dflich Angriffe durch einen Puma und einen B\u00e4ren.<\/p>\n<p>F\u00fcr Zahlen aus dem deutschsprachigen Raum greifen wir auf eine Mitteilung der Deutschen Wirbels\u00e4ulengesellschaft zur\u00fcck. Im August 2016 benennt sie eine Versicherungsstatistik, die j\u00e4hrlich auf 20.000 bis 35.000 Reitunf\u00e4lle kommt. Die genaue Anzahl t\u00f6dlicher Reitunf\u00e4lle bleibt jedoch unbekannt. Die Deutsche Wirbels\u00e4ulengesellschaft weist besonders auf die M\u00f6glichkeiten der Pr\u00e4vention hin. Dazu geh\u00f6rt das Tragen geeigneter Schutzkleidung f\u00fcr Kopf und K\u00f6rper, in Form von Helm und besonders sch\u00fctzenden Westen. Au\u00dferdem r\u00e4t die Deutsche Wirbels\u00e4ulengesellschaft zu Falltrainings im Rahmen des Reitunterrichts. Ferner sieht sie k\u00f6rperliche Fitness, eine fundierte Ausbildung von Reiter:in und Pferd als Grundvoraussetzung f\u00fcr ein m\u00f6glichst sicheres Reiterlebnis.<\/p>\n<h3>Wie kann man sich am besten absichern?<\/h3>\n<p>Selbst bei allergr\u00f6\u00dfter Vorsicht und bester Ausr\u00fcstung lassen sich Reitunf\u00e4lle nicht immer vermeiden. Da ist es wichtig eine gute Absicherung zu haben. Die Reiter-Unfall-Versicherung der Uelzener bietet Unfallschutz beim Reiten, Auf- und Absitzen oder beim unmittelbaren Umgang mit dem eigenen Pferd.<\/p>\n\n<div class=\"banner\">\n    <a href=\"https:\/\/uelzener.de\/pferd\/reiter-unfallversicherung\/?agt=0000104925&sem=true&utm_medium=magazin&utm_source=wordpress&utm_campaign=reiterunfall&utm_content=banner\">\n        <img decoding=\"async\" width=\"300\" height=\"212\" src=\"https:\/\/uelzener.de\/magazin\/app\/uploads\/2025\/01\/Reiter-Unfall-Versicherung.jpg\" class=\"attachment-medium size-medium\" alt=\"Banner Reiter-Unfall-Versicherung\" \/>    <\/a>\n<\/div>\n\n<p>Dar\u00fcber hinaus lassen sich mit den Pferdeversicherungen der Uelzener weitere Risiken abzusichern. So gibt es die Pferdehalter-Haftpflicht-Versicherung, die Personen-, Sach- und Verm\u00f6genssch\u00e4den absichert. Daneben die Pferde-OP-Versicherung, die Pferde-Krankenversicherung, die Pferde-Lebensversicherung und au\u00dferdem die Pferdehalter-Rechtsschutz-Versicherung.<\/p>\n","protected":false},"excerpt":{"rendered":"<p>Reiten gilt als eher gef\u00e4hrliche Sportart. Sowohl im Freizeitsport als auch auf Leistungssportebene kommt es immer wieder zu Reitunf\u00e4llen mit Verletzungen. H\u00e4ufige Verletzungen sind Kopf-, Schulter- und Armverletzungen. Schwere St\u00fcrze betreffen vor allem die Brust- und Lendenwirbels\u00e4ule. Trotz Operationen ergeben sich daraus immer wieder schwerwiegende Folgen f\u00fcr Reiter:innen. Doch vielfach k\u00f6nnen Reiter:innen viel daf\u00fcr tun, [&hellip;]<\/p>\n","protected":false},"author":11,"featured_media":15629,"parent":11685,"menu_order":3,"comment_status":"closed","ping_status":"closed","template":"templates\/blog.php","meta":{"_acf_changed":false,"_crdt_document":"","footnotes":"","beyondwords_generate_audio":"0","beyondwords_project_id":"","beyondwords_content_id":"","beyondwords_preview_token":"","beyondwords_player_style":"","beyondwords_language_id":"","beyondwords_title_voice_id":"","beyondwords_body_voice_id":"","beyondwords_summary_voice_id":"","beyondwords_error_message":"","beyondwords_disabled":"","beyondwords_delete_content":"","beyondwords_podcast_id":"","beyondwords_hash":"","publish_post_to_speechkit":"","speechkit_hash":"","speechkit_generate_audio":"","speechkit_project_id":"","speechkit_podcast_id":"","speechkit_error_message":"","speechkit_disabled":"","speechkit_access_key":"","speechkit_error":"","speechkit_info":"","speechkit_response":"","speechkit_retries":"","speechkit_status":"","speechkit_updated_at":"","_speechkit_link":"","_speechkit_text":""},"class_list":["post-15628","page","type-page","status-publish","has-post-thumbnail","hentry"],"acf":[],"yoast_head":"<!-- This site is optimized with the Yoast SEO Premium plugin  - https:\/\/yoast.com\/product\/yoast-seo-premium-wordpress\/ -->\n<title>H\u00e4ufige Reitunf\u00e4lle: Wobei verletzen sich Reiter:innen und Pferd am meisten? | Uelzener<\/title>\n<meta name=\"description\" content=\"Wann und wie verletzen sich Reiter:innen und Pferd am meisten? Wir listen die h\u00e4ufigsten Unf\u00e4lle \u2714 nach Art auf und erl\u00e4utern, wie du dich am besten sch\u00fctzen \u2714 kannst.\" \/>\n<meta name=\"robots\" content=\"index, follow, max-snippet:-1, max-image-preview:large, max-video-preview:-1\" \/>\n<link rel=\"canonical\" href=\"https:\/\/uelzener.de\/magazin\/pferd\/haeufige-fragen\/haeufige-reitunfaelle\/\" \/>\n<meta property=\"og:locale\" content=\"de_DE\" \/>\n<meta property=\"og:type\" content=\"article\" \/>\n<meta property=\"og:title\" content=\"H\u00e4ufige Reitunf\u00e4lle: Wobei verletzen sich Reiter:innen und Pferd am meisten?\" \/>\n<meta property=\"og:description\" content=\"Wann und wie verletzen sich Reiter:innen und Pferd am meisten? Wir listen die h\u00e4ufigsten Unf\u00e4lle \u2714 nach Art auf und erl\u00e4utern, wie du dich am besten sch\u00fctzen \u2714 kannst.\" \/>\n<meta property=\"og:url\" content=\"https:\/\/uelzener.de\/magazin\/pferd\/haeufige-fragen\/haeufige-reitunfaelle\/\" \/>\n<meta property=\"og:site_name\" content=\"Uelzener Tier-Magazin\" \/>\n<meta property=\"article:publisher\" content=\"https:\/\/www.facebook.com\/Uelzener\" \/>\n<meta property=\"article:modified_time\" content=\"2024-07-01T13:57:52+00:00\" \/>\n<meta property=\"og:image\" content=\"https:\/\/uelzener.de\/magazin\/app\/uploads\/2023\/05\/reitunfaelle.jpeg\" \/>\n\t<meta property=\"og:image:width\" content=\"2560\" \/>\n\t<meta property=\"og:image:height\" content=\"891\" \/>\n\t<meta property=\"og:image:type\" content=\"image\/jpeg\" \/>\n<meta name=\"twitter:card\" content=\"summary_large_image\" \/>\n<meta name=\"twitter:label1\" content=\"Gesch\u00e4tzte Lesezeit\" \/>\n\t<meta name=\"twitter:data1\" content=\"6\u00a0Minuten\" \/>\n<script type=\"application\/ld+json\" class=\"yoast-schema-graph\">{\"@context\":\"https:\\\/\\\/schema.org\",\"@graph\":[{\"@type\":\"WebPage\",\"@id\":\"https:\\\/\\\/uelzener.de\\\/magazin\\\/pferd\\\/haeufige-fragen\\\/haeufige-reitunfaelle\\\/\",\"url\":\"https:\\\/\\\/uelzener.de\\\/magazin\\\/pferd\\\/haeufige-fragen\\\/haeufige-reitunfaelle\\\/\",\"name\":\"H\u00e4ufige Reitunf\u00e4lle: Wobei verletzen sich Reiter:innen und Pferd am meisten? | Uelzener\",\"isPartOf\":{\"@id\":\"https:\\\/\\\/uelzener.de\\\/magazin\\\/#website\"},\"primaryImageOfPage\":{\"@id\":\"https:\\\/\\\/uelzener.de\\\/magazin\\\/pferd\\\/haeufige-fragen\\\/haeufige-reitunfaelle\\\/#primaryimage\"},\"image\":{\"@id\":\"https:\\\/\\\/uelzener.de\\\/magazin\\\/pferd\\\/haeufige-fragen\\\/haeufige-reitunfaelle\\\/#primaryimage\"},\"thumbnailUrl\":\"https:\\\/\\\/uelzener.de\\\/magazin\\\/app\\\/uploads\\\/2023\\\/05\\\/reitunfaelle.jpeg\",\"datePublished\":\"2023-06-08T06:00:13+00:00\",\"dateModified\":\"2024-07-01T13:57:52+00:00\",\"description\":\"Wann und wie verletzen sich Reiter:innen und Pferd am meisten? Wir listen die h\u00e4ufigsten Unf\u00e4lle \u2714 nach Art auf und erl\u00e4utern, wie du dich am besten sch\u00fctzen \u2714 kannst.\",\"breadcrumb\":{\"@id\":\"https:\\\/\\\/uelzener.de\\\/magazin\\\/pferd\\\/haeufige-fragen\\\/haeufige-reitunfaelle\\\/#breadcrumb\"},\"inLanguage\":\"de\",\"potentialAction\":[{\"@type\":\"ReadAction\",\"target\":[\"https:\\\/\\\/uelzener.de\\\/magazin\\\/pferd\\\/haeufige-fragen\\\/haeufige-reitunfaelle\\\/\"]}]},{\"@type\":\"ImageObject\",\"inLanguage\":\"de\",\"@id\":\"https:\\\/\\\/uelzener.de\\\/magazin\\\/pferd\\\/haeufige-fragen\\\/haeufige-reitunfaelle\\\/#primaryimage\",\"url\":\"https:\\\/\\\/uelzener.de\\\/magazin\\\/app\\\/uploads\\\/2023\\\/05\\\/reitunfaelle.jpeg\",\"contentUrl\":\"https:\\\/\\\/uelzener.de\\\/magazin\\\/app\\\/uploads\\\/2023\\\/05\\\/reitunfaelle.jpeg\",\"width\":2560,\"height\":891,\"caption\":\"Reiterin f\u00e4llt bei einem Reitunfall vom Pferd.\"},{\"@type\":\"WebSite\",\"@id\":\"https:\\\/\\\/uelzener.de\\\/magazin\\\/#website\",\"url\":\"https:\\\/\\\/uelzener.de\\\/magazin\\\/\",\"name\":\"Uelzener Tiermagazin\",\"description\":\"Online Tierratgeber der Uelzener Versicherungen\",\"publisher\":{\"@id\":\"https:\\\/\\\/uelzener.de\\\/magazin\\\/#organization\"},\"potentialAction\":[{\"@type\":\"SearchAction\",\"target\":{\"@type\":\"EntryPoint\",\"urlTemplate\":\"https:\\\/\\\/uelzener.de\\\/magazin\\\/?s={search_term_string}\"},\"query-input\":{\"@type\":\"PropertyValueSpecification\",\"valueRequired\":true,\"valueName\":\"search_term_string\"}}],\"inLanguage\":\"de\"},{\"@type\":\"Organization\",\"@id\":\"https:\\\/\\\/uelzener.de\\\/magazin\\\/#organization\",\"name\":\"Uelzener Versicherungen\",\"url\":\"https:\\\/\\\/uelzener.de\\\/magazin\\\/\",\"logo\":{\"@type\":\"ImageObject\",\"inLanguage\":\"de\",\"@id\":\"https:\\\/\\\/uelzener.de\\\/magazin\\\/#\\\/schema\\\/logo\\\/image\\\/\",\"url\":\"https:\\\/\\\/uelzener.de\\\/magazin\\\/app\\\/uploads\\\/2024\\\/11\\\/uelzener_allgemeine_versicherungsgesellschaft_a_g_logo.jpg\",\"contentUrl\":\"https:\\\/\\\/uelzener.de\\\/magazin\\\/app\\\/uploads\\\/2024\\\/11\\\/uelzener_allgemeine_versicherungsgesellschaft_a_g_logo.jpg\",\"width\":200,\"height\":200,\"caption\":\"Uelzener Versicherungen\"},\"image\":{\"@id\":\"https:\\\/\\\/uelzener.de\\\/magazin\\\/#\\\/schema\\\/logo\\\/image\\\/\"},\"sameAs\":[\"https:\\\/\\\/www.facebook.com\\\/Uelzener\",\"https:\\\/\\\/instagram.com\\\/uelzener\",\"https:\\\/\\\/www.xing.com\\\/pages\\\/uelzenerallgemeineversicherungs-gesellschafta-g\",\"https:\\\/\\\/www.youtube.com\\\/UelzenerVersicherungen\"]}]}<\/script>\n<!-- \/ Yoast SEO Premium plugin. -->","yoast_head_json":{"title":"H\u00e4ufige Reitunf\u00e4lle: Wobei verletzen sich Reiter:innen und Pferd am meisten? | Uelzener","description":"Wann und wie verletzen sich Reiter:innen und Pferd am meisten? Wir listen die h\u00e4ufigsten Unf\u00e4lle \u2714 nach Art auf und erl\u00e4utern, wie du dich am besten sch\u00fctzen \u2714 kannst.","robots":{"index":"index","follow":"follow","max-snippet":"max-snippet:-1","max-image-preview":"max-image-preview:large","max-video-preview":"max-video-preview:-1"},"canonical":"https:\/\/uelzener.de\/magazin\/pferd\/haeufige-fragen\/haeufige-reitunfaelle\/","og_locale":"de_DE","og_type":"article","og_title":"H\u00e4ufige Reitunf\u00e4lle: Wobei verletzen sich Reiter:innen und Pferd am meisten?","og_description":"Wann und wie verletzen sich Reiter:innen und Pferd am meisten? Wir listen die h\u00e4ufigsten Unf\u00e4lle \u2714 nach Art auf und erl\u00e4utern, wie du dich am besten sch\u00fctzen \u2714 kannst.","og_url":"https:\/\/uelzener.de\/magazin\/pferd\/haeufige-fragen\/haeufige-reitunfaelle\/","og_site_name":"Uelzener Tier-Magazin","article_publisher":"https:\/\/www.facebook.com\/Uelzener","article_modified_time":"2024-07-01T13:57:52+00:00","og_image":[{"width":2560,"height":891,"url":"https:\/\/uelzener.de\/magazin\/app\/uploads\/2023\/05\/reitunfaelle.jpeg","type":"image\/jpeg"}],"twitter_card":"summary_large_image","twitter_misc":{"Gesch\u00e4tzte Lesezeit":"6\u00a0Minuten"},"schema":{"@context":"https:\/\/schema.org","@graph":[{"@type":"WebPage","@id":"https:\/\/uelzener.de\/magazin\/pferd\/haeufige-fragen\/haeufige-reitunfaelle\/","url":"https:\/\/uelzener.de\/magazin\/pferd\/haeufige-fragen\/haeufige-reitunfaelle\/","name":"H\u00e4ufige Reitunf\u00e4lle: Wobei verletzen sich Reiter:innen und Pferd am meisten? | Uelzener","isPartOf":{"@id":"https:\/\/uelzener.de\/magazin\/#website"},"primaryImageOfPage":{"@id":"https:\/\/uelzener.de\/magazin\/pferd\/haeufige-fragen\/haeufige-reitunfaelle\/#primaryimage"},"image":{"@id":"https:\/\/uelzener.de\/magazin\/pferd\/haeufige-fragen\/haeufige-reitunfaelle\/#primaryimage"},"thumbnailUrl":"https:\/\/uelzener.de\/magazin\/app\/uploads\/2023\/05\/reitunfaelle.jpeg","datePublished":"2023-06-08T06:00:13+00:00","dateModified":"2024-07-01T13:57:52+00:00","description":"Wann und wie verletzen sich Reiter:innen und Pferd am meisten? Wir listen die h\u00e4ufigsten Unf\u00e4lle \u2714 nach Art auf und erl\u00e4utern, wie du dich am besten sch\u00fctzen \u2714 kannst.","breadcrumb":{"@id":"https:\/\/uelzener.de\/magazin\/pferd\/haeufige-fragen\/haeufige-reitunfaelle\/#breadcrumb"},"inLanguage":"de","potentialAction":[{"@type":"ReadAction","target":["https:\/\/uelzener.de\/magazin\/pferd\/haeufige-fragen\/haeufige-reitunfaelle\/"]}]},{"@type":"ImageObject","inLanguage":"de","@id":"https:\/\/uelzener.de\/magazin\/pferd\/haeufige-fragen\/haeufige-reitunfaelle\/#primaryimage","url":"https:\/\/uelzener.de\/magazin\/app\/uploads\/2023\/05\/reitunfaelle.jpeg","contentUrl":"https:\/\/uelzener.de\/magazin\/app\/uploads\/2023\/05\/reitunfaelle.jpeg","width":2560,"height":891,"caption":"Reiterin f\u00e4llt bei einem Reitunfall vom Pferd."},{"@type":"WebSite","@id":"https:\/\/uelzener.de\/magazin\/#website","url":"https:\/\/uelzener.de\/magazin\/","name":"Uelzener Tiermagazin","description":"Online Tierratgeber der Uelzener Versicherungen","publisher":{"@id":"https:\/\/uelzener.de\/magazin\/#organization"},"potentialAction":[{"@type":"SearchAction","target":{"@type":"EntryPoint","urlTemplate":"https:\/\/uelzener.de\/magazin\/?s={search_term_string}"},"query-input":{"@type":"PropertyValueSpecification","valueRequired":true,"valueName":"search_term_string"}}],"inLanguage":"de"},{"@type":"Organization","@id":"https:\/\/uelzener.de\/magazin\/#organization","name":"Uelzener Versicherungen","url":"https:\/\/uelzener.de\/magazin\/","logo":{"@type":"ImageObject","inLanguage":"de","@id":"https:\/\/uelzener.de\/magazin\/#\/schema\/logo\/image\/","url":"https:\/\/uelzener.de\/magazin\/app\/uploads\/2024\/11\/uelzener_allgemeine_versicherungsgesellschaft_a_g_logo.jpg","contentUrl":"https:\/\/uelzener.de\/magazin\/app\/uploads\/2024\/11\/uelzener_allgemeine_versicherungsgesellschaft_a_g_logo.jpg","width":200,"height":200,"caption":"Uelzener Versicherungen"},"image":{"@id":"https:\/\/uelzener.de\/magazin\/#\/schema\/logo\/image\/"},"sameAs":["https:\/\/www.facebook.com\/Uelzener","https:\/\/instagram.com\/uelzener","https:\/\/www.xing.com\/pages\/uelzenerallgemeineversicherungs-gesellschafta-g","https:\/\/www.youtube.com\/UelzenerVersicherungen"]}]}},"_links":{"self":[{"href":"https:\/\/uelzener.de\/magazin\/wp-json\/wp\/v2\/pages\/15628","targetHints":{"allow":["GET"]}}],"collection":[{"href":"https:\/\/uelzener.de\/magazin\/wp-json\/wp\/v2\/pages"}],"about":[{"href":"https:\/\/uelzener.de\/magazin\/wp-json\/wp\/v2\/types\/page"}],"author":[{"embeddable":true,"href":"https:\/\/uelzener.de\/magazin\/wp-json\/wp\/v2\/users\/11"}],"replies":[{"embeddable":true,"href":"https:\/\/uelzener.de\/magazin\/wp-json\/wp\/v2\/comments?post=15628"}],"version-history":[{"count":13,"href":"https:\/\/uelzener.de\/magazin\/wp-json\/wp\/v2\/pages\/15628\/revisions"}],"predecessor-version":[{"id":17576,"href":"https:\/\/uelzener.de\/magazin\/wp-json\/wp\/v2\/pages\/15628\/revisions\/17576"}],"up":[{"embeddable":true,"href":"https:\/\/uelzener.de\/magazin\/wp-json\/wp\/v2\/pages\/11685"}],"wp:featuredmedia":[{"embeddable":true,"href":"https:\/\/uelzener.de\/magazin\/wp-json\/wp\/v2\/media\/15629"}],"wp:attachment":[{"href":"https:\/\/uelzener.de\/magazin\/wp-json\/wp\/v2\/media?parent=15628"}],"curies":[{"name":"wp","href":"https:\/\/api.w.org\/{rel}","templated":true}]}}