{"id":15624,"date":"2023-06-06T10:00:43","date_gmt":"2023-06-06T08:00:43","guid":{"rendered":"https:\/\/uelzener.de\/magazin\/?page_id=15624"},"modified":"2025-08-27T11:32:13","modified_gmt":"2025-08-27T09:32:13","slug":"blasenentzuendung-pferd","status":"publish","type":"page","link":"https:\/\/uelzener.de\/magazin\/pferd\/tiergesundheit\/blasenentzuendung-pferd\/","title":{"rendered":"Blasenentz\u00fcndung beim Pferd: Ursachen, Symptome und Behandlung"},"content":{"rendered":"<p>Wer schon einmal eine Blasenentz\u00fcndung gehabt hat, wei\u00df wie schmerzhaft und l\u00e4stig diese sein kann. Auch Pferde k\u00f6nnen eine Blasenentz\u00fcndung (Zystitis) bekommen. Kennen Pferdehalter:innen die Anzeichen f\u00fcr die schmerzhafte Symptomatik, k\u00f6nnen sie schnell reagieren und daf\u00fcr sorgen, dass das Pferd m\u00f6glichst bald tier\u00e4rztliche Hilfe bekommt. In diesem Artikel haben wir das Wichtigste \u00fcber Ursachen, Symptome und Behandlung einer Blasenentz\u00fcndung beim Pferd zusammengestellt.<\/p>\n<h2>Ursachen<\/h2>\n<p>F\u00fcr Blasenentz\u00fcndung bei Pferden gibt es verschieden Ursachen. Die h\u00e4ufigsten sind:<\/p>\n<ul>\n<li>Bakterien<\/li>\n<li>Viren<\/li>\n<li>Pilze<\/li>\n<li>Harnsteine<\/li>\n<\/ul>\n<p>In den meisten F\u00e4llen ist die Ursache einer Blasenentz\u00fcndung eine bakterielle Infektion. Aber auch Viren, Pilze und Harnsteine kommen als Verursacher f\u00fcr Blasenentz\u00fcndungen vor.<\/p>\n<h3>Bakterielle Infektion:<\/h3>\n<p>Bei einer bakteriellen Infektion gelangen Bakterien \u00fcber die Harnwege in die Blase und verursachen dort eine Infektion. Zumeist handelt es sich um F\u00e4kalbakterien, wie Kolibakterien (Escherichia coli). Stuten sind h\u00e4ufiger betroffen. Denn der Abstand zwischen Harnr\u00f6hre und After ist k\u00fcrzer als bei ihren m\u00e4nnlichen Artgenossen, so k\u00f6nnen Bakterien aus dem Darm leichter in die Harnwege gelangen.<\/p>\n<h3>Virale Infektion:<\/h3>\n<p>Eine virale Blasenentz\u00fcndung ist h\u00e4ufig ein Symptom des sogenannten Equinen Herpesvirus (EHV). Dabei ist die Blasenentz\u00fcndung bei EHV lediglich ein Symptom neben anderen. Unter anderem kommt es beim EHV zu neurologischen St\u00f6rungen und Atembeschwerden.<\/p>\n<h3>Pilzinfektion:<\/h3>\n<p>Eine durch Pilze verursachte Blasenentz\u00fcndung wird meistens durch Candida albicans hervorgerufen. Candida albicans ist ein Hefepilz, der grunds\u00e4tzlich im K\u00f6rper, unter anderem im Verdauungstrakt, vorhanden ist. Im Allgemeinen ist Candida albicans unkritisch. Problematisch wird Candida albicans, wenn er sich vermehrt. Denn dann kann er Blasenentz\u00fcndungen hervorrufen. Die genauen Ursachen f\u00fcr ein Candida albicans-Wachstum sind noch nicht erforscht. Es wird jedoch ein Zusammenhang unter anderem mit einem geschw\u00e4chten Immunsystem und Ver\u00e4nderungen im Hormonhaushalt angenommen.<\/p>\n<h3>Harnsteine:<\/h3>\n<p>Harnsteine k\u00f6nnen die Schleimh\u00e4ute der Blase reizen und so zu einer Blasenentz\u00fcndung f\u00fchren. Au\u00dferdem k\u00f6nnen gr\u00f6\u00dfere Harnsteine die Durchl\u00e4ssigkei der Harnwege verringern und so den Abfluss von Harn behindern. In der Folge kann es zu einem Harnstau kommen, der die Vermehrung von Bakterien beg\u00fcnstigen und so zu einer Blasenentz\u00fcndung f\u00fchren kann.<\/p>\n<p>Nicht in jedem Fall verursachen Bakterien, Viren, Pilze oder Harnsteine eine Blasenentz\u00fcndung. Folgende Faktoren beg\u00fcnstigen die Entstehung einer Blasenentz\u00fcndung:<\/p>\n<ul>\n<li>Verminderter Scheidenschluss, beispielsweise aufgrund nachlassender Muskulatur oder Entz\u00fcndungen, kann zu einem vermehrten Eindringen von Erregern f\u00fchren und so eine Blasenentz\u00fcndung hervorrufen.<\/li>\n<li>Beeintr\u00e4chtigung des Harnflusses, beispielsweise durch Harnsteine oder Tumore, kann die Entstehung einer Blasenentz\u00fcndung bef\u00f6rdern. Harnsteine k\u00f6nnen unter anderem durch eine schlechte F\u00fctterung beg\u00fcnstigt werden.<\/li>\n<li>Katheterisierung: Bei einer Katheterisierung besteht das Risiko, dass Keime eindringen k\u00f6nnen. Erfolgt diese beispielsweise h\u00e4ufig oder auch fehlerhaft, steigt das Risiko einer Blasenentz\u00fcndung.<\/li>\n<li>Geschw\u00e4chtes Immunsystem: Stress, mangelnde Stallhygiene und schlechte F\u00fctterung k\u00f6nnen unter anderem zu einer Schw\u00e4chung des Immunsystems f\u00fchren, was wiederum die Entstehung einer Blasenentz\u00fcndung beg\u00fcnstigen kann.<\/li>\n<li><a href=\"https:\/\/uelzener.de\/magazin\/pferd\/haltung\/pferde-vergesellschaften\/\">Stress<\/a> kann sich schw\u00e4chend auf das Immunsystem auswirken und auf diese Weise die Wahrscheinlichkeit f\u00fcr eine Infektion erh\u00f6hen.<\/li>\n<li>Verletzungen beim Geschlechtsverkehr oder bei der k\u00fcnstlichen Besamung k\u00f6nnen das Infektionsrisiko erh\u00f6hen und somit eine Blasenentz\u00fcndung beg\u00fcnstigen.<\/li>\n<\/ul>\n<h2>Typische Symptome und Anzeichen<\/h2>\n<p>Eine Blasenentz\u00fcndung kann sich in verschiedener Weise \u00e4u\u00dfern. Hier ist eine Liste typischer Anzeichen:<\/p>\n<ul>\n<li>Es kommt zu h\u00e4ufigerem Wasserlassen in kleineren Mengen.<\/li>\n<li>Das Pferd strengt sich an, den Urin herauszupressen.<\/li>\n<li>Es werden geringere Urinmengen als \u00fcblich ausgeschieden.<\/li>\n<li>Der Harn sieht anders aus, grunds\u00e4tzlich etwas z\u00e4hfl\u00fcssiger als bei anderen Tierarten, ist wom\u00f6glich blutig oder erscheint grie\u00dfig.<\/li>\n<li>Das Pferd zeigt Anzeichen von Schmerzen im Bauchbereich (beispielsweise indem es den R\u00fccken steif macht, den Schweif einklemmt).<\/li>\n<li>Das Pferd hat Fieber.<\/li>\n<\/ul>\n<p>Bei diesen und anderen Anzeichen f\u00fcr k\u00f6rperliche Beschwerden sollte man unbedingt tier\u00e4rztlichen Rat einholen. Eine <a href=\"https:\/\/uelzener.de\/pferd\/pferde-krankenversicherung\/\">Pferdekrankenversicherung<\/a> hilft, sich gegen Tierarztkosten abzusichern.<\/p>\n<h2>Wie wird die Krankheit diagnostiziert?<\/h2>\n<p>Bei einer k\u00f6rperlichen Untersuchung durch den oder die Tier\u00e4rzt:in wird beispielsweise der Bauch abgeh\u00f6rt, die Blase rektal abgetastet oder mittels rektalem Ultraschallbilder gemacht werden k\u00f6nnen, erfolgt eine Laboranalyse des Urins. Dazu wird eine Urinprobe mittels Katheter (sterile Urinprobe) oder Auffangen des Urins genommen. Die Urinprobe wird unter anderem auf Keime, wie Bakterien, Viren und Pilze und auch Harnsteine untersucht. Auch die Anzahl wei\u00dfer Blutk\u00f6rperchen kann Hinweise auf eine Entz\u00fcndung im K\u00f6rper geben. Durch eine genaue Laboruntersuchung kann die Ursache der Erkrankung gefunden werden und eine spezifische Behandlung erfolgen.<\/p>\n<h2>Behandlung von Blasenentz\u00fcndung beim Pferd<\/h2>\n<p>Die mikrobiologische Untersuchung des Urins kann Auskunft \u00fcber die Verursachung der Blasenentz\u00fcndung geben. So kann die Behandlung dann entsprechend abgestimmt werden.<\/p>\n<p>Behandelt wird \u2026<\/p>\n<ul>\n<li>eine bakterielle Infektion mit entsprechenden Antibiotika,<\/li>\n<li>eine Virusinfektion mit Medikamenten, die die Symptome lindern und das Immunsystems st\u00e4rken,<\/li>\n<li>eine Pilzinfektion mit antifugalen Medikamenten,<\/li>\n<li>eine durch Harnsteine hervorgerufene Infektion, indem die Harnsteine, beispielsweise durch einen Katheter oder auch operativ, entfernt werden.<\/li>\n<\/ul>\n<p>Erg\u00e4nzend k\u00f6nnen Schmerzmittel gegeben werden, um das Leiden des Pferdes zu lindern.<\/p>\n<p>Folgende Ma\u00dfnahmen k\u00f6nnen den Heilungsprozess unterst\u00fctzen:<\/p>\n<ul>\n<li>Erh\u00f6hung der <a href=\"https:\/\/uelzener.de\/magazin\/pferd\/tiergesundheit\/gute-wasserqualitaet-so-wichtig-ist-sie-fuer-pferde\/\">Trinkmenge<\/a>: Diese sorgt daf\u00fcr, dass die Bakterien aus der Blase ausgesp\u00fclt werden k\u00f6nnen. Dazu kann erg\u00e4nzend zu einer Selbsttr\u00e4nkanlage dem Pferd Wasser in einem K\u00fcbel zur Verf\u00fcgung gestellt werden. Dies erleichtert das Trinken.<\/li>\n<li>Zugluft, <a href=\"https:\/\/uelzener.de\/magazin\/pferd\/tiergesundheit\/mauke-pferd\/\">N\u00e4sse<\/a> und <a href=\"https:\/\/uelzener.de\/magazin\/pferd\/tiergesundheit\/pferde-im-winter\/\">K\u00e4lte meiden<\/a>: Frieren kann dem Immunsystem schaden. Daher sollten kranke Pferde es grunds\u00e4tzlich warm und trocken haben. Dies gilt auch bei Blasenentz\u00fcndung.<\/li>\n<li>Kr\u00e4uter als Hausmittel (tier\u00e4rztliche Empfehlung einholen): Goldrutenkraut (Solidago) (Achtung: nicht verwechseln mit dem hochgiftigen Goldregen), Birkenbl\u00e4tter (Betula pendula), Brennnessel (Urtica dioica), L\u00f6wenzahnbl\u00e4tter (Taraxum officinale). Kr\u00e4uter gibt es in Form von Kr\u00e4utermischungen im Fachhandel zu kaufen. Enthalten sind dort neben Kr\u00e4utern oftmals auch Cranberry und Preiselbeere.<\/li>\n<\/ul>\n<p>Wird eine Blasenentz\u00fcndung nicht behandelt, kann sie sich chronifizieren und m\u00f6glicherweise auf die Nieren ausweiten. So entstehen mitunter Nierenbeckenentz\u00fcndungen, die sich bis hin zu einer Niereninssuffizienz ausweiten k\u00f6nnen.<\/p>\n\n<div class=\"related_articles boxed\">\n    <h2>Mehr zum Thema<\/h2>\n    \n    <div class=\"wrapper\"><div class=\"title align-center\"><h3><a href=\"https:\/\/uelzener.de\/magazin\/pferd\/haeufige-fragen\/haben-pferde-nieren\/\">Haben Pferde Nieren?<\/a><\/h3><\/div><div class=\"img align-center\"><img decoding=\"async\" width=\"315\" height=\"180\" src=\"https:\/\/uelzener.de\/magazin\/app\/uploads\/2024\/04\/haben-pferde-nieren-315x180.png\" class=\"attachment-315x180 size-315x180 wp-post-image\" alt=\"Schaubild eines Pferdes mit Fokus auf die Nieren.\" \/><\/div><\/div><div class=\"wrapper\"><div class=\"title align-center\"><h3><a href=\"https:\/\/uelzener.de\/magazin\/pferd\/ernaehrung\/was-fressen-pferde\/\">Was fressen Pferde<\/a><\/h3><\/div><div class=\"img align-center\"><img decoding=\"async\" width=\"315\" height=\"180\" src=\"https:\/\/uelzener.de\/magazin\/app\/uploads\/2022\/11\/was-fressen-pferde-315x180.jpg\" class=\"attachment-315x180 size-315x180 wp-post-image\" alt=\"Braunes Pferd knabbert vertr\u00e4umt an einem Apfel am Baum. Was d\u00fcrfen Pferde alles fressen?\" \/><\/div><\/div><div class=\"wrapper\"><div class=\"title align-center\"><h3><a href=\"https:\/\/uelzener.de\/magazin\/pferd\/tiergesundheit\/pssm-beim-pferd-muskelerkrankung\/\">PSSM beim Pferd: Muskelerkrankung mit Folgen<\/a><\/h3><\/div><div class=\"img align-center\"><img decoding=\"async\" width=\"315\" height=\"180\" src=\"https:\/\/uelzener.de\/magazin\/app\/uploads\/2025\/04\/pssm-beim-pferd-315x180.jpg\" class=\"attachment-315x180 size-315x180 wp-post-image\" alt=\"Pferd mit PSSM.\" \/><\/div><\/div><\/div>\n\n<h3>Welches hom\u00f6opathische Mittel hilft bei Blasenentz\u00fcndung?<\/h3>\n<p>Bei gesundheitlichen Beschwerden des Pferdes ist grunds\u00e4tzlich tier\u00e4rztlicher Rat einzuholen. F\u00fcr die Wirksamkeit hom\u00f6opathischer Behandlungen gibt keine wissenschaftlichen Nachweise. Dennoch berichten Tierhalter:innen immer wieder von positiven Erfahrungen mit hom\u00f6opathischen Mitteln. Bei einer Blasenentz\u00fcndung kann man erg\u00e4nzend zu einer tier\u00e4rztlichen Behandlung folgendes versuchen:<\/p>\n<ul>\n<li>Apis<\/li>\n<li>Belladonna<\/li>\n<li>Berberis<\/li>\n<li>Cantharis<\/li>\n<li>Dulcamara<\/li>\n<li>Sarsaparilla<\/li>\n<\/ul>\n<h2>Nachsorge<\/h2>\n<p>Ist die Blasenentz\u00fcndung \u00fcberstanden, hilft eine gute Nachsorge, das Immunsystem zu st\u00e4rken und R\u00fcckf\u00e4llen vorzubeugen.<\/p>\n<ul>\n<li>Tier\u00e4rztlichen Anweisungen folgen: Im Falle einer Antibiotika-Einnahme zur Behandlung der Blasenentz\u00fcndung, sollte die Einnahme auf jeden Fall (auch nach Abklingen der Symptome) nach tier\u00e4rztlicher Anweisung so lange fortgef\u00fchrt werden, bis die entsprechende Menge eingenommen worden ist.<\/li>\n<li>Stallhygiene: Ausreichende Bel\u00fcftung und sorgf\u00e4ltiges Ausmisten und Reinigen der Tr\u00e4nken k\u00f6nnen einer erneuten Infektion vorbeugen.<\/li>\n<li>Ausreichend Bewegung ohne zu \u00fcberfordern.<\/li>\n<li>Gesunde Ern\u00e4hrung: Eine gut abgestimmte Ern\u00e4hrung und ausreichende Wasser helfen dem Pferd, gesund zu bleiben. Im Zweifel \u00fcber Zusammensetzung und Mengen l\u00e4sst man sich am besten tier\u00e4rztlich beraten.<\/li>\n<\/ul>\n<h2>Fazit:<\/h2>\n<p>Eine Blasenentz\u00fcndung kann sehr verschiedene Ursachen haben. F\u00fcr eine wirksame Behandlung muss die genaue Ursache festgestellt werden. Daher ist bei Verdacht auf Blasenentz\u00fcndung in jedem Fall tier\u00e4rztlicher Rat heranzuziehen. Die Anzeichen f\u00fcr eine Blasenentz\u00fcndung zu kennen, hilft Pferdehalter:innen zu erkennen, wann ihr Pferd \u00e4rztliche Hilfe ben\u00f6tigt. Mit einer Pferdekrankenversicherung ist man auf der sicheren Seite und sch\u00fctzt sich vor hohen Tierarztkosten.<\/p>\n\n<div class=\"banner\">\n    <a href=\"https:\/\/uelzener.de\/pferd\/herden-versicherung\/?agt=0000104925&sem=true&utm_medium=magazin&utm_source=wordpress&utm_campaign=pferd_kv&utm_content=banner    \">\n        <img decoding=\"async\" width=\"300\" height=\"212\" src=\"https:\/\/uelzener.de\/magazin\/app\/uploads\/2025\/01\/Pferde-Kranken-Versicherung.jpg\" class=\"attachment-medium size-medium\" alt=\"Banner Pferde-Kranken-Versicherung\" \/>    <\/a>\n<\/div>\n\n<h2>FAQ: H\u00e4ufig gestellte Fragen<\/h2>\n<h3>Wie bekommt ein Pferd eine Blasenentz\u00fcndung?<\/h3>\n<p>Eine Blasenentz\u00fcndung kann verschiedene Ursachen haben. Neben einer bakteriellen Infektion, k\u00f6nnen Viren, Pilze, Harngrie\u00df, Harnstein oder auch anatomische Ver\u00e4nderungen eine Blasenentz\u00fcndung bei einem Pferd verursachen.<\/p>\n<h3>Pferd pinkelt oft und wenig: Ist es eine Blasenentz\u00fcndung?<\/h3>\n<p>Uriniert ein Pferd h\u00e4ufig und in kleinen Mengen, kann dies ein Anzeichen f\u00fcr eine Blasenentz\u00fcndung sein. Gewissheit kann jedoch nur eine tier\u00e4rztliche Untersuchung geben, die man bei gesundheitlichen Problemen in jedem Fall vornehmen lassen sollte.<\/p>\n","protected":false},"excerpt":{"rendered":"<p>Wer schon einmal eine Blasenentz\u00fcndung gehabt hat, wei\u00df wie schmerzhaft und l\u00e4stig diese sein kann. Auch Pferde k\u00f6nnen eine Blasenentz\u00fcndung (Zystitis) bekommen. Kennen Pferdehalter:innen die Anzeichen f\u00fcr die schmerzhafte Symptomatik, k\u00f6nnen sie schnell reagieren und daf\u00fcr sorgen, dass das Pferd m\u00f6glichst bald tier\u00e4rztliche Hilfe bekommt. In diesem Artikel haben wir das Wichtigste \u00fcber Ursachen, Symptome [&hellip;]<\/p>\n","protected":false},"author":11,"featured_media":15625,"parent":11706,"menu_order":2,"comment_status":"closed","ping_status":"closed","template":"templates\/blog.php","meta":{"_acf_changed":false,"_crdt_document":"","footnotes":"","beyondwords_generate_audio":"0","beyondwords_project_id":"","beyondwords_content_id":"","beyondwords_preview_token":"","beyondwords_player_style":"","beyondwords_language_id":"","beyondwords_title_voice_id":"","beyondwords_body_voice_id":"","beyondwords_summary_voice_id":"","beyondwords_error_message":"","beyondwords_disabled":"","beyondwords_delete_content":"","beyondwords_podcast_id":"","beyondwords_hash":"","publish_post_to_speechkit":"","speechkit_hash":"","speechkit_generate_audio":"","speechkit_project_id":"","speechkit_podcast_id":"","speechkit_error_message":"","speechkit_disabled":"","speechkit_access_key":"","speechkit_error":"","speechkit_info":"","speechkit_response":"","speechkit_retries":"","speechkit_status":"","speechkit_updated_at":"","_speechkit_link":"","_speechkit_text":""},"class_list":["post-15624","page","type-page","status-publish","has-post-thumbnail","hentry"],"acf":[],"yoast_head":"<!-- This site is optimized with the Yoast SEO Premium plugin  - https:\/\/yoast.com\/product\/yoast-seo-premium-wordpress\/ -->\n<title>Blasenentz\u00fcndung beim Pferd: Ursachen, Symptome und Behandlung | Uelzener<\/title>\n<meta name=\"description\" content=\"Zystitis beim Pferd kann unbehandelt das Leben deines Pferdes schwermachen. Hier alles zu Ursachen \u2714 Symptomen \u2714 Hom\u00f6opathie \u2714 Nachsorge \u2714\" \/>\n<meta name=\"robots\" content=\"index, follow, max-snippet:-1, max-image-preview:large, max-video-preview:-1\" \/>\n<link rel=\"canonical\" href=\"https:\/\/uelzener.de\/magazin\/pferd\/tiergesundheit\/blasenentzuendung-pferd\/\" \/>\n<meta property=\"og:locale\" content=\"de_DE\" \/>\n<meta property=\"og:type\" content=\"article\" \/>\n<meta property=\"og:title\" content=\"Blasenentz\u00fcndung beim Pferd: Ursachen, Symptome und Behandlung\" \/>\n<meta property=\"og:description\" content=\"Zystitis beim Pferd kann unbehandelt das Leben deines Pferdes schwermachen. Hier alles zu Ursachen \u2714 Symptomen \u2714 Hom\u00f6opathie \u2714 Nachsorge \u2714\" \/>\n<meta property=\"og:url\" content=\"https:\/\/uelzener.de\/magazin\/pferd\/tiergesundheit\/blasenentzuendung-pferd\/\" \/>\n<meta property=\"og:site_name\" content=\"Uelzener Tier-Magazin\" \/>\n<meta property=\"article:publisher\" content=\"https:\/\/www.facebook.com\/Uelzener\" \/>\n<meta property=\"article:modified_time\" content=\"2025-08-27T09:32:13+00:00\" \/>\n<meta property=\"og:image\" content=\"https:\/\/uelzener.de\/magazin\/app\/uploads\/2023\/05\/blasenentzuendung-pferd.jpg\" \/>\n\t<meta property=\"og:image:width\" content=\"1025\" \/>\n\t<meta property=\"og:image:height\" content=\"450\" \/>\n\t<meta property=\"og:image:type\" content=\"image\/jpeg\" \/>\n<meta name=\"twitter:card\" content=\"summary_large_image\" \/>\n<meta name=\"twitter:label1\" content=\"Gesch\u00e4tzte Lesezeit\" \/>\n\t<meta name=\"twitter:data1\" content=\"7\u00a0Minuten\" \/>\n<script type=\"application\/ld+json\" class=\"yoast-schema-graph\">{\"@context\":\"https:\/\/schema.org\",\"@graph\":[{\"@type\":\"WebPage\",\"@id\":\"https:\/\/uelzener.de\/magazin\/pferd\/tiergesundheit\/blasenentzuendung-pferd\/\",\"url\":\"https:\/\/uelzener.de\/magazin\/pferd\/tiergesundheit\/blasenentzuendung-pferd\/\",\"name\":\"Blasenentz\u00fcndung beim Pferd: Ursachen, Symptome und Behandlung | Uelzener\",\"isPartOf\":{\"@id\":\"https:\/\/uelzener.de\/magazin\/#website\"},\"primaryImageOfPage\":{\"@id\":\"https:\/\/uelzener.de\/magazin\/pferd\/tiergesundheit\/blasenentzuendung-pferd\/#primaryimage\"},\"image\":{\"@id\":\"https:\/\/uelzener.de\/magazin\/pferd\/tiergesundheit\/blasenentzuendung-pferd\/#primaryimage\"},\"thumbnailUrl\":\"https:\/\/uelzener.de\/magazin\/app\/uploads\/2023\/05\/blasenentzuendung-pferd.jpg\",\"datePublished\":\"2023-06-06T08:00:43+00:00\",\"dateModified\":\"2025-08-27T09:32:13+00:00\",\"description\":\"Zystitis beim Pferd kann unbehandelt das Leben deines Pferdes schwermachen. Hier alles zu Ursachen \u2714 Symptomen \u2714 Hom\u00f6opathie \u2714 Nachsorge \u2714\",\"breadcrumb\":{\"@id\":\"https:\/\/uelzener.de\/magazin\/pferd\/tiergesundheit\/blasenentzuendung-pferd\/#breadcrumb\"},\"inLanguage\":\"de\",\"potentialAction\":[{\"@type\":\"ReadAction\",\"target\":[\"https:\/\/uelzener.de\/magazin\/pferd\/tiergesundheit\/blasenentzuendung-pferd\/\"]}]},{\"@type\":\"ImageObject\",\"inLanguage\":\"de\",\"@id\":\"https:\/\/uelzener.de\/magazin\/pferd\/tiergesundheit\/blasenentzuendung-pferd\/#primaryimage\",\"url\":\"https:\/\/uelzener.de\/magazin\/app\/uploads\/2023\/05\/blasenentzuendung-pferd.jpg\",\"contentUrl\":\"https:\/\/uelzener.de\/magazin\/app\/uploads\/2023\/05\/blasenentzuendung-pferd.jpg\",\"width\":1025,\"height\":450,\"caption\":\"Stute hat Blasenentz\u00fcndung und pinkelt auf die Wiese.\"},{\"@type\":\"WebSite\",\"@id\":\"https:\/\/uelzener.de\/magazin\/#website\",\"url\":\"https:\/\/uelzener.de\/magazin\/\",\"name\":\"Uelzener Tiermagazin\",\"description\":\"Online Tierratgeber der Uelzener Versicherungen\",\"publisher\":{\"@id\":\"https:\/\/uelzener.de\/magazin\/#organization\"},\"potentialAction\":[{\"@type\":\"SearchAction\",\"target\":{\"@type\":\"EntryPoint\",\"urlTemplate\":\"https:\/\/uelzener.de\/magazin\/?s={search_term_string}\"},\"query-input\":{\"@type\":\"PropertyValueSpecification\",\"valueRequired\":true,\"valueName\":\"search_term_string\"}}],\"inLanguage\":\"de\"},{\"@type\":\"Organization\",\"@id\":\"https:\/\/uelzener.de\/magazin\/#organization\",\"name\":\"Uelzener Versicherungen\",\"url\":\"https:\/\/uelzener.de\/magazin\/\",\"logo\":{\"@type\":\"ImageObject\",\"inLanguage\":\"de\",\"@id\":\"https:\/\/uelzener.de\/magazin\/#\/schema\/logo\/image\/\",\"url\":\"https:\/\/uelzener.de\/magazin\/app\/uploads\/2024\/11\/uelzener_allgemeine_versicherungsgesellschaft_a_g_logo.jpg\",\"contentUrl\":\"https:\/\/uelzener.de\/magazin\/app\/uploads\/2024\/11\/uelzener_allgemeine_versicherungsgesellschaft_a_g_logo.jpg\",\"width\":200,\"height\":200,\"caption\":\"Uelzener Versicherungen\"},\"image\":{\"@id\":\"https:\/\/uelzener.de\/magazin\/#\/schema\/logo\/image\/\"},\"sameAs\":[\"https:\/\/www.facebook.com\/Uelzener\",\"https:\/\/instagram.com\/uelzener\",\"https:\/\/www.xing.com\/pages\/uelzenerallgemeineversicherungs-gesellschafta-g\",\"https:\/\/www.youtube.com\/UelzenerVersicherungen\"]}]}<\/script>\n<!-- \/ Yoast SEO Premium plugin. -->","yoast_head_json":{"title":"Blasenentz\u00fcndung beim Pferd: Ursachen, Symptome und Behandlung | Uelzener","description":"Zystitis beim Pferd kann unbehandelt das Leben deines Pferdes schwermachen. Hier alles zu Ursachen \u2714 Symptomen \u2714 Hom\u00f6opathie \u2714 Nachsorge \u2714","robots":{"index":"index","follow":"follow","max-snippet":"max-snippet:-1","max-image-preview":"max-image-preview:large","max-video-preview":"max-video-preview:-1"},"canonical":"https:\/\/uelzener.de\/magazin\/pferd\/tiergesundheit\/blasenentzuendung-pferd\/","og_locale":"de_DE","og_type":"article","og_title":"Blasenentz\u00fcndung beim Pferd: Ursachen, Symptome und Behandlung","og_description":"Zystitis beim Pferd kann unbehandelt das Leben deines Pferdes schwermachen. Hier alles zu Ursachen \u2714 Symptomen \u2714 Hom\u00f6opathie \u2714 Nachsorge \u2714","og_url":"https:\/\/uelzener.de\/magazin\/pferd\/tiergesundheit\/blasenentzuendung-pferd\/","og_site_name":"Uelzener Tier-Magazin","article_publisher":"https:\/\/www.facebook.com\/Uelzener","article_modified_time":"2025-08-27T09:32:13+00:00","og_image":[{"width":1025,"height":450,"url":"https:\/\/uelzener.de\/magazin\/app\/uploads\/2023\/05\/blasenentzuendung-pferd.jpg","type":"image\/jpeg"}],"twitter_card":"summary_large_image","twitter_misc":{"Gesch\u00e4tzte Lesezeit":"7\u00a0Minuten"},"schema":{"@context":"https:\/\/schema.org","@graph":[{"@type":"WebPage","@id":"https:\/\/uelzener.de\/magazin\/pferd\/tiergesundheit\/blasenentzuendung-pferd\/","url":"https:\/\/uelzener.de\/magazin\/pferd\/tiergesundheit\/blasenentzuendung-pferd\/","name":"Blasenentz\u00fcndung beim Pferd: Ursachen, Symptome und Behandlung | Uelzener","isPartOf":{"@id":"https:\/\/uelzener.de\/magazin\/#website"},"primaryImageOfPage":{"@id":"https:\/\/uelzener.de\/magazin\/pferd\/tiergesundheit\/blasenentzuendung-pferd\/#primaryimage"},"image":{"@id":"https:\/\/uelzener.de\/magazin\/pferd\/tiergesundheit\/blasenentzuendung-pferd\/#primaryimage"},"thumbnailUrl":"https:\/\/uelzener.de\/magazin\/app\/uploads\/2023\/05\/blasenentzuendung-pferd.jpg","datePublished":"2023-06-06T08:00:43+00:00","dateModified":"2025-08-27T09:32:13+00:00","description":"Zystitis beim Pferd kann unbehandelt das Leben deines Pferdes schwermachen. Hier alles zu Ursachen \u2714 Symptomen \u2714 Hom\u00f6opathie \u2714 Nachsorge \u2714","breadcrumb":{"@id":"https:\/\/uelzener.de\/magazin\/pferd\/tiergesundheit\/blasenentzuendung-pferd\/#breadcrumb"},"inLanguage":"de","potentialAction":[{"@type":"ReadAction","target":["https:\/\/uelzener.de\/magazin\/pferd\/tiergesundheit\/blasenentzuendung-pferd\/"]}]},{"@type":"ImageObject","inLanguage":"de","@id":"https:\/\/uelzener.de\/magazin\/pferd\/tiergesundheit\/blasenentzuendung-pferd\/#primaryimage","url":"https:\/\/uelzener.de\/magazin\/app\/uploads\/2023\/05\/blasenentzuendung-pferd.jpg","contentUrl":"https:\/\/uelzener.de\/magazin\/app\/uploads\/2023\/05\/blasenentzuendung-pferd.jpg","width":1025,"height":450,"caption":"Stute hat Blasenentz\u00fcndung und pinkelt auf die Wiese."},{"@type":"WebSite","@id":"https:\/\/uelzener.de\/magazin\/#website","url":"https:\/\/uelzener.de\/magazin\/","name":"Uelzener Tiermagazin","description":"Online Tierratgeber der Uelzener Versicherungen","publisher":{"@id":"https:\/\/uelzener.de\/magazin\/#organization"},"potentialAction":[{"@type":"SearchAction","target":{"@type":"EntryPoint","urlTemplate":"https:\/\/uelzener.de\/magazin\/?s={search_term_string}"},"query-input":{"@type":"PropertyValueSpecification","valueRequired":true,"valueName":"search_term_string"}}],"inLanguage":"de"},{"@type":"Organization","@id":"https:\/\/uelzener.de\/magazin\/#organization","name":"Uelzener Versicherungen","url":"https:\/\/uelzener.de\/magazin\/","logo":{"@type":"ImageObject","inLanguage":"de","@id":"https:\/\/uelzener.de\/magazin\/#\/schema\/logo\/image\/","url":"https:\/\/uelzener.de\/magazin\/app\/uploads\/2024\/11\/uelzener_allgemeine_versicherungsgesellschaft_a_g_logo.jpg","contentUrl":"https:\/\/uelzener.de\/magazin\/app\/uploads\/2024\/11\/uelzener_allgemeine_versicherungsgesellschaft_a_g_logo.jpg","width":200,"height":200,"caption":"Uelzener Versicherungen"},"image":{"@id":"https:\/\/uelzener.de\/magazin\/#\/schema\/logo\/image\/"},"sameAs":["https:\/\/www.facebook.com\/Uelzener","https:\/\/instagram.com\/uelzener","https:\/\/www.xing.com\/pages\/uelzenerallgemeineversicherungs-gesellschafta-g","https:\/\/www.youtube.com\/UelzenerVersicherungen"]}]}},"_links":{"self":[{"href":"https:\/\/uelzener.de\/magazin\/wp-json\/wp\/v2\/pages\/15624","targetHints":{"allow":["GET"]}}],"collection":[{"href":"https:\/\/uelzener.de\/magazin\/wp-json\/wp\/v2\/pages"}],"about":[{"href":"https:\/\/uelzener.de\/magazin\/wp-json\/wp\/v2\/types\/page"}],"author":[{"embeddable":true,"href":"https:\/\/uelzener.de\/magazin\/wp-json\/wp\/v2\/users\/11"}],"replies":[{"embeddable":true,"href":"https:\/\/uelzener.de\/magazin\/wp-json\/wp\/v2\/comments?post=15624"}],"version-history":[{"count":12,"href":"https:\/\/uelzener.de\/magazin\/wp-json\/wp\/v2\/pages\/15624\/revisions"}],"predecessor-version":[{"id":19029,"href":"https:\/\/uelzener.de\/magazin\/wp-json\/wp\/v2\/pages\/15624\/revisions\/19029"}],"up":[{"embeddable":true,"href":"https:\/\/uelzener.de\/magazin\/wp-json\/wp\/v2\/pages\/11706"}],"wp:featuredmedia":[{"embeddable":true,"href":"https:\/\/uelzener.de\/magazin\/wp-json\/wp\/v2\/media\/15625"}],"wp:attachment":[{"href":"https:\/\/uelzener.de\/magazin\/wp-json\/wp\/v2\/media?parent=15624"}],"curies":[{"name":"wp","href":"https:\/\/api.w.org\/{rel}","templated":true}]}}