{"id":15538,"date":"2023-05-04T13:09:27","date_gmt":"2023-05-04T11:09:27","guid":{"rendered":"https:\/\/uelzener.de\/magazin\/?page_id=15538"},"modified":"2025-11-13T11:43:38","modified_gmt":"2025-11-13T10:43:38","slug":"katze-im-baum-tipps-zur-rettung","status":"publish","type":"page","link":"https:\/\/uelzener.de\/magazin\/katze\/haeufige-fragen\/katze-im-baum-tipps-zur-rettung\/","title":{"rendered":"Katze im Baum? Tipps zur Rettung waghalsiger Vierbeiner"},"content":{"rendered":"<p><span style=\"font-weight: 400;\">Eine Szene wie aus einem Cartoon: Hoch oben in den Wipfeln eines Baumes maunzt ein K\u00e4tzchen, unten stehen besorgt dreinblickende Passanten und die Feuerwehr ist auch schon da, um mit schwerem Ger\u00e4t das in Not geratene Tier zu retten. \u201eKatze im Baum\u201c ist wohl einer der Klassiker, wenn es um das Thema Tierrettung geht, denn an den Haaren herbeigezogen ist die Szene nicht. Katzen klettern von Natur aus gern und schaffen es problemlos, B\u00e4ume hinaufzuklettern. Nur beim Abstieg hapert es mitunter \u2013 was also tun? Zun\u00e4chst mal wichtig zu wissen: Die erste Ma\u00dfnahme sollte nicht sein, die Feuerwehr zu rufen. Vielmehr ist Geduld gefragt.<\/span><\/p>\n<h2>Katzen lieben B\u00e4ume \u2013 4 Gr\u00fcnde, warum sie nicht mehr herunterkommen<\/h2>\n<p><span style=\"font-weight: 400;\">Dass Katzen B\u00e4ume hinaufklettern, ist keine Seltenheit. Katzen lieben erh\u00f6hte Positionen, um ihr Revier sicher beobachten zu k\u00f6nnen. Au\u00dferdem gibt es in B\u00e4umen so einiges zu gucken: Nistende und zwitschernde V\u00f6glein, raschelnde Bl\u00e4tter, Insekten\u2026 ein Paradies f\u00fcr abenteuerlustige Freig\u00e4nger. Katzen sind gute Kletterer. Die Tiere k\u00f6nnen aus dem Stand recht weit in die H\u00f6he springen und sich mit ihren Krallen an der Rinde des Baumstammes festhalten, um die ersten \u00c4ste zu erreichen. Von dort gelangen erfahrene Kletterer m\u00fchelos bis in schwindelerregende H\u00f6hen, solange die \u00c4ste dick genug sind, um die Last zu tragen. Grunds\u00e4tzlich muss man also nicht besorgt sein, wenn der eigene Schmusetiger auf B\u00e4ume klettert. Trotzdem kann es vorkommen, dass eine Katze im Baum in Not ger\u00e4t oder zumindest der Eindruck entsteht. Vier m\u00f6gliche Szenarien:<\/span><\/p>\n<ul>\n<li style=\"font-weight: 400;\" aria-level=\"1\"><span style=\"font-weight: 400;\">Die Katze m\u00f6chte gar nicht vom Baum runter, weil unten irgendetwas ist, was ihr Angst macht, zum Beispiel ein Hund oder andere Tiere, zu viele Menschen, L\u00e4rm, etc.<\/span><\/li>\n<li style=\"font-weight: 400;\" aria-level=\"1\"><span style=\"font-weight: 400;\">Die Katze im Baum f\u00fchlt sich gerade ganz wohl in ihrer Position und kommt deshalb nicht runter. Vielleicht gibt es etwas Spannendes zu beobachten, V\u00f6gel zum Beispiel.<\/span><\/li>\n<li style=\"font-weight: 400;\" aria-level=\"1\"><span style=\"font-weight: 400;\">Die Katze im Baum hat ihre Kletterf\u00e4higkeit \u00fcbersch\u00e4tzt und traut sich nicht herunter.<\/span><\/li>\n<li style=\"font-weight: 400;\" aria-level=\"1\"><span style=\"font-weight: 400;\">Die Katze hat sich verletzt oder ist krank und wagt sich deshalb nicht an den Abstieg.<\/span><\/li>\n<\/ul>\n<p><span style=\"font-weight: 400;\">Da von unten wahrscheinlich nur schwer erkennbar ist, in welchem Gem\u00fctszustand sich die Katze im Baum befindet und ob sie k\u00f6rperlich unversehrt ist, empfiehlt es sich, zun\u00e4chst einmal offensichtliche Probleme zu identifizieren. Wom\u00f6glich ist der Baum ja eine beliebte Anlaufstelle f\u00fcr Gassi gehende Hunde? Oder eine Baustelle in der N\u00e4he verursacht so viel Krach, dass sich die Katze nicht heruntertraut. In solchen F\u00e4llen reicht es einfach abzuwarten. Sp\u00e4testens am Abend oder in der Nacht, wenn alles ruhig ist, wird die Katze ihre Chance wahrnehmen und unbehelligt vom Baum klettern. Geduld ist im \u00dcbrigen in jedem Fall angesagt: Man sollte der Katze schon ein bis zwei Tage Zeit geben, um selber wieder herunterzukommen, bevor man waghalsige Rettungsaktionen in Eigenregie unternimmt oder gar die Feuerwehr ruft. In den meisten F\u00e4llen schaffen Katzen den Abstieg selbst, auch wenn es etwas dauert.<\/span><\/p>\n<h2>Wenn die Katze im Baum sitzt und nicht mehr runterkommt<\/h2>\n<p><span style=\"font-weight: 400;\">Es tut sich nichts? In seltenen F\u00e4llen kann es vorkommen, dass sich die Katze im Baum wirklich nicht heruntertraut. Tats\u00e4chlich ist der Abstieg f\u00fcr Katzen deutlich kniffliger als der Aufstieg. Die Form der Krallen erleichtert das Klettern nach oben. Die Katze kann sich richtig festkrallen \u2013 aber eben nur, wenn die Krallen nach oben zeigen. Das Herunterklettern muss deshalb r\u00fcckw\u00e4rts erfolgen, was insbesondere junge Katzen und unerfahrene Kletterer vor eine gr\u00f6\u00dfere Herausforderung stellen kann. Ist die Katze im Baum krank, geschw\u00e4cht oder verletzt, kann das ebenfalls ein Grund daf\u00fcr sein, dass sie den Abstieg verweigert. Um das Tier wom\u00f6glich doch noch herunterzulocken, kann man versuchen, Futter oder Leckerli bereitzustellen, aber liegen \u201etriftige\u201c Gr\u00fcnde f\u00fcr den anhaltenden Aufenthalt im Baumwipfel vor, wird sich die Katze von Futter wohl auch nicht \u00fcberzeugen lassen.\u00a0<\/span><\/p>\n<p><span style=\"font-weight: 400;\">Wenn also alles Warten nichts hilft, kann eine Rettungsaktion erforderlich sein. Oberste Regel: Kein Mensch sollte sich in Gefahr begeben oder andere in Gefahr bringen, um eine Katze zu retten. Sicherheit geht vor. Mit Leitern einen Baum zu erklimmen, ist gef\u00e4hrlich, leicht kann die Leiter abrutschen. Liegt ein Notfall vor, sollte man den Notruf w\u00e4hlen, also im Falle der \u201eKatze im Baum\u201c die Feuerwehr. Tipp: Sollte sich deine Katze beim Klettern im Baum oder sonstigen Abenteuern verletzen, erweist sich unsere <\/span><span style=\"font-weight: 400;\">Krankenversicherung f\u00fcr Katzen<\/span><span style=\"font-weight: 400;\"> als praktisch \u2013 damit bleibst du nicht auf den Kosten der tier\u00e4rztlichen Behandlung sitzen.<\/span><\/p>\n\n<div class=\"banner\">\n    <a href=\"https:\/\/uelzener.de\/katze\/katzen-krankenversicherung\/?agt=0000104925&sem=true&utm_medium=magazin&utm_source=wordpress&utm_campaign=katze_kv&utm_content=banner\">\n        <img decoding=\"async\" width=\"300\" height=\"212\" src=\"https:\/\/uelzener.de\/magazin\/app\/uploads\/2025\/01\/Katzen-Kranken-Versicherung.jpg\" class=\"attachment-medium size-medium\" alt=\"Banner Katzen-Kranken-Versicherung\" \/>    <\/a>\n<\/div>\n\n<h2>Katze im Baum: Wer zahlt f\u00fcr den Feuerwehreinsatz?<\/h2>\n<p><span style=\"font-weight: 400;\">Eins\u00e4tze der Feuerwehr werden in den meisten F\u00e4llen von der Kommune bezahlt, allerdings gibt es Ausnahmen. Im Fall von Scherzanrufen oder Brandstiftung beispielsweise k\u00f6nnen die Kosten an die Personen, die den Einsatz verursacht haben, weitergereicht werden. Ob das auch bei einer Tierrettung gilt, l\u00e4sst sich nicht pauschal beantworten, da hier unterschiedliche Regeln gelten \u2013 in Bezug auf die Tierart und die jeweiligen Vorgaben der Gemeinde. <\/span><\/p>\n<p><span style=\"font-weight: 400;\">W\u00e4hrend die Rettung von Nutztieren wie Pferden oder K\u00fchen in der Regel nicht kostenpflichtig ist, kann das bei der Katze im Baum und vergleichbaren Eins\u00e4tzen anders aussehen. Vielerorts sind derlei Tierrettungen von den Anrufern oder Haltern zu tragen. <\/span><\/p>\n<p><span style=\"font-weight: 400;\">Ein grundlegendes Problem bei der Rettung von Katzen auf B\u00e4umen oder D\u00e4chern besteht oft schon darin, dass die Einsch\u00e4tzung, ob denn eine Gefahrensituation f\u00fcr das Tier vorliegt, stark abweichen kann \u2013 je nachdem, ob die Feuerwehr oder der Halter beziehungsweise die Halterin das Geschehen bewertet.\u00a0<\/span><\/p>\n<h2>Fazit<\/h2>\n<p><span style=\"font-weight: 400;\">Schreit eine Katze im Baum, muss das noch lange nicht hei\u00dfen, dass sie Hilfe ben\u00f6tigt. Bevor die Feuerwehr alarmiert wird, die das Tier gegebenenfalls aufwendig auf den Boden bef\u00f6rdern muss, sollte man dem Schmusetiger Zeit geben, um sich selber aus der misslichen Lage zu befreien. Nur wenn sich auch ein bis zwei Tage sp\u00e4ter nichts getan hat und Lockversuche mit Futter oder Leckerlis nicht zum Erfolg f\u00fchren, sollte \u00fcber eine Rettung nachgedacht werden. Es besteht immer das Risiko, dass die Katze noch h\u00f6her in den Baum klettert, wenn sich Menschen mit Leitern oder anderen Ger\u00e4tschaften n\u00e4hern. Au\u00dferdem besteht bei Rettungsaktionen in gro\u00dfer H\u00f6he stets Verletzungsrisiko f\u00fcr die Rettenden. Es gilt also in jedem Fall abzuw\u00e4gen, ob ein Rettungsversuch sinnvoll und verh\u00e4ltnism\u00e4\u00dfig ist \u2013 auch vor dem Hintergrund m\u00f6glicher Kosten, die durch die herbeigerufenen Einsatzkr\u00e4fte entstehen k\u00f6nnen. Nicht zu vergessen: Einsatzkr\u00e4fte und Ausr\u00fcstung, die an der Katzenrettung beteiligt sind, sind w\u00e4hrenddessen nicht f\u00fcr andere Eins\u00e4tze verf\u00fcgbar. Das kann Folgen haben, wenn sich zum Beispiel zur gleichen Zeit ein schlimmes Ungl\u00fcck wie ein Brand in einem Wohnhaus ereignet.<\/span><\/p>\n<h2>FAQ \u2013 h\u00e4ufig gestellte Fragen zur Rettung von Katzen im Baum<\/h2>\n<h3>Warum klettern Katzen \u00fcberhaupt auf B\u00e4ume?<\/h3>\n<p><span style=\"font-weight: 400;\">B\u00e4ume sind die idealen Aussichtspl\u00e4tzchen f\u00fcr Katzen. Die Samtpfoten lieben erh\u00f6hte Positionen, um einen guten \u00dcberblick \u00fcber die Umgebung zu haben und zugleich sicher vor m\u00f6glichen St\u00f6renfrieden wie Menschen oder Hunden zu sein. Au\u00dferdem gibt es im Baum allerhand Verlockungen, zum Beispiel V\u00f6gel und raschelndes Laub. Die Baumrinde eignet sich dar\u00fcber hinaus prima zum Krallenwetzen. Das Hochklettern bereitet Katzen in der Regel keine Schwierigkeiten \u2013 ihrer gro\u00dfen Sprungkraft und den scharfen Krallen sei Dank.\u00a0<\/span><\/p>\n<h3>Warum kommt meine Katze nicht vom Baum runter?<\/h3>\n<p><span style=\"font-weight: 400;\">Das kann verschiedene Gr\u00fcnde haben. Wom\u00f6glich hat sie sich zu weit hinauf gewagt und traut sich nicht mehr hinunter. Die Katzenkrallen geben nur nach oben gerichtet Halt, weshalb die Katze r\u00fcckw\u00e4rts hinunterklettern muss. Das kann junge K\u00e4tzchen und unerfahrene Kletterer, die sich sonst vielleicht eher in der Wohnung aufhalten, \u00fcberfordern. Auch ist es m\u00f6glich, dass die Katze im Baum bleibt, weil sie unten potenzielle Gefahren wahrnimmt. Ob schn\u00fcffelnde Hunde, gro\u00dfe Menschenansammlungen oder laute Baustelle \u2013 vieles kann hier die Ursache sein. Dar\u00fcber hinaus kann es weitere Gr\u00fcnde daf\u00fcr geben, dass die Katze im Baum nicht herunterkommt. Wom\u00f6glich ist sie krank oder verletzt und traut sich den Abstieg deshalb nicht zu. Ebenfalls nicht auszuschlie\u00dfen: Die Katze will gar nicht runter \u2013 jedenfalls im Moment nicht. Vielleicht ist das Geschehen im Baum und drumherum gerade so spannend, dass das Tier gar kein Interesse hat, herunterzuklettern.<\/span><\/p>\n<h3>Muss ich f\u00fcr den Feuerwehreinsatz zahlen, wenn meine Katze im Baum festsitzt?<\/h3>\n<p><span style=\"font-weight: 400;\">Das kommt auf die \u00f6rtlichen Bestimmungen der jeweiligen Kommune an. Die Rettung von Haustieren wird in vielen F\u00e4llen auf die Verursacher des Einsatzes umgelegt, also in dem Falle auf den Halter oder die Halterin der kletterfreudigen Katze. Bevor man zum H\u00f6rer greift, empfiehlt es sich daher, sich vorab \u00fcber die geltenden Bestimmungen und voraussichtlichen Kosten f\u00fcr einen Feuerwehreinsatz zu informieren.<\/span><\/p>\n<h3>Was kann ich sonst noch tun, wenn die Katze im Baum sitzt und nicht herunterkommt?<\/h3>\n<p><span style=\"font-weight: 400;\">Sofern es sich um die eigene Katze handelt, k\u00f6nnte es schon reichen, die Lieblingsleckerchen oder das Lieblingsspielzeug zum Ort des Geschehens zu bringen, um die Fellnase herunterzulocken. Maunzt eine fremde Katze im Baum, gilt es, zun\u00e4chst einmal den Halter oder die Halterin ausfindig zu machen, sofern m\u00f6glich. Normalerweise besteht keine akute Lebensgefahr f\u00fcr die Katze im Baum, deshalb solltest du in jedem Fall Ruhe bewahren und keine unausgegorenen Rettungsaktionen in Eigenregie unternehmen, da gerade beim Hantieren mit Leitern im Baum gro\u00dfe Verletzungsgefahr besteht. Zudem besteht das Risiko, das Tier noch weiter hinaufzutreiben. Abwarten, anlocken, Tee trinken, nochmal locken \u2013 mit Geduld gelingt es in vielen F\u00e4llen, den Ausrei\u00dfer auf vier Pfoten zum selbst\u00e4ndigen Abstieg zu motivieren.\u00a0<\/span><\/p>\n","protected":false},"excerpt":{"rendered":"<p>Eine Szene wie aus einem Cartoon: Hoch oben in den Wipfeln eines Baumes maunzt ein K\u00e4tzchen, unten stehen besorgt dreinblickende Passanten und die Feuerwehr ist auch schon da, um mit schwerem Ger\u00e4t das in Not geratene Tier zu retten. \u201eKatze im Baum\u201c ist wohl einer der Klassiker, wenn es um das Thema Tierrettung geht, denn [&hellip;]<\/p>\n","protected":false},"author":11,"featured_media":15541,"parent":11691,"menu_order":29,"comment_status":"closed","ping_status":"closed","template":"templates\/blog.php","meta":{"_acf_changed":false,"_crdt_document":"","footnotes":"","beyondwords_generate_audio":"0","beyondwords_project_id":"","beyondwords_content_id":"","beyondwords_preview_token":"","beyondwords_player_style":"","beyondwords_language_id":"","beyondwords_title_voice_id":"","beyondwords_body_voice_id":"","beyondwords_summary_voice_id":"","beyondwords_error_message":"","beyondwords_disabled":"","beyondwords_delete_content":"","beyondwords_podcast_id":"","beyondwords_hash":"","publish_post_to_speechkit":"","speechkit_hash":"","speechkit_generate_audio":"","speechkit_project_id":"","speechkit_podcast_id":"","speechkit_error_message":"","speechkit_disabled":"","speechkit_access_key":"","speechkit_error":"","speechkit_info":"","speechkit_response":"","speechkit_retries":"","speechkit_status":"","speechkit_updated_at":"","_speechkit_link":"","_speechkit_text":""},"class_list":["post-15538","page","type-page","status-publish","has-post-thumbnail","hentry"],"acf":[],"yoast_head":"<!-- This site is optimized with the Yoast SEO Premium plugin  - https:\/\/yoast.com\/product\/yoast-seo-premium-wordpress\/ -->\n<title>Katze im Baum? Tipps zur Rettung waghalsiger Vierbeiner | Uelzener Magazin<\/title>\n<meta name=\"description\" content=\"Katzen klettern von Natur aus gern. Nur beim Abstieg hapert es manchmal \u2013 was also tun? Wichtig zu wissen: Die 1. Ma\u00dfnahme sollte nicht sein, die Feuerwehr zu rufen.\" \/>\n<meta name=\"robots\" content=\"index, follow, max-snippet:-1, max-image-preview:large, max-video-preview:-1\" \/>\n<link rel=\"canonical\" href=\"https:\/\/uelzener.de\/magazin\/katze\/haeufige-fragen\/katze-im-baum-tipps-zur-rettung\/\" \/>\n<meta property=\"og:locale\" content=\"de_DE\" \/>\n<meta property=\"og:type\" content=\"article\" \/>\n<meta property=\"og:title\" content=\"Katze im Baum? Tipps zur Rettung waghalsiger Vierbeiner\" \/>\n<meta property=\"og:description\" content=\"Katzen klettern von Natur aus gern. Nur beim Abstieg hapert es manchmal \u2013 was also tun? Wichtig zu wissen: Die 1. Ma\u00dfnahme sollte nicht sein, die Feuerwehr zu rufen.\" \/>\n<meta property=\"og:url\" content=\"https:\/\/uelzener.de\/magazin\/katze\/haeufige-fragen\/katze-im-baum-tipps-zur-rettung\/\" \/>\n<meta property=\"og:site_name\" content=\"Uelzener Tier-Magazin\" \/>\n<meta property=\"article:publisher\" content=\"https:\/\/www.facebook.com\/Uelzener\" \/>\n<meta property=\"article:modified_time\" content=\"2025-11-13T10:43:38+00:00\" \/>\n<meta property=\"og:image\" content=\"https:\/\/uelzener.de\/magazin\/app\/uploads\/2023\/05\/katze-klettert-baumstamm.jpg\" \/>\n\t<meta property=\"og:image:width\" content=\"1025\" \/>\n\t<meta property=\"og:image:height\" content=\"450\" \/>\n\t<meta property=\"og:image:type\" content=\"image\/jpeg\" \/>\n<meta name=\"twitter:card\" content=\"summary_large_image\" \/>\n<meta name=\"twitter:label1\" content=\"Gesch\u00e4tzte Lesezeit\" \/>\n\t<meta name=\"twitter:data1\" content=\"9\u00a0Minuten\" \/>\n<script type=\"application\/ld+json\" class=\"yoast-schema-graph\">{\"@context\":\"https:\/\/schema.org\",\"@graph\":[{\"@type\":\"WebPage\",\"@id\":\"https:\/\/uelzener.de\/magazin\/katze\/haeufige-fragen\/katze-im-baum-tipps-zur-rettung\/\",\"url\":\"https:\/\/uelzener.de\/magazin\/katze\/haeufige-fragen\/katze-im-baum-tipps-zur-rettung\/\",\"name\":\"Katze im Baum? Tipps zur Rettung waghalsiger Vierbeiner | Uelzener Magazin\",\"isPartOf\":{\"@id\":\"https:\/\/uelzener.de\/magazin\/#website\"},\"primaryImageOfPage\":{\"@id\":\"https:\/\/uelzener.de\/magazin\/katze\/haeufige-fragen\/katze-im-baum-tipps-zur-rettung\/#primaryimage\"},\"image\":{\"@id\":\"https:\/\/uelzener.de\/magazin\/katze\/haeufige-fragen\/katze-im-baum-tipps-zur-rettung\/#primaryimage\"},\"thumbnailUrl\":\"https:\/\/uelzener.de\/magazin\/app\/uploads\/2023\/05\/katze-klettert-baumstamm.jpg\",\"datePublished\":\"2023-05-04T11:09:27+00:00\",\"dateModified\":\"2025-11-13T10:43:38+00:00\",\"description\":\"Katzen klettern von Natur aus gern. Nur beim Abstieg hapert es manchmal \u2013 was also tun? Wichtig zu wissen: Die 1. Ma\u00dfnahme sollte nicht sein, die Feuerwehr zu rufen.\",\"breadcrumb\":{\"@id\":\"https:\/\/uelzener.de\/magazin\/katze\/haeufige-fragen\/katze-im-baum-tipps-zur-rettung\/#breadcrumb\"},\"inLanguage\":\"de\",\"potentialAction\":[{\"@type\":\"ReadAction\",\"target\":[\"https:\/\/uelzener.de\/magazin\/katze\/haeufige-fragen\/katze-im-baum-tipps-zur-rettung\/\"]}]},{\"@type\":\"ImageObject\",\"inLanguage\":\"de\",\"@id\":\"https:\/\/uelzener.de\/magazin\/katze\/haeufige-fragen\/katze-im-baum-tipps-zur-rettung\/#primaryimage\",\"url\":\"https:\/\/uelzener.de\/magazin\/app\/uploads\/2023\/05\/katze-klettert-baumstamm.jpg\",\"contentUrl\":\"https:\/\/uelzener.de\/magazin\/app\/uploads\/2023\/05\/katze-klettert-baumstamm.jpg\",\"width\":1025,\"height\":450,\"caption\":\"Katze klettert Baumstamm hoch.\"},{\"@type\":\"WebSite\",\"@id\":\"https:\/\/uelzener.de\/magazin\/#website\",\"url\":\"https:\/\/uelzener.de\/magazin\/\",\"name\":\"Uelzener Tiermagazin\",\"description\":\"Online Tierratgeber der Uelzener Versicherungen\",\"publisher\":{\"@id\":\"https:\/\/uelzener.de\/magazin\/#organization\"},\"potentialAction\":[{\"@type\":\"SearchAction\",\"target\":{\"@type\":\"EntryPoint\",\"urlTemplate\":\"https:\/\/uelzener.de\/magazin\/?s={search_term_string}\"},\"query-input\":{\"@type\":\"PropertyValueSpecification\",\"valueRequired\":true,\"valueName\":\"search_term_string\"}}],\"inLanguage\":\"de\"},{\"@type\":\"Organization\",\"@id\":\"https:\/\/uelzener.de\/magazin\/#organization\",\"name\":\"Uelzener Versicherungen\",\"url\":\"https:\/\/uelzener.de\/magazin\/\",\"logo\":{\"@type\":\"ImageObject\",\"inLanguage\":\"de\",\"@id\":\"https:\/\/uelzener.de\/magazin\/#\/schema\/logo\/image\/\",\"url\":\"https:\/\/uelzener.de\/magazin\/app\/uploads\/2024\/11\/uelzener_allgemeine_versicherungsgesellschaft_a_g_logo.jpg\",\"contentUrl\":\"https:\/\/uelzener.de\/magazin\/app\/uploads\/2024\/11\/uelzener_allgemeine_versicherungsgesellschaft_a_g_logo.jpg\",\"width\":200,\"height\":200,\"caption\":\"Uelzener Versicherungen\"},\"image\":{\"@id\":\"https:\/\/uelzener.de\/magazin\/#\/schema\/logo\/image\/\"},\"sameAs\":[\"https:\/\/www.facebook.com\/Uelzener\",\"https:\/\/instagram.com\/uelzener\",\"https:\/\/www.xing.com\/pages\/uelzenerallgemeineversicherungs-gesellschafta-g\",\"https:\/\/www.youtube.com\/UelzenerVersicherungen\"]}]}<\/script>\n<!-- \/ Yoast SEO Premium plugin. -->","yoast_head_json":{"title":"Katze im Baum? Tipps zur Rettung waghalsiger Vierbeiner | Uelzener Magazin","description":"Katzen klettern von Natur aus gern. Nur beim Abstieg hapert es manchmal \u2013 was also tun? Wichtig zu wissen: Die 1. Ma\u00dfnahme sollte nicht sein, die Feuerwehr zu rufen.","robots":{"index":"index","follow":"follow","max-snippet":"max-snippet:-1","max-image-preview":"max-image-preview:large","max-video-preview":"max-video-preview:-1"},"canonical":"https:\/\/uelzener.de\/magazin\/katze\/haeufige-fragen\/katze-im-baum-tipps-zur-rettung\/","og_locale":"de_DE","og_type":"article","og_title":"Katze im Baum? Tipps zur Rettung waghalsiger Vierbeiner","og_description":"Katzen klettern von Natur aus gern. Nur beim Abstieg hapert es manchmal \u2013 was also tun? Wichtig zu wissen: Die 1. Ma\u00dfnahme sollte nicht sein, die Feuerwehr zu rufen.","og_url":"https:\/\/uelzener.de\/magazin\/katze\/haeufige-fragen\/katze-im-baum-tipps-zur-rettung\/","og_site_name":"Uelzener Tier-Magazin","article_publisher":"https:\/\/www.facebook.com\/Uelzener","article_modified_time":"2025-11-13T10:43:38+00:00","og_image":[{"width":1025,"height":450,"url":"https:\/\/uelzener.de\/magazin\/app\/uploads\/2023\/05\/katze-klettert-baumstamm.jpg","type":"image\/jpeg"}],"twitter_card":"summary_large_image","twitter_misc":{"Gesch\u00e4tzte Lesezeit":"9\u00a0Minuten"},"schema":{"@context":"https:\/\/schema.org","@graph":[{"@type":"WebPage","@id":"https:\/\/uelzener.de\/magazin\/katze\/haeufige-fragen\/katze-im-baum-tipps-zur-rettung\/","url":"https:\/\/uelzener.de\/magazin\/katze\/haeufige-fragen\/katze-im-baum-tipps-zur-rettung\/","name":"Katze im Baum? Tipps zur Rettung waghalsiger Vierbeiner | Uelzener Magazin","isPartOf":{"@id":"https:\/\/uelzener.de\/magazin\/#website"},"primaryImageOfPage":{"@id":"https:\/\/uelzener.de\/magazin\/katze\/haeufige-fragen\/katze-im-baum-tipps-zur-rettung\/#primaryimage"},"image":{"@id":"https:\/\/uelzener.de\/magazin\/katze\/haeufige-fragen\/katze-im-baum-tipps-zur-rettung\/#primaryimage"},"thumbnailUrl":"https:\/\/uelzener.de\/magazin\/app\/uploads\/2023\/05\/katze-klettert-baumstamm.jpg","datePublished":"2023-05-04T11:09:27+00:00","dateModified":"2025-11-13T10:43:38+00:00","description":"Katzen klettern von Natur aus gern. Nur beim Abstieg hapert es manchmal \u2013 was also tun? Wichtig zu wissen: Die 1. Ma\u00dfnahme sollte nicht sein, die Feuerwehr zu rufen.","breadcrumb":{"@id":"https:\/\/uelzener.de\/magazin\/katze\/haeufige-fragen\/katze-im-baum-tipps-zur-rettung\/#breadcrumb"},"inLanguage":"de","potentialAction":[{"@type":"ReadAction","target":["https:\/\/uelzener.de\/magazin\/katze\/haeufige-fragen\/katze-im-baum-tipps-zur-rettung\/"]}]},{"@type":"ImageObject","inLanguage":"de","@id":"https:\/\/uelzener.de\/magazin\/katze\/haeufige-fragen\/katze-im-baum-tipps-zur-rettung\/#primaryimage","url":"https:\/\/uelzener.de\/magazin\/app\/uploads\/2023\/05\/katze-klettert-baumstamm.jpg","contentUrl":"https:\/\/uelzener.de\/magazin\/app\/uploads\/2023\/05\/katze-klettert-baumstamm.jpg","width":1025,"height":450,"caption":"Katze klettert Baumstamm hoch."},{"@type":"WebSite","@id":"https:\/\/uelzener.de\/magazin\/#website","url":"https:\/\/uelzener.de\/magazin\/","name":"Uelzener Tiermagazin","description":"Online Tierratgeber der Uelzener Versicherungen","publisher":{"@id":"https:\/\/uelzener.de\/magazin\/#organization"},"potentialAction":[{"@type":"SearchAction","target":{"@type":"EntryPoint","urlTemplate":"https:\/\/uelzener.de\/magazin\/?s={search_term_string}"},"query-input":{"@type":"PropertyValueSpecification","valueRequired":true,"valueName":"search_term_string"}}],"inLanguage":"de"},{"@type":"Organization","@id":"https:\/\/uelzener.de\/magazin\/#organization","name":"Uelzener Versicherungen","url":"https:\/\/uelzener.de\/magazin\/","logo":{"@type":"ImageObject","inLanguage":"de","@id":"https:\/\/uelzener.de\/magazin\/#\/schema\/logo\/image\/","url":"https:\/\/uelzener.de\/magazin\/app\/uploads\/2024\/11\/uelzener_allgemeine_versicherungsgesellschaft_a_g_logo.jpg","contentUrl":"https:\/\/uelzener.de\/magazin\/app\/uploads\/2024\/11\/uelzener_allgemeine_versicherungsgesellschaft_a_g_logo.jpg","width":200,"height":200,"caption":"Uelzener Versicherungen"},"image":{"@id":"https:\/\/uelzener.de\/magazin\/#\/schema\/logo\/image\/"},"sameAs":["https:\/\/www.facebook.com\/Uelzener","https:\/\/instagram.com\/uelzener","https:\/\/www.xing.com\/pages\/uelzenerallgemeineversicherungs-gesellschafta-g","https:\/\/www.youtube.com\/UelzenerVersicherungen"]}]}},"_links":{"self":[{"href":"https:\/\/uelzener.de\/magazin\/wp-json\/wp\/v2\/pages\/15538","targetHints":{"allow":["GET"]}}],"collection":[{"href":"https:\/\/uelzener.de\/magazin\/wp-json\/wp\/v2\/pages"}],"about":[{"href":"https:\/\/uelzener.de\/magazin\/wp-json\/wp\/v2\/types\/page"}],"author":[{"embeddable":true,"href":"https:\/\/uelzener.de\/magazin\/wp-json\/wp\/v2\/users\/11"}],"replies":[{"embeddable":true,"href":"https:\/\/uelzener.de\/magazin\/wp-json\/wp\/v2\/comments?post=15538"}],"version-history":[{"count":8,"href":"https:\/\/uelzener.de\/magazin\/wp-json\/wp\/v2\/pages\/15538\/revisions"}],"predecessor-version":[{"id":19479,"href":"https:\/\/uelzener.de\/magazin\/wp-json\/wp\/v2\/pages\/15538\/revisions\/19479"}],"up":[{"embeddable":true,"href":"https:\/\/uelzener.de\/magazin\/wp-json\/wp\/v2\/pages\/11691"}],"wp:featuredmedia":[{"embeddable":true,"href":"https:\/\/uelzener.de\/magazin\/wp-json\/wp\/v2\/media\/15541"}],"wp:attachment":[{"href":"https:\/\/uelzener.de\/magazin\/wp-json\/wp\/v2\/media?parent=15538"}],"curies":[{"name":"wp","href":"https:\/\/api.w.org\/{rel}","templated":true}]}}