{"id":15533,"date":"2023-05-04T12:44:30","date_gmt":"2023-05-04T10:44:30","guid":{"rendered":"https:\/\/uelzener.de\/magazin\/?page_id=15533"},"modified":"2025-11-13T11:48:47","modified_gmt":"2025-11-13T10:48:47","slug":"das-pferd-von-pippi-langstrumpf-20-spannende-fakten","status":"publish","type":"page","link":"https:\/\/uelzener.de\/magazin\/pferd\/haeufige-fragen\/das-pferd-von-pippi-langstrumpf-20-spannende-fakten\/","title":{"rendered":"Das Pferd von Pippi Langstrumpf: 20 spannende Fakten"},"content":{"rendered":"<p><span style=\"font-weight: 400;\">Pippi Langstrumpf und ihre tierischen Mitbewohner begeistern seit mehr als 75 Jahren Kinder wie Erwachsene auf der ganzen Welt. Als der erste Roman \u00fcber den Rotschopf mit den abstehenden Z\u00f6pfen und lustigen Sommersprossen im Jahr 1945 auf Schwedisch erschienen ist, hat Autorin Astrid Lindgren gewiss nicht zu tr\u00e4umen gewagt, wie popul\u00e4r die Abenteuer der Kinderheldin eines Tages sein w\u00fcrden. Lindgrens B\u00fccher wurden in \u00fcber 77 Sprachen \u00fcbersetzt \u2013 und wer die mutige Protagonistin bereits in sein Herz geschlossen hat, der kennt auch ihre tierischen Freunde: Meerkatze Herr Nilsson und das gepunktete Pferd. Um eben dieses Pferd soll es heute gehen: Wir haben die 20 interessantesten Fakten zum Pferd von Pippi Langstrumpf f\u00fcr dich zusammengefasst.\u00a0<\/span><\/p>\n<h2>Romanheld auf Hufen: Wissenswertes zu Pippi Langstrumpfs Pferd in den B\u00fcchern<\/h2>\n<ul>\n<li style=\"font-weight: 400;\" aria-level=\"1\"><b>Das Pferd ohne Namen\u00a0<\/b><\/li>\n<\/ul>\n<p><span style=\"font-weight: 400;\">Pippi Langstrumpf liebt ihr Pferd abg\u00f6ttisch, einen Namen hat sie ihm aber anscheinend dennoch nicht verliehen. Zumindest in den B\u00fcchern ist allgemein nur vom Pferd die Rede.\u00a0<\/span><\/p>\n<ul>\n<li aria-level=\"1\"><b>Der wohl ber\u00fchmteste Knabstrupper der Welt\u00a0<\/b><\/li>\n<\/ul>\n<p><span style=\"font-weight: 400;\">Das Pferd von Pippi Langstrumpf ist im Roman ein <\/span><a href=\"https:\/\/uelzener.de\/magazin\/pferd\/rasseportrait\/knabstrupper\/\"><span style=\"font-weight: 400;\">Knabstrupper<\/span><\/a><span style=\"font-weight: 400;\">. Die Tiere mit dem auff\u00e4llig gemusterten Fell gelten als umg\u00e4nglich, nervenstark und \u00e4u\u00dferst intelligent. Wenn dir Pippi Langstrumpf und ihr Pferd vor allem aus dem Fernsehen bekannt sind, ist dir sicher schon das helle Fell mit den au\u00dfergew\u00f6hnlichen Flecken aufgefallen.\u00a0\u00a0<\/span><\/p>\n<ul>\n<li aria-level=\"1\"><b>Die beste Investition in Pippis Leben<\/b><\/li>\n<\/ul>\n<p><span style=\"font-weight: 400;\">Ein Goldst\u00fcck macht ein Pferd: Als Pippi eines Tages das Schiff ihres Vaters verl\u00e4sst und sich auf den Weg in die Villa Kunterbunt macht, tr\u00e4gt sie neben dem kleinen Affen einen gro\u00dfen Koffer voller Goldst\u00fccke bei sich. Eines dieser Goldst\u00fccke investiert sie noch am selben Tag in ihr Pferd, mit dem sie fortan die verr\u00fccktesten Abenteuer erlebt.\u00a0<\/span><\/p>\n<ul>\n<li aria-level=\"1\"><b>Wohnhaft auf einer Veranda<\/b><\/li>\n<\/ul>\n<p><span style=\"font-weight: 400;\">Pippis Pferd hat keinen Stall und wohnt stattdessen auf der Veranda der Villa Kunterbunt. Die Idee dazu kommt nicht von ungef\u00e4hr: \u201ePippi Langstrumpf\u201c-Sch\u00f6pferin Astrid Lindgren hat sich die ungew\u00f6hnliche Pferdebehausung von Nachbarn in der N\u00e4he des Sommerhauses der Familie abgeschaut.<\/span><\/p>\n<ul>\n<li aria-level=\"1\"><b>Mitglied der au\u00dfergew\u00f6hnlichsten WG der Literaturgeschichte<\/b><\/li>\n<\/ul>\n<p><span style=\"font-weight: 400;\">Seinen Alltag verbringt Pippi Langstrumpfs Pferd mit zwei lustigen Mitbewohnern: Zum einen w\u00e4re da die Meerkatze Herr Nilsson, zum anderen nat\u00fcrlich Pippi. Langweilig wird dem Pferd in dieser illustren Gesellschaft gewiss nicht.\u00a0<\/span><\/p>\n<ul>\n<li aria-level=\"1\"><b>Ein Pferd mit guten Tischmanieren<\/b><\/li>\n<\/ul>\n<p><span style=\"font-weight: 400;\">Der <\/span><a href=\"https:\/\/uelzener.de\/magazin\/pferd\/tiergesundheit\/verdauung-pferd\/\"><span style=\"font-weight: 400;\">Verdauungstrakt von Pferden<\/span><\/a><span style=\"font-weight: 400;\"> ist sehr empfindlich. Im Idealfall wird der Magen regelm\u00e4\u00dfig mit kleinen Nahrungsmengen gef\u00fcllt. Das war offenbar auch Autorin Astrid Lindgren bewusst: In den B\u00fcchern folgt Pippis gehufter Freund stets seinem Appetit und schlabbert gen\u00fcsslich Hafer aus einer Suppensch\u00fcssel oder M\u00f6hren aus einer Schale in der K\u00fcche.\u00a0<\/span><\/p>\n<ul>\n<li aria-level=\"1\"><b>Auf H\u00e4nden getragen<\/b><\/li>\n<\/ul>\n<p><span style=\"font-weight: 400;\">Wer mit dem st\u00e4rksten M\u00e4dchen der Welt unter einem Dach lebt, der muss sich auf einiges gefasst machen. Pippi kann alles und jeden hochheben. So kommt es, dass Pippi auch ihr Pferd buchst\u00e4blich auf H\u00e4nden tr\u00e4gt, und zwar m\u00fchelos. Erst recht, wenn das Pferd auf der Veranda steht, auf der Pippi ihren Nachmittagskaffee schl\u00fcrfen m\u00f6chte. Dann wird ihr tierischer Freund kurzerhand von der Veranda in den Garten gehoben.\u00a0\u00a0<\/span><\/p>\n<h2>Kuriose Fakten zum Filmpferd von Pippi Langstrumpf<\/h2>\n<p><span style=\"font-weight: 400;\">Unter Regie von Olle Hellbom kam Pippi Langstrumpf ab dem Jahr 1969 auf die R\u00f6hrenfernseher und gro\u00dfen Leinw\u00e4nde. Genau wie die B\u00fccher zogen die Filme und die deutsch-schwedische Kinderserie mit Schauspielerin Inger Nilsson Millionen Kinder und Erwachsene in ihren Bann. Wir verraten dir die kuriosesten Fakten zum Film-Pferd von Pippi.<\/span><\/p>\n<ul>\n<li aria-level=\"1\"><b>Das Pferd erh\u00e4lt einen Namen<\/b><\/li>\n<\/ul>\n<p><span style=\"font-weight: 400;\">In den Verfilmungen von Olle Hellbom wird das namenlose Pferd zu Kleiner Onkel. Den Spitznamen bekam das Pferd spontan w\u00e4hrend der Dreharbeiten \u2013 und zwar von Inger Nilsson, die Pippi Langstrumpf spielte. Im Schwedischen wurde das Pferd <\/span><i><span style=\"font-weight: 400;\">lilla gubben<\/span><\/i><span style=\"font-weight: 400;\"> genannt, was so viel wie <\/span><i><span style=\"font-weight: 400;\">kleiner Kerl<\/span><\/i><span style=\"font-weight: 400;\"> bedeutet.\u00a0<\/span><\/p>\n<ul>\n<li style=\"font-weight: 400;\" aria-level=\"1\"><b>Kleiner Onkel alias Bunting<\/b><\/li>\n<\/ul>\n<p><span style=\"font-weight: 400;\">Das unter der Regie von Olle Hellbom zum Einsatz kommende Pferd hie\u00df in Wirklichkeit Bunting. Es stammte vom schwedischen Reiterhof Solna und geh\u00f6rte Rudolf \u00d6dberg. Aus seinem Besitz kam \u00fcbrigens auch das Pferd, das Lukas in den \u201eMichel aus L\u00f6nneberga\u201c-Filmen spielte.\u00a0<\/span><\/p>\n<ul>\n<li style=\"font-weight: 400;\" aria-level=\"1\"><b>\u201eNur\u201c ein Schimmel mit aufgespr\u00fchten Punkten<\/b><\/li>\n<\/ul>\n<p><span style=\"font-weight: 400;\">Bunting war aber kein Knabstrupper, sondern ein Schimmel ohne die markante Fellmusterung. Die Filmemacher mussten daher ein wenig in die Trickkiste greifen. Die Punkte wurden vor den Dreharbeiten mit einem Haarf\u00e4rbemittel aufgespr\u00fcht. Wellpappe mit unterschiedlich gro\u00dfen L\u00f6chern diente als Schablone. Die Flecken wurden ganz behutsam und so leise wie m\u00f6glich aufgespr\u00fcht, da Bunting alias Kleiner Onkel das Ger\u00e4usch nicht mochte. Schon war der \u201eKnabstrupper\u201c herausgeputzt f\u00fcr die Dreharbeiten.<\/span><\/p>\n<ul>\n<li aria-level=\"1\"><b>Ausschimmeln<\/b><\/li>\n<\/ul>\n<p><span style=\"font-weight: 400;\">Seine Karriere als Pippis Pferd begann der Wallach im Alter von f\u00fcnf Jahren. Viel fr\u00fcher w\u00e4re das wom\u00f6glich auch gar nicht m\u00f6glich gewesen, denn die helle Fellfarbe kommt bei vielen Schimmeln erst im Laufe des Lebens zum Vorschein; den Vorgang nennt man \u201eAusschimmeln\u201c. So gehen mit der Zeit immer mehr Farbpigmente verloren und das Fell wechselt ins Wei\u00dfe. Zumindest gilt das f\u00fcr Schimmel im engeren Sinne, die Tr\u00e4ger des sogenannten Grey-Gens sind.<\/span><\/p>\n<ul>\n<li aria-level=\"1\"><b>Sanftm\u00fctiger, freundlicher Wallach<\/b><\/li>\n<\/ul>\n<p><span style=\"font-weight: 400;\">Filmpferd Bunting war am Set f\u00fcr jeden Spa\u00df zu haben und bewies jede Menge Geduld. In der TV-Serie oder den Filmen l\u00e4sst sich das Pferd von Pippi Langstrumpf beziehungsweise P\u00e4r Sundberg (spielte Annikas Bruder Tommy), der einige Stunts f\u00fcr die Pippi-Darstellerin \u00fcbernahm, freih\u00e4ndig reiten und stolziert unbeeindruckt ins Innere der recht beengten Villa Kunterbunt.\u00a0<\/span><\/p>\n<ul>\n<li aria-level=\"1\"><b>Zuckerst\u00fccke als Lockmittel\u00a0<\/b><\/li>\n<\/ul>\n<p><span style=\"font-weight: 400;\">Bei den Dreharbeiten haben die Filmemacher zu Zuckerst\u00fccken als Lockmittel gegriffen, um Pippis Pferd zur Kooperation zu bewegen. Oft lie\u00df sich Kleiner Onkel nur auf diese Weise an die Orte locken, an denen er f\u00fcr den Dreh gerade ben\u00f6tigt wurde.\u00a0<\/span><\/p>\n<ul>\n<li aria-level=\"1\"><b>Beruhigungsmittel am Set bekommen<\/b><\/li>\n<\/ul>\n<p><span style=\"font-weight: 400;\">In den \u201ePippi Langstrumpf\u201c-Filmen macht das Pferd einen sehr ruhigen und braven Eindruck. Laut Schauspieler P\u00e4r Sundberg sind der Grund daf\u00fcr Beruhigungsmittel, die ihm verabreicht wurden.\u00a0\u00a0<\/span><\/p>\n<ul>\n<li style=\"font-weight: 400;\" aria-level=\"1\"><b>Oft auf Reisen\u00a0<\/b><\/li>\n<\/ul>\n<p><span style=\"font-weight: 400;\">Pippis Abenteuer wurden an unterschiedlichen Drehorten gefilmt. Nicht nur die Schauspielerinnen und Schauspieler mussten reisen, sondern auch die Tiere, Pippi Langstrumpfs Pferd eingeschlossen.<\/span><\/p>\n<ul>\n<li aria-level=\"1\"><b>Bei Werbeauftritten mittendrin statt nur dabei<\/b><\/li>\n<\/ul>\n<p><span style=\"font-weight: 400;\">Die Kinder, die Pippi, Annika und Tommy spielten, mussten flei\u00dfig die Werbetrommel f\u00fcr die Pippi-Produktionen r\u00fchren, ebenso gefragt war das aus dem Fernsehen bekannte Pferd. So kam es, dass Kleiner Onkel mit dem Trio auf dem Sattel durch die Stra\u00dfen oder durch Kaufh\u00e4user spazierte \u2013 zur Begeisterung der vielen Fans.<\/span><\/p>\n<ul>\n<li aria-level=\"1\"><b>Ruhiger Lebensabend<\/b><\/li>\n<\/ul>\n<p><span style=\"font-weight: 400;\">Als Bunting nach den Dreharbeiten zum Reiterhof Solna zur\u00fcckkehrte, konnte er nicht mehr als Reitschulpferd eingesetzt werden. Grund daf\u00fcr war sein ver\u00e4ndertes Verhalten. Er war nicht mehr so brav wie zu seiner Anfangszeit. Seinen Lebensabend verbrachte er in einem Stall im schwedischen Vallentuna.\u00a0<\/span><\/p>\n<ul>\n<li aria-level=\"1\"><b>F\u00fcr immer an Pippis Seite<\/b><\/li>\n<\/ul>\n<p><span style=\"font-weight: 400;\">Das ber\u00fchmte Filmpferd von Pippi ist im Alter von etwa 24 oder 25 Jahren gestorben. Dank der Verfilmungen bleibt Bunting aber f\u00fcr immer unvergessen.\u00a0<\/span><\/p>\n<ul>\n<li aria-level=\"1\"><b>Kleiner Onkel eroberte Inger Nilssons Herz<\/b><\/li>\n<\/ul>\n<p><span style=\"font-weight: 400;\">Inger Nilsson, die Schauspielerin, die Pippi Langstrumpf verk\u00f6rperte, kaufte sich von ihrem Schauspielhonorar zwei Pferde. Sie nannte sie Maestoso und Tjejen.\u00a0<\/span><\/p>\n<ul>\n<li aria-level=\"1\"><b>Unvergessene Kultfigur<\/b><\/li>\n<\/ul>\n<p><span style=\"font-weight: 400;\">Ob als Spielfigur oder Pl\u00fcschtier, als Aufdruck auf T-Shirts und Tassen oder gleich als Steckenpferd \u2013 Kleiner Onkel ist eine echte Kultfigur und steht Pippi in Sachen Ber\u00fchmtheit fast in nichts nach.<\/span><\/p>\n<h2>Fazit<\/h2>\n<p><span style=\"font-weight: 400;\">Das Pferd von Pippi Langstrumpf war ein wichtiger Teil der B\u00fccher und Filme und eroberte die Herzen der kleinen und gro\u00dfen Pippi-Fans im Sturm \u2013 nicht nur wegen seines lustig gepunkteten Fells, sondern auch wegen seines geduldigen, freundlichen Wesens. Auch wenn fraglich ist, wie tierfreundlich und artgerecht die Einbindung von Tieren an Film- und Fernsehsets ist, so ist doch unbestritten, dass Pippi Langstrumpf mit ihrem Pferd, ihrem \u00c4ffchen und ihren Freunden bis heute kaum etwas von ihrer Faszination eingeb\u00fc\u00dft hat sowie ein ganz eigenes Bild des <a href=\"https:\/\/uelzener.de\/magazin\/pferd\/haeufige-fragen\/pferdemaedchen-klischees-vorurteile-und-halbwahrheiten\/\">Pferdem\u00e4dchens<\/a> pr\u00e4gte.<\/span><\/p>\n<h2>FAQ: H\u00e4ufig gestellte Fragen zum Pferd von Pippi Langstrumpf<\/h2>\n<h3>Was f\u00fcr ein Pferd ist Kleiner Onkel?<\/h3>\n<p><span style=\"font-weight: 400;\">Den Romanen zufolge handelt es sich bei dem Pferd von Pippi Langstrumpf um einen Knabstrupper. In den Verfilmungen von Olle Hellbom kam ein Schimmel mit aufgespr\u00fchten schwarzen Flecken zum Einsatz.<\/span><\/p>\n<h3>Gibt es noch weitere ber\u00fchmte Pferde?<\/h3>\n<p><span style=\"font-weight: 400;\">Neben dem Pferd von Pippi Langstrumpf gibt es noch eine Reihe weiterer Ber\u00fchmtheiten aus der Filme- und Fernsehwelt, zum Beispiel Fury, Black Beauty oder Jolly Jumper, das Pferd von Lucky Luke. Weitere <a href=\"https:\/\/uelzener.de\/magazin\/hund\/haeufige-fragen\/tierische-filmhelden\/\">tierische Filmhelden<\/a> findest du hier.<\/span><\/p>\n<h3>War Kleiner Onkel ein geeignetes Pferd f\u00fcr eine Filmproduktion?<\/h3>\n<p><span style=\"font-weight: 400;\">Immer, wenn Tiere involviert sind, stehen Filmschaffende vor gro\u00dfen Herausforderungen. Filmpferde werden f\u00fcr ihre Eins\u00e4tze trainiert und vorbereitet. Bunting, der Pippi Langstrumpfs Pferd Kleiner Onkel verk\u00f6rperte, galt am Filmset als kinderlieb, sanftm\u00fctig und ruhig. Filmpferde m\u00fcssen starke Nerven beweisen und gut mit neuen Situationen zurechtkommen. Nicht jedes Pferd ist bei Filmproduktionen einsetzbar. M\u00f6chte man sein Pferd f\u00fcr Dreharbeiten zur Verf\u00fcgung stellen, ist ein <\/span><a href=\"https:\/\/uelzener.de\/pferd\/\"><span style=\"font-weight: 400;\">Rundumschutz f\u00fcr Tier und Reiter<\/span><\/a><span style=\"font-weight: 400;\"> zu empfehlen.\u00a0<\/span><\/p>\n","protected":false},"excerpt":{"rendered":"<p>Pippi Langstrumpf und ihre tierischen Mitbewohner begeistern seit mehr als 75 Jahren Kinder wie Erwachsene auf der ganzen Welt. Als der erste Roman \u00fcber den Rotschopf mit den abstehenden Z\u00f6pfen und lustigen Sommersprossen im Jahr 1945 auf Schwedisch erschienen ist, hat Autorin Astrid Lindgren gewiss nicht zu tr\u00e4umen gewagt, wie popul\u00e4r die Abenteuer der Kinderheldin [&hellip;]<\/p>\n","protected":false},"author":11,"featured_media":15536,"parent":11685,"menu_order":16,"comment_status":"closed","ping_status":"closed","template":"templates\/blog.php","meta":{"_acf_changed":false,"_crdt_document":"","footnotes":"","beyondwords_generate_audio":"","beyondwords_project_id":"","beyondwords_content_id":"","beyondwords_preview_token":"","beyondwords_player_style":"","beyondwords_language_id":"","beyondwords_title_voice_id":"","beyondwords_body_voice_id":"","beyondwords_summary_voice_id":"","beyondwords_error_message":"","beyondwords_disabled":"","beyondwords_delete_content":"","beyondwords_podcast_id":"","beyondwords_hash":"","publish_post_to_speechkit":"","speechkit_hash":"","speechkit_generate_audio":"","speechkit_project_id":"","speechkit_podcast_id":"","speechkit_error_message":"","speechkit_disabled":"","speechkit_access_key":"","speechkit_error":"","speechkit_info":"","speechkit_response":"","speechkit_retries":"","speechkit_status":"","speechkit_updated_at":"","_speechkit_link":"","_speechkit_text":""},"class_list":["post-15533","page","type-page","status-publish","has-post-thumbnail","hentry"],"acf":[],"yoast_head":"<!-- This site is optimized with the Yoast SEO Premium plugin  - https:\/\/yoast.com\/product\/yoast-seo-premium-wordpress\/ -->\n<title>Das Pferd von Pippi Langstrumpf: 20 spannende Fakten | Uelzener Magazin<\/title>\n<meta name=\"description\" content=\"Pippi Langstrumpf und das gepunktete Pferd begeistern seit mehr als 75 Jahren Kinder wie Erwachsene auf der ganzen Welt. Hier die 20 interessantesten Fakten zum Pferd f\u00fcr dich zusammengefasst!\" \/>\n<meta name=\"robots\" content=\"index, follow, max-snippet:-1, max-image-preview:large, max-video-preview:-1\" \/>\n<link rel=\"canonical\" href=\"https:\/\/uelzener.de\/magazin\/pferd\/haeufige-fragen\/das-pferd-von-pippi-langstrumpf-20-spannende-fakten\/\" \/>\n<meta property=\"og:locale\" content=\"de_DE\" \/>\n<meta property=\"og:type\" content=\"article\" \/>\n<meta property=\"og:title\" content=\"Das Pferd von Pippi Langstrumpf: 20 spannende Fakten\" \/>\n<meta property=\"og:description\" content=\"Pippi Langstrumpf und das gepunktete Pferd begeistern seit mehr als 75 Jahren Kinder wie Erwachsene auf der ganzen Welt. Hier die 20 interessantesten Fakten zum Pferd f\u00fcr dich zusammengefasst!\" \/>\n<meta property=\"og:url\" content=\"https:\/\/uelzener.de\/magazin\/pferd\/haeufige-fragen\/das-pferd-von-pippi-langstrumpf-20-spannende-fakten\/\" \/>\n<meta property=\"og:site_name\" content=\"Uelzener Tier-Magazin\" \/>\n<meta property=\"article:publisher\" content=\"https:\/\/www.facebook.com\/Uelzener\" \/>\n<meta property=\"article:modified_time\" content=\"2025-11-13T10:48:47+00:00\" \/>\n<meta property=\"og:image\" content=\"https:\/\/uelzener.de\/magazin\/app\/uploads\/2023\/05\/pippi-langstrumpf-briefmarke.jpg\" \/>\n\t<meta property=\"og:image:width\" content=\"1025\" \/>\n\t<meta property=\"og:image:height\" content=\"450\" \/>\n\t<meta property=\"og:image:type\" content=\"image\/jpeg\" \/>\n<meta name=\"twitter:card\" content=\"summary_large_image\" \/>\n<meta name=\"twitter:label1\" content=\"Gesch\u00e4tzte Lesezeit\" \/>\n\t<meta name=\"twitter:data1\" content=\"8\u00a0Minuten\" \/>\n<script type=\"application\/ld+json\" class=\"yoast-schema-graph\">{\"@context\":\"https:\/\/schema.org\",\"@graph\":[{\"@type\":\"WebPage\",\"@id\":\"https:\/\/uelzener.de\/magazin\/pferd\/haeufige-fragen\/das-pferd-von-pippi-langstrumpf-20-spannende-fakten\/\",\"url\":\"https:\/\/uelzener.de\/magazin\/pferd\/haeufige-fragen\/das-pferd-von-pippi-langstrumpf-20-spannende-fakten\/\",\"name\":\"Das Pferd von Pippi Langstrumpf: 20 spannende Fakten | Uelzener Magazin\",\"isPartOf\":{\"@id\":\"https:\/\/uelzener.de\/magazin\/#website\"},\"primaryImageOfPage\":{\"@id\":\"https:\/\/uelzener.de\/magazin\/pferd\/haeufige-fragen\/das-pferd-von-pippi-langstrumpf-20-spannende-fakten\/#primaryimage\"},\"image\":{\"@id\":\"https:\/\/uelzener.de\/magazin\/pferd\/haeufige-fragen\/das-pferd-von-pippi-langstrumpf-20-spannende-fakten\/#primaryimage\"},\"thumbnailUrl\":\"https:\/\/uelzener.de\/magazin\/app\/uploads\/2023\/05\/pippi-langstrumpf-briefmarke.jpg\",\"datePublished\":\"2023-05-04T10:44:30+00:00\",\"dateModified\":\"2025-11-13T10:48:47+00:00\",\"description\":\"Pippi Langstrumpf und das gepunktete Pferd begeistern seit mehr als 75 Jahren Kinder wie Erwachsene auf der ganzen Welt. Hier die 20 interessantesten Fakten zum Pferd f\u00fcr dich zusammengefasst!\",\"breadcrumb\":{\"@id\":\"https:\/\/uelzener.de\/magazin\/pferd\/haeufige-fragen\/das-pferd-von-pippi-langstrumpf-20-spannende-fakten\/#breadcrumb\"},\"inLanguage\":\"de\",\"potentialAction\":[{\"@type\":\"ReadAction\",\"target\":[\"https:\/\/uelzener.de\/magazin\/pferd\/haeufige-fragen\/das-pferd-von-pippi-langstrumpf-20-spannende-fakten\/\"]}]},{\"@type\":\"ImageObject\",\"inLanguage\":\"de\",\"@id\":\"https:\/\/uelzener.de\/magazin\/pferd\/haeufige-fragen\/das-pferd-von-pippi-langstrumpf-20-spannende-fakten\/#primaryimage\",\"url\":\"https:\/\/uelzener.de\/magazin\/app\/uploads\/2023\/05\/pippi-langstrumpf-briefmarke.jpg\",\"contentUrl\":\"https:\/\/uelzener.de\/magazin\/app\/uploads\/2023\/05\/pippi-langstrumpf-briefmarke.jpg\",\"width\":1025,\"height\":450,\"caption\":\"Briefmarke zeigt Pippi Langstrumpf und das Pferd Kleiner Onkel als Zeichnung.\"},{\"@type\":\"WebSite\",\"@id\":\"https:\/\/uelzener.de\/magazin\/#website\",\"url\":\"https:\/\/uelzener.de\/magazin\/\",\"name\":\"Uelzener Tiermagazin\",\"description\":\"Online Tierratgeber der Uelzener Versicherungen\",\"publisher\":{\"@id\":\"https:\/\/uelzener.de\/magazin\/#organization\"},\"potentialAction\":[{\"@type\":\"SearchAction\",\"target\":{\"@type\":\"EntryPoint\",\"urlTemplate\":\"https:\/\/uelzener.de\/magazin\/?s={search_term_string}\"},\"query-input\":{\"@type\":\"PropertyValueSpecification\",\"valueRequired\":true,\"valueName\":\"search_term_string\"}}],\"inLanguage\":\"de\"},{\"@type\":\"Organization\",\"@id\":\"https:\/\/uelzener.de\/magazin\/#organization\",\"name\":\"Uelzener Versicherungen\",\"url\":\"https:\/\/uelzener.de\/magazin\/\",\"logo\":{\"@type\":\"ImageObject\",\"inLanguage\":\"de\",\"@id\":\"https:\/\/uelzener.de\/magazin\/#\/schema\/logo\/image\/\",\"url\":\"https:\/\/uelzener.de\/magazin\/app\/uploads\/2024\/11\/uelzener_allgemeine_versicherungsgesellschaft_a_g_logo.jpg\",\"contentUrl\":\"https:\/\/uelzener.de\/magazin\/app\/uploads\/2024\/11\/uelzener_allgemeine_versicherungsgesellschaft_a_g_logo.jpg\",\"width\":200,\"height\":200,\"caption\":\"Uelzener Versicherungen\"},\"image\":{\"@id\":\"https:\/\/uelzener.de\/magazin\/#\/schema\/logo\/image\/\"},\"sameAs\":[\"https:\/\/www.facebook.com\/Uelzener\",\"https:\/\/instagram.com\/uelzener\",\"https:\/\/www.xing.com\/pages\/uelzenerallgemeineversicherungs-gesellschafta-g\",\"https:\/\/www.youtube.com\/UelzenerVersicherungen\"]}]}<\/script>\n<!-- \/ Yoast SEO Premium plugin. -->","yoast_head_json":{"title":"Das Pferd von Pippi Langstrumpf: 20 spannende Fakten | Uelzener Magazin","description":"Pippi Langstrumpf und das gepunktete Pferd begeistern seit mehr als 75 Jahren Kinder wie Erwachsene auf der ganzen Welt. Hier die 20 interessantesten Fakten zum Pferd f\u00fcr dich zusammengefasst!","robots":{"index":"index","follow":"follow","max-snippet":"max-snippet:-1","max-image-preview":"max-image-preview:large","max-video-preview":"max-video-preview:-1"},"canonical":"https:\/\/uelzener.de\/magazin\/pferd\/haeufige-fragen\/das-pferd-von-pippi-langstrumpf-20-spannende-fakten\/","og_locale":"de_DE","og_type":"article","og_title":"Das Pferd von Pippi Langstrumpf: 20 spannende Fakten","og_description":"Pippi Langstrumpf und das gepunktete Pferd begeistern seit mehr als 75 Jahren Kinder wie Erwachsene auf der ganzen Welt. Hier die 20 interessantesten Fakten zum Pferd f\u00fcr dich zusammengefasst!","og_url":"https:\/\/uelzener.de\/magazin\/pferd\/haeufige-fragen\/das-pferd-von-pippi-langstrumpf-20-spannende-fakten\/","og_site_name":"Uelzener Tier-Magazin","article_publisher":"https:\/\/www.facebook.com\/Uelzener","article_modified_time":"2025-11-13T10:48:47+00:00","og_image":[{"width":1025,"height":450,"url":"https:\/\/uelzener.de\/magazin\/app\/uploads\/2023\/05\/pippi-langstrumpf-briefmarke.jpg","type":"image\/jpeg"}],"twitter_card":"summary_large_image","twitter_misc":{"Gesch\u00e4tzte Lesezeit":"8\u00a0Minuten"},"schema":{"@context":"https:\/\/schema.org","@graph":[{"@type":"WebPage","@id":"https:\/\/uelzener.de\/magazin\/pferd\/haeufige-fragen\/das-pferd-von-pippi-langstrumpf-20-spannende-fakten\/","url":"https:\/\/uelzener.de\/magazin\/pferd\/haeufige-fragen\/das-pferd-von-pippi-langstrumpf-20-spannende-fakten\/","name":"Das Pferd von Pippi Langstrumpf: 20 spannende Fakten | Uelzener Magazin","isPartOf":{"@id":"https:\/\/uelzener.de\/magazin\/#website"},"primaryImageOfPage":{"@id":"https:\/\/uelzener.de\/magazin\/pferd\/haeufige-fragen\/das-pferd-von-pippi-langstrumpf-20-spannende-fakten\/#primaryimage"},"image":{"@id":"https:\/\/uelzener.de\/magazin\/pferd\/haeufige-fragen\/das-pferd-von-pippi-langstrumpf-20-spannende-fakten\/#primaryimage"},"thumbnailUrl":"https:\/\/uelzener.de\/magazin\/app\/uploads\/2023\/05\/pippi-langstrumpf-briefmarke.jpg","datePublished":"2023-05-04T10:44:30+00:00","dateModified":"2025-11-13T10:48:47+00:00","description":"Pippi Langstrumpf und das gepunktete Pferd begeistern seit mehr als 75 Jahren Kinder wie Erwachsene auf der ganzen Welt. Hier die 20 interessantesten Fakten zum Pferd f\u00fcr dich zusammengefasst!","breadcrumb":{"@id":"https:\/\/uelzener.de\/magazin\/pferd\/haeufige-fragen\/das-pferd-von-pippi-langstrumpf-20-spannende-fakten\/#breadcrumb"},"inLanguage":"de","potentialAction":[{"@type":"ReadAction","target":["https:\/\/uelzener.de\/magazin\/pferd\/haeufige-fragen\/das-pferd-von-pippi-langstrumpf-20-spannende-fakten\/"]}]},{"@type":"ImageObject","inLanguage":"de","@id":"https:\/\/uelzener.de\/magazin\/pferd\/haeufige-fragen\/das-pferd-von-pippi-langstrumpf-20-spannende-fakten\/#primaryimage","url":"https:\/\/uelzener.de\/magazin\/app\/uploads\/2023\/05\/pippi-langstrumpf-briefmarke.jpg","contentUrl":"https:\/\/uelzener.de\/magazin\/app\/uploads\/2023\/05\/pippi-langstrumpf-briefmarke.jpg","width":1025,"height":450,"caption":"Briefmarke zeigt Pippi Langstrumpf und das Pferd Kleiner Onkel als Zeichnung."},{"@type":"WebSite","@id":"https:\/\/uelzener.de\/magazin\/#website","url":"https:\/\/uelzener.de\/magazin\/","name":"Uelzener Tiermagazin","description":"Online Tierratgeber der Uelzener Versicherungen","publisher":{"@id":"https:\/\/uelzener.de\/magazin\/#organization"},"potentialAction":[{"@type":"SearchAction","target":{"@type":"EntryPoint","urlTemplate":"https:\/\/uelzener.de\/magazin\/?s={search_term_string}"},"query-input":{"@type":"PropertyValueSpecification","valueRequired":true,"valueName":"search_term_string"}}],"inLanguage":"de"},{"@type":"Organization","@id":"https:\/\/uelzener.de\/magazin\/#organization","name":"Uelzener Versicherungen","url":"https:\/\/uelzener.de\/magazin\/","logo":{"@type":"ImageObject","inLanguage":"de","@id":"https:\/\/uelzener.de\/magazin\/#\/schema\/logo\/image\/","url":"https:\/\/uelzener.de\/magazin\/app\/uploads\/2024\/11\/uelzener_allgemeine_versicherungsgesellschaft_a_g_logo.jpg","contentUrl":"https:\/\/uelzener.de\/magazin\/app\/uploads\/2024\/11\/uelzener_allgemeine_versicherungsgesellschaft_a_g_logo.jpg","width":200,"height":200,"caption":"Uelzener Versicherungen"},"image":{"@id":"https:\/\/uelzener.de\/magazin\/#\/schema\/logo\/image\/"},"sameAs":["https:\/\/www.facebook.com\/Uelzener","https:\/\/instagram.com\/uelzener","https:\/\/www.xing.com\/pages\/uelzenerallgemeineversicherungs-gesellschafta-g","https:\/\/www.youtube.com\/UelzenerVersicherungen"]}]}},"_links":{"self":[{"href":"https:\/\/uelzener.de\/magazin\/wp-json\/wp\/v2\/pages\/15533","targetHints":{"allow":["GET"]}}],"collection":[{"href":"https:\/\/uelzener.de\/magazin\/wp-json\/wp\/v2\/pages"}],"about":[{"href":"https:\/\/uelzener.de\/magazin\/wp-json\/wp\/v2\/types\/page"}],"author":[{"embeddable":true,"href":"https:\/\/uelzener.de\/magazin\/wp-json\/wp\/v2\/users\/11"}],"replies":[{"embeddable":true,"href":"https:\/\/uelzener.de\/magazin\/wp-json\/wp\/v2\/comments?post=15533"}],"version-history":[{"count":9,"href":"https:\/\/uelzener.de\/magazin\/wp-json\/wp\/v2\/pages\/15533\/revisions"}],"predecessor-version":[{"id":19503,"href":"https:\/\/uelzener.de\/magazin\/wp-json\/wp\/v2\/pages\/15533\/revisions\/19503"}],"up":[{"embeddable":true,"href":"https:\/\/uelzener.de\/magazin\/wp-json\/wp\/v2\/pages\/11685"}],"wp:featuredmedia":[{"embeddable":true,"href":"https:\/\/uelzener.de\/magazin\/wp-json\/wp\/v2\/media\/15536"}],"wp:attachment":[{"href":"https:\/\/uelzener.de\/magazin\/wp-json\/wp\/v2\/media?parent=15533"}],"curies":[{"name":"wp","href":"https:\/\/api.w.org\/{rel}","templated":true}]}}