{"id":15429,"date":"2023-04-28T12:43:55","date_gmt":"2023-04-28T10:43:55","guid":{"rendered":"https:\/\/uelzener.de\/magazin\/?page_id=15429"},"modified":"2023-07-18T14:10:53","modified_gmt":"2023-07-18T12:10:53","slug":"interview-mit-neuer-vorstandsgruppe","status":"publish","type":"page","link":"https:\/\/uelzener.de\/magazin\/wir\/interview-mit-neuer-vorstandsgruppe\/","title":{"rendered":"Interview mit neuer Vorstandsgruppe"},"content":{"rendered":"<h2>Der Claim der Uelzener Versicherungen ist \u201eMensch. Tier. Wir.\u201c Was k\u00f6nnen wir von Tieren lernen?<\/h2>\n<p><strong>Bernd Fischer:<\/strong> Minimalismus. Klar zu sein, was ich brauche. Eine wahnsinnige analytische Gabe. Ich glaube, unser Hund kennt uns in- und auswendig und spricht dabei nicht einmal unsere Sprache. Manchmal sage ich, dass ich froh bin, dass er nicht reden kann \u2013 der wei\u00df zu viel.<\/p>\n<p><strong><a href=\"https:\/\/uelzener.de\/magazin\/wir\/entscheidend-ist-ein-starker-wille\/\">Imke Brammer-Rahlfs<\/a>:<\/strong> Was wir von Tieren lernen k\u00f6nnen, ist Vertrauen. Und das ist vielleicht nicht unbedingt nur positiv, wenn ich sage: bedingungslose Liebe. Grunds\u00e4tzlich immer den Willen zu haben, zu verzeihen.<\/p>\n<p>Dieses offene Zugetan-Sein und dem Gegen\u00fcber meine komplette Aufmerksamkeit schenken, ich denke, das k\u00f6nnen wir gerade von Hunden lernen. Ich bin ja ein Hundemensch. Von Tieren k\u00f6nnen wir auch lernen, wie F\u00fchrung funktioniert. Zum Beispiel, dass man mit positiver Verst\u00e4rkung viel mehr erreicht als mit Druck.<\/p>\n<h2>Haben Sie Vorbilder, wenn es um F\u00fchrung geht?<\/h2>\n<p><strong>Imke Brammer-Rahlfs:<\/strong> Ja, f\u00fcr mich hat F\u00fchren stark mit Haltung zu tun: \u201eStehe an der Spitze, um zu dienen, nicht um zu herrschen.\u201c Dieses Zitat von Bernhard von Clairvaux ist f\u00fcr mich pr\u00e4gend. Alleine k\u00f6nnen wir die Arbeit nicht machen, wir brauchen unsere <a href=\"https:\/\/uelzener.de\/magazin\/wir\/interviews-langjaehrige-mitarbeiterinnen-der-uelzener\/\">Mitarbeiterinnen und Mitarbeiter<\/a>. Als F\u00fchrungskr\u00e4fte sind wir daf\u00fcr verantwortlich, ein Umfeld zu schaffen, in dem man gerne arbeitet, in dem man was leisten kann.<\/p>\n<p><strong><a href=\"https:\/\/uelzener.de\/magazin\/wir\/joachim-unger\/\">Joachim Unger<\/a>:<\/strong> Und es kommt nicht darauf an, wer als Einzelner einen Erfolg feiern kann oder einen Misserfolg zu vertreten hat. Sowohl im Erfolg, als auch im Misserfolg z\u00e4hlt das Team.<\/p>\n<p><strong>Bernd Fischer:<\/strong> Vieles muss stimmen, damit gute F\u00fchrung funktioniert. Ein Fu\u00dfballtrainer ist nur so gut wie auch die ganze Mannschaft, die hinter ihm steht. Die ganze Unternehmenskultur muss passen. Wir sind doch Beziehungsmenschen. Als F\u00fchrungskraft muss man ein St\u00fcck Bescheidenheit, Sachlichkeit und Klarheit mitbringen, ebenso wie Nehmerqualit\u00e4ten.<\/p>\n<p><strong>Imke Brammer-Rahlfs:<\/strong> Wichtig ist, dass die Organisation in der Lage ist, zu lernen. Und auch die Fehlerkultur spielt eine Rolle. Manchmal hat man als F\u00fchrungskraft einen ganz anderen Blick und muss die Entscheidung von jemand anderem herausfordern. Das kann ein ganz sch\u00f6ner Spagat sein.<\/p>\n<h2>Wie w\u00fcrden Sie die Unternehmenskultur der Uelzener beschreiben?<\/h2>\n<p><strong>Imke Brammer-Rahlfs:<\/strong> In meinen Augen ist es das Wichtigste, dass wir uns aufeinander verlassen k\u00f6nnen. Ein offenes, ehrliches, respektvolles Miteinander auf Augenh\u00f6he ist entscheidend. Vielfalt und Chancengleichheit sind heute und auch in Zukunft zentrale Themen, denn eine gute Zusammenarbeit lebt von den verschiedenen Blickwinkeln. Gemeinsam erzielen wir die besten Ergebnisse.<\/p>\n<p><strong>Bernd Fischer:<\/strong> Wir haben einen kollaborativen Ansatz, also einen, bei dem die Zusammenarbeit im Mittelpunkt steht. Wir m\u00f6chten gemeinsam, nicht in Hierarchien, sondern unter dem fachlichen Gesichtspunkt zusammenarbeiten. Bei unserem Transaktionsvolumen, der Menge an Services und der Anzahl an Kunden, die wir in Deutschland haben, k\u00f6nnten wir in strikt hierarchischen Modellen gar nicht arbeiten. Davon bin ich \u00fcberzeugt.<\/p>\n<p><strong>Joachim Unger:<\/strong> Der Gedanke des vertrauensvollen Miteinanders zeigt sich \u00fcbrigens auch in unserem Verst\u00e4ndnis von Nachhaltigkeit: Als Unternehmen wollen wir umwelt-, aber vor allem auch verantwortungsbewusst handeln. Auf jeder Ebene \u2013 vom Vorstand, \u00fcber die Mitarbeitenden bis zu den Versicherungsnehmer:innen \u2013 gehen wir fair miteinander um. In diesem Sinne wirtschaften die Uelzener schon sehr lange nachhaltig. Und dies nicht, weil das Thema Nachhaltigkeit aktuell in aller Munde ist, sondern weil es schon immer elementar f\u00fcr uns alle ist.<\/p>\n<p><img decoding=\"async\" class=\"alignnone wp-image-15433 size-large\" src=\"https:\/\/uelzener.de\/magazin\/app\/uploads\/2023\/04\/Uelzener-Versicherung-_Vorstand-_010_BA_1920px-1024x730.jpg\" alt=\"Neue Vorstandgruppe der Uelzener Versicherungen mit H. H\u00f6lscher.\" width=\"1024\" height=\"730\" srcset=\"https:\/\/uelzener.de\/magazin\/app\/uploads\/2023\/04\/Uelzener-Versicherung-_Vorstand-_010_BA_1920px-1024x730.jpg 1024w, https:\/\/uelzener.de\/magazin\/app\/uploads\/2023\/04\/Uelzener-Versicherung-_Vorstand-_010_BA_1920px-300x214.jpg 300w, https:\/\/uelzener.de\/magazin\/app\/uploads\/2023\/04\/Uelzener-Versicherung-_Vorstand-_010_BA_1920px-768x548.jpg 768w, https:\/\/uelzener.de\/magazin\/app\/uploads\/2023\/04\/Uelzener-Versicherung-_Vorstand-_010_BA_1920px-1536x1095.jpg 1536w, https:\/\/uelzener.de\/magazin\/app\/uploads\/2023\/04\/Uelzener-Versicherung-_Vorstand-_010_BA_1920px-1026x732.jpg 1026w, https:\/\/uelzener.de\/magazin\/app\/uploads\/2023\/04\/Uelzener-Versicherung-_Vorstand-_010_BA_1920px-668x476.jpg 668w, https:\/\/uelzener.de\/magazin\/app\/uploads\/2023\/04\/Uelzener-Versicherung-_Vorstand-_010_BA_1920px.jpg 1920w\" sizes=\"(max-width: 1024px) 100vw, 1024px\" \/><\/p>\n<h2>Mit welchen Ideen wollen Sie die Kund:innen von morgen begeistern?<\/h2>\n<p><strong>Bernd Fischer:<\/strong> Die Herausforderung liegt heute darin, dass es nicht mehr nur die eine T\u00fcr der Filiale gibt, durch die der Kunde auf uns zugeht. Er hat digital viele T\u00fcren. Das birgt Chancen und Risiken. Eigentlich br\u00e4uchten wir zum Risikomanagement auch ein Chancenmanagement. Neben dem Kundenzugang sind die pers\u00f6nliche Individualisierung in allen Prozessen und Interaktionen wichtig.<\/p>\n<p><strong>Imke Brammer-Rahlfs:<\/strong> Wir brauchen smarte Prozesse. Vieles ist aber auch gesunder Menschenverstand: Behandle den Kunden so, wie du selbst behandelt werden m\u00f6chtest. Gestalte den Prozess so, wie du es selbst erwartest. Wir werden auch in Zukunft versuchen, in die Tiefe und in die Breite zu gehen. Wer wei\u00df, was wir k\u00fcnftig noch in den Markt einf\u00fchren als neue Ideen? Gibt es vielleicht im Metaversum Chancen, die wir nutzen k\u00f6nnen? Als das Internet in den Anf\u00e4ngen war, gab es viele, die sich gefragt haben, ob es von Dauer ist oder jemals eine wirtschaftliche Komponente entwickelt. Da m\u00f6chten wir doch lieber zu den First Movern geh\u00f6ren.<\/p>\n<h2>Wo werden die Uelzener Versicherungen in 150 Jahren sein?<\/h2>\n<p><strong>Imke Brammer-Rahlfs:<\/strong> Ein starkes Unternehmen in der Region, das weit \u00fcber die Grenzen hinausstrahlt. Dazu braucht es Mut, Chancen wahrzunehmen, unternehmerisches Geschick und es braucht immer den echten Willen zur Ver\u00e4nderung, sich auf neue Dinge einzulassen und diese dann nach vorne zu tragen.<\/p>\n<p><strong>Joachim Unger:<\/strong> Ich denke, wir werden mit unseren Aufgaben wachsen. Und werden vieles ausprobiert haben. Einiges davon wird schiefgegangen sein, vieles aber wird funktioniert haben. Auf jeden Fall aber bleiben wir der Premium-Anbieter, der wir heute sind. Der f\u00fcr die Kund:innen eine pers\u00f6nliche Ansprechpartner:in bereith\u00e4lt, denn das ist das, was uns unterscheidet.<\/p>\n<p><strong>Bernd Fischer:<\/strong> Wir sind ein Versicherungsverein auf Gegenseitigkeit, das hei\u00dft, wir d\u00fcrfen kein Fremdkapital aufnehmen. Um uns zu erneuern, brauchen wir regelm\u00e4\u00dfige, stabile Ergebnisse. Wir reinvestieren jedes Jahr sehr stark, in Technik, in Lernen, in die Mitarbeitenden. Unabh\u00e4ngigkeit ist unser Anspruch. Nur wenn wir unabh\u00e4ngig sind, k\u00f6nnen wir die Uelzener tats\u00e4chlich nach unseren Vorstellungen und Seite an Seite mit unseren Kundinnen und Kunden gestalten.<\/p>\n","protected":false},"excerpt":{"rendered":"<p>Der Claim der Uelzener Versicherungen ist \u201eMensch. Tier. Wir.\u201c Was k\u00f6nnen wir von Tieren lernen? Bernd Fischer: Minimalismus. Klar zu sein, was ich brauche. Eine wahnsinnige analytische Gabe. Ich glaube, unser Hund kennt uns in- und auswendig und spricht dabei nicht einmal unsere Sprache. Manchmal sage ich, dass ich froh bin, dass er nicht reden [&hellip;]<\/p>\n","protected":false},"author":11,"featured_media":15431,"parent":2469,"menu_order":5,"comment_status":"closed","ping_status":"closed","template":"templates\/blog.php","meta":{"_acf_changed":false,"_crdt_document":"","footnotes":"","beyondwords_generate_audio":"","beyondwords_project_id":"","beyondwords_content_id":"","beyondwords_preview_token":"","beyondwords_player_style":"","beyondwords_language_id":"","beyondwords_title_voice_id":"","beyondwords_body_voice_id":"","beyondwords_summary_voice_id":"","beyondwords_error_message":"","beyondwords_disabled":"","beyondwords_delete_content":"","beyondwords_podcast_id":"","beyondwords_hash":"","publish_post_to_speechkit":"","speechkit_hash":"","speechkit_generate_audio":"","speechkit_project_id":"","speechkit_podcast_id":"","speechkit_error_message":"","speechkit_disabled":"","speechkit_access_key":"","speechkit_error":"","speechkit_info":"","speechkit_response":"","speechkit_retries":"","speechkit_status":"","speechkit_updated_at":"","_speechkit_link":"","_speechkit_text":""},"class_list":["post-15429","page","type-page","status-publish","has-post-thumbnail","hentry"],"acf":[],"yoast_head":"<!-- This site is optimized with the Yoast SEO Premium plugin  - https:\/\/yoast.com\/product\/yoast-seo-premium-wordpress\/ -->\n<title>Interview mit neuer Vorstandsgruppe | Uelzener Magazin<\/title>\n<meta name=\"robots\" content=\"index, follow, max-snippet:-1, max-image-preview:large, max-video-preview:-1\" \/>\n<link rel=\"canonical\" href=\"https:\/\/uelzener.de\/magazin\/wir\/interview-mit-neuer-vorstandsgruppe\/\" \/>\n<meta property=\"og:locale\" content=\"de_DE\" \/>\n<meta property=\"og:type\" content=\"article\" \/>\n<meta property=\"og:title\" content=\"Interview mit neuer Vorstandsgruppe\" \/>\n<meta property=\"og:description\" content=\"Der Claim der Uelzener Versicherungen ist \u201eMensch. Tier. Wir.\u201c Was k\u00f6nnen wir von Tieren lernen? Bernd Fischer: Minimalismus. Klar zu sein, was ich brauche. Eine wahnsinnige analytische Gabe. Ich glaube, unser Hund kennt uns in- und auswendig und spricht dabei nicht einmal unsere Sprache. Manchmal sage ich, dass ich froh bin, dass er nicht reden [&hellip;]\" \/>\n<meta property=\"og:url\" content=\"https:\/\/uelzener.de\/magazin\/wir\/interview-mit-neuer-vorstandsgruppe\/\" \/>\n<meta property=\"og:site_name\" content=\"Uelzener Tier-Magazin\" \/>\n<meta property=\"article:publisher\" content=\"https:\/\/www.facebook.com\/Uelzener\" \/>\n<meta property=\"article:modified_time\" content=\"2023-07-18T12:10:53+00:00\" \/>\n<meta property=\"og:image\" content=\"https:\/\/uelzener.de\/magazin\/app\/uploads\/2023\/04\/uelzener-versicherungen-vorstand-2023.jpg\" \/>\n\t<meta property=\"og:image:width\" content=\"1920\" \/>\n\t<meta property=\"og:image:height\" content=\"1022\" \/>\n\t<meta property=\"og:image:type\" content=\"image\/jpeg\" \/>\n<meta name=\"twitter:card\" content=\"summary_large_image\" \/>\n<meta name=\"twitter:label1\" content=\"Gesch\u00e4tzte Lesezeit\" \/>\n\t<meta name=\"twitter:data1\" content=\"4\u00a0Minuten\" \/>\n<script type=\"application\/ld+json\" class=\"yoast-schema-graph\">{\"@context\":\"https:\/\/schema.org\",\"@graph\":[{\"@type\":\"WebPage\",\"@id\":\"https:\/\/uelzener.de\/magazin\/wir\/interview-mit-neuer-vorstandsgruppe\/\",\"url\":\"https:\/\/uelzener.de\/magazin\/wir\/interview-mit-neuer-vorstandsgruppe\/\",\"name\":\"Interview mit neuer Vorstandsgruppe | Uelzener Magazin\",\"isPartOf\":{\"@id\":\"https:\/\/uelzener.de\/magazin\/#website\"},\"primaryImageOfPage\":{\"@id\":\"https:\/\/uelzener.de\/magazin\/wir\/interview-mit-neuer-vorstandsgruppe\/#primaryimage\"},\"image\":{\"@id\":\"https:\/\/uelzener.de\/magazin\/wir\/interview-mit-neuer-vorstandsgruppe\/#primaryimage\"},\"thumbnailUrl\":\"https:\/\/uelzener.de\/magazin\/app\/uploads\/2023\/04\/uelzener-versicherungen-vorstand-2023.jpg\",\"datePublished\":\"2023-04-28T10:43:55+00:00\",\"dateModified\":\"2023-07-18T12:10:53+00:00\",\"breadcrumb\":{\"@id\":\"https:\/\/uelzener.de\/magazin\/wir\/interview-mit-neuer-vorstandsgruppe\/#breadcrumb\"},\"inLanguage\":\"de\",\"potentialAction\":[{\"@type\":\"ReadAction\",\"target\":[\"https:\/\/uelzener.de\/magazin\/wir\/interview-mit-neuer-vorstandsgruppe\/\"]}]},{\"@type\":\"ImageObject\",\"inLanguage\":\"de\",\"@id\":\"https:\/\/uelzener.de\/magazin\/wir\/interview-mit-neuer-vorstandsgruppe\/#primaryimage\",\"url\":\"https:\/\/uelzener.de\/magazin\/app\/uploads\/2023\/04\/uelzener-versicherungen-vorstand-2023.jpg\",\"contentUrl\":\"https:\/\/uelzener.de\/magazin\/app\/uploads\/2023\/04\/uelzener-versicherungen-vorstand-2023.jpg\",\"width\":1920,\"height\":1022,\"caption\":\"Uelzen, 26.01.2023 : Fotoshooting mit dem Vorstand der Uelzener Versicherung \u00a9 Tobias W\u00f6lki | Hannover Uelzener Versicherung\"},{\"@type\":\"WebSite\",\"@id\":\"https:\/\/uelzener.de\/magazin\/#website\",\"url\":\"https:\/\/uelzener.de\/magazin\/\",\"name\":\"Uelzener Tiermagazin\",\"description\":\"Online Tierratgeber der Uelzener Versicherungen\",\"publisher\":{\"@id\":\"https:\/\/uelzener.de\/magazin\/#organization\"},\"potentialAction\":[{\"@type\":\"SearchAction\",\"target\":{\"@type\":\"EntryPoint\",\"urlTemplate\":\"https:\/\/uelzener.de\/magazin\/?s={search_term_string}\"},\"query-input\":{\"@type\":\"PropertyValueSpecification\",\"valueRequired\":true,\"valueName\":\"search_term_string\"}}],\"inLanguage\":\"de\"},{\"@type\":\"Organization\",\"@id\":\"https:\/\/uelzener.de\/magazin\/#organization\",\"name\":\"Uelzener Versicherungen\",\"url\":\"https:\/\/uelzener.de\/magazin\/\",\"logo\":{\"@type\":\"ImageObject\",\"inLanguage\":\"de\",\"@id\":\"https:\/\/uelzener.de\/magazin\/#\/schema\/logo\/image\/\",\"url\":\"https:\/\/uelzener.de\/magazin\/app\/uploads\/2024\/11\/uelzener_allgemeine_versicherungsgesellschaft_a_g_logo.jpg\",\"contentUrl\":\"https:\/\/uelzener.de\/magazin\/app\/uploads\/2024\/11\/uelzener_allgemeine_versicherungsgesellschaft_a_g_logo.jpg\",\"width\":200,\"height\":200,\"caption\":\"Uelzener Versicherungen\"},\"image\":{\"@id\":\"https:\/\/uelzener.de\/magazin\/#\/schema\/logo\/image\/\"},\"sameAs\":[\"https:\/\/www.facebook.com\/Uelzener\",\"https:\/\/instagram.com\/uelzener\",\"https:\/\/www.xing.com\/pages\/uelzenerallgemeineversicherungs-gesellschafta-g\",\"https:\/\/www.youtube.com\/UelzenerVersicherungen\"]}]}<\/script>\n<!-- \/ Yoast SEO Premium plugin. -->","yoast_head_json":{"title":"Interview mit neuer Vorstandsgruppe | Uelzener Magazin","robots":{"index":"index","follow":"follow","max-snippet":"max-snippet:-1","max-image-preview":"max-image-preview:large","max-video-preview":"max-video-preview:-1"},"canonical":"https:\/\/uelzener.de\/magazin\/wir\/interview-mit-neuer-vorstandsgruppe\/","og_locale":"de_DE","og_type":"article","og_title":"Interview mit neuer Vorstandsgruppe","og_description":"Der Claim der Uelzener Versicherungen ist \u201eMensch. Tier. Wir.\u201c Was k\u00f6nnen wir von Tieren lernen? Bernd Fischer: Minimalismus. Klar zu sein, was ich brauche. Eine wahnsinnige analytische Gabe. Ich glaube, unser Hund kennt uns in- und auswendig und spricht dabei nicht einmal unsere Sprache. Manchmal sage ich, dass ich froh bin, dass er nicht reden [&hellip;]","og_url":"https:\/\/uelzener.de\/magazin\/wir\/interview-mit-neuer-vorstandsgruppe\/","og_site_name":"Uelzener Tier-Magazin","article_publisher":"https:\/\/www.facebook.com\/Uelzener","article_modified_time":"2023-07-18T12:10:53+00:00","og_image":[{"width":1920,"height":1022,"url":"https:\/\/uelzener.de\/magazin\/app\/uploads\/2023\/04\/uelzener-versicherungen-vorstand-2023.jpg","type":"image\/jpeg"}],"twitter_card":"summary_large_image","twitter_misc":{"Gesch\u00e4tzte Lesezeit":"4\u00a0Minuten"},"schema":{"@context":"https:\/\/schema.org","@graph":[{"@type":"WebPage","@id":"https:\/\/uelzener.de\/magazin\/wir\/interview-mit-neuer-vorstandsgruppe\/","url":"https:\/\/uelzener.de\/magazin\/wir\/interview-mit-neuer-vorstandsgruppe\/","name":"Interview mit neuer Vorstandsgruppe | Uelzener Magazin","isPartOf":{"@id":"https:\/\/uelzener.de\/magazin\/#website"},"primaryImageOfPage":{"@id":"https:\/\/uelzener.de\/magazin\/wir\/interview-mit-neuer-vorstandsgruppe\/#primaryimage"},"image":{"@id":"https:\/\/uelzener.de\/magazin\/wir\/interview-mit-neuer-vorstandsgruppe\/#primaryimage"},"thumbnailUrl":"https:\/\/uelzener.de\/magazin\/app\/uploads\/2023\/04\/uelzener-versicherungen-vorstand-2023.jpg","datePublished":"2023-04-28T10:43:55+00:00","dateModified":"2023-07-18T12:10:53+00:00","breadcrumb":{"@id":"https:\/\/uelzener.de\/magazin\/wir\/interview-mit-neuer-vorstandsgruppe\/#breadcrumb"},"inLanguage":"de","potentialAction":[{"@type":"ReadAction","target":["https:\/\/uelzener.de\/magazin\/wir\/interview-mit-neuer-vorstandsgruppe\/"]}]},{"@type":"ImageObject","inLanguage":"de","@id":"https:\/\/uelzener.de\/magazin\/wir\/interview-mit-neuer-vorstandsgruppe\/#primaryimage","url":"https:\/\/uelzener.de\/magazin\/app\/uploads\/2023\/04\/uelzener-versicherungen-vorstand-2023.jpg","contentUrl":"https:\/\/uelzener.de\/magazin\/app\/uploads\/2023\/04\/uelzener-versicherungen-vorstand-2023.jpg","width":1920,"height":1022,"caption":"Uelzen, 26.01.2023 : Fotoshooting mit dem Vorstand der Uelzener Versicherung \u00a9 Tobias W\u00f6lki | Hannover Uelzener Versicherung"},{"@type":"WebSite","@id":"https:\/\/uelzener.de\/magazin\/#website","url":"https:\/\/uelzener.de\/magazin\/","name":"Uelzener Tiermagazin","description":"Online Tierratgeber der Uelzener Versicherungen","publisher":{"@id":"https:\/\/uelzener.de\/magazin\/#organization"},"potentialAction":[{"@type":"SearchAction","target":{"@type":"EntryPoint","urlTemplate":"https:\/\/uelzener.de\/magazin\/?s={search_term_string}"},"query-input":{"@type":"PropertyValueSpecification","valueRequired":true,"valueName":"search_term_string"}}],"inLanguage":"de"},{"@type":"Organization","@id":"https:\/\/uelzener.de\/magazin\/#organization","name":"Uelzener Versicherungen","url":"https:\/\/uelzener.de\/magazin\/","logo":{"@type":"ImageObject","inLanguage":"de","@id":"https:\/\/uelzener.de\/magazin\/#\/schema\/logo\/image\/","url":"https:\/\/uelzener.de\/magazin\/app\/uploads\/2024\/11\/uelzener_allgemeine_versicherungsgesellschaft_a_g_logo.jpg","contentUrl":"https:\/\/uelzener.de\/magazin\/app\/uploads\/2024\/11\/uelzener_allgemeine_versicherungsgesellschaft_a_g_logo.jpg","width":200,"height":200,"caption":"Uelzener Versicherungen"},"image":{"@id":"https:\/\/uelzener.de\/magazin\/#\/schema\/logo\/image\/"},"sameAs":["https:\/\/www.facebook.com\/Uelzener","https:\/\/instagram.com\/uelzener","https:\/\/www.xing.com\/pages\/uelzenerallgemeineversicherungs-gesellschafta-g","https:\/\/www.youtube.com\/UelzenerVersicherungen"]}]}},"_links":{"self":[{"href":"https:\/\/uelzener.de\/magazin\/wp-json\/wp\/v2\/pages\/15429","targetHints":{"allow":["GET"]}}],"collection":[{"href":"https:\/\/uelzener.de\/magazin\/wp-json\/wp\/v2\/pages"}],"about":[{"href":"https:\/\/uelzener.de\/magazin\/wp-json\/wp\/v2\/types\/page"}],"author":[{"embeddable":true,"href":"https:\/\/uelzener.de\/magazin\/wp-json\/wp\/v2\/users\/11"}],"replies":[{"embeddable":true,"href":"https:\/\/uelzener.de\/magazin\/wp-json\/wp\/v2\/comments?post=15429"}],"version-history":[{"count":6,"href":"https:\/\/uelzener.de\/magazin\/wp-json\/wp\/v2\/pages\/15429\/revisions"}],"predecessor-version":[{"id":15950,"href":"https:\/\/uelzener.de\/magazin\/wp-json\/wp\/v2\/pages\/15429\/revisions\/15950"}],"up":[{"embeddable":true,"href":"https:\/\/uelzener.de\/magazin\/wp-json\/wp\/v2\/pages\/2469"}],"wp:featuredmedia":[{"embeddable":true,"href":"https:\/\/uelzener.de\/magazin\/wp-json\/wp\/v2\/media\/15431"}],"wp:attachment":[{"href":"https:\/\/uelzener.de\/magazin\/wp-json\/wp\/v2\/media?parent=15429"}],"curies":[{"name":"wp","href":"https:\/\/api.w.org\/{rel}","templated":true}]}}