{"id":15406,"date":"2023-05-11T10:00:02","date_gmt":"2023-05-11T08:00:02","guid":{"rendered":"https:\/\/uelzener.de\/magazin\/?page_id=15406"},"modified":"2026-01-06T18:07:22","modified_gmt":"2026-01-06T17:07:22","slug":"weisse-katze-taub-ursachen","status":"publish","type":"page","link":"https:\/\/uelzener.de\/magazin\/katze\/haeufige-fragen\/weisse-katze-taub-ursachen\/","title":{"rendered":"Wei\u00dfe Katze taub? Das sind die Ursachen"},"content":{"rendered":"<p><span style=\"font-weight: 400;\">Zugegeben, kaum etwas ist niedlicher anzusehen als kleine, wei\u00dfe K\u00e4tzchen mit strahlend blauen Augen. Ganz unproblematisch ist dieser spezielle Ph\u00e4notyp bei Katzen allerdings nicht. Vielleicht hast du schon mal davon geh\u00f6rt, dass die Wahrscheinlichkeit, dass eine wei\u00dfe Katze taub ist, besonders hoch ausf\u00e4llt. Statistisch noch gr\u00f6\u00dfer wird dieses Risiko, wenn eine Kombination aus wei\u00dfem Fell und blauen Augen vorliegt. Aber woran liegt das eigentlich?\u00a0<\/span><\/p>\n<h2>Taubheit bei Katzen: Eine Frage der Gene<\/h2>\n<p><span style=\"font-weight: 400;\">Ist eine wei\u00dfe Katze taub, liegt mit gro\u00dfer Wahrscheinlichkeit eine angeborene Taubheit vor. Dem gegen\u00fcber steht eine im sp\u00e4teren Leben erworbene Taubheit oder Schwerh\u00f6rigkeit, zum Beispiel verursacht durch <a href=\"https:\/\/uelzener.de\/magazin\/katze\/tiergesundheit\/haeufigste-krankheiten-unfaelle-bei-katzen\/\">Unf\u00e4lle<\/a> oder Ohrentz\u00fcndungen, was Katzen jeglicher Couleur gleicherma\u00dfen treffen kann.\u00a0<\/span><\/p>\n<p><span style=\"font-weight: 400;\">Wenn eine wei\u00dfe Katze taub ist \u2013 und zwar von Geburt an \u2013, ist in der Regel ein Defekt des sogenannten W-Gens schuld, das f\u00fcr die wei\u00dfe Fellfarbe zust\u00e4ndig ist. Um zu verstehen, wie genau das Problem zustande kommt und wie man die Zucht tauber Katzen vermeiden kann, muss man sich ein bisschen mit Genetik befassen. Keine Sorge, wir halten es kurz:<\/span><\/p>\n<p><span style=\"font-weight: 400;\">Wie andere k\u00f6rperliche Merkmale wird auch die Fellfarbe einer Katze von den Genen bestimmt. Verantwortlich f\u00fcr wei\u00dfes Fell ist der Genort W, da hier die Gene liegen, die die wei\u00dfe Pigmentierung festlegen. Die Elterntiere geben jeweils eine Genvariante (Allel) an den Nachwuchs weiter. Unterschieden werden bez\u00fcglich einer Wei\u00dff\u00e4rbung des Fells die Genvarianten:<\/span><\/p>\n<ul>\n<li style=\"font-weight: 400;\" aria-level=\"1\"><span style=\"font-weight: 400;\">W (White bzw. DW f\u00fcr Dominant White): f\u00fcr wei\u00dfes Fell, wird dominant vererbt, setzt sich also gegen andere Genvarianten durch<\/span><\/li>\n<li style=\"font-weight: 400;\" aria-level=\"1\"><span style=\"font-weight: 400;\">Ws (Wei\u00df-Gescheckt): f\u00fcr wei\u00df-geschecktes Fell, dominant gegen\u00fcber w<\/span><\/li>\n<li style=\"font-weight: 400;\" aria-level=\"1\"><span style=\"font-weight: 400;\">w (non-white): normale Fellf\u00e4rbung und -musterung je nachdem, welche weiteren Gene f\u00fcr die Fellpigmentierung vorliegen<\/span><\/li>\n<\/ul>\n<p><span style=\"font-weight: 400;\">Handelt es sich auch nur bei einem der beiden vererbten Allele um die Genvariante W, ist die Katze wei\u00df. Unabh\u00e4ngig ist dies davon, ob daneben die Genvariante Ws oder w vererbt wurde, da W nicht nur dominant gegen\u00fcber Ws und w ist, sondern auch alle anderen Pigmentierungsgene \u00fcberdeckt. Das hei\u00dft im Umkehrschluss, dass bei wei\u00dfen Katzen allein anhand der Optik nicht erkennbar ist, wie genau der Genotyp aussieht.<\/span><\/p>\n<p><span style=\"font-weight: 400;\">Das Problem ist nun, dass der W-Gendefekt nicht nur daf\u00fcr sorgt, dass die Katze wei\u00dfes Fell hat. Es kann au\u00dferdem Taubheit oder Schwerh\u00f6rigkeit zur Folge haben. Das h\u00e4ngt damit zusammen, dass aufgrund des Gendefekts das sogenannte Corti-Organ im Innenohr fehlt, das f\u00fcr die Verarbeitung akustischer Signale ben\u00f6tigt wird. Besonders h\u00e4ufig ist dies bei Katzen mit blauen Augen der Fall.\u00a0<\/span><\/p>\n<p><span style=\"font-weight: 400;\">W\u00e4hrend das Allel W stets eine wei\u00dfe Fellfarbe erzeugt, ist eine St\u00f6rung des Geh\u00f6rs nicht immer vorhanden. Das gr\u00f6\u00dfte Risiko, dass die wei\u00dfe Katze taub ist, besteht dann, wenn das Tier W-homozygot ist, also die entsprechende Genvariante von beiden Elterntieren mitbekommen hat. Die Wahrscheinlichkeit, dass eine Katze mit der W-Genvariante schwerh\u00f6rig oder taub ist, f\u00e4llt deutlich h\u00f6her aus als bei Tieren, die den Gendefekt nicht aufweisen, also den Genotyp w\/w haben. Man geht davon aus, dass 60 bis 80 % der wei\u00dfen Katzen mit W-Gen, die zwei blaue Augen haben, taub geboren werden. Zudem besteht ein erh\u00f6htes Risiko f\u00fcr Beeintr\u00e4chtigungen des Sehsinns bei blau\u00e4ugigen Katzen, wenn die Augenfarbe durch den W-Gendefekt hervorgerufen wird. Insbesondere das Sehverm\u00f6gen bei D\u00e4mmerung und Dunkelheit kann erheblich eingeschr\u00e4nkt sein.<\/span><\/p>\n<h2>Qualzucht vermeiden: Das musst du wissen<\/h2>\n<p><span style=\"font-weight: 400;\">Dem Deutschen Tierschutzgesetz zufolge sind Z\u00fcchtungen, die dem Tier k\u00f6rperliche Leiden verursachen beziehungsweise eine Einschr\u00e4nkung der K\u00f6rperfunktionen zur Folge haben, verboten. Darunter f\u00e4llt demnach auch das bewusste Herausz\u00fcchten wei\u00dfer Katzen und wei\u00df-gescheckter Katzen mit dem f\u00fcr Taubheit und Schwerh\u00f6rigkeit verantwortlichen Gendefekt. Um das Risiko angeborener H\u00f6rsch\u00e4digungen so gering wie m\u00f6glich zu halten, sollten zwei Katzen mit dem W-Gen nicht gepaart werden. M\u00f6chtest du dir eine wei\u00dfe Katze anschaffen, empfiehlt sich ein Hintergrundcheck der Elterntiere. Per DNA-Test ist es m\u00f6glich, den Genotyp zu ermitteln.\u00a0<\/span><\/p>\n<p><span style=\"font-weight: 400;\">Der W-Gendefekt kann theoretisch Katzen jeder Art betreffen. Doch gibt es einige Rassen, bei denen ein vermehrtes Aufkommen zu beobachten ist, weil sie oft in den Farben Wei\u00df und Wei\u00df-Gescheckt gez\u00fcchtet werden. Dazu geh\u00f6ren zum Beispiel diese Rassen:<\/span><\/p>\n<ul>\n<li><a href=\"https:\/\/uelzener.de\/magazin\/katze\/rasseportrait\/tuerkisch-angora\/\"><span style=\"font-weight: 400;\">T\u00fcrkisch Angora<\/span><\/a><\/li>\n<li><span style=\"font-weight: 400;\">Perser<\/span><\/li>\n<li><a href=\"https:\/\/uelzener.de\/magazin\/katze\/rasseportrait\/maine-coon\/\"><span style=\"font-weight: 400;\">Maine Coon<\/span><\/a><\/li>\n<li><a href=\"https:\/\/uelzener.de\/magazin\/katze\/rasseportrait\/britisch-kurzhaar\/\"><span style=\"font-weight: 400;\">Britisch Kurzhaar<\/span><\/a><\/li>\n<li><span style=\"font-weight: 400;\">Russian White<\/span><\/li>\n<\/ul>\n<h2>Verhaltensregeln: Tipps f\u00fcr den Umgang mit tauben Katzen<\/h2>\n<p><span style=\"font-weight: 400;\">Taubheit bedeutet erhebliche Einschr\u00e4nkungen f\u00fcr deine Katze, vornehmlich im Bereich der Kommunikation und Orientierung. Ist deine wei\u00dfe Katze taub, ist das mit hoher Wahrscheinlichkeit von Geburt an der Fall, daher kennt sie es sozusagen nicht anders. Probleme ergeben sich dennoch. Bei Freig\u00e4ngerkatzen beispielsweise besteht ein erh\u00f6htes Sicherheitsrisiko, da Gefahren wie nahende Autos nicht geh\u00f6rt werden k\u00f6nnen. Es empfiehlt sich, taube Katzen in der Wohnung zu halten oder zumindest sicherzustellen, dass der Auslauf im Freien in einem abgesicherten Rahmen \u2013 etwa im eingez\u00e4unten Garten \u2013 stattfindet.\u00a0<\/span><\/p>\n<p><span style=\"font-weight: 400;\">Dar\u00fcber hinaus gilt es, die akustische Kommunikationsebene, die durch die Taubheit entf\u00e4llt, anderweitig zu kompensieren. Das kann zum Beispiel mittels Gestik und Mimik erfolgen, aber auch durch eine Extraportion Streicheleinheiten. Grunds\u00e4tzlich ist es wichtig, tauben und schwerh\u00f6rigen Katzen ein sicheres, behagliches Umfeld zu bieten und darauf zu achten, sie nicht zu erschrecken, also etwa pl\u00f6tzliches Ann\u00e4hern oder gar Hochheben von hinten zu vermeiden.<\/span><\/p>\n<h2>Fazit<\/h2>\n<p><span style=\"font-weight: 400;\">Dass eine wei\u00dfe Katze taub ist, ist wegen der besprochenen genetischen Pr\u00e4disposition nicht unwahrscheinlich, deshalb ist es wichtig, dass Zuchtverb\u00e4nde, Z\u00fcchtende sowie Katzenhalter und -halterinnen verantwortungsvoll agieren. Zusammengefasst noch einmal die wichtigsten Punkte:<\/span><\/p>\n<ul>\n<li style=\"font-weight: 400;\" aria-level=\"1\"><span style=\"font-weight: 400;\">Nicht alle wei\u00dfen Katzen sind taub, aber die meisten Katzen mit angeborener Taubheit sind wei\u00df.<\/span><\/li>\n<li style=\"font-weight: 400;\" aria-level=\"1\"><span style=\"font-weight: 400;\">Ein besonders gro\u00dfes Risiko f\u00fcr Taubheit haben W-homozytogene Katzen mit wei\u00dfem Fell und blauen Augen, die zudem unter Einschr\u00e4nkungen des Sehverm\u00f6gens leiden k\u00f6nnen.<\/span><\/li>\n<li style=\"font-weight: 400;\" aria-level=\"1\"><span style=\"font-weight: 400;\">Ist eine wei\u00dfe Katze taub, sollte sie nicht zur Zucht zum Einsatz kommen.<\/span><\/li>\n<li style=\"font-weight: 400;\" aria-level=\"1\"><span style=\"font-weight: 400;\">Auch wei\u00dfe Katzen ohne Geh\u00f6rsch\u00e4digung k\u00f6nnen taube Kitten hervorbringen, wenn sie Tr\u00e4ger f\u00fcr die W-Genvariante sind.<\/span><\/li>\n<li style=\"font-weight: 400;\" aria-level=\"1\"><span style=\"font-weight: 400;\">Wei\u00dfe Katzen und wei\u00df-gescheckte Katzen sollten nicht gepaart werden, da ebenfalls ein hohes Risiko f\u00fcr Schwerh\u00f6rigkeit und Taubheit besteht.<\/span><\/li>\n<li style=\"font-weight: 400;\" aria-level=\"1\"><span style=\"font-weight: 400;\">Bewusste Z\u00fcchtung von Katzen mit den genannten Risikofaktoren gilt als Qualzucht und stellt einen Versto\u00df gegen das Tierschutzgesetz dar.<\/span><\/li>\n<\/ul>\n<p><span style=\"font-weight: 400;\">Auch wenn leicht der Eindruck entstehen kann, dass taube Katzen gut mit ihrem Handicap zurechtkommen, ist ihnen ein artgerechtes Leben, so wie es andere Katzen f\u00fchren, nicht in vollem Umfang m\u00f6glich. Angeborene Taubheit ist unheilbar, daher leidet das Tier lebenslang unter seinen eingeschr\u00e4nkten sensorischen F\u00e4higkeiten.<\/span><\/p>\n\n<div class=\"related_articles boxed\">\n    <h2>Mehr zum Thema<\/h2>\n    \n    <div class=\"wrapper\"><div class=\"title align-center\"><h3><a href=\"https:\/\/uelzener.de\/magazin\/katze\/haeufige-fragen\/warum-miaut-katze-nicht\/\">Warum miaut meine Katze nicht?<\/a><\/h3><\/div><div class=\"img align-center\"><img decoding=\"async\" width=\"315\" height=\"138\" src=\"https:\/\/uelzener.de\/magazin\/app\/uploads\/2025\/09\/katze-miaut-nicht.png\" class=\"attachment-315x180 size-315x180 wp-post-image\" alt=\"Katze h\u00e4lt sich mit der Pfote das Maul zu und miaut nicht.\" \/><\/div><\/div><div class=\"wrapper\"><div class=\"title align-center\"><h3><a href=\"https:\/\/uelzener.de\/magazin\/katze\/haeufige-fragen\/qualzucht-bei-katzen\/\">Qualzucht bei Katzen: Darauf musst du achten<\/a><\/h3><\/div><div class=\"img align-center\"><img decoding=\"async\" width=\"315\" height=\"180\" src=\"https:\/\/uelzener.de\/magazin\/app\/uploads\/2023\/04\/qualzucht-bei-katzen-highland-fold-315x180.jpg\" class=\"attachment-315x180 size-315x180 wp-post-image\" alt=\"Highland Fold Katze mit gefalteten Ohren und kurzen Beinen. Diese Rasse geh\u00f6rt zu den Qualzuchten bei Katzen.\" \/><\/div><\/div><\/div>\n\n<h2>FAQ: H\u00e4ufig gestellte Fragen zu Taubheit bei wei\u00dfen Katzen<\/h2>\n<h3>Sind alle wei\u00dfen Katzen taub?<\/h3>\n<p><span style=\"font-weight: 400;\">Nein, nicht alle wei\u00dfen Katzen sind taub und nicht alle tauben Katzen sind wei\u00df. Aufgrund der besonderen Auspr\u00e4gung des W-Gens besteht allerdings ein deutlich erh\u00f6htes Risiko f\u00fcr Merkmalstr\u00e4ger, taub oder schwerh\u00f6rig zur Welt zu kommen.\u00a0<\/span><\/p>\n<h3>Woran erkenne ich, ob meine wei\u00dfe Katze taub ist?<\/h3>\n<p><span style=\"font-weight: 400;\">Um herauszufinden, ob deine wei\u00dfe Katze taub ist, kannst du einfach \u00fcberpr\u00fcfen, wie sie auf Ger\u00e4usche und Ann\u00e4herung reagiert. Wenn du dich von hinten ann\u00e4herst, den Namen deiner Katze sagst und typische Lockger\u00e4usche machst, sollte sie \u2013 sofern sie h\u00f6ren kann \u2013 reagieren. Typischerweise drehen sich die Ohren in die Richtung, aus der die Ger\u00e4usche kommen, oder die Katze blickt dich direkt an. Eine Ber\u00fchrung \u2013 auch bei Ann\u00e4herung von au\u00dferhalb des Sichtfeldes \u2013 sollte nach akustischer Ank\u00fcndigung m\u00f6glich sein, ohne dass die Katze erschrickt. Wenn das alles nicht der Fall ist, also keinerlei Reaktionen auf Ger\u00e4usche zu erkennen sind und sie bei K\u00f6rperkontakt sichtlich zusammenzuckt, deutet das darauf hin, dass mit dem Geh\u00f6r etwas nicht stimmt oder vielleicht sogar eine Taubheit vorliegt. Ein m\u00f6glicher Hinweis, dass die Katze taub ist, kann auch vermehrtes und besonders lauten Schreien und Miauen sein. Das hat einfach damit zu tun, dass sich die Katze selbst nicht h\u00f6ren kann.<\/span><\/p>\n<h3>Ist Taubheit bei Katzen heilbar?<\/h3>\n<p><span style=\"font-weight: 400;\">Angeborene Taubheit bei Katzen ist genetisch bedingt und nicht heilbar. Liegt ein vermindertes H\u00f6rverm\u00f6gen aufgrund akuter Erkrankungen oder Verletzungen vor, kann es m\u00f6glich sein, dass sich das Geh\u00f6r nach Genesung wieder erholt, aber das h\u00e4ngt ganz von den individuellen Umst\u00e4nden ab. In jedem Fall sollte tier\u00e4rztlicher Rat eingeholt werden, wenn du den Verdacht hast, dass deine Katze taub ist oder schlecht h\u00f6rt. Tipp: Eine <\/span><span style=\"font-weight: 400;\">Katzenkrankenversicherung<\/span><span style=\"font-weight: 400;\"> sch\u00fctzt dich vor hohen Tierarztkosten, die durch Diagnostik, Behandlungen und vielleicht sogar notwendige Operationen entstehen k\u00f6nnen.<\/span><\/p>\n\n<div class=\"banner\">\n    <a href=\"https:\/\/uelzener.de\/katze\/katzen-krankenversicherung\/?agt=0000104925&sem=true&utm_medium=magazin&utm_source=wordpress&utm_campaign=katze_kv&utm_content=banner\">\n        <img decoding=\"async\" width=\"300\" height=\"212\" src=\"https:\/\/uelzener.de\/magazin\/app\/uploads\/2025\/01\/Katzen-Kranken-Versicherung.jpg\" class=\"attachment-medium size-medium\" alt=\"Banner Katzen-Kranken-Versicherung\" \/>    <\/a>\n<\/div>\n\n<h3>Worauf muss ich achten, wenn meine wei\u00dfe Katze taub ist?<\/h3>\n<p><span style=\"font-weight: 400;\">Ist deine wei\u00dfe Katze taub, dann liegt wahrscheinlich ein Gendefekt vor, was bedeutet, sie konnte noch nie h\u00f6ren. Von Geburt an taube Katzen kommen in der Regel gut zurecht, nur gilt es, einige Besonderheiten im Umgang zu beachten. Du solltest auf eine sichere Umgebung achten, dich vorsichtig n\u00e4hern, um sie nicht zu erschrecken, und alternative Kommunikationswege finden, etwa durch Gestik, Mimik, Vibration (vernehmbare Fu\u00dfschritte) oder dergleichen.<\/span><\/p>\n","protected":false},"excerpt":{"rendered":"<p>Zugegeben, kaum etwas ist niedlicher anzusehen als kleine, wei\u00dfe K\u00e4tzchen mit strahlend blauen Augen. Ganz unproblematisch ist dieser spezielle Ph\u00e4notyp bei Katzen allerdings nicht. Vielleicht hast du schon mal davon geh\u00f6rt, dass die Wahrscheinlichkeit, dass eine wei\u00dfe Katze taub ist, besonders hoch ausf\u00e4llt. Statistisch noch gr\u00f6\u00dfer wird dieses Risiko, wenn eine Kombination aus wei\u00dfem Fell [&hellip;]<\/p>\n","protected":false},"author":11,"featured_media":15408,"parent":11691,"menu_order":5,"comment_status":"closed","ping_status":"closed","template":"templates\/blog.php","meta":{"_acf_changed":false,"_crdt_document":"","footnotes":"","beyondwords_generate_audio":"0","beyondwords_project_id":"","beyondwords_content_id":"","beyondwords_preview_token":"","beyondwords_player_style":"","beyondwords_language_id":"","beyondwords_title_voice_id":"","beyondwords_body_voice_id":"","beyondwords_summary_voice_id":"","beyondwords_error_message":"","beyondwords_disabled":"","beyondwords_delete_content":"","beyondwords_podcast_id":"","beyondwords_hash":"","publish_post_to_speechkit":"","speechkit_hash":"","speechkit_generate_audio":"","speechkit_project_id":"","speechkit_podcast_id":"","speechkit_error_message":"","speechkit_disabled":"","speechkit_access_key":"","speechkit_error":"","speechkit_info":"","speechkit_response":"","speechkit_retries":"","speechkit_status":"","speechkit_updated_at":"","_speechkit_link":"","_speechkit_text":""},"class_list":["post-15406","page","type-page","status-publish","has-post-thumbnail","hentry"],"acf":[],"yoast_head":"<!-- This site is optimized with the Yoast SEO Premium plugin  - https:\/\/yoast.com\/product\/yoast-seo-premium-wordpress\/ -->\n<title>Wei\u00dfe Katze taub? Das sind die Ursachen | Uelzener Magazin<\/title>\n<meta name=\"description\" content=\"Vielleicht hast du schon mal davon geh\u00f6rt, dass die Wahrscheinlichkeit, dass eine wei\u00dfe Katze taub ist, besonders hoch ausf\u00e4llt. Wir kl\u00e4ren auf, woran das liegt.\u00a0\" \/>\n<meta name=\"robots\" content=\"index, follow, max-snippet:-1, max-image-preview:large, max-video-preview:-1\" \/>\n<link rel=\"canonical\" href=\"https:\/\/uelzener.de\/magazin\/katze\/haeufige-fragen\/weisse-katze-taub-ursachen\/\" \/>\n<meta property=\"og:locale\" content=\"de_DE\" \/>\n<meta property=\"og:type\" content=\"article\" \/>\n<meta property=\"og:title\" content=\"Wei\u00dfe Katze taub? Das sind die Ursachen\" \/>\n<meta property=\"og:description\" content=\"Vielleicht hast du schon mal davon geh\u00f6rt, dass die Wahrscheinlichkeit, dass eine wei\u00dfe Katze taub ist, besonders hoch ausf\u00e4llt. Wir kl\u00e4ren auf, woran das liegt.\u00a0\" \/>\n<meta property=\"og:url\" content=\"https:\/\/uelzener.de\/magazin\/katze\/haeufige-fragen\/weisse-katze-taub-ursachen\/\" \/>\n<meta property=\"og:site_name\" content=\"Uelzener Tier-Magazin\" \/>\n<meta property=\"article:publisher\" content=\"https:\/\/www.facebook.com\/Uelzener\" \/>\n<meta property=\"article:modified_time\" content=\"2026-01-06T17:07:22+00:00\" \/>\n<meta property=\"og:image\" content=\"https:\/\/uelzener.de\/magazin\/app\/uploads\/2023\/04\/weisse-katze-taub.jpg\" \/>\n\t<meta property=\"og:image:width\" content=\"1025\" \/>\n\t<meta property=\"og:image:height\" content=\"450\" \/>\n\t<meta property=\"og:image:type\" content=\"image\/jpeg\" \/>\n<meta name=\"twitter:card\" content=\"summary_large_image\" \/>\n<meta name=\"twitter:label1\" content=\"Gesch\u00e4tzte Lesezeit\" \/>\n\t<meta name=\"twitter:data1\" content=\"8\u00a0Minuten\" \/>\n<script type=\"application\/ld+json\" class=\"yoast-schema-graph\">{\"@context\":\"https:\/\/schema.org\",\"@graph\":[{\"@type\":\"WebPage\",\"@id\":\"https:\/\/uelzener.de\/magazin\/katze\/haeufige-fragen\/weisse-katze-taub-ursachen\/\",\"url\":\"https:\/\/uelzener.de\/magazin\/katze\/haeufige-fragen\/weisse-katze-taub-ursachen\/\",\"name\":\"Wei\u00dfe Katze taub? Das sind die Ursachen | Uelzener Magazin\",\"isPartOf\":{\"@id\":\"https:\/\/uelzener.de\/magazin\/#website\"},\"primaryImageOfPage\":{\"@id\":\"https:\/\/uelzener.de\/magazin\/katze\/haeufige-fragen\/weisse-katze-taub-ursachen\/#primaryimage\"},\"image\":{\"@id\":\"https:\/\/uelzener.de\/magazin\/katze\/haeufige-fragen\/weisse-katze-taub-ursachen\/#primaryimage\"},\"thumbnailUrl\":\"https:\/\/uelzener.de\/magazin\/app\/uploads\/2023\/04\/weisse-katze-taub.jpg\",\"datePublished\":\"2023-05-11T08:00:02+00:00\",\"dateModified\":\"2026-01-06T17:07:22+00:00\",\"description\":\"Vielleicht hast du schon mal davon geh\u00f6rt, dass die Wahrscheinlichkeit, dass eine wei\u00dfe Katze taub ist, besonders hoch ausf\u00e4llt. Wir kl\u00e4ren auf, woran das liegt.\u00a0\",\"breadcrumb\":{\"@id\":\"https:\/\/uelzener.de\/magazin\/katze\/haeufige-fragen\/weisse-katze-taub-ursachen\/#breadcrumb\"},\"inLanguage\":\"de\",\"potentialAction\":[{\"@type\":\"ReadAction\",\"target\":[\"https:\/\/uelzener.de\/magazin\/katze\/haeufige-fragen\/weisse-katze-taub-ursachen\/\"]}]},{\"@type\":\"ImageObject\",\"inLanguage\":\"de\",\"@id\":\"https:\/\/uelzener.de\/magazin\/katze\/haeufige-fragen\/weisse-katze-taub-ursachen\/#primaryimage\",\"url\":\"https:\/\/uelzener.de\/magazin\/app\/uploads\/2023\/04\/weisse-katze-taub.jpg\",\"contentUrl\":\"https:\/\/uelzener.de\/magazin\/app\/uploads\/2023\/04\/weisse-katze-taub.jpg\",\"width\":1025,\"height\":450,\"caption\":\"Wei\u00dfe Katze mit hellblauen Augen steht im Geb\u00fcsch.\"},{\"@type\":\"WebSite\",\"@id\":\"https:\/\/uelzener.de\/magazin\/#website\",\"url\":\"https:\/\/uelzener.de\/magazin\/\",\"name\":\"Uelzener Tiermagazin\",\"description\":\"Online Tierratgeber der Uelzener Versicherungen\",\"publisher\":{\"@id\":\"https:\/\/uelzener.de\/magazin\/#organization\"},\"potentialAction\":[{\"@type\":\"SearchAction\",\"target\":{\"@type\":\"EntryPoint\",\"urlTemplate\":\"https:\/\/uelzener.de\/magazin\/?s={search_term_string}\"},\"query-input\":{\"@type\":\"PropertyValueSpecification\",\"valueRequired\":true,\"valueName\":\"search_term_string\"}}],\"inLanguage\":\"de\"},{\"@type\":\"Organization\",\"@id\":\"https:\/\/uelzener.de\/magazin\/#organization\",\"name\":\"Uelzener Versicherungen\",\"url\":\"https:\/\/uelzener.de\/magazin\/\",\"logo\":{\"@type\":\"ImageObject\",\"inLanguage\":\"de\",\"@id\":\"https:\/\/uelzener.de\/magazin\/#\/schema\/logo\/image\/\",\"url\":\"https:\/\/uelzener.de\/magazin\/app\/uploads\/2024\/11\/uelzener_allgemeine_versicherungsgesellschaft_a_g_logo.jpg\",\"contentUrl\":\"https:\/\/uelzener.de\/magazin\/app\/uploads\/2024\/11\/uelzener_allgemeine_versicherungsgesellschaft_a_g_logo.jpg\",\"width\":200,\"height\":200,\"caption\":\"Uelzener Versicherungen\"},\"image\":{\"@id\":\"https:\/\/uelzener.de\/magazin\/#\/schema\/logo\/image\/\"},\"sameAs\":[\"https:\/\/www.facebook.com\/Uelzener\",\"https:\/\/instagram.com\/uelzener\",\"https:\/\/www.xing.com\/pages\/uelzenerallgemeineversicherungs-gesellschafta-g\",\"https:\/\/www.youtube.com\/UelzenerVersicherungen\"]}]}<\/script>\n<!-- \/ Yoast SEO Premium plugin. -->","yoast_head_json":{"title":"Wei\u00dfe Katze taub? Das sind die Ursachen | Uelzener Magazin","description":"Vielleicht hast du schon mal davon geh\u00f6rt, dass die Wahrscheinlichkeit, dass eine wei\u00dfe Katze taub ist, besonders hoch ausf\u00e4llt. Wir kl\u00e4ren auf, woran das liegt.\u00a0","robots":{"index":"index","follow":"follow","max-snippet":"max-snippet:-1","max-image-preview":"max-image-preview:large","max-video-preview":"max-video-preview:-1"},"canonical":"https:\/\/uelzener.de\/magazin\/katze\/haeufige-fragen\/weisse-katze-taub-ursachen\/","og_locale":"de_DE","og_type":"article","og_title":"Wei\u00dfe Katze taub? Das sind die Ursachen","og_description":"Vielleicht hast du schon mal davon geh\u00f6rt, dass die Wahrscheinlichkeit, dass eine wei\u00dfe Katze taub ist, besonders hoch ausf\u00e4llt. Wir kl\u00e4ren auf, woran das liegt.\u00a0","og_url":"https:\/\/uelzener.de\/magazin\/katze\/haeufige-fragen\/weisse-katze-taub-ursachen\/","og_site_name":"Uelzener Tier-Magazin","article_publisher":"https:\/\/www.facebook.com\/Uelzener","article_modified_time":"2026-01-06T17:07:22+00:00","og_image":[{"width":1025,"height":450,"url":"https:\/\/uelzener.de\/magazin\/app\/uploads\/2023\/04\/weisse-katze-taub.jpg","type":"image\/jpeg"}],"twitter_card":"summary_large_image","twitter_misc":{"Gesch\u00e4tzte Lesezeit":"8\u00a0Minuten"},"schema":{"@context":"https:\/\/schema.org","@graph":[{"@type":"WebPage","@id":"https:\/\/uelzener.de\/magazin\/katze\/haeufige-fragen\/weisse-katze-taub-ursachen\/","url":"https:\/\/uelzener.de\/magazin\/katze\/haeufige-fragen\/weisse-katze-taub-ursachen\/","name":"Wei\u00dfe Katze taub? Das sind die Ursachen | Uelzener Magazin","isPartOf":{"@id":"https:\/\/uelzener.de\/magazin\/#website"},"primaryImageOfPage":{"@id":"https:\/\/uelzener.de\/magazin\/katze\/haeufige-fragen\/weisse-katze-taub-ursachen\/#primaryimage"},"image":{"@id":"https:\/\/uelzener.de\/magazin\/katze\/haeufige-fragen\/weisse-katze-taub-ursachen\/#primaryimage"},"thumbnailUrl":"https:\/\/uelzener.de\/magazin\/app\/uploads\/2023\/04\/weisse-katze-taub.jpg","datePublished":"2023-05-11T08:00:02+00:00","dateModified":"2026-01-06T17:07:22+00:00","description":"Vielleicht hast du schon mal davon geh\u00f6rt, dass die Wahrscheinlichkeit, dass eine wei\u00dfe Katze taub ist, besonders hoch ausf\u00e4llt. Wir kl\u00e4ren auf, woran das liegt.\u00a0","breadcrumb":{"@id":"https:\/\/uelzener.de\/magazin\/katze\/haeufige-fragen\/weisse-katze-taub-ursachen\/#breadcrumb"},"inLanguage":"de","potentialAction":[{"@type":"ReadAction","target":["https:\/\/uelzener.de\/magazin\/katze\/haeufige-fragen\/weisse-katze-taub-ursachen\/"]}]},{"@type":"ImageObject","inLanguage":"de","@id":"https:\/\/uelzener.de\/magazin\/katze\/haeufige-fragen\/weisse-katze-taub-ursachen\/#primaryimage","url":"https:\/\/uelzener.de\/magazin\/app\/uploads\/2023\/04\/weisse-katze-taub.jpg","contentUrl":"https:\/\/uelzener.de\/magazin\/app\/uploads\/2023\/04\/weisse-katze-taub.jpg","width":1025,"height":450,"caption":"Wei\u00dfe Katze mit hellblauen Augen steht im Geb\u00fcsch."},{"@type":"WebSite","@id":"https:\/\/uelzener.de\/magazin\/#website","url":"https:\/\/uelzener.de\/magazin\/","name":"Uelzener Tiermagazin","description":"Online Tierratgeber der Uelzener Versicherungen","publisher":{"@id":"https:\/\/uelzener.de\/magazin\/#organization"},"potentialAction":[{"@type":"SearchAction","target":{"@type":"EntryPoint","urlTemplate":"https:\/\/uelzener.de\/magazin\/?s={search_term_string}"},"query-input":{"@type":"PropertyValueSpecification","valueRequired":true,"valueName":"search_term_string"}}],"inLanguage":"de"},{"@type":"Organization","@id":"https:\/\/uelzener.de\/magazin\/#organization","name":"Uelzener Versicherungen","url":"https:\/\/uelzener.de\/magazin\/","logo":{"@type":"ImageObject","inLanguage":"de","@id":"https:\/\/uelzener.de\/magazin\/#\/schema\/logo\/image\/","url":"https:\/\/uelzener.de\/magazin\/app\/uploads\/2024\/11\/uelzener_allgemeine_versicherungsgesellschaft_a_g_logo.jpg","contentUrl":"https:\/\/uelzener.de\/magazin\/app\/uploads\/2024\/11\/uelzener_allgemeine_versicherungsgesellschaft_a_g_logo.jpg","width":200,"height":200,"caption":"Uelzener Versicherungen"},"image":{"@id":"https:\/\/uelzener.de\/magazin\/#\/schema\/logo\/image\/"},"sameAs":["https:\/\/www.facebook.com\/Uelzener","https:\/\/instagram.com\/uelzener","https:\/\/www.xing.com\/pages\/uelzenerallgemeineversicherungs-gesellschafta-g","https:\/\/www.youtube.com\/UelzenerVersicherungen"]}]}},"_links":{"self":[{"href":"https:\/\/uelzener.de\/magazin\/wp-json\/wp\/v2\/pages\/15406","targetHints":{"allow":["GET"]}}],"collection":[{"href":"https:\/\/uelzener.de\/magazin\/wp-json\/wp\/v2\/pages"}],"about":[{"href":"https:\/\/uelzener.de\/magazin\/wp-json\/wp\/v2\/types\/page"}],"author":[{"embeddable":true,"href":"https:\/\/uelzener.de\/magazin\/wp-json\/wp\/v2\/users\/11"}],"replies":[{"embeddable":true,"href":"https:\/\/uelzener.de\/magazin\/wp-json\/wp\/v2\/comments?post=15406"}],"version-history":[{"count":8,"href":"https:\/\/uelzener.de\/magazin\/wp-json\/wp\/v2\/pages\/15406\/revisions"}],"predecessor-version":[{"id":19686,"href":"https:\/\/uelzener.de\/magazin\/wp-json\/wp\/v2\/pages\/15406\/revisions\/19686"}],"up":[{"embeddable":true,"href":"https:\/\/uelzener.de\/magazin\/wp-json\/wp\/v2\/pages\/11691"}],"wp:featuredmedia":[{"embeddable":true,"href":"https:\/\/uelzener.de\/magazin\/wp-json\/wp\/v2\/media\/15408"}],"wp:attachment":[{"href":"https:\/\/uelzener.de\/magazin\/wp-json\/wp\/v2\/media?parent=15406"}],"curies":[{"name":"wp","href":"https:\/\/api.w.org\/{rel}","templated":true}]}}