{"id":15258,"date":"2023-04-18T09:50:40","date_gmt":"2023-04-18T07:50:40","guid":{"rendered":"https:\/\/uelzener.de\/magazin\/?page_id=15258"},"modified":"2025-11-13T11:43:59","modified_gmt":"2025-11-13T10:43:59","slug":"dna-uebereinstimmung-katze-mensch","status":"publish","type":"page","link":"https:\/\/uelzener.de\/magazin\/katze\/haeufige-fragen\/dna-uebereinstimmung-katze-mensch\/","title":{"rendered":"DNA-\u00dcbereinstimmung zwischen Katze und Mensch: Wie \u00e4hnlich sind wir unseren Stubentigern?"},"content":{"rendered":"<p><span style=\"font-weight: 400;\">Dass der Mensch dem Affen genetisch am n\u00e4chsten steht, ist anhand von DNA-Analysen nachgewiesen und gilt als unstrittig. Mit einer \u00c4hnlichkeit von 96 % bis knapp 99 % \u2013 je nach Berechnungsmodus \u2013 sind die Genome von Menschen und Menschenaffen wie Schimpansen, Bonobos, Gorillas und Orang-Utans fast identisch. Auch wenn sich der Mensch unter anderem in der F\u00e4higkeit zu sprechen vom Affen unterscheidet, w\u00fcrde kaum jemand bezweifeln, dass beide Spezies eng miteinander verwandt sind, da es \u00c4hnlichkeiten in Bezug auf den Ph\u00e4notypen, also die \u00e4u\u00dfere Erscheinung, und im Verhalten gibt.\u00a0<\/span><\/p>\n<p><span style=\"font-weight: 400;\">Wie sieht es aber bei Katzen aus? Unsere Stubentiger zeigen gelegentlich Verhaltensweisen, die menschlich interpretierbar w\u00e4ren, und sie sind in der Lage, Stimmungen und Gef\u00fchle auszudr\u00fccken. Aufgrund ihrer g\u00e4nzlich anderen Gestalt w\u00fcrde man aber wohl nicht so schnell auf die Idee kommen, dass die Katzen-DNA der Menschen-DNA mehr \u00e4hnelt, als es im Vergleich mit Hunden und anderen Tieren der Fall ist. Genau das haben Forschende aber herausgefunden.<\/span><\/p>\n<h2>Studien zeigen: Katze und Mensch stehen sich genetisch nah<\/h2>\n<p><span style=\"font-weight: 400;\">Die US-amerikanische Wissenschaftlerin Dr. Leslie Lyons, t\u00e4tig an der University of Missouri in Columbia, forscht seit vielen Jahren zur Genetik von Katzen und hat 2020 gemeinsam mit einem Team von Kolleginnen und Kollegen einen Fachbeitrag mit dem Titel <\/span><i><span style=\"font-weight: 400;\">A new domestic cat genome assembly based on long sequence reads empowers feline genomic medicine and identifies a novel gene for dwarfism<\/span><\/i><span style=\"font-weight: 400;\"> ver\u00f6ffentlicht. Hierin wurde das Ergebnis einer Erbgutuntersuchung vorgestellt, der DNA-Proben von 54 Hauskatzen zugrunde lagen. Auf Basis dieser Proben ist es den Forschenden gelungen, das Genom der Hauskatze (<\/span><i><span style=\"font-weight: 400;\">Felis catus<\/span><\/i><span style=\"font-weight: 400;\">) detailliert zu sequenzieren und zu zeigen, dass es dem menschlichen Genom in vielerlei Hinsicht gleicht.\u00a0<\/span><\/p>\n<p><span style=\"font-weight: 400;\">Was lange Zeit vermutet wurde und sich durch gro\u00df angelegte Studien, die bis ins Jahr 2007 (Wesley Warren) zur\u00fcckreichen, bereits andeutete, ist durch die Arbeit von Lyons und Erkenntnisse von anderen Forschenden nunmehr Gewissheit. Hauskatzen stehen auf Basis von DNA-\u00dcbereinstimmungen (ca. 90 %) dem Menschen deutlich n\u00e4her als beispielsweise Hunde (82%), Ratten (69 %) und M\u00e4use (67 %).\u00a0<\/span><\/p>\n<h2>Der Mensch hat das Erbgut von Katzen beeinflusst<\/h2>\n<p><span style=\"font-weight: 400;\">Katzen und Menschen leben schon seit Jahrtausenden zusammen. Funde von Katzenknochen in Mesopotamien, Jordanien und S\u00fcdost-Anatolien belegen, dass sich die Vierbeiner bereits vor 9000 Jahren den Menschen anschlossen \u2013 einhergehend mit dem Beginn der Sesshaftigkeit. Zwar gelten Katzen im Gegensatz zu Hunden nur als semi-domestiziert, was bedeutet, dass sie sich nicht komplett von ihren wilden Verwandten isolieren und in der Lage sind, sich unabh\u00e4ngig vom Menschen zu versorgen und ihre Nachkommen aufzuziehen, nichtsdestoweniger haben die vielen Jahre der Ko-Existenz im wortw\u00f6rtlichen Sinne Spuren hinterlassen, und zwar im Erbgut.\u00a0\u00a0<\/span><\/p>\n<p><span style=\"font-weight: 400;\">Lange Zeit ging man davon aus, dass das Genom der Hauskatze dem der <a href=\"https:\/\/uelzener.de\/magazin\/katze\/haeufige-fragen\/wildkatze\/\" target=\"_blank\" rel=\"noopener\">Wildkatze<\/a> stark \u00e4hneln m\u00fcsse. DNA-Studien des US-Forschers Wesley Warren von der Washington University School of Medicine in St. Louis, die 2007 ver\u00f6ffentlicht wurden, zeigen jedoch etwas anderes. In Zusammenarbeit mit anderen Wissenschaftlerinnen und Wissenschaftlern ist es ihm gelungen, das Genom der Abessinier-Katze vollst\u00e4ndig zu entschl\u00fcsseln und mit den Genomen von zwei Wildkatzenarten zu vergleichen. Da die Abessinier-Katze zu den \u00e4ltesten gez\u00fcchteten Katzenrassen der Welt geh\u00f6rt, steht sie repr\u00e4sentativ f\u00fcr die typische Hauskatze. Ihr Erbgut wurde auch mit dem von W\u00f6lfen und Hunden verglichen, um nachzuvollziehen, ob die Hauskatze spezifische Anpassungserscheinungen an ihre Umwelt und im Zusammenhang mit der Domestizierung zeigt.<\/span><\/p>\n<p><span style=\"font-weight: 400;\">Beim Vergleich zwischen Wildkatze und Hauskatze stellte sich heraus, dass sich die Arten nicht so stark \u00e4hneln, wie angenommen. Es gibt f\u00fcnf Regionen im Genom der Hauskatze, die von dem der Wildkatze abweichen und vermutlich auf das Zusammenleben mit dem Menschen zur\u00fcckzuf\u00fchren sind. Hauskatzen unterscheiden sich von Wildkatzen im Hinblick auf:\u00a0<\/span><\/p>\n<ul>\n<li style=\"font-weight: 400;\" aria-level=\"1\"><span style=\"font-weight: 400;\">das Angstverhalten<\/span><\/li>\n<li style=\"font-weight: 400;\" aria-level=\"1\"><span style=\"font-weight: 400;\">das belohnungsgesteuerte Lernverhalten<\/span><\/li>\n<li style=\"font-weight: 400;\" aria-level=\"1\"><span style=\"font-weight: 400;\">die Ged\u00e4chtnisbildung<\/span><\/li>\n<li style=\"font-weight: 400;\" aria-level=\"1\"><span style=\"font-weight: 400;\">den Fettstoffwechsel\u00a0<\/span><\/li>\n<li style=\"font-weight: 400;\" aria-level=\"1\"><span style=\"font-weight: 400;\">die Seh- und H\u00f6rf\u00e4higkeiten<\/span><\/li>\n<\/ul>\n<p><span style=\"font-weight: 400;\">Der Mensch hat auf das Genom der Katze in gewisser Weise Einfluss genommen. Das zeigt sich zum Beispiel darin, dass die Hauskatze kein derart scheues Verhalten an den Tag legt wie die Wildkatze. Oder dass sie den Menschen, an die sie sich bindet, M\u00e4use und andere gefangene Beutetiere pr\u00e4sentiert in Erwartung, daf\u00fcr belohnt zu werden. Dar\u00fcber hinaus sind ihre Sehf\u00e4higkeiten bei schlechtem Licht st\u00e4rker ausgepr\u00e4gt als bei Hunden. Da Hauskatzen sogar Ultraschall wahrnehmen k\u00f6nnen, ist ihr Geh\u00f6rsinn besser entwickelt als bei vielen anderen Tieren.\u00a0<\/span><\/p>\n<h2>Genetische N\u00e4he zwischen Katze und Mensch: Chancen und Potenziale<\/h2>\n<p><span style=\"font-weight: 400;\">Dass sich Hauskatze und Mensch genetisch so nahestehen, kann man sich zunutze machen \u2013 und zwar wenn es um die Erforschung von menschlichen Krankheiten und die Entwicklung von Therapie- und Medikationsm\u00f6glichkeiten geht. Zun\u00e4chst einmal ist zu beobachten, dass Menschen und Katzen teilweise die gleichen Erkrankungen und Symptomatiken entwickeln. Dazu geh\u00f6ren beispielsweise <a href=\"https:\/\/uelzener.de\/magazin\/katze\/tiergesundheit\/diabetes-bei-katzen\/\">Diabetes<\/a> und \u00dcbergewicht bzw. Adipositas. Beides nimmt aufgrund von ung\u00fcnstigen Ern\u00e4hrungsgewohnheiten vor allem in der westlichen Welt rasant zu. Aufgrund ihrer N\u00e4he zum Menschen haben Hauskatzen anscheinend eine \u00e4hnliche Pr\u00e4disposition. Da solche Erkrankungen vermehrt in Erscheinung treten, sind eine <\/span><span style=\"font-weight: 400;\">Krankenversicherung<\/span><span style=\"font-weight: 400;\"> und <\/span><span style=\"font-weight: 400;\">OP-Versicherung<\/span><span style=\"font-weight: 400;\"> f\u00fcr Hauskatzen sehr empfehlenswert, um Behandlungen, Arzneimittel und gegebenenfalls Krankenhausaufenthalte nicht aus eigener Tasche zahlen zu m\u00fcssen.<\/span><\/p>\n\n<div class=\"banner\">\n    <a href=\"https:\/\/uelzener.de\/katze\/katzen-krankenversicherung\/?agt=0000104925&sem=true&utm_medium=magazin&utm_source=wordpress&utm_campaign=katze_kv&utm_content=banner\">\n        <img decoding=\"async\" width=\"300\" height=\"212\" src=\"https:\/\/uelzener.de\/magazin\/app\/uploads\/2025\/01\/Katzen-Kranken-Versicherung.jpg\" class=\"attachment-medium size-medium\" alt=\"Banner Katzen-Kranken-Versicherung\" \/>    <\/a>\n<\/div>\n\n\n<div class=\"banner\">\n    <a href=\"https:\/\/uelzener.de\/katze\/katzen-op-versicherung\/?agt=0000104925&sem=true&utm_medium=magazin&utm_source=wordpress&utm_campaign=katze_op&utm_content=banner\">\n        <img decoding=\"async\" width=\"300\" height=\"212\" src=\"https:\/\/uelzener.de\/magazin\/app\/uploads\/2025\/01\/Katzen-OP-Versicherung.jpg\" class=\"attachment-medium size-medium\" alt=\"Banner Katzen-OP-Versicherung\" \/>    <\/a>\n<\/div>\n\n<p><span style=\"font-weight: 400;\">Des Weiteren k\u00f6nnen Katzen bei der Erforschung von Infektionskrankheiten wie Aids hilfreich sein, da bei ihnen ein HIV-\u00e4hnliches Virus vorkommt: das <a href=\"https:\/\/uelzener.de\/magazin\/katze\/tiergesundheit\/fiv-katzen-aids\/\" target=\"_blank\" rel=\"noopener\">Feline Immundefizienz-Virus (FIV)<\/a>. Es wird vorrangig durch Bisse und ausschlie\u00dflich von Katze zu Katze \u00fcbertragen. Der Krankheitsverlauf hat gro\u00dfe \u00c4hnlichkeit mit einer HIV-Erkrankung, woraus sich viel Potenzial f\u00fcr neue Einblicke ergibt, die dabei helfen, Aids beim Menschen besser zu verstehen.<\/span><\/p>\n<p><span style=\"font-weight: 400;\">Katzen und Menschen haben ebenso Gemeinsamkeiten im Hinblick auf genetisch bedingte Krankheiten. Bei Hauskatzen wurden bislang mehr als 250 Erbkrankheiten verzeichnet, die beim Menschen in \u00e4hnlicher Form vorkommen. Dazu geh\u00f6rt beispielsweise eine Netzhautdegeneration namens Retinitis pigmentosa, die zur <a href=\"https:\/\/uelzener.de\/magazin\/katze\/tiergesundheit\/blinde-katze\/\">Blindheit<\/a> f\u00fchren kann. Des Weiteren ist bei bestimmten Katzenrassen die polyzystische Nierenerkrankung verbreitet, die ebenfalls den Menschen betrifft. Hierbei bilden sich Zysten in den Nieren, was langfristig in einer Niereninsuffizienz und schlie\u00dflich in einem kompletten Nierenversagen resultieren kann.\u00a0<\/span><\/p>\n<p><span style=\"font-weight: 400;\">Wenn es gelingt, eine Gentherapie zu entwickeln, die erkrankte Katzen heilt, besteht die Chance, daraus Erkenntnisse und Therapiemethoden f\u00fcr den Menschen abzuleiten. Getreu dem Motto: Was der Katze hilft, hilft vielleicht auch unserer Spezies. F\u00fcr das Tay-Sachs-Syndrom bei Katzen wurde bereits eine Gentherapie entwickelt. Dabei handelt es sich um eine neurologische Erbkrankheit, die durch ein defektes Gen verursacht wird. F\u00fcr den Menschen ist sie bislang nicht heilbar. Kinder, die daran erkranken, werden kaum \u00e4lter als 5 Jahre. Aktuell wird daran gearbeitet, auf Basis der Therapie f\u00fcr Katzen Behandlungsm\u00f6glichkeiten f\u00fcr den Menschen zu entwickeln.<\/span><\/p>\n<p><span style=\"font-weight: 400;\">Aufgrund ihrer genetischen N\u00e4he und der \u00e4hnlichen Lebensumst\u00e4nde eignen sich Katzen besser f\u00fcr Forschungen im Bereich der Medizin und Genetik als Ratten und M\u00e4use. Da sie aufgrund ihrer Veranlagung gleiche oder \u00e4hnliche Krankheiten herausbilden wie der Mensch, ist es nicht notwendig, sie erst damit zu infizieren. Das hei\u00dft nicht, dass Katzen die neuen Versuchskaninchen darstellen und ein Dasein im Labor fristen m\u00fcssen. Leslie Lyons zufolge k\u00f6nnen genetische Untersuchungen sehr schonend durchgef\u00fchrt werden, indem einfach nur ein Backenabstrich gemacht wird, um eine DNA-Probe zu erhalten. Zu diesem Zweck werden kleine B\u00fcrsten aus Draht an den Schleimh\u00e4uten im Maul entlanggef\u00fchrt. Aus dem Abstrich l\u00e4sst sich die DNA extrahieren und f\u00fcr Versuchszwecke verwenden.\u00a0<\/span><\/p>\n<h2>Fazit<\/h2>\n<p><span style=\"font-weight: 400;\">Trotz ihrer genetischen N\u00e4he zum Menschen spielen Katzen in der Forschung zu genetischen und medizinischen Themen nach wie vor eine untergeordnete Rolle. Das k\u00f6nnte sich in der Zukunft jedoch \u00e4ndern. Die genetische Verwandtschaft birgt einen gro\u00dfen Nutzen und viel Potenzial, wenn es darum geht, Krankheiten und Gendefekte besser zu verstehen und Formen der Therapie daf\u00fcr zu entwickeln.\u00a0<\/span><\/p>\n<h2>FAQ: H\u00e4ufig gestellte Fragen zum Thema Genetik von Katze und Mensch<\/h2>\n<h3>Worin unterscheidet sich das Genom von Mensch und Katze von den Genomen von Hund und Maus?<\/h3>\n<p><span style=\"font-weight: 400;\">Die Genome von Hund und Maus sind \u2013 vereinfacht gesagt \u2013 ungeordnet. Demgegen\u00fcber sind die Genome von Mensch und Katze geordnet und konserviert. Au\u00dferdem sind die Chromosomen von Menschen und Katzen etwa gleich gro\u00df, w\u00e4hrend die Chromosomen von Hund und Maus in der Gr\u00f6\u00dfe abweichen.<\/span><\/p>\n<h3>Wie setzen sich die Genome von Katze und Mensch zusammen?<\/h3>\n<p><span style=\"font-weight: 400;\">Das Genom des Menschen setzt sich im Normalfall aus 46 Chromosomen zusammen, bei Katzen sind es 38. Bei beiden Spezies kommen vereinzelt Chromosomenanomalien vor. Hierbei schwankt meist die Anzahl der Geschlechtschromosomen.<\/span><\/p>\n<h3>Wie viele Gene hat eine Hauskatze?<\/h3>\n<p><span style=\"font-weight: 400;\">Eine Hauskatze hat etwa 50.000 Gene, davon sind 22.285 proteincodierend. Proteincodierende Gene sind solche, die Informationen zur Bildung von Proteinen enthalten.<\/span><\/p>\n","protected":false},"excerpt":{"rendered":"<p>Dass der Mensch dem Affen genetisch am n\u00e4chsten steht, ist anhand von DNA-Analysen nachgewiesen und gilt als unstrittig. Mit einer \u00c4hnlichkeit von 96 % bis knapp 99 % \u2013 je nach Berechnungsmodus \u2013 sind die Genome von Menschen und Menschenaffen wie Schimpansen, Bonobos, Gorillas und Orang-Utans fast identisch. Auch wenn sich der Mensch unter anderem [&hellip;]<\/p>\n","protected":false},"author":11,"featured_media":15262,"parent":11691,"menu_order":25,"comment_status":"closed","ping_status":"closed","template":"templates\/blog.php","meta":{"_acf_changed":false,"_crdt_document":"","footnotes":"","beyondwords_generate_audio":"0","beyondwords_project_id":"","beyondwords_content_id":"","beyondwords_preview_token":"","beyondwords_player_style":"","beyondwords_language_id":"","beyondwords_title_voice_id":"","beyondwords_body_voice_id":"","beyondwords_summary_voice_id":"","beyondwords_error_message":"","beyondwords_disabled":"","beyondwords_delete_content":"","beyondwords_podcast_id":"","beyondwords_hash":"","publish_post_to_speechkit":"","speechkit_hash":"","speechkit_generate_audio":"","speechkit_project_id":"","speechkit_podcast_id":"","speechkit_error_message":"","speechkit_disabled":"","speechkit_access_key":"","speechkit_error":"","speechkit_info":"","speechkit_response":"","speechkit_retries":"","speechkit_status":"","speechkit_updated_at":"","_speechkit_link":"","_speechkit_text":""},"class_list":["post-15258","page","type-page","status-publish","has-post-thumbnail","hentry"],"acf":[],"yoast_head":"<!-- This site is optimized with the Yoast SEO Premium plugin  - https:\/\/yoast.com\/product\/yoast-seo-premium-wordpress\/ -->\n<title>DNA-\u00dcbereinstimmung zwischen Katze und Mensch: Wie \u00e4hnlich sind wir unseren Stubentigern? | Uelzener Magazin<\/title>\n<meta name=\"description\" content=\"Dass der Mensch dem Affen genetisch am n\u00e4chsten steht, ist anhand von DNA-Analysen nachgewiesen und gilt als unstrittig. Wie sieht es aber bei Katzen aus?\" \/>\n<meta name=\"robots\" content=\"index, follow, max-snippet:-1, max-image-preview:large, max-video-preview:-1\" \/>\n<link rel=\"canonical\" href=\"https:\/\/uelzener.de\/magazin\/katze\/haeufige-fragen\/dna-uebereinstimmung-katze-mensch\/\" \/>\n<meta property=\"og:locale\" content=\"de_DE\" \/>\n<meta property=\"og:type\" content=\"article\" \/>\n<meta property=\"og:title\" content=\"DNA-\u00dcbereinstimmung zwischen Katze und Mensch: Wie \u00e4hnlich sind wir unseren Stubentigern?\" \/>\n<meta property=\"og:description\" content=\"Dass der Mensch dem Affen genetisch am n\u00e4chsten steht, ist anhand von DNA-Analysen nachgewiesen und gilt als unstrittig. Wie sieht es aber bei Katzen aus?\" \/>\n<meta property=\"og:url\" content=\"https:\/\/uelzener.de\/magazin\/katze\/haeufige-fragen\/dna-uebereinstimmung-katze-mensch\/\" \/>\n<meta property=\"og:site_name\" content=\"Uelzener Tier-Magazin\" \/>\n<meta property=\"article:publisher\" content=\"https:\/\/www.facebook.com\/Uelzener\" \/>\n<meta property=\"article:modified_time\" content=\"2025-11-13T10:43:59+00:00\" \/>\n<meta property=\"og:image\" content=\"https:\/\/uelzener.de\/magazin\/app\/uploads\/2023\/04\/dna-uebereinstimmung-katze-mensch.jpg\" \/>\n\t<meta property=\"og:image:width\" content=\"1025\" \/>\n\t<meta property=\"og:image:height\" content=\"450\" \/>\n\t<meta property=\"og:image:type\" content=\"image\/jpeg\" \/>\n<meta name=\"twitter:card\" content=\"summary_large_image\" \/>\n<meta name=\"twitter:label1\" content=\"Gesch\u00e4tzte Lesezeit\" \/>\n\t<meta name=\"twitter:data1\" content=\"8\u00a0Minuten\" \/>\n<script type=\"application\/ld+json\" class=\"yoast-schema-graph\">{\"@context\":\"https:\\\/\\\/schema.org\",\"@graph\":[{\"@type\":\"WebPage\",\"@id\":\"https:\\\/\\\/uelzener.de\\\/magazin\\\/katze\\\/haeufige-fragen\\\/dna-uebereinstimmung-katze-mensch\\\/\",\"url\":\"https:\\\/\\\/uelzener.de\\\/magazin\\\/katze\\\/haeufige-fragen\\\/dna-uebereinstimmung-katze-mensch\\\/\",\"name\":\"DNA-\u00dcbereinstimmung zwischen Katze und Mensch: Wie \u00e4hnlich sind wir unseren Stubentigern? | Uelzener Magazin\",\"isPartOf\":{\"@id\":\"https:\\\/\\\/uelzener.de\\\/magazin\\\/#website\"},\"primaryImageOfPage\":{\"@id\":\"https:\\\/\\\/uelzener.de\\\/magazin\\\/katze\\\/haeufige-fragen\\\/dna-uebereinstimmung-katze-mensch\\\/#primaryimage\"},\"image\":{\"@id\":\"https:\\\/\\\/uelzener.de\\\/magazin\\\/katze\\\/haeufige-fragen\\\/dna-uebereinstimmung-katze-mensch\\\/#primaryimage\"},\"thumbnailUrl\":\"https:\\\/\\\/uelzener.de\\\/magazin\\\/app\\\/uploads\\\/2023\\\/04\\\/dna-uebereinstimmung-katze-mensch.jpg\",\"datePublished\":\"2023-04-18T07:50:40+00:00\",\"dateModified\":\"2025-11-13T10:43:59+00:00\",\"description\":\"Dass der Mensch dem Affen genetisch am n\u00e4chsten steht, ist anhand von DNA-Analysen nachgewiesen und gilt als unstrittig. Wie sieht es aber bei Katzen aus?\",\"breadcrumb\":{\"@id\":\"https:\\\/\\\/uelzener.de\\\/magazin\\\/katze\\\/haeufige-fragen\\\/dna-uebereinstimmung-katze-mensch\\\/#breadcrumb\"},\"inLanguage\":\"de\",\"potentialAction\":[{\"@type\":\"ReadAction\",\"target\":[\"https:\\\/\\\/uelzener.de\\\/magazin\\\/katze\\\/haeufige-fragen\\\/dna-uebereinstimmung-katze-mensch\\\/\"]}]},{\"@type\":\"ImageObject\",\"inLanguage\":\"de\",\"@id\":\"https:\\\/\\\/uelzener.de\\\/magazin\\\/katze\\\/haeufige-fragen\\\/dna-uebereinstimmung-katze-mensch\\\/#primaryimage\",\"url\":\"https:\\\/\\\/uelzener.de\\\/magazin\\\/app\\\/uploads\\\/2023\\\/04\\\/dna-uebereinstimmung-katze-mensch.jpg\",\"contentUrl\":\"https:\\\/\\\/uelzener.de\\\/magazin\\\/app\\\/uploads\\\/2023\\\/04\\\/dna-uebereinstimmung-katze-mensch.jpg\",\"width\":1025,\"height\":450,\"caption\":\"Mann schaut mit Katze auf einen Laptop. Wie viele D.N.A.-\u00dcbereinstimmungen haben Katzen und Menschen?\"},{\"@type\":\"WebSite\",\"@id\":\"https:\\\/\\\/uelzener.de\\\/magazin\\\/#website\",\"url\":\"https:\\\/\\\/uelzener.de\\\/magazin\\\/\",\"name\":\"Uelzener Tiermagazin\",\"description\":\"Online Tierratgeber der Uelzener Versicherungen\",\"publisher\":{\"@id\":\"https:\\\/\\\/uelzener.de\\\/magazin\\\/#organization\"},\"potentialAction\":[{\"@type\":\"SearchAction\",\"target\":{\"@type\":\"EntryPoint\",\"urlTemplate\":\"https:\\\/\\\/uelzener.de\\\/magazin\\\/?s={search_term_string}\"},\"query-input\":{\"@type\":\"PropertyValueSpecification\",\"valueRequired\":true,\"valueName\":\"search_term_string\"}}],\"inLanguage\":\"de\"},{\"@type\":\"Organization\",\"@id\":\"https:\\\/\\\/uelzener.de\\\/magazin\\\/#organization\",\"name\":\"Uelzener Versicherungen\",\"url\":\"https:\\\/\\\/uelzener.de\\\/magazin\\\/\",\"logo\":{\"@type\":\"ImageObject\",\"inLanguage\":\"de\",\"@id\":\"https:\\\/\\\/uelzener.de\\\/magazin\\\/#\\\/schema\\\/logo\\\/image\\\/\",\"url\":\"https:\\\/\\\/uelzener.de\\\/magazin\\\/app\\\/uploads\\\/2024\\\/11\\\/uelzener_allgemeine_versicherungsgesellschaft_a_g_logo.jpg\",\"contentUrl\":\"https:\\\/\\\/uelzener.de\\\/magazin\\\/app\\\/uploads\\\/2024\\\/11\\\/uelzener_allgemeine_versicherungsgesellschaft_a_g_logo.jpg\",\"width\":200,\"height\":200,\"caption\":\"Uelzener Versicherungen\"},\"image\":{\"@id\":\"https:\\\/\\\/uelzener.de\\\/magazin\\\/#\\\/schema\\\/logo\\\/image\\\/\"},\"sameAs\":[\"https:\\\/\\\/www.facebook.com\\\/Uelzener\",\"https:\\\/\\\/instagram.com\\\/uelzener\",\"https:\\\/\\\/www.xing.com\\\/pages\\\/uelzenerallgemeineversicherungs-gesellschafta-g\",\"https:\\\/\\\/www.youtube.com\\\/UelzenerVersicherungen\"]}]}<\/script>\n<!-- \/ Yoast SEO Premium plugin. -->","yoast_head_json":{"title":"DNA-\u00dcbereinstimmung zwischen Katze und Mensch: Wie \u00e4hnlich sind wir unseren Stubentigern? | Uelzener Magazin","description":"Dass der Mensch dem Affen genetisch am n\u00e4chsten steht, ist anhand von DNA-Analysen nachgewiesen und gilt als unstrittig. Wie sieht es aber bei Katzen aus?","robots":{"index":"index","follow":"follow","max-snippet":"max-snippet:-1","max-image-preview":"max-image-preview:large","max-video-preview":"max-video-preview:-1"},"canonical":"https:\/\/uelzener.de\/magazin\/katze\/haeufige-fragen\/dna-uebereinstimmung-katze-mensch\/","og_locale":"de_DE","og_type":"article","og_title":"DNA-\u00dcbereinstimmung zwischen Katze und Mensch: Wie \u00e4hnlich sind wir unseren Stubentigern?","og_description":"Dass der Mensch dem Affen genetisch am n\u00e4chsten steht, ist anhand von DNA-Analysen nachgewiesen und gilt als unstrittig. Wie sieht es aber bei Katzen aus?","og_url":"https:\/\/uelzener.de\/magazin\/katze\/haeufige-fragen\/dna-uebereinstimmung-katze-mensch\/","og_site_name":"Uelzener Tier-Magazin","article_publisher":"https:\/\/www.facebook.com\/Uelzener","article_modified_time":"2025-11-13T10:43:59+00:00","og_image":[{"width":1025,"height":450,"url":"https:\/\/uelzener.de\/magazin\/app\/uploads\/2023\/04\/dna-uebereinstimmung-katze-mensch.jpg","type":"image\/jpeg"}],"twitter_card":"summary_large_image","twitter_misc":{"Gesch\u00e4tzte Lesezeit":"8\u00a0Minuten"},"schema":{"@context":"https:\/\/schema.org","@graph":[{"@type":"WebPage","@id":"https:\/\/uelzener.de\/magazin\/katze\/haeufige-fragen\/dna-uebereinstimmung-katze-mensch\/","url":"https:\/\/uelzener.de\/magazin\/katze\/haeufige-fragen\/dna-uebereinstimmung-katze-mensch\/","name":"DNA-\u00dcbereinstimmung zwischen Katze und Mensch: Wie \u00e4hnlich sind wir unseren Stubentigern? | Uelzener Magazin","isPartOf":{"@id":"https:\/\/uelzener.de\/magazin\/#website"},"primaryImageOfPage":{"@id":"https:\/\/uelzener.de\/magazin\/katze\/haeufige-fragen\/dna-uebereinstimmung-katze-mensch\/#primaryimage"},"image":{"@id":"https:\/\/uelzener.de\/magazin\/katze\/haeufige-fragen\/dna-uebereinstimmung-katze-mensch\/#primaryimage"},"thumbnailUrl":"https:\/\/uelzener.de\/magazin\/app\/uploads\/2023\/04\/dna-uebereinstimmung-katze-mensch.jpg","datePublished":"2023-04-18T07:50:40+00:00","dateModified":"2025-11-13T10:43:59+00:00","description":"Dass der Mensch dem Affen genetisch am n\u00e4chsten steht, ist anhand von DNA-Analysen nachgewiesen und gilt als unstrittig. Wie sieht es aber bei Katzen aus?","breadcrumb":{"@id":"https:\/\/uelzener.de\/magazin\/katze\/haeufige-fragen\/dna-uebereinstimmung-katze-mensch\/#breadcrumb"},"inLanguage":"de","potentialAction":[{"@type":"ReadAction","target":["https:\/\/uelzener.de\/magazin\/katze\/haeufige-fragen\/dna-uebereinstimmung-katze-mensch\/"]}]},{"@type":"ImageObject","inLanguage":"de","@id":"https:\/\/uelzener.de\/magazin\/katze\/haeufige-fragen\/dna-uebereinstimmung-katze-mensch\/#primaryimage","url":"https:\/\/uelzener.de\/magazin\/app\/uploads\/2023\/04\/dna-uebereinstimmung-katze-mensch.jpg","contentUrl":"https:\/\/uelzener.de\/magazin\/app\/uploads\/2023\/04\/dna-uebereinstimmung-katze-mensch.jpg","width":1025,"height":450,"caption":"Mann schaut mit Katze auf einen Laptop. Wie viele D.N.A.-\u00dcbereinstimmungen haben Katzen und Menschen?"},{"@type":"WebSite","@id":"https:\/\/uelzener.de\/magazin\/#website","url":"https:\/\/uelzener.de\/magazin\/","name":"Uelzener Tiermagazin","description":"Online Tierratgeber der Uelzener Versicherungen","publisher":{"@id":"https:\/\/uelzener.de\/magazin\/#organization"},"potentialAction":[{"@type":"SearchAction","target":{"@type":"EntryPoint","urlTemplate":"https:\/\/uelzener.de\/magazin\/?s={search_term_string}"},"query-input":{"@type":"PropertyValueSpecification","valueRequired":true,"valueName":"search_term_string"}}],"inLanguage":"de"},{"@type":"Organization","@id":"https:\/\/uelzener.de\/magazin\/#organization","name":"Uelzener Versicherungen","url":"https:\/\/uelzener.de\/magazin\/","logo":{"@type":"ImageObject","inLanguage":"de","@id":"https:\/\/uelzener.de\/magazin\/#\/schema\/logo\/image\/","url":"https:\/\/uelzener.de\/magazin\/app\/uploads\/2024\/11\/uelzener_allgemeine_versicherungsgesellschaft_a_g_logo.jpg","contentUrl":"https:\/\/uelzener.de\/magazin\/app\/uploads\/2024\/11\/uelzener_allgemeine_versicherungsgesellschaft_a_g_logo.jpg","width":200,"height":200,"caption":"Uelzener Versicherungen"},"image":{"@id":"https:\/\/uelzener.de\/magazin\/#\/schema\/logo\/image\/"},"sameAs":["https:\/\/www.facebook.com\/Uelzener","https:\/\/instagram.com\/uelzener","https:\/\/www.xing.com\/pages\/uelzenerallgemeineversicherungs-gesellschafta-g","https:\/\/www.youtube.com\/UelzenerVersicherungen"]}]}},"_links":{"self":[{"href":"https:\/\/uelzener.de\/magazin\/wp-json\/wp\/v2\/pages\/15258","targetHints":{"allow":["GET"]}}],"collection":[{"href":"https:\/\/uelzener.de\/magazin\/wp-json\/wp\/v2\/pages"}],"about":[{"href":"https:\/\/uelzener.de\/magazin\/wp-json\/wp\/v2\/types\/page"}],"author":[{"embeddable":true,"href":"https:\/\/uelzener.de\/magazin\/wp-json\/wp\/v2\/users\/11"}],"replies":[{"embeddable":true,"href":"https:\/\/uelzener.de\/magazin\/wp-json\/wp\/v2\/comments?post=15258"}],"version-history":[{"count":11,"href":"https:\/\/uelzener.de\/magazin\/wp-json\/wp\/v2\/pages\/15258\/revisions"}],"predecessor-version":[{"id":19483,"href":"https:\/\/uelzener.de\/magazin\/wp-json\/wp\/v2\/pages\/15258\/revisions\/19483"}],"up":[{"embeddable":true,"href":"https:\/\/uelzener.de\/magazin\/wp-json\/wp\/v2\/pages\/11691"}],"wp:featuredmedia":[{"embeddable":true,"href":"https:\/\/uelzener.de\/magazin\/wp-json\/wp\/v2\/media\/15262"}],"wp:attachment":[{"href":"https:\/\/uelzener.de\/magazin\/wp-json\/wp\/v2\/media?parent=15258"}],"curies":[{"name":"wp","href":"https:\/\/api.w.org\/{rel}","templated":true}]}}