{"id":15211,"date":"2023-03-24T18:46:06","date_gmt":"2023-03-24T17:46:06","guid":{"rendered":"https:\/\/uelzener.de\/magazin\/?page_id=15211"},"modified":"2024-02-05T11:00:08","modified_gmt":"2024-02-05T10:00:08","slug":"schlafposition-bei-katzen","status":"publish","type":"page","link":"https:\/\/uelzener.de\/magazin\/katze\/tiergesundheit\/schlafposition-bei-katzen\/","title":{"rendered":"Was die Schlafposition \u00fcber die Katze sagt"},"content":{"rendered":"<p>W\u00e4re es nicht wunderbar, wenn deine Katze dir direkt sagen k\u00f6nnte, wie sie sich f\u00fchlt. Ob sie sich gerade wohlf\u00fchlt oder unsicher. Ob sie deine N\u00e4he sucht oder eher auf Distanz gehen m\u00f6chte. Wenn du die Schlafpositionen deiner Katze beobachtest und sie lernst, besser zu interpretieren, kann genau das passieren. Denn deine Katze spricht dadurch wom\u00f6glich viel direkter mit dir als du vielleicht vermuten w\u00fcrdest.<\/p>\n<p>Mit dieser Liste der Schlafpositionen hast du eine Art \u00dcbersetzer an der Hand. Doch: Vorsicht. Jede Katze ist ein Individuum und nicht jede Schlafposition sagt immer dasselbe aus. Einige Schlafpositionen lassen recht eindeutige Interpretation zu, andere wiederum vielf\u00e4ltige. Diese Liste kann dich inspirieren, die Schlafpositionen deiner Katze genauer zu beobachten und sie so immer noch besser kennenzulernen und R\u00fcckschl\u00fcsse auf ihre Stimmungen, ihr Wohlbefinden und auch auf ihr Verh\u00e4ltnis zu dir abzuleiten.<\/p>\n<h2>Katze ber\u00fchrt mich mit Pfote beim Schlafen<\/h2>\n<p>Deine Katze ber\u00fchrt dich im Schlaf mit der Pfote. Dahinter k\u00f6nnen verschiedene Gr\u00fcnde stecken. Es kann sein, dass sie sich unsicher f\u00fchlt und der k\u00f6rperliche Kontakt mit dir ihr Sicherheit und Geborgenheit schenkt, sodass sie sich wohler f\u00fchlt und auch besser schlafen kann. Ein anderer Grund: Deine Katze f\u00fchlt sich pudelwohl und m\u00f6chte einfach nur gern in deiner N\u00e4he sein. In dem Fall ist die k\u00f6rperliche Ber\u00fchrung mit der Pfote ein liebevolles Zeichen ihrer Zuneigung zu dir.<\/p>\n<h2>Katze schl\u00e4ft auf mir<\/h2>\n<p>Wie schl\u00e4ft eine Katze, wenn sie entspannt ist? Auf jeden Fall dann, wenn sie auf dir schl\u00e4ft. Vielleicht legt sie sich auf deinen Scho\u00df oder sie legt sich auf deinen Bauch oder deine Brust und schl\u00e4ft dort ein. Deine Katze sucht, um zu schlafen, deine k\u00f6rperliche N\u00e4he. Auch das kann ein Zeichen sein, dass sie sich bei dir sicherer f\u00fchlt. Auf jeden Fall ist es aber ein Zeichen daf\u00fcr, dass sie sich bei dir wohlf\u00fchlt und deine N\u00e4he ihr behagt. Sie mag es, in deiner N\u00e4he zu sein und entspannt sich, wenn sie im K\u00f6rperkontakt mit dir schlafen kann. Mehr zu den verschiedenen Schlafpl\u00e4tzen von Katzen erf\u00e4hrst du in Katzen und deren Schlaf.<\/p>\n<h2>Katze schl\u00e4ft neben meinem Kopf<\/h2>\n<p>Schl\u00e4ft deine Katze neben deinem Kopf, kannst du dir sicher sein, dass dir vertraut. Sie zeigt mit dieser Schlafposition ihre Zuneigung. Au\u00dferdem suchen Katzen instinktiv die W\u00e4rme und dein Stubentiger findet neben deinem Kopf wom\u00f6glich die optimale Temperatur f\u00fcr den Schlaf.<\/p>\n<h2>Warum liegen Katzen am Fu\u00dfende?<\/h2>\n<p>Am Fu\u00dfende liegende Katzen haben Vertrauen zu ihren Menschen. Sie \u00e4u\u00dfern damit Zuneigung und den Wunsch nach N\u00e4he. Zudem ist diese Position ein Zeichen f\u00fcr die Bereitschaft, ihren Menschen zu sch\u00fctzen.<\/p>\n<h2>Katze schl\u00e4ft auf ihrem Gesicht<\/h2>\n<p>Schl\u00e4ft eine Katze auf ihrem Gesicht, kann dies damit zusammenh\u00e4ngen, dass sie sich die Nase warmhalten m\u00f6chte. Ein weiterer Grund kann der Schutz vor zu hellem Licht sein, das sie wom\u00f6glich am Schlafen hindert. Zudem k\u00f6nnen Katzen in dieser Position trotz geschlossener Augen gut h\u00f6ren. Gerade in einer leichten Schlafphase sind unsere Stubentiger stets aufmerksam und bekommen mit, was um sie herum geschieht. Das gelingt leicht, wenn beide Ohren gespitzt sind und sie alles wahrnehmen k\u00f6nnen, was um sie herum geschieht.<\/p>\n<h2>Katze schl\u00e4ft mit offenen Augen<\/h2>\n<p>Katzen k\u00f6nnen mit offenen Augen schlafen, auch wenn das nicht ihre entspannteste Form von Schlaf ist. Dazu muss man wissen: Der Schlaf von Katzen unterteilt sich in eine Tiefschlafphase und eine leichte Schlafphase. In der Tiefschlafphase entspannt sich die gesamte Muskulatur und die Augen sind geschlossen. In der leichten Schlafphase haben Katzen die Augen zumeist ge\u00f6ffnet. Dies hat evolution\u00e4re Gr\u00fcnde, denn in der Natur lebende Katzen waren nicht nur Raubtiere, sondern auch Beutetiere anderer gr\u00f6\u00dferer Tiere. Die Tiere, denen es am ehesten gelang, wach und flucht- bzw. kampfbereit zu sein, hatten die gr\u00f6\u00dften \u00dcberlebenschancen. Daher kann man beim Schlaf mit offenen Augen von einer evolution\u00e4ren Anpassung sprechen, die sich bei unseren Stubentigern bis heute gehalten hat.<\/p>\n<h2>Katze liegt langgestreckt auf dem Bauch<\/h2>\n<p>Liegt die Katze ausgestreckt auf dem Bauch und streckt alle Viere von sich, f\u00fchlt sie sich sehr wohl. Denn diese Position erm\u00f6glicht einem Stubentiger, sich vollst\u00e4ndig zu dehnen und zu entspannen. Dennoch ist sie bereit, schnell aufzuspringen, wenn es n\u00f6tig sein sollte.<\/p>\n<h2>Katze schl\u00e4ft im Sitzen<\/h2>\n<p>Schl\u00e4ft deine Katze immer schon \u00f6fter mal im Sitzen. Dann ist das anscheinend einfach eine angenehme Position f\u00fcr sie. Tritt das Schlafen im Sitzen pl\u00f6tzlich oder geh\u00e4ufter auf, kann dies durchaus ein Anzeichen daf\u00fcr sein, dass sich deine Katze nicht wohlf\u00fchlt oder vielleicht sogar Schmerzen hat. Generell solltest du bei auff\u00e4lligen Verhaltens\u00e4nderungen deiner Katze einen Besuch in der tier\u00e4rztlichen Praxis in Erw\u00e4gung ziehen.<\/p>\n<h2>Katze liegt im Halbmond<\/h2>\n<p>Eine halbmondf\u00f6rmige Schlafposition kommt bei Katzen recht h\u00e4ufig vor. Es gibt verschiedene Annahmen, wieso Katzen in dieser Position schlafen. Zum einen kann es eine instinktive Schlafposition sein, die Katzen schon seit Urzeiten einnehmen. So schlafen viele <a href=\"https:\/\/uelzener.de\/magazin\/katze\/haeufige-fragen\/wildkatze\/\" target=\"_blank\" rel=\"noopener\">Wildkatzen<\/a> in halbmondf\u00f6rmigen Postionen. Eine weitere Annahme besagt, dass Katzen sich in dieser Position eher selbst w\u00e4rmen k\u00f6nnen. Wom\u00f6glich f\u00fchlen sich Katzen in dieser Position auch sicherer, weil sie in einer halbmondf\u00f6rmigen Position ihre Organe eher sch\u00fctzen k\u00f6nnten.<\/p>\n<h2>Katze schl\u00e4ft halb eingezogen<\/h2>\n<p>Streckt die Katze die Vorderpfoten aus, l\u00e4sst die Hinterbeine jedoch angezogen, so ist das ein Zeichen, dass sie sich zwar wohlf\u00fchlt, jedoch bereit ist, jederzeit loszuspringen und loszulaufen, wenn es n\u00f6tig sein sollte.<\/p>\n<h2>Katze schl\u00e4ft auf dem R\u00fccken<\/h2>\n<p>Eine auf dem R\u00fccken schlafende Katze, die alle Viere von sich streckt, f\u00fchlt sich wohl und geborgen. Mehr Vertrauen geht nicht. Diese Katze f\u00fchlt sich sicher und vertraut ihrem Menschen bedingungslos. Dies ist eine Schlafposition, die relativ selten vorkommt und ein gro\u00dfes Kompliment f\u00fcr dich ist.<\/p>\n<h2>Schlafposition einer kranken Katze erkennen<\/h2>\n<p>Wie schl\u00e4ft eine Katze, wenn sie krank ist? Die Schlafposition einer kranken Katze kann von der \u00fcblichen Schlafposition abweichen. Deswegen sollte man immer hellh\u00f6rig werden, wenn sich das Schlafverhalten oder die Schlafposition einer Katze unvermittelt \u00e4ndert. So rollen sich erkrankte Katzen h\u00e4ufig eng zusammen, um sich beispielsweise besser warmzuhalten. Kranke Katzen nehmen zum Teil eine unnat\u00fcrlich wirkende Schlafposition ein, um beispielsweise Schmerzen zu vermeiden oder zu lindern.<\/p>\n<p>Bemerkst du bei deiner Katze eine ungewohnte Schlafposition oder hast du den Eindruck, dass deine Katze zu wenig schl\u00e4ft, solltest du dir tier\u00e4rztlichen Rat holen.<\/p>\n\n<div class=\"banner\">\n    <a href=\"https:\/\/uelzener.de\/katze\/katzen-op-versicherung\/?agt=0000104925&sem=true&utm_medium=magazin&utm_source=wordpress&utm_campaign=katze_op&utm_content=banner_native_ad\">\n        <img decoding=\"async\" width=\"300\" height=\"169\" src=\"https:\/\/uelzener.de\/magazin\/app\/uploads\/2024\/02\/katzenversicherung-banner-2-300x169.jpg\" class=\"attachment-medium size-medium\" alt=\"K\u00e4tzen kaut an einem Hausschuh.\" srcset=\"https:\/\/uelzener.de\/magazin\/app\/uploads\/2024\/02\/katzenversicherung-banner-2-300x169.jpg 300w, https:\/\/uelzener.de\/magazin\/app\/uploads\/2024\/02\/katzenversicherung-banner-2-1024x576.jpg 1024w, https:\/\/uelzener.de\/magazin\/app\/uploads\/2024\/02\/katzenversicherung-banner-2-768x432.jpg 768w, https:\/\/uelzener.de\/magazin\/app\/uploads\/2024\/02\/katzenversicherung-banner-2-1536x864.jpg 1536w, https:\/\/uelzener.de\/magazin\/app\/uploads\/2024\/02\/katzenversicherung-banner-2-1026x577.jpg 1026w, https:\/\/uelzener.de\/magazin\/app\/uploads\/2024\/02\/katzenversicherung-banner-2-668x376.jpg 668w, https:\/\/uelzener.de\/magazin\/app\/uploads\/2024\/02\/katzenversicherung-banner-2.jpg 1778w\" sizes=\"(max-width: 300px) 100vw, 300px\" \/>    <\/a>\n<\/div>\n\n<h2>Fazit:<\/h2>\n<p>Schlafpositionen k\u00f6nnen viel \u00fcber das Befinden, die Stimmung und die Beziehung zwischen Mensch und Katze verraten. Bei Interpretation der Schlafpositionen von Katzen sollte man jedoch ein wenig Vorsicht walten lassen. Denn was bei der einen Katze entspannt wirkt, kann bei einer anderen ganz andere Hintergr\u00fcnde haben. Als Katzenhalter:in kennst du deine Katze am besten. Mit den Anregungen aus diesem Artikel lernst du deine Katze vielleicht noch ein bisschen besser kennen und beobachten. Das st\u00e4rkt die Verbindung zwischen euch und du kannst noch leichter einsch\u00e4tzen, was eine bestimmte Schlafposition zu bedeuten haben mag. Falls du Lust hast, deine Katze noch besser kennenzulernen, schau doch mal bei <a href=\"https:\/\/uelzener.de\/magazin\/katze\/haeufige-fragen\/koerpersprache-katze\/\">K\u00f6rpersprache der Katze<\/a> oder <a href=\"https:\/\/uelzener.de\/magazin\/katze\/erziehung-und-training\/katzenlaute-miauen-fauchen-knurren\/\">Katzenlaute und ihre Bedeutung<\/a> vorbei.<\/p>\n<h2>FAQ: H\u00e4ufig gestellte Fragen<\/h2>\n<h2>Was bedeutet es, wenn die Katze bei einem im Bett schl\u00e4ft?<\/h2>\n<p>Schl\u00e4ft deine Katze bei dir im Bett, ist das ein Zeichen von Verbundenheit und Vertrauen. Zudem kann ihr deine k\u00f6rperliche N\u00e4he ein Gef\u00fchl der Sicherheit vermitteln. Katzen m\u00f6gen es in der Regel gern warm und daher ist dein Bett wahrscheinlich in diesem Moment der perfekte Ort, um zu schlafen und sich zu entspannen. Falls deine Katze schon von klein auf bei dir im Bett geschlafen hat, kann es einfach auch eine gute Gewohnheit sein, wenn sie nachts zu dir ins Bett kommt. Willst du mehr \u00fcber die verschiedenen Schlafpl\u00e4tze von Katzen wissen, schau mal bei <a href=\"https:\/\/uelzener.de\/magazin\/katze\/tipps-fuer-den-alltag\/katzen-und-deren-schlaf-was-dauer-und-schlafplatz-ueber-deine-katze-aussagen\/\">Katzen und deren Schlaf<\/a> vorbei.<\/p>\n<h2>Warum legen sich Katzen auf Menschen?<\/h2>\n<p>Wenn Katzen sich auf Menschen legen, zeigen sie damit ihre Zuneigung und ihr Vertrauen. Au\u00dferdem ist f\u00fcr viele Katzen die k\u00f6rperliche W\u00e4rme des Menschen angenehm. Legt sich eine Katze auf ihren Menschen, signalisiert sie damit wom\u00f6glich auch ein Verlangen nach Aufmerksamkeit und Zuwendung. Falls eine Katze sich in Konkurrenz zu anderen Lebewesen empfindet, kann das Liegen auf dem Menschen auch eine Markierung ihres Territoriums anzeigen.<\/p>\n","protected":false},"excerpt":{"rendered":"<p>W\u00e4re es nicht wunderbar, wenn deine Katze dir direkt sagen k\u00f6nnte, wie sie sich f\u00fchlt. Ob sie sich gerade wohlf\u00fchlt oder unsicher. Ob sie deine N\u00e4he sucht oder eher auf Distanz gehen m\u00f6chte. Wenn du die Schlafpositionen deiner Katze beobachtest und sie lernst, besser zu interpretieren, kann genau das passieren. Denn deine Katze spricht dadurch [&hellip;]<\/p>\n","protected":false},"author":11,"featured_media":15213,"parent":11712,"menu_order":19,"comment_status":"closed","ping_status":"closed","template":"templates\/blog.php","meta":{"_acf_changed":false,"_crdt_document":"","footnotes":"","beyondwords_generate_audio":"0","beyondwords_project_id":"","beyondwords_content_id":"","beyondwords_preview_token":"","beyondwords_player_style":"","beyondwords_language_id":"","beyondwords_title_voice_id":"","beyondwords_body_voice_id":"","beyondwords_summary_voice_id":"","beyondwords_error_message":"","beyondwords_disabled":"","beyondwords_delete_content":"","beyondwords_podcast_id":"","beyondwords_hash":"","publish_post_to_speechkit":"","speechkit_hash":"","speechkit_generate_audio":"","speechkit_project_id":"","speechkit_podcast_id":"","speechkit_error_message":"","speechkit_disabled":"","speechkit_access_key":"","speechkit_error":"","speechkit_info":"","speechkit_response":"","speechkit_retries":"","speechkit_status":"","speechkit_updated_at":"","_speechkit_link":"","_speechkit_text":""},"class_list":["post-15211","page","type-page","status-publish","has-post-thumbnail","hentry"],"acf":[],"yoast_head":"<!-- This site is optimized with the Yoast SEO Premium plugin  - https:\/\/yoast.com\/product\/yoast-seo-premium-wordpress\/ -->\n<title>Was die Schlafposition \u00fcber die Katze sagt | Uelzener Magazin<\/title>\n<meta name=\"description\" content=\"Hier die Liste aller Schlafpositionen \u2714 Interpretiere die Schlafpositionen und lerne deine Katze besser zu verstehen \ud83d\ude3a\u2764\" \/>\n<meta name=\"robots\" content=\"index, follow, max-snippet:-1, max-image-preview:large, max-video-preview:-1\" \/>\n<link rel=\"canonical\" href=\"https:\/\/uelzener.de\/magazin\/katze\/tiergesundheit\/schlafposition-bei-katzen\/\" \/>\n<meta property=\"og:locale\" content=\"de_DE\" \/>\n<meta property=\"og:type\" content=\"article\" \/>\n<meta property=\"og:title\" content=\"Was die Schlafposition \u00fcber die Katze sagt\" \/>\n<meta property=\"og:description\" content=\"Hier die Liste aller Schlafpositionen \u2714 Interpretiere die Schlafpositionen und lerne deine Katze besser zu verstehen \ud83d\ude3a\u2764\" \/>\n<meta property=\"og:url\" content=\"https:\/\/uelzener.de\/magazin\/katze\/tiergesundheit\/schlafposition-bei-katzen\/\" \/>\n<meta property=\"og:site_name\" content=\"Uelzener Tier-Magazin\" \/>\n<meta property=\"article:publisher\" content=\"https:\/\/www.facebook.com\/Uelzener\" \/>\n<meta property=\"article:modified_time\" content=\"2024-02-05T10:00:08+00:00\" \/>\n<meta property=\"og:image\" content=\"https:\/\/uelzener.de\/magazin\/app\/uploads\/2023\/03\/schlafposition-bei-katzen.jpg\" \/>\n\t<meta property=\"og:image:width\" content=\"1025\" \/>\n\t<meta property=\"og:image:height\" content=\"450\" \/>\n\t<meta property=\"og:image:type\" content=\"image\/jpeg\" \/>\n<meta name=\"twitter:card\" content=\"summary_large_image\" \/>\n<meta name=\"twitter:label1\" content=\"Gesch\u00e4tzte Lesezeit\" \/>\n\t<meta name=\"twitter:data1\" content=\"6\u00a0Minuten\" \/>\n<script type=\"application\/ld+json\" class=\"yoast-schema-graph\">{\"@context\":\"https:\/\/schema.org\",\"@graph\":[{\"@type\":\"WebPage\",\"@id\":\"https:\/\/uelzener.de\/magazin\/katze\/tiergesundheit\/schlafposition-bei-katzen\/\",\"url\":\"https:\/\/uelzener.de\/magazin\/katze\/tiergesundheit\/schlafposition-bei-katzen\/\",\"name\":\"Was die Schlafposition \u00fcber die Katze sagt | Uelzener Magazin\",\"isPartOf\":{\"@id\":\"https:\/\/uelzener.de\/magazin\/#website\"},\"primaryImageOfPage\":{\"@id\":\"https:\/\/uelzener.de\/magazin\/katze\/tiergesundheit\/schlafposition-bei-katzen\/#primaryimage\"},\"image\":{\"@id\":\"https:\/\/uelzener.de\/magazin\/katze\/tiergesundheit\/schlafposition-bei-katzen\/#primaryimage\"},\"thumbnailUrl\":\"https:\/\/uelzener.de\/magazin\/app\/uploads\/2023\/03\/schlafposition-bei-katzen.jpg\",\"datePublished\":\"2023-03-24T17:46:06+00:00\",\"dateModified\":\"2024-02-05T10:00:08+00:00\",\"description\":\"Hier die Liste aller Schlafpositionen \u2714 Interpretiere die Schlafpositionen und lerne deine Katze besser zu verstehen \ud83d\ude3a\u2764\",\"breadcrumb\":{\"@id\":\"https:\/\/uelzener.de\/magazin\/katze\/tiergesundheit\/schlafposition-bei-katzen\/#breadcrumb\"},\"inLanguage\":\"de\",\"potentialAction\":[{\"@type\":\"ReadAction\",\"target\":[\"https:\/\/uelzener.de\/magazin\/katze\/tiergesundheit\/schlafposition-bei-katzen\/\"]}]},{\"@type\":\"ImageObject\",\"inLanguage\":\"de\",\"@id\":\"https:\/\/uelzener.de\/magazin\/katze\/tiergesundheit\/schlafposition-bei-katzen\/#primaryimage\",\"url\":\"https:\/\/uelzener.de\/magazin\/app\/uploads\/2023\/03\/schlafposition-bei-katzen.jpg\",\"contentUrl\":\"https:\/\/uelzener.de\/magazin\/app\/uploads\/2023\/03\/schlafposition-bei-katzen.jpg\",\"width\":1025,\"height\":450,\"caption\":\"Orangenes K\u00e4tzchen liegt entspannt auf dem R\u00fccken. Was sagt diese Schlafposition bei Katzen?\"},{\"@type\":\"WebSite\",\"@id\":\"https:\/\/uelzener.de\/magazin\/#website\",\"url\":\"https:\/\/uelzener.de\/magazin\/\",\"name\":\"Uelzener Tiermagazin\",\"description\":\"Online Tierratgeber der Uelzener Versicherungen\",\"publisher\":{\"@id\":\"https:\/\/uelzener.de\/magazin\/#organization\"},\"potentialAction\":[{\"@type\":\"SearchAction\",\"target\":{\"@type\":\"EntryPoint\",\"urlTemplate\":\"https:\/\/uelzener.de\/magazin\/?s={search_term_string}\"},\"query-input\":{\"@type\":\"PropertyValueSpecification\",\"valueRequired\":true,\"valueName\":\"search_term_string\"}}],\"inLanguage\":\"de\"},{\"@type\":\"Organization\",\"@id\":\"https:\/\/uelzener.de\/magazin\/#organization\",\"name\":\"Uelzener Versicherungen\",\"url\":\"https:\/\/uelzener.de\/magazin\/\",\"logo\":{\"@type\":\"ImageObject\",\"inLanguage\":\"de\",\"@id\":\"https:\/\/uelzener.de\/magazin\/#\/schema\/logo\/image\/\",\"url\":\"https:\/\/uelzener.de\/magazin\/app\/uploads\/2024\/11\/uelzener_allgemeine_versicherungsgesellschaft_a_g_logo.jpg\",\"contentUrl\":\"https:\/\/uelzener.de\/magazin\/app\/uploads\/2024\/11\/uelzener_allgemeine_versicherungsgesellschaft_a_g_logo.jpg\",\"width\":200,\"height\":200,\"caption\":\"Uelzener Versicherungen\"},\"image\":{\"@id\":\"https:\/\/uelzener.de\/magazin\/#\/schema\/logo\/image\/\"},\"sameAs\":[\"https:\/\/www.facebook.com\/Uelzener\",\"https:\/\/instagram.com\/uelzener\",\"https:\/\/www.xing.com\/pages\/uelzenerallgemeineversicherungs-gesellschafta-g\",\"https:\/\/www.youtube.com\/UelzenerVersicherungen\"]}]}<\/script>\n<!-- \/ Yoast SEO Premium plugin. -->","yoast_head_json":{"title":"Was die Schlafposition \u00fcber die Katze sagt | Uelzener Magazin","description":"Hier die Liste aller Schlafpositionen \u2714 Interpretiere die Schlafpositionen und lerne deine Katze besser zu verstehen \ud83d\ude3a\u2764","robots":{"index":"index","follow":"follow","max-snippet":"max-snippet:-1","max-image-preview":"max-image-preview:large","max-video-preview":"max-video-preview:-1"},"canonical":"https:\/\/uelzener.de\/magazin\/katze\/tiergesundheit\/schlafposition-bei-katzen\/","og_locale":"de_DE","og_type":"article","og_title":"Was die Schlafposition \u00fcber die Katze sagt","og_description":"Hier die Liste aller Schlafpositionen \u2714 Interpretiere die Schlafpositionen und lerne deine Katze besser zu verstehen \ud83d\ude3a\u2764","og_url":"https:\/\/uelzener.de\/magazin\/katze\/tiergesundheit\/schlafposition-bei-katzen\/","og_site_name":"Uelzener Tier-Magazin","article_publisher":"https:\/\/www.facebook.com\/Uelzener","article_modified_time":"2024-02-05T10:00:08+00:00","og_image":[{"width":1025,"height":450,"url":"https:\/\/uelzener.de\/magazin\/app\/uploads\/2023\/03\/schlafposition-bei-katzen.jpg","type":"image\/jpeg"}],"twitter_card":"summary_large_image","twitter_misc":{"Gesch\u00e4tzte Lesezeit":"6\u00a0Minuten"},"schema":{"@context":"https:\/\/schema.org","@graph":[{"@type":"WebPage","@id":"https:\/\/uelzener.de\/magazin\/katze\/tiergesundheit\/schlafposition-bei-katzen\/","url":"https:\/\/uelzener.de\/magazin\/katze\/tiergesundheit\/schlafposition-bei-katzen\/","name":"Was die Schlafposition \u00fcber die Katze sagt | Uelzener Magazin","isPartOf":{"@id":"https:\/\/uelzener.de\/magazin\/#website"},"primaryImageOfPage":{"@id":"https:\/\/uelzener.de\/magazin\/katze\/tiergesundheit\/schlafposition-bei-katzen\/#primaryimage"},"image":{"@id":"https:\/\/uelzener.de\/magazin\/katze\/tiergesundheit\/schlafposition-bei-katzen\/#primaryimage"},"thumbnailUrl":"https:\/\/uelzener.de\/magazin\/app\/uploads\/2023\/03\/schlafposition-bei-katzen.jpg","datePublished":"2023-03-24T17:46:06+00:00","dateModified":"2024-02-05T10:00:08+00:00","description":"Hier die Liste aller Schlafpositionen \u2714 Interpretiere die Schlafpositionen und lerne deine Katze besser zu verstehen \ud83d\ude3a\u2764","breadcrumb":{"@id":"https:\/\/uelzener.de\/magazin\/katze\/tiergesundheit\/schlafposition-bei-katzen\/#breadcrumb"},"inLanguage":"de","potentialAction":[{"@type":"ReadAction","target":["https:\/\/uelzener.de\/magazin\/katze\/tiergesundheit\/schlafposition-bei-katzen\/"]}]},{"@type":"ImageObject","inLanguage":"de","@id":"https:\/\/uelzener.de\/magazin\/katze\/tiergesundheit\/schlafposition-bei-katzen\/#primaryimage","url":"https:\/\/uelzener.de\/magazin\/app\/uploads\/2023\/03\/schlafposition-bei-katzen.jpg","contentUrl":"https:\/\/uelzener.de\/magazin\/app\/uploads\/2023\/03\/schlafposition-bei-katzen.jpg","width":1025,"height":450,"caption":"Orangenes K\u00e4tzchen liegt entspannt auf dem R\u00fccken. Was sagt diese Schlafposition bei Katzen?"},{"@type":"WebSite","@id":"https:\/\/uelzener.de\/magazin\/#website","url":"https:\/\/uelzener.de\/magazin\/","name":"Uelzener Tiermagazin","description":"Online Tierratgeber der Uelzener Versicherungen","publisher":{"@id":"https:\/\/uelzener.de\/magazin\/#organization"},"potentialAction":[{"@type":"SearchAction","target":{"@type":"EntryPoint","urlTemplate":"https:\/\/uelzener.de\/magazin\/?s={search_term_string}"},"query-input":{"@type":"PropertyValueSpecification","valueRequired":true,"valueName":"search_term_string"}}],"inLanguage":"de"},{"@type":"Organization","@id":"https:\/\/uelzener.de\/magazin\/#organization","name":"Uelzener Versicherungen","url":"https:\/\/uelzener.de\/magazin\/","logo":{"@type":"ImageObject","inLanguage":"de","@id":"https:\/\/uelzener.de\/magazin\/#\/schema\/logo\/image\/","url":"https:\/\/uelzener.de\/magazin\/app\/uploads\/2024\/11\/uelzener_allgemeine_versicherungsgesellschaft_a_g_logo.jpg","contentUrl":"https:\/\/uelzener.de\/magazin\/app\/uploads\/2024\/11\/uelzener_allgemeine_versicherungsgesellschaft_a_g_logo.jpg","width":200,"height":200,"caption":"Uelzener Versicherungen"},"image":{"@id":"https:\/\/uelzener.de\/magazin\/#\/schema\/logo\/image\/"},"sameAs":["https:\/\/www.facebook.com\/Uelzener","https:\/\/instagram.com\/uelzener","https:\/\/www.xing.com\/pages\/uelzenerallgemeineversicherungs-gesellschafta-g","https:\/\/www.youtube.com\/UelzenerVersicherungen"]}]}},"_links":{"self":[{"href":"https:\/\/uelzener.de\/magazin\/wp-json\/wp\/v2\/pages\/15211","targetHints":{"allow":["GET"]}}],"collection":[{"href":"https:\/\/uelzener.de\/magazin\/wp-json\/wp\/v2\/pages"}],"about":[{"href":"https:\/\/uelzener.de\/magazin\/wp-json\/wp\/v2\/types\/page"}],"author":[{"embeddable":true,"href":"https:\/\/uelzener.de\/magazin\/wp-json\/wp\/v2\/users\/11"}],"replies":[{"embeddable":true,"href":"https:\/\/uelzener.de\/magazin\/wp-json\/wp\/v2\/comments?post=15211"}],"version-history":[{"count":6,"href":"https:\/\/uelzener.de\/magazin\/wp-json\/wp\/v2\/pages\/15211\/revisions"}],"predecessor-version":[{"id":17045,"href":"https:\/\/uelzener.de\/magazin\/wp-json\/wp\/v2\/pages\/15211\/revisions\/17045"}],"up":[{"embeddable":true,"href":"https:\/\/uelzener.de\/magazin\/wp-json\/wp\/v2\/pages\/11712"}],"wp:featuredmedia":[{"embeddable":true,"href":"https:\/\/uelzener.de\/magazin\/wp-json\/wp\/v2\/media\/15213"}],"wp:attachment":[{"href":"https:\/\/uelzener.de\/magazin\/wp-json\/wp\/v2\/media?parent=15211"}],"curies":[{"name":"wp","href":"https:\/\/api.w.org\/{rel}","templated":true}]}}