{"id":15208,"date":"2023-03-24T18:38:21","date_gmt":"2023-03-24T17:38:21","guid":{"rendered":"https:\/\/uelzener.de\/magazin\/?page_id=15208"},"modified":"2024-07-01T16:11:39","modified_gmt":"2024-07-01T14:11:39","slug":"katze-zerkratzt-sofa","status":"publish","type":"page","link":"https:\/\/uelzener.de\/magazin\/katze\/haeufige-fragen\/katze-zerkratzt-sofa\/","title":{"rendered":"Katze zerkratzt Sofa: Was tun?"},"content":{"rendered":"<p>Katzen kratzen und das ist auch gut so. Denn es dient der Krallenpflege. Dennoch m\u00f6chten die meisten Katzenhalter:innen nicht, dass ihre Stubentiger das Sofa oder die Couchgarnitur als Kratzmatte benutzen. Was tun, wenn die Katze ihren ganz eigenen Kopf hat und, vielleicht sogar trotz eines sorgf\u00e4ltig ausgew\u00e4hlten Kratzbaums, lieber das Sofa zum Sch\u00e4rfen der Krallen nutzt.<\/p>\n<h2>Welche Versicherung zahlt?<\/h2>\n<p><a href=\"https:\/\/uelzener.de\/magazin\/katze\/tipps-fuer-den-alltag\/urlaub-mit-katze\/\" target=\"_blank\" rel=\"noopener\">F\u00e4hrst du mit deiner Katze in den Urlaub<\/a> oder bist auf Besuch bei deinen Liebsten, dann sind die Kratzsch\u00e4den an Gegenst\u00e4nden, die Eigentum anderer sind, meist \u00fcber eine private Haftpflichtversicherung abgedeckt, je nach Versicherung gilt das auch f\u00fcr Mietsachsch\u00e4den, wie zum Beispiel zerkratzte W\u00e4nde, Parkettb\u00f6den, T\u00fcren oder T\u00fcrrahmen. Es lohnt sich, seine private Haftpflichtversicherung dahingehend zu \u00fcberpr\u00fcfen.<\/p>\n<p>Anders sieht es aus, wenn deine Katze dein Eigentum, beispielsweise Sofa oder Teppich, besch\u00e4digt. In dem Fall zahlt leider keine Versicherung und du haftest selbst f\u00fcr die Sch\u00e4den.<\/p>\n<p>Unabh\u00e4ngig davon, wer denn f\u00fcr Sch\u00e4den aufkommt, lohnt sich die Frage:<\/p>\n<h2>Wie halte ich meine Katze von den M\u00f6beln fern?<\/h2>\n<p>Viele Katzenhalter:innen fragen sich: Wie sch\u00fctze ich mein Sofa oder meine Couch vor meiner Katze? Wie kann ich meinem Stubentiger das Kratzen an M\u00f6beln, W\u00e4nden und Teppichen abgew\u00f6hnen?<\/p>\n<ul>\n<li>M\u00f6bel abdecken: Decke deine M\u00f6bel ab, um sie vor kratzenden Aktivit\u00e4ten deines Stubentigers zu sch\u00fctzen. Dazu kannst du Sofabdecker oder Couchschoner verwenden. Du hast die Qual der Wahl unter verschiedenen Ausf\u00fchrungen und Designs, die es im Handel zu kaufen gibt.<\/li>\n<li>Alternativen bereitstellen: Biete deinem Stubentiger geeignete Kratzb\u00e4ume, Kratzmatten, Kratzbretter oder Kratzs\u00e4ulen an. Deine Katze muss kratzen k\u00f6nnen, um Krallenpflege zu betreiben. Stehen deiner Katze attraktive Kratzm\u00f6bel zur Verf\u00fcgung, wird sie eher von Sofa und Teppich ablassen. \u00dcbrigens sollte in einem Mehrkatzenhaushalt jede Katze ihren eigenen Kratzbaum bekommen. Am leichtesten lernt deine Katze bereits als junge Katze, dass sie ihre Krallen an Kratzb\u00e4umen, Kratzmatten oder \u00e4hnlichem Kratzzubeh\u00f6r sch\u00e4rft.<\/li>\n<li>Abschrecken: Mit Kratzschutz-Spray oder Katzenabwehrspray lassen sich viele Katzen davon abhalten, sich die Krallen an Couchgarnitur und Teppichen zu wetzen. Diese gibt es im Handel zu kaufen. Du kannst dir ein Kratzschutz-Spray allerdings auch ganz leicht selbst herstellen. Rezepte dazu findest du weiter unten in diesem Artikel.<\/li>\n<\/ul>\n\n<div class=\"related_articles boxed\">\n    <h2>Mehr zum Thema<\/h2>\n    \n    <div class=\"wrapper\"><div class=\"title align-center\"><h3><a href=\"https:\/\/uelzener.de\/magazin\/katze\/erziehung-und-training\/katze-erziehen\/\">Katze erziehen: Grundlagen, Ideen und \u00dcbungen<\/a><\/h3><\/div><div class=\"img align-center\"><img decoding=\"async\" width=\"315\" height=\"180\" src=\"https:\/\/uelzener.de\/magazin\/app\/uploads\/2023\/02\/katze-erziehen-315x180.jpg\" class=\"attachment-315x180 size-315x180 wp-post-image\" alt=\"Erzogene Katze an der Leine vor einer Transportbox.\" \/><\/div><\/div><div class=\"wrapper\"><div class=\"title align-center\"><h3><a href=\"https:\/\/uelzener.de\/magazin\/katze\/haltung\/den-richtigen-kratzbaum-waehlen\/\">Den richtigen Kratzbaum w\u00e4hlen: Praktische Tipps zum Kauf<\/a><\/h3><\/div><div class=\"img align-center\"><img decoding=\"async\" width=\"315\" height=\"180\" src=\"https:\/\/uelzener.de\/magazin\/app\/uploads\/2024\/05\/kratzbaum-315x180.jpg\" class=\"attachment-315x180 size-315x180 wp-post-image\" alt=\"Katze steht auf Kratzbaum.\" \/><\/div><\/div><div class=\"wrapper\"><div class=\"title align-center\"><h3><a href=\"https:\/\/uelzener.de\/magazin\/katze\/tiergesundheit\/eine-katze-zieht-ein\/\">Eine Katze zieht ein: Checkliste, F\u00fctterung, Versicherungen<\/a><\/h3><\/div><div class=\"img align-center\"><img decoding=\"async\" width=\"315\" height=\"180\" src=\"https:\/\/uelzener.de\/magazin\/app\/uploads\/2023\/01\/kaetzchen-neugierig-315x180.jpg\" class=\"attachment-315x180 size-315x180 wp-post-image\" alt=\"Ein K\u00e4tzchen zieht neu ein. Worauf solltest du achten?\" \/><\/div><\/div><\/div>\n\n<h2>Katze kratzt an Tapete<\/h2>\n<p>Viele Katzen kratzen nicht nur an M\u00f6beln und Teppichen, sondern an der Tapete. Was kannst du tun, um auch dies der Katze abzugew\u00f6hnen?<\/p>\n<p>Stellst du deiner Katze attraktive Alternativen, wie beispielsweise Kratzb\u00e4ume und Kratzmatten zur Verf\u00fcgung, kann das schon viel bewirken. Vielfach reicht dies allerdings nicht aus, um deiner Katze das Kratzen an der Tapete abzugew\u00f6hnen. Um Gegenma\u00dfnahmen zu ergreifen, hilft es zu verstehen, welche Gr\u00fcnde deine Katze f\u00fcr ihr Kratzverhalten hat.<\/p>\n<h3>Gr\u00fcnde<\/h3>\n<p>Wieso kratzen Katzen eigentlich an der Tapete, wenn sie doch andere Kratzm\u00f6glichkeiten zur Verf\u00fcgung haben?<\/p>\n<ul>\n<li>Krallenpflege: Beim Kratzen an Sofas, Teppiche und auch an der Tapete sch\u00e4rfen Katzen ihre Krallen. Das ist n\u00f6tig, weil die Krallen der Stubentiger st\u00e4ndig nachwachsen und \u00e4u\u00dfere Schichten dann absterben. Indem sie kratzen, befreien sie sich von abgestorbenen \u00e4u\u00dferen Schichten ihrer Krallen.<\/li>\n<li>Reviermarkierung: Mit dem Kratzen markieren Katzen instinktiv ihr Revier. Dazu scheiden sie Pheromone aus, die sie \u00fcber zwischen ihren Zehen befindliche Dr\u00fcsen abgeben. Sind diese erst einmal an der Tapete platziert, animieren die Ger\u00fcche dazu, immer wieder an denselben Stellen zu kratzen.<\/li>\n<li>Spannungs-Stress-Abbau: Kratzen kann dem Stressabbau dienen. Gerade f\u00fcr Wohnungskatzen ist es besonders wichtig auf vergleichsweise engem Raum, Anspannung abzubauen.<\/li>\n<li>Dehnen und Strecken: Katzen dehnen und strecken sich gerne. W\u00e4nde sind aus Katzensicht perfekt geeignet, um sich anzulehnen und zu strecken und gleichzeitig die Krallen zu sch\u00e4rfen.<\/li>\n<li>Langeweile: Katzen wollen sich besch\u00e4ftigen: Wenn sie nicht ausreichend k\u00f6rperliche oder auch geistige Anregung bekommen, kann sich ein aus menschlicher Sicht unerw\u00fcnschtes Verhalten einstellen. Beispielsweise das Kratzen an der Tapete.<\/li>\n<\/ul>\n<p>Was kannst du unternehmen, um das Kratzen an deinen W\u00e4nden und auch M\u00f6beln zu verhindern?<\/p>\n<h3>Mit Hausmitteln verhindern<\/h3>\n<p>Zum Gl\u00fcck kannst du einiges daf\u00fcr tun, deine Katze vom Kratzen an unerw\u00fcnschten Stellen fernzuhalten. Nicht jede Methode funktioniert bei jedem Stubentiger. Probier am besten ein bisschen herum, was bei deinem Gef\u00e4hrten am wirkungsvollsten ist.<\/p>\n<ul>\n<li>Keine Langeweile aufkommen lassen: Katzen kratzen, weil sie ihre Krallen sch\u00e4rfen, aber leider auch h\u00e4ufig aus Langeweile. Sorg daf\u00fcr, dass deine Katze sich nicht langweilt. Hier findest du viele M\u00f6glichkeiten deine <a href=\"https:\/\/uelzener.de\/magazin\/katze\/haltung\/wohnungskatze-beschaeftigen\/\">Wohnungskatze zu besch\u00e4ftigen<\/a>.<\/li>\n<li>W\u00e4nde reinigen: Hat deine Katze bereits ihre Spuren an den W\u00e4nden hinterlassen, sind diese mit ihren Pheromonen markiert. Um die Katze nicht immer wieder zu animieren, erneut an denselben Stellen zu kratzen, entferne die Markierungen. Reinige die W\u00e4nde. Im Handel gibt es dazu spezielle Mittel zu kaufen. Du kannst auch mit warmem Wasser und Seife versuchen, die Duftstoffe zu entfernen. So wird die Verlockung, erneut an den entsprechenden Stellen zu kratzen, wieder geringer. Das funktioniert nat\u00fcrlich nur bei Materialien, die dir das feuchte Reinigen nicht \u00fcbel nehmen.<\/li>\n<li>Welcher Geruch h\u00e4lt Katzen von M\u00f6beln fern? Essig! Katzen m\u00f6gen den Geruch von Essig normalerweise nicht. Mische Wasser und Essig im Verh\u00e4ltnis eins zu eins und reibe oder spr\u00fch die entsprechenden Kratzstellen mit dieser L\u00f6sung ein. Eine weitere einfache L\u00f6sung ist eine Mischung aus Wasser, Eukalyptus\u00f6l und Zitronengras\u00f6l. Spr\u00fche oder reibe diese auf die gekratzte Fl\u00e4che. Der Geruch ist f\u00fcr Menschen angenehm, aber f\u00fcr Katzen unangenehm und sie werden sich davon fernhalten.<\/li>\n<li>Aluminiumfolie: Viele Katzen m\u00f6gen das Ger\u00e4usch von knisternder Aluminiumfolie nicht. Probier daher aus, ob du an den bevorzugten Kratzstellen deiner Katze, Aluminiumfolie anbringst und sie damit davon abhalten kannst, dort Kratzspuren zu hinterlassen.<\/li>\n<li>Anti-Kratz-Spray: Der Heimtierbedarfshandel bietet unterschiedliche Sprays an, die Katzen animieren, von ihren bevorzugten Kratzstellen abzulassen. Du m\u00f6chtest genau wissen, was in deinem Spray enthalten ist? Dann teste doch mal, wie dein Stubentiger auf ein selbst hergestelltes Anti-Kratz-Spray reagiert?<\/li>\n<\/ul>\n<h2>Anti-Kratz-Spray selber machen<\/h2>\n<p>F\u00fcr ein selbstgemachtes Kratzschutz-Spray ben\u00f6tigt man unter anderem Wasser und eine f\u00fcr Katzen unangenehm riechende Fl\u00fcssigkeit, wie beispielsweise Essig.<\/p>\n<p>Mit diesen Rezepten hast du gleich drei M\u00f6glichkeiten zur Verf\u00fcgung, ein Anti-Kratz-Spray selbst herzustellen:<\/p>\n<p>F\u00fcr jedes Rezept gilt: F\u00fclle die Zutaten in eine Spr\u00fchflasche und mische die Fl\u00fcssigkeiten gut durch. Anschlie\u00dfend kannst du W\u00e4nde, Sofa, Sessel und Teppiche mit deinem selbst hergestellten Anti-Kratz-Spray bespr\u00fchen. Nicht bei jeder Katze funktioniert es. Probier am besten aus, welche Ger\u00fcche deine Katze am ehesten abhalten, an W\u00e4nden, M\u00f6beln und Auslegware zu kratzen.<\/p>\n<p>Mit Apfelessig:<\/p>\n<ul>\n<li>200 ml Liter Apfelessig<\/li>\n<li>200 Liter Wasser<\/li>\n<li>1 Teel\u00f6ffel Oliven\u00f6l<\/li>\n<\/ul>\n<p>Mit Zitronensaft:<\/p>\n<ul>\n<li>200 ml Wasser<\/li>\n<li>100 ml Zitronensaft<\/li>\n<\/ul>\n<p>Mit wei\u00dfem Haushaltsessig:<\/p>\n<ul>\n<li>200 ml Liter wei\u00dfer Haushaltsessig<\/li>\n<li>200 ml Wasser<\/li>\n<li>10 Tropfen Zitrus\u00f6l<\/li>\n<\/ul>\n<p>Teste Sprays immer. Es kann sein, dass sich dein Sofabezug oder der Teppich verf\u00e4rbt. Das w\u00e4re schade und vermeidbar. Daher teste das Spray stets an einer unauff\u00e4lligen Stelle. Achte darauf, dass deine Katze nicht in der N\u00e4he ist, wenn du spr\u00fchst. Dein Stubentiger sollte von dem Spray nichts abbekommen.<\/p>\n<h2>Fazit:<\/h2>\n<p>Katzen kratzen und das ist auch gut so. Denn so werden sie die abgestorbenen \u00e4u\u00dferen Schichten ihrer Krallen los und sch\u00e4rfen sie gleichzeitig. Dass deine Katze kratzt, kannst und solltest du nicht verhindern wollen. Du kannst jedoch beeinflussen, wo sie kratzt. Schaffe attraktive Alternativen in Form von Kratzb\u00e4umen, Kratzmatten und \u00e4hnlichem. Parallel pr\u00e4parierst du deine W\u00e4nde und M\u00f6bel so, dass es f\u00fcr deinen Stubentiger unangenehm wird, sich an ihnen abzuarbeiten. So stellst du sicher, dass deine Katze ihre Krallenpflege betreiben kann und ihr euch dennoch beide in eurem Zuhause wohlf\u00fchlt.<\/p>\n<h2>FAQ: H\u00e4ufig gestellte Fragen<\/h2>\n<h3>Gibt es Katzen, die nicht kratzen?<\/h3>\n<p>Kratzen ist f\u00fcr Katzen ein wichtiges und nat\u00fcrliches Verhalten. Daher kratzen in der Regel alle Katzen. Das Kratzverhalten kann jedoch unterschiedlich ausgepr\u00e4gt sein. Falls eine Katze nicht ausreichend kratzt, ist es wichtig, die Krallenpflege im Blick zu behalten und die <a href=\"https:\/\/uelzener.de\/magazin\/katze\/haeufige-fragen\/krallen-schneiden-bei-katzen\/\">Krallen zu schneiden<\/a>.<\/p>\n","protected":false},"excerpt":{"rendered":"<p>Katzen kratzen und das ist auch gut so. Denn es dient der Krallenpflege. Dennoch m\u00f6chten die meisten Katzenhalter:innen nicht, dass ihre Stubentiger das Sofa oder die Couchgarnitur als Kratzmatte benutzen. Was tun, wenn die Katze ihren ganz eigenen Kopf hat und, vielleicht sogar trotz eines sorgf\u00e4ltig ausgew\u00e4hlten Kratzbaums, lieber das Sofa zum Sch\u00e4rfen der Krallen [&hellip;]<\/p>\n","protected":false},"author":11,"featured_media":15209,"parent":11691,"menu_order":16,"comment_status":"closed","ping_status":"closed","template":"templates\/blog.php","meta":{"_acf_changed":false,"_crdt_document":"","footnotes":"","beyondwords_generate_audio":"0","beyondwords_project_id":"","beyondwords_content_id":"","beyondwords_preview_token":"","beyondwords_player_style":"","beyondwords_language_id":"","beyondwords_title_voice_id":"","beyondwords_body_voice_id":"","beyondwords_summary_voice_id":"","beyondwords_error_message":"","beyondwords_disabled":"","beyondwords_delete_content":"","beyondwords_podcast_id":"","beyondwords_hash":"","publish_post_to_speechkit":"","speechkit_hash":"","speechkit_generate_audio":"","speechkit_project_id":"","speechkit_podcast_id":"","speechkit_error_message":"","speechkit_disabled":"","speechkit_access_key":"","speechkit_error":"","speechkit_info":"","speechkit_response":"","speechkit_retries":"","speechkit_status":"","speechkit_updated_at":"","_speechkit_link":"","_speechkit_text":""},"class_list":["post-15208","page","type-page","status-publish","has-post-thumbnail","hentry"],"acf":[],"yoast_head":"<!-- This site is optimized with the Yoast SEO Premium plugin  - https:\/\/yoast.com\/product\/yoast-seo-premium-wordpress\/ -->\n<title>Katze zerkratzt Sofa: Was tun? | Uelzener Magazin<\/title>\n<meta name=\"description\" content=\"Diese L\u00f6sungen gibt es neben Sofaabdecker und Couchschoner, wenn die Katze \ud83d\ude3c das Sofa zerkratzt. Inklusive Rezeptideen f\u00fcr DIY-Kratzschutz-Spray! \u2714\" \/>\n<meta name=\"robots\" content=\"index, follow, max-snippet:-1, max-image-preview:large, max-video-preview:-1\" \/>\n<link rel=\"canonical\" href=\"https:\/\/uelzener.de\/magazin\/katze\/haeufige-fragen\/katze-zerkratzt-sofa\/\" \/>\n<meta property=\"og:locale\" content=\"de_DE\" \/>\n<meta property=\"og:type\" content=\"article\" \/>\n<meta property=\"og:title\" content=\"Katze zerkratzt Sofa: Was tun?\" \/>\n<meta property=\"og:description\" content=\"Diese L\u00f6sungen gibt es neben Sofaabdecker und Couchschoner, wenn die Katze \ud83d\ude3c das Sofa zerkratzt. Inklusive Rezeptideen f\u00fcr DIY-Kratzschutz-Spray! \u2714\" \/>\n<meta property=\"og:url\" content=\"https:\/\/uelzener.de\/magazin\/katze\/haeufige-fragen\/katze-zerkratzt-sofa\/\" \/>\n<meta property=\"og:site_name\" content=\"Uelzener Tier-Magazin\" \/>\n<meta property=\"article:publisher\" content=\"https:\/\/www.facebook.com\/Uelzener\" \/>\n<meta property=\"article:modified_time\" content=\"2024-07-01T14:11:39+00:00\" \/>\n<meta property=\"og:image\" content=\"https:\/\/uelzener.de\/magazin\/app\/uploads\/2023\/03\/katze-zerkratzt-sofa.jpg\" \/>\n\t<meta property=\"og:image:width\" content=\"1025\" \/>\n\t<meta property=\"og:image:height\" content=\"450\" \/>\n\t<meta property=\"og:image:type\" content=\"image\/jpeg\" \/>\n<meta name=\"twitter:card\" content=\"summary_large_image\" \/>\n<meta name=\"twitter:label1\" content=\"Gesch\u00e4tzte Lesezeit\" \/>\n\t<meta name=\"twitter:data1\" content=\"6\u00a0Minuten\" \/>\n<script type=\"application\/ld+json\" class=\"yoast-schema-graph\">{\"@context\":\"https:\/\/schema.org\",\"@graph\":[{\"@type\":\"WebPage\",\"@id\":\"https:\/\/uelzener.de\/magazin\/katze\/haeufige-fragen\/katze-zerkratzt-sofa\/\",\"url\":\"https:\/\/uelzener.de\/magazin\/katze\/haeufige-fragen\/katze-zerkratzt-sofa\/\",\"name\":\"Katze zerkratzt Sofa: Was tun? | Uelzener Magazin\",\"isPartOf\":{\"@id\":\"https:\/\/uelzener.de\/magazin\/#website\"},\"primaryImageOfPage\":{\"@id\":\"https:\/\/uelzener.de\/magazin\/katze\/haeufige-fragen\/katze-zerkratzt-sofa\/#primaryimage\"},\"image\":{\"@id\":\"https:\/\/uelzener.de\/magazin\/katze\/haeufige-fragen\/katze-zerkratzt-sofa\/#primaryimage\"},\"thumbnailUrl\":\"https:\/\/uelzener.de\/magazin\/app\/uploads\/2023\/03\/katze-zerkratzt-sofa.jpg\",\"datePublished\":\"2023-03-24T17:38:21+00:00\",\"dateModified\":\"2024-07-01T14:11:39+00:00\",\"description\":\"Diese L\u00f6sungen gibt es neben Sofaabdecker und Couchschoner, wenn die Katze \ud83d\ude3c das Sofa zerkratzt. Inklusive Rezeptideen f\u00fcr DIY-Kratzschutz-Spray! \u2714\",\"breadcrumb\":{\"@id\":\"https:\/\/uelzener.de\/magazin\/katze\/haeufige-fragen\/katze-zerkratzt-sofa\/#breadcrumb\"},\"inLanguage\":\"de\",\"potentialAction\":[{\"@type\":\"ReadAction\",\"target\":[\"https:\/\/uelzener.de\/magazin\/katze\/haeufige-fragen\/katze-zerkratzt-sofa\/\"]}]},{\"@type\":\"ImageObject\",\"inLanguage\":\"de\",\"@id\":\"https:\/\/uelzener.de\/magazin\/katze\/haeufige-fragen\/katze-zerkratzt-sofa\/#primaryimage\",\"url\":\"https:\/\/uelzener.de\/magazin\/app\/uploads\/2023\/03\/katze-zerkratzt-sofa.jpg\",\"contentUrl\":\"https:\/\/uelzener.de\/magazin\/app\/uploads\/2023\/03\/katze-zerkratzt-sofa.jpg\",\"width\":1025,\"height\":450,\"caption\":\"Getigerte Katze zerkratzt graues Sofa.\"},{\"@type\":\"WebSite\",\"@id\":\"https:\/\/uelzener.de\/magazin\/#website\",\"url\":\"https:\/\/uelzener.de\/magazin\/\",\"name\":\"Uelzener Tiermagazin\",\"description\":\"Online Tierratgeber der Uelzener Versicherungen\",\"publisher\":{\"@id\":\"https:\/\/uelzener.de\/magazin\/#organization\"},\"potentialAction\":[{\"@type\":\"SearchAction\",\"target\":{\"@type\":\"EntryPoint\",\"urlTemplate\":\"https:\/\/uelzener.de\/magazin\/?s={search_term_string}\"},\"query-input\":{\"@type\":\"PropertyValueSpecification\",\"valueRequired\":true,\"valueName\":\"search_term_string\"}}],\"inLanguage\":\"de\"},{\"@type\":\"Organization\",\"@id\":\"https:\/\/uelzener.de\/magazin\/#organization\",\"name\":\"Uelzener Versicherungen\",\"url\":\"https:\/\/uelzener.de\/magazin\/\",\"logo\":{\"@type\":\"ImageObject\",\"inLanguage\":\"de\",\"@id\":\"https:\/\/uelzener.de\/magazin\/#\/schema\/logo\/image\/\",\"url\":\"https:\/\/uelzener.de\/magazin\/app\/uploads\/2024\/11\/uelzener_allgemeine_versicherungsgesellschaft_a_g_logo.jpg\",\"contentUrl\":\"https:\/\/uelzener.de\/magazin\/app\/uploads\/2024\/11\/uelzener_allgemeine_versicherungsgesellschaft_a_g_logo.jpg\",\"width\":200,\"height\":200,\"caption\":\"Uelzener Versicherungen\"},\"image\":{\"@id\":\"https:\/\/uelzener.de\/magazin\/#\/schema\/logo\/image\/\"},\"sameAs\":[\"https:\/\/www.facebook.com\/Uelzener\",\"https:\/\/instagram.com\/uelzener\",\"https:\/\/www.xing.com\/pages\/uelzenerallgemeineversicherungs-gesellschafta-g\",\"https:\/\/www.youtube.com\/UelzenerVersicherungen\"]}]}<\/script>\n<!-- \/ Yoast SEO Premium plugin. -->","yoast_head_json":{"title":"Katze zerkratzt Sofa: Was tun? | Uelzener Magazin","description":"Diese L\u00f6sungen gibt es neben Sofaabdecker und Couchschoner, wenn die Katze \ud83d\ude3c das Sofa zerkratzt. Inklusive Rezeptideen f\u00fcr DIY-Kratzschutz-Spray! \u2714","robots":{"index":"index","follow":"follow","max-snippet":"max-snippet:-1","max-image-preview":"max-image-preview:large","max-video-preview":"max-video-preview:-1"},"canonical":"https:\/\/uelzener.de\/magazin\/katze\/haeufige-fragen\/katze-zerkratzt-sofa\/","og_locale":"de_DE","og_type":"article","og_title":"Katze zerkratzt Sofa: Was tun?","og_description":"Diese L\u00f6sungen gibt es neben Sofaabdecker und Couchschoner, wenn die Katze \ud83d\ude3c das Sofa zerkratzt. Inklusive Rezeptideen f\u00fcr DIY-Kratzschutz-Spray! \u2714","og_url":"https:\/\/uelzener.de\/magazin\/katze\/haeufige-fragen\/katze-zerkratzt-sofa\/","og_site_name":"Uelzener Tier-Magazin","article_publisher":"https:\/\/www.facebook.com\/Uelzener","article_modified_time":"2024-07-01T14:11:39+00:00","og_image":[{"width":1025,"height":450,"url":"https:\/\/uelzener.de\/magazin\/app\/uploads\/2023\/03\/katze-zerkratzt-sofa.jpg","type":"image\/jpeg"}],"twitter_card":"summary_large_image","twitter_misc":{"Gesch\u00e4tzte Lesezeit":"6\u00a0Minuten"},"schema":{"@context":"https:\/\/schema.org","@graph":[{"@type":"WebPage","@id":"https:\/\/uelzener.de\/magazin\/katze\/haeufige-fragen\/katze-zerkratzt-sofa\/","url":"https:\/\/uelzener.de\/magazin\/katze\/haeufige-fragen\/katze-zerkratzt-sofa\/","name":"Katze zerkratzt Sofa: Was tun? | Uelzener Magazin","isPartOf":{"@id":"https:\/\/uelzener.de\/magazin\/#website"},"primaryImageOfPage":{"@id":"https:\/\/uelzener.de\/magazin\/katze\/haeufige-fragen\/katze-zerkratzt-sofa\/#primaryimage"},"image":{"@id":"https:\/\/uelzener.de\/magazin\/katze\/haeufige-fragen\/katze-zerkratzt-sofa\/#primaryimage"},"thumbnailUrl":"https:\/\/uelzener.de\/magazin\/app\/uploads\/2023\/03\/katze-zerkratzt-sofa.jpg","datePublished":"2023-03-24T17:38:21+00:00","dateModified":"2024-07-01T14:11:39+00:00","description":"Diese L\u00f6sungen gibt es neben Sofaabdecker und Couchschoner, wenn die Katze \ud83d\ude3c das Sofa zerkratzt. Inklusive Rezeptideen f\u00fcr DIY-Kratzschutz-Spray! \u2714","breadcrumb":{"@id":"https:\/\/uelzener.de\/magazin\/katze\/haeufige-fragen\/katze-zerkratzt-sofa\/#breadcrumb"},"inLanguage":"de","potentialAction":[{"@type":"ReadAction","target":["https:\/\/uelzener.de\/magazin\/katze\/haeufige-fragen\/katze-zerkratzt-sofa\/"]}]},{"@type":"ImageObject","inLanguage":"de","@id":"https:\/\/uelzener.de\/magazin\/katze\/haeufige-fragen\/katze-zerkratzt-sofa\/#primaryimage","url":"https:\/\/uelzener.de\/magazin\/app\/uploads\/2023\/03\/katze-zerkratzt-sofa.jpg","contentUrl":"https:\/\/uelzener.de\/magazin\/app\/uploads\/2023\/03\/katze-zerkratzt-sofa.jpg","width":1025,"height":450,"caption":"Getigerte Katze zerkratzt graues Sofa."},{"@type":"WebSite","@id":"https:\/\/uelzener.de\/magazin\/#website","url":"https:\/\/uelzener.de\/magazin\/","name":"Uelzener Tiermagazin","description":"Online Tierratgeber der Uelzener Versicherungen","publisher":{"@id":"https:\/\/uelzener.de\/magazin\/#organization"},"potentialAction":[{"@type":"SearchAction","target":{"@type":"EntryPoint","urlTemplate":"https:\/\/uelzener.de\/magazin\/?s={search_term_string}"},"query-input":{"@type":"PropertyValueSpecification","valueRequired":true,"valueName":"search_term_string"}}],"inLanguage":"de"},{"@type":"Organization","@id":"https:\/\/uelzener.de\/magazin\/#organization","name":"Uelzener Versicherungen","url":"https:\/\/uelzener.de\/magazin\/","logo":{"@type":"ImageObject","inLanguage":"de","@id":"https:\/\/uelzener.de\/magazin\/#\/schema\/logo\/image\/","url":"https:\/\/uelzener.de\/magazin\/app\/uploads\/2024\/11\/uelzener_allgemeine_versicherungsgesellschaft_a_g_logo.jpg","contentUrl":"https:\/\/uelzener.de\/magazin\/app\/uploads\/2024\/11\/uelzener_allgemeine_versicherungsgesellschaft_a_g_logo.jpg","width":200,"height":200,"caption":"Uelzener Versicherungen"},"image":{"@id":"https:\/\/uelzener.de\/magazin\/#\/schema\/logo\/image\/"},"sameAs":["https:\/\/www.facebook.com\/Uelzener","https:\/\/instagram.com\/uelzener","https:\/\/www.xing.com\/pages\/uelzenerallgemeineversicherungs-gesellschafta-g","https:\/\/www.youtube.com\/UelzenerVersicherungen"]}]}},"_links":{"self":[{"href":"https:\/\/uelzener.de\/magazin\/wp-json\/wp\/v2\/pages\/15208","targetHints":{"allow":["GET"]}}],"collection":[{"href":"https:\/\/uelzener.de\/magazin\/wp-json\/wp\/v2\/pages"}],"about":[{"href":"https:\/\/uelzener.de\/magazin\/wp-json\/wp\/v2\/types\/page"}],"author":[{"embeddable":true,"href":"https:\/\/uelzener.de\/magazin\/wp-json\/wp\/v2\/users\/11"}],"replies":[{"embeddable":true,"href":"https:\/\/uelzener.de\/magazin\/wp-json\/wp\/v2\/comments?post=15208"}],"version-history":[{"count":7,"href":"https:\/\/uelzener.de\/magazin\/wp-json\/wp\/v2\/pages\/15208\/revisions"}],"predecessor-version":[{"id":17585,"href":"https:\/\/uelzener.de\/magazin\/wp-json\/wp\/v2\/pages\/15208\/revisions\/17585"}],"up":[{"embeddable":true,"href":"https:\/\/uelzener.de\/magazin\/wp-json\/wp\/v2\/pages\/11691"}],"wp:featuredmedia":[{"embeddable":true,"href":"https:\/\/uelzener.de\/magazin\/wp-json\/wp\/v2\/media\/15209"}],"wp:attachment":[{"href":"https:\/\/uelzener.de\/magazin\/wp-json\/wp\/v2\/media?parent=15208"}],"curies":[{"name":"wp","href":"https:\/\/api.w.org\/{rel}","templated":true}]}}