{"id":15066,"date":"2023-03-13T13:56:57","date_gmt":"2023-03-13T12:56:57","guid":{"rendered":"https:\/\/uelzener.de\/magazin\/?page_id=15066"},"modified":"2025-09-23T10:21:54","modified_gmt":"2025-09-23T08:21:54","slug":"passivrauchen-nikotinvergiftung-beim-hund","status":"publish","type":"page","link":"https:\/\/uelzener.de\/magazin\/hund\/tiergesundheit\/passivrauchen-nikotinvergiftung-beim-hund\/","title":{"rendered":"Passivrauchen und Nikotinvergiftung beim Hund"},"content":{"rendered":"<p>Nikotin ist ein Nervengift, das geraucht innerhalb von unter zehn Sekunden das Gehirn erreicht. So entsteht der positive Kick, den viele Raucher:innen kurz nach dem ersten Zug sp\u00fcren. Auch, wenn der Nikotinkonsum in den vergangenen Jahren rapide zur\u00fcckgegangen ist, so entscheiden sich doch immer noch viele Menschen f\u00fcr den blauen Dunst. Darunter auch Haustierhalter:innen. Viele von ihnen gehen achtsam mit ihrem Nikotinkonsum um und vermeiden es, ihre Haustiere dem ungesunden Rauch auszusetzen. Doch manch einem oder einer ist vielleicht gar nicht bewusst, wie sch\u00e4dlich Tabakrauch ist. Daher schauen wir uns hier die Einfl\u00fcsse von Nikotin auf die Gesundheit unserer vierbeinigen Freunde etwas genauer an.<\/p>\n<h2>Ist Passivrauchen f\u00fcr Hunde sch\u00e4dlich?<\/h2>\n<p>Viele fragen sich: Ist Rauch f\u00fcr Hunde sch\u00e4dlich? Darauf gibt es eine klare Antwort: Ja, Tabakrauch, beispielsweise von Zigaretten, Zigarren oder Pfeifen, ist f\u00fcr Hunde ungesund. Denn Hunde atmen den Rauch aus der Umgebung ein. Je nachdem wie viel Rauch sie einatmen, werden die Atemwege der Fellnasen belastet. Die im Rauch enthaltenen Stoffe, wie Kohlenmonoxid, Teer, Stickstoffoxide und Benzol, reizen Atemwege und Augen. Das kann zu Atembeschwerden und tr\u00e4nenden Augen f\u00fchren. Sind Hunde dauerhaft Tabakrauch ausgesetzt, kann dies zu einem erh\u00f6hten Krebsrisiko und zur Schw\u00e4chung des Immunsystems f\u00fchren.<\/p>\n<p>Doch nicht nur der Rauch, der sich in der Luft befindet, kann Hunden schaden. Auch Rauchpartikel, die sich im Fell des Hundes festsetzen, k\u00f6nnen zu gesundheitlichen Problemen f\u00fchren. Denn lagern sich Rauchpartikel im Fell ab, besteht das Risiko, dass sie vom Hund eingeatmet werden. Auch, wenn der Raum wom\u00f6glich bereits sorgf\u00e4ltig gel\u00fcftet wurde, kann der Hund \u00fcber die Rauchpartikel im Fell weiterhin sch\u00e4dliche Stoffe einatmen.<\/p>\n<p>Nicht nur der eingeatmete Rauch stellt eine Gefahr f\u00fcr den vierbeinigen Freund dar. Akut noch gef\u00e4hrlicher k\u00f6nnen umherliegende Zigaretten oder sogar lediglich Zigarettenkippen sein. Dazu braucht der oder die Halter: in gar nicht selbst zu rauchen. Verschluckt ein Hund, beispielsweise bei einem Spaziergang, versehentlich eine Zigarettenkippe, so kann dies lebensgef\u00e4hrlich sein.<\/p>\n<h2>Symptome einer Nikotinvergiftung<\/h2>\n<p>Was passiert, wenn ein Hund eine Zigarette frisst? Selbst geringe Mengen Nikotin k\u00f6nnen f\u00fcr einen Hund gef\u00e4hrlich sein. Besonders bei <a href=\"https:\/\/uelzener.de\/welpen\/\">Welpen<\/a> und kleinen Hunden sollte man sehr achtsam sein und sofort reagieren, wenn sie \u00dcberreste von Zigaretten gefressen haben.<\/p>\n<p>Folgende Symptome k\u00f6nnen je nach Schweregrad bei einer Vergiftung vorkommen:<\/p>\n<ul>\n<li>Zittern<\/li>\n<li>Erbrechen<\/li>\n<li><a href=\"https:\/\/uelzener.de\/magazin\/hund\/haeufige-fragen\/durchfall-beim-hund-verdauung\/\">Durchfall<\/a><\/li>\n<li>Speicheln<\/li>\n<li>beschleunigte Atmung<\/li>\n<li>Schw\u00e4che bis hin zu Lethargie<\/li>\n<li>erh\u00f6hter K\u00f6rpertemperatur<\/li>\n<li>Herzrhythmusst\u00f6rungen<\/li>\n<\/ul>\n<p>Frisst ein Hund wom\u00f6glich eine ganze Zigarette, kann das unter Umst\u00e4nden zu Herz-Kreislauf-Versagen f\u00fchren. Zeigt ein Hund Symptome einer Nikotinvergiftung oder vermutet man, dass ein Hund eine Zigarette oder \u00dcberreste davon gefressen hat, sollte man unbedingt eine Tierarztpraxis aufsuchen. Denn Hunde k\u00f6nnen an einer Nikotinvergiftung sterben. Eine Nikotinvergiftung ist unter Umst\u00e4nden ein medizinischer Notfall, der sofort behandelt werden muss. Falls vorhanden h\u00e4lt man m\u00f6glichst Angaben zum Nikotingehalt der jeweiligen Zigarettenmarke bereit. Diese sind der Packung zu entnehmen. Au\u00dferdem kann es helfen, das Gewicht des Hundes nennen zu k\u00f6nnen. Denn dies kann eine wichtige Information f\u00fcr den oder die Tier\u00e4rzt:in sein.\u00a0 In einem Fall wie diesem ist es besonders gut, wenn man sich mit einer Versicherung gegen die finanziellen Risiken einer Erkrankung abgesichert hat. <strong>Hundeversicherungen<\/strong> k\u00f6nnen zumindest die finanzielle Belastung der tier\u00e4rztlichen Behandlung mildern.<\/p>\n\n<div class=\"banner\">\n    <a href=\"https:\/\/uelzener.de\/hund\/?agt=0000104925&sem=true&utm_medium=magazin&utm_source=wordpress&utm_campaign=hund&utm_content=banner\">\n        <img decoding=\"async\" width=\"300\" height=\"212\" src=\"https:\/\/uelzener.de\/magazin\/app\/uploads\/2023\/10\/Hunde-Versicherung.jpg\" class=\"attachment-medium size-medium\" alt=\"Banner Hunde-Versicherung\" \/>    <\/a>\n<\/div>\n\n<h2>Behandlung<\/h2>\n<p>Je nach Schwere der Symptome wird ein oder eine Tier\u00e4rzt:in folgende Ma\u00dfnahmen ergreifen:<\/p>\n<ul>\n<li>Um die Aufnahme des Nikotins in den K\u00f6per m\u00f6glichst schnell zu unterbinden, kann toxinbindende Aktivkohle verabreicht werden.<\/li>\n<li>Eine Fl\u00fcssigkeit- und Elektrolyttherapie kann helfen, ein m\u00f6gliches, durch Erbrechen bzw. Durchfall hervorgerufenes, Fl\u00fcssigkeitsungleichgewicht auszugleichen.<\/li>\n<li>Leidet der Hund unter Kr\u00e4mpfen und Atemnot, k\u00f6nnen Beruhigungsmittel helfen, dass die Atmung und Muskulatur des Hundes sich entspannt und es ihm schnell wieder besser geht.<\/li>\n<li>Liegt der Beginn der Vergiftung noch nicht allzu lange zur\u00fcck, kann der oder die Tier\u00e4rzt:in den Hund zum Erbrechen bringen, sodass eine weitere Aufnahme des Nikotins in den Stoffwechsel verhindert werden kann.<\/li>\n<li>Mithilfe einer Magensp\u00fclung k\u00f6nnen Reste der Vergiftungsverursacher entfernt werden.<\/li>\n<\/ul>\n<h2>Passivrauchen: Tiere im Raucherhaushalt<\/h2>\n<p>Passivrauchen ist f\u00fcr Haustiere \u00e4hnlich gef\u00e4hrlich wie f\u00fcr Menschen. Da Tiere nicht selbst entscheiden k\u00f6nnen, den Raum zu verlassen oder das Fenster zu \u00f6ffnen, sind sie dem Rauch hilflos ausgesetzt.<\/p>\n<p>So kann Passivrauchen, je nach Intensit\u00e4t, zu Atemproblemen, Augen- und Hautreizungen, Herzproblemen und Krebs f\u00fchren. Zudem kann das Passivrauchen die Entstehung von Tumoren und das Vorkommen allergischer Reaktionen bei Hunden beg\u00fcnstigen.<\/p>\n<p>Die sch\u00e4dliche Wirkung des Passivrauchens gilt nat\u00fcrlich nicht nur f\u00fcr Hunde. Auch andere Haustiere k\u00f6nnen leiden, wenn sie Zigarettenrauch ausgesetzt sind. Da Katzen sich w\u00e4hrend der Fellreinigung regelm\u00e4\u00dfig das Fell ablecken, nehmen sie vermehrt Rauchpartikel auf. So kommt es zu einer Belastung im Maul und Rachenbereich und die sch\u00e4dlichen Inhaltsstoffe des Tabaks gelangen in den K\u00f6rper der Katze. Katzen, die als Wohnungskatzen in Raucherhaushalten leben, sind verst\u00e4rkt von der Belastung durch Passivrauchen betroffen. Auch V\u00f6gel k\u00f6nnen unter dem Rauch in Wohnr\u00e4umen leiden und so beispielsweise an Atemwegserkrankungen, wie Lungenentz\u00fcndungen, erkranken.<\/p>\n<h2>Kann ein Hund high werden?<\/h2>\n<p>Wenn wir vom Rauchen sprechen, ist das Thema Kiffen mitunter nicht weit. Wie Hunde sich f\u00fchlen, wenn sie Cannabisrauch einatmen, k\u00f6nnen sie uns nicht mitteilen. Es stellt sich jedoch die Frage: Ist Kiffen sch\u00e4dlich f\u00fcr Hunde? Diese l\u00e4sst sich klar mit \u201eja\u201c beantworten. Denn atmen Hunde Cannabisrauch ein, sind Wirkungen auf das Herz-Kreislauf- und Nervensystem festzustellen, deren Ausma\u00df nicht kontrollierbar ist und im Zweifel t\u00f6dlich enden kann. Daher sollten Hunde m\u00f6glichst kein Cannabis zu sich nehmen. Weder in Form von Cannabisrauch noch in Form von mit Cannabis hergestellter Lebensmittel. Geschieht es doch einmal, dass ein Hund, wom\u00f6glich auch versehentlich, Cannabis zu sich genommen hat, k\u00f6nnen Symptome, wie beispielsweise niedriger Blutdruck, Erbrechen, Speicheln oder Zittern bis hin zur <a href=\"https:\/\/uelzener.de\/magazin\/hund\/tiergesundheit\/epilepsie-beim-hund\/\" target=\"_blank\" rel=\"noopener\">Epilepsie<\/a> auftreten.<\/p>\n<p>Bef\u00fcrchtet man, dass der Hund m\u00f6glicherweise Cannabis gefressen haben k\u00f6nnte, sollte man mit ihm unbedingt die tier\u00e4rztliche Praxis aufsuchen. Es kann sich unter Umst\u00e4nden um einen medizinischen Notfall handeln, der sofort behandelt werden muss.<\/p>\n<h2>Fazit<\/h2>\n<p>Hunde sollten vor Tabakrauch m\u00f6glichst gesch\u00fctzt werden. Denn Nikotin ist f\u00fcr Hunde sch\u00e4dlich. Passivrauchen kann bei Hunden verschiedenartige Beschwerden hervorrufen bis dahin, dass es schwere Erkrankungen, wie Tumore oder Herzrhythmusst\u00f6rungen, beg\u00fcnstigen kann. Wenn zu bef\u00fcrchten ist, dass ein Hund eine Zigarette oder \u00dcberreste davon verschluckt hat, sollte man unbedingt sofort die tier\u00e4rztliche Praxis aufsuchen. Denn in diesem Fall handelt es sich unter Umst\u00e4nden um einen medizinischen Notfall. Neben Nikotin sollte auch der Kontakt mit Cannabis oder Produkten, die Cannabis enthalten, vermieden werden.<\/p>\n\n<div class=\"related_articles boxed\">\n    <h2>Mehr zum Thema<\/h2>\n    \n    <div class=\"wrapper\"><div class=\"title align-center\"><h3><a href=\"https:\/\/uelzener.de\/magazin\/hund\/haeufige-fragen\/warum-frisst-mein-hund-kot\/\">Warum frisst mein Hund Kot?<\/a><\/h3><\/div><div class=\"img align-center\"><img decoding=\"async\" width=\"315\" height=\"138\" src=\"https:\/\/uelzener.de\/magazin\/app\/uploads\/2025\/09\/hund-frisst-kot.png\" class=\"attachment-315x180 size-315x180 wp-post-image\" alt=\"Hund frisst Kot.\" \/><\/div><\/div><div class=\"wrapper\"><div class=\"title align-center\"><h3><a href=\"https:\/\/uelzener.de\/magazin\/hund\/haeufige-fragen\/cbd-oel\/\">CBD-\u00d6l: Hund nat\u00fcrlich beruhigen<\/a><\/h3><\/div><div class=\"img align-center\"><img decoding=\"async\" width=\"315\" height=\"180\" src=\"https:\/\/uelzener.de\/magazin\/app\/uploads\/2023\/12\/cbd-oel-hund-kekse-315x180.jpg\" class=\"attachment-315x180 size-315x180 wp-post-image\" alt=\"Hundesnacks aus CBD-\u00d6l\" \/><\/div><\/div><div class=\"wrapper\"><div class=\"title align-center\"><h3><a href=\"https:\/\/uelzener.de\/magazin\/hund\/tiergesundheit\/krebs-beim-hund\/\">Krebs beim Hund: Vom Osteosarkom bis zum Gehirntumor<\/a><\/h3><\/div><div class=\"img align-center\"><img decoding=\"async\" width=\"315\" height=\"138\" src=\"https:\/\/uelzener.de\/magazin\/app\/uploads\/2025\/09\/krebs-hund.png\" class=\"attachment-315x180 size-315x180 wp-post-image\" alt=\"Hund mit Krebs.\" \/><\/div><\/div><\/div>\n\n<h2>FAQ: H\u00e4ufig gestellte Fragen<\/h2>\n<h3>Kann ein Hund Lungenkrebs bekommen durch Passivrauchen?<\/h3>\n<p>Passivrauchen beg\u00fcnstigt die Entstehung von Krebs, beispielsweise von Lungenkrebs, Lymphdr\u00fcsenkrebs, Tumoren in Mund, Nase und Nebenh\u00f6hlen.<\/p>\n<h3>Wie h\u00e4ufig Hund im Raucherhaushalt waschen?<\/h3>\n<p>Den Hund zu waschen, kann m\u00f6glicherweise helfen, dass sich der Rauch nicht dauerhaft im Fell festsetzt. Damit l\u00e4sst sich mitunter vermeiden, dass Hunde die Rauchpartikel durch Lecken aufnehmen. Wie h\u00e4ufig man den Hund waschen sollte, kann sehr unterschiedlich sein. Dies ist beispielsweise abh\u00e4ngig von der Menge an Rauch und der Art des Hundefells. Den Hund, wenn es wirklich n\u00f6tig ist, ein bis zwei Mal pro Woche zu baden, kann ein guter Richtwert sein. Generell sollte man beim Waschen von Hunden darauf achten, den <a href=\"https:\/\/uelzener.de\/magazin\/hund\/pflege\/hund-richtig-waschen\/\">Hund richtig zu waschen<\/a>. Es ist darauf zu achten, ein f\u00fcr Hunde geeignetes Shampoo zu verwenden. Wer Zeit und Lust hast findet hier eine Anleitung, sein <a href=\"https:\/\/uelzener.de\/magazin\/hund\/haeufige-fragen\/hundeshampoo-selber-machen\/\">Hundeshampoo selber zu machen<\/a>.<\/p>\n","protected":false},"excerpt":{"rendered":"<p>Nikotin ist ein Nervengift, das geraucht innerhalb von unter zehn Sekunden das Gehirn erreicht. So entsteht der positive Kick, den viele Raucher:innen kurz nach dem ersten Zug sp\u00fcren. Auch, wenn der Nikotinkonsum in den vergangenen Jahren rapide zur\u00fcckgegangen ist, so entscheiden sich doch immer noch viele Menschen f\u00fcr den blauen Dunst. Darunter auch Haustierhalter:innen. Viele [&hellip;]<\/p>\n","protected":false},"author":11,"featured_media":15070,"parent":11701,"menu_order":34,"comment_status":"closed","ping_status":"closed","template":"templates\/blog.php","meta":{"_acf_changed":false,"_crdt_document":"","footnotes":"","beyondwords_generate_audio":"0","beyondwords_project_id":"","beyondwords_content_id":"","beyondwords_preview_token":"","beyondwords_player_style":"","beyondwords_language_id":"","beyondwords_title_voice_id":"","beyondwords_body_voice_id":"","beyondwords_summary_voice_id":"","beyondwords_error_message":"","beyondwords_disabled":"","beyondwords_delete_content":"","beyondwords_podcast_id":"","beyondwords_hash":"","publish_post_to_speechkit":"","speechkit_hash":"","speechkit_generate_audio":"","speechkit_project_id":"","speechkit_podcast_id":"","speechkit_error_message":"","speechkit_disabled":"","speechkit_access_key":"","speechkit_error":"","speechkit_info":"","speechkit_response":"","speechkit_retries":"","speechkit_status":"","speechkit_updated_at":"","_speechkit_link":"","_speechkit_text":""},"class_list":["post-15066","page","type-page","status-publish","has-post-thumbnail","hentry"],"acf":[],"yoast_head":"<!-- This site is optimized with the Yoast SEO Premium plugin  - https:\/\/yoast.com\/product\/yoast-seo-premium-wordpress\/ -->\n<title>Passivrauchen und Nikotinvergiftung beim Hund | Uelzener Magazin<\/title>\n<meta name=\"description\" content=\"Passivrauchen ist f\u00fcr Haustiere \u00e4hnlich gef\u00e4hrlich wie f\u00fcr Menschen. Da Tiere nicht selbst entscheiden k\u00f6nnen, den Raum zu verlassen oder das Fenster zu \u00f6ffnen, sind sie dem Rauch hilflos ausgesetzt.\" \/>\n<meta name=\"robots\" content=\"index, follow, max-snippet:-1, max-image-preview:large, max-video-preview:-1\" \/>\n<link rel=\"canonical\" href=\"https:\/\/uelzener.de\/magazin\/hund\/tiergesundheit\/passivrauchen-nikotinvergiftung-beim-hund\/\" \/>\n<meta property=\"og:locale\" content=\"de_DE\" \/>\n<meta property=\"og:type\" content=\"article\" \/>\n<meta property=\"og:title\" content=\"Passivrauchen und Nikotinvergiftung beim Hund\" \/>\n<meta property=\"og:description\" content=\"Passivrauchen ist f\u00fcr Haustiere \u00e4hnlich gef\u00e4hrlich wie f\u00fcr Menschen. Da Tiere nicht selbst entscheiden k\u00f6nnen, den Raum zu verlassen oder das Fenster zu \u00f6ffnen, sind sie dem Rauch hilflos ausgesetzt.\" \/>\n<meta property=\"og:url\" content=\"https:\/\/uelzener.de\/magazin\/hund\/tiergesundheit\/passivrauchen-nikotinvergiftung-beim-hund\/\" \/>\n<meta property=\"og:site_name\" content=\"Uelzener Tier-Magazin\" \/>\n<meta property=\"article:publisher\" content=\"https:\/\/www.facebook.com\/Uelzener\" \/>\n<meta property=\"article:modified_time\" content=\"2025-09-23T08:21:54+00:00\" \/>\n<meta property=\"og:image\" content=\"https:\/\/uelzener.de\/magazin\/app\/uploads\/2023\/03\/passivrauchen-hund.jpg\" \/>\n\t<meta property=\"og:image:width\" content=\"1025\" \/>\n\t<meta property=\"og:image:height\" content=\"450\" \/>\n\t<meta property=\"og:image:type\" content=\"image\/jpeg\" \/>\n<meta name=\"twitter:card\" content=\"summary_large_image\" \/>\n<meta name=\"twitter:label1\" content=\"Gesch\u00e4tzte Lesezeit\" \/>\n\t<meta name=\"twitter:data1\" content=\"7\u00a0Minuten\" \/>\n<script type=\"application\/ld+json\" class=\"yoast-schema-graph\">{\"@context\":\"https:\/\/schema.org\",\"@graph\":[{\"@type\":\"WebPage\",\"@id\":\"https:\/\/uelzener.de\/magazin\/hund\/tiergesundheit\/passivrauchen-nikotinvergiftung-beim-hund\/\",\"url\":\"https:\/\/uelzener.de\/magazin\/hund\/tiergesundheit\/passivrauchen-nikotinvergiftung-beim-hund\/\",\"name\":\"Passivrauchen und Nikotinvergiftung beim Hund | Uelzener Magazin\",\"isPartOf\":{\"@id\":\"https:\/\/uelzener.de\/magazin\/#website\"},\"primaryImageOfPage\":{\"@id\":\"https:\/\/uelzener.de\/magazin\/hund\/tiergesundheit\/passivrauchen-nikotinvergiftung-beim-hund\/#primaryimage\"},\"image\":{\"@id\":\"https:\/\/uelzener.de\/magazin\/hund\/tiergesundheit\/passivrauchen-nikotinvergiftung-beim-hund\/#primaryimage\"},\"thumbnailUrl\":\"https:\/\/uelzener.de\/magazin\/app\/uploads\/2023\/03\/passivrauchen-hund.jpg\",\"datePublished\":\"2023-03-13T12:56:57+00:00\",\"dateModified\":\"2025-09-23T08:21:54+00:00\",\"description\":\"Passivrauchen ist f\u00fcr Haustiere \u00e4hnlich gef\u00e4hrlich wie f\u00fcr Menschen. Da Tiere nicht selbst entscheiden k\u00f6nnen, den Raum zu verlassen oder das Fenster zu \u00f6ffnen, sind sie dem Rauch hilflos ausgesetzt.\",\"breadcrumb\":{\"@id\":\"https:\/\/uelzener.de\/magazin\/hund\/tiergesundheit\/passivrauchen-nikotinvergiftung-beim-hund\/#breadcrumb\"},\"inLanguage\":\"de\",\"potentialAction\":[{\"@type\":\"ReadAction\",\"target\":[\"https:\/\/uelzener.de\/magazin\/hund\/tiergesundheit\/passivrauchen-nikotinvergiftung-beim-hund\/\"]}]},{\"@type\":\"ImageObject\",\"inLanguage\":\"de\",\"@id\":\"https:\/\/uelzener.de\/magazin\/hund\/tiergesundheit\/passivrauchen-nikotinvergiftung-beim-hund\/#primaryimage\",\"url\":\"https:\/\/uelzener.de\/magazin\/app\/uploads\/2023\/03\/passivrauchen-hund.jpg\",\"contentUrl\":\"https:\/\/uelzener.de\/magazin\/app\/uploads\/2023\/03\/passivrauchen-hund.jpg\",\"width\":1025,\"height\":450,\"caption\":\"Hund steht neben rauchender Frauchen. Passivrauchen beim Hund ist eine ernstzunehmende Gefahr.\"},{\"@type\":\"WebSite\",\"@id\":\"https:\/\/uelzener.de\/magazin\/#website\",\"url\":\"https:\/\/uelzener.de\/magazin\/\",\"name\":\"Uelzener Tiermagazin\",\"description\":\"Online Tierratgeber der Uelzener Versicherungen\",\"publisher\":{\"@id\":\"https:\/\/uelzener.de\/magazin\/#organization\"},\"potentialAction\":[{\"@type\":\"SearchAction\",\"target\":{\"@type\":\"EntryPoint\",\"urlTemplate\":\"https:\/\/uelzener.de\/magazin\/?s={search_term_string}\"},\"query-input\":{\"@type\":\"PropertyValueSpecification\",\"valueRequired\":true,\"valueName\":\"search_term_string\"}}],\"inLanguage\":\"de\"},{\"@type\":\"Organization\",\"@id\":\"https:\/\/uelzener.de\/magazin\/#organization\",\"name\":\"Uelzener Versicherungen\",\"url\":\"https:\/\/uelzener.de\/magazin\/\",\"logo\":{\"@type\":\"ImageObject\",\"inLanguage\":\"de\",\"@id\":\"https:\/\/uelzener.de\/magazin\/#\/schema\/logo\/image\/\",\"url\":\"https:\/\/uelzener.de\/magazin\/app\/uploads\/2024\/11\/uelzener_allgemeine_versicherungsgesellschaft_a_g_logo.jpg\",\"contentUrl\":\"https:\/\/uelzener.de\/magazin\/app\/uploads\/2024\/11\/uelzener_allgemeine_versicherungsgesellschaft_a_g_logo.jpg\",\"width\":200,\"height\":200,\"caption\":\"Uelzener Versicherungen\"},\"image\":{\"@id\":\"https:\/\/uelzener.de\/magazin\/#\/schema\/logo\/image\/\"},\"sameAs\":[\"https:\/\/www.facebook.com\/Uelzener\",\"https:\/\/instagram.com\/uelzener\",\"https:\/\/www.xing.com\/pages\/uelzenerallgemeineversicherungs-gesellschafta-g\",\"https:\/\/www.youtube.com\/UelzenerVersicherungen\"]}]}<\/script>\n<!-- \/ Yoast SEO Premium plugin. -->","yoast_head_json":{"title":"Passivrauchen und Nikotinvergiftung beim Hund | Uelzener Magazin","description":"Passivrauchen ist f\u00fcr Haustiere \u00e4hnlich gef\u00e4hrlich wie f\u00fcr Menschen. Da Tiere nicht selbst entscheiden k\u00f6nnen, den Raum zu verlassen oder das Fenster zu \u00f6ffnen, sind sie dem Rauch hilflos ausgesetzt.","robots":{"index":"index","follow":"follow","max-snippet":"max-snippet:-1","max-image-preview":"max-image-preview:large","max-video-preview":"max-video-preview:-1"},"canonical":"https:\/\/uelzener.de\/magazin\/hund\/tiergesundheit\/passivrauchen-nikotinvergiftung-beim-hund\/","og_locale":"de_DE","og_type":"article","og_title":"Passivrauchen und Nikotinvergiftung beim Hund","og_description":"Passivrauchen ist f\u00fcr Haustiere \u00e4hnlich gef\u00e4hrlich wie f\u00fcr Menschen. Da Tiere nicht selbst entscheiden k\u00f6nnen, den Raum zu verlassen oder das Fenster zu \u00f6ffnen, sind sie dem Rauch hilflos ausgesetzt.","og_url":"https:\/\/uelzener.de\/magazin\/hund\/tiergesundheit\/passivrauchen-nikotinvergiftung-beim-hund\/","og_site_name":"Uelzener Tier-Magazin","article_publisher":"https:\/\/www.facebook.com\/Uelzener","article_modified_time":"2025-09-23T08:21:54+00:00","og_image":[{"width":1025,"height":450,"url":"https:\/\/uelzener.de\/magazin\/app\/uploads\/2023\/03\/passivrauchen-hund.jpg","type":"image\/jpeg"}],"twitter_card":"summary_large_image","twitter_misc":{"Gesch\u00e4tzte Lesezeit":"7\u00a0Minuten"},"schema":{"@context":"https:\/\/schema.org","@graph":[{"@type":"WebPage","@id":"https:\/\/uelzener.de\/magazin\/hund\/tiergesundheit\/passivrauchen-nikotinvergiftung-beim-hund\/","url":"https:\/\/uelzener.de\/magazin\/hund\/tiergesundheit\/passivrauchen-nikotinvergiftung-beim-hund\/","name":"Passivrauchen und Nikotinvergiftung beim Hund | Uelzener Magazin","isPartOf":{"@id":"https:\/\/uelzener.de\/magazin\/#website"},"primaryImageOfPage":{"@id":"https:\/\/uelzener.de\/magazin\/hund\/tiergesundheit\/passivrauchen-nikotinvergiftung-beim-hund\/#primaryimage"},"image":{"@id":"https:\/\/uelzener.de\/magazin\/hund\/tiergesundheit\/passivrauchen-nikotinvergiftung-beim-hund\/#primaryimage"},"thumbnailUrl":"https:\/\/uelzener.de\/magazin\/app\/uploads\/2023\/03\/passivrauchen-hund.jpg","datePublished":"2023-03-13T12:56:57+00:00","dateModified":"2025-09-23T08:21:54+00:00","description":"Passivrauchen ist f\u00fcr Haustiere \u00e4hnlich gef\u00e4hrlich wie f\u00fcr Menschen. Da Tiere nicht selbst entscheiden k\u00f6nnen, den Raum zu verlassen oder das Fenster zu \u00f6ffnen, sind sie dem Rauch hilflos ausgesetzt.","breadcrumb":{"@id":"https:\/\/uelzener.de\/magazin\/hund\/tiergesundheit\/passivrauchen-nikotinvergiftung-beim-hund\/#breadcrumb"},"inLanguage":"de","potentialAction":[{"@type":"ReadAction","target":["https:\/\/uelzener.de\/magazin\/hund\/tiergesundheit\/passivrauchen-nikotinvergiftung-beim-hund\/"]}]},{"@type":"ImageObject","inLanguage":"de","@id":"https:\/\/uelzener.de\/magazin\/hund\/tiergesundheit\/passivrauchen-nikotinvergiftung-beim-hund\/#primaryimage","url":"https:\/\/uelzener.de\/magazin\/app\/uploads\/2023\/03\/passivrauchen-hund.jpg","contentUrl":"https:\/\/uelzener.de\/magazin\/app\/uploads\/2023\/03\/passivrauchen-hund.jpg","width":1025,"height":450,"caption":"Hund steht neben rauchender Frauchen. Passivrauchen beim Hund ist eine ernstzunehmende Gefahr."},{"@type":"WebSite","@id":"https:\/\/uelzener.de\/magazin\/#website","url":"https:\/\/uelzener.de\/magazin\/","name":"Uelzener Tiermagazin","description":"Online Tierratgeber der Uelzener Versicherungen","publisher":{"@id":"https:\/\/uelzener.de\/magazin\/#organization"},"potentialAction":[{"@type":"SearchAction","target":{"@type":"EntryPoint","urlTemplate":"https:\/\/uelzener.de\/magazin\/?s={search_term_string}"},"query-input":{"@type":"PropertyValueSpecification","valueRequired":true,"valueName":"search_term_string"}}],"inLanguage":"de"},{"@type":"Organization","@id":"https:\/\/uelzener.de\/magazin\/#organization","name":"Uelzener Versicherungen","url":"https:\/\/uelzener.de\/magazin\/","logo":{"@type":"ImageObject","inLanguage":"de","@id":"https:\/\/uelzener.de\/magazin\/#\/schema\/logo\/image\/","url":"https:\/\/uelzener.de\/magazin\/app\/uploads\/2024\/11\/uelzener_allgemeine_versicherungsgesellschaft_a_g_logo.jpg","contentUrl":"https:\/\/uelzener.de\/magazin\/app\/uploads\/2024\/11\/uelzener_allgemeine_versicherungsgesellschaft_a_g_logo.jpg","width":200,"height":200,"caption":"Uelzener Versicherungen"},"image":{"@id":"https:\/\/uelzener.de\/magazin\/#\/schema\/logo\/image\/"},"sameAs":["https:\/\/www.facebook.com\/Uelzener","https:\/\/instagram.com\/uelzener","https:\/\/www.xing.com\/pages\/uelzenerallgemeineversicherungs-gesellschafta-g","https:\/\/www.youtube.com\/UelzenerVersicherungen"]}]}},"_links":{"self":[{"href":"https:\/\/uelzener.de\/magazin\/wp-json\/wp\/v2\/pages\/15066","targetHints":{"allow":["GET"]}}],"collection":[{"href":"https:\/\/uelzener.de\/magazin\/wp-json\/wp\/v2\/pages"}],"about":[{"href":"https:\/\/uelzener.de\/magazin\/wp-json\/wp\/v2\/types\/page"}],"author":[{"embeddable":true,"href":"https:\/\/uelzener.de\/magazin\/wp-json\/wp\/v2\/users\/11"}],"replies":[{"embeddable":true,"href":"https:\/\/uelzener.de\/magazin\/wp-json\/wp\/v2\/comments?post=15066"}],"version-history":[{"count":14,"href":"https:\/\/uelzener.de\/magazin\/wp-json\/wp\/v2\/pages\/15066\/revisions"}],"predecessor-version":[{"id":19264,"href":"https:\/\/uelzener.de\/magazin\/wp-json\/wp\/v2\/pages\/15066\/revisions\/19264"}],"up":[{"embeddable":true,"href":"https:\/\/uelzener.de\/magazin\/wp-json\/wp\/v2\/pages\/11701"}],"wp:featuredmedia":[{"embeddable":true,"href":"https:\/\/uelzener.de\/magazin\/wp-json\/wp\/v2\/media\/15070"}],"wp:attachment":[{"href":"https:\/\/uelzener.de\/magazin\/wp-json\/wp\/v2\/media?parent=15066"}],"curies":[{"name":"wp","href":"https:\/\/api.w.org\/{rel}","templated":true}]}}