{"id":15056,"date":"2023-04-10T09:35:22","date_gmt":"2023-04-10T07:35:22","guid":{"rendered":"https:\/\/uelzener.de\/magazin\/?page_id=15056"},"modified":"2025-09-04T12:52:14","modified_gmt":"2025-09-04T10:52:14","slug":"barfen-fuer-hunde","status":"publish","type":"page","link":"https:\/\/uelzener.de\/magazin\/hund\/ernaehrung\/barfen-fuer-hunde\/","title":{"rendered":"Die Vorteile von BARF f\u00fcr Hunde: Warum es sich lohnt, seinen Hund artgerecht zu ern\u00e4hren"},"content":{"rendered":"<p>Eine gesunde, ausgewogene Ern\u00e4hrung ist f\u00fcr einen Hund mindestens genauso wichtig wie f\u00fcr uns Menschen. Denn nur so bekommt dein geliebter Vierbeiner alle wichtigen N\u00e4hrstoffe, die er f\u00fcr ein gl\u00fcckliches Leben auf vier Pfoten braucht. Wir erkl\u00e4ren dir im folgenden Artikel, worum es sich beim sogenannten Barfen handelt und welche Vorteile diese Ern\u00e4hrungsweise f\u00fcr deinen Hund bringt.<\/p>\n<h2>Was ist Barfen?<\/h2>\n<p>Bevor wir dir die Vorteile der BARF-Ern\u00e4hrung n\u00e4herbringen, ist als Erstes zu kl\u00e4ren, was es damit \u00fcberhaupt auf sich hat. <a href=\"https:\/\/www.futter-fundgrube.de\/ratgeber\/barfen\">Was ist Barfen<\/a> und wie kannst auch du deinen Hund auf diese Weise ern\u00e4hren?<\/p>\n<p>BARF ist ein Akronym und steht f\u00fcr \u201eBones And Raw Food\u201c oder auch \u201eBiologically Appropriate Raw Food\u201c. Im Deutschen wird es meist mit \u201e<strong>Biologisch Artgerechte Roh-F\u00fctterung<\/strong>\u201c \u00fcbersetzt. Wie der Name schon sagt, geht es hier also um die F\u00fctterung des Tieres mit (fast) ausschlie\u00dflich rohen Lebensmitteln. Je nach Bedarf und Vertr\u00e4glichkeit halten sich manche Hundebesitzer:innen strikt daran, w\u00e4hrend andere dem Speiseplan vereinzelt gegarte Kartoffeln oder Reis zuf\u00fcgen.<\/p>\n<h2>Was steht auf dem Speiseplan?<\/h2>\n<p>Ein BARF-Speiseplan setzt sich grunds\u00e4tzlich aus den folgenden Lebensmitteln zusammen:<\/p>\n<p><img decoding=\"async\" class=\"alignnone wp-image-15057 size-large\" src=\"https:\/\/uelzener.de\/magazin\/app\/uploads\/2023\/03\/barfen-infografik-1024x967.png\" alt=\"Was isst ein Hund beim Barfen?\" width=\"1024\" height=\"967\" srcset=\"https:\/\/uelzener.de\/magazin\/app\/uploads\/2023\/03\/barfen-infografik-1024x967.png 1024w, https:\/\/uelzener.de\/magazin\/app\/uploads\/2023\/03\/barfen-infografik-300x283.png 300w, https:\/\/uelzener.de\/magazin\/app\/uploads\/2023\/03\/barfen-infografik-768x725.png 768w, https:\/\/uelzener.de\/magazin\/app\/uploads\/2023\/03\/barfen-infografik-1026x969.png 1026w, https:\/\/uelzener.de\/magazin\/app\/uploads\/2023\/03\/barfen-infografik-668x631.png 668w, https:\/\/uelzener.de\/magazin\/app\/uploads\/2023\/03\/barfen-infografik.png 1118w\" sizes=\"(max-width: 1024px) 100vw, 1024px\" \/><\/p>\n<p>Beim Fleisch hast du freie Wahl zwischen Rind, Lamm, Gefl\u00fcgel oder auch Pferd. Unbedingt zu vermeiden ist die F\u00fctterung von rohem Schweinefleisch. Denn dieses birgt die Gefahr einer <a href=\"https:\/\/de.wikipedia.org\/wiki\/Suides_Herpesvirus_1\">Erkrankung mit dem Aujeszky-Virus<\/a>. Fleisch und Innereien versorgen deinen Vierbeiner mit wichtigen Mineralen und Proteinen und sollten immer frisch sein. Als Innereien kann etwa Herz, Lunge, Leber oder Magen ins Futter gegeben werden.<\/p>\n<p>Knochen und Knorpel enthalten jede Menge wertvoller Mineralstoffe, wie Kalzium, Phosphor oder Magnesium. Beschr\u00e4nken solltest du dich allerdings auf Knochen vom Lamm, Kalb oder Rind. H\u00fchnerknochen neigen dazu, schnell zu splittern, was den Verdauungstrakt deines Hundes beim Verzehr sch\u00e4digen kann.<\/p>\n<p>Obst und Gem\u00fcse vervollst\u00e4ndigen das Futter mit gesunden Vitaminen und noch mehr Mineralien. Auch hier gilt es zu bedenken, dass nicht jede Obst- und Gem\u00fcsesorte f\u00fcr Hunde gedacht ist. Auf keinen Fall solltest du deinem Hund Avocados, Tomaten, H\u00fclsenfr\u00fcchte oder Zwiebel geben. Viele andere Sorten sind hingegen unbedenklich. So auch \u00c4pfel, Bananen, Beeren und Mangos sowie Brokkoli, Karotten, K\u00fcrbis und Spinat.<\/p>\n<p>In Bezug auf Fette und \u00d6le empfehlen wir dir, reines Lachs\u00f6l oder kaltgepresstes Lein\u00f6l zu verwenden. Milchprodukte sind ein Spezialfall, da es viele Hunde gibt, die die enthaltene Laktose nicht gut vertragen. In dem Fall kannst du es mit H\u00fcttenk\u00e4se oder Quark versuchen. Diese haben einen niedrigen Laktosegehalt.<\/p>\n<p>Um das Ganze abzurunden, geh\u00f6ren noch Kr\u00e4uter mit in den individuell abgestimmten Futtermix. Hier bieten sich Basilikum, Oregano, Salbei, Thymian, aber auch Kamille, Petersilie und Gartenkresse an. Idealerweise pfl\u00fcckst du diese direkt aus deinem Garten oder hast eine Auswahl an K\u00fcchenkr\u00e4utern zu Hause. Je frischer, desto besser!<\/p>\n\n<div class=\"related_articles boxed\">\n    <h2>Mehr zum Thema<\/h2>\n    \n    <div class=\"wrapper\"><div class=\"title align-center\"><h3><a href=\"https:\/\/uelzener.de\/magazin\/hund\/ernaehrung\/nassfutter-vs-trockenfutter\/\">Nassfutter oder Trockenfutter: Was ist besser f\u00fcr den Hund?<\/a><\/h3><\/div><div class=\"img align-center\"><img decoding=\"async\" width=\"315\" height=\"180\" src=\"https:\/\/uelzener.de\/magazin\/app\/uploads\/2022\/11\/nassfutter-trockenfutter-hundefutter-315x180.jpg\" class=\"attachment-315x180 size-315x180 wp-post-image\" alt=\"Zwei gef\u00fcllte Hundefutterschalen. Nassfutter oder Trockenfutter, was ist besser f\u00fcr den Hund?\" \/><\/div><\/div><div class=\"wrapper\"><div class=\"title align-center\"><h3><a href=\"https:\/\/uelzener.de\/magazin\/hund\/ernaehrung\/was-essen-hunde\/\">Was essen Hunde au\u00dfer Hundefutter?<\/a><\/h3><\/div><div class=\"img align-center\"><img decoding=\"async\" width=\"315\" height=\"180\" src=\"https:\/\/uelzener.de\/magazin\/app\/uploads\/2022\/11\/was-essen-hunde-ausser-hundefutter-315x180.jpg\" class=\"attachment-315x180 size-315x180 wp-post-image\" alt=\"Ein Hund bekommt eine Himbeere. Was essen Hunde au\u00dfer Hundefutter?\" \/><\/div><\/div><div class=\"wrapper\"><div class=\"title align-center\"><h3><a href=\"https:\/\/uelzener.de\/magazin\/hund\/ernaehrung\/duerfen-hunde-katzenfutter-fressen\/\">D\u00fcrfen Hunde Katzenfutter fressen?<\/a><\/h3><\/div><div class=\"img align-center\"><img decoding=\"async\" width=\"315\" height=\"180\" src=\"https:\/\/uelzener.de\/magazin\/app\/uploads\/2021\/09\/1024x450_Nahaufnahme_Hund-und-Katze-fressen-aus-Napf-315x180.jpg\" class=\"attachment-315x180 size-315x180 wp-post-image\" alt=\"Hund und Katze fressen aus einem Napf mit Katzenfutter.\" \/><\/div><\/div><\/div>\n\n<h2>Warum Barfen gut f\u00fcr deinen Hund ist<\/h2>\n<p>Nun, da du Bescheid wei\u00dft, worum es sich bei der BARF-Ern\u00e4hrung handelt und worauf du dabei achten musst, bleibt die Frage, welche Vorteile es f\u00fcr die Gesundheit deines Lieblings bietet.<\/p>\n<h3>1.\u00a0\u00a0\u00a0\u00a0 Das Futter l\u00e4sst sich auf den Hund abstimmen<\/h3>\n<p>Der wohl gr\u00f6\u00dfte Vorteil von Barfen ist, dass sich die Zusammensetzung des Futters individuell zusammenstellen l\u00e4sst. Dadurch hast du die M\u00f6glichkeit, auf besondere Bed\u00fcrfnisse oder Unvertr\u00e4glichkeiten deines Vierbeiners einzugehen und ihn optimal mit allen wichtigen N\u00e4hrstoffen zu versorgen.<\/p>\n<h3>2.\u00a0\u00a0\u00a0\u00a0 Wissen, was drin ist.<\/h3>\n<p>Nur, wenn du selbst die Kontrolle dar\u00fcber hast, was ins Hundefutter kommt und was nicht, kannst du dir sicher sein, dass es deinem Hund guttut. Im besten Fall sind es m\u00f6glichst viele N\u00e4hrstoffe und im Gegenzug keine Zus\u00e4tze, wie k\u00fcnstlichen Aromen, Konservierungs- oder Farbstoffe.<\/p>\n<p>Einige Fertigdosen aus dem Supermarkt bestehen zu einem gro\u00dfen Teil aus Getreide, wie Weizen oder Reis. Das bringt vor allem eins: Kohlenhydrate. Das ist zwar prinzipiell nichts Schlechtes. Dennoch haben manche Hunde Probleme mit der Verarbeitung der darin enthaltenen St\u00e4rke. Hier musst du die die Reaktion deines Vierbeiners genau im Auge behalten. Vor allem dann, wenn seine Nahrung f\u00fcr Gew\u00f6hnlich wenig Kohlenhydrate beinhaltet, kommt es schnell zu Verdauungsproblemen.<\/p>\n<h3>3.\u00a0\u00a0\u00a0\u00a0 Abwechslung erfreut<\/h3>\n<p>Zu guter Letzt bietet Barfen deinem Hund eine abwechslungsreiche Ern\u00e4hrung. Denn welches Fleisch, welche Obst- und Gem\u00fcsesorten oder welche Kr\u00e4uter du verwendest, steht dir komplett frei. Mit der Zeit wird sich zeigen, was dein Vierbeiner besonders gerne frisst. Damit kannst du ihm immer wieder eine Freude machen und <a href=\"https:\/\/uelzener.de\/magazin\/hund\/tiergesundheit\/hundekrankheiten-unfaelle\/\">verschiedenen Krankheiten vorbeugen<\/a>.<\/p>\n<h2>Reichliche Information ist das A und O<\/h2>\n<p>Trotz all der Vorteile der BARF-Ern\u00e4hrung solltest du im Kopf behalten, dass mit der selbstst\u00e4ndigen Zusammenstellung des Futters auch gro\u00dfe Verantwortung einhergeht. Daher ist es essenziell, dass du dich gr\u00fcndlich mit der Materie auseinandersetzt. Was braucht dein Hund, welche Allergien oder Unvertr\u00e4glichkeiten und welche geschmacklichen Vorlieben sind zu beachten? Wie viel Energie er braucht, h\u00e4ngt unter anderem von der Rasse, dem Alter, dem Gewicht und dem Aktivit\u00e4tsgrad ab.<\/p>\n<p>Beim Barfen dreht sich alles um rohe Lebensmittel. Daher stehen die Hochwertigkeit und Frische der Inhaltsstoffe an erster Stelle. Mithilfe der passenden Zusammensetzung f\u00fcr deinen Liebling auf vier Pfoten wird er voller Energie und Freude durchs Leben spazieren.<\/p>\n","protected":false},"excerpt":{"rendered":"<p>Eine gesunde, ausgewogene Ern\u00e4hrung ist f\u00fcr einen Hund mindestens genauso wichtig wie f\u00fcr uns Menschen. Denn nur so bekommt dein geliebter Vierbeiner alle wichtigen N\u00e4hrstoffe, die er f\u00fcr ein gl\u00fcckliches Leben auf vier Pfoten braucht. Wir erkl\u00e4ren dir im folgenden Artikel, worum es sich beim sogenannten Barfen handelt und welche Vorteile diese Ern\u00e4hrungsweise f\u00fcr deinen [&hellip;]<\/p>\n","protected":false},"author":11,"featured_media":15060,"parent":11674,"menu_order":4,"comment_status":"closed","ping_status":"closed","template":"templates\/blog.php","meta":{"_acf_changed":false,"_crdt_document":"","footnotes":"","beyondwords_generate_audio":"","beyondwords_project_id":"","beyondwords_content_id":"","beyondwords_preview_token":"","beyondwords_player_style":"","beyondwords_language_id":"","beyondwords_title_voice_id":"","beyondwords_body_voice_id":"","beyondwords_summary_voice_id":"","beyondwords_error_message":"","beyondwords_disabled":"","beyondwords_delete_content":"","beyondwords_podcast_id":"","beyondwords_hash":"","publish_post_to_speechkit":"","speechkit_hash":"","speechkit_generate_audio":"","speechkit_project_id":"","speechkit_podcast_id":"","speechkit_error_message":"","speechkit_disabled":"","speechkit_access_key":"","speechkit_error":"","speechkit_info":"","speechkit_response":"","speechkit_retries":"","speechkit_status":"","speechkit_updated_at":"","_speechkit_link":"","_speechkit_text":""},"class_list":["post-15056","page","type-page","status-publish","has-post-thumbnail","hentry"],"acf":[],"yoast_head":"<!-- This site is optimized with the Yoast SEO Premium plugin  - https:\/\/yoast.com\/product\/yoast-seo-premium-wordpress\/ -->\n<title>Die Vorteile von BARF f\u00fcr Hunde: Warum es sich lohnt, seinen Hund artgerecht zu ern\u00e4hren | Uelzener Magazin<\/title>\n<meta name=\"description\" content=\"BARF ist ein Akronym f\u00fcr \u201eBones And Raw Food\u201c. Wie der Name sagt, geht es hier also um die Hundef\u00fctterung mit (fast) ausschlie\u00dflich rohen Lebensmitteln.\" \/>\n<meta name=\"robots\" content=\"index, follow, max-snippet:-1, max-image-preview:large, max-video-preview:-1\" \/>\n<link rel=\"canonical\" href=\"https:\/\/uelzener.de\/magazin\/hund\/ernaehrung\/barfen-fuer-hunde\/\" \/>\n<meta property=\"og:locale\" content=\"de_DE\" \/>\n<meta property=\"og:type\" content=\"article\" \/>\n<meta property=\"og:title\" content=\"Die Vorteile von BARF f\u00fcr Hunde: Warum es sich lohnt, seinen Hund artgerecht zu ern\u00e4hren\" \/>\n<meta property=\"og:description\" content=\"BARF ist ein Akronym f\u00fcr \u201eBones And Raw Food\u201c. Wie der Name sagt, geht es hier also um die Hundef\u00fctterung mit (fast) ausschlie\u00dflich rohen Lebensmitteln.\" \/>\n<meta property=\"og:url\" content=\"https:\/\/uelzener.de\/magazin\/hund\/ernaehrung\/barfen-fuer-hunde\/\" \/>\n<meta property=\"og:site_name\" content=\"Uelzener Tier-Magazin\" \/>\n<meta property=\"article:publisher\" content=\"https:\/\/www.facebook.com\/Uelzener\" \/>\n<meta property=\"article:modified_time\" content=\"2025-09-04T10:52:14+00:00\" \/>\n<meta property=\"og:image\" content=\"https:\/\/uelzener.de\/magazin\/app\/uploads\/2023\/03\/barfen-hund.jpg\" \/>\n\t<meta property=\"og:image:width\" content=\"1025\" \/>\n\t<meta property=\"og:image:height\" content=\"450\" \/>\n\t<meta property=\"og:image:type\" content=\"image\/jpeg\" \/>\n<meta name=\"twitter:card\" content=\"summary_large_image\" \/>\n<meta name=\"twitter:label1\" content=\"Gesch\u00e4tzte Lesezeit\" \/>\n\t<meta name=\"twitter:data1\" content=\"5\u00a0Minuten\" \/>\n<script type=\"application\/ld+json\" class=\"yoast-schema-graph\">{\"@context\":\"https:\/\/schema.org\",\"@graph\":[{\"@type\":\"WebPage\",\"@id\":\"https:\/\/uelzener.de\/magazin\/hund\/ernaehrung\/barfen-fuer-hunde\/\",\"url\":\"https:\/\/uelzener.de\/magazin\/hund\/ernaehrung\/barfen-fuer-hunde\/\",\"name\":\"Die Vorteile von BARF f\u00fcr Hunde: Warum es sich lohnt, seinen Hund artgerecht zu ern\u00e4hren | Uelzener Magazin\",\"isPartOf\":{\"@id\":\"https:\/\/uelzener.de\/magazin\/#website\"},\"primaryImageOfPage\":{\"@id\":\"https:\/\/uelzener.de\/magazin\/hund\/ernaehrung\/barfen-fuer-hunde\/#primaryimage\"},\"image\":{\"@id\":\"https:\/\/uelzener.de\/magazin\/hund\/ernaehrung\/barfen-fuer-hunde\/#primaryimage\"},\"thumbnailUrl\":\"https:\/\/uelzener.de\/magazin\/app\/uploads\/2023\/03\/barfen-hund.jpg\",\"datePublished\":\"2023-04-10T07:35:22+00:00\",\"dateModified\":\"2025-09-04T10:52:14+00:00\",\"description\":\"BARF ist ein Akronym f\u00fcr \u201eBones And Raw Food\u201c. Wie der Name sagt, geht es hier also um die Hundef\u00fctterung mit (fast) ausschlie\u00dflich rohen Lebensmitteln.\",\"breadcrumb\":{\"@id\":\"https:\/\/uelzener.de\/magazin\/hund\/ernaehrung\/barfen-fuer-hunde\/#breadcrumb\"},\"inLanguage\":\"de\",\"potentialAction\":[{\"@type\":\"ReadAction\",\"target\":[\"https:\/\/uelzener.de\/magazin\/hund\/ernaehrung\/barfen-fuer-hunde\/\"]}]},{\"@type\":\"ImageObject\",\"inLanguage\":\"de\",\"@id\":\"https:\/\/uelzener.de\/magazin\/hund\/ernaehrung\/barfen-fuer-hunde\/#primaryimage\",\"url\":\"https:\/\/uelzener.de\/magazin\/app\/uploads\/2023\/03\/barfen-hund.jpg\",\"contentUrl\":\"https:\/\/uelzener.de\/magazin\/app\/uploads\/2023\/03\/barfen-hund.jpg\",\"width\":1025,\"height\":450,\"caption\":\"Barfen als F\u00fctterungsmethode: Ein gro\u00dfer beiger Hund nagt an einem Knochen.\"},{\"@type\":\"WebSite\",\"@id\":\"https:\/\/uelzener.de\/magazin\/#website\",\"url\":\"https:\/\/uelzener.de\/magazin\/\",\"name\":\"Uelzener Tiermagazin\",\"description\":\"Online Tierratgeber der Uelzener Versicherungen\",\"publisher\":{\"@id\":\"https:\/\/uelzener.de\/magazin\/#organization\"},\"potentialAction\":[{\"@type\":\"SearchAction\",\"target\":{\"@type\":\"EntryPoint\",\"urlTemplate\":\"https:\/\/uelzener.de\/magazin\/?s={search_term_string}\"},\"query-input\":{\"@type\":\"PropertyValueSpecification\",\"valueRequired\":true,\"valueName\":\"search_term_string\"}}],\"inLanguage\":\"de\"},{\"@type\":\"Organization\",\"@id\":\"https:\/\/uelzener.de\/magazin\/#organization\",\"name\":\"Uelzener Versicherungen\",\"url\":\"https:\/\/uelzener.de\/magazin\/\",\"logo\":{\"@type\":\"ImageObject\",\"inLanguage\":\"de\",\"@id\":\"https:\/\/uelzener.de\/magazin\/#\/schema\/logo\/image\/\",\"url\":\"https:\/\/uelzener.de\/magazin\/app\/uploads\/2024\/11\/uelzener_allgemeine_versicherungsgesellschaft_a_g_logo.jpg\",\"contentUrl\":\"https:\/\/uelzener.de\/magazin\/app\/uploads\/2024\/11\/uelzener_allgemeine_versicherungsgesellschaft_a_g_logo.jpg\",\"width\":200,\"height\":200,\"caption\":\"Uelzener Versicherungen\"},\"image\":{\"@id\":\"https:\/\/uelzener.de\/magazin\/#\/schema\/logo\/image\/\"},\"sameAs\":[\"https:\/\/www.facebook.com\/Uelzener\",\"https:\/\/instagram.com\/uelzener\",\"https:\/\/www.xing.com\/pages\/uelzenerallgemeineversicherungs-gesellschafta-g\",\"https:\/\/www.youtube.com\/UelzenerVersicherungen\"]}]}<\/script>\n<!-- \/ Yoast SEO Premium plugin. -->","yoast_head_json":{"title":"Die Vorteile von BARF f\u00fcr Hunde: Warum es sich lohnt, seinen Hund artgerecht zu ern\u00e4hren | Uelzener Magazin","description":"BARF ist ein Akronym f\u00fcr \u201eBones And Raw Food\u201c. Wie der Name sagt, geht es hier also um die Hundef\u00fctterung mit (fast) ausschlie\u00dflich rohen Lebensmitteln.","robots":{"index":"index","follow":"follow","max-snippet":"max-snippet:-1","max-image-preview":"max-image-preview:large","max-video-preview":"max-video-preview:-1"},"canonical":"https:\/\/uelzener.de\/magazin\/hund\/ernaehrung\/barfen-fuer-hunde\/","og_locale":"de_DE","og_type":"article","og_title":"Die Vorteile von BARF f\u00fcr Hunde: Warum es sich lohnt, seinen Hund artgerecht zu ern\u00e4hren","og_description":"BARF ist ein Akronym f\u00fcr \u201eBones And Raw Food\u201c. Wie der Name sagt, geht es hier also um die Hundef\u00fctterung mit (fast) ausschlie\u00dflich rohen Lebensmitteln.","og_url":"https:\/\/uelzener.de\/magazin\/hund\/ernaehrung\/barfen-fuer-hunde\/","og_site_name":"Uelzener Tier-Magazin","article_publisher":"https:\/\/www.facebook.com\/Uelzener","article_modified_time":"2025-09-04T10:52:14+00:00","og_image":[{"width":1025,"height":450,"url":"https:\/\/uelzener.de\/magazin\/app\/uploads\/2023\/03\/barfen-hund.jpg","type":"image\/jpeg"}],"twitter_card":"summary_large_image","twitter_misc":{"Gesch\u00e4tzte Lesezeit":"5\u00a0Minuten"},"schema":{"@context":"https:\/\/schema.org","@graph":[{"@type":"WebPage","@id":"https:\/\/uelzener.de\/magazin\/hund\/ernaehrung\/barfen-fuer-hunde\/","url":"https:\/\/uelzener.de\/magazin\/hund\/ernaehrung\/barfen-fuer-hunde\/","name":"Die Vorteile von BARF f\u00fcr Hunde: Warum es sich lohnt, seinen Hund artgerecht zu ern\u00e4hren | Uelzener Magazin","isPartOf":{"@id":"https:\/\/uelzener.de\/magazin\/#website"},"primaryImageOfPage":{"@id":"https:\/\/uelzener.de\/magazin\/hund\/ernaehrung\/barfen-fuer-hunde\/#primaryimage"},"image":{"@id":"https:\/\/uelzener.de\/magazin\/hund\/ernaehrung\/barfen-fuer-hunde\/#primaryimage"},"thumbnailUrl":"https:\/\/uelzener.de\/magazin\/app\/uploads\/2023\/03\/barfen-hund.jpg","datePublished":"2023-04-10T07:35:22+00:00","dateModified":"2025-09-04T10:52:14+00:00","description":"BARF ist ein Akronym f\u00fcr \u201eBones And Raw Food\u201c. Wie der Name sagt, geht es hier also um die Hundef\u00fctterung mit (fast) ausschlie\u00dflich rohen Lebensmitteln.","breadcrumb":{"@id":"https:\/\/uelzener.de\/magazin\/hund\/ernaehrung\/barfen-fuer-hunde\/#breadcrumb"},"inLanguage":"de","potentialAction":[{"@type":"ReadAction","target":["https:\/\/uelzener.de\/magazin\/hund\/ernaehrung\/barfen-fuer-hunde\/"]}]},{"@type":"ImageObject","inLanguage":"de","@id":"https:\/\/uelzener.de\/magazin\/hund\/ernaehrung\/barfen-fuer-hunde\/#primaryimage","url":"https:\/\/uelzener.de\/magazin\/app\/uploads\/2023\/03\/barfen-hund.jpg","contentUrl":"https:\/\/uelzener.de\/magazin\/app\/uploads\/2023\/03\/barfen-hund.jpg","width":1025,"height":450,"caption":"Barfen als F\u00fctterungsmethode: Ein gro\u00dfer beiger Hund nagt an einem Knochen."},{"@type":"WebSite","@id":"https:\/\/uelzener.de\/magazin\/#website","url":"https:\/\/uelzener.de\/magazin\/","name":"Uelzener Tiermagazin","description":"Online Tierratgeber der Uelzener Versicherungen","publisher":{"@id":"https:\/\/uelzener.de\/magazin\/#organization"},"potentialAction":[{"@type":"SearchAction","target":{"@type":"EntryPoint","urlTemplate":"https:\/\/uelzener.de\/magazin\/?s={search_term_string}"},"query-input":{"@type":"PropertyValueSpecification","valueRequired":true,"valueName":"search_term_string"}}],"inLanguage":"de"},{"@type":"Organization","@id":"https:\/\/uelzener.de\/magazin\/#organization","name":"Uelzener Versicherungen","url":"https:\/\/uelzener.de\/magazin\/","logo":{"@type":"ImageObject","inLanguage":"de","@id":"https:\/\/uelzener.de\/magazin\/#\/schema\/logo\/image\/","url":"https:\/\/uelzener.de\/magazin\/app\/uploads\/2024\/11\/uelzener_allgemeine_versicherungsgesellschaft_a_g_logo.jpg","contentUrl":"https:\/\/uelzener.de\/magazin\/app\/uploads\/2024\/11\/uelzener_allgemeine_versicherungsgesellschaft_a_g_logo.jpg","width":200,"height":200,"caption":"Uelzener Versicherungen"},"image":{"@id":"https:\/\/uelzener.de\/magazin\/#\/schema\/logo\/image\/"},"sameAs":["https:\/\/www.facebook.com\/Uelzener","https:\/\/instagram.com\/uelzener","https:\/\/www.xing.com\/pages\/uelzenerallgemeineversicherungs-gesellschafta-g","https:\/\/www.youtube.com\/UelzenerVersicherungen"]}]}},"_links":{"self":[{"href":"https:\/\/uelzener.de\/magazin\/wp-json\/wp\/v2\/pages\/15056","targetHints":{"allow":["GET"]}}],"collection":[{"href":"https:\/\/uelzener.de\/magazin\/wp-json\/wp\/v2\/pages"}],"about":[{"href":"https:\/\/uelzener.de\/magazin\/wp-json\/wp\/v2\/types\/page"}],"author":[{"embeddable":true,"href":"https:\/\/uelzener.de\/magazin\/wp-json\/wp\/v2\/users\/11"}],"replies":[{"embeddable":true,"href":"https:\/\/uelzener.de\/magazin\/wp-json\/wp\/v2\/comments?post=15056"}],"version-history":[{"count":9,"href":"https:\/\/uelzener.de\/magazin\/wp-json\/wp\/v2\/pages\/15056\/revisions"}],"predecessor-version":[{"id":19150,"href":"https:\/\/uelzener.de\/magazin\/wp-json\/wp\/v2\/pages\/15056\/revisions\/19150"}],"up":[{"embeddable":true,"href":"https:\/\/uelzener.de\/magazin\/wp-json\/wp\/v2\/pages\/11674"}],"wp:featuredmedia":[{"embeddable":true,"href":"https:\/\/uelzener.de\/magazin\/wp-json\/wp\/v2\/media\/15060"}],"wp:attachment":[{"href":"https:\/\/uelzener.de\/magazin\/wp-json\/wp\/v2\/media?parent=15056"}],"curies":[{"name":"wp","href":"https:\/\/api.w.org\/{rel}","templated":true}]}}