{"id":15048,"date":"2023-03-13T08:56:22","date_gmt":"2023-03-13T07:56:22","guid":{"rendered":"https:\/\/uelzener.de\/magazin\/?page_id=15048"},"modified":"2025-08-05T13:16:45","modified_gmt":"2025-08-05T11:16:45","slug":"fellpflege-beim-hund","status":"publish","type":"page","link":"https:\/\/uelzener.de\/magazin\/hund\/pflege\/fellpflege-beim-hund\/","title":{"rendered":"Fellpflege beim Hund: N\u00fctzliche Tipps und Infos"},"content":{"rendered":"<p>Ein gut gepflegtes Fell sieht nicht nur sch\u00f6n aus, sondern sch\u00fctzt deinen Hund vor Krankheiten und Parasiten. Doch was geh\u00f6rt alles zu einer guten Fellpflege dazu? Hier erf\u00e4hrst du beispielsweise, wie dein Hund die Fellpflege genie\u00dfen lernen kann, welches Werkzeug du ben\u00f6tigst und wie du Hunde mit unterschiedlicher Haarl\u00e4nge pflegst.<\/p>\n<h2>Wieso ist Fellpflege wichtig?<\/h2>\n<p>Fellpflege tr\u00e4gt zu Gesundheit und Wohlbefindens deines Hundes bei. Denn ein gut gepflegtes Fell hilft, Krankheiten und unangenehme Beschwerden, wie beispielsweise Juckreiz, zu vermeiden.<\/p>\n<p>Eine regelm\u00e4\u00dfige und sorgf\u00e4ltige Fellpflege<\/p>\n<ul>\n<li>entfernt abgestorbenen Haare aus dem Hundefell, sodass ein unangenehmer Juckreiz durch diese vermieden werden kann.<\/li>\n<li>hilft Verfilzungen im Fell zu vermeiden und beugt damit dem Befall von Krankheitserregern vor.<\/li>\n<li>st\u00e4rkt die Durchblutung der Haut, deren Talgproduktion angeregt. So wird die Haut vor widrigen \u00e4u\u00dferen Einfl\u00fcssen gesch\u00fctzt und die Haarwurzeln sind besser versorgt.<\/li>\n<li>l\u00e4sst Parasitenbefall fr\u00fchzeitig erkennen, weil Fl\u00f6he, Zecken oder Milben beim K\u00e4mmen und B\u00fcrsten entdeckt und entfernt werden k\u00f6nnen.<\/li>\n<li>tr\u00e4gt zu einem gesunden, gl\u00e4nzenden Fell bei, das ein Hinweis auf einen guten Gesamtzustand des Hundes sein kann.<\/li>\n<li>entfernt Schmutz, Hautschuppen und Staub und verteilt Hauttalg \u00fcber das Fell, sodass dieses besser gesch\u00fctzt ist und eher gl\u00e4nzt.<\/li>\n<\/ul>\n<h2>Gute Fellpflege leicht gemacht<\/h2>\n<p>Zu einer guten Fellpflege geh\u00f6rt:<\/p>\n<ul>\n<li>Das K\u00e4mmen und B\u00fcrsten des Felles. Am besten mit Zubeh\u00f6r aus nat\u00fcrlichen Materialien, denn diese laden sich nicht statisch auf und das macht es deutlich angenehmer f\u00fcr dich und deinen Vierbeiner.<\/li>\n<li>Das Baden und Waschen des Hundes (nur dann, wenn es wirklich n\u00f6tig ist). So befreist du Hundefell von Ger\u00fcchen und Schmutz. F\u00fcr Baden und Waschen gilt das Grundprinzip: so oft wie n\u00f6tig, so wenig wie m\u00f6glich. So bleibt die nat\u00fcrliche Schutzfunktion von Fell und Haut erhalten. Daher ist es wichtig, den <a href=\"https:\/\/uelzener.de\/magazin\/hund\/pflege\/hund-richtig-waschen\/\">Hund richtig zu waschen<\/a> und ein speziell f\u00fcr Hunde geeignetes Hundeshampoo zu verwenden. Oder du kannst auch \u00fcberlegen, dein Hundeshampoo selber zu machen. In dem Fall wei\u00dft du garantiert, was es enth\u00e4lt und kannst es auf die Bed\u00fcrfnisse deiner Fellnase abstimmen.<\/li>\n<\/ul>\n<p>Zu einer guten Fellpflege braucht man geeignetes Zubeh\u00f6r. Dar\u00fcber hinaus hilft eine sinnvolle Routine. Wer seinen Hund regelm\u00e4\u00dfig b\u00fcrstet und k\u00e4mt, gew\u00f6hnt sich selbst und ihn an dieses so wichtige Pflegeprogramm.<\/p>\n\n<div class=\"related_articles boxed\">\n    <h2>Mehr zum Thema<\/h2>\n    \n    <div class=\"wrapper\"><div class=\"title align-center\"><h3><a href=\"https:\/\/uelzener.de\/magazin\/hund\/tiergesundheit\/hund-scheren\/\">Hund scheren: Die passende Frisur f\u00fcr deinen Hund<\/a><\/h3><\/div><div class=\"img align-center\"><img decoding=\"async\" width=\"315\" height=\"180\" src=\"https:\/\/uelzener.de\/magazin\/app\/uploads\/2023\/10\/hund-scheren-315x180.jpg\" class=\"attachment-315x180 size-315x180 wp-post-image\" alt=\"Hund wird gescherrt.\" \/><\/div><\/div><div class=\"wrapper\"><div class=\"title align-center\"><h3><a href=\"https:\/\/uelzener.de\/magazin\/hund\/tiergesundheit\/milben-beim-hund\/\">Milben beim Hund erkennen, behandeln und vorbeugen<\/a><\/h3><\/div><div class=\"img align-center\"><img decoding=\"async\" width=\"315\" height=\"180\" src=\"https:\/\/uelzener.de\/magazin\/app\/uploads\/2025\/07\/milben-beim-hund-315x180.jpg\" class=\"attachment-315x180 size-315x180 wp-post-image\" alt=\"Hund kratzt sich.\" \/><\/div><\/div><div class=\"wrapper\"><div class=\"title align-center\"><h3><a href=\"https:\/\/uelzener.de\/magazin\/hund\/haeufige-fragen\/hundeshampoo-selber-machen\/\">Hundeshampoo selber machen: Hausmittel f\u00fcr ein gesundes Fell<\/a><\/h3><\/div><div class=\"img align-center\"><img decoding=\"async\" width=\"315\" height=\"180\" src=\"https:\/\/uelzener.de\/magazin\/app\/uploads\/2023\/01\/hundeshampoo-selber-machen-315x180.jpg\" class=\"attachment-315x180 size-315x180 wp-post-image\" alt=\"Eingeseifter Hund in der Badewanne. Er wurde mit selbstgemachtem Shampoo saubergemacht.\" \/><\/div><\/div><\/div>\n\n<h2>Wie kannst du eine angenehme Fellpflegeroutine aufbauen?<\/h2>\n<ul>\n<li>Wenn es in deinen Zeitablauf passt, kannst du feste Fellpflegezeiten einplanen. So schaffst du g\u00fcnstige Voraussetzungen f\u00fcr eine regelm\u00e4\u00dfige Fellpflege und dein Hund kann sich an den Rhythmus gew\u00f6hnen.<\/li>\n<li>K\u00e4mme und B\u00fcrste deinen Hund an einem ruhigen und gem\u00fctlichen Ort, an dem er sich wohlf\u00fchlt. So kann er sich leichter entspannen und die Fellpflege wird eher zu einem positiven Erlebnis.<\/li>\n<li>Falls dein Hund unruhig wird, leg einfach eine Pause ein. Mach sp\u00e4ter oder am n\u00e4chsten Tag weiter.<\/li>\n<li>Mach die Fellpflege f\u00fcr deinen Hund so angenehm wie m\u00f6glich. Starte vielleicht mit einer sanften Massage. So kann dein Hund sich entspannen und geh dann allm\u00e4hlich zum K\u00e4mmen des Fells \u00fcber.<\/li>\n<\/ul>\n<h2>Zubeh\u00f6r Fellpflege<\/h2>\n<p>Zu einer guten Fellpflege geh\u00f6rt das geeignete Zubeh\u00f6r. Dabei sollte man unbedingt darauf achten, das f\u00fcr den Hund geeignete Werkzeug zu finden. Nicht immer gelingt dies auf Anhieb und man probiert vielleicht mehrere B\u00fcrsten und K\u00e4mme aus, bis man das Werkzeug gefunden hat, unter dessen Handhabung der Hund sich wohlf\u00fchlt und das dennoch wirkungsvoll seine Funktion erf\u00fcllt.<\/p>\n<p>So gibt es diverse B\u00fcrsten und K\u00e4mme f\u00fcr die Fellpflege. Dabei sollte man die Art des Fells ber\u00fccksichtigen.<\/p>\n<h2>Langhaarfell<\/h2>\n<p>Pflegeleichtes Langhaar ohne Unterwolle, wie beispielsweise beim Collie, b\u00fcrstet und k\u00e4mmt man regelm\u00e4\u00dfig. Dichteres Langhaarfell, wie etwa beim Neufundl\u00e4nder, ben\u00f6tigt intensivere Pflege. Es sollte nahezu t\u00e4glich geb\u00fcrstet und gek\u00e4mmt werden, um Verfilzungen zu vermeiden. Besonders w\u00e4hrend der Fellwechsel lohnt sich eine h\u00e4ufigere Fellpflege. Je konsequenter und regelm\u00e4\u00dfiger das Fell des Hundes geb\u00fcrstet und gek\u00e4mmt wird, desto zuverl\u00e4ssig vermeidet man Verfilzungen, kann Hautirritationen erkennen oder einen m\u00f6glichen Parasitenbefall bemerken.<\/p>\n<h2>Kurzhaarfell<\/h2>\n<p>Kurzhaarfell ist zwar weniger pflegeaufw\u00e4ndig. Ganz ohne geht es trotzdem nicht. Auch ein Hund mit kurzhaarigem Fell sollte regelm\u00e4\u00dfig geb\u00fcrstet werden. Baden ist bei kurzhaarigen Hunden meist seltener n\u00f6tig. Die Haut von Hunden mit kurzhaarigem Fell ist zumeist empfindlicher. Generell sollte man ohnehin darauf achten, den Hund nur zu baden, wenn es n\u00f6tig ist. So bleibt die Schutzfunktion der Haut m\u00f6glichst erhalten. Beim Werkzeug ist besonders darauf zu achten, dass es f\u00fcr die empfindlichere Hundehaut geeignet ist.<\/p>\n<h2>Rauhaarfell<\/h2>\n<p>Rauhaarige und drahthaarige Hunde, wie beispielsweise Airdale Terrier werden getrimmt. Beim Trimmen werden abgestorbene Haare entfernt und rausgezupft. Das rauhaarige Fell wird nicht automatisch abgesto\u00dfen. Daher muss hier manuell mithilfe des Trimmens nachgeholfen werden. Verbleiben die abgestorbenen Haare in der Haut, l\u00f6st dies einen immer st\u00e4rker werdenden Juckreiz aus. Dies gilt es mithilfe des Trimmens zu vermeiden.<\/p>\n<h2>Fellpflege von klein auf<\/h2>\n<p>Nicht jeder Hund liebt das B\u00fcrsten und K\u00e4mmen. Manche empfinden es als unangenehm. Da die regelm\u00e4\u00dfige Fellpflege jedoch so wichtig ist, gew\u00f6hnt man am besten bereits die Welpen an regelm\u00e4\u00dfiges B\u00fcrsten und K\u00e4mmen. Auch wenn das Welpenfell es nicht immer n\u00f6tig hat, so hilft es f\u00fcr die sp\u00e4tere Fellpflege, wenn sich von klein auf eine Routine einstellt. So wird die Fellpflege f\u00fcr viele Hunde zum Wohlf\u00fchlprogramm. Eine regelm\u00e4\u00dfige Fellpflegegewohnheit ist eine gute Basis f\u00fcr eine gesunde Hundehaut und gesundes Fell.<\/p>\n<h2>Fazit:<\/h2>\n<p>Bei der Fellpflege geht es vor allem um die Gesundheit deines Hundes. Beim B\u00fcrsten und K\u00e4mmen entfernst du etwa Parasiten und kannst fr\u00fchzeitig z. B. einen Flohbefall feststellen. B\u00fcrsten und K\u00e4mmen tut deinem Hund gut. Die meisten Hunde entlastet es, wenn lose Haare und Verfilzungen gel\u00f6st werden. Au\u00dferdem sorgt B\u00fcrsten f\u00fcr eine gute Durchblutung der Haut. Je nachdem, ob der Hund kurzhaarig oder langhaarig ist, ob er eine starke Unterwolle besitzt oder langes leicht k\u00e4mmbares Haar, sollte die Fellpflege abgestimmt sein. Beim Zubeh\u00f6r f\u00fcr die Fellpflege darf ruhig ein wenig experimentiert werden, um die idealen B\u00fcrsten und K\u00e4mme zu finden. Fellpflege ist ein regelm\u00e4\u00dfiger Programmpunkt, der f\u00fcr Hund und Mensch m\u00f6glichst angenehm gestaltet werden sollte.<\/p>\n<h2>FAQ: H\u00e4ufig gestellte Fragen<\/h2>\n<h3>Wie oft soll das Fell geb\u00fcrstet werden?<\/h3>\n<p>Auf diese Frage gibt es keine generelle Antwort. Die H\u00e4ufigkeit der Fellpflege kann je nach Felll\u00e4nge und auch Jahreszeit selbst f\u00fcr ein und denselben Hund variieren. So werden langhaarige Hunde in der Regel h\u00e4ufiger geb\u00fcrstet als kurzhaarige. Wenn der <a href=\"https:\/\/uelzener.de\/magazin\/hund\/pflege\/fellwechsel-hund\/\">Fellwechsel beim Hund<\/a> ansteht, kann man mit der Fellpflege den Fellwechsel unterst\u00fctzen und dem Hund so Erleichterung in der f\u00fcr ihn doch mitunter sehr anstrengenden Zeit verschaffen. Ein guter Richtwert kann f\u00fcr k\u00fcrzeres Fell zwei bis dreimal w\u00f6chentlich lauten, langhaarige Hunde sollten eher einmal t\u00e4glich geb\u00fcrstet werden. Generell gilt: w\u00e4hrend des Fellwechsels h\u00e4ufiger als sonst \u00fcblich.<\/p>\n<h3>Kann man zu oft b\u00fcrsten?<\/h3>\n<p>Um die Haut des Hundes zu schonen, sollte man nicht zu h\u00e4ufig b\u00fcrsten. Gerade bei jungen Hunde sollte man ebenfalls darauf achten, nicht zu h\u00e4ufig zu b\u00fcrsten. Die Unterwolle bildet sich zum Teil erst nach einigen Jahren komplett aus. B\u00fcrstet man junge Hunde zu h\u00e4ufig, strapaziert man dabei wom\u00f6glich das Fell zu sehr.<\/p>\n<h3>Darf man Kokos\u00f6l zur Fellpflege nutzen?<\/h3>\n<p>Kokos\u00f6l kann zu einem gl\u00e4nzen Fell, einer geschmeidigeren Haut und m\u00f6glicherweise zur Abwehr von Parasiten beitragen. Dazu kann man ca. einmal w\u00f6chentlich eine erbsen- bis walnu\u00dfgro\u00dfe Menge Kokos\u00f6l in das Fell und auf der Haut des Hundes verteilen. Man sollte jedoch ber\u00fccksichtigen, dass Tiere auf Kokos\u00f6l allergisch reagieren k\u00f6nnten und das \u00d6l vor der Anwendung vorsichtig testen.<\/p>\n","protected":false},"excerpt":{"rendered":"<p>Ein gut gepflegtes Fell sieht nicht nur sch\u00f6n aus, sondern sch\u00fctzt deinen Hund vor Krankheiten und Parasiten. Doch was geh\u00f6rt alles zu einer guten Fellpflege dazu? Hier erf\u00e4hrst du beispielsweise, wie dein Hund die Fellpflege genie\u00dfen lernen kann, welches Werkzeug du ben\u00f6tigst und wie du Hunde mit unterschiedlicher Haarl\u00e4nge pflegst. Wieso ist Fellpflege wichtig? Fellpflege [&hellip;]<\/p>\n","protected":false},"author":11,"featured_media":15052,"parent":11697,"menu_order":2,"comment_status":"closed","ping_status":"closed","template":"templates\/blog.php","meta":{"_acf_changed":false,"_crdt_document":"","footnotes":"","beyondwords_generate_audio":"0","beyondwords_project_id":"","beyondwords_content_id":"","beyondwords_preview_token":"","beyondwords_player_style":"","beyondwords_language_id":"","beyondwords_title_voice_id":"","beyondwords_body_voice_id":"","beyondwords_summary_voice_id":"","beyondwords_error_message":"","beyondwords_disabled":"","beyondwords_delete_content":"","beyondwords_podcast_id":"","beyondwords_hash":"","publish_post_to_speechkit":"","speechkit_hash":"","speechkit_generate_audio":"","speechkit_project_id":"","speechkit_podcast_id":"","speechkit_error_message":"","speechkit_disabled":"","speechkit_access_key":"","speechkit_error":"","speechkit_info":"","speechkit_response":"","speechkit_retries":"","speechkit_status":"","speechkit_updated_at":"","_speechkit_link":"","_speechkit_text":""},"class_list":["post-15048","page","type-page","status-publish","has-post-thumbnail","hentry"],"acf":[],"yoast_head":"<!-- This site is optimized with the Yoast SEO Premium plugin  - https:\/\/yoast.com\/product\/yoast-seo-premium-wordpress\/ -->\n<title>Fellpflege beim Hund: N\u00fctzliche Tipps und Infos | Uelzener Magazin<\/title>\n<meta name=\"description\" content=\"Tipps zur Fellpflege kurz- und langhaariger Hunde. Optimale Fellpflege als Schutz vor Krankheiten und Parasiten.\" \/>\n<meta name=\"robots\" content=\"index, follow, max-snippet:-1, max-image-preview:large, max-video-preview:-1\" \/>\n<link rel=\"canonical\" href=\"https:\/\/uelzener.de\/magazin\/hund\/pflege\/fellpflege-beim-hund\/\" \/>\n<meta property=\"og:locale\" content=\"de_DE\" \/>\n<meta property=\"og:type\" content=\"article\" \/>\n<meta property=\"og:title\" content=\"Fellpflege beim Hund: N\u00fctzliche Tipps und Infos\" \/>\n<meta property=\"og:description\" content=\"Tipps zur Fellpflege kurz- und langhaariger Hunde. Optimale Fellpflege als Schutz vor Krankheiten und Parasiten.\" \/>\n<meta property=\"og:url\" content=\"https:\/\/uelzener.de\/magazin\/hund\/pflege\/fellpflege-beim-hund\/\" \/>\n<meta property=\"og:site_name\" content=\"Uelzener Tier-Magazin\" \/>\n<meta property=\"article:publisher\" content=\"https:\/\/www.facebook.com\/Uelzener\" \/>\n<meta property=\"article:modified_time\" content=\"2025-08-05T11:16:45+00:00\" \/>\n<meta property=\"og:image\" content=\"https:\/\/uelzener.de\/magazin\/app\/uploads\/2023\/03\/fellpflege-beim-hund.jpg\" \/>\n\t<meta property=\"og:image:width\" content=\"1025\" \/>\n\t<meta property=\"og:image:height\" content=\"450\" \/>\n\t<meta property=\"og:image:type\" content=\"image\/jpeg\" \/>\n<meta name=\"twitter:card\" content=\"summary_large_image\" \/>\n<meta name=\"twitter:label1\" content=\"Gesch\u00e4tzte Lesezeit\" \/>\n\t<meta name=\"twitter:data1\" content=\"7\u00a0Minuten\" \/>\n<script type=\"application\/ld+json\" class=\"yoast-schema-graph\">{\"@context\":\"https:\/\/schema.org\",\"@graph\":[{\"@type\":\"WebPage\",\"@id\":\"https:\/\/uelzener.de\/magazin\/hund\/pflege\/fellpflege-beim-hund\/\",\"url\":\"https:\/\/uelzener.de\/magazin\/hund\/pflege\/fellpflege-beim-hund\/\",\"name\":\"Fellpflege beim Hund: N\u00fctzliche Tipps und Infos | Uelzener Magazin\",\"isPartOf\":{\"@id\":\"https:\/\/uelzener.de\/magazin\/#website\"},\"primaryImageOfPage\":{\"@id\":\"https:\/\/uelzener.de\/magazin\/hund\/pflege\/fellpflege-beim-hund\/#primaryimage\"},\"image\":{\"@id\":\"https:\/\/uelzener.de\/magazin\/hund\/pflege\/fellpflege-beim-hund\/#primaryimage\"},\"thumbnailUrl\":\"https:\/\/uelzener.de\/magazin\/app\/uploads\/2023\/03\/fellpflege-beim-hund.jpg\",\"datePublished\":\"2023-03-13T07:56:22+00:00\",\"dateModified\":\"2025-08-05T11:16:45+00:00\",\"description\":\"Tipps zur Fellpflege kurz- und langhaariger Hunde. Optimale Fellpflege als Schutz vor Krankheiten und Parasiten.\",\"breadcrumb\":{\"@id\":\"https:\/\/uelzener.de\/magazin\/hund\/pflege\/fellpflege-beim-hund\/#breadcrumb\"},\"inLanguage\":\"de\",\"potentialAction\":[{\"@type\":\"ReadAction\",\"target\":[\"https:\/\/uelzener.de\/magazin\/hund\/pflege\/fellpflege-beim-hund\/\"]}]},{\"@type\":\"ImageObject\",\"inLanguage\":\"de\",\"@id\":\"https:\/\/uelzener.de\/magazin\/hund\/pflege\/fellpflege-beim-hund\/#primaryimage\",\"url\":\"https:\/\/uelzener.de\/magazin\/app\/uploads\/2023\/03\/fellpflege-beim-hund.jpg\",\"contentUrl\":\"https:\/\/uelzener.de\/magazin\/app\/uploads\/2023\/03\/fellpflege-beim-hund.jpg\",\"width\":1025,\"height\":450,\"caption\":\"Ein kleiner Hund wird geb\u00fcrstet. Fellpflege ist n\u00e4mlich wichtig f\u00fcr die Gesundheit.\"},{\"@type\":\"WebSite\",\"@id\":\"https:\/\/uelzener.de\/magazin\/#website\",\"url\":\"https:\/\/uelzener.de\/magazin\/\",\"name\":\"Uelzener Tiermagazin\",\"description\":\"Online Tierratgeber der Uelzener Versicherungen\",\"publisher\":{\"@id\":\"https:\/\/uelzener.de\/magazin\/#organization\"},\"potentialAction\":[{\"@type\":\"SearchAction\",\"target\":{\"@type\":\"EntryPoint\",\"urlTemplate\":\"https:\/\/uelzener.de\/magazin\/?s={search_term_string}\"},\"query-input\":{\"@type\":\"PropertyValueSpecification\",\"valueRequired\":true,\"valueName\":\"search_term_string\"}}],\"inLanguage\":\"de\"},{\"@type\":\"Organization\",\"@id\":\"https:\/\/uelzener.de\/magazin\/#organization\",\"name\":\"Uelzener Versicherungen\",\"url\":\"https:\/\/uelzener.de\/magazin\/\",\"logo\":{\"@type\":\"ImageObject\",\"inLanguage\":\"de\",\"@id\":\"https:\/\/uelzener.de\/magazin\/#\/schema\/logo\/image\/\",\"url\":\"https:\/\/uelzener.de\/magazin\/app\/uploads\/2024\/11\/uelzener_allgemeine_versicherungsgesellschaft_a_g_logo.jpg\",\"contentUrl\":\"https:\/\/uelzener.de\/magazin\/app\/uploads\/2024\/11\/uelzener_allgemeine_versicherungsgesellschaft_a_g_logo.jpg\",\"width\":200,\"height\":200,\"caption\":\"Uelzener Versicherungen\"},\"image\":{\"@id\":\"https:\/\/uelzener.de\/magazin\/#\/schema\/logo\/image\/\"},\"sameAs\":[\"https:\/\/www.facebook.com\/Uelzener\",\"https:\/\/instagram.com\/uelzener\",\"https:\/\/www.xing.com\/pages\/uelzenerallgemeineversicherungs-gesellschafta-g\",\"https:\/\/www.youtube.com\/UelzenerVersicherungen\"]}]}<\/script>\n<!-- \/ Yoast SEO Premium plugin. -->","yoast_head_json":{"title":"Fellpflege beim Hund: N\u00fctzliche Tipps und Infos | Uelzener Magazin","description":"Tipps zur Fellpflege kurz- und langhaariger Hunde. Optimale Fellpflege als Schutz vor Krankheiten und Parasiten.","robots":{"index":"index","follow":"follow","max-snippet":"max-snippet:-1","max-image-preview":"max-image-preview:large","max-video-preview":"max-video-preview:-1"},"canonical":"https:\/\/uelzener.de\/magazin\/hund\/pflege\/fellpflege-beim-hund\/","og_locale":"de_DE","og_type":"article","og_title":"Fellpflege beim Hund: N\u00fctzliche Tipps und Infos","og_description":"Tipps zur Fellpflege kurz- und langhaariger Hunde. Optimale Fellpflege als Schutz vor Krankheiten und Parasiten.","og_url":"https:\/\/uelzener.de\/magazin\/hund\/pflege\/fellpflege-beim-hund\/","og_site_name":"Uelzener Tier-Magazin","article_publisher":"https:\/\/www.facebook.com\/Uelzener","article_modified_time":"2025-08-05T11:16:45+00:00","og_image":[{"width":1025,"height":450,"url":"https:\/\/uelzener.de\/magazin\/app\/uploads\/2023\/03\/fellpflege-beim-hund.jpg","type":"image\/jpeg"}],"twitter_card":"summary_large_image","twitter_misc":{"Gesch\u00e4tzte Lesezeit":"7\u00a0Minuten"},"schema":{"@context":"https:\/\/schema.org","@graph":[{"@type":"WebPage","@id":"https:\/\/uelzener.de\/magazin\/hund\/pflege\/fellpflege-beim-hund\/","url":"https:\/\/uelzener.de\/magazin\/hund\/pflege\/fellpflege-beim-hund\/","name":"Fellpflege beim Hund: N\u00fctzliche Tipps und Infos | Uelzener Magazin","isPartOf":{"@id":"https:\/\/uelzener.de\/magazin\/#website"},"primaryImageOfPage":{"@id":"https:\/\/uelzener.de\/magazin\/hund\/pflege\/fellpflege-beim-hund\/#primaryimage"},"image":{"@id":"https:\/\/uelzener.de\/magazin\/hund\/pflege\/fellpflege-beim-hund\/#primaryimage"},"thumbnailUrl":"https:\/\/uelzener.de\/magazin\/app\/uploads\/2023\/03\/fellpflege-beim-hund.jpg","datePublished":"2023-03-13T07:56:22+00:00","dateModified":"2025-08-05T11:16:45+00:00","description":"Tipps zur Fellpflege kurz- und langhaariger Hunde. Optimale Fellpflege als Schutz vor Krankheiten und Parasiten.","breadcrumb":{"@id":"https:\/\/uelzener.de\/magazin\/hund\/pflege\/fellpflege-beim-hund\/#breadcrumb"},"inLanguage":"de","potentialAction":[{"@type":"ReadAction","target":["https:\/\/uelzener.de\/magazin\/hund\/pflege\/fellpflege-beim-hund\/"]}]},{"@type":"ImageObject","inLanguage":"de","@id":"https:\/\/uelzener.de\/magazin\/hund\/pflege\/fellpflege-beim-hund\/#primaryimage","url":"https:\/\/uelzener.de\/magazin\/app\/uploads\/2023\/03\/fellpflege-beim-hund.jpg","contentUrl":"https:\/\/uelzener.de\/magazin\/app\/uploads\/2023\/03\/fellpflege-beim-hund.jpg","width":1025,"height":450,"caption":"Ein kleiner Hund wird geb\u00fcrstet. Fellpflege ist n\u00e4mlich wichtig f\u00fcr die Gesundheit."},{"@type":"WebSite","@id":"https:\/\/uelzener.de\/magazin\/#website","url":"https:\/\/uelzener.de\/magazin\/","name":"Uelzener Tiermagazin","description":"Online Tierratgeber der Uelzener Versicherungen","publisher":{"@id":"https:\/\/uelzener.de\/magazin\/#organization"},"potentialAction":[{"@type":"SearchAction","target":{"@type":"EntryPoint","urlTemplate":"https:\/\/uelzener.de\/magazin\/?s={search_term_string}"},"query-input":{"@type":"PropertyValueSpecification","valueRequired":true,"valueName":"search_term_string"}}],"inLanguage":"de"},{"@type":"Organization","@id":"https:\/\/uelzener.de\/magazin\/#organization","name":"Uelzener Versicherungen","url":"https:\/\/uelzener.de\/magazin\/","logo":{"@type":"ImageObject","inLanguage":"de","@id":"https:\/\/uelzener.de\/magazin\/#\/schema\/logo\/image\/","url":"https:\/\/uelzener.de\/magazin\/app\/uploads\/2024\/11\/uelzener_allgemeine_versicherungsgesellschaft_a_g_logo.jpg","contentUrl":"https:\/\/uelzener.de\/magazin\/app\/uploads\/2024\/11\/uelzener_allgemeine_versicherungsgesellschaft_a_g_logo.jpg","width":200,"height":200,"caption":"Uelzener Versicherungen"},"image":{"@id":"https:\/\/uelzener.de\/magazin\/#\/schema\/logo\/image\/"},"sameAs":["https:\/\/www.facebook.com\/Uelzener","https:\/\/instagram.com\/uelzener","https:\/\/www.xing.com\/pages\/uelzenerallgemeineversicherungs-gesellschafta-g","https:\/\/www.youtube.com\/UelzenerVersicherungen"]}]}},"_links":{"self":[{"href":"https:\/\/uelzener.de\/magazin\/wp-json\/wp\/v2\/pages\/15048","targetHints":{"allow":["GET"]}}],"collection":[{"href":"https:\/\/uelzener.de\/magazin\/wp-json\/wp\/v2\/pages"}],"about":[{"href":"https:\/\/uelzener.de\/magazin\/wp-json\/wp\/v2\/types\/page"}],"author":[{"embeddable":true,"href":"https:\/\/uelzener.de\/magazin\/wp-json\/wp\/v2\/users\/11"}],"replies":[{"embeddable":true,"href":"https:\/\/uelzener.de\/magazin\/wp-json\/wp\/v2\/comments?post=15048"}],"version-history":[{"count":7,"href":"https:\/\/uelzener.de\/magazin\/wp-json\/wp\/v2\/pages\/15048\/revisions"}],"predecessor-version":[{"id":18797,"href":"https:\/\/uelzener.de\/magazin\/wp-json\/wp\/v2\/pages\/15048\/revisions\/18797"}],"up":[{"embeddable":true,"href":"https:\/\/uelzener.de\/magazin\/wp-json\/wp\/v2\/pages\/11697"}],"wp:featuredmedia":[{"embeddable":true,"href":"https:\/\/uelzener.de\/magazin\/wp-json\/wp\/v2\/media\/15052"}],"wp:attachment":[{"href":"https:\/\/uelzener.de\/magazin\/wp-json\/wp\/v2\/media?parent=15048"}],"curies":[{"name":"wp","href":"https:\/\/api.w.org\/{rel}","templated":true}]}}