{"id":15037,"date":"2023-03-03T14:46:59","date_gmt":"2023-03-03T13:46:59","guid":{"rendered":"https:\/\/uelzener.de\/magazin\/?page_id=15037"},"modified":"2026-01-06T18:08:35","modified_gmt":"2026-01-06T17:08:35","slug":"katzenversicherung-fuer-2-katzen","status":"publish","type":"page","link":"https:\/\/uelzener.de\/magazin\/katze\/haeufige-fragen\/katzenversicherung-fuer-2-katzen\/","title":{"rendered":"Zweitkatze: 2 Katzen versichern"},"content":{"rendered":"<p>Viele Katzenmenschen entscheiden sich daf\u00fcr, mit zwei oder mehr Katzen zusammenzuleben. Auch, wenn Katzen beim Herumstreifen in Feld und Wald meist alleine antrifft, so sind die meisten von ihnen doch soziale Tiere, die den Umgang mit anderen Artgenossen in der Regel sch\u00e4tzen. Daher ist die Entscheidung f\u00fcr zwei Katzen oftmals eine gute Entscheidung.<\/p>\n<h2>Die Vorteile einer Zweitkatze<\/h2>\n<p>Gerade Wohnungskatzen profitieren in vielen F\u00e4llen vom Zusammenleben mit einem anderen Stubentiger. F\u00fcr den oder die Halter:in f\u00e4llt die Sorge, womit sie die <a href=\"https:\/\/uelzener.de\/magazin\/katze\/haltung\/wohnungskatze-beschaeftigen\/\">Wohnungskatze besch\u00e4ftigen<\/a> k\u00f6nnen, weg. Denn funktioniert die Beziehung zwischen zwei Katzen gut, gibt es stets einen Spielkameraden. Damit beugt man auff\u00e4lligem Verhalten vor, das Katzen an den Tag legen k\u00f6nnen, wenn sie sich wom\u00f6glich einsam f\u00fchlen. So beobachtet man bei einzeln gehaltenen Katzen zum Teil Verhaltensst\u00f6rungen, wie beispielsweise aggressives Verhalten oder sie urinieren wom\u00f6glich in der Wohnung, statt das Katzenklo zu benutzen. Andere wiederum k\u00f6nnen lethargisch werden und zur Bewegungsarmut neigen. Dies kann \u00dcbergewicht f\u00f6rdern, das f\u00fcr die Katze sehr ungesund sein kann.<\/p>\n<p>Nat\u00fcrlich gibt es auch Ausnahmen. Einige Samtpfoten sind Einzelg\u00e4nger. Sie werden durch das Zusammenleben mit einem Artgenossen \u00fcberfordert. In dem Fall ist eine Einzelhaltung die bessere Entscheidung.<\/p>\n\n<div class=\"related_articles boxed\">\n    <h2>Mehr zum Thema<\/h2>\n    \n    <div class=\"wrapper\"><div class=\"title align-center\"><h3><a href=\"https:\/\/uelzener.de\/magazin\/katze\/haeufige-fragen\/katze-versichern-ja-oder-nein\/\">Katze versichern: Ja oder nein. Alle Vor- und Nachteile<\/a><\/h3><\/div><div class=\"img align-center\"><img decoding=\"async\" width=\"315\" height=\"180\" src=\"https:\/\/uelzener.de\/magazin\/app\/uploads\/2023\/01\/katze-strasse-315x180.jpg\" class=\"attachment-315x180 size-315x180 wp-post-image\" alt=\"Katze l\u00e4uft an der Stra\u00dfe entlang. Eine Versicherung sch\u00fctzt, wenn etwas passiert.\" \/><\/div><\/div><div class=\"wrapper\"><div class=\"title align-center\"><h3><a href=\"https:\/\/uelzener.de\/magazin\/katze\/erziehung-und-training\/katzen-zusammenfuehren\/\">Katzen zusammenf\u00fchren und vergesellschaften<\/a><\/h3><\/div><div class=\"img align-center\"><img decoding=\"async\" width=\"315\" height=\"180\" src=\"https:\/\/uelzener.de\/magazin\/app\/uploads\/2022\/02\/Katzen-zusammenfuehren-315x180.jpg\" class=\"attachment-315x180 size-315x180 wp-post-image\" alt=\"Zwei Katzen kuscheln, es ist nicht immer einfach 2 Katzen zusammenzuf\u00fchren.\" \/><\/div><\/div><div class=\"wrapper\"><div class=\"title align-center\"><h3><a href=\"https:\/\/uelzener.de\/magazin\/katze\/tiergesundheit\/haeufigste-krankheiten-unfaelle-bei-katzen\/\">Die h\u00e4ufigsten Krankheiten und Unf\u00e4lle bei Katzen<\/a><\/h3><\/div><div class=\"img align-center\"><img decoding=\"async\" width=\"315\" height=\"180\" src=\"https:\/\/uelzener.de\/magazin\/app\/uploads\/2026\/01\/haeufige-krankheiten-unfaelle-bei-katzen-315x180.jpg\" class=\"attachment-315x180 size-315x180 wp-post-image\" alt=\"Katze beim Arzt.\" \/><\/div><\/div><\/div>\n\n<h2>Doppelte Kosten bei zwei Katzen vermeiden<\/h2>\n<p>Wenn man sich entscheidet, dass <a href=\"https:\/\/uelzener.de\/magazin\/katze\/tiergesundheit\/eine-katze-zieht-ein\/\">eine Katze einzieht<\/a>, bietet es sich an, sich direkt f\u00fcr eine Zweitkatze zu entscheiden. Eine gute Gelegenheit, eventuell direkt ein Geschwisterp\u00e4rchen aufzunehmen. Denn diese gew\u00f6hnen sich zumeist besonders unkompliziert gemeinsam ein.<\/p>\n<p>Gleichzeitig tr\u00e4gt man mit zwei Katzen eine h\u00f6here Verantwortung. Denn es entstehen h\u00f6here Kosten, beispielsweise f\u00fcr Futter oder Katzenstreu. Diese allt\u00e4glichen Lebenshaltungskosten lassen sich gut planen. Anders sieht es mit den Kosten f\u00fcr die gesundheitliche Versorgung aus. Mit zwei Katzen tr\u00e4gt man ein h\u00f6heres Risiko f\u00fcr Krankheiten und auch f\u00fcr Verletzungen. Ist die selbst geleistete noch kostenlos, so kann eine tier\u00e4rztliche Behandlung finanziell stark zu Buche schlagen. Bereits bei einer einzelnen Katze k\u00f6nnen Behandlungen von Erkrankungen, wie beispielsweise Zahnbehandlungen, Wundn\u00e4hte bei Verletzung oder Tumor-Operationen ein empfindliches Loch in das finanzielle Budget rei\u00dfen. Erkranken zwei Katzen parallel oder in zeitlich nahem Abstand, ist die finanzielle Belastung noch h\u00f6her.<\/p>\n<p>Aufgrund dieses finanziellen Risikos empfiehlt es sich, von Anfang an auf eine solide Absicherung durch eine Tierversicherung zu setzen.<\/p>\n<p>Doch was bringt dir eine Tierversicherung? Und was ist eigentlich der Unterschied zwischen einer OP-Versicherung und einer Krankenversicherung f\u00fcr Katzen?<\/p>\n<ul>\n<li>Die Katzen-OP-Versicherung \u00fcbernimmt die Kosten f\u00fcr chirurgische Eingriffe nach Unfall oder Krankheit. Bis hin zur Nachsorge und der Unterbringung in einer Tierklinik. So ist man f\u00fcr den Notfall bestens ger\u00fcstet.<\/li>\n<\/ul>\n\n<div class=\"banner\">\n    <a href=\"https:\/\/uelzener.de\/katze\/katzen-op-versicherung\/?agt=0000104925&sem=true&utm_medium=magazin&utm_source=wordpress&utm_campaign=katze_op&utm_content=banner\">\n        <img decoding=\"async\" width=\"300\" height=\"212\" src=\"https:\/\/uelzener.de\/magazin\/app\/uploads\/2025\/01\/Katzen-OP-Versicherung.jpg\" class=\"attachment-medium size-medium\" alt=\"Banner Katzen-OP-Versicherung\" \/>    <\/a>\n<\/div>\n\n<ul>\n<li>Wer auf Nummer sicher gehen m\u00f6chte, sch\u00fctzt sich mit einer Krankenversicherung, denn selbst nicht lebensbedrohliche Krankheiten der Katze k\u00f6nnen schnell hohe Tierarztkosten verursachen, insbesondere dann, wenn sie chronisch sind und wiederkehrend Probleme bereiten. Wird eine OP f\u00e4llig, kommen leicht Kosten im hohen dreistelligen bis sogar vierstelligen Bereich zusammen. Um derartige finanzielle Risiken zu vermeiden, lohnt es sich, eine Krankenversicherung f\u00fcr sein Haustier abzuschlie\u00dfen.<\/li>\n<\/ul>\n\n<div class=\"banner\">\n    <a href=\"https:\/\/uelzener.de\/katze\/katzen-krankenversicherung\/?agt=0000104925&sem=true&utm_medium=magazin&utm_source=wordpress&utm_campaign=katze_kv&utm_content=banner\">\n        <img decoding=\"async\" width=\"300\" height=\"212\" src=\"https:\/\/uelzener.de\/magazin\/app\/uploads\/2025\/01\/Katzen-Kranken-Versicherung.jpg\" class=\"attachment-medium size-medium\" alt=\"Banner Katzen-Kranken-Versicherung\" \/>    <\/a>\n<\/div>\n\n<p>Au\u00dferdem beteiligen sich Tierversicherungen zumeist auch an den Kosten f\u00fcr Kastrationen bzw. Sterilisationen und das Chippen von Katzen. Bei der Uelzener brauchst du f\u00fcr die Bezuschussung dieser Eingriffe keine Wartezeit einzuhalten.<\/p>\n<h2>FAQ: H\u00e4ufig gestellte Fragen<\/h2>\n<h3>Sind Katzen in der Hausratversicherung mitversichert?<\/h3>\n<p>Katzen gelten als Eigentum ihrer Halter:innen und sind damit in der Hausratversicherung mitversichert.<\/p>\n<h3>Brauchen Katzen eine Haftpflichtversicherung?<\/h3>\n<p>Anders als f\u00fcr Hunde oder Pferde ben\u00f6tigt man f\u00fcr Katzen keine eigene Haftpflichtversicherung. Sie sind \u00fcber die private Haftpflichtversicherung mitversichert.<\/p>\n","protected":false},"excerpt":{"rendered":"<p>Viele Katzenmenschen entscheiden sich daf\u00fcr, mit zwei oder mehr Katzen zusammenzuleben. Auch, wenn Katzen beim Herumstreifen in Feld und Wald meist alleine antrifft, so sind die meisten von ihnen doch soziale Tiere, die den Umgang mit anderen Artgenossen in der Regel sch\u00e4tzen. Daher ist die Entscheidung f\u00fcr zwei Katzen oftmals eine gute Entscheidung. Die Vorteile [&hellip;]<\/p>\n","protected":false},"author":11,"featured_media":15040,"parent":11691,"menu_order":31,"comment_status":"closed","ping_status":"closed","template":"templates\/blog.php","meta":{"_acf_changed":false,"_crdt_document":"","footnotes":"","beyondwords_generate_audio":"0","beyondwords_project_id":"","beyondwords_content_id":"","beyondwords_preview_token":"","beyondwords_player_style":"","beyondwords_language_id":"","beyondwords_title_voice_id":"","beyondwords_body_voice_id":"","beyondwords_summary_voice_id":"","beyondwords_error_message":"","beyondwords_disabled":"","beyondwords_delete_content":"","beyondwords_podcast_id":"","beyondwords_hash":"","publish_post_to_speechkit":"","speechkit_hash":"","speechkit_generate_audio":"","speechkit_project_id":"","speechkit_podcast_id":"","speechkit_error_message":"","speechkit_disabled":"","speechkit_access_key":"","speechkit_error":"","speechkit_info":"","speechkit_response":"","speechkit_retries":"","speechkit_status":"","speechkit_updated_at":"","_speechkit_link":"","_speechkit_text":""},"class_list":["post-15037","page","type-page","status-publish","has-post-thumbnail","hentry"],"acf":[],"yoast_head":"<!-- This site is optimized with the Yoast SEO Premium plugin  - https:\/\/yoast.com\/product\/yoast-seo-premium-wordpress\/ -->\n<title>Zweitkatze: 2 Katzen versichern | Uelzener Magazin<\/title>\n<meta name=\"robots\" content=\"index, follow, max-snippet:-1, max-image-preview:large, max-video-preview:-1\" \/>\n<link rel=\"canonical\" href=\"https:\/\/uelzener.de\/magazin\/katze\/haeufige-fragen\/katzenversicherung-fuer-2-katzen\/\" \/>\n<meta property=\"og:locale\" content=\"de_DE\" \/>\n<meta property=\"og:type\" content=\"article\" \/>\n<meta property=\"og:title\" content=\"Zweitkatze: 2 Katzen versichern\" \/>\n<meta property=\"og:description\" content=\"Viele Katzenmenschen entscheiden sich daf\u00fcr, mit zwei oder mehr Katzen zusammenzuleben. Auch, wenn Katzen beim Herumstreifen in Feld und Wald meist alleine antrifft, so sind die meisten von ihnen doch soziale Tiere, die den Umgang mit anderen Artgenossen in der Regel sch\u00e4tzen. Daher ist die Entscheidung f\u00fcr zwei Katzen oftmals eine gute Entscheidung. Die Vorteile [&hellip;]\" \/>\n<meta property=\"og:url\" content=\"https:\/\/uelzener.de\/magazin\/katze\/haeufige-fragen\/katzenversicherung-fuer-2-katzen\/\" \/>\n<meta property=\"og:site_name\" content=\"Uelzener Tier-Magazin\" \/>\n<meta property=\"article:publisher\" content=\"https:\/\/www.facebook.com\/Uelzener\" \/>\n<meta property=\"article:modified_time\" content=\"2026-01-06T17:08:35+00:00\" \/>\n<meta property=\"og:image\" content=\"https:\/\/uelzener.de\/magazin\/app\/uploads\/2023\/03\/zwei-katzen.jpg\" \/>\n\t<meta property=\"og:image:width\" content=\"1025\" \/>\n\t<meta property=\"og:image:height\" content=\"450\" \/>\n\t<meta property=\"og:image:type\" content=\"image\/jpeg\" \/>\n<meta name=\"twitter:card\" content=\"summary_large_image\" \/>\n<meta name=\"twitter:label1\" content=\"Gesch\u00e4tzte Lesezeit\" \/>\n\t<meta name=\"twitter:data1\" content=\"4\u00a0Minuten\" \/>\n<script type=\"application\/ld+json\" class=\"yoast-schema-graph\">{\"@context\":\"https:\\\/\\\/schema.org\",\"@graph\":[{\"@type\":\"WebPage\",\"@id\":\"https:\\\/\\\/uelzener.de\\\/magazin\\\/katze\\\/haeufige-fragen\\\/katzenversicherung-fuer-2-katzen\\\/\",\"url\":\"https:\\\/\\\/uelzener.de\\\/magazin\\\/katze\\\/haeufige-fragen\\\/katzenversicherung-fuer-2-katzen\\\/\",\"name\":\"Zweitkatze: 2 Katzen versichern | Uelzener Magazin\",\"isPartOf\":{\"@id\":\"https:\\\/\\\/uelzener.de\\\/magazin\\\/#website\"},\"primaryImageOfPage\":{\"@id\":\"https:\\\/\\\/uelzener.de\\\/magazin\\\/katze\\\/haeufige-fragen\\\/katzenversicherung-fuer-2-katzen\\\/#primaryimage\"},\"image\":{\"@id\":\"https:\\\/\\\/uelzener.de\\\/magazin\\\/katze\\\/haeufige-fragen\\\/katzenversicherung-fuer-2-katzen\\\/#primaryimage\"},\"thumbnailUrl\":\"https:\\\/\\\/uelzener.de\\\/magazin\\\/app\\\/uploads\\\/2023\\\/03\\\/zwei-katzen.jpg\",\"datePublished\":\"2023-03-03T13:46:59+00:00\",\"dateModified\":\"2026-01-06T17:08:35+00:00\",\"breadcrumb\":{\"@id\":\"https:\\\/\\\/uelzener.de\\\/magazin\\\/katze\\\/haeufige-fragen\\\/katzenversicherung-fuer-2-katzen\\\/#breadcrumb\"},\"inLanguage\":\"de\",\"potentialAction\":[{\"@type\":\"ReadAction\",\"target\":[\"https:\\\/\\\/uelzener.de\\\/magazin\\\/katze\\\/haeufige-fragen\\\/katzenversicherung-fuer-2-katzen\\\/\"]}]},{\"@type\":\"ImageObject\",\"inLanguage\":\"de\",\"@id\":\"https:\\\/\\\/uelzener.de\\\/magazin\\\/katze\\\/haeufige-fragen\\\/katzenversicherung-fuer-2-katzen\\\/#primaryimage\",\"url\":\"https:\\\/\\\/uelzener.de\\\/magazin\\\/app\\\/uploads\\\/2023\\\/03\\\/zwei-katzen.jpg\",\"contentUrl\":\"https:\\\/\\\/uelzener.de\\\/magazin\\\/app\\\/uploads\\\/2023\\\/03\\\/zwei-katzen.jpg\",\"width\":1025,\"height\":450,\"caption\":\"Zwei Katzen schmusen miteinander. Ob beide eine Katzenversicherung haben?\"},{\"@type\":\"WebSite\",\"@id\":\"https:\\\/\\\/uelzener.de\\\/magazin\\\/#website\",\"url\":\"https:\\\/\\\/uelzener.de\\\/magazin\\\/\",\"name\":\"Uelzener Tiermagazin\",\"description\":\"Online Tierratgeber der Uelzener Versicherungen\",\"publisher\":{\"@id\":\"https:\\\/\\\/uelzener.de\\\/magazin\\\/#organization\"},\"potentialAction\":[{\"@type\":\"SearchAction\",\"target\":{\"@type\":\"EntryPoint\",\"urlTemplate\":\"https:\\\/\\\/uelzener.de\\\/magazin\\\/?s={search_term_string}\"},\"query-input\":{\"@type\":\"PropertyValueSpecification\",\"valueRequired\":true,\"valueName\":\"search_term_string\"}}],\"inLanguage\":\"de\"},{\"@type\":\"Organization\",\"@id\":\"https:\\\/\\\/uelzener.de\\\/magazin\\\/#organization\",\"name\":\"Uelzener Versicherungen\",\"url\":\"https:\\\/\\\/uelzener.de\\\/magazin\\\/\",\"logo\":{\"@type\":\"ImageObject\",\"inLanguage\":\"de\",\"@id\":\"https:\\\/\\\/uelzener.de\\\/magazin\\\/#\\\/schema\\\/logo\\\/image\\\/\",\"url\":\"https:\\\/\\\/uelzener.de\\\/magazin\\\/app\\\/uploads\\\/2024\\\/11\\\/uelzener_allgemeine_versicherungsgesellschaft_a_g_logo.jpg\",\"contentUrl\":\"https:\\\/\\\/uelzener.de\\\/magazin\\\/app\\\/uploads\\\/2024\\\/11\\\/uelzener_allgemeine_versicherungsgesellschaft_a_g_logo.jpg\",\"width\":200,\"height\":200,\"caption\":\"Uelzener Versicherungen\"},\"image\":{\"@id\":\"https:\\\/\\\/uelzener.de\\\/magazin\\\/#\\\/schema\\\/logo\\\/image\\\/\"},\"sameAs\":[\"https:\\\/\\\/www.facebook.com\\\/Uelzener\",\"https:\\\/\\\/instagram.com\\\/uelzener\",\"https:\\\/\\\/www.xing.com\\\/pages\\\/uelzenerallgemeineversicherungs-gesellschafta-g\",\"https:\\\/\\\/www.youtube.com\\\/UelzenerVersicherungen\"]}]}<\/script>\n<!-- \/ Yoast SEO Premium plugin. -->","yoast_head_json":{"title":"Zweitkatze: 2 Katzen versichern | Uelzener Magazin","robots":{"index":"index","follow":"follow","max-snippet":"max-snippet:-1","max-image-preview":"max-image-preview:large","max-video-preview":"max-video-preview:-1"},"canonical":"https:\/\/uelzener.de\/magazin\/katze\/haeufige-fragen\/katzenversicherung-fuer-2-katzen\/","og_locale":"de_DE","og_type":"article","og_title":"Zweitkatze: 2 Katzen versichern","og_description":"Viele Katzenmenschen entscheiden sich daf\u00fcr, mit zwei oder mehr Katzen zusammenzuleben. Auch, wenn Katzen beim Herumstreifen in Feld und Wald meist alleine antrifft, so sind die meisten von ihnen doch soziale Tiere, die den Umgang mit anderen Artgenossen in der Regel sch\u00e4tzen. Daher ist die Entscheidung f\u00fcr zwei Katzen oftmals eine gute Entscheidung. Die Vorteile [&hellip;]","og_url":"https:\/\/uelzener.de\/magazin\/katze\/haeufige-fragen\/katzenversicherung-fuer-2-katzen\/","og_site_name":"Uelzener Tier-Magazin","article_publisher":"https:\/\/www.facebook.com\/Uelzener","article_modified_time":"2026-01-06T17:08:35+00:00","og_image":[{"width":1025,"height":450,"url":"https:\/\/uelzener.de\/magazin\/app\/uploads\/2023\/03\/zwei-katzen.jpg","type":"image\/jpeg"}],"twitter_card":"summary_large_image","twitter_misc":{"Gesch\u00e4tzte Lesezeit":"4\u00a0Minuten"},"schema":{"@context":"https:\/\/schema.org","@graph":[{"@type":"WebPage","@id":"https:\/\/uelzener.de\/magazin\/katze\/haeufige-fragen\/katzenversicherung-fuer-2-katzen\/","url":"https:\/\/uelzener.de\/magazin\/katze\/haeufige-fragen\/katzenversicherung-fuer-2-katzen\/","name":"Zweitkatze: 2 Katzen versichern | Uelzener Magazin","isPartOf":{"@id":"https:\/\/uelzener.de\/magazin\/#website"},"primaryImageOfPage":{"@id":"https:\/\/uelzener.de\/magazin\/katze\/haeufige-fragen\/katzenversicherung-fuer-2-katzen\/#primaryimage"},"image":{"@id":"https:\/\/uelzener.de\/magazin\/katze\/haeufige-fragen\/katzenversicherung-fuer-2-katzen\/#primaryimage"},"thumbnailUrl":"https:\/\/uelzener.de\/magazin\/app\/uploads\/2023\/03\/zwei-katzen.jpg","datePublished":"2023-03-03T13:46:59+00:00","dateModified":"2026-01-06T17:08:35+00:00","breadcrumb":{"@id":"https:\/\/uelzener.de\/magazin\/katze\/haeufige-fragen\/katzenversicherung-fuer-2-katzen\/#breadcrumb"},"inLanguage":"de","potentialAction":[{"@type":"ReadAction","target":["https:\/\/uelzener.de\/magazin\/katze\/haeufige-fragen\/katzenversicherung-fuer-2-katzen\/"]}]},{"@type":"ImageObject","inLanguage":"de","@id":"https:\/\/uelzener.de\/magazin\/katze\/haeufige-fragen\/katzenversicherung-fuer-2-katzen\/#primaryimage","url":"https:\/\/uelzener.de\/magazin\/app\/uploads\/2023\/03\/zwei-katzen.jpg","contentUrl":"https:\/\/uelzener.de\/magazin\/app\/uploads\/2023\/03\/zwei-katzen.jpg","width":1025,"height":450,"caption":"Zwei Katzen schmusen miteinander. Ob beide eine Katzenversicherung haben?"},{"@type":"WebSite","@id":"https:\/\/uelzener.de\/magazin\/#website","url":"https:\/\/uelzener.de\/magazin\/","name":"Uelzener Tiermagazin","description":"Online Tierratgeber der Uelzener Versicherungen","publisher":{"@id":"https:\/\/uelzener.de\/magazin\/#organization"},"potentialAction":[{"@type":"SearchAction","target":{"@type":"EntryPoint","urlTemplate":"https:\/\/uelzener.de\/magazin\/?s={search_term_string}"},"query-input":{"@type":"PropertyValueSpecification","valueRequired":true,"valueName":"search_term_string"}}],"inLanguage":"de"},{"@type":"Organization","@id":"https:\/\/uelzener.de\/magazin\/#organization","name":"Uelzener Versicherungen","url":"https:\/\/uelzener.de\/magazin\/","logo":{"@type":"ImageObject","inLanguage":"de","@id":"https:\/\/uelzener.de\/magazin\/#\/schema\/logo\/image\/","url":"https:\/\/uelzener.de\/magazin\/app\/uploads\/2024\/11\/uelzener_allgemeine_versicherungsgesellschaft_a_g_logo.jpg","contentUrl":"https:\/\/uelzener.de\/magazin\/app\/uploads\/2024\/11\/uelzener_allgemeine_versicherungsgesellschaft_a_g_logo.jpg","width":200,"height":200,"caption":"Uelzener Versicherungen"},"image":{"@id":"https:\/\/uelzener.de\/magazin\/#\/schema\/logo\/image\/"},"sameAs":["https:\/\/www.facebook.com\/Uelzener","https:\/\/instagram.com\/uelzener","https:\/\/www.xing.com\/pages\/uelzenerallgemeineversicherungs-gesellschafta-g","https:\/\/www.youtube.com\/UelzenerVersicherungen"]}]}},"_links":{"self":[{"href":"https:\/\/uelzener.de\/magazin\/wp-json\/wp\/v2\/pages\/15037","targetHints":{"allow":["GET"]}}],"collection":[{"href":"https:\/\/uelzener.de\/magazin\/wp-json\/wp\/v2\/pages"}],"about":[{"href":"https:\/\/uelzener.de\/magazin\/wp-json\/wp\/v2\/types\/page"}],"author":[{"embeddable":true,"href":"https:\/\/uelzener.de\/magazin\/wp-json\/wp\/v2\/users\/11"}],"replies":[{"embeddable":true,"href":"https:\/\/uelzener.de\/magazin\/wp-json\/wp\/v2\/comments?post=15037"}],"version-history":[{"count":8,"href":"https:\/\/uelzener.de\/magazin\/wp-json\/wp\/v2\/pages\/15037\/revisions"}],"predecessor-version":[{"id":19687,"href":"https:\/\/uelzener.de\/magazin\/wp-json\/wp\/v2\/pages\/15037\/revisions\/19687"}],"up":[{"embeddable":true,"href":"https:\/\/uelzener.de\/magazin\/wp-json\/wp\/v2\/pages\/11691"}],"wp:featuredmedia":[{"embeddable":true,"href":"https:\/\/uelzener.de\/magazin\/wp-json\/wp\/v2\/media\/15040"}],"wp:attachment":[{"href":"https:\/\/uelzener.de\/magazin\/wp-json\/wp\/v2\/media?parent=15037"}],"curies":[{"name":"wp","href":"https:\/\/api.w.org\/{rel}","templated":true}]}}