{"id":14988,"date":"2023-05-02T07:45:45","date_gmt":"2023-05-02T05:45:45","guid":{"rendered":"https:\/\/uelzener.de\/magazin\/?page_id=14988"},"modified":"2025-04-28T09:59:53","modified_gmt":"2025-04-28T07:59:53","slug":"interview-mit-familie-harmer-katzenversicherung","status":"publish","type":"page","link":"https:\/\/uelzener.de\/magazin\/katze\/tipps-fuer-den-alltag\/interview-mit-familie-harmer-katzenversicherung\/","title":{"rendered":"Interview mit Katzenbesitzer:innen Mareike und David Harmer"},"content":{"rendered":"<p>In Mareike und David Harmers Reich der Katzen ist heute Trubel angesagt: vier neue Menschen in der Wohnung und jede Menge Equipment. Die Uelzener Versicherungen ist n\u00e4mlich vor Ort f\u00fcr ein Interview mit den Katzenbesitzer:innen.<\/p>\n<p>Den Katzen Kelda, Nadym, Colja und Saranka ist das viel zu aufregend.<\/p>\n<p>Im Wohnzimmer, wo f\u00fcr die Katzen ein gro\u00dfer Kratzbaum direkt am Fenster steht, erz\u00e4hlt uns Mareike Harmer von ihren ersten Schritten mit Katze. \u201eAls mein Mann und ich drei Jahre zusammen waren, haben wir uns zugetraut, die Verantwortung f\u00fcr eine Katze zu \u00fcbernehmen \u2013 das ist jetzt zw\u00f6lf Jahre her. Wir haben uns zu Anfang nicht g\u00e4nzlich klargemacht, was das Leben mit Katzen kostet.\u201c Im Laufe der Jahre habe sich gezeigt, dass es keinen Sinn mache, nur 50 Euro pro Monat je Katze f\u00fcr die Gesundheit der Samtpfoten auf die Seite zu legen. Auch eine reine OP-Versicherung hat oft nicht ausgereicht. \u201eWir haben Lehrgeld bezahlt\u201c, sagt Mareike Harmer heute r\u00fcckblickend.<\/p>\n<h2>\u201eEine Tierversicherung ist f\u00fcr mich gelebter Tierschutz.\u201c<\/h2>\n<p>Neugierig geworden vom Duft nach gefriergetrockneten H\u00fchnerherzen, schleicht Saranka ins Wohnzimmer. Saranka leidet unter anderem an Epilepsie und muss alle zw\u00f6lf Stunden ihre Medikamente bekommen. Diese Zeiten sind streng einzuhalten, da die Erkrankung sonst verst\u00e4rkt ausbrechen kann. \u201eWir richten unser Leben komplett nach der Gabe der Medikamente aus\u201c, sagt Mareike Harmer. Urlaub sei schwierig, da es so gut wie unm\u00f6glich sei, seri\u00f6se Katzensitter:innen zu finden, die eine Epileptikerin betreut.<\/p>\n\n<div class=\"related_articles boxed\">\n    <h2>Mehr zum Thema<\/h2>\n    \n    <div class=\"wrapper\"><div class=\"title align-center\"><h3><a href=\"https:\/\/uelzener.de\/magazin\/katze\/tiergesundheit\/arthrose-bei-katzen\/\">Arthrose bei Katzen: Schmerzen lindern und Alltag meistern<\/a><\/h3><\/div><div class=\"img align-center\"><img decoding=\"async\" width=\"315\" height=\"180\" src=\"https:\/\/uelzener.de\/magazin\/app\/uploads\/2024\/10\/arthose-bei-katzen-315x180.jpg\" class=\"attachment-315x180 size-315x180 wp-post-image\" alt=\"Hinterbeine einer Katze mit Arthrosen.\" \/><\/div><\/div><div class=\"wrapper\"><div class=\"title align-center\"><h3><a href=\"https:\/\/uelzener.de\/magazin\/katze\/tiergesundheit\/epilepsie-bei-katzen\/\">Epilepsie bei Katzen: Alles Wissenswerte f\u00fcr Halterinnen und Halter<\/a><\/h3><\/div><div class=\"img align-center\"><img decoding=\"async\" width=\"315\" height=\"180\" src=\"https:\/\/uelzener.de\/magazin\/app\/uploads\/2024\/07\/epilepsie-katze-315x180.jpg\" class=\"attachment-315x180 size-315x180 wp-post-image\" alt=\"Katze bekommt im Garten einen Epilepsie-Anfall.\" \/><\/div><\/div><div class=\"wrapper\"><div class=\"title align-center\"><h3><a href=\"https:\/\/uelzener.de\/magazin\/katze\/haltung\/wohnung-katzensicher-machen\/\">Wohnung katzensicher machen: 9 Tipps f\u00fcr dein Zuhause<\/a><\/h3><\/div><div class=\"img align-center\"><img decoding=\"async\" width=\"315\" height=\"180\" src=\"https:\/\/uelzener.de\/magazin\/app\/uploads\/2020\/05\/d0fe97ae-9fc2-4e23-be3b-874ce1a56c9a-315x180.png\" class=\"attachment-315x180 size-315x180 wp-post-image\" alt=\"Die richtigen Tipps um die Wohnung Katzensicher zu machen sind schwer zu finden. Die kleine Katze hat auf dem Tisch nichts zu suchen.\" \/><\/div><\/div><\/div>\n\n<p>Von Krebserkrankungen, diversen (Not-) OPs, \u00fcber Chemo-Therapie bis Blutarmut, Herzerkrankungen, Allergien, Arthrose und mehr: Die Verwaltungsfachangestellte hat mit ihren Katzen im Lauf der Jahre schwerwiegende Erkrankungen durchgemacht und viele medizinische Notf\u00e4lle erlebt. \u201eEine Tierversicherung ist f\u00fcr mich gelebter Tierschutz\u201c, sagt sie. \u201eMan kann Gl\u00fcck haben und die Katze hat jahrelang nichts, aber man kann eben auch Pech haben. F\u00fcr mich hat es nichts mit Tierschutz zu tun, sich eine Katze aus dem Tierheim zu holen, und dann finanziell nicht f\u00fcr ihre Gesundheit aufkommen zu k\u00f6nnen.\u201c Oftmals w\u00fcrden sich Katzenbesitzer:innen \u00fcber Merkw\u00fcrdigkeiten ihrer Katze wundern und sie daf\u00fcr bel\u00e4cheln. \u201eBei komischem Verhalten liegt meistens tats\u00e4chlich eine Erkrankung vor, die man behandeln kann. Idealerweise ist man schon bei der Anschaffung der Katze erwachsen genug, sich dar\u00fcber Gedanken zu machen.\u201c<\/p>\n<p><img decoding=\"async\" class=\"alignnone wp-image-14990 size-medium\" src=\"https:\/\/uelzener.de\/magazin\/app\/uploads\/2023\/02\/katzen-von-david-harmer-300x156.jpg\" alt=\"Drei Katzen liegen auf dem Bett. Eine im Hintergrund im Katzenbaum.\" width=\"300\" height=\"156\" srcset=\"https:\/\/uelzener.de\/magazin\/app\/uploads\/2023\/02\/katzen-von-david-harmer-300x156.jpg 300w, https:\/\/uelzener.de\/magazin\/app\/uploads\/2023\/02\/katzen-von-david-harmer-1024x534.jpg 1024w, https:\/\/uelzener.de\/magazin\/app\/uploads\/2023\/02\/katzen-von-david-harmer-768x400.jpg 768w, https:\/\/uelzener.de\/magazin\/app\/uploads\/2023\/02\/katzen-von-david-harmer-1536x800.jpg 1536w, https:\/\/uelzener.de\/magazin\/app\/uploads\/2023\/02\/katzen-von-david-harmer-2048x1067.jpg 2048w, https:\/\/uelzener.de\/magazin\/app\/uploads\/2023\/02\/katzen-von-david-harmer-1026x535.jpg 1026w, https:\/\/uelzener.de\/magazin\/app\/uploads\/2023\/02\/katzen-von-david-harmer-668x348.jpg 668w\" sizes=\"(max-width: 300px) 100vw, 300px\" \/><\/p>\n<p>David Harmer nennt die vier Katzen \u201eunsere Kinder\u201c. Genauso wie kleine Kinder k\u00f6nnen sich die Tiere nicht allein versorgen. \u201eDie Katzen tun auch unheimlich viel f\u00fcr uns\u201c, sagt Mareike Harmer, die ihre Fellnasen nicht missen m\u00f6chte, und zitiert die ber\u00fchmte Stelle aus Antoine De Saint-Exup\u00e9rys \u201eDer Kleine Prinz\u201c: Du bist zeitlebens f\u00fcr das verantwortlich, was du dir vertraut gemacht hast.<\/p>\n<h2>A house is not a home without a cat<\/h2>\n<p>Mareike Harmer l\u00e4dt uns zu einer kleinen F\u00fchrung durch die Wohnung ein. Die K\u00fcche ist Informationszentrale und medizinische Versorgungsstelle. Alle Katzen haben ihre gro\u00dfen und kleinen Zipperlein, alle bekommen jeden Tag ihre Medikamente. Um selbst den \u00dcberblick zu behalten und f\u00fcr den Ernstfall vorbereitet zu sein, h\u00e4ngen hier beschriftete Fotos der Katzen, ein \u00dcbersichtsplan der jeweiligen medikament\u00f6sen Versorgung und die Adressen der Tier\u00e4rzte. Im \u201eKatzenzimmer\u201c stehen zwei imposante Katzenklos, die in einem fr\u00fcheren Leben einmal zwei antike Truhen waren: David Harmer hat sie mit viel Liebe von Hand aufgearbeitet. Ein Luftreinigungsger\u00e4t sorgt daf\u00fcr, dass negative Ger\u00fcche im Zimmer sofort neutralisiert werden. Der angrenzende Balkon ist mit einem Netz und gr\u00fcnem Teppich versehen. Die Fenster sind mit Kippschutzgittern ausgestattet, die verhindern, dass die Katzen sich in den halb ge\u00f6ffneten Fenstern einklemmen k\u00f6nnen.<\/p>\n<p>Bei einem Blick ins Schlafzimmer, wo die zwei Kater und zwei Katzen von Mareike Harmer mit geschlossenen Augen auf der Tagesdecke liegen und leise vor sich hin schnurren, ahne ich, was es mit diesem intensiven Hobby auf sich hat: Die Katzen k\u00f6nnen Entspannung \u201eat its best\u201c. Ihr Anblick vermittelt totale Ruhe und Herunterkommen. \u201eMir fehlt es, wenn sie nachts nicht im Bett sind\u201c, sagt die Katzenmama.<\/p>\n<p>Mareike Harmer w\u00fcnscht sich Anfang 2023 eine \u00dcberarbeitung der Katzenkrankenversicherung, damit auch alle zuk\u00fcnftigen Risiken \u2013 in Anbetracht der aktuellen und zuk\u00fcnftigen Erh\u00f6hungen der GOT \u2013 abgesichert sind. F\u00fcr diese \u00c4nderungen w\u00e4re sie auch bereit, mehr zu bezahlen.<\/p>\n<p>Update: Da haben wir eine gute Nachricht f\u00fcr Mareike und ihre Katzen; die Katzenversicherungen haben wir noch besser an die Bed\u00fcrfnisse unserer Kundinnen und Kunden angepasst und au\u00dferdem den Baustein Gesundheit PLUS hinzugef\u00fcgt. Ab Oktober 2023 sind sie erh\u00e4ltlich.<\/p>\n\n<div class=\"banner\">\n    <a href=\"https:\/\/uelzener.de\/katze?agt=0000104925&sem=true&utm_medium=magazin&utm_source=wordpress&utm_campaign=katze&utm_content=banner\">\n        <img decoding=\"async\" width=\"300\" height=\"212\" src=\"https:\/\/uelzener.de\/magazin\/app\/uploads\/2025\/01\/Katzenversicherung.jpg\" class=\"attachment-medium size-medium\" alt=\"Banner Katzenversicherung\" \/>    <\/a>\n<\/div>\n\n","protected":false},"excerpt":{"rendered":"<p>In Mareike und David Harmers Reich der Katzen ist heute Trubel angesagt: vier neue Menschen in der Wohnung und jede Menge Equipment. Die Uelzener Versicherungen ist n\u00e4mlich vor Ort f\u00fcr ein Interview mit den Katzenbesitzer:innen. Den Katzen Kelda, Nadym, Colja und Saranka ist das viel zu aufregend. Im Wohnzimmer, wo f\u00fcr die Katzen ein gro\u00dfer [&hellip;]<\/p>\n","protected":false},"author":11,"featured_media":14991,"parent":11709,"menu_order":3,"comment_status":"closed","ping_status":"closed","template":"templates\/blog.php","meta":{"_acf_changed":false,"_crdt_document":"","footnotes":"","beyondwords_generate_audio":"0","beyondwords_project_id":"","beyondwords_content_id":"","beyondwords_preview_token":"","beyondwords_player_style":"","beyondwords_language_id":"","beyondwords_title_voice_id":"","beyondwords_body_voice_id":"","beyondwords_summary_voice_id":"","beyondwords_error_message":"","beyondwords_disabled":"","beyondwords_delete_content":"","beyondwords_podcast_id":"","beyondwords_hash":"","publish_post_to_speechkit":"","speechkit_hash":"","speechkit_generate_audio":"","speechkit_project_id":"","speechkit_podcast_id":"","speechkit_error_message":"","speechkit_disabled":"","speechkit_access_key":"","speechkit_error":"","speechkit_info":"","speechkit_response":"","speechkit_retries":"","speechkit_status":"","speechkit_updated_at":"","_speechkit_link":"","_speechkit_text":""},"class_list":["post-14988","page","type-page","status-publish","has-post-thumbnail","hentry"],"acf":[],"yoast_head":"<!-- This site is optimized with the Yoast SEO Premium plugin  - https:\/\/yoast.com\/product\/yoast-seo-premium-wordpress\/ -->\n<title>Interview mit Katzenbesitzer:innen Mareike und David Harmer | Uelzener Magazin<\/title>\n<meta name=\"description\" content=\"Uelzener Versicherungen vor Ort, um zwei Katzenbesitzer:innen zu interviewen.\" \/>\n<meta name=\"robots\" content=\"index, follow, max-snippet:-1, max-image-preview:large, max-video-preview:-1\" \/>\n<link rel=\"canonical\" href=\"https:\/\/uelzener.de\/magazin\/katze\/tipps-fuer-den-alltag\/interview-mit-familie-harmer-katzenversicherung\/\" \/>\n<meta property=\"og:locale\" content=\"de_DE\" \/>\n<meta property=\"og:type\" content=\"article\" \/>\n<meta property=\"og:title\" content=\"Interview mit Katzenbesitzer:innen Mareike und David Harmer\" \/>\n<meta property=\"og:description\" content=\"Uelzener Versicherungen vor Ort, um zwei Katzenbesitzer:innen zu interviewen.\" \/>\n<meta property=\"og:url\" content=\"https:\/\/uelzener.de\/magazin\/katze\/tipps-fuer-den-alltag\/interview-mit-familie-harmer-katzenversicherung\/\" \/>\n<meta property=\"og:site_name\" content=\"Uelzener Tier-Magazin\" \/>\n<meta property=\"article:publisher\" content=\"https:\/\/www.facebook.com\/Uelzener\" \/>\n<meta property=\"article:modified_time\" content=\"2025-04-28T07:59:53+00:00\" \/>\n<meta property=\"og:image\" content=\"https:\/\/uelzener.de\/magazin\/app\/uploads\/2023\/02\/harmer-katzen.jpg\" \/>\n\t<meta property=\"og:image:width\" content=\"1025\" \/>\n\t<meta property=\"og:image:height\" content=\"450\" \/>\n\t<meta property=\"og:image:type\" content=\"image\/jpeg\" \/>\n<meta name=\"twitter:card\" content=\"summary_large_image\" \/>\n<meta name=\"twitter:label1\" content=\"Gesch\u00e4tzte Lesezeit\" \/>\n\t<meta name=\"twitter:data1\" content=\"5\u00a0Minuten\" \/>\n<script type=\"application\/ld+json\" class=\"yoast-schema-graph\">{\"@context\":\"https:\/\/schema.org\",\"@graph\":[{\"@type\":\"WebPage\",\"@id\":\"https:\/\/uelzener.de\/magazin\/katze\/tipps-fuer-den-alltag\/interview-mit-familie-harmer-katzenversicherung\/\",\"url\":\"https:\/\/uelzener.de\/magazin\/katze\/tipps-fuer-den-alltag\/interview-mit-familie-harmer-katzenversicherung\/\",\"name\":\"Interview mit Katzenbesitzer:innen Mareike und David Harmer | Uelzener Magazin\",\"isPartOf\":{\"@id\":\"https:\/\/uelzener.de\/magazin\/#website\"},\"primaryImageOfPage\":{\"@id\":\"https:\/\/uelzener.de\/magazin\/katze\/tipps-fuer-den-alltag\/interview-mit-familie-harmer-katzenversicherung\/#primaryimage\"},\"image\":{\"@id\":\"https:\/\/uelzener.de\/magazin\/katze\/tipps-fuer-den-alltag\/interview-mit-familie-harmer-katzenversicherung\/#primaryimage\"},\"thumbnailUrl\":\"https:\/\/uelzener.de\/magazin\/app\/uploads\/2023\/02\/harmer-katzen.jpg\",\"datePublished\":\"2023-05-02T05:45:45+00:00\",\"dateModified\":\"2025-04-28T07:59:53+00:00\",\"description\":\"Uelzener Versicherungen vor Ort, um zwei Katzenbesitzer:innen zu interviewen.\",\"breadcrumb\":{\"@id\":\"https:\/\/uelzener.de\/magazin\/katze\/tipps-fuer-den-alltag\/interview-mit-familie-harmer-katzenversicherung\/#breadcrumb\"},\"inLanguage\":\"de\",\"potentialAction\":[{\"@type\":\"ReadAction\",\"target\":[\"https:\/\/uelzener.de\/magazin\/katze\/tipps-fuer-den-alltag\/interview-mit-familie-harmer-katzenversicherung\/\"]}]},{\"@type\":\"ImageObject\",\"inLanguage\":\"de\",\"@id\":\"https:\/\/uelzener.de\/magazin\/katze\/tipps-fuer-den-alltag\/interview-mit-familie-harmer-katzenversicherung\/#primaryimage\",\"url\":\"https:\/\/uelzener.de\/magazin\/app\/uploads\/2023\/02\/harmer-katzen.jpg\",\"contentUrl\":\"https:\/\/uelzener.de\/magazin\/app\/uploads\/2023\/02\/harmer-katzen.jpg\",\"width\":1025,\"height\":450,\"caption\":\"Frau im rosanen Pulli mit Katzen auf dem Bett.\"},{\"@type\":\"WebSite\",\"@id\":\"https:\/\/uelzener.de\/magazin\/#website\",\"url\":\"https:\/\/uelzener.de\/magazin\/\",\"name\":\"Uelzener Tiermagazin\",\"description\":\"Online Tierratgeber der Uelzener Versicherungen\",\"publisher\":{\"@id\":\"https:\/\/uelzener.de\/magazin\/#organization\"},\"potentialAction\":[{\"@type\":\"SearchAction\",\"target\":{\"@type\":\"EntryPoint\",\"urlTemplate\":\"https:\/\/uelzener.de\/magazin\/?s={search_term_string}\"},\"query-input\":{\"@type\":\"PropertyValueSpecification\",\"valueRequired\":true,\"valueName\":\"search_term_string\"}}],\"inLanguage\":\"de\"},{\"@type\":\"Organization\",\"@id\":\"https:\/\/uelzener.de\/magazin\/#organization\",\"name\":\"Uelzener Versicherungen\",\"url\":\"https:\/\/uelzener.de\/magazin\/\",\"logo\":{\"@type\":\"ImageObject\",\"inLanguage\":\"de\",\"@id\":\"https:\/\/uelzener.de\/magazin\/#\/schema\/logo\/image\/\",\"url\":\"https:\/\/uelzener.de\/magazin\/app\/uploads\/2024\/11\/uelzener_allgemeine_versicherungsgesellschaft_a_g_logo.jpg\",\"contentUrl\":\"https:\/\/uelzener.de\/magazin\/app\/uploads\/2024\/11\/uelzener_allgemeine_versicherungsgesellschaft_a_g_logo.jpg\",\"width\":200,\"height\":200,\"caption\":\"Uelzener Versicherungen\"},\"image\":{\"@id\":\"https:\/\/uelzener.de\/magazin\/#\/schema\/logo\/image\/\"},\"sameAs\":[\"https:\/\/www.facebook.com\/Uelzener\",\"https:\/\/instagram.com\/uelzener\",\"https:\/\/www.xing.com\/pages\/uelzenerallgemeineversicherungs-gesellschafta-g\",\"https:\/\/www.youtube.com\/UelzenerVersicherungen\"]}]}<\/script>\n<!-- \/ Yoast SEO Premium plugin. -->","yoast_head_json":{"title":"Interview mit Katzenbesitzer:innen Mareike und David Harmer | Uelzener Magazin","description":"Uelzener Versicherungen vor Ort, um zwei Katzenbesitzer:innen zu interviewen.","robots":{"index":"index","follow":"follow","max-snippet":"max-snippet:-1","max-image-preview":"max-image-preview:large","max-video-preview":"max-video-preview:-1"},"canonical":"https:\/\/uelzener.de\/magazin\/katze\/tipps-fuer-den-alltag\/interview-mit-familie-harmer-katzenversicherung\/","og_locale":"de_DE","og_type":"article","og_title":"Interview mit Katzenbesitzer:innen Mareike und David Harmer","og_description":"Uelzener Versicherungen vor Ort, um zwei Katzenbesitzer:innen zu interviewen.","og_url":"https:\/\/uelzener.de\/magazin\/katze\/tipps-fuer-den-alltag\/interview-mit-familie-harmer-katzenversicherung\/","og_site_name":"Uelzener Tier-Magazin","article_publisher":"https:\/\/www.facebook.com\/Uelzener","article_modified_time":"2025-04-28T07:59:53+00:00","og_image":[{"width":1025,"height":450,"url":"https:\/\/uelzener.de\/magazin\/app\/uploads\/2023\/02\/harmer-katzen.jpg","type":"image\/jpeg"}],"twitter_card":"summary_large_image","twitter_misc":{"Gesch\u00e4tzte Lesezeit":"5\u00a0Minuten"},"schema":{"@context":"https:\/\/schema.org","@graph":[{"@type":"WebPage","@id":"https:\/\/uelzener.de\/magazin\/katze\/tipps-fuer-den-alltag\/interview-mit-familie-harmer-katzenversicherung\/","url":"https:\/\/uelzener.de\/magazin\/katze\/tipps-fuer-den-alltag\/interview-mit-familie-harmer-katzenversicherung\/","name":"Interview mit Katzenbesitzer:innen Mareike und David Harmer | Uelzener Magazin","isPartOf":{"@id":"https:\/\/uelzener.de\/magazin\/#website"},"primaryImageOfPage":{"@id":"https:\/\/uelzener.de\/magazin\/katze\/tipps-fuer-den-alltag\/interview-mit-familie-harmer-katzenversicherung\/#primaryimage"},"image":{"@id":"https:\/\/uelzener.de\/magazin\/katze\/tipps-fuer-den-alltag\/interview-mit-familie-harmer-katzenversicherung\/#primaryimage"},"thumbnailUrl":"https:\/\/uelzener.de\/magazin\/app\/uploads\/2023\/02\/harmer-katzen.jpg","datePublished":"2023-05-02T05:45:45+00:00","dateModified":"2025-04-28T07:59:53+00:00","description":"Uelzener Versicherungen vor Ort, um zwei Katzenbesitzer:innen zu interviewen.","breadcrumb":{"@id":"https:\/\/uelzener.de\/magazin\/katze\/tipps-fuer-den-alltag\/interview-mit-familie-harmer-katzenversicherung\/#breadcrumb"},"inLanguage":"de","potentialAction":[{"@type":"ReadAction","target":["https:\/\/uelzener.de\/magazin\/katze\/tipps-fuer-den-alltag\/interview-mit-familie-harmer-katzenversicherung\/"]}]},{"@type":"ImageObject","inLanguage":"de","@id":"https:\/\/uelzener.de\/magazin\/katze\/tipps-fuer-den-alltag\/interview-mit-familie-harmer-katzenversicherung\/#primaryimage","url":"https:\/\/uelzener.de\/magazin\/app\/uploads\/2023\/02\/harmer-katzen.jpg","contentUrl":"https:\/\/uelzener.de\/magazin\/app\/uploads\/2023\/02\/harmer-katzen.jpg","width":1025,"height":450,"caption":"Frau im rosanen Pulli mit Katzen auf dem Bett."},{"@type":"WebSite","@id":"https:\/\/uelzener.de\/magazin\/#website","url":"https:\/\/uelzener.de\/magazin\/","name":"Uelzener Tiermagazin","description":"Online Tierratgeber der Uelzener Versicherungen","publisher":{"@id":"https:\/\/uelzener.de\/magazin\/#organization"},"potentialAction":[{"@type":"SearchAction","target":{"@type":"EntryPoint","urlTemplate":"https:\/\/uelzener.de\/magazin\/?s={search_term_string}"},"query-input":{"@type":"PropertyValueSpecification","valueRequired":true,"valueName":"search_term_string"}}],"inLanguage":"de"},{"@type":"Organization","@id":"https:\/\/uelzener.de\/magazin\/#organization","name":"Uelzener Versicherungen","url":"https:\/\/uelzener.de\/magazin\/","logo":{"@type":"ImageObject","inLanguage":"de","@id":"https:\/\/uelzener.de\/magazin\/#\/schema\/logo\/image\/","url":"https:\/\/uelzener.de\/magazin\/app\/uploads\/2024\/11\/uelzener_allgemeine_versicherungsgesellschaft_a_g_logo.jpg","contentUrl":"https:\/\/uelzener.de\/magazin\/app\/uploads\/2024\/11\/uelzener_allgemeine_versicherungsgesellschaft_a_g_logo.jpg","width":200,"height":200,"caption":"Uelzener Versicherungen"},"image":{"@id":"https:\/\/uelzener.de\/magazin\/#\/schema\/logo\/image\/"},"sameAs":["https:\/\/www.facebook.com\/Uelzener","https:\/\/instagram.com\/uelzener","https:\/\/www.xing.com\/pages\/uelzenerallgemeineversicherungs-gesellschafta-g","https:\/\/www.youtube.com\/UelzenerVersicherungen"]}]}},"_links":{"self":[{"href":"https:\/\/uelzener.de\/magazin\/wp-json\/wp\/v2\/pages\/14988","targetHints":{"allow":["GET"]}}],"collection":[{"href":"https:\/\/uelzener.de\/magazin\/wp-json\/wp\/v2\/pages"}],"about":[{"href":"https:\/\/uelzener.de\/magazin\/wp-json\/wp\/v2\/types\/page"}],"author":[{"embeddable":true,"href":"https:\/\/uelzener.de\/magazin\/wp-json\/wp\/v2\/users\/11"}],"replies":[{"embeddable":true,"href":"https:\/\/uelzener.de\/magazin\/wp-json\/wp\/v2\/comments?post=14988"}],"version-history":[{"count":15,"href":"https:\/\/uelzener.de\/magazin\/wp-json\/wp\/v2\/pages\/14988\/revisions"}],"predecessor-version":[{"id":18444,"href":"https:\/\/uelzener.de\/magazin\/wp-json\/wp\/v2\/pages\/14988\/revisions\/18444"}],"up":[{"embeddable":true,"href":"https:\/\/uelzener.de\/magazin\/wp-json\/wp\/v2\/pages\/11709"}],"wp:featuredmedia":[{"embeddable":true,"href":"https:\/\/uelzener.de\/magazin\/wp-json\/wp\/v2\/media\/14991"}],"wp:attachment":[{"href":"https:\/\/uelzener.de\/magazin\/wp-json\/wp\/v2\/media?parent=14988"}],"curies":[{"name":"wp","href":"https:\/\/api.w.org\/{rel}","templated":true}]}}