{"id":14849,"date":"2023-01-31T13:08:40","date_gmt":"2023-01-31T12:08:40","guid":{"rendered":"https:\/\/uelzener.de\/magazin\/?page_id=14849"},"modified":"2026-01-06T18:09:01","modified_gmt":"2026-01-06T17:09:01","slug":"katze-versichern-ja-oder-nein","status":"publish","type":"page","link":"https:\/\/uelzener.de\/magazin\/katze\/haeufige-fragen\/katze-versichern-ja-oder-nein\/","title":{"rendered":"Katze versichern: Ja oder nein. Alle Vor- und Nachteile"},"content":{"rendered":"<p>\u00dcberlegst du eine Katzenversicherung abzuschlie\u00dfen? Dann lohnt es sich, eine bewusste Entscheidung zu treffen. Denn nichts ist schlimmer als sp\u00e4ter zu bereuen, sich falsch entschieden zu haben. Hier findest du alles, was du f\u00fcr eine gute Entscheidung hinsichtlich einer Katzenversicherung brauchst.<\/p>\n<h2>Welche Versicherungen f\u00fcr Katzen gibt es \u00fcberhaupt?<\/h2>\n<p>Zu Beginn einer guten Entscheidung steht das Wissen um die m\u00f6glichen Optionen. Bei der Katzenversicherung hast du die Wahl zwischen zwei verschiedenen Versicherungen:<\/p>\n<ul>\n<li>Die Katzen-Operations-Versicherung (OP-Versicherung): Die OP-Versicherung \u00fcbernimmt die Kosten f\u00fcr chirurgische Eingriffe nach Unfall oder Krankheit. Bis hin zur Nachsorge und der Unterbringung in einer Tierklinik. So ist man f\u00fcr den Notfall bestens ger\u00fcstet.<\/li>\n<\/ul>\n\n<div class=\"banner\">\n    <a href=\"https:\/\/uelzener.de\/katze\/katzen-op-versicherung\/?agt=0000104925&sem=true&utm_medium=magazin&utm_source=wordpress&utm_campaign=katze_op&utm_content=banner_native_ad\">\n        <img decoding=\"async\" width=\"300\" height=\"169\" src=\"https:\/\/uelzener.de\/magazin\/app\/uploads\/2024\/02\/katzenversicherung-banner-2-300x169.jpg\" class=\"attachment-medium size-medium\" alt=\"K\u00e4tzen kaut an einem Hausschuh.\" srcset=\"https:\/\/uelzener.de\/magazin\/app\/uploads\/2024\/02\/katzenversicherung-banner-2-300x169.jpg 300w, https:\/\/uelzener.de\/magazin\/app\/uploads\/2024\/02\/katzenversicherung-banner-2-1024x576.jpg 1024w, https:\/\/uelzener.de\/magazin\/app\/uploads\/2024\/02\/katzenversicherung-banner-2-768x432.jpg 768w, https:\/\/uelzener.de\/magazin\/app\/uploads\/2024\/02\/katzenversicherung-banner-2-1536x864.jpg 1536w, https:\/\/uelzener.de\/magazin\/app\/uploads\/2024\/02\/katzenversicherung-banner-2-1026x577.jpg 1026w, https:\/\/uelzener.de\/magazin\/app\/uploads\/2024\/02\/katzenversicherung-banner-2-668x376.jpg 668w, https:\/\/uelzener.de\/magazin\/app\/uploads\/2024\/02\/katzenversicherung-banner-2.jpg 1778w\" sizes=\"(max-width: 300px) 100vw, 300px\" \/>    <\/a>\n<\/div>\n\n<ul>\n<li>Die Katzen-Krankenversicherung (KV-Versicherung): Die Kranken-Versicherung ist umfangreicher als die OP-Versicherung. Sie \u00fcbernimmt die Kosten f\u00fcr ambulante und station\u00e4re Behandlungen. Damit deckt die Katzenversicherung alle wichtigen Leistungen im Krankheitsfall sowie Vorsorgeuntersuchungen ab. Au\u00dferdem beinhaltet sie alle Leistungen der OP-Versicherung. Auf diese Weise ist die gesundheitliche Vorsorge rundum gesichert.<\/li>\n<\/ul>\n\n<div class=\"banner\">\n    <a href=\"https:\/\/uelzener.de\/katze\/katzen-krankenversicherung\/?agt=0000104925&sem=true&utm_medium=magazin&utm_source=wordpress&utm_campaign=katze_kv&utm_content=banner\">\n        <img decoding=\"async\" width=\"300\" height=\"212\" src=\"https:\/\/uelzener.de\/magazin\/app\/uploads\/2025\/01\/Katzen-Kranken-Versicherung.jpg\" class=\"attachment-medium size-medium\" alt=\"Banner Katzen-Kranken-Versicherung\" \/>    <\/a>\n<\/div>\n\n<ul>\n<li>Die Zahnversicherung f\u00fcr Katzen der Uelzener Versicherungen bietet umfassenden Versicherungsschutz bei medizinisch notwendigen Operationen und Behandlungen aufgrund von Kiefer- oder Zahnerkrankungen deiner Katze.<\/li>\n<\/ul>\n\n<div class=\"banner\">\n    <a href=\"https:\/\/uelzener.de\/katze\/katzen-zahn-versicherung\/?agt=0000104925&sem=true&utm_medium=magazin&utm_source=wordpress&utm_campaign=katze_zahn&utm_content=banner\">\n        <img decoding=\"async\" width=\"300\" height=\"212\" src=\"https:\/\/uelzener.de\/magazin\/app\/uploads\/2025\/08\/Katzen-Zahn-Versicherung.jpg\" class=\"attachment-medium size-medium\" alt=\"Banner Katzen-Zahn-Versicherung\" \/>    <\/a>\n<\/div>\n\n<ul>\n<li>Eine Haftpflichtversicherung braucht deine Katze \u00fcbrigens nicht. Denn sie ist in der Privathaftpflichtversicherung mitversichert.<\/li>\n<\/ul>\n<p>Nun kennst du die Optionen: Es gibt mit der OP-Versicherung und der Krankenversicherung zwei Versicherungen, mit denen du deine Katze gegen gesundheitliche Probleme absichern kannst. F\u00fcr eine gute Entscheidung w\u00e4gst du am besten Vor- und Nachteile \u00fcberlegt gegeneinander ab. Doch was sind die Vor- bzw. Nachteile einer Versicherung?<\/p>\n<h2>Vorteile einer Katzenversicherung<\/h2>\n<p>Der medizinische Fortschritt ist, \u00e4hnlich wie in der Humanmedizin, auch in der Veterin\u00e4rmedizin immer weiter vorangeschritten. Bildgebende Verfahren erm\u00f6glichen sehr viel hochwertigere Untersuchungsergebnisse. Und auch in der Behandlung von Krankheiten und Verletzungen gibt es heute bessere M\u00f6glichkeiten als vor vielen Jahren. So k\u00f6nnen Tier\u00e4rzt:innen auch Katzen heutzutage viel wirkungsvoller mit den neueren Untersuchungs-, Behandlungs- und Operationsmethoden helfen. Leider geht mit dieser sehr positiven Entwicklung ein Anstieg der Kosten f\u00fcr die tiermedizinische Versorgung einher. Eine Katzenversicherung hilft, diese finanzielle Belastung abzufedern.<\/p>\n<p>Dies hat viel Vorteile:<\/p>\n<ul>\n<li>Das Wohlergehen der geliebten Katze steht beim Tierarztbesuch im Vordergrund. Nicht die Sorge, ob man sich die bestm\u00f6gliche tiermedizinische Versorgung f\u00fcr sein Tier leisten kann. Die Entscheidung f\u00fcr eine empfohlene Untersuchung oder Behandlung f\u00e4llt dadurch leichter.<\/li>\n<li>Chronische Erkrankungen k\u00f6nnen zu einer finanziellen Dauerbelastung werden. Neben den Sorgen um das geliebte Tier, braucht man sich mit einer guten Katzen-Krankenversicherung nicht noch vor einer finanziellen \u00dcberlastung zu f\u00fcrchten.<\/li>\n<li>Bei einer, mitunter auch sehr teuren, Behandlung \u00fcbernimmt die Katzenversicherung die Kosten. Und zwar unabh\u00e4ngig davon, wie viel man bereits in die Versicherung eingezahlt hat.<\/li>\n<li>Gerade bei der Versicherung einer jungen Katze sind und bleiben die Beitr\u00e4ge vergleichsweise niedrig. So bleibt die finanzielle Belastung \u00fcberschaubar.<\/li>\n<li>Eine Katzenversicherung macht die Kosten f\u00fcr die Gesundheit des geliebten Tieres kalkulierbar.<\/li>\n<li>Bei begrenzten finanziellen M\u00f6glichkeiten stellt eine verl\u00e4ssliche Versicherung die Gesundheitsf\u00fcrsorge f\u00fcr die geliebte Katze sicher.<\/li>\n<li>Krankheiten oder Unf\u00e4lle kommen h\u00e4ufig ungeplant. Neben der Sorge um das Wohlergehen des Tieres, sind eventuelle finanzielle Sorgen kein Thema mehr.<\/li>\n<\/ul>\n<p>Gibt es neben vielen Vorteilen auch Nachteile f\u00fcr eine Katzenversicherung?<\/p>\n<h2>Nachteile<\/h2>\n<p>Der gro\u00dfe Nachteil einer Katzenversicherung besteht darin, dass man wom\u00f6glich \u00fcber viele Jahre viel Geld bezahlt, diese Summe aber w\u00e4hrend dieser Zeit f\u00fcr Tierarzt- und Medikamentenkosten gar nicht h\u00e4tte auszugeben brauchen. Da erscheint vielleicht die Alternative eines \u201eSparstrumpfs\u201c f\u00fcr die Tierarzt- und Medikamentkosten attraktiv.<\/p>\n<h2>Welche Alternativen zur Katzenkrankenversicherung gibt es?<\/h2>\n<p>Wer keine Versicherung abschlie\u00dfen m\u00f6chte, beschlie\u00dft klugerweise, sich monatlich einen bestimmten Betrag zur Seite zu legen. Doch der alt bekannte Sparstrumpf h\u00e4lt in der Praxis oft leider nicht, was er verspricht.<\/p>\n<p>Ist er zum Zeitpunkt einer notwendigen Behandlung noch nicht ausreichend gef\u00fcllt, kann er zu schwierigen Entscheidungen zwingen. Im Falle einer notwendigen tier\u00e4rztlichen Behandlung muss vielleicht auf den Urlaub verzichtet werden oder es eine \u201eeigentlich\u201c notwendige Anschaffungen, wie eine Autoreparatur, aufgeschoben werden. Schwieriger wird es noch, wenn eine l\u00e4ngere oder zweite Behandlung erforderlich ist.<\/p>\n<p>Ein Beispiel:<\/p>\n<p>Eine Zahnextraktion geh\u00f6rt zu den h\u00e4ufigsten Operationen bei Katzen. In vielen F\u00e4llen wird sie n\u00f6tig, wenn die Stubentiger unter der sehr oft auftretenden Erkrankung FORL leiden. Bei dieser schmerzhaften, fortschreitenden und unheilbaren Zahnerkrankung ist die Zahnextraktion die einzige Behandlungsm\u00f6glichkeit. Bei langsamem Fortschreiten der Krankheit k\u00f6nnen bis zu f\u00fcnf Operationen n\u00f6tig sein. Die Operationen kosten jeweils, je nachdem wie aufw\u00e4ndig sie sind und wo sie durchgef\u00fchrt werden, zwischen 500 Euro und 2000 Euro. Eine Katzenversicherung sichert einen gegen finanzielle Risiken ab.<\/p>\n<p>Der \u201eSparstrumpf\u201c bietet lediglich eine M\u00f6glichkeit, sich einen Puffer zu verschaffen, jedoch keine ernsthafte Alternative zu einer Krankenversicherung, die unabh\u00e4ngig von der eingezahlten Summe zahlt.<\/p>\n\n<div class=\"related_articles boxed\">\n    <h2>Mehr zum Thema<\/h2>\n    \n    <div class=\"wrapper\"><div class=\"title align-center\"><h3><a href=\"https:\/\/uelzener.de\/magazin\/katze\/haeufige-fragen\/katzenversicherung-fuer-2-katzen\/\">Zweitkatze: 2 Katzen versichern<\/a><\/h3><\/div><div class=\"img align-center\"><img decoding=\"async\" width=\"315\" height=\"180\" src=\"https:\/\/uelzener.de\/magazin\/app\/uploads\/2023\/03\/zwei-katzen-315x180.jpg\" class=\"attachment-315x180 size-315x180 wp-post-image\" alt=\"Zwei Katzen schmusen miteinander. Ob beide eine Katzenversicherung haben?\" \/><\/div><\/div><div class=\"wrapper\"><div class=\"title align-center\"><h3><a href=\"https:\/\/uelzener.de\/magazin\/katze\/tiergesundheit\/forl-zahnextraktion-bei-katzen\/\">FORL: Wenn die Zahnextraktion Katzenleben retten kann<\/a><\/h3><\/div><div class=\"img align-center\"><img decoding=\"async\" width=\"315\" height=\"180\" src=\"https:\/\/uelzener.de\/magazin\/app\/uploads\/2023\/01\/forl-zahnextraktion-bei-katzen-315x180.jpg\" class=\"attachment-315x180 size-315x180 wp-post-image\" alt=\"Katze wird auf FORL untersucht. Eventuell wird eine Zahnextraktion n\u00f6tig.\" \/><\/div><\/div><div class=\"wrapper\"><div class=\"title align-center\"><h3><a href=\"https:\/\/uelzener.de\/magazin\/katze\/tiergesundheit\/haeufigste-krankheiten-unfaelle-bei-katzen\/\">Die h\u00e4ufigsten Krankheiten und Unf\u00e4lle bei Katzen<\/a><\/h3><\/div><div class=\"img align-center\"><img decoding=\"async\" width=\"315\" height=\"180\" src=\"https:\/\/uelzener.de\/magazin\/app\/uploads\/2026\/01\/haeufige-krankheiten-unfaelle-bei-katzen-315x180.jpg\" class=\"attachment-315x180 size-315x180 wp-post-image\" alt=\"Katze beim Arzt.\" \/><\/div><\/div><\/div>\n\n<h2>Fazit<\/h2>\n<p>Unf\u00e4lle oder Krankheiten k\u00f6nnen nicht immer verhindert werden. Mit einer Katzenversicherung ist man auf das Schlimmste gut vorbereitet. Neben den Sorgen um die kranke Katze, braucht man sich den Kopf nicht wegen Tierarztkosten zu zerbrechen. Katzenhalter:innen k\u00f6nnen ihren Alltag mit dem vierbeinigen Liebling aus ganzem Herzen genie\u00dfen. Denn sie sind auf das Schlimmste bestens vorbereitet. Dem unbeschwerten Zusammenleben, voll Freude, N\u00e4he und Zuneigung steht nichts mehr im Weg.<\/p>\n<h2>FAQ: H\u00e4ufig gestellte Fragen<\/h2>\n<h3>Ab wann lohnt sich eine Katzenversicherung?<\/h3>\n<p>Eine Katzenversicherung lohnt sich immer dann:<\/p>\n<ul>\n<li>Wenn man bei Krankheiten und Verletzungen des geliebten Stubentigers, auf finanzielle Sorgen wegen der tiermedizinischen Versorgung verzichten m\u00f6chte.<\/li>\n<li>Wenn man nicht mehrere tausend Euro auf der hohen Kante hat, um im allerschlimmsten Fall der F\u00e4lle, eine teure tiermedizinische Behandlung bezahlen zu k\u00f6nnen.<\/li>\n<li>Wenn man nicht m\u00f6chte, dass man sich bei der Behandlungsempfehlung des oder der Tier\u00e4rzt:in aus finanziellen Gr\u00fcnden gegen einen Eingriff oder eine Behandlung entscheiden muss.<\/li>\n<li>Wenn man das Leben mit dem Stubentiger unbeschwert genie\u00dfen m\u00f6chte, ohne dauernd Sorge zu haben, dass etwas passieren k\u00f6nnte, was einen finanziell \u00fcberfordert.<\/li>\n<\/ul>\n<p>Hinter der Frage \u201eLohnt sich eine Katzenversicherung?\u201c steckt oft die unterschwellige Frage: Lohnt sich die Versicherung finanziell? Diese Frage kann niemand beantworten, weil niemand wei\u00df, welche gesundheitlichen Probleme auf eine Katze zukommen k\u00f6nnen.<\/p>\n<h3>Brauchen Katzen denn eine Haftpflichtversicherung?<\/h3>\n<p>Katzen sind als zahme Haustiere, wie beispielsweise Hamster oder Meerschweinchen, in der Privathaftpflichtversicherung mitversichert. Daher ben\u00f6tigen Katzen keine eigene Haftpflichtversicherung.<\/p>\n<h3>Und ab wie viel kostet eine Versicherung f\u00fcr Katzen?<\/h3>\n<p>Eine OP-Versicherung bekommt man bereits f\u00fcr unter 10 Euro monatlich. Eine Katzen-Krankenversicherung l\u00e4sst sich f\u00fcr knapp \u00fcber 30 Euro monatlich abschlie\u00dfen.<\/p>\n","protected":false},"excerpt":{"rendered":"<p>\u00dcberlegst du eine Katzenversicherung abzuschlie\u00dfen? Dann lohnt es sich, eine bewusste Entscheidung zu treffen. Denn nichts ist schlimmer als sp\u00e4ter zu bereuen, sich falsch entschieden zu haben. Hier findest du alles, was du f\u00fcr eine gute Entscheidung hinsichtlich einer Katzenversicherung brauchst. Welche Versicherungen f\u00fcr Katzen gibt es \u00fcberhaupt? Zu Beginn einer guten Entscheidung steht das [&hellip;]<\/p>\n","protected":false},"author":11,"featured_media":14855,"parent":11691,"menu_order":0,"comment_status":"closed","ping_status":"closed","template":"templates\/blog.php","meta":{"_acf_changed":false,"_crdt_document":"","footnotes":"","beyondwords_generate_audio":"0","beyondwords_project_id":"","beyondwords_content_id":"","beyondwords_preview_token":"","beyondwords_player_style":"","beyondwords_language_id":"","beyondwords_title_voice_id":"","beyondwords_body_voice_id":"","beyondwords_summary_voice_id":"","beyondwords_error_message":"","beyondwords_disabled":"","beyondwords_delete_content":"","beyondwords_podcast_id":"","beyondwords_hash":"","publish_post_to_speechkit":"","speechkit_hash":"","speechkit_generate_audio":"","speechkit_project_id":"","speechkit_podcast_id":"","speechkit_error_message":"","speechkit_disabled":"","speechkit_access_key":"","speechkit_error":"","speechkit_info":"","speechkit_response":"","speechkit_retries":"","speechkit_status":"","speechkit_updated_at":"","_speechkit_link":"","_speechkit_text":""},"class_list":["post-14849","page","type-page","status-publish","has-post-thumbnail","hentry"],"acf":[],"yoast_head":"<!-- This site is optimized with the Yoast SEO Premium plugin  - https:\/\/yoast.com\/product\/yoast-seo-premium-wordpress\/ -->\n<title>Katze versichern: Ja oder nein. Alle Vor- und Nachteile | Uelzener Magazin<\/title>\n<meta name=\"description\" content=\"Wann lohnt sich eine Katzenversicherung? Erfahre alles, was du wissen musst, und triff eine gute Entscheidung.\" \/>\n<meta name=\"robots\" content=\"index, follow, max-snippet:-1, max-image-preview:large, max-video-preview:-1\" \/>\n<link rel=\"canonical\" href=\"https:\/\/uelzener.de\/magazin\/katze\/haeufige-fragen\/katze-versichern-ja-oder-nein\/\" \/>\n<meta property=\"og:locale\" content=\"de_DE\" \/>\n<meta property=\"og:type\" content=\"article\" \/>\n<meta property=\"og:title\" content=\"Katze versichern: Ja oder nein. Alle Vor- und Nachteile\" \/>\n<meta property=\"og:description\" content=\"Wann lohnt sich eine Katzenversicherung? Erfahre alles, was du wissen musst, und triff eine gute Entscheidung.\" \/>\n<meta property=\"og:url\" content=\"https:\/\/uelzener.de\/magazin\/katze\/haeufige-fragen\/katze-versichern-ja-oder-nein\/\" \/>\n<meta property=\"og:site_name\" content=\"Uelzener Tier-Magazin\" \/>\n<meta property=\"article:publisher\" content=\"https:\/\/www.facebook.com\/Uelzener\" \/>\n<meta property=\"article:modified_time\" content=\"2026-01-06T17:09:01+00:00\" \/>\n<meta property=\"og:image\" content=\"https:\/\/uelzener.de\/magazin\/app\/uploads\/2023\/01\/katze-strasse.jpg\" \/>\n\t<meta property=\"og:image:width\" content=\"1025\" \/>\n\t<meta property=\"og:image:height\" content=\"450\" \/>\n\t<meta property=\"og:image:type\" content=\"image\/jpeg\" \/>\n<meta name=\"twitter:card\" content=\"summary_large_image\" \/>\n<meta name=\"twitter:label1\" content=\"Gesch\u00e4tzte Lesezeit\" \/>\n\t<meta name=\"twitter:data1\" content=\"6\u00a0Minuten\" \/>\n<script type=\"application\/ld+json\" class=\"yoast-schema-graph\">{\"@context\":\"https:\/\/schema.org\",\"@graph\":[{\"@type\":\"WebPage\",\"@id\":\"https:\/\/uelzener.de\/magazin\/katze\/haeufige-fragen\/katze-versichern-ja-oder-nein\/\",\"url\":\"https:\/\/uelzener.de\/magazin\/katze\/haeufige-fragen\/katze-versichern-ja-oder-nein\/\",\"name\":\"Katze versichern: Ja oder nein. Alle Vor- und Nachteile | Uelzener Magazin\",\"isPartOf\":{\"@id\":\"https:\/\/uelzener.de\/magazin\/#website\"},\"primaryImageOfPage\":{\"@id\":\"https:\/\/uelzener.de\/magazin\/katze\/haeufige-fragen\/katze-versichern-ja-oder-nein\/#primaryimage\"},\"image\":{\"@id\":\"https:\/\/uelzener.de\/magazin\/katze\/haeufige-fragen\/katze-versichern-ja-oder-nein\/#primaryimage\"},\"thumbnailUrl\":\"https:\/\/uelzener.de\/magazin\/app\/uploads\/2023\/01\/katze-strasse.jpg\",\"datePublished\":\"2023-01-31T12:08:40+00:00\",\"dateModified\":\"2026-01-06T17:09:01+00:00\",\"description\":\"Wann lohnt sich eine Katzenversicherung? Erfahre alles, was du wissen musst, und triff eine gute Entscheidung.\",\"breadcrumb\":{\"@id\":\"https:\/\/uelzener.de\/magazin\/katze\/haeufige-fragen\/katze-versichern-ja-oder-nein\/#breadcrumb\"},\"inLanguage\":\"de\",\"potentialAction\":[{\"@type\":\"ReadAction\",\"target\":[\"https:\/\/uelzener.de\/magazin\/katze\/haeufige-fragen\/katze-versichern-ja-oder-nein\/\"]}]},{\"@type\":\"ImageObject\",\"inLanguage\":\"de\",\"@id\":\"https:\/\/uelzener.de\/magazin\/katze\/haeufige-fragen\/katze-versichern-ja-oder-nein\/#primaryimage\",\"url\":\"https:\/\/uelzener.de\/magazin\/app\/uploads\/2023\/01\/katze-strasse.jpg\",\"contentUrl\":\"https:\/\/uelzener.de\/magazin\/app\/uploads\/2023\/01\/katze-strasse.jpg\",\"width\":1025,\"height\":450,\"caption\":\"Katze l\u00e4uft an der Stra\u00dfe entlang. Eine Versicherung sch\u00fctzt, wenn etwas passiert.\"},{\"@type\":\"WebSite\",\"@id\":\"https:\/\/uelzener.de\/magazin\/#website\",\"url\":\"https:\/\/uelzener.de\/magazin\/\",\"name\":\"Uelzener Tiermagazin\",\"description\":\"Online Tierratgeber der Uelzener Versicherungen\",\"publisher\":{\"@id\":\"https:\/\/uelzener.de\/magazin\/#organization\"},\"potentialAction\":[{\"@type\":\"SearchAction\",\"target\":{\"@type\":\"EntryPoint\",\"urlTemplate\":\"https:\/\/uelzener.de\/magazin\/?s={search_term_string}\"},\"query-input\":{\"@type\":\"PropertyValueSpecification\",\"valueRequired\":true,\"valueName\":\"search_term_string\"}}],\"inLanguage\":\"de\"},{\"@type\":\"Organization\",\"@id\":\"https:\/\/uelzener.de\/magazin\/#organization\",\"name\":\"Uelzener Versicherungen\",\"url\":\"https:\/\/uelzener.de\/magazin\/\",\"logo\":{\"@type\":\"ImageObject\",\"inLanguage\":\"de\",\"@id\":\"https:\/\/uelzener.de\/magazin\/#\/schema\/logo\/image\/\",\"url\":\"https:\/\/uelzener.de\/magazin\/app\/uploads\/2024\/11\/uelzener_allgemeine_versicherungsgesellschaft_a_g_logo.jpg\",\"contentUrl\":\"https:\/\/uelzener.de\/magazin\/app\/uploads\/2024\/11\/uelzener_allgemeine_versicherungsgesellschaft_a_g_logo.jpg\",\"width\":200,\"height\":200,\"caption\":\"Uelzener Versicherungen\"},\"image\":{\"@id\":\"https:\/\/uelzener.de\/magazin\/#\/schema\/logo\/image\/\"},\"sameAs\":[\"https:\/\/www.facebook.com\/Uelzener\",\"https:\/\/instagram.com\/uelzener\",\"https:\/\/www.xing.com\/pages\/uelzenerallgemeineversicherungs-gesellschafta-g\",\"https:\/\/www.youtube.com\/UelzenerVersicherungen\"]}]}<\/script>\n<!-- \/ Yoast SEO Premium plugin. -->","yoast_head_json":{"title":"Katze versichern: Ja oder nein. Alle Vor- und Nachteile | Uelzener Magazin","description":"Wann lohnt sich eine Katzenversicherung? Erfahre alles, was du wissen musst, und triff eine gute Entscheidung.","robots":{"index":"index","follow":"follow","max-snippet":"max-snippet:-1","max-image-preview":"max-image-preview:large","max-video-preview":"max-video-preview:-1"},"canonical":"https:\/\/uelzener.de\/magazin\/katze\/haeufige-fragen\/katze-versichern-ja-oder-nein\/","og_locale":"de_DE","og_type":"article","og_title":"Katze versichern: Ja oder nein. Alle Vor- und Nachteile","og_description":"Wann lohnt sich eine Katzenversicherung? Erfahre alles, was du wissen musst, und triff eine gute Entscheidung.","og_url":"https:\/\/uelzener.de\/magazin\/katze\/haeufige-fragen\/katze-versichern-ja-oder-nein\/","og_site_name":"Uelzener Tier-Magazin","article_publisher":"https:\/\/www.facebook.com\/Uelzener","article_modified_time":"2026-01-06T17:09:01+00:00","og_image":[{"width":1025,"height":450,"url":"https:\/\/uelzener.de\/magazin\/app\/uploads\/2023\/01\/katze-strasse.jpg","type":"image\/jpeg"}],"twitter_card":"summary_large_image","twitter_misc":{"Gesch\u00e4tzte Lesezeit":"6\u00a0Minuten"},"schema":{"@context":"https:\/\/schema.org","@graph":[{"@type":"WebPage","@id":"https:\/\/uelzener.de\/magazin\/katze\/haeufige-fragen\/katze-versichern-ja-oder-nein\/","url":"https:\/\/uelzener.de\/magazin\/katze\/haeufige-fragen\/katze-versichern-ja-oder-nein\/","name":"Katze versichern: Ja oder nein. Alle Vor- und Nachteile | Uelzener Magazin","isPartOf":{"@id":"https:\/\/uelzener.de\/magazin\/#website"},"primaryImageOfPage":{"@id":"https:\/\/uelzener.de\/magazin\/katze\/haeufige-fragen\/katze-versichern-ja-oder-nein\/#primaryimage"},"image":{"@id":"https:\/\/uelzener.de\/magazin\/katze\/haeufige-fragen\/katze-versichern-ja-oder-nein\/#primaryimage"},"thumbnailUrl":"https:\/\/uelzener.de\/magazin\/app\/uploads\/2023\/01\/katze-strasse.jpg","datePublished":"2023-01-31T12:08:40+00:00","dateModified":"2026-01-06T17:09:01+00:00","description":"Wann lohnt sich eine Katzenversicherung? Erfahre alles, was du wissen musst, und triff eine gute Entscheidung.","breadcrumb":{"@id":"https:\/\/uelzener.de\/magazin\/katze\/haeufige-fragen\/katze-versichern-ja-oder-nein\/#breadcrumb"},"inLanguage":"de","potentialAction":[{"@type":"ReadAction","target":["https:\/\/uelzener.de\/magazin\/katze\/haeufige-fragen\/katze-versichern-ja-oder-nein\/"]}]},{"@type":"ImageObject","inLanguage":"de","@id":"https:\/\/uelzener.de\/magazin\/katze\/haeufige-fragen\/katze-versichern-ja-oder-nein\/#primaryimage","url":"https:\/\/uelzener.de\/magazin\/app\/uploads\/2023\/01\/katze-strasse.jpg","contentUrl":"https:\/\/uelzener.de\/magazin\/app\/uploads\/2023\/01\/katze-strasse.jpg","width":1025,"height":450,"caption":"Katze l\u00e4uft an der Stra\u00dfe entlang. Eine Versicherung sch\u00fctzt, wenn etwas passiert."},{"@type":"WebSite","@id":"https:\/\/uelzener.de\/magazin\/#website","url":"https:\/\/uelzener.de\/magazin\/","name":"Uelzener Tiermagazin","description":"Online Tierratgeber der Uelzener Versicherungen","publisher":{"@id":"https:\/\/uelzener.de\/magazin\/#organization"},"potentialAction":[{"@type":"SearchAction","target":{"@type":"EntryPoint","urlTemplate":"https:\/\/uelzener.de\/magazin\/?s={search_term_string}"},"query-input":{"@type":"PropertyValueSpecification","valueRequired":true,"valueName":"search_term_string"}}],"inLanguage":"de"},{"@type":"Organization","@id":"https:\/\/uelzener.de\/magazin\/#organization","name":"Uelzener Versicherungen","url":"https:\/\/uelzener.de\/magazin\/","logo":{"@type":"ImageObject","inLanguage":"de","@id":"https:\/\/uelzener.de\/magazin\/#\/schema\/logo\/image\/","url":"https:\/\/uelzener.de\/magazin\/app\/uploads\/2024\/11\/uelzener_allgemeine_versicherungsgesellschaft_a_g_logo.jpg","contentUrl":"https:\/\/uelzener.de\/magazin\/app\/uploads\/2024\/11\/uelzener_allgemeine_versicherungsgesellschaft_a_g_logo.jpg","width":200,"height":200,"caption":"Uelzener Versicherungen"},"image":{"@id":"https:\/\/uelzener.de\/magazin\/#\/schema\/logo\/image\/"},"sameAs":["https:\/\/www.facebook.com\/Uelzener","https:\/\/instagram.com\/uelzener","https:\/\/www.xing.com\/pages\/uelzenerallgemeineversicherungs-gesellschafta-g","https:\/\/www.youtube.com\/UelzenerVersicherungen"]}]}},"_links":{"self":[{"href":"https:\/\/uelzener.de\/magazin\/wp-json\/wp\/v2\/pages\/14849","targetHints":{"allow":["GET"]}}],"collection":[{"href":"https:\/\/uelzener.de\/magazin\/wp-json\/wp\/v2\/pages"}],"about":[{"href":"https:\/\/uelzener.de\/magazin\/wp-json\/wp\/v2\/types\/page"}],"author":[{"embeddable":true,"href":"https:\/\/uelzener.de\/magazin\/wp-json\/wp\/v2\/users\/11"}],"replies":[{"embeddable":true,"href":"https:\/\/uelzener.de\/magazin\/wp-json\/wp\/v2\/comments?post=14849"}],"version-history":[{"count":13,"href":"https:\/\/uelzener.de\/magazin\/wp-json\/wp\/v2\/pages\/14849\/revisions"}],"predecessor-version":[{"id":19688,"href":"https:\/\/uelzener.de\/magazin\/wp-json\/wp\/v2\/pages\/14849\/revisions\/19688"}],"up":[{"embeddable":true,"href":"https:\/\/uelzener.de\/magazin\/wp-json\/wp\/v2\/pages\/11691"}],"wp:featuredmedia":[{"embeddable":true,"href":"https:\/\/uelzener.de\/magazin\/wp-json\/wp\/v2\/media\/14855"}],"wp:attachment":[{"href":"https:\/\/uelzener.de\/magazin\/wp-json\/wp\/v2\/media?parent=14849"}],"curies":[{"name":"wp","href":"https:\/\/api.w.org\/{rel}","templated":true}]}}