{"id":14843,"date":"2023-01-31T11:58:46","date_gmt":"2023-01-31T10:58:46","guid":{"rendered":"https:\/\/uelzener.de\/magazin\/?page_id=14843"},"modified":"2025-08-05T14:58:35","modified_gmt":"2025-08-05T12:58:35","slug":"hydrocephalus-bei-katzen","status":"publish","type":"page","link":"https:\/\/uelzener.de\/magazin\/katze\/tiergesundheit\/hydrocephalus-bei-katzen\/","title":{"rendered":"Hydrocephalus bei Katzen: Symptome, Behandlung und Kosten"},"content":{"rendered":"<p>Hydrocephalus, der Wasserkopf, ist eine sehr schmerzhafte und unbehandelt leider lebensbedrohliche Krankheit. Je fr\u00fcher Symptome erkannt und eine Diagnose gestellt werden kann, desto gr\u00f6\u00dfer sind die Chancen, mit einer Operation, das Leben des geliebten Vierbeiners zu retten. Hier erf\u00e4hrst du, wie es zu einem Hydrocephalus kommt, welche Symptome eine erkrankte Katze zeigt und welche Behandlungsm\u00f6glichkeit es gibt.<\/p>\n<h2>Definition und Symptome<\/h2>\n<p>Hydrocephalus, auch als \u201eWasserkopf\u201c bekannt, ist eine schwerwiegende Erkrankung des Kopfes. Die Erkrankung wird mittels Magnetresonanztomographie (MRT) diagnostiziert oder ist von au\u00dfen zu erkennen.<\/p>\n<p>Bei einem Hydrocephalus steigt der Druck innerhalb des Sch\u00e4dels aufgrund einer vermehrten Menge an Liquor. Liquor ist eine im Gehirn und R\u00fcckenmark vorkommende Fl\u00fcssigkeit, die in Hohlr\u00e4umen, den Ventrikeln, von Adergeflechten, den sogenannten Plex\u016bs chorioides, gebildet wird.<\/p>\n<p>Bei einem gesunden K\u00f6rper wird das Liquor, im gleichen Ma\u00dfe wie es gebildet wird, wieder vom K\u00f6rper aufgenommen. Bei einem Hydrocephalus ist diese Funktion gest\u00f6rt, sodass sich Liquor vermehrt im Sch\u00e4del ansammelt und so Druck auf die Sch\u00e4deldecke und das Gehirn aus\u00fcbt.<\/p>\n<p>Ein Hydrocephalus ist in den meisten F\u00e4llen angeboren (prim\u00e4rer Hydrocephalus), kann jedoch auch als erworbener sekund\u00e4rer Hydrocephalus durch Abflussst\u00f6rungen der Fl\u00fcssigkeit im Gehirn, Tumore, Hirnhautentz\u00fcndungen und \u00e4u\u00dfere Gewalteinwirkung (Trauma) entstehen.<\/p>\n<p>Bei einem angeborenen Hydrocephalus treten die Symptome in aller Regel bereits bei jungen Katzen auf:<\/p>\n<ul>\n<li>Der Sch\u00e4del verformt sich durch den Druck des Liquors. (Die Verbindungen zwischen den Sch\u00e4delknochen sind bei jungen Tieren noch nicht geschlossen.)<\/li>\n<li>M\u00fcdigkeit<\/li>\n<li>Schielen<\/li>\n<li>Nachlassende Sehkraft bis hin zur Erblindung<\/li>\n<li>Kopfschmerzen<\/li>\n<li>Bewegungsst\u00f6rungen (Probleme beim Gehen, Aufrichten, Koordination der Gliedma\u00dfen)<\/li>\n<li>Verz\u00f6gertes Wachstum<\/li>\n<\/ul>\n<p>Ein erworbenen Hydrocephalus kann sich das gesamte Katzenleben hindurch ausbilden. Da die Sch\u00e4deln\u00e4hte dann bereits geschlossen sind, kann sich der Sch\u00e4del nicht mehr vergr\u00f6\u00dfern. Der innere Druck sorgt zumeist f\u00fcr schneller auftretende Symptome. Es es kann unter anderem zu epileptischen Anf\u00e4llen unterschiedlichen Ausma\u00dfes kommen, die sich in Verhaltensst\u00f6rungen, St\u00f6rungen in der Sensorik, St\u00f6rungen in der Bewegung, Bewusstseinsst\u00f6rungen bis hin zur Bewusstlosigkeit \u00e4u\u00dfern.<\/p>\n<h3>Formen des Hydrocephalus<\/h3>\n<p>Man unterscheidet verschiedene Formen von Hydrocephalus. Je nach Form sammelt sich das Liquor in den Ventrikeln (Hydrocephalus internus), in den inneren und \u00e4u\u00dferen Liquorr\u00e4umen (Hydrocephalus ex vacuo) oder im Gehirn bilden sich Hohlr\u00e4ume, die sich mit Liquor f\u00fcllen (Porencephalie) .<\/p>\n<h3>Wasserkopf tritt h\u00e4ufiger bei diesen Rassen auf<\/h3>\n<p>Besonders kurzk\u00f6pfige und kurznasige Katzen sind anf\u00e4llig f\u00fcr die Entstehung eines Hydrozephalus. Darunter fallen beispielsweise folgende Rassen:<\/p>\n<ul>\n<li>Munchkin-Katze<\/li>\n<li>K\u00e4nguru-Katze<\/li>\n<li>Perser-Katze<\/li>\n<\/ul>\n<p>Bei den sogenannten Qualzuchten Munchkin-Katze und K\u00e4nguru-Katze ist ein Wasserkopf sogar erw\u00fcnschtes Rassemerkmal.<\/p>\n\n<div class=\"related_articles boxed\">\n    <h2>Mehr zum Thema<\/h2>\n    \n    <div class=\"wrapper\"><div class=\"title align-center\"><h3><a href=\"https:\/\/uelzener.de\/magazin\/katze\/rasseportrait\/munchkin-katze\/\">Munchkin-Katze: Faszinierender Anblick, ernstes Problem<\/a><\/h3><\/div><div class=\"img align-center\"><img decoding=\"async\" width=\"315\" height=\"180\" src=\"https:\/\/uelzener.de\/magazin\/app\/uploads\/2025\/07\/muchkin-katze-315x180.jpg\" class=\"attachment-315x180 size-315x180 wp-post-image\" alt=\"Wei\u00dfe Munchkin-Katze auf einem Spazierweg.\" \/><\/div><\/div><div class=\"wrapper\"><div class=\"title align-center\"><h3><a href=\"https:\/\/uelzener.de\/magazin\/katze\/haltung\/was-kostet-eine-katze-im-monat\/\">Was kostet eine Katze im Monat? Von der Anschaffung bis zum Zubeh\u00f6r<\/a><\/h3><\/div><div class=\"img align-center\"><img decoding=\"async\" width=\"315\" height=\"180\" src=\"https:\/\/uelzener.de\/magazin\/app\/uploads\/2025\/07\/katze-kosten-pro-monat-315x180.jpg\" class=\"attachment-315x180 size-315x180 wp-post-image\" alt=\"Wie viel kostet eine Katze pro Monat?\" \/><\/div><\/div><div class=\"wrapper\"><div class=\"title align-center\"><h3><a href=\"https:\/\/uelzener.de\/magazin\/katze\/haeufige-fragen\/qualzucht-bei-katzen\/\">Qualzucht bei Katzen: Darauf musst du achten<\/a><\/h3><\/div><div class=\"img align-center\"><img decoding=\"async\" width=\"315\" height=\"180\" src=\"https:\/\/uelzener.de\/magazin\/app\/uploads\/2023\/04\/qualzucht-bei-katzen-highland-fold-315x180.jpg\" class=\"attachment-315x180 size-315x180 wp-post-image\" alt=\"Highland Fold Katze mit gefalteten Ohren und kurzen Beinen. Diese Rasse geh\u00f6rt zu den Qualzuchten bei Katzen.\" \/><\/div><\/div><\/div>\n\n<h2>Ursache<\/h2>\n<p>Beim angeborenen prim\u00e4ren Hydrocephalus ist die Ursache unklar. Es kommt oft schon w\u00e4hrend der <a href=\"https:\/\/uelzener.de\/magazin\/katze\/haltung\/katze-traechtig-alles-infos-zur-schwangerschaft\/\">Tr\u00e4chtigkeit<\/a>, aber auch w\u00e4hrend der ersten Lebensmonate, zu einem Ungleichgewicht zwischen der Erzeugung des Liquor und dessen Wiederaufnahme durch den K\u00f6rper. Dieses kann unter anderem aufgrund von Hirnfehlbildungen und pr\u00e4natale Infektionen des Gehirns entstehen.<\/p>\n<p>Ein erworbener sekund\u00e4rer Hydrocephalus kann verschiedene Ursachen haben. So k\u00f6nnen Tumore, Hirnhautentz\u00fcndungen, \u00e4u\u00dfere Gewalteinwirkungen (Traumata) oder Zysten zu einem Wasserkopf f\u00fchren.<\/p>\n<h3>Medikament\u00f6se Behandlungen<\/h3>\n<p>Das Ziel einer medikament\u00f6sen Behandlung besteht darin, die Bildung des Liquor einzuschr\u00e4nken. Dadurch wird der Druck und somit auch die auftretende Symptomatik minimiert. Studien haben bedauerlicherweise nachgewiesen, dass die medikament\u00f6se Behandlung nicht dauerhaft erfolgreich ist.<\/p>\n<h3>Operation<\/h3>\n<p>Eine operative Behandlung ist vielversprechend, jedoch nur bei der Form des Hydrocephalus internus anwendbar. Hydrocephalus ex vacuo und Porencephalie k\u00f6nnen bedauerlicherweise nicht operativ behandelt werden.<\/p>\n<p>Bei der operativen Behandlung des Hydrozephalus wird die Sch\u00e4deldecke ge\u00f6ffnet und ein Schlauchsystem (Shunt) in den K\u00f6rper eingesetzt. Von einem im Gehirn sitzenden Ventrikelkatheter f\u00fchrt ein Schlauch unter der Haut bis in den Bauchraum. \u00dcber den Shunt wird das Liquor permanent in den Bauchraum umgeleitet, wo es dann wieder vom K\u00f6rper aufgenommen werden kann. Ein Ventil stellt eine dosierte Ableitung sicher.<\/p>\n<p>Nach der OP muss die Katze sorgf\u00e4ltig beobachtet werden. Denn der im Gehirn sitzende Ventrikelkatheter kann verstopfen. Als weitere Komplikationen k\u00f6nnen eine Hirnhautentz\u00fcndung oder Gehirnblutung auftreten. Werden diese erkannt, k\u00f6nnen sie jedoch behandelt werden.<\/p>\n<h2>Operationskosten<\/h2>\n<p>Die Kosten f\u00fcr eine Hydrocephalus-Operation h\u00e4ngen stark von Ursache und Behandlungsmethode ab. Als groben Richtwert kann man von Kosten in H\u00f6he von 4000 bis 5000 Euro ausgehen. Darin enthalten sind beispielsweise MRT, die \u00d6ffnung der Sch\u00e4deldecke, das Einsetzen des Schlauch-Systems zur Ableitung des Liquor, die f\u00fcr den Eingriff n\u00f6tigen T\u00e4tigkeiten und Materialien, die Narkose und die Vor- und Nachsorge.<\/p>\n<p>Solltest du daher unbedingt eine Katzenversicherung abschlie\u00dfen, ja oder nein? Die Kosten f\u00fcr einen Hydrocephalus-Operation werden nicht in jedem Fall von einer Tierkrankenversicherung \u00fcbernommen. So schlie\u00dft die Uelzener die Diagnose und Behandlung angeborener Fehlentwicklungen und deren Folgen sowohl in der OP- als auch Krankenversicherung aus. Sofern vor der Antragsstellung f\u00fcr die Versicherung bereits Symptome aufgetreten sind oder die Erkrankung bereits diagnostiziert worden ist, kommt es zu einem so genannten Leistungsausschluss und die Versicherung \u00fcbernimmt die Kosten nicht. Da Hydrocephalus in den meisten F\u00e4llen eine angeborene Erkrankung oder eine Folge einer angeborenen Erkrankung ist, geht mit einer Hydrocephalus-Operationen eine verl\u00e4ngerte Wartezeit einher. In aller Regel von mindestens einem Jahr. Insofern die Erkrankung vor Antragsstellung der Versicherung nicht bekannt war, w\u00fcrde die Versicherung die Kosten f\u00fcr eine diesbez\u00fcgliche Operation nach einem Jahr in aller Regel \u00fcbernehmen.<\/p>\n<p>Die eher selten vorkommende erworbene Form des Hydrocephalus, beispielsweise aufgrund eines Hirntumors, ist, wenn die \u00fcbliche Wartezeit von 30 Tagen vor\u00fcber ist, mitversichert. Dann \u00fcbernimmt die Katzenversicherung die Kosten.<\/p>\n\n<div class=\"banner\">\n    <a href=\"https:\/\/uelzener.de\/katze?agt=0000104925&sem=true&utm_medium=magazin&utm_source=wordpress&utm_campaign=katze&utm_content=banner\">\n        <img decoding=\"async\" width=\"300\" height=\"212\" src=\"https:\/\/uelzener.de\/magazin\/app\/uploads\/2025\/01\/Katzenversicherung.jpg\" class=\"attachment-medium size-medium\" alt=\"Banner Katzenversicherung\" \/>    <\/a>\n<\/div>\n\n<h2>FAQ: H\u00e4ufig gestellte Fragen<\/h2>\n<h3>Wie ist die Lebenserwartung f\u00fcr Katzen bei Hydrocephalus?<\/h3>\n<p>Die Lebenserwartung ist davon abh\u00e4ngig, ob und wie der Hydrozephalus behandelt wird. Wird eine Operation durchgef\u00fchrt, bevor das Gehirn gesch\u00e4digt wurde, kann eine Katze durchaus noch zehn Jahre leben.<\/p>\n<h3>Ist Hydrocephalus bei Katzen vererbbar?<\/h3>\n<p>Der Hydrocephalus ist allermeistens eine angeborene Erkrankung oder eine Folge einer angeborenen Erkrankung. Bei Menschen konnten Zwillingsforschungen nachweisen, dass der Hydrocephalus vererbbar ist. Bei Hunden und Katzen fehlen bisher Studien zu den genetischen Grundlagen des Hydrozephalus.<\/p>\n<h3>Ist die Wasserkopf-Krankheit t\u00f6dlich?<\/h3>\n<p>Wird die Krankheit nicht behandelt, verl\u00e4uft sie in der Regel t\u00f6dlich. Falls Hydrocephalus nicht selbst zum Tode f\u00fchrt, geht es den Katzen auf lange Sicht so schlecht, dass sie eingeschl\u00e4fert werden m\u00fcssen.<\/p>\n<p>Du interessierst dich f\u00fcr die genetische Beziehung zwischen Mensch und Tier? Dann lies hier alles nach \u00fcber <a href=\"https:\/\/uelzener.de\/magazin\/katze\/haeufige-fragen\/dna-uebereinstimmung-katze-mensch\/\">D.N.A.-\u00dcbereinstimmung zwischen Katze und Menschen<\/a>.<\/p>\n","protected":false},"excerpt":{"rendered":"<p>Hydrocephalus, der Wasserkopf, ist eine sehr schmerzhafte und unbehandelt leider lebensbedrohliche Krankheit. Je fr\u00fcher Symptome erkannt und eine Diagnose gestellt werden kann, desto gr\u00f6\u00dfer sind die Chancen, mit einer Operation, das Leben des geliebten Vierbeiners zu retten. Hier erf\u00e4hrst du, wie es zu einem Hydrocephalus kommt, welche Symptome eine erkrankte Katze zeigt und welche Behandlungsm\u00f6glichkeit [&hellip;]<\/p>\n","protected":false},"author":11,"featured_media":14846,"parent":11712,"menu_order":41,"comment_status":"closed","ping_status":"closed","template":"templates\/blog.php","meta":{"_acf_changed":false,"_crdt_document":"","footnotes":"","beyondwords_generate_audio":"0","beyondwords_project_id":"","beyondwords_content_id":"","beyondwords_preview_token":"","beyondwords_player_style":"","beyondwords_language_id":"","beyondwords_title_voice_id":"","beyondwords_body_voice_id":"","beyondwords_summary_voice_id":"","beyondwords_error_message":"","beyondwords_disabled":"","beyondwords_delete_content":"","beyondwords_podcast_id":"","beyondwords_hash":"","publish_post_to_speechkit":"","speechkit_hash":"","speechkit_generate_audio":"","speechkit_project_id":"","speechkit_podcast_id":"","speechkit_error_message":"","speechkit_disabled":"","speechkit_access_key":"","speechkit_error":"","speechkit_info":"","speechkit_response":"","speechkit_retries":"","speechkit_status":"","speechkit_updated_at":"","_speechkit_link":"","_speechkit_text":""},"class_list":["post-14843","page","type-page","status-publish","has-post-thumbnail","hentry"],"acf":[],"yoast_head":"<!-- This site is optimized with the Yoast SEO Premium plugin  - https:\/\/yoast.com\/product\/yoast-seo-premium-wordpress\/ -->\n<title>Hydrocephalus bei Katzen: Symptome, Behandlung und Kosten | Uelzener Magazin<\/title>\n<meta name=\"description\" content=\"Wasserkopf bei Katzen erkennen und behandeln. Diese Operation kann ein gutes Leben trotz Hydrocephalus erm\u00f6glichen.\" \/>\n<meta name=\"robots\" content=\"index, follow, max-snippet:-1, max-image-preview:large, max-video-preview:-1\" \/>\n<link rel=\"canonical\" href=\"https:\/\/uelzener.de\/magazin\/katze\/tiergesundheit\/hydrocephalus-bei-katzen\/\" \/>\n<meta property=\"og:locale\" content=\"de_DE\" \/>\n<meta property=\"og:type\" content=\"article\" \/>\n<meta property=\"og:title\" content=\"Hydrocephalus bei Katzen: Symptome, Behandlung und Kosten\" \/>\n<meta property=\"og:description\" content=\"Wasserkopf bei Katzen erkennen und behandeln. Diese Operation kann ein gutes Leben trotz Hydrocephalus erm\u00f6glichen.\" \/>\n<meta property=\"og:url\" content=\"https:\/\/uelzener.de\/magazin\/katze\/tiergesundheit\/hydrocephalus-bei-katzen\/\" \/>\n<meta property=\"og:site_name\" content=\"Uelzener Tier-Magazin\" \/>\n<meta property=\"article:publisher\" content=\"https:\/\/www.facebook.com\/Uelzener\" \/>\n<meta property=\"article:modified_time\" content=\"2025-08-05T12:58:35+00:00\" \/>\n<meta property=\"og:image\" content=\"https:\/\/uelzener.de\/magazin\/app\/uploads\/2023\/01\/hydrocephalus-katze.jpg\" \/>\n\t<meta property=\"og:image:width\" content=\"1025\" \/>\n\t<meta property=\"og:image:height\" content=\"450\" \/>\n\t<meta property=\"og:image:type\" content=\"image\/jpeg\" \/>\n<meta name=\"twitter:card\" content=\"summary_large_image\" \/>\n<meta name=\"twitter:label1\" content=\"Gesch\u00e4tzte Lesezeit\" \/>\n\t<meta name=\"twitter:data1\" content=\"6\u00a0Minuten\" \/>\n<script type=\"application\/ld+json\" class=\"yoast-schema-graph\">{\"@context\":\"https:\/\/schema.org\",\"@graph\":[{\"@type\":\"WebPage\",\"@id\":\"https:\/\/uelzener.de\/magazin\/katze\/tiergesundheit\/hydrocephalus-bei-katzen\/\",\"url\":\"https:\/\/uelzener.de\/magazin\/katze\/tiergesundheit\/hydrocephalus-bei-katzen\/\",\"name\":\"Hydrocephalus bei Katzen: Symptome, Behandlung und Kosten | Uelzener Magazin\",\"isPartOf\":{\"@id\":\"https:\/\/uelzener.de\/magazin\/#website\"},\"primaryImageOfPage\":{\"@id\":\"https:\/\/uelzener.de\/magazin\/katze\/tiergesundheit\/hydrocephalus-bei-katzen\/#primaryimage\"},\"image\":{\"@id\":\"https:\/\/uelzener.de\/magazin\/katze\/tiergesundheit\/hydrocephalus-bei-katzen\/#primaryimage\"},\"thumbnailUrl\":\"https:\/\/uelzener.de\/magazin\/app\/uploads\/2023\/01\/hydrocephalus-katze.jpg\",\"datePublished\":\"2023-01-31T10:58:46+00:00\",\"dateModified\":\"2025-08-05T12:58:35+00:00\",\"description\":\"Wasserkopf bei Katzen erkennen und behandeln. Diese Operation kann ein gutes Leben trotz Hydrocephalus erm\u00f6glichen.\",\"breadcrumb\":{\"@id\":\"https:\/\/uelzener.de\/magazin\/katze\/tiergesundheit\/hydrocephalus-bei-katzen\/#breadcrumb\"},\"inLanguage\":\"de\",\"potentialAction\":[{\"@type\":\"ReadAction\",\"target\":[\"https:\/\/uelzener.de\/magazin\/katze\/tiergesundheit\/hydrocephalus-bei-katzen\/\"]}]},{\"@type\":\"ImageObject\",\"inLanguage\":\"de\",\"@id\":\"https:\/\/uelzener.de\/magazin\/katze\/tiergesundheit\/hydrocephalus-bei-katzen\/#primaryimage\",\"url\":\"https:\/\/uelzener.de\/magazin\/app\/uploads\/2023\/01\/hydrocephalus-katze.jpg\",\"contentUrl\":\"https:\/\/uelzener.de\/magazin\/app\/uploads\/2023\/01\/hydrocephalus-katze.jpg\",\"width\":1025,\"height\":450,\"caption\":\"Hydrocephalus oder Wasserkopf bei Katzen kann sich in Schielen in jungen Jahren zeigen. Besonders h\u00e4ufig bei Qualzuchten.\"},{\"@type\":\"WebSite\",\"@id\":\"https:\/\/uelzener.de\/magazin\/#website\",\"url\":\"https:\/\/uelzener.de\/magazin\/\",\"name\":\"Uelzener Tiermagazin\",\"description\":\"Online Tierratgeber der Uelzener Versicherungen\",\"publisher\":{\"@id\":\"https:\/\/uelzener.de\/magazin\/#organization\"},\"potentialAction\":[{\"@type\":\"SearchAction\",\"target\":{\"@type\":\"EntryPoint\",\"urlTemplate\":\"https:\/\/uelzener.de\/magazin\/?s={search_term_string}\"},\"query-input\":{\"@type\":\"PropertyValueSpecification\",\"valueRequired\":true,\"valueName\":\"search_term_string\"}}],\"inLanguage\":\"de\"},{\"@type\":\"Organization\",\"@id\":\"https:\/\/uelzener.de\/magazin\/#organization\",\"name\":\"Uelzener Versicherungen\",\"url\":\"https:\/\/uelzener.de\/magazin\/\",\"logo\":{\"@type\":\"ImageObject\",\"inLanguage\":\"de\",\"@id\":\"https:\/\/uelzener.de\/magazin\/#\/schema\/logo\/image\/\",\"url\":\"https:\/\/uelzener.de\/magazin\/app\/uploads\/2024\/11\/uelzener_allgemeine_versicherungsgesellschaft_a_g_logo.jpg\",\"contentUrl\":\"https:\/\/uelzener.de\/magazin\/app\/uploads\/2024\/11\/uelzener_allgemeine_versicherungsgesellschaft_a_g_logo.jpg\",\"width\":200,\"height\":200,\"caption\":\"Uelzener Versicherungen\"},\"image\":{\"@id\":\"https:\/\/uelzener.de\/magazin\/#\/schema\/logo\/image\/\"},\"sameAs\":[\"https:\/\/www.facebook.com\/Uelzener\",\"https:\/\/instagram.com\/uelzener\",\"https:\/\/www.xing.com\/pages\/uelzenerallgemeineversicherungs-gesellschafta-g\",\"https:\/\/www.youtube.com\/UelzenerVersicherungen\"]}]}<\/script>\n<!-- \/ Yoast SEO Premium plugin. -->","yoast_head_json":{"title":"Hydrocephalus bei Katzen: Symptome, Behandlung und Kosten | Uelzener Magazin","description":"Wasserkopf bei Katzen erkennen und behandeln. Diese Operation kann ein gutes Leben trotz Hydrocephalus erm\u00f6glichen.","robots":{"index":"index","follow":"follow","max-snippet":"max-snippet:-1","max-image-preview":"max-image-preview:large","max-video-preview":"max-video-preview:-1"},"canonical":"https:\/\/uelzener.de\/magazin\/katze\/tiergesundheit\/hydrocephalus-bei-katzen\/","og_locale":"de_DE","og_type":"article","og_title":"Hydrocephalus bei Katzen: Symptome, Behandlung und Kosten","og_description":"Wasserkopf bei Katzen erkennen und behandeln. Diese Operation kann ein gutes Leben trotz Hydrocephalus erm\u00f6glichen.","og_url":"https:\/\/uelzener.de\/magazin\/katze\/tiergesundheit\/hydrocephalus-bei-katzen\/","og_site_name":"Uelzener Tier-Magazin","article_publisher":"https:\/\/www.facebook.com\/Uelzener","article_modified_time":"2025-08-05T12:58:35+00:00","og_image":[{"width":1025,"height":450,"url":"https:\/\/uelzener.de\/magazin\/app\/uploads\/2023\/01\/hydrocephalus-katze.jpg","type":"image\/jpeg"}],"twitter_card":"summary_large_image","twitter_misc":{"Gesch\u00e4tzte Lesezeit":"6\u00a0Minuten"},"schema":{"@context":"https:\/\/schema.org","@graph":[{"@type":"WebPage","@id":"https:\/\/uelzener.de\/magazin\/katze\/tiergesundheit\/hydrocephalus-bei-katzen\/","url":"https:\/\/uelzener.de\/magazin\/katze\/tiergesundheit\/hydrocephalus-bei-katzen\/","name":"Hydrocephalus bei Katzen: Symptome, Behandlung und Kosten | Uelzener Magazin","isPartOf":{"@id":"https:\/\/uelzener.de\/magazin\/#website"},"primaryImageOfPage":{"@id":"https:\/\/uelzener.de\/magazin\/katze\/tiergesundheit\/hydrocephalus-bei-katzen\/#primaryimage"},"image":{"@id":"https:\/\/uelzener.de\/magazin\/katze\/tiergesundheit\/hydrocephalus-bei-katzen\/#primaryimage"},"thumbnailUrl":"https:\/\/uelzener.de\/magazin\/app\/uploads\/2023\/01\/hydrocephalus-katze.jpg","datePublished":"2023-01-31T10:58:46+00:00","dateModified":"2025-08-05T12:58:35+00:00","description":"Wasserkopf bei Katzen erkennen und behandeln. Diese Operation kann ein gutes Leben trotz Hydrocephalus erm\u00f6glichen.","breadcrumb":{"@id":"https:\/\/uelzener.de\/magazin\/katze\/tiergesundheit\/hydrocephalus-bei-katzen\/#breadcrumb"},"inLanguage":"de","potentialAction":[{"@type":"ReadAction","target":["https:\/\/uelzener.de\/magazin\/katze\/tiergesundheit\/hydrocephalus-bei-katzen\/"]}]},{"@type":"ImageObject","inLanguage":"de","@id":"https:\/\/uelzener.de\/magazin\/katze\/tiergesundheit\/hydrocephalus-bei-katzen\/#primaryimage","url":"https:\/\/uelzener.de\/magazin\/app\/uploads\/2023\/01\/hydrocephalus-katze.jpg","contentUrl":"https:\/\/uelzener.de\/magazin\/app\/uploads\/2023\/01\/hydrocephalus-katze.jpg","width":1025,"height":450,"caption":"Hydrocephalus oder Wasserkopf bei Katzen kann sich in Schielen in jungen Jahren zeigen. Besonders h\u00e4ufig bei Qualzuchten."},{"@type":"WebSite","@id":"https:\/\/uelzener.de\/magazin\/#website","url":"https:\/\/uelzener.de\/magazin\/","name":"Uelzener Tiermagazin","description":"Online Tierratgeber der Uelzener Versicherungen","publisher":{"@id":"https:\/\/uelzener.de\/magazin\/#organization"},"potentialAction":[{"@type":"SearchAction","target":{"@type":"EntryPoint","urlTemplate":"https:\/\/uelzener.de\/magazin\/?s={search_term_string}"},"query-input":{"@type":"PropertyValueSpecification","valueRequired":true,"valueName":"search_term_string"}}],"inLanguage":"de"},{"@type":"Organization","@id":"https:\/\/uelzener.de\/magazin\/#organization","name":"Uelzener Versicherungen","url":"https:\/\/uelzener.de\/magazin\/","logo":{"@type":"ImageObject","inLanguage":"de","@id":"https:\/\/uelzener.de\/magazin\/#\/schema\/logo\/image\/","url":"https:\/\/uelzener.de\/magazin\/app\/uploads\/2024\/11\/uelzener_allgemeine_versicherungsgesellschaft_a_g_logo.jpg","contentUrl":"https:\/\/uelzener.de\/magazin\/app\/uploads\/2024\/11\/uelzener_allgemeine_versicherungsgesellschaft_a_g_logo.jpg","width":200,"height":200,"caption":"Uelzener Versicherungen"},"image":{"@id":"https:\/\/uelzener.de\/magazin\/#\/schema\/logo\/image\/"},"sameAs":["https:\/\/www.facebook.com\/Uelzener","https:\/\/instagram.com\/uelzener","https:\/\/www.xing.com\/pages\/uelzenerallgemeineversicherungs-gesellschafta-g","https:\/\/www.youtube.com\/UelzenerVersicherungen"]}]}},"_links":{"self":[{"href":"https:\/\/uelzener.de\/magazin\/wp-json\/wp\/v2\/pages\/14843","targetHints":{"allow":["GET"]}}],"collection":[{"href":"https:\/\/uelzener.de\/magazin\/wp-json\/wp\/v2\/pages"}],"about":[{"href":"https:\/\/uelzener.de\/magazin\/wp-json\/wp\/v2\/types\/page"}],"author":[{"embeddable":true,"href":"https:\/\/uelzener.de\/magazin\/wp-json\/wp\/v2\/users\/11"}],"replies":[{"embeddable":true,"href":"https:\/\/uelzener.de\/magazin\/wp-json\/wp\/v2\/comments?post=14843"}],"version-history":[{"count":16,"href":"https:\/\/uelzener.de\/magazin\/wp-json\/wp\/v2\/pages\/14843\/revisions"}],"predecessor-version":[{"id":18814,"href":"https:\/\/uelzener.de\/magazin\/wp-json\/wp\/v2\/pages\/14843\/revisions\/18814"}],"up":[{"embeddable":true,"href":"https:\/\/uelzener.de\/magazin\/wp-json\/wp\/v2\/pages\/11712"}],"wp:featuredmedia":[{"embeddable":true,"href":"https:\/\/uelzener.de\/magazin\/wp-json\/wp\/v2\/media\/14846"}],"wp:attachment":[{"href":"https:\/\/uelzener.de\/magazin\/wp-json\/wp\/v2\/media?parent=14843"}],"curies":[{"name":"wp","href":"https:\/\/api.w.org\/{rel}","templated":true}]}}