{"id":14835,"date":"2023-05-02T07:45:55","date_gmt":"2023-05-02T05:45:55","guid":{"rendered":"https:\/\/uelzener.de\/magazin\/?page_id=14835"},"modified":"2024-01-02T08:27:49","modified_gmt":"2024-01-02T07:27:49","slug":"petfluencer-milo-nicole-lenhardt","status":"publish","type":"page","link":"https:\/\/uelzener.de\/magazin\/hund\/haeufige-fragen\/petfluencer-milo-nicole-lenhardt\/","title":{"rendered":"Interview mit Nicole Lenhardt und ihrem Petfluencer Milo"},"content":{"rendered":"<p>Einer der bekanntesten Petfluencer Deutschlands ist Milo, ein Eurasier-R\u00fcde aus Baden-W\u00fcrttemberg. Knapp 90.000 Menschen folgen ihm auf Instagram, wo seine Besitzerin Nicole Lenhardt Fotos ihres gemeinsamen Lebens teilt.<\/p>\n<p>Der Begriff \u201ePetfluencer\u201c setzt sich aus \u201epet\u201c, dem englischen Wort f\u00fcr Haustier, und \u201eto influence\u201c zusammen, zu Deutsch \u201ebeeinflussen\u201c. In den sozialen Medien entsteht Einfluss durch Reichweite: Menschen, die sich auf Instagram, YouTube und Co. einer gro\u00dfen Fangemeinde pr\u00e4sentieren und dadurch viele Menschen mit ihren Botschaften erreichen k\u00f6nnen, nennt man deshalb auch Influencer. Wir haben Nicole Lenhardt zu einem kurzen Interview getroffen und einmal nachgehakt, was es mit dem Petfluencing auf sich hat.<\/p>\n<h2>Nicole Lenhardt, wie bist du zum Petfluencing gekommen?<\/h2>\n<p>Eigentlich eher unbeabsichtigt. Fotografieren habe ich schon als Kind geliebt; ich war immer auf der Suche nach begeisterten Models. Als ich meinen Hund Milo bekommen habe, stellte sich schnell heraus, dass ihm etwas fehlt. Deswegen wollte ich mich \u00fcber Instagram mit anderen Hundebesitzer:innen vernetzen und austauschen. Dann habe ich angefangen, Milo zu fotografieren und habe gemerkt, dass mir das unglaublich viel Freude bereitet. Der Instagram-Account ist dann auch sehr schnell sehr gro\u00df geworden.<\/p>\n<h2>Ist das Petfluencing dein Beruf oder machst du noch etwas anderes?<\/h2>\n<p>Ich bin bereits seit 2017 selbst\u00e4ndig im Steuerbereich. Im Januar 2019 habe ich den Instagram-Account erstellt und inzwischen hat sich mein T\u00e4tigkeitsschwerpunkt sehr verschoben. Seit 2021 liegt der Fokus definitiv auf Instagram und der Fotografie und der Steuerteil hat stark abgenommen, da mir einfach die Zeit fehlt.<\/p>\n<h2>Was kann man auf deinem Instagram-Profil sehen und lesen?<\/h2>\n<p>Ich poste auf <a href=\"https:\/\/www.instagram.com\/verwolft\/\">@verwolft<\/a> eine bunte Mischung aus meinem Alltag mit Hund und Katzen und Themen rund um meine Selbst\u00e4ndigkeit. Mein Rudel besteht aus meinem Hund Milo und vier <a href=\"https:\/\/uelzener.de\/magazin\/katze\/rasseportrait\/britisch-kurzhaar\/\">Britisch Kurzhaar<\/a> Katzen (davon drei aus zweiter Hand), folglich ist hier immer was los. Gerade wenn ich mit meinen Tieren im Urlaub bin oder Ausfl\u00fcge mache, ist das nat\u00fcrlich etwas Besonderes \u2013 man sieht nicht oft jemanden mit Hund und Katzen verreisen. Meine Follower sind oft selbst Tierbesitzer:innen oder m\u00f6chten es gerne werden.<\/p>\n<blockquote class=\"instagram-media\" style=\"background: #FFF; border: 0; border-radius: 3px; box-shadow: 0 0 1px 0 rgba(0,0,0,0.5),0 1px 10px 0 rgba(0,0,0,0.15); margin: 1px; max-width: 540px; min-width: 326px; padding: 0; width: calc(100% - 2px);\" data-instgrm-captioned=\"\" data-instgrm-permalink=\"https:\/\/www.instagram.com\/p\/Cnum-EpIkUs\/?utm_source=ig_embed&amp;utm_campaign=loading\" data-instgrm-version=\"14\">\n<div style=\"padding: 16px;\">\n<p>&nbsp;<\/p>\n<div style=\"display: flex; flex-direction: row; align-items: center;\">\n<div style=\"background-color: #f4f4f4; border-radius: 50%; flex-grow: 0; height: 40px; margin-right: 14px; width: 40px;\"><\/div>\n<div style=\"display: flex; flex-direction: column; flex-grow: 1; justify-content: center;\">\n<div style=\"background-color: #f4f4f4; border-radius: 4px; flex-grow: 0; height: 14px; margin-bottom: 6px; width: 100px;\"><\/div>\n<div style=\"background-color: #f4f4f4; border-radius: 4px; flex-grow: 0; height: 14px; width: 60px;\"><\/div>\n<\/div>\n<\/div>\n<div style=\"padding: 19% 0;\"><\/div>\n<div style=\"display: block; height: 50px; margin: 0 auto 12px; width: 50px;\"><\/div>\n<div style=\"padding-top: 8px;\">\n<div style=\"color: #3897f0; font-family: Arial,sans-serif; font-size: 14px; font-style: normal; font-weight: 550; line-height: 18px;\">Sieh dir diesen Beitrag auf Instagram an<\/div>\n<\/div>\n<div style=\"padding: 12.5% 0;\"><\/div>\n<div style=\"display: flex; flex-direction: row; margin-bottom: 14px; align-items: center;\">\n<div>\n<div style=\"background-color: #f4f4f4; border-radius: 50%; height: 12.5px; width: 12.5px; transform: translateX(0px) translateY(7px);\"><\/div>\n<div style=\"background-color: #f4f4f4; height: 12.5px; transform: rotate(-45deg) translateX(3px) translateY(1px); width: 12.5px; flex-grow: 0; margin-right: 14px; margin-left: 2px;\"><\/div>\n<div style=\"background-color: #f4f4f4; border-radius: 50%; height: 12.5px; width: 12.5px; transform: translateX(9px) translateY(-18px);\"><\/div>\n<\/div>\n<div style=\"margin-left: 8px;\">\n<div style=\"background-color: #f4f4f4; border-radius: 50%; flex-grow: 0; height: 20px; width: 20px;\"><\/div>\n<div style=\"width: 0; height: 0; border-top: 2px solid transparent; border-left: 6px solid #f4f4f4; border-bottom: 2px solid transparent; transform: translateX(16px) translateY(-4px) rotate(30deg);\"><\/div>\n<\/div>\n<div style=\"margin-left: auto;\">\n<div style=\"width: 0px; border-top: 8px solid #F4F4F4; border-right: 8px solid transparent; transform: translateY(16px);\"><\/div>\n<div style=\"background-color: #f4f4f4; flex-grow: 0; height: 12px; width: 16px; transform: translateY(-4px);\"><\/div>\n<div style=\"width: 0; height: 0; border-top: 8px solid #F4F4F4; border-left: 8px solid transparent; transform: translateY(-4px) translateX(8px);\"><\/div>\n<\/div>\n<\/div>\n<div style=\"display: flex; flex-direction: column; flex-grow: 1; justify-content: center; margin-bottom: 24px;\">\n<div style=\"background-color: #f4f4f4; border-radius: 4px; flex-grow: 0; height: 14px; margin-bottom: 6px; width: 224px;\"><\/div>\n<div style=\"background-color: #f4f4f4; border-radius: 4px; flex-grow: 0; height: 14px; width: 144px;\"><\/div>\n<\/div>\n<p>&nbsp;<\/p>\n<p style=\"color: #c9c8cd; font-family: Arial,sans-serif; font-size: 14px; line-height: 17px; margin-bottom: 0; margin-top: 8px; overflow: hidden; padding: 8px 0 7px; text-align: center; text-overflow: ellipsis; white-space: nowrap;\"><a style=\"color: #c9c8cd; font-family: Arial,sans-serif; font-size: 14px; font-style: normal; font-weight: normal; line-height: 17px; text-decoration: none;\" href=\"https:\/\/www.instagram.com\/p\/Cnum-EpIkUs\/?utm_source=ig_embed&amp;utm_campaign=loading\" target=\"_blank\" rel=\"noopener\">Ein Beitrag geteilt von Nicole &amp; Milo | Petfluencer Coach (@verwolft)<\/a><\/p>\n<\/div>\n<\/blockquote>\n<p><script async src=\"\/\/www.instagram.com\/embed.js\"><\/script><\/p>\n<h2>Warum hast du so viele Follower?<\/h2>\n<p>Wichtige Faktoren f\u00fcr den Erfolg sind Leidenschaft und Weiterentwicklung. Fr\u00fcher hat sich alles nur um Milo gedreht. Im Laufe der Zeit habe ich aber gemerkt, wie sich die Follower auch immer mehr f\u00fcr mein Leben interessieren und wie ich f\u00fcnf Tiere und die Selbst\u00e4ndigkeit unter einen Hut bekomme. Unser Account ist immer abwechslungsreich und auch wenn man uns schon mehrere Jahre folgt, bleibt der Content interessant.<\/p>\n<h2>M\u00f6gen deine Tiere es, fotografiert zu werden?<\/h2>\n<p>F\u00fcr mein Rudel ist das Fotografieren eine Art geistige Auslastung. Ihnen macht das richtig Spa\u00df! Ich achte aber schon sehr darauf, die Tiere nicht zu \u00fcberfordern und nur zu fotografieren, wenn sie auch Lust dazu haben.<\/p>\n<h2>Petfluencer Milo<\/h2>\n<ul>\n<li>Geboren am 16.01.2018<\/li>\n<li>Eurasier mit w\u00f6lfischen Genen<\/li>\n<li>Begeistertes Fotomodell<\/li>\n<li>Bislang acht L\u00e4nder bereist<\/li>\n<\/ul>\n<h2>Nicoles TOP 3 der spannendsten Petfluencer 2023<\/h2>\n<ol>\n<li>@sinascolorcats: Sechs Katzen \u2013 Simba, Amy, Milo, Zoey, Toffee und Hugo \u2013 sind keine zu viel f\u00fcr Sina.<\/li>\n<li>@wolfs_pfoetchen: Namid und Cody sind die Hunde von Tierfotografin Marie Suarez, die auch \u00fcber ihre Kinder und Reisen im Van schreibt.<\/li>\n<li>@nina.liiebt: Berlinerin Nina postet Fotos ihrer franz\u00f6sischen Bulldogge Hugo.<\/li>\n<\/ol>\n","protected":false},"excerpt":{"rendered":"<p>Einer der bekanntesten Petfluencer Deutschlands ist Milo, ein Eurasier-R\u00fcde aus Baden-W\u00fcrttemberg. Knapp 90.000 Menschen folgen ihm auf Instagram, wo seine Besitzerin Nicole Lenhardt Fotos ihres gemeinsamen Lebens teilt. Der Begriff \u201ePetfluencer\u201c setzt sich aus \u201epet\u201c, dem englischen Wort f\u00fcr Haustier, und \u201eto influence\u201c zusammen, zu Deutsch \u201ebeeinflussen\u201c. In den sozialen Medien entsteht Einfluss durch Reichweite: [&hellip;]<\/p>\n","protected":false},"author":11,"featured_media":14971,"parent":11687,"menu_order":23,"comment_status":"closed","ping_status":"closed","template":"templates\/blog.php","meta":{"_acf_changed":false,"_crdt_document":"","footnotes":"","beyondwords_generate_audio":"0","beyondwords_project_id":"","beyondwords_content_id":"","beyondwords_preview_token":"","beyondwords_player_style":"","beyondwords_language_id":"","beyondwords_title_voice_id":"","beyondwords_body_voice_id":"","beyondwords_summary_voice_id":"","beyondwords_error_message":"","beyondwords_disabled":"","beyondwords_delete_content":"","beyondwords_podcast_id":"","beyondwords_hash":"","publish_post_to_speechkit":"","speechkit_hash":"","speechkit_generate_audio":"","speechkit_project_id":"","speechkit_podcast_id":"","speechkit_error_message":"","speechkit_disabled":"","speechkit_access_key":"","speechkit_error":"","speechkit_info":"","speechkit_response":"","speechkit_retries":"","speechkit_status":"","speechkit_updated_at":"","_speechkit_link":"","_speechkit_text":""},"class_list":["post-14835","page","type-page","status-publish","has-post-thumbnail","hentry"],"acf":[],"yoast_head":"<!-- This site is optimized with the Yoast SEO Premium plugin  - https:\/\/yoast.com\/product\/yoast-seo-premium-wordpress\/ -->\n<title>Interview mit Nicole Lenhardt und ihrem Petfluencer Milo | Uelzener Magazin<\/title>\n<meta name=\"description\" content=\"Einer der bekanntesten Petfluencer Deutschlands ist Milo, ein Eurasier-R\u00fcde aus Baden-W\u00fcrttemberg. Knapp 90.000 Menschen folgen ihm auf Instagram, wo seine Besitzerin Nicole Lenhardt Fotos ihres gemeinsamen Lebens teilt.\" \/>\n<meta name=\"robots\" content=\"index, follow, max-snippet:-1, max-image-preview:large, max-video-preview:-1\" \/>\n<link rel=\"canonical\" href=\"https:\/\/uelzener.de\/magazin\/hund\/haeufige-fragen\/petfluencer-milo-nicole-lenhardt\/\" \/>\n<meta property=\"og:locale\" content=\"de_DE\" \/>\n<meta property=\"og:type\" content=\"article\" \/>\n<meta property=\"og:title\" content=\"Interview mit Nicole Lenhardt und ihrem Petfluencer Milo\" \/>\n<meta property=\"og:description\" content=\"Einer der bekanntesten Petfluencer Deutschlands ist Milo, ein Eurasier-R\u00fcde aus Baden-W\u00fcrttemberg. Knapp 90.000 Menschen folgen ihm auf Instagram, wo seine Besitzerin Nicole Lenhardt Fotos ihres gemeinsamen Lebens teilt.\" \/>\n<meta property=\"og:url\" content=\"https:\/\/uelzener.de\/magazin\/hund\/haeufige-fragen\/petfluencer-milo-nicole-lenhardt\/\" \/>\n<meta property=\"og:site_name\" content=\"Uelzener Tier-Magazin\" \/>\n<meta property=\"article:publisher\" content=\"https:\/\/www.facebook.com\/Uelzener\" \/>\n<meta property=\"article:modified_time\" content=\"2024-01-02T07:27:49+00:00\" \/>\n<meta property=\"og:image\" content=\"https:\/\/uelzener.de\/magazin\/app\/uploads\/2023\/02\/nicole-lenhardt-petfluencer-milo.jpg\" \/>\n\t<meta property=\"og:image:width\" content=\"1025\" \/>\n\t<meta property=\"og:image:height\" content=\"450\" \/>\n\t<meta property=\"og:image:type\" content=\"image\/jpeg\" \/>\n<meta name=\"twitter:card\" content=\"summary_large_image\" \/>\n<meta name=\"twitter:label1\" content=\"Gesch\u00e4tzte Lesezeit\" \/>\n\t<meta name=\"twitter:data1\" content=\"3\u00a0Minuten\" \/>\n<script type=\"application\/ld+json\" class=\"yoast-schema-graph\">{\"@context\":\"https:\\\/\\\/schema.org\",\"@graph\":[{\"@type\":\"WebPage\",\"@id\":\"https:\\\/\\\/uelzener.de\\\/magazin\\\/hund\\\/haeufige-fragen\\\/petfluencer-milo-nicole-lenhardt\\\/\",\"url\":\"https:\\\/\\\/uelzener.de\\\/magazin\\\/hund\\\/haeufige-fragen\\\/petfluencer-milo-nicole-lenhardt\\\/\",\"name\":\"Interview mit Nicole Lenhardt und ihrem Petfluencer Milo | Uelzener Magazin\",\"isPartOf\":{\"@id\":\"https:\\\/\\\/uelzener.de\\\/magazin\\\/#website\"},\"primaryImageOfPage\":{\"@id\":\"https:\\\/\\\/uelzener.de\\\/magazin\\\/hund\\\/haeufige-fragen\\\/petfluencer-milo-nicole-lenhardt\\\/#primaryimage\"},\"image\":{\"@id\":\"https:\\\/\\\/uelzener.de\\\/magazin\\\/hund\\\/haeufige-fragen\\\/petfluencer-milo-nicole-lenhardt\\\/#primaryimage\"},\"thumbnailUrl\":\"https:\\\/\\\/uelzener.de\\\/magazin\\\/app\\\/uploads\\\/2023\\\/02\\\/nicole-lenhardt-petfluencer-milo.jpg\",\"datePublished\":\"2023-05-02T05:45:55+00:00\",\"dateModified\":\"2024-01-02T07:27:49+00:00\",\"description\":\"Einer der bekanntesten Petfluencer Deutschlands ist Milo, ein Eurasier-R\u00fcde aus Baden-W\u00fcrttemberg. Knapp 90.000 Menschen folgen ihm auf Instagram, wo seine Besitzerin Nicole Lenhardt Fotos ihres gemeinsamen Lebens teilt.\",\"breadcrumb\":{\"@id\":\"https:\\\/\\\/uelzener.de\\\/magazin\\\/hund\\\/haeufige-fragen\\\/petfluencer-milo-nicole-lenhardt\\\/#breadcrumb\"},\"inLanguage\":\"de\",\"potentialAction\":[{\"@type\":\"ReadAction\",\"target\":[\"https:\\\/\\\/uelzener.de\\\/magazin\\\/hund\\\/haeufige-fragen\\\/petfluencer-milo-nicole-lenhardt\\\/\"]}]},{\"@type\":\"ImageObject\",\"inLanguage\":\"de\",\"@id\":\"https:\\\/\\\/uelzener.de\\\/magazin\\\/hund\\\/haeufige-fragen\\\/petfluencer-milo-nicole-lenhardt\\\/#primaryimage\",\"url\":\"https:\\\/\\\/uelzener.de\\\/magazin\\\/app\\\/uploads\\\/2023\\\/02\\\/nicole-lenhardt-petfluencer-milo.jpg\",\"contentUrl\":\"https:\\\/\\\/uelzener.de\\\/magazin\\\/app\\\/uploads\\\/2023\\\/02\\\/nicole-lenhardt-petfluencer-milo.jpg\",\"width\":1025,\"height\":450,\"caption\":\"Nicole Lenhardt mit ihrem Eurasier-R\u00fcde und Petfluencer Milo.\"},{\"@type\":\"WebSite\",\"@id\":\"https:\\\/\\\/uelzener.de\\\/magazin\\\/#website\",\"url\":\"https:\\\/\\\/uelzener.de\\\/magazin\\\/\",\"name\":\"Uelzener Tiermagazin\",\"description\":\"Online Tierratgeber der Uelzener Versicherungen\",\"publisher\":{\"@id\":\"https:\\\/\\\/uelzener.de\\\/magazin\\\/#organization\"},\"potentialAction\":[{\"@type\":\"SearchAction\",\"target\":{\"@type\":\"EntryPoint\",\"urlTemplate\":\"https:\\\/\\\/uelzener.de\\\/magazin\\\/?s={search_term_string}\"},\"query-input\":{\"@type\":\"PropertyValueSpecification\",\"valueRequired\":true,\"valueName\":\"search_term_string\"}}],\"inLanguage\":\"de\"},{\"@type\":\"Organization\",\"@id\":\"https:\\\/\\\/uelzener.de\\\/magazin\\\/#organization\",\"name\":\"Uelzener Versicherungen\",\"url\":\"https:\\\/\\\/uelzener.de\\\/magazin\\\/\",\"logo\":{\"@type\":\"ImageObject\",\"inLanguage\":\"de\",\"@id\":\"https:\\\/\\\/uelzener.de\\\/magazin\\\/#\\\/schema\\\/logo\\\/image\\\/\",\"url\":\"https:\\\/\\\/uelzener.de\\\/magazin\\\/app\\\/uploads\\\/2024\\\/11\\\/uelzener_allgemeine_versicherungsgesellschaft_a_g_logo.jpg\",\"contentUrl\":\"https:\\\/\\\/uelzener.de\\\/magazin\\\/app\\\/uploads\\\/2024\\\/11\\\/uelzener_allgemeine_versicherungsgesellschaft_a_g_logo.jpg\",\"width\":200,\"height\":200,\"caption\":\"Uelzener Versicherungen\"},\"image\":{\"@id\":\"https:\\\/\\\/uelzener.de\\\/magazin\\\/#\\\/schema\\\/logo\\\/image\\\/\"},\"sameAs\":[\"https:\\\/\\\/www.facebook.com\\\/Uelzener\",\"https:\\\/\\\/instagram.com\\\/uelzener\",\"https:\\\/\\\/www.xing.com\\\/pages\\\/uelzenerallgemeineversicherungs-gesellschafta-g\",\"https:\\\/\\\/www.youtube.com\\\/UelzenerVersicherungen\"]}]}<\/script>\n<!-- \/ Yoast SEO Premium plugin. -->","yoast_head_json":{"title":"Interview mit Nicole Lenhardt und ihrem Petfluencer Milo | Uelzener Magazin","description":"Einer der bekanntesten Petfluencer Deutschlands ist Milo, ein Eurasier-R\u00fcde aus Baden-W\u00fcrttemberg. Knapp 90.000 Menschen folgen ihm auf Instagram, wo seine Besitzerin Nicole Lenhardt Fotos ihres gemeinsamen Lebens teilt.","robots":{"index":"index","follow":"follow","max-snippet":"max-snippet:-1","max-image-preview":"max-image-preview:large","max-video-preview":"max-video-preview:-1"},"canonical":"https:\/\/uelzener.de\/magazin\/hund\/haeufige-fragen\/petfluencer-milo-nicole-lenhardt\/","og_locale":"de_DE","og_type":"article","og_title":"Interview mit Nicole Lenhardt und ihrem Petfluencer Milo","og_description":"Einer der bekanntesten Petfluencer Deutschlands ist Milo, ein Eurasier-R\u00fcde aus Baden-W\u00fcrttemberg. Knapp 90.000 Menschen folgen ihm auf Instagram, wo seine Besitzerin Nicole Lenhardt Fotos ihres gemeinsamen Lebens teilt.","og_url":"https:\/\/uelzener.de\/magazin\/hund\/haeufige-fragen\/petfluencer-milo-nicole-lenhardt\/","og_site_name":"Uelzener Tier-Magazin","article_publisher":"https:\/\/www.facebook.com\/Uelzener","article_modified_time":"2024-01-02T07:27:49+00:00","og_image":[{"width":1025,"height":450,"url":"https:\/\/uelzener.de\/magazin\/app\/uploads\/2023\/02\/nicole-lenhardt-petfluencer-milo.jpg","type":"image\/jpeg"}],"twitter_card":"summary_large_image","twitter_misc":{"Gesch\u00e4tzte Lesezeit":"3\u00a0Minuten"},"schema":{"@context":"https:\/\/schema.org","@graph":[{"@type":"WebPage","@id":"https:\/\/uelzener.de\/magazin\/hund\/haeufige-fragen\/petfluencer-milo-nicole-lenhardt\/","url":"https:\/\/uelzener.de\/magazin\/hund\/haeufige-fragen\/petfluencer-milo-nicole-lenhardt\/","name":"Interview mit Nicole Lenhardt und ihrem Petfluencer Milo | Uelzener Magazin","isPartOf":{"@id":"https:\/\/uelzener.de\/magazin\/#website"},"primaryImageOfPage":{"@id":"https:\/\/uelzener.de\/magazin\/hund\/haeufige-fragen\/petfluencer-milo-nicole-lenhardt\/#primaryimage"},"image":{"@id":"https:\/\/uelzener.de\/magazin\/hund\/haeufige-fragen\/petfluencer-milo-nicole-lenhardt\/#primaryimage"},"thumbnailUrl":"https:\/\/uelzener.de\/magazin\/app\/uploads\/2023\/02\/nicole-lenhardt-petfluencer-milo.jpg","datePublished":"2023-05-02T05:45:55+00:00","dateModified":"2024-01-02T07:27:49+00:00","description":"Einer der bekanntesten Petfluencer Deutschlands ist Milo, ein Eurasier-R\u00fcde aus Baden-W\u00fcrttemberg. Knapp 90.000 Menschen folgen ihm auf Instagram, wo seine Besitzerin Nicole Lenhardt Fotos ihres gemeinsamen Lebens teilt.","breadcrumb":{"@id":"https:\/\/uelzener.de\/magazin\/hund\/haeufige-fragen\/petfluencer-milo-nicole-lenhardt\/#breadcrumb"},"inLanguage":"de","potentialAction":[{"@type":"ReadAction","target":["https:\/\/uelzener.de\/magazin\/hund\/haeufige-fragen\/petfluencer-milo-nicole-lenhardt\/"]}]},{"@type":"ImageObject","inLanguage":"de","@id":"https:\/\/uelzener.de\/magazin\/hund\/haeufige-fragen\/petfluencer-milo-nicole-lenhardt\/#primaryimage","url":"https:\/\/uelzener.de\/magazin\/app\/uploads\/2023\/02\/nicole-lenhardt-petfluencer-milo.jpg","contentUrl":"https:\/\/uelzener.de\/magazin\/app\/uploads\/2023\/02\/nicole-lenhardt-petfluencer-milo.jpg","width":1025,"height":450,"caption":"Nicole Lenhardt mit ihrem Eurasier-R\u00fcde und Petfluencer Milo."},{"@type":"WebSite","@id":"https:\/\/uelzener.de\/magazin\/#website","url":"https:\/\/uelzener.de\/magazin\/","name":"Uelzener Tiermagazin","description":"Online Tierratgeber der Uelzener Versicherungen","publisher":{"@id":"https:\/\/uelzener.de\/magazin\/#organization"},"potentialAction":[{"@type":"SearchAction","target":{"@type":"EntryPoint","urlTemplate":"https:\/\/uelzener.de\/magazin\/?s={search_term_string}"},"query-input":{"@type":"PropertyValueSpecification","valueRequired":true,"valueName":"search_term_string"}}],"inLanguage":"de"},{"@type":"Organization","@id":"https:\/\/uelzener.de\/magazin\/#organization","name":"Uelzener Versicherungen","url":"https:\/\/uelzener.de\/magazin\/","logo":{"@type":"ImageObject","inLanguage":"de","@id":"https:\/\/uelzener.de\/magazin\/#\/schema\/logo\/image\/","url":"https:\/\/uelzener.de\/magazin\/app\/uploads\/2024\/11\/uelzener_allgemeine_versicherungsgesellschaft_a_g_logo.jpg","contentUrl":"https:\/\/uelzener.de\/magazin\/app\/uploads\/2024\/11\/uelzener_allgemeine_versicherungsgesellschaft_a_g_logo.jpg","width":200,"height":200,"caption":"Uelzener Versicherungen"},"image":{"@id":"https:\/\/uelzener.de\/magazin\/#\/schema\/logo\/image\/"},"sameAs":["https:\/\/www.facebook.com\/Uelzener","https:\/\/instagram.com\/uelzener","https:\/\/www.xing.com\/pages\/uelzenerallgemeineversicherungs-gesellschafta-g","https:\/\/www.youtube.com\/UelzenerVersicherungen"]}]}},"_links":{"self":[{"href":"https:\/\/uelzener.de\/magazin\/wp-json\/wp\/v2\/pages\/14835","targetHints":{"allow":["GET"]}}],"collection":[{"href":"https:\/\/uelzener.de\/magazin\/wp-json\/wp\/v2\/pages"}],"about":[{"href":"https:\/\/uelzener.de\/magazin\/wp-json\/wp\/v2\/types\/page"}],"author":[{"embeddable":true,"href":"https:\/\/uelzener.de\/magazin\/wp-json\/wp\/v2\/users\/11"}],"replies":[{"embeddable":true,"href":"https:\/\/uelzener.de\/magazin\/wp-json\/wp\/v2\/comments?post=14835"}],"version-history":[{"count":11,"href":"https:\/\/uelzener.de\/magazin\/wp-json\/wp\/v2\/pages\/14835\/revisions"}],"predecessor-version":[{"id":16849,"href":"https:\/\/uelzener.de\/magazin\/wp-json\/wp\/v2\/pages\/14835\/revisions\/16849"}],"up":[{"embeddable":true,"href":"https:\/\/uelzener.de\/magazin\/wp-json\/wp\/v2\/pages\/11687"}],"wp:featuredmedia":[{"embeddable":true,"href":"https:\/\/uelzener.de\/magazin\/wp-json\/wp\/v2\/media\/14971"}],"wp:attachment":[{"href":"https:\/\/uelzener.de\/magazin\/wp-json\/wp\/v2\/media?parent=14835"}],"curies":[{"name":"wp","href":"https:\/\/api.w.org\/{rel}","templated":true}]}}