{"id":14833,"date":"2023-05-04T07:46:31","date_gmt":"2023-05-04T05:46:31","guid":{"rendered":"https:\/\/uelzener.de\/magazin\/?page_id=14833"},"modified":"2023-10-23T15:47:08","modified_gmt":"2023-10-23T13:47:08","slug":"tierische-filmhelden","status":"publish","type":"page","link":"https:\/\/uelzener.de\/magazin\/hund\/haeufige-fragen\/tierische-filmhelden\/","title":{"rendered":"Tierische Filmhelden"},"content":{"rendered":"<p>Sie sind oft Hauptdarsteller, im Leben ebenso wie im Film: Tiere. Wir f\u00fchlen mit ihnen und sie lassen uns in aller Offenheit Teil haben an ihrem Gef\u00fchlsleben. \u201eMit einem kurzen Schweifwedeln kann ein Hund mehr Gef\u00fchl ausdr\u00fccken als mancher Mensch mit stundenlangem Gerede\u201c, hat der geniale Musiker Louis Armstrong einmal gesagt. Und Millionen Menschen auf der ganzen Welt haben mitgefiebert, wenn Ohnezahn sich in die L\u00fcfte erhob, Tom vergeblich Jerry jagte oder Kommissar Rex einmal wieder einen Fall gel\u00f6st hat. Viel Spa\u00df beim St\u00f6bern durch unser kleines ABC der tierischen Hauptdarsteller im Film!<\/p>\n<ul>\n<li><strong>Amy und die Wildg\u00e4nse (US 1996, Carroll Ballard)<\/strong><\/li>\n<\/ul>\n<p>Die junge Amy findet ein verlassenes Gelege einer Kanadagans, zieht die Brut auf und \u00fcbernimmt in jeder Hinsicht die Rolle der Gansmutter: Sogar das Fliegen und den Weg gen S\u00fcden zeigt sie ihren Sch\u00fctzlingen auf einem abenteuerreichen Flug durch Nordamerika . Eine ber\u00fchrende, auf einer wahren Begebenheit beruhende Geschichte \u00fcber das Erwachsenwerden.<\/p>\n<ul>\n<li><strong>Bob, der Streuner (GB 2013, Roger Spottiswoode)<\/strong><\/li>\n<\/ul>\n<p>Die Geschichte hinter der ber\u00fchmten Katze Bob, die dem Stra\u00dfenmusikanten James Bowen zul\u00e4uft und das Leben des Drogenabh\u00e4ngigen grundlegend ver\u00e4ndert. Ein Blick in die oft vergessenen, dunkleren Seiten der britischen Hauptstadt, begleitet von wunderbaren Gitarren-Songs und einem charakterstarken tierischen Hauptdarsteller.<\/p>\n<ul>\n<li><strong>Chicken Run \u2013 Hennen rennen (GB 2000, Peter Lord, Nick Park)<\/strong><\/li>\n<\/ul>\n<p>Der erfolgreichste Stop-Motion-Animationsfilm aller Zeiten erz\u00e4hlt die Geschichte einer freiheitsliebenden Henne, die mit ihren Freundinnen ein Flugger\u00e4t zur Flucht aus einer grausamen Haltung baut. Britischer Humor f\u00fcr alle Altersklassen, spannend und herzerw\u00e4rmend.<\/p>\n<ul>\n<li><strong>Ein Schweinchen namens Babe (AU\/US 1995, Chris Noonan)<\/strong><\/li>\n<\/ul>\n<p>Der Oscar-ausgezeichnete Film erz\u00e4hlt die Geschichte eines kleinen Schweinchens, das die Herzen der Tiere eines Bauernhofs, seiner menschlichen Familie und zuletzt auch der Jury eines Sch\u00e4fer-Wettbewerbs im Sturm erobert. Gefilmt mit echten Tieren, denen menschliche Stimmen verliehen wurden, legte diese Perspektive erstmals f\u00fcr ein breites Publikum die grausame Realit\u00e4t der Schweinez\u00fcchtung offen.<\/p>\n<ul>\n<li><strong>Free Willy (US 1993, Simon Wincer)<\/strong><\/li>\n<\/ul>\n<p>Zwei junge und rebellische Teenager finden in diesem Kinderfilm-Klassiker zueinander: Der Orca Willy und der Junge Jesse freunden sich an und finden zusammen den spektakul\u00e4ren Weg in die Freiheit. Der Film begr\u00fcndete eine Bewegung, den echten Orca Keiko zu kaufen und wieder auszuwildern.<\/p>\n<ul>\n<li><strong>Hachiko \u2013 Eine wunderbare Freundschaft (US 2009, Lasse Hallstr\u00f6m)<\/strong><\/li>\n<\/ul>\n<p>Wenige Geschichten zeigen so beispielhaft die Treue eines Hundes wie die des japanischen Hachiko. Ein bitters\u00fc\u00dfes und tief bewegendes Drama, das der wahren Begebenheit ebenso treu bleibt \u2013 auch wenn es so mit der Hollywood-Tradition eines Happy Ends bricht.<\/p>\n<p>Wem das zu r\u00fchrselig ist, der darf gerne in unsere Liste der besten Horrorfilme mit Hunden reinschauen.<\/p>\n<ul>\n<li><strong>Kommissar Rex (AT 1994\u20132004, Peter Hajek)<\/strong><\/li>\n<\/ul>\n<p>Die erfolgreiche Krimi-Serie begeisterte in \u00d6sterreich und Deutschland ein Millionen-Publikum \u2013 und machte die Rasse des Deutschen Sch\u00e4ferhundes bald mit dem Namen des Hauptdarstellers Rex gleichbedeutend. Als Fernseh-Exportschlager wurde die Serie neben Deutschland in \u00fcber 40 L\u00e4ndern ausgestrahlt.<\/p>\n<ul>\n<li><strong>Marley &amp; Ich (US 2008, David Frankel)<\/strong><\/li>\n<\/ul>\n<p>Um die Hunde- und Lebensbiografie des Journalisten John Grogan zu verfilmen, brauchte es 22 Labrador-Retriever Mischlinge, 11 davon f\u00fcr die Welpen-Szenen. Die Kom\u00f6die \u00fcber den chaotischen und charmanten Marley erhielt unter anderem das Pr\u00e4dikat \u201ewertvoll\u201c.<\/p>\n<ul>\n<li><strong>Ostwind \u2013 Zusammen sind wir frei (DE 2013, Katja von Garnier)<\/strong><\/li>\n<\/ul>\n<p>Ein Muss f\u00fcr alle Pferdefans ist die Geschichte von Mika und ihrer Freundschaft zu dem scheuen, schwarzen Hengst Ostwind: Beide werden von ihren N\u00e4chsten missverstanden, beide sehnen sich nach Freiheit, beide m\u00fcssen sich erst beweisen. Am Ende wird alles gut.<\/p>\n<ul>\n<li><strong>Pets (US 2016, Chris Renaud &amp; Yarrow Cheney)<\/strong><\/li>\n<\/ul>\n<p>Eine Stadt ist nicht nur die Heimat vieler Menschen, sondern auch von deren Haustieren, die jeden Tag stundenlang ein geheimes Leben f\u00fchren \u2013 mitunter voller Abenteuer, wie in diesem unterhaltsamen Animationsfilm. Terrier Max muss seinen ungeliebten neuen Hausgast vor den verlorenen Haustieren retten, und das quer durch eine Metropolis voller Gefahren, Wunder und \u00dcberraschungen.<\/p>\n<ul>\n<li><strong>Quill (JP 2004, Y\u00f4ichi Sai)<\/strong><\/li>\n<\/ul>\n<p>Die Geschichte eines kleinen Labrador-Welpen, der zu einem Blindenhund trainiert wird und dem verbitterten Watanabe ein neues Leben schenkt.<\/p>\n<ul>\n<li><strong>Tom und Jerry (US 1940\u20131969)<\/strong><\/li>\n<\/ul>\n<p>Eine clevere Maus und eine hartn\u00e4ckige Hauskatze \u2013 mehr braucht es nicht f\u00fcr den ikonischen Slapstick-Cartoon, der seit 1940 mit hunderten von Kurzfilmen die westliche Medien-Kultur gepr\u00e4gt hat.<\/p>\n<ul>\n<li><strong>Yakari \u2013 der Kinofilm (FR, BE, DE 2020, Toby Genkel, Xavier Giacometti)<\/strong><\/li>\n<\/ul>\n<p>Basierend auf der Schweizer Comicreihe von 1969 und der anschlie\u00dfenden Fernsehserie folgt die Verfilmung dem jungen Yakari und seinem Pferd Kleiner Donner auf ihrer fantastischen Reise zu Selbstvertrauen, Freundschaft und Mut.<\/p>\n<ul>\n<li><strong>Zoomania (US 2016, Byron Howard &amp; Rich Moore)<\/strong><\/li>\n<\/ul>\n<p>Hinter seiner bunten und humorvollen Oberfl\u00e4che wartet der Animationsfilm mit einer nachdenklichen Geschichte auf, die gesellschaftliche Themen wie Diskriminierung, Rassismus und Diversit\u00e4t auf eine Tier-Metropolis \u00fcbertr\u00e4gt. Der intelligente Krimi ist der zweiterfolgreichste Disney-Animationsfilm und wurde in seiner Kategorie mit dem Oscar ausgezeichnet.<\/p>\n","protected":false},"excerpt":{"rendered":"<p>Sie sind oft Hauptdarsteller, im Leben ebenso wie im Film: Tiere. Wir f\u00fchlen mit ihnen und sie lassen uns in aller Offenheit Teil haben an ihrem Gef\u00fchlsleben. \u201eMit einem kurzen Schweifwedeln kann ein Hund mehr Gef\u00fchl ausdr\u00fccken als mancher Mensch mit stundenlangem Gerede\u201c, hat der geniale Musiker Louis Armstrong einmal gesagt. Und Millionen Menschen auf [&hellip;]<\/p>\n","protected":false},"author":11,"featured_media":14986,"parent":11687,"menu_order":22,"comment_status":"closed","ping_status":"closed","template":"templates\/blog.php","meta":{"_acf_changed":false,"_crdt_document":"","footnotes":"","beyondwords_generate_audio":"0","beyondwords_project_id":"","beyondwords_content_id":"","beyondwords_preview_token":"","beyondwords_player_style":"","beyondwords_language_id":"","beyondwords_title_voice_id":"","beyondwords_body_voice_id":"","beyondwords_summary_voice_id":"","beyondwords_error_message":"","beyondwords_disabled":"","beyondwords_delete_content":"","beyondwords_podcast_id":"","beyondwords_hash":"","publish_post_to_speechkit":"","speechkit_hash":"","speechkit_generate_audio":"","speechkit_project_id":"","speechkit_podcast_id":"","speechkit_error_message":"","speechkit_disabled":"","speechkit_access_key":"","speechkit_error":"","speechkit_info":"","speechkit_response":"","speechkit_retries":"","speechkit_status":"","speechkit_updated_at":"","_speechkit_link":"","_speechkit_text":""},"class_list":["post-14833","page","type-page","status-publish","has-post-thumbnail","hentry"],"acf":[],"yoast_head":"<!-- This site is optimized with the Yoast SEO Premium plugin  - https:\/\/yoast.com\/product\/yoast-seo-premium-wordpress\/ -->\n<title>Tierische Filmhelden | Uelzener Magazin<\/title>\n<meta name=\"description\" content=\"Viel Spa\u00df beim St\u00f6bern durch unser kleines ABC der tierischen Hauptdarsteller im Film und Fernsehen!\" \/>\n<meta name=\"robots\" content=\"index, follow, max-snippet:-1, max-image-preview:large, max-video-preview:-1\" \/>\n<link rel=\"canonical\" href=\"https:\/\/uelzener.de\/magazin\/hund\/haeufige-fragen\/tierische-filmhelden\/\" \/>\n<meta property=\"og:locale\" content=\"de_DE\" \/>\n<meta property=\"og:type\" content=\"article\" \/>\n<meta property=\"og:title\" content=\"Tierische Filmhelden\" \/>\n<meta property=\"og:description\" content=\"Viel Spa\u00df beim St\u00f6bern durch unser kleines ABC der tierischen Hauptdarsteller im Film und Fernsehen!\" \/>\n<meta property=\"og:url\" content=\"https:\/\/uelzener.de\/magazin\/hund\/haeufige-fragen\/tierische-filmhelden\/\" \/>\n<meta property=\"og:site_name\" content=\"Uelzener Tier-Magazin\" \/>\n<meta property=\"article:publisher\" content=\"https:\/\/www.facebook.com\/Uelzener\" \/>\n<meta property=\"article:modified_time\" content=\"2023-10-23T13:47:08+00:00\" \/>\n<meta property=\"og:image\" content=\"https:\/\/uelzener.de\/magazin\/app\/uploads\/2023\/02\/hachiko-hund-filmheld.jpg\" \/>\n\t<meta property=\"og:image:width\" content=\"1025\" \/>\n\t<meta property=\"og:image:height\" content=\"450\" \/>\n\t<meta property=\"og:image:type\" content=\"image\/jpeg\" \/>\n<meta name=\"twitter:card\" content=\"summary_large_image\" \/>\n<meta name=\"twitter:label1\" content=\"Gesch\u00e4tzte Lesezeit\" \/>\n\t<meta name=\"twitter:data1\" content=\"4\u00a0Minuten\" \/>\n<script type=\"application\/ld+json\" class=\"yoast-schema-graph\">{\"@context\":\"https:\/\/schema.org\",\"@graph\":[{\"@type\":\"WebPage\",\"@id\":\"https:\/\/uelzener.de\/magazin\/hund\/haeufige-fragen\/tierische-filmhelden\/\",\"url\":\"https:\/\/uelzener.de\/magazin\/hund\/haeufige-fragen\/tierische-filmhelden\/\",\"name\":\"Tierische Filmhelden | Uelzener Magazin\",\"isPartOf\":{\"@id\":\"https:\/\/uelzener.de\/magazin\/#website\"},\"primaryImageOfPage\":{\"@id\":\"https:\/\/uelzener.de\/magazin\/hund\/haeufige-fragen\/tierische-filmhelden\/#primaryimage\"},\"image\":{\"@id\":\"https:\/\/uelzener.de\/magazin\/hund\/haeufige-fragen\/tierische-filmhelden\/#primaryimage\"},\"thumbnailUrl\":\"https:\/\/uelzener.de\/magazin\/app\/uploads\/2023\/02\/hachiko-hund-filmheld.jpg\",\"datePublished\":\"2023-05-04T05:46:31+00:00\",\"dateModified\":\"2023-10-23T13:47:08+00:00\",\"description\":\"Viel Spa\u00df beim St\u00f6bern durch unser kleines ABC der tierischen Hauptdarsteller im Film und Fernsehen!\",\"breadcrumb\":{\"@id\":\"https:\/\/uelzener.de\/magazin\/hund\/haeufige-fragen\/tierische-filmhelden\/#breadcrumb\"},\"inLanguage\":\"de\",\"potentialAction\":[{\"@type\":\"ReadAction\",\"target\":[\"https:\/\/uelzener.de\/magazin\/hund\/haeufige-fragen\/tierische-filmhelden\/\"]}]},{\"@type\":\"ImageObject\",\"inLanguage\":\"de\",\"@id\":\"https:\/\/uelzener.de\/magazin\/hund\/haeufige-fragen\/tierische-filmhelden\/#primaryimage\",\"url\":\"https:\/\/uelzener.de\/magazin\/app\/uploads\/2023\/02\/hachiko-hund-filmheld.jpg\",\"contentUrl\":\"https:\/\/uelzener.de\/magazin\/app\/uploads\/2023\/02\/hachiko-hund-filmheld.jpg\",\"width\":1025,\"height\":450,\"caption\":\"Hachiko-Statue in Japan. Das Leben des ber\u00fchmten Hundes wurde verfilmt.\"},{\"@type\":\"WebSite\",\"@id\":\"https:\/\/uelzener.de\/magazin\/#website\",\"url\":\"https:\/\/uelzener.de\/magazin\/\",\"name\":\"Uelzener Tiermagazin\",\"description\":\"Online Tierratgeber der Uelzener Versicherungen\",\"publisher\":{\"@id\":\"https:\/\/uelzener.de\/magazin\/#organization\"},\"potentialAction\":[{\"@type\":\"SearchAction\",\"target\":{\"@type\":\"EntryPoint\",\"urlTemplate\":\"https:\/\/uelzener.de\/magazin\/?s={search_term_string}\"},\"query-input\":{\"@type\":\"PropertyValueSpecification\",\"valueRequired\":true,\"valueName\":\"search_term_string\"}}],\"inLanguage\":\"de\"},{\"@type\":\"Organization\",\"@id\":\"https:\/\/uelzener.de\/magazin\/#organization\",\"name\":\"Uelzener Versicherungen\",\"url\":\"https:\/\/uelzener.de\/magazin\/\",\"logo\":{\"@type\":\"ImageObject\",\"inLanguage\":\"de\",\"@id\":\"https:\/\/uelzener.de\/magazin\/#\/schema\/logo\/image\/\",\"url\":\"https:\/\/uelzener.de\/magazin\/app\/uploads\/2024\/11\/uelzener_allgemeine_versicherungsgesellschaft_a_g_logo.jpg\",\"contentUrl\":\"https:\/\/uelzener.de\/magazin\/app\/uploads\/2024\/11\/uelzener_allgemeine_versicherungsgesellschaft_a_g_logo.jpg\",\"width\":200,\"height\":200,\"caption\":\"Uelzener Versicherungen\"},\"image\":{\"@id\":\"https:\/\/uelzener.de\/magazin\/#\/schema\/logo\/image\/\"},\"sameAs\":[\"https:\/\/www.facebook.com\/Uelzener\",\"https:\/\/instagram.com\/uelzener\",\"https:\/\/www.xing.com\/pages\/uelzenerallgemeineversicherungs-gesellschafta-g\",\"https:\/\/www.youtube.com\/UelzenerVersicherungen\"]}]}<\/script>\n<!-- \/ Yoast SEO Premium plugin. -->","yoast_head_json":{"title":"Tierische Filmhelden | Uelzener Magazin","description":"Viel Spa\u00df beim St\u00f6bern durch unser kleines ABC der tierischen Hauptdarsteller im Film und Fernsehen!","robots":{"index":"index","follow":"follow","max-snippet":"max-snippet:-1","max-image-preview":"max-image-preview:large","max-video-preview":"max-video-preview:-1"},"canonical":"https:\/\/uelzener.de\/magazin\/hund\/haeufige-fragen\/tierische-filmhelden\/","og_locale":"de_DE","og_type":"article","og_title":"Tierische Filmhelden","og_description":"Viel Spa\u00df beim St\u00f6bern durch unser kleines ABC der tierischen Hauptdarsteller im Film und Fernsehen!","og_url":"https:\/\/uelzener.de\/magazin\/hund\/haeufige-fragen\/tierische-filmhelden\/","og_site_name":"Uelzener Tier-Magazin","article_publisher":"https:\/\/www.facebook.com\/Uelzener","article_modified_time":"2023-10-23T13:47:08+00:00","og_image":[{"width":1025,"height":450,"url":"https:\/\/uelzener.de\/magazin\/app\/uploads\/2023\/02\/hachiko-hund-filmheld.jpg","type":"image\/jpeg"}],"twitter_card":"summary_large_image","twitter_misc":{"Gesch\u00e4tzte Lesezeit":"4\u00a0Minuten"},"schema":{"@context":"https:\/\/schema.org","@graph":[{"@type":"WebPage","@id":"https:\/\/uelzener.de\/magazin\/hund\/haeufige-fragen\/tierische-filmhelden\/","url":"https:\/\/uelzener.de\/magazin\/hund\/haeufige-fragen\/tierische-filmhelden\/","name":"Tierische Filmhelden | Uelzener Magazin","isPartOf":{"@id":"https:\/\/uelzener.de\/magazin\/#website"},"primaryImageOfPage":{"@id":"https:\/\/uelzener.de\/magazin\/hund\/haeufige-fragen\/tierische-filmhelden\/#primaryimage"},"image":{"@id":"https:\/\/uelzener.de\/magazin\/hund\/haeufige-fragen\/tierische-filmhelden\/#primaryimage"},"thumbnailUrl":"https:\/\/uelzener.de\/magazin\/app\/uploads\/2023\/02\/hachiko-hund-filmheld.jpg","datePublished":"2023-05-04T05:46:31+00:00","dateModified":"2023-10-23T13:47:08+00:00","description":"Viel Spa\u00df beim St\u00f6bern durch unser kleines ABC der tierischen Hauptdarsteller im Film und Fernsehen!","breadcrumb":{"@id":"https:\/\/uelzener.de\/magazin\/hund\/haeufige-fragen\/tierische-filmhelden\/#breadcrumb"},"inLanguage":"de","potentialAction":[{"@type":"ReadAction","target":["https:\/\/uelzener.de\/magazin\/hund\/haeufige-fragen\/tierische-filmhelden\/"]}]},{"@type":"ImageObject","inLanguage":"de","@id":"https:\/\/uelzener.de\/magazin\/hund\/haeufige-fragen\/tierische-filmhelden\/#primaryimage","url":"https:\/\/uelzener.de\/magazin\/app\/uploads\/2023\/02\/hachiko-hund-filmheld.jpg","contentUrl":"https:\/\/uelzener.de\/magazin\/app\/uploads\/2023\/02\/hachiko-hund-filmheld.jpg","width":1025,"height":450,"caption":"Hachiko-Statue in Japan. Das Leben des ber\u00fchmten Hundes wurde verfilmt."},{"@type":"WebSite","@id":"https:\/\/uelzener.de\/magazin\/#website","url":"https:\/\/uelzener.de\/magazin\/","name":"Uelzener Tiermagazin","description":"Online Tierratgeber der Uelzener Versicherungen","publisher":{"@id":"https:\/\/uelzener.de\/magazin\/#organization"},"potentialAction":[{"@type":"SearchAction","target":{"@type":"EntryPoint","urlTemplate":"https:\/\/uelzener.de\/magazin\/?s={search_term_string}"},"query-input":{"@type":"PropertyValueSpecification","valueRequired":true,"valueName":"search_term_string"}}],"inLanguage":"de"},{"@type":"Organization","@id":"https:\/\/uelzener.de\/magazin\/#organization","name":"Uelzener Versicherungen","url":"https:\/\/uelzener.de\/magazin\/","logo":{"@type":"ImageObject","inLanguage":"de","@id":"https:\/\/uelzener.de\/magazin\/#\/schema\/logo\/image\/","url":"https:\/\/uelzener.de\/magazin\/app\/uploads\/2024\/11\/uelzener_allgemeine_versicherungsgesellschaft_a_g_logo.jpg","contentUrl":"https:\/\/uelzener.de\/magazin\/app\/uploads\/2024\/11\/uelzener_allgemeine_versicherungsgesellschaft_a_g_logo.jpg","width":200,"height":200,"caption":"Uelzener Versicherungen"},"image":{"@id":"https:\/\/uelzener.de\/magazin\/#\/schema\/logo\/image\/"},"sameAs":["https:\/\/www.facebook.com\/Uelzener","https:\/\/instagram.com\/uelzener","https:\/\/www.xing.com\/pages\/uelzenerallgemeineversicherungs-gesellschafta-g","https:\/\/www.youtube.com\/UelzenerVersicherungen"]}]}},"_links":{"self":[{"href":"https:\/\/uelzener.de\/magazin\/wp-json\/wp\/v2\/pages\/14833","targetHints":{"allow":["GET"]}}],"collection":[{"href":"https:\/\/uelzener.de\/magazin\/wp-json\/wp\/v2\/pages"}],"about":[{"href":"https:\/\/uelzener.de\/magazin\/wp-json\/wp\/v2\/types\/page"}],"author":[{"embeddable":true,"href":"https:\/\/uelzener.de\/magazin\/wp-json\/wp\/v2\/users\/11"}],"replies":[{"embeddable":true,"href":"https:\/\/uelzener.de\/magazin\/wp-json\/wp\/v2\/comments?post=14833"}],"version-history":[{"count":6,"href":"https:\/\/uelzener.de\/magazin\/wp-json\/wp\/v2\/pages\/14833\/revisions"}],"predecessor-version":[{"id":16462,"href":"https:\/\/uelzener.de\/magazin\/wp-json\/wp\/v2\/pages\/14833\/revisions\/16462"}],"up":[{"embeddable":true,"href":"https:\/\/uelzener.de\/magazin\/wp-json\/wp\/v2\/pages\/11687"}],"wp:featuredmedia":[{"embeddable":true,"href":"https:\/\/uelzener.de\/magazin\/wp-json\/wp\/v2\/media\/14986"}],"wp:attachment":[{"href":"https:\/\/uelzener.de\/magazin\/wp-json\/wp\/v2\/media?parent=14833"}],"curies":[{"name":"wp","href":"https:\/\/api.w.org\/{rel}","templated":true}]}}