{"id":14790,"date":"2025-10-30T10:49:03","date_gmt":"2025-10-30T09:49:03","guid":{"rendered":"https:\/\/uelzener.de\/magazin\/?page_id=14790"},"modified":"2025-11-03T15:47:48","modified_gmt":"2025-11-03T14:47:48","slug":"socialmedia-gewinnspiel-lehrstunde-julia-krajewski","status":"publish","type":"page","link":"https:\/\/uelzener.de\/magazin\/wir\/socialmedia-gewinnspiel-lehrstunde-julia-krajewski\/","title":{"rendered":"Social Media Gewinnspiel Lehrstunde mit Julia Krajewski | Oktober 2025"},"content":{"rendered":"<p>Deine Chance auf ein Live-Training mit Olympia-Siegerin Julia Krajewski und deinem Pferd auf der Passion Pferd in Hannover am 05.12.2025 um 15 Uhr!\ud83c\udfc7<\/p>\n<h2><strong>Allgemeine Teilnahmebedingungen f\u00fcr Social Media-Gewinnspiel Lehrstunde mit Julia Krajewski<\/strong><\/h2>\n<p>Mit der Teilnahme an diesem Instagram-Gewinnspiel, das von der Uelzener Allgemeine Versicherungs-Gesellschaft\u00a0a.\u00a0G. veranstaltet wird, erkl\u00e4rt ihr euch mit den vorliegenden Teilnahmebedingungen einverstanden.<\/p>\n<h3><strong>1. Teilnahme am Instagram-Gewinnspiel<\/strong><\/h3>\n<p>Voraussetzung: Du reitest sicher auf L-Niveau in der Vielseitigkeit und hast am 05.12.2025 Zeit, mit deinem Pferd zur Passion Pferd nach Hannover zu kommen.<\/p>\n<p>Um an diesem Gewinnspiel teilzunehmen,<\/p>\n<ul>\n<li>Reicht ein Reit-Video bis zum 09.11.25 23:59 Uhr ein. Das Video sollte maximal 3 Minuten lang sein und dein Pferd und dich beim Gel\u00e4ndetraining oder auf dem Turnier zeigen. \ud83c\udfa5 Sende das Video an: <a href=\"mailto:laura@equievent.marketing\">laura@equievent.marketing<\/a><\/li>\n<li>folgt uns und Julia Krajewski auf Instagram unter <a href=\"https:\/\/www.instagram.com\/uelzener\/\">https:\/\/www.instagram.com\/uelzener\/<\/a> und <a href=\"https:\/\/www.instagram.com\/julia_krajewski\/\">https:\/\/www.instagram.com\/julia_krajewski\/<\/a>,<\/li>\n<li>Kommentiert den Beitrag mit dem Pferde-Emoji, wenn ihr Punkt 1 und 2 erledigt habt<\/li>\n<\/ul>\n<p>Um eure Gewinnchancen zu erh\u00f6hen, teilt den Gewinnspiel-Beitrag in eurer Story und markiert uns darin.<\/p>\n<p>Die Teilnahme am Gewinnspiel ist kostenlos.<\/p>\n<h3><strong>2. Teilnahmeberechtigung<\/strong><\/h3>\n<p>Teilnahmeberechtigt sind nat\u00fcrliche Personen, die zum Zeitpunkt der Teilnahme mindestens 18 Jahre alt sind. Mitarbeiter:innen der Uelzener Allgemeine Versicherungs-Gesellschaft\u00a0a.\u00a0G. und der beteiligten Kooperationspartner sowie jeweils deren Angeh\u00f6rige d\u00fcrfen nicht an diesem Gewinnspiel teilnehmen.<\/p>\n<p>Jede Person darf nur einmal am Gewinnspiel teilnehmen.<\/p>\n<h3><strong>3. Verlauf des Gewinnspiels<\/strong><\/h3>\n<p>Verlosung: insgesamt<em> 1 Platz f\u00fcr eine Lehrstunde mit Julia Krajewski am 05.12.2025 um 15 Uhr auf der Passion Pferd in Hannover<\/em><\/p>\n<p>Eine Teilnahme am Gewinnspiel ist m\u00f6glich in der Zeit vom 30.10.2025 12:00 Uhr bis 09.11.2025 23:59 Uhr. Vergeben wird insgesamt eine <em>Lehrstunde mit Julia Krajewski auf der Passion Pferd.<\/em><\/p>\n<p>Nach Teilnahmeschluss werden die Videos von Julia Krajewski gesichtet und dann ausgelost. Der\/die jeweilige Gewinner:in wird unter allen Teilnehmer:innen, die innerhalb des Teilnahmezeitraums die oben genannten Bedinungen erf\u00fcllt haben (Ziffer 1 dieser Teilnahmebedingungen), durch das Los per Zufallsprinzip ermittelt und auf Instagram per privater Nachricht bis sp\u00e4testens 17.11.2025 \u00fcber den Gewinn informiert. Die jeweiligen Gewinner:innen m\u00fcssen innerhalb von zwei Werktagen auf diese Gewinnbenachrichtigung reagieren. Meldet sich der\/die jeweilige Gewinner:in nicht innerhalb der genannten Frist auf unsere Gewinnbenachrichtigung hin, geht der Gewinnanspruch verloren und der Gewinn kann auf eine:n andere:n Teilnehmer:in \u00fcbertragen werden.<\/p>\n<p>Der Gewinn ist vom Umtausch ausgeschlossen und nicht an Dritte \u00fcbertragbar.<\/p>\n<h3><strong>4. Datenschutz<\/strong><\/h3>\n<p>Die Speicherung der bei Gewinnspiel-Teilnahme erhobenen personenbezogenen Daten, wie Instagram-Name, Vor- und Nachname sowie E-Mail-Adresse, werden ausschlie\u00dflich f\u00fcr die Ermittlung und Kontaktierung zum Zwecke der Lehrstunde verwendet. Eure Daten werden im Anschluss an das Gewinnspiel bei uns gel\u00f6scht. Eine \u00fcber die unter Ziffer 3 genannte hinausgehende Verarbeitung eurer personenbezogenen Daten erfolgt nicht.<\/p>\n<p>Es steht den Teilnehmer:innen jederzeit frei, per E-Mail unter <a href=\"mailto:datenschutz@uelzener.de\">datenschutz@uelzener.de<\/a> die Einwilligung in die Speicherung ihrer Daten zu widerrufen und somit von der Teilnahme zur\u00fcckzutreten.<\/p>\n<p>Im \u00dcbrigen gelten die Bestimmungen zum Datenschutz <a href=\"http:\/\/www.uelzener.de\/datenschutz\">www.uelzener.de\/datenschutz<\/a>.<\/p>\n<h3><strong>5. Haftungsausschluss<\/strong><\/h3>\n<p>Der Rechtsweg ist hinsichtlich der Durchf\u00fchrung des Gewinnspiels ausgeschlossen. F\u00fcr technische St\u00f6rungen, Ausf\u00e4lle des Telefonnetzes, des Netzwerks, der Elektronik oder der Computer kann der Veranstalter nicht verantwortlich gemacht werden.<\/p>\n<h3><strong>6. Veranstalter<\/strong><\/h3>\n<p>Dieses Gewinnspiel wird von der Uelzener Allgemeine Versicherungs-Gesellschaft\u00a0a.\u00a0G. veranstaltet. Das Gewinnspiel steht in keiner Verbindung zu Instagram und wird in keiner Weise von Instagram gesponsert, unterst\u00fctzt und organisiert.<br \/>\nDer Veranstalter ist berechtigt, Teilnehmer:innen zu disqualifizieren, die gegen die Teilnahmebedingungen und\/oder die guten Sitten versto\u00dfen und\/oder anderweitig in unlauterer Weise versuchen, das Gewinnspiel zu beeinflussen.<\/p>\n<p>Uelzener Allgemeine Versicherungs-Gesellschaft a.\u00a0G.<br \/>\nVeer\u00dfer Str. 65\/67<br \/>\n29525 Uelzen<br \/>\nTel: 0581 \u2013 8070-0<br \/>\nE-Mail: <a href=\"mailto:socialmedia@uelzener.de\">socialmedia@uelzener.de<\/a><\/p>\n","protected":false},"excerpt":{"rendered":"<p>Deine Chance auf ein Live-Training mit Olympia-Siegerin Julia Krajewski und deinem Pferd auf der Passion Pferd in Hannover am 05.12.2025 um 15 Uhr!\ud83c\udfc7 Allgemeine Teilnahmebedingungen f\u00fcr Social Media-Gewinnspiel Lehrstunde mit Julia Krajewski Mit der Teilnahme an diesem Instagram-Gewinnspiel, das von der Uelzener Allgemeine Versicherungs-Gesellschaft\u00a0a.\u00a0G. veranstaltet wird, erkl\u00e4rt ihr euch mit den vorliegenden Teilnahmebedingungen einverstanden. 1. [&hellip;]<\/p>\n","protected":false},"author":3,"featured_media":19387,"parent":2469,"menu_order":15,"comment_status":"closed","ping_status":"closed","template":"templates\/blog.php","meta":{"_acf_changed":false,"_crdt_document":"","footnotes":"","beyondwords_generate_audio":"","beyondwords_project_id":"","beyondwords_content_id":"","beyondwords_preview_token":"","beyondwords_player_style":"","beyondwords_language_id":"","beyondwords_title_voice_id":"","beyondwords_body_voice_id":"","beyondwords_summary_voice_id":"","beyondwords_error_message":"","beyondwords_disabled":"","beyondwords_delete_content":"","beyondwords_podcast_id":"","beyondwords_hash":"","publish_post_to_speechkit":"","speechkit_hash":"","speechkit_generate_audio":"","speechkit_project_id":"","speechkit_podcast_id":"","speechkit_error_message":"","speechkit_disabled":"","speechkit_access_key":"","speechkit_error":"","speechkit_info":"","speechkit_response":"","speechkit_retries":"","speechkit_status":"","speechkit_updated_at":"","_speechkit_link":"","_speechkit_text":""},"class_list":["post-14790","page","type-page","status-publish","has-post-thumbnail","hentry"],"acf":[],"yoast_head":"<!-- This site is optimized with the Yoast SEO Premium plugin  - https:\/\/yoast.com\/product\/yoast-seo-premium-wordpress\/ -->\n<title>Social Media Gewinnspiel Lehrstunde mit Julia Krajewski | Oktober 2025 | Uelzener Magazin<\/title>\n<meta name=\"description\" content=\"Mach mit und gewinne eine Lehrstunde bei Olympia-Siegerin Julia Krajewski auf der Passion Pferd am 05.12.2025 in Hannover!\" \/>\n<meta name=\"robots\" content=\"index, follow, max-snippet:-1, max-image-preview:large, max-video-preview:-1\" \/>\n<link rel=\"canonical\" href=\"https:\/\/uelzener.de\/magazin\/wir\/socialmedia-gewinnspiel-lehrstunde-julia-krajewski\/\" \/>\n<meta property=\"og:locale\" content=\"de_DE\" \/>\n<meta property=\"og:type\" content=\"article\" \/>\n<meta property=\"og:title\" content=\"Social Media Gewinnspiel Lehrstunde mit Julia Krajewski | Oktober 2025\" \/>\n<meta property=\"og:description\" content=\"Mach mit und gewinne eine Lehrstunde bei Olympia-Siegerin Julia Krajewski auf der Passion Pferd am 05.12.2025 in Hannover!\" \/>\n<meta property=\"og:url\" content=\"https:\/\/uelzener.de\/magazin\/wir\/socialmedia-gewinnspiel-lehrstunde-julia-krajewski\/\" \/>\n<meta property=\"og:site_name\" content=\"Uelzener Tier-Magazin\" \/>\n<meta property=\"article:publisher\" content=\"https:\/\/www.facebook.com\/Uelzener\" \/>\n<meta property=\"article:modified_time\" content=\"2025-11-03T14:47:48+00:00\" \/>\n<meta property=\"og:image\" content=\"https:\/\/uelzener.de\/magazin\/app\/uploads\/2025\/10\/27-_F8A1491_Erweitert.jpg\" \/>\n\t<meta property=\"og:image:width\" content=\"1024\" \/>\n\t<meta property=\"og:image:height\" content=\"465\" \/>\n\t<meta property=\"og:image:type\" content=\"image\/jpeg\" \/>\n<meta name=\"twitter:card\" content=\"summary_large_image\" \/>\n<meta name=\"twitter:label1\" content=\"Gesch\u00e4tzte Lesezeit\" \/>\n\t<meta name=\"twitter:data1\" content=\"4\u00a0Minuten\" \/>\n<script type=\"application\/ld+json\" class=\"yoast-schema-graph\">{\"@context\":\"https:\\\/\\\/schema.org\",\"@graph\":[{\"@type\":\"WebPage\",\"@id\":\"https:\\\/\\\/uelzener.de\\\/magazin\\\/wir\\\/socialmedia-gewinnspiel-lehrstunde-julia-krajewski\\\/\",\"url\":\"https:\\\/\\\/uelzener.de\\\/magazin\\\/wir\\\/socialmedia-gewinnspiel-lehrstunde-julia-krajewski\\\/\",\"name\":\"Social Media Gewinnspiel Lehrstunde mit Julia Krajewski | Oktober 2025 | Uelzener Magazin\",\"isPartOf\":{\"@id\":\"https:\\\/\\\/uelzener.de\\\/magazin\\\/#website\"},\"primaryImageOfPage\":{\"@id\":\"https:\\\/\\\/uelzener.de\\\/magazin\\\/wir\\\/socialmedia-gewinnspiel-lehrstunde-julia-krajewski\\\/#primaryimage\"},\"image\":{\"@id\":\"https:\\\/\\\/uelzener.de\\\/magazin\\\/wir\\\/socialmedia-gewinnspiel-lehrstunde-julia-krajewski\\\/#primaryimage\"},\"thumbnailUrl\":\"https:\\\/\\\/uelzener.de\\\/magazin\\\/app\\\/uploads\\\/2025\\\/10\\\/27-_F8A1491_Erweitert.jpg\",\"datePublished\":\"2025-10-30T09:49:03+00:00\",\"dateModified\":\"2025-11-03T14:47:48+00:00\",\"description\":\"Mach mit und gewinne eine Lehrstunde bei Olympia-Siegerin Julia Krajewski auf der Passion Pferd am 05.12.2025 in Hannover!\",\"breadcrumb\":{\"@id\":\"https:\\\/\\\/uelzener.de\\\/magazin\\\/wir\\\/socialmedia-gewinnspiel-lehrstunde-julia-krajewski\\\/#breadcrumb\"},\"inLanguage\":\"de\",\"potentialAction\":[{\"@type\":\"ReadAction\",\"target\":[\"https:\\\/\\\/uelzener.de\\\/magazin\\\/wir\\\/socialmedia-gewinnspiel-lehrstunde-julia-krajewski\\\/\"]}]},{\"@type\":\"ImageObject\",\"inLanguage\":\"de\",\"@id\":\"https:\\\/\\\/uelzener.de\\\/magazin\\\/wir\\\/socialmedia-gewinnspiel-lehrstunde-julia-krajewski\\\/#primaryimage\",\"url\":\"https:\\\/\\\/uelzener.de\\\/magazin\\\/app\\\/uploads\\\/2025\\\/10\\\/27-_F8A1491_Erweitert.jpg\",\"contentUrl\":\"https:\\\/\\\/uelzener.de\\\/magazin\\\/app\\\/uploads\\\/2025\\\/10\\\/27-_F8A1491_Erweitert.jpg\",\"width\":11122,\"height\":5049,\"caption\":\"Olympia-Siegerin Julia Krajewski steht mit ihrem braunen Pferd Nickel auf einer Wiese\"},{\"@type\":\"WebSite\",\"@id\":\"https:\\\/\\\/uelzener.de\\\/magazin\\\/#website\",\"url\":\"https:\\\/\\\/uelzener.de\\\/magazin\\\/\",\"name\":\"Uelzener Tiermagazin\",\"description\":\"Online Tierratgeber der Uelzener Versicherungen\",\"publisher\":{\"@id\":\"https:\\\/\\\/uelzener.de\\\/magazin\\\/#organization\"},\"potentialAction\":[{\"@type\":\"SearchAction\",\"target\":{\"@type\":\"EntryPoint\",\"urlTemplate\":\"https:\\\/\\\/uelzener.de\\\/magazin\\\/?s={search_term_string}\"},\"query-input\":{\"@type\":\"PropertyValueSpecification\",\"valueRequired\":true,\"valueName\":\"search_term_string\"}}],\"inLanguage\":\"de\"},{\"@type\":\"Organization\",\"@id\":\"https:\\\/\\\/uelzener.de\\\/magazin\\\/#organization\",\"name\":\"Uelzener Versicherungen\",\"url\":\"https:\\\/\\\/uelzener.de\\\/magazin\\\/\",\"logo\":{\"@type\":\"ImageObject\",\"inLanguage\":\"de\",\"@id\":\"https:\\\/\\\/uelzener.de\\\/magazin\\\/#\\\/schema\\\/logo\\\/image\\\/\",\"url\":\"https:\\\/\\\/uelzener.de\\\/magazin\\\/app\\\/uploads\\\/2024\\\/11\\\/uelzener_allgemeine_versicherungsgesellschaft_a_g_logo.jpg\",\"contentUrl\":\"https:\\\/\\\/uelzener.de\\\/magazin\\\/app\\\/uploads\\\/2024\\\/11\\\/uelzener_allgemeine_versicherungsgesellschaft_a_g_logo.jpg\",\"width\":200,\"height\":200,\"caption\":\"Uelzener Versicherungen\"},\"image\":{\"@id\":\"https:\\\/\\\/uelzener.de\\\/magazin\\\/#\\\/schema\\\/logo\\\/image\\\/\"},\"sameAs\":[\"https:\\\/\\\/www.facebook.com\\\/Uelzener\",\"https:\\\/\\\/instagram.com\\\/uelzener\",\"https:\\\/\\\/www.xing.com\\\/pages\\\/uelzenerallgemeineversicherungs-gesellschafta-g\",\"https:\\\/\\\/www.youtube.com\\\/UelzenerVersicherungen\"]}]}<\/script>\n<!-- \/ Yoast SEO Premium plugin. -->","yoast_head_json":{"title":"Social Media Gewinnspiel Lehrstunde mit Julia Krajewski | Oktober 2025 | Uelzener Magazin","description":"Mach mit und gewinne eine Lehrstunde bei Olympia-Siegerin Julia Krajewski auf der Passion Pferd am 05.12.2025 in Hannover!","robots":{"index":"index","follow":"follow","max-snippet":"max-snippet:-1","max-image-preview":"max-image-preview:large","max-video-preview":"max-video-preview:-1"},"canonical":"https:\/\/uelzener.de\/magazin\/wir\/socialmedia-gewinnspiel-lehrstunde-julia-krajewski\/","og_locale":"de_DE","og_type":"article","og_title":"Social Media Gewinnspiel Lehrstunde mit Julia Krajewski | Oktober 2025","og_description":"Mach mit und gewinne eine Lehrstunde bei Olympia-Siegerin Julia Krajewski auf der Passion Pferd am 05.12.2025 in Hannover!","og_url":"https:\/\/uelzener.de\/magazin\/wir\/socialmedia-gewinnspiel-lehrstunde-julia-krajewski\/","og_site_name":"Uelzener Tier-Magazin","article_publisher":"https:\/\/www.facebook.com\/Uelzener","article_modified_time":"2025-11-03T14:47:48+00:00","og_image":[{"url":"https:\/\/uelzener.de\/magazin\/app\/uploads\/2025\/10\/27-_F8A1491_Erweitert.jpg","width":1024,"height":465,"type":"image\/jpeg"}],"twitter_card":"summary_large_image","twitter_misc":{"Gesch\u00e4tzte Lesezeit":"4\u00a0Minuten"},"schema":{"@context":"https:\/\/schema.org","@graph":[{"@type":"WebPage","@id":"https:\/\/uelzener.de\/magazin\/wir\/socialmedia-gewinnspiel-lehrstunde-julia-krajewski\/","url":"https:\/\/uelzener.de\/magazin\/wir\/socialmedia-gewinnspiel-lehrstunde-julia-krajewski\/","name":"Social Media Gewinnspiel Lehrstunde mit Julia Krajewski | Oktober 2025 | Uelzener Magazin","isPartOf":{"@id":"https:\/\/uelzener.de\/magazin\/#website"},"primaryImageOfPage":{"@id":"https:\/\/uelzener.de\/magazin\/wir\/socialmedia-gewinnspiel-lehrstunde-julia-krajewski\/#primaryimage"},"image":{"@id":"https:\/\/uelzener.de\/magazin\/wir\/socialmedia-gewinnspiel-lehrstunde-julia-krajewski\/#primaryimage"},"thumbnailUrl":"https:\/\/uelzener.de\/magazin\/app\/uploads\/2025\/10\/27-_F8A1491_Erweitert.jpg","datePublished":"2025-10-30T09:49:03+00:00","dateModified":"2025-11-03T14:47:48+00:00","description":"Mach mit und gewinne eine Lehrstunde bei Olympia-Siegerin Julia Krajewski auf der Passion Pferd am 05.12.2025 in Hannover!","breadcrumb":{"@id":"https:\/\/uelzener.de\/magazin\/wir\/socialmedia-gewinnspiel-lehrstunde-julia-krajewski\/#breadcrumb"},"inLanguage":"de","potentialAction":[{"@type":"ReadAction","target":["https:\/\/uelzener.de\/magazin\/wir\/socialmedia-gewinnspiel-lehrstunde-julia-krajewski\/"]}]},{"@type":"ImageObject","inLanguage":"de","@id":"https:\/\/uelzener.de\/magazin\/wir\/socialmedia-gewinnspiel-lehrstunde-julia-krajewski\/#primaryimage","url":"https:\/\/uelzener.de\/magazin\/app\/uploads\/2025\/10\/27-_F8A1491_Erweitert.jpg","contentUrl":"https:\/\/uelzener.de\/magazin\/app\/uploads\/2025\/10\/27-_F8A1491_Erweitert.jpg","width":11122,"height":5049,"caption":"Olympia-Siegerin Julia Krajewski steht mit ihrem braunen Pferd Nickel auf einer Wiese"},{"@type":"WebSite","@id":"https:\/\/uelzener.de\/magazin\/#website","url":"https:\/\/uelzener.de\/magazin\/","name":"Uelzener Tiermagazin","description":"Online Tierratgeber der Uelzener Versicherungen","publisher":{"@id":"https:\/\/uelzener.de\/magazin\/#organization"},"potentialAction":[{"@type":"SearchAction","target":{"@type":"EntryPoint","urlTemplate":"https:\/\/uelzener.de\/magazin\/?s={search_term_string}"},"query-input":{"@type":"PropertyValueSpecification","valueRequired":true,"valueName":"search_term_string"}}],"inLanguage":"de"},{"@type":"Organization","@id":"https:\/\/uelzener.de\/magazin\/#organization","name":"Uelzener Versicherungen","url":"https:\/\/uelzener.de\/magazin\/","logo":{"@type":"ImageObject","inLanguage":"de","@id":"https:\/\/uelzener.de\/magazin\/#\/schema\/logo\/image\/","url":"https:\/\/uelzener.de\/magazin\/app\/uploads\/2024\/11\/uelzener_allgemeine_versicherungsgesellschaft_a_g_logo.jpg","contentUrl":"https:\/\/uelzener.de\/magazin\/app\/uploads\/2024\/11\/uelzener_allgemeine_versicherungsgesellschaft_a_g_logo.jpg","width":200,"height":200,"caption":"Uelzener Versicherungen"},"image":{"@id":"https:\/\/uelzener.de\/magazin\/#\/schema\/logo\/image\/"},"sameAs":["https:\/\/www.facebook.com\/Uelzener","https:\/\/instagram.com\/uelzener","https:\/\/www.xing.com\/pages\/uelzenerallgemeineversicherungs-gesellschafta-g","https:\/\/www.youtube.com\/UelzenerVersicherungen"]}]}},"_links":{"self":[{"href":"https:\/\/uelzener.de\/magazin\/wp-json\/wp\/v2\/pages\/14790","targetHints":{"allow":["GET"]}}],"collection":[{"href":"https:\/\/uelzener.de\/magazin\/wp-json\/wp\/v2\/pages"}],"about":[{"href":"https:\/\/uelzener.de\/magazin\/wp-json\/wp\/v2\/types\/page"}],"author":[{"embeddable":true,"href":"https:\/\/uelzener.de\/magazin\/wp-json\/wp\/v2\/users\/3"}],"replies":[{"embeddable":true,"href":"https:\/\/uelzener.de\/magazin\/wp-json\/wp\/v2\/comments?post=14790"}],"version-history":[{"count":9,"href":"https:\/\/uelzener.de\/magazin\/wp-json\/wp\/v2\/pages\/14790\/revisions"}],"predecessor-version":[{"id":19388,"href":"https:\/\/uelzener.de\/magazin\/wp-json\/wp\/v2\/pages\/14790\/revisions\/19388"}],"up":[{"embeddable":true,"href":"https:\/\/uelzener.de\/magazin\/wp-json\/wp\/v2\/pages\/2469"}],"wp:featuredmedia":[{"embeddable":true,"href":"https:\/\/uelzener.de\/magazin\/wp-json\/wp\/v2\/media\/19387"}],"wp:attachment":[{"href":"https:\/\/uelzener.de\/magazin\/wp-json\/wp\/v2\/media?parent=14790"}],"curies":[{"name":"wp","href":"https:\/\/api.w.org\/{rel}","templated":true}]}}