{"id":14688,"date":"2023-01-11T14:33:24","date_gmt":"2023-01-11T13:33:24","guid":{"rendered":"https:\/\/uelzener.de\/magazin\/?page_id=14688"},"modified":"2025-09-29T14:07:30","modified_gmt":"2025-09-29T12:07:30","slug":"bindehautentzuendung-beim-hund","status":"publish","type":"page","link":"https:\/\/uelzener.de\/magazin\/hund\/tiergesundheit\/bindehautentzuendung-beim-hund\/","title":{"rendered":"Bindehautentz\u00fcndung beim Hund erkennen und behandeln"},"content":{"rendered":"<p>Dem Hund tr\u00e4nen die Augen, er hat geschwollene Lider und eine ger\u00f6tete Bindehaut. Immer wieder versucht er mit der Pfote am Auge zu reiben. Alles deutet auf eine Bindehautentz\u00fcndung hin, auch Konjunktivitis genannt. \u00c4hnlich wie Menschen k\u00f6nnen auch Hunde eine Bindehautentz\u00fcndung entwickeln.<\/p>\n<p>Im Unterschied zu uns Menschen sind Hunde mit drei Augenlidern ausgestattet: neben dem oberen und unteren Augenlid, befindet sich am inneren Augenwinkel die Nickhaut. Bei einer Bindehautentz\u00fcndung sind die Schleimh\u00e4ute, die sich an der Innenseite des Lids befinden, gereizt und entz\u00fcndet.<\/p>\n<p>Da diese Entz\u00fcndung unterschiedliche Ursachen haben kann, ist es sehr wichtig den genauen Grund f\u00fcr die Beschwerden festzustellen. Ist die Entz\u00fcndung beispielsweise durch einen Fremdk\u00f6rper verursacht, muss dieser so schnell wie m\u00f6glich entfernt werden. Liegt wom\u00f6glich eine bakterielle Infektion vor, sollte diese schnell behandelt werden. Unbehandelt drohen bei einer Bindehautentz\u00fcndung Sch\u00e4digungen des Auges.<\/p>\n<p>So kann sich eine chronische Bindehautentz\u00fcndung entwickeln, die den Allgemeinzustand dauerhaft beeintr\u00e4chtigt und wom\u00f6glich die Hornhaut sch\u00e4digen kann. Vor allem aber verl\u00e4ngert eine unbehandelte Erkrankung die Zeit, in der der vierbeinige Freund Schmerzen leidet.<\/p>\n<h2>Ursache<\/h2>\n<p>Eine Bindehautentz\u00fcndung kann durch unterschiedliche Ursachen hervorgerufen werden.<\/p>\n<p>Es kann sich um eine durch Erreger hervorgerufene Infektion handeln:<\/p>\n<ul>\n<li>Infektion mit Viren<\/li>\n<li>Infektion durch Bakterien<\/li>\n<li>Infektion durch Pilzen<\/li>\n<\/ul>\n<p>Die durch Viren, Bakterien oder Pilze hervorgerufene Bindehautentz\u00fcndung kann ansteckend sein. Daher sollte man sich bem\u00fchen, dass der Hund den Kontakt zu anderen Tieren meidet. Au\u00dferdem ist es ganz besonders wichtig, selbst auf eine gute Handhygiene zu achten und sich w\u00e4hrend oder nach dem Kontakt mit dem Hund nicht in das eigene Gesicht zu fassen. Denn eine Bindehautentz\u00fcndung kann vom Hund auf den Menschen \u00fcbertragen werden.<\/p>\n<p>Neben der Infektion durch Viren, Bakterien und Pilzen, kommen folgende Ursachen f\u00fcr eine Bindehautentz\u00fcndung infrage:<\/p>\n<ul>\n<li>Fremdk\u00f6rper, die die Schleimh\u00e4ute reizen, wie beispielsweise Grassamen<\/li>\n<li>Verletzungen durch Gegenst\u00e4nde oder im Spiel oder Kampf mit anderen Hunden<\/li>\n<li>Stellung der Augenlider, die sich nach innen oder au\u00dfen rollen und so zu einem unzureichenden Lidschluss f\u00fchren. Dies hat zur Folge, dass die Augen nicht ausreichend befeuchtet werden und die Bindehaut sich leichter entz\u00fcnden kann.<\/li>\n<li>Fehlgewachsene Wimpern, sogenannte Distichien, die auf der Innenseite der Lider herauswachsen und so st\u00e4ndig auf dem Auge reiben. Dies f\u00fchrt zur Reizung oder gar Verletzung der Hornhaut, was sehr schmerzhaft sein kann und den Hund so zu vermehrtem Scheuern animiert.<\/li>\n<li>Allergien, wie zum Beispiel auf Pollen oder Gr\u00e4ser.<\/li>\n<li>Zugluft, die gerade im <a href=\"https:\/\/uelzener.de\/magazin\/hund\/tipps-fuer-den-alltag\/fruehling-mit-hund-7-tipps-fuer-eine-unbeschwerte-zeit\/\">Fr\u00fchling<\/a> und Sommer ein Problem bei offenstehenden Fenstern oder Fahrten mit dem <a href=\"https:\/\/uelzener.de\/magazin\/hund\/erziehung-und-training\/hund-im-auto\/\">Hund im Auto<\/a>.<\/li>\n<\/ul>\n<p>Bei jungen Hunden im Alter bis zu drei Jahren stellt man h\u00e4ufig eine besondere Form der Bindehautentz\u00fcndung fest:<\/p>\n<ul>\n<li>Conjunctivitis follicularis: Das Immunsystem des Hundes ist in den ersten Lebensjahren noch nicht vollst\u00e4ndig ausgebildet. Als Reaktion auf \u00e4u\u00dfere Reize, wie Wind oder Grassamen, reagiert das Immunsystem mit einer Vermehrung von Immunzellen, wodurch sich die Lymphfollikel in der Bindehaut vergr\u00f6\u00dfern. Auf diese Weise bilden sich Bl\u00e4schen hinter dem dritten Augenlid des Hundes und diese reizen die Bindehaut, sodass es zu einer Entz\u00fcndung kommen kann.<\/li>\n<\/ul>\n<p>Wir haben nun eine Vielzahl an Ursachen f\u00fcr eine Bindehautentz\u00fcndung kennengelernt. Diese \u00e4u\u00dfern sich in sehr \u00e4hnlichen Symptomen.<\/p>\n<h2>Symptome einer Bindehautz\u00fcndung beim Hund<\/h2>\n<p>Bei einer Bindehautentz\u00fcndung k\u00f6nnen folgende Symptome auftreten. Wobei nicht immer alle Symptome auftreten m\u00fcssen.<\/p>\n<ul>\n<li>tr\u00e4nende Augen (bei schwererem Verlauf mit eitrigem Ausfluss)<\/li>\n<li>ger\u00f6tete Bindehaut<\/li>\n<li>geschwollene Augenlider,<\/li>\n<li>Juckreiz, der sich darin \u00e4u\u00dfert, dass der Hund versucht, das Auge zu reiben<\/li>\n<li>Blinzeln<\/li>\n<li>der Hund reagiert lichtempfindlich und versucht Helligkeit zu vermeiden<\/li>\n<\/ul>\n<p>Eine Bindehautentz\u00fcndung ist f\u00fcr den Hund schmerzhaft. Au\u00dferdem kann sie zu Folgesch\u00e4den f\u00fchren. Daher ist eine m\u00f6glichst rasche Behandlung durch die tier\u00e4rztliche Praxis n\u00f6tig. Dabei kann \u00fcberdies gepr\u00fcft werden, ob der Hund wom\u00f6glich unter einer Hornhautentz\u00fcndung leidet. Diese kann im Zweifel nur bei einer tier\u00e4rztlichen Untersuchung festgestellt werden. Hornhautverletzungen sind sehr schmerzhaft und k\u00f6nnen unbehandelt je nach Schwere zu Blindheit oder Verlust des Augapfels f\u00fchren. Daher ist bei l\u00e4nger andauernden und schmerzhaften Symptomen auf jeden Fall ein Besuch in der tier\u00e4rztlichen Praxis notwendig.<\/p>\n\n<div class=\"related_articles boxed\">\n    <h2>Mehr zum Thema<\/h2>\n    \n    <div class=\"wrapper\"><div class=\"title align-center\"><h3><a href=\"https:\/\/uelzener.de\/magazin\/hund\/haeufige-fragen\/blinde-hunde\/\">Blinde Hunde: Tipps f\u00fcr ein gl\u00fcckliches Hundeleben trotz Handicap<\/a><\/h3><\/div><div class=\"img align-center\"><img decoding=\"async\" width=\"315\" height=\"180\" src=\"https:\/\/uelzener.de\/magazin\/app\/uploads\/2023\/07\/blinde-hunde-315x180.jpg\" class=\"attachment-315x180 size-315x180 wp-post-image\" alt=\"Ein blinder Hund genie\u00dft die frische Luft am See.\" \/><\/div><\/div><div class=\"wrapper\"><div class=\"title align-center\"><h3><a href=\"https:\/\/uelzener.de\/magazin\/katze\/tiergesundheit\/entropium-beim-hund\/\">Entropium beim Hund: Wenn das Augenlid Probleme bereitet<\/a><\/h3><\/div><div class=\"img align-center\"><img decoding=\"async\" width=\"315\" height=\"180\" src=\"https:\/\/uelzener.de\/magazin\/app\/uploads\/2025\/01\/hund-entropium-315x180.jpg\" class=\"attachment-315x180 size-315x180 wp-post-image\" alt=\"Hund wird untersucht auf Entropium.\" \/><\/div><\/div><\/div>\n\n<h2>Behandlung<\/h2>\n<p>Bei der Behandlung der Bindehautentz\u00fcndung kommen zumeist Augentropfen und Augensalben zur Anwendung. Bei einer Reizung durch Fremdk\u00f6rper kann eine Sp\u00fclung zur Reinigung des Auges notwendig sein.<\/p>\n<ul>\n<li>Augentropfen: Es gibt Pr\u00e4parate, die lediglich die Augen feucht halten und so die Heilung unterst\u00fctzen. Bei einer bakteriellen Infektion bekommt man jedoch auch Augentropfen, die Antibiotika enthalten. Zudem k\u00f6nnen antivirale Augentropfen oder Tropfen gegen allergische Reaktionen verschrieben werden. Daneben gibt es antimykotische Augentropfen zur Behandlung einer durch Pilze hervorgerufene Bindehautentz\u00fcndung.<\/li>\n<li>Augensalben: Sie halten die Augen feucht und f\u00f6rdern so die Heilung der Bindehautentz\u00fcndung. Zudem gibt es wirkstoffhaltige Augensalben, die bei infekti\u00f6ser Bindehautentz\u00fcndung helfen.<\/li>\n<li>Augensp\u00fclung: Diese reinigt das Auge und befreit es von Keimen. Gerade, wenn die Bindehautentz\u00fcndung durch Fremdk\u00f6rper hervorgerufen wurde, eine wichtige Ma\u00dfnahme.<\/li>\n<\/ul>\n<p>Erg\u00e4nzend und nach Absprache mit der oder dem Tier\u00e4rzt:in k\u00f6nnen Hausmittel zur Unterst\u00fctzung eingesetzt werden.<\/p>\n<h2>Hausmittel<\/h2>\n<p>Beim Einsatz von Hausmitteln ist Vorsicht geboten. Denn einige k\u00f6nnen das Auge sogar zus\u00e4tzlich reizen. So h\u00f6rt man immer mal die Empfehlung, mit Kamillentee oder schwarzem Tee zu sp\u00fclen. Davon ist jedoch dringend abzuraten, weil die Tees die Augen zus\u00e4tzlich reizen und die Beschwerden noch verschlimmern k\u00f6nnte.<\/p>\n<p>Nach R\u00fccksprache mit dem Tierarzt oder der Tier\u00e4rztin kann man die Behandlung jedoch durchaus mit einigen geeigneten Hausmitteln unterst\u00fctzen. Beispiele hierf\u00fcr sind Salben und Tropfen, die beruhigend auf die Bindehaut wirken:<\/p>\n<ul>\n<li>Bepanthen-Augensalbe<\/li>\n<li>Euphrasia-Augentropfen<\/li>\n<\/ul>\n<p>Neben der tier\u00e4rztlichen Behandlung besteht das g\u00fcnstigste und einfachste Hausmittel \u00fcbrigens aus viel Ruhe. Zeit, in der sich der Hund erholen und regenerieren kann.<\/p>\n<h2>Fazit:<\/h2>\n<p>Es ist gut, die typischen Ursachen und Symptome einer Bindehautentz\u00fcndung zu kennen. Ein Basisverst\u00e4ndnis der Ursachen hilft, die Notwendigkeit einer tier\u00e4rztlichen Untersuchung und Behandlung einzusch\u00e4tzen. Kenntnisse \u00fcber die Symptome k\u00f6nnen einen rechtzeitig alarmieren, sodass dem Hund m\u00f6glichst schnell geholfen werden kann. Der schnellste und beste Weg dazu f\u00fchrt in die tier\u00e4rztliche Praxis. Denn dort kann eine pr\u00e4zise Diagnose gestellt werden und der Hund bekommt die bestm\u00f6gliche Behandlung. Au\u00dferdem kann man sich hinsichtlich der Anwendung von Hausmitteln beraten lassen. Grundwissen \u00fcber <a href=\"https:\/\/uelzener.de\/magazin\/hund\/tiergesundheit\/hundekrankheiten-unfaelle\/\">die h\u00e4ufigsten Hundekrankheiten und Unf\u00e4lle<\/a> sind auch nie verkehrt, um im Falle schnell reagieren zu k\u00f6nnen.<\/p>\n<h2>FAQ: H\u00e4ufig gestellte Fragen<\/h2>\n<h3>Kann eine Bindehautentz\u00fcndung von selbst heilen?<\/h3>\n<p>Eine Bindehautentz\u00fcndung, die beispielsweise durch Zugluft ausgel\u00f6st wurde, kann von selbst wieder ausheilen. Um jedoch eine genaue Diagnose zu erhalten, sollte man den Hund bei den Symptomen einer Bindehautentz\u00fcndung in der fachtier\u00e4rztlichen Praxis vorstellen. Denn eine Infektion, beispielsweise mit Bakterien oder Pilzen, heilt nicht von selbst. Bei einer durch einen Fremdk\u00f6rper hervorgerufenen Bindehautentz\u00fcndung w\u00fcrde man mit Abwarten das Leid des Hundes unn\u00f6tig verl\u00e4ngern. Denn der Fremdk\u00f6rper muss unbedingt entfernt werden, damit Entz\u00fcndung abheilen kann.<\/p>\n<h3>Ist die Krankheit auf Menschen \u00fcbertragbar?<\/h3>\n<p>Bindehautentz\u00fcndungen, die durch Bakterien, Viren, Pilze oder Parasiten hervorgerufen werden, k\u00f6nnen auch auf den Menschen \u00fcbertragen werden. In diesen F\u00e4llen sollte man unbedingt darauf achten, sich nach dem Kontakt mit den Augen und der Fl\u00fcssigkeiten, die aus dem Auge des Hundes austreten, gr\u00fcndlich die H\u00e4nde zu waschen.<\/p>\n<h3>Wie hoch sind die Kosten bei einer Behandlung?<\/h3>\n<p>Da die Verl\u00e4ufe einer Bindehautentz\u00fcndung sehr unterschiedlich sein k\u00f6nnen, l\u00e4sst sich nur schwer etwas zu den Kosten sagen. F\u00fcr einen unkomplizierten Verlauf muss man mit Kosten ab 30 \u20ac bis 60 \u20ac rechnen. Ist die Behandlung aufw\u00e4ndiger, k\u00f6nnen jedoch auch deutlich mehr Ausgaben auf einen zukommen. Um Kosten zu sparen, ist es besonders wichtig m\u00f6glichst fr\u00fch eine korrekte Diagnose und eine ad\u00e4quate Behandlung zu bekommen. Daher sollte man den Hund bereits bei den ersten Symptomen in die Tierarztpraxis bringen.<\/p>\n","protected":false},"excerpt":{"rendered":"<p>Dem Hund tr\u00e4nen die Augen, er hat geschwollene Lider und eine ger\u00f6tete Bindehaut. Immer wieder versucht er mit der Pfote am Auge zu reiben. Alles deutet auf eine Bindehautentz\u00fcndung hin, auch Konjunktivitis genannt. \u00c4hnlich wie Menschen k\u00f6nnen auch Hunde eine Bindehautentz\u00fcndung entwickeln. Im Unterschied zu uns Menschen sind Hunde mit drei Augenlidern ausgestattet: neben dem [&hellip;]<\/p>\n","protected":false},"author":11,"featured_media":14695,"parent":11701,"menu_order":14,"comment_status":"closed","ping_status":"closed","template":"templates\/blog.php","meta":{"_acf_changed":false,"_crdt_document":"","footnotes":"","beyondwords_generate_audio":"","beyondwords_project_id":"","beyondwords_content_id":"","beyondwords_preview_token":"","beyondwords_player_style":"","beyondwords_language_id":"","beyondwords_title_voice_id":"","beyondwords_body_voice_id":"","beyondwords_summary_voice_id":"","beyondwords_error_message":"","beyondwords_disabled":"","beyondwords_delete_content":"","beyondwords_podcast_id":"","beyondwords_hash":"","publish_post_to_speechkit":"","speechkit_hash":"","speechkit_generate_audio":"","speechkit_project_id":"","speechkit_podcast_id":"","speechkit_error_message":"","speechkit_disabled":"","speechkit_access_key":"","speechkit_error":"","speechkit_info":"","speechkit_response":"","speechkit_retries":"","speechkit_status":"","speechkit_updated_at":"","_speechkit_link":"","_speechkit_text":""},"class_list":["post-14688","page","type-page","status-publish","has-post-thumbnail","hentry"],"acf":[],"yoast_head":"<!-- This site is optimized with the Yoast SEO Premium plugin  - https:\/\/yoast.com\/product\/yoast-seo-premium-wordpress\/ -->\n<title>Bindehautentz\u00fcndung beim Hund erkennen und behandeln | Uelzener Magazin<\/title>\n<meta name=\"description\" content=\"Ursachen und Symptome einer Bindehautentz\u00fcndung. Das kannst du tun, damit es deinem Hund wieder gut geht.\" \/>\n<meta name=\"robots\" content=\"index, follow, max-snippet:-1, max-image-preview:large, max-video-preview:-1\" \/>\n<link rel=\"canonical\" href=\"https:\/\/uelzener.de\/magazin\/hund\/tiergesundheit\/bindehautentzuendung-beim-hund\/\" \/>\n<meta property=\"og:locale\" content=\"de_DE\" \/>\n<meta property=\"og:type\" content=\"article\" \/>\n<meta property=\"og:title\" content=\"Bindehautentz\u00fcndung beim Hund erkennen und behandeln\" \/>\n<meta property=\"og:description\" content=\"Ursachen und Symptome einer Bindehautentz\u00fcndung. Das kannst du tun, damit es deinem Hund wieder gut geht.\" \/>\n<meta property=\"og:url\" content=\"https:\/\/uelzener.de\/magazin\/hund\/tiergesundheit\/bindehautentzuendung-beim-hund\/\" \/>\n<meta property=\"og:site_name\" content=\"Uelzener Tier-Magazin\" \/>\n<meta property=\"article:publisher\" content=\"https:\/\/www.facebook.com\/Uelzener\" \/>\n<meta property=\"article:modified_time\" content=\"2025-09-29T12:07:30+00:00\" \/>\n<meta property=\"og:image\" content=\"https:\/\/uelzener.de\/magazin\/app\/uploads\/2023\/01\/bindehautentzuendung-hund.jpg\" \/>\n\t<meta property=\"og:image:width\" content=\"1025\" \/>\n\t<meta property=\"og:image:height\" content=\"450\" \/>\n\t<meta property=\"og:image:type\" content=\"image\/jpeg\" \/>\n<meta name=\"twitter:card\" content=\"summary_large_image\" \/>\n<meta name=\"twitter:label1\" content=\"Gesch\u00e4tzte Lesezeit\" \/>\n\t<meta name=\"twitter:data1\" content=\"6\u00a0Minuten\" \/>\n<script type=\"application\/ld+json\" class=\"yoast-schema-graph\">{\"@context\":\"https:\/\/schema.org\",\"@graph\":[{\"@type\":\"WebPage\",\"@id\":\"https:\/\/uelzener.de\/magazin\/hund\/tiergesundheit\/bindehautentzuendung-beim-hund\/\",\"url\":\"https:\/\/uelzener.de\/magazin\/hund\/tiergesundheit\/bindehautentzuendung-beim-hund\/\",\"name\":\"Bindehautentz\u00fcndung beim Hund erkennen und behandeln | Uelzener Magazin\",\"isPartOf\":{\"@id\":\"https:\/\/uelzener.de\/magazin\/#website\"},\"primaryImageOfPage\":{\"@id\":\"https:\/\/uelzener.de\/magazin\/hund\/tiergesundheit\/bindehautentzuendung-beim-hund\/#primaryimage\"},\"image\":{\"@id\":\"https:\/\/uelzener.de\/magazin\/hund\/tiergesundheit\/bindehautentzuendung-beim-hund\/#primaryimage\"},\"thumbnailUrl\":\"https:\/\/uelzener.de\/magazin\/app\/uploads\/2023\/01\/bindehautentzuendung-hund.jpg\",\"datePublished\":\"2023-01-11T13:33:24+00:00\",\"dateModified\":\"2025-09-29T12:07:30+00:00\",\"description\":\"Ursachen und Symptome einer Bindehautentz\u00fcndung. Das kannst du tun, damit es deinem Hund wieder gut geht.\",\"breadcrumb\":{\"@id\":\"https:\/\/uelzener.de\/magazin\/hund\/tiergesundheit\/bindehautentzuendung-beim-hund\/#breadcrumb\"},\"inLanguage\":\"de\",\"potentialAction\":[{\"@type\":\"ReadAction\",\"target\":[\"https:\/\/uelzener.de\/magazin\/hund\/tiergesundheit\/bindehautentzuendung-beim-hund\/\"]}]},{\"@type\":\"ImageObject\",\"inLanguage\":\"de\",\"@id\":\"https:\/\/uelzener.de\/magazin\/hund\/tiergesundheit\/bindehautentzuendung-beim-hund\/#primaryimage\",\"url\":\"https:\/\/uelzener.de\/magazin\/app\/uploads\/2023\/01\/bindehautentzuendung-hund.jpg\",\"contentUrl\":\"https:\/\/uelzener.de\/magazin\/app\/uploads\/2023\/01\/bindehautentzuendung-hund.jpg\",\"width\":1025,\"height\":450,\"caption\":\"Hund mit Bindehautentz\u00fcndung wird von einer Tier\u00e4rztin untersucht.\"},{\"@type\":\"WebSite\",\"@id\":\"https:\/\/uelzener.de\/magazin\/#website\",\"url\":\"https:\/\/uelzener.de\/magazin\/\",\"name\":\"Uelzener Tiermagazin\",\"description\":\"Online Tierratgeber der Uelzener Versicherungen\",\"publisher\":{\"@id\":\"https:\/\/uelzener.de\/magazin\/#organization\"},\"potentialAction\":[{\"@type\":\"SearchAction\",\"target\":{\"@type\":\"EntryPoint\",\"urlTemplate\":\"https:\/\/uelzener.de\/magazin\/?s={search_term_string}\"},\"query-input\":{\"@type\":\"PropertyValueSpecification\",\"valueRequired\":true,\"valueName\":\"search_term_string\"}}],\"inLanguage\":\"de\"},{\"@type\":\"Organization\",\"@id\":\"https:\/\/uelzener.de\/magazin\/#organization\",\"name\":\"Uelzener Versicherungen\",\"url\":\"https:\/\/uelzener.de\/magazin\/\",\"logo\":{\"@type\":\"ImageObject\",\"inLanguage\":\"de\",\"@id\":\"https:\/\/uelzener.de\/magazin\/#\/schema\/logo\/image\/\",\"url\":\"https:\/\/uelzener.de\/magazin\/app\/uploads\/2024\/11\/uelzener_allgemeine_versicherungsgesellschaft_a_g_logo.jpg\",\"contentUrl\":\"https:\/\/uelzener.de\/magazin\/app\/uploads\/2024\/11\/uelzener_allgemeine_versicherungsgesellschaft_a_g_logo.jpg\",\"width\":200,\"height\":200,\"caption\":\"Uelzener Versicherungen\"},\"image\":{\"@id\":\"https:\/\/uelzener.de\/magazin\/#\/schema\/logo\/image\/\"},\"sameAs\":[\"https:\/\/www.facebook.com\/Uelzener\",\"https:\/\/instagram.com\/uelzener\",\"https:\/\/www.xing.com\/pages\/uelzenerallgemeineversicherungs-gesellschafta-g\",\"https:\/\/www.youtube.com\/UelzenerVersicherungen\"]}]}<\/script>\n<!-- \/ Yoast SEO Premium plugin. -->","yoast_head_json":{"title":"Bindehautentz\u00fcndung beim Hund erkennen und behandeln | Uelzener Magazin","description":"Ursachen und Symptome einer Bindehautentz\u00fcndung. Das kannst du tun, damit es deinem Hund wieder gut geht.","robots":{"index":"index","follow":"follow","max-snippet":"max-snippet:-1","max-image-preview":"max-image-preview:large","max-video-preview":"max-video-preview:-1"},"canonical":"https:\/\/uelzener.de\/magazin\/hund\/tiergesundheit\/bindehautentzuendung-beim-hund\/","og_locale":"de_DE","og_type":"article","og_title":"Bindehautentz\u00fcndung beim Hund erkennen und behandeln","og_description":"Ursachen und Symptome einer Bindehautentz\u00fcndung. Das kannst du tun, damit es deinem Hund wieder gut geht.","og_url":"https:\/\/uelzener.de\/magazin\/hund\/tiergesundheit\/bindehautentzuendung-beim-hund\/","og_site_name":"Uelzener Tier-Magazin","article_publisher":"https:\/\/www.facebook.com\/Uelzener","article_modified_time":"2025-09-29T12:07:30+00:00","og_image":[{"width":1025,"height":450,"url":"https:\/\/uelzener.de\/magazin\/app\/uploads\/2023\/01\/bindehautentzuendung-hund.jpg","type":"image\/jpeg"}],"twitter_card":"summary_large_image","twitter_misc":{"Gesch\u00e4tzte Lesezeit":"6\u00a0Minuten"},"schema":{"@context":"https:\/\/schema.org","@graph":[{"@type":"WebPage","@id":"https:\/\/uelzener.de\/magazin\/hund\/tiergesundheit\/bindehautentzuendung-beim-hund\/","url":"https:\/\/uelzener.de\/magazin\/hund\/tiergesundheit\/bindehautentzuendung-beim-hund\/","name":"Bindehautentz\u00fcndung beim Hund erkennen und behandeln | Uelzener Magazin","isPartOf":{"@id":"https:\/\/uelzener.de\/magazin\/#website"},"primaryImageOfPage":{"@id":"https:\/\/uelzener.de\/magazin\/hund\/tiergesundheit\/bindehautentzuendung-beim-hund\/#primaryimage"},"image":{"@id":"https:\/\/uelzener.de\/magazin\/hund\/tiergesundheit\/bindehautentzuendung-beim-hund\/#primaryimage"},"thumbnailUrl":"https:\/\/uelzener.de\/magazin\/app\/uploads\/2023\/01\/bindehautentzuendung-hund.jpg","datePublished":"2023-01-11T13:33:24+00:00","dateModified":"2025-09-29T12:07:30+00:00","description":"Ursachen und Symptome einer Bindehautentz\u00fcndung. Das kannst du tun, damit es deinem Hund wieder gut geht.","breadcrumb":{"@id":"https:\/\/uelzener.de\/magazin\/hund\/tiergesundheit\/bindehautentzuendung-beim-hund\/#breadcrumb"},"inLanguage":"de","potentialAction":[{"@type":"ReadAction","target":["https:\/\/uelzener.de\/magazin\/hund\/tiergesundheit\/bindehautentzuendung-beim-hund\/"]}]},{"@type":"ImageObject","inLanguage":"de","@id":"https:\/\/uelzener.de\/magazin\/hund\/tiergesundheit\/bindehautentzuendung-beim-hund\/#primaryimage","url":"https:\/\/uelzener.de\/magazin\/app\/uploads\/2023\/01\/bindehautentzuendung-hund.jpg","contentUrl":"https:\/\/uelzener.de\/magazin\/app\/uploads\/2023\/01\/bindehautentzuendung-hund.jpg","width":1025,"height":450,"caption":"Hund mit Bindehautentz\u00fcndung wird von einer Tier\u00e4rztin untersucht."},{"@type":"WebSite","@id":"https:\/\/uelzener.de\/magazin\/#website","url":"https:\/\/uelzener.de\/magazin\/","name":"Uelzener Tiermagazin","description":"Online Tierratgeber der Uelzener Versicherungen","publisher":{"@id":"https:\/\/uelzener.de\/magazin\/#organization"},"potentialAction":[{"@type":"SearchAction","target":{"@type":"EntryPoint","urlTemplate":"https:\/\/uelzener.de\/magazin\/?s={search_term_string}"},"query-input":{"@type":"PropertyValueSpecification","valueRequired":true,"valueName":"search_term_string"}}],"inLanguage":"de"},{"@type":"Organization","@id":"https:\/\/uelzener.de\/magazin\/#organization","name":"Uelzener Versicherungen","url":"https:\/\/uelzener.de\/magazin\/","logo":{"@type":"ImageObject","inLanguage":"de","@id":"https:\/\/uelzener.de\/magazin\/#\/schema\/logo\/image\/","url":"https:\/\/uelzener.de\/magazin\/app\/uploads\/2024\/11\/uelzener_allgemeine_versicherungsgesellschaft_a_g_logo.jpg","contentUrl":"https:\/\/uelzener.de\/magazin\/app\/uploads\/2024\/11\/uelzener_allgemeine_versicherungsgesellschaft_a_g_logo.jpg","width":200,"height":200,"caption":"Uelzener Versicherungen"},"image":{"@id":"https:\/\/uelzener.de\/magazin\/#\/schema\/logo\/image\/"},"sameAs":["https:\/\/www.facebook.com\/Uelzener","https:\/\/instagram.com\/uelzener","https:\/\/www.xing.com\/pages\/uelzenerallgemeineversicherungs-gesellschafta-g","https:\/\/www.youtube.com\/UelzenerVersicherungen"]}]}},"_links":{"self":[{"href":"https:\/\/uelzener.de\/magazin\/wp-json\/wp\/v2\/pages\/14688","targetHints":{"allow":["GET"]}}],"collection":[{"href":"https:\/\/uelzener.de\/magazin\/wp-json\/wp\/v2\/pages"}],"about":[{"href":"https:\/\/uelzener.de\/magazin\/wp-json\/wp\/v2\/types\/page"}],"author":[{"embeddable":true,"href":"https:\/\/uelzener.de\/magazin\/wp-json\/wp\/v2\/users\/11"}],"replies":[{"embeddable":true,"href":"https:\/\/uelzener.de\/magazin\/wp-json\/wp\/v2\/comments?post=14688"}],"version-history":[{"count":11,"href":"https:\/\/uelzener.de\/magazin\/wp-json\/wp\/v2\/pages\/14688\/revisions"}],"predecessor-version":[{"id":19320,"href":"https:\/\/uelzener.de\/magazin\/wp-json\/wp\/v2\/pages\/14688\/revisions\/19320"}],"up":[{"embeddable":true,"href":"https:\/\/uelzener.de\/magazin\/wp-json\/wp\/v2\/pages\/11701"}],"wp:featuredmedia":[{"embeddable":true,"href":"https:\/\/uelzener.de\/magazin\/wp-json\/wp\/v2\/media\/14695"}],"wp:attachment":[{"href":"https:\/\/uelzener.de\/magazin\/wp-json\/wp\/v2\/media?parent=14688"}],"curies":[{"name":"wp","href":"https:\/\/api.w.org\/{rel}","templated":true}]}}