{"id":14594,"date":"2022-12-19T16:04:19","date_gmt":"2022-12-19T15:04:19","guid":{"rendered":"https:\/\/uelzener.de\/magazin\/?page_id=14594"},"modified":"2025-11-13T10:37:49","modified_gmt":"2025-11-13T09:37:49","slug":"katzenschnupfen-symptome-hausmittel-behandlung","status":"publish","type":"page","link":"https:\/\/uelzener.de\/magazin\/katze\/tiergesundheit\/katzenschnupfen-symptome-hausmittel-behandlung\/","title":{"rendered":"Katzenschnupfen: Symptome, Hausmittel, Behandlung"},"content":{"rendered":"<p>Was tun bei Katzenschnupfen? Wenn die Katze niest und ihre Nase l\u00e4uft, sind dies erste Anzeichen f\u00fcr einen Katzenschnupfen. Katzenschnupfen, auch Katzenpneumonie oder Katzenrhinitis genannt, ist eine Erkrankung der Atemwege und Schleimh\u00e4ute. Doch ein Schnupfen bei der Katze ist nicht mit einer Erk\u00e4ltung bei uns Menschen zu vergleichen. Denn Katzenschnupfen kann, wenn er nicht schnell erkannt und behandelt wird, schlimme Folgen haben und sogar zum Tod des geliebten Tieres f\u00fchren. Daher sollte man schon im Anfangsstadium eines Katzenschnupfens reagieren und bei den ersten Schnupfensymptomen die Katze in der Tierarztpraxis vorstellen.<\/p>\n<p>Gerade ganz junge Katzen von weniger als drei Monaten und hochbetagte Katzen mit einem schw\u00e4cheren Immunsystem laufen Gefahr, schwer zu erkranken und am Katzenschnupfen sogar zu sterben.<\/p>\n<p>Vielleicht fragst du dich dennoch: Geht Katzenschnupfen von alleine wieder weg? Wenn deine Katze ein sehr gutes Immunsystem hat, kann es durchaus sein, dass sie sich von selbst wieder erholt. Da der Katzenschnupfen jedoch so extrem gef\u00e4hrlich sein kann, sollte man nicht zu lange warten, sondern m\u00f6glichst schnell mit dem erkrankten Tier die Tierarztpraxis aufsuchen.<\/p>\n<p>Vielleicht fragst du dich, wie es zu einem Katzenschnupfen kommen kann. Gerade, wenn eine Wohnungskatze Katzenschnupfen bekommt, wundern sich viele, wie das geschehen kann.<\/p>\n<h2>Die Ursachen von Katzenschnupfen<\/h2>\n<p>Verursacht wird ein Katzenschnupfen von Viren oder Bakterien, die durch Schmier- oder Tr\u00f6pfcheninfektion \u00fcbertragen werden. Meist infizieren sich Katzen, wenn sie einander drau\u00dfen begegnen. Daher betrifft Katzenschnupfen am h\u00e4ufigsten Freig\u00e4ngerkatzen. Aber auch eine <a href=\"https:\/\/uelzener.de\/magazin\/katze\/haltung\/wohnungskatze-beschaeftigen\/\" target=\"_blank\" rel=\"noopener\">Wohnungskatze<\/a> kann mit Katzenschnupfen infiziert werden. Leider ist gerade der katzenliebende Mensch oftmals der \u00dcbertr\u00e4ger. Denn Viren k\u00f6nnen auch \u00fcber Schuhe oder Kleidung in die Wohnung getragen werden und so die Wohnungskatze infizieren. Besonders tragisch ist diese Infektion, wenn sie in einem Haushalt mit mehreren Katzen Verbreitung findet. Denn diese stecken sich dann ung\u00fcnstigerweise oftmals gegenseitig an.<\/p>\n<p>Zu den Erreger, die den Katzenschnupfen hervorrufen, geh\u00f6ren:<\/p>\n<ul>\n<li>Viren wie das feline Herpesvirus Typ1 (FHV) oder das feline Calicivirus (FCV)<\/li>\n<li>Bakterien wie Chlamydia felis, Bordetella bronchiseptica oder Mykoplasmen<\/li>\n<\/ul>\n<p>Diese Viren und Bakterien rufen unterschiedliche Symptome hervor.<\/p>\n<ul>\n<li>Die Herpesviren werden durch den direkten Kontakt unter Katzen \u00fcbertragen. Sie verursachen unter anderem Augenentz\u00fcndungen und Geschw\u00fcre an der Hornhaut.<\/li>\n<li>Caliciviren k\u00f6nnen auch durch indirekten Kontakt, beispielsweise \u00fcber die Kleidung des Menschen, \u00fcbertragen werden. Sie sind verantwortlich f\u00fcr eitrige Bindehautentz\u00fcndungen und Bronchitis bis hin zu Lungenentz\u00fcndungen oder Arthritis.<\/li>\n<li>Das Bakterium Bordetella bronchiseptica greift die Atemschleimhaut an und wirkt entz\u00fcndungsausl\u00f6send.<\/li>\n<li>Mykoplasmen verursachen typische Schnupfensymptome.<\/li>\n<\/ul>\n<p>Die Viren und Bakterien verst\u00e4rken sich h\u00e4ufig gegenseitig und f\u00fchren so zu einer \u00e4hnlichen Symptomatik.<\/p>\n<h2>Symptome erkennen<\/h2>\n<p>H\u00e4ufig erkennst du Katzenschnupfen daran, dass deine Katze niest, Nasenausfluss hat oder ihre Augen tr\u00e4nen. Erschwerend kommt leider hinzu, dass Katzen sich den Ausfluss mitunter ablecken. So siehst du vielleicht erst bei genauerer Beobachtung und in einem g\u00fcnstigen Moment, dass die Katze unter verst\u00e4rktem Nasenausfluss leidet. Beobachte deine Katze stets sorgf\u00e4ltig, um Erkrankungen m\u00f6glichst fr\u00fch zu erkennen. Dabei hilft es, wenn du wei\u00dft, auf welche Symptome du achten musst.<\/p>\n<p>Hier ist eine Liste verschiedener Symptome, die bei Katzenschnupfen auftreten k\u00f6nnen. Es treten nicht immer alle Symptome auf. Auch einige wenige k\u00f6nnen bereits alarmierende Anzeichen f\u00fcr einen Katzenschnupfen sein.<\/p>\n<ul>\n<li>h\u00e4ufiges Niesen<\/li>\n<li>Husten<\/li>\n<li>Atembeschwerden<\/li>\n<li>d\u00fcnnfl\u00fcssiger oder auch z\u00e4hfl\u00fcssiger Ausfluss aus Nase und Augen<\/li>\n<li>Geschw\u00fcre auf der Mundschleimhaut<\/li>\n<li>Blasen auf der Zunge<\/li>\n<li>Mundgeruch<\/li>\n<li>Schwellungen der Lymphknoten<\/li>\n<li><a href=\"https:\/\/uelzener.de\/magazin\/katze\/tiergesundheit\/katze-mundgeruch\/\">Mundgeruch<\/a><\/li>\n<\/ul>\n<p>Verkrustete Augen k\u00f6nnen anzeigen, dass die Krankheit bereits stark ausgepr\u00e4gt ist. Bei fortgeschrittener Erkrankung wirkt die Katze eher teilnahmslos, appetitlos und hat sogar Fieber. Allersp\u00e4testens zu diesem Zeitpunkt sollte man h\u00f6chst alarmiert sein und unbedingt die tier\u00e4rztliche Praxis aufsuchen.<\/p>\n<p>Die Symptome beim Katzenschnupfen unterscheiden sich \u00fcbrigens von denen, die bei einem Heuschnupfen oder Allergien bei Katzen auftreten.<\/p>\n<p>&nbsp;<\/p>\n<h2>Wie lange dauert es, bis der Katzenschnupfen weg ist?<\/h2>\n<p>Weil der Katzenschnupfen so gef\u00e4hrlich sein kann, ist man nat\u00fcrlich sehr erleichtert, wenn die Erkrankung \u00fcberstanden ist. Wie viel Geduld brauchen du und deine Katze, bis ihr die Krankheit hinter euch lassen k\u00f6nnte?<\/p>\n<p>Normalerweise bricht die Krankheit ca. zwei bis sechs Tage nach der Infektion aus und wird anhand verschiedener Symptome sichtbar. L\u00e4sst man die Katze z\u00fcgig tier\u00e4rztlich behandelt, dauert die Erkrankung normalerweise 10 bis 20 Tage an.<\/p>\n<p>Ein \u00fcberschaubarer Zeitraum, in dem du auch, unabh\u00e4ngig von der tier\u00e4rztlichen Behandlung, viel Gutes f\u00fcr deinen Stubentiger tun kannst.<\/p>\n<h2>Hausmittel<\/h2>\n<p>Erg\u00e4nzend kannst du deine Katze mit Hausmitteln unterst\u00fctzen:<\/p>\n<ul>\n<li>Augen und Nase von Schleim und Verkrustungen mit einem feuchten Tuch befreien.<\/li>\n<li>Inhalieren mit Kochsalzl\u00f6sung.<\/li>\n<li>Bei Appetitverlust, Nassfutter aufw\u00e4rmen. Das verst\u00e4rkt den Geruch des Fressens. Die Katze kann ihn so eher wahrnehmen, bekommt hoffentlich verst\u00e4rkt Appetit und frisst mehr.<\/li>\n<li>Bei Schluckbeschwerden hilft p\u00fcriertes Futter.<\/li>\n<li>Du kannst Globuli, wie z. B. Pulsatilla oder Aconitum Napellus, verabreichen.<\/li>\n<\/ul>\n<p>Hausmittel dienen jedoch alleine der Unterst\u00fctzung. Bei Anzeichen von Katzenschnupfen solltest du immer die tier\u00e4rztliche Praxis aufsuchen.<\/p>\n<h2>Behandlung<\/h2>\n<p>Bei einer fr\u00fchzeitigen Diagnose l\u00e4sst sich der Katzenschnupfen gut behandeln. So wird die Katze m\u00f6glichst schnell wieder gesund. Au\u00dferdem beugt man damit einer Chronifizierung und etwaigen Sp\u00e4tfolgen vor.<\/p>\n<h3>Tierarzt<\/h3>\n<p>Am Anfang steht die Diagnose. Zum Gl\u00fcck k\u00f6nnen Tier\u00e4rzt:innen den Katzenschnupfen sehr sicher und leicht diagnostizieren. Eine genauere Diagnose ist mit der Tupferprobe m\u00f6glich. So l\u00e4sst sich untersuchen, welcher Erreger f\u00fcr die Erkrankung verantwortlich ist. Entsprechend kann dann die Behandlung abgestimmt werden. \u00dcberdies wird die Lunge abgeh\u00f6rt, um herauszufinden, ob diese bereits befallen ist.<\/p>\n\n<div class=\"banner\">\n    <a href=\"https:\/\/uelzener.de\/katze\/katzen-krankenversicherung\/?agt=0000104925&sem=true&utm_medium=magazin&utm_source=wordpress&utm_campaign=katze_kv&utm_content=banner\">\n        <img decoding=\"async\" width=\"300\" height=\"212\" src=\"https:\/\/uelzener.de\/magazin\/app\/uploads\/2025\/01\/Katzen-Kranken-Versicherung.jpg\" class=\"attachment-medium size-medium\" alt=\"Banner Katzen-Kranken-Versicherung\" \/>    <\/a>\n<\/div>\n\n<h3>Medikamente<\/h3>\n<p>Behandelt wird bei einer bakteriellen Infektion mit einem Breitbandantibiotikum. Erg\u00e4nzend k\u00f6nnen das Immunsystem anregende Medikamente gegeben werden. Zus\u00e4tzlich verabreichen Tier\u00e4rzt:innen Medikamente, die gezielt die Vermehrung und das Wachstum von Bakterien hemmen.<\/p>\n<p>Neben der Grunderkrankung wird in der Regel auch die Symptomatik, beispielsweise mit Schleiml\u00f6sern und Entz\u00fcndungshemmern behandelt.<\/p>\n<p>Erg\u00e4nzend zur Behandlung sollte man folgende Punkte ber\u00fccksichtigen:<\/p>\n<ul>\n<li>Die Katze braucht nun Ruhe, sodass das Immunsystem alle Kr\u00e4fte b\u00fcndeln kann, um die Erreger zu bek\u00e4mpfen.<\/li>\n<li>Freig\u00e4ngerkatzen beh\u00e4lt man einige Zeit im Haus. Daf\u00fcr gibt es zwei Gr\u00fcnde: 1. Brauchen sie jetzt verst\u00e4rkt Ruhe und 2. Sollten sie andere Katzen m\u00f6glichst nicht mit dem Katzenschnupfen anstecken.<\/li>\n<li>Leben mehrere Katzen im Haushalt, sollte man infizierte Katzen von den \u00fcbrigen Katzen m\u00f6glichst trennen.<\/li>\n<li>Sorge daf\u00fcr, dass deine Katze ausreichend frisst. Dabei kannst du sie mit ihrem Lieblingsfutter unterst\u00fctzen. Oder du erw\u00e4rmst das Nassfutter, sodass sich der Geruch verst\u00e4rkt und dein Stubentiger das leckere Fressen selbst mit einer vom Schnupfen verstopften Nase leichter riechen kann und eher Appetit bekommt.<\/li>\n<li>F\u00fcr die Katze ist jetzt besonders wichtig, dass sie ausreichend Fl\u00fcssigkeit zu sich nimmt. Daher setzt du bei einer Erkrankung mit Katzenschnupfen am besten m\u00f6glichst Nassfutter ein. Falls sie gar nicht trinken mag, kannst du ein Fl\u00e4schchen zur Hilfe nehmen.<\/li>\n<li>Halte Trink- und-Futter-Pl\u00e4tze jetzt besonders sauber, sodass die Erreger sich nicht weiterverbreiten k\u00f6nnen.<\/li>\n<\/ul>\n<h3>Impfung<\/h3>\n<p>Damit du das Risiko f\u00fcr Katzenschnupfen m\u00f6glichst gering h\u00e4ltst, kannst du deine Katze gegen eine virale Infektion impfen lassen. Auch wenn das kein hundertprozentiger Schutz ist, hilft eine Impfung, das Risiko zu minimieren. Mehr \u00fcber Nutzen und Risiken von Impfungen kannst du in unserem Artikel zu <a href=\"https:\/\/uelzener.de\/magazin\/katze\/tiergesundheit\/katzen-impfungen\/\">Katzen-Impfungen<\/a> lesen.<\/p>\n<h2>Sp\u00e4tfolgen von Katzenschnupfen<\/h2>\n<p>Wird ein Katzenschnupfen sp\u00e4t oder unzureichend behandelt. Oder hat die Katze aufgrund ihres Alters oder anderer Erkrankungen ein sehr schwaches Immunsystem. Dann kann sich der Katzenschnupfen chronifizieren.<\/p>\n<p>Dies kann zu immer wiederkehrenden oder auch andauernden Augenentz\u00fcndungen f\u00fchren. Katzen mit chronischem Katzenschnupfen k\u00f6nnen dauerhaft unter verstopfter Nase oder Atembeschwerden leiden. Ist der Katzenschnupfen erst einmal chronisch geworden, ist er nur schwer zu behandeln.<\/p>\n<h2>Lebenserwartung bei chronischem Katzenschnupfen<\/h2>\n<p>Wird ein Katzenschnupfen nicht oder eher sp\u00e4t behandelt, kann er chronisch werden. Unter Umst\u00e4nden kann ein chronisch gewordener Schnupfen die Lebenserwartung beeintr\u00e4chtigen.<\/p>\n<h2>FAQ: H\u00e4ufig gestellte Fragen<\/h2>\n<h3>Welche Behandlungskosten bei Katzenschnupfen?<\/h3>\n<p>Da die Kosten f\u00fcr die Behandlung eines Katzenschnupfens von mehreren Einflussfaktoren abh\u00e4ngen, k\u00f6nnen sie stark variieren. Solltest du daher unbedingt eine\u00a0<a href=\"https:\/\/uelzener.de\/magazin\/katze\/haeufige-fragen\/katze-versichern-ja-oder-nein\/\">Katzenversicherung abschlie\u00dfen, ja oder nein<\/a>?\u00a0Einflussfaktoren sind: das Alter Katze, die Art und St\u00e4rke der Symptome und die Untersuchungsm\u00f6glichkeiten in der Tierarztpraxis.<\/p>\n\n<div class=\"banner\">\n    <a href=\"https:\/\/uelzener.de\/katze?agt=0000104925&sem=true&utm_medium=magazin&utm_source=wordpress&utm_campaign=katze&utm_content=banner\">\n        <img decoding=\"async\" width=\"300\" height=\"212\" src=\"https:\/\/uelzener.de\/magazin\/app\/uploads\/2025\/01\/Katzenversicherung.jpg\" class=\"attachment-medium size-medium\" alt=\"Banner Katzenversicherung\" \/>    <\/a>\n<\/div>\n\n<h3>Ist Katzenschnupfen ansteckend f\u00fcr Menschen?<\/h3>\n<p>In den meisten F\u00e4llen ist Katzenschnupfen f\u00fcr Menschen ungef\u00e4hrlich. Jedoch k\u00f6nnen sich kleine Kinder oder Menschen mit einem geschw\u00e4chten Immunsystem bei engem Kontakt mit der Katze anstecken.<\/p>\n<h3>Ist Katzenschnupfen ansteckend f\u00fcr Hunde?<\/h3>\n<p>Katzenschnupfen wird h\u00e4ufig durch eine Kombination von Viren und Bakterien hervorgerufen. Die Viren sind f\u00fcr Hunde ungef\u00e4hrlich. Die Bakterien k\u00f6nnen, wenn sie auf einen Hund \u00fcbertragen werden, jedoch auch bei einem Hund Katzenschnupfen ausl\u00f6sen.<\/p>\n","protected":false},"excerpt":{"rendered":"<p>Was tun bei Katzenschnupfen? Wenn die Katze niest und ihre Nase l\u00e4uft, sind dies erste Anzeichen f\u00fcr einen Katzenschnupfen. Katzenschnupfen, auch Katzenpneumonie oder Katzenrhinitis genannt, ist eine Erkrankung der Atemwege und Schleimh\u00e4ute. Doch ein Schnupfen bei der Katze ist nicht mit einer Erk\u00e4ltung bei uns Menschen zu vergleichen. Denn Katzenschnupfen kann, wenn er nicht schnell [&hellip;]<\/p>\n","protected":false},"author":11,"featured_media":14595,"parent":11712,"menu_order":0,"comment_status":"closed","ping_status":"closed","template":"templates\/blog.php","meta":{"_acf_changed":false,"_crdt_document":"","footnotes":"","beyondwords_generate_audio":"0","beyondwords_project_id":"","beyondwords_content_id":"","beyondwords_preview_token":"","beyondwords_player_style":"","beyondwords_language_id":"","beyondwords_title_voice_id":"","beyondwords_body_voice_id":"","beyondwords_summary_voice_id":"","beyondwords_error_message":"","beyondwords_disabled":"","beyondwords_delete_content":"","beyondwords_podcast_id":"","beyondwords_hash":"","publish_post_to_speechkit":"","speechkit_hash":"","speechkit_generate_audio":"","speechkit_project_id":"","speechkit_podcast_id":"","speechkit_error_message":"","speechkit_disabled":"","speechkit_access_key":"","speechkit_error":"","speechkit_info":"","speechkit_response":"","speechkit_retries":"","speechkit_status":"","speechkit_updated_at":"","_speechkit_link":"","_speechkit_text":""},"class_list":["post-14594","page","type-page","status-publish","has-post-thumbnail","hentry"],"acf":[],"yoast_head":"<!-- This site is optimized with the Yoast SEO Premium plugin  - https:\/\/yoast.com\/product\/yoast-seo-premium-wordpress\/ -->\n<title>Katzenschnupfen: Symptome, Hausmittel, Behandlung | Uelzener<\/title>\n<meta name=\"description\" content=\"So reagierst du richtig. Alles Wichtige \u00fcber den gef\u00e4hrlichen Schnupfen bei Katzen, Hausmittel und Behandlung.\" \/>\n<meta name=\"robots\" content=\"index, follow, max-snippet:-1, max-image-preview:large, max-video-preview:-1\" \/>\n<link rel=\"canonical\" href=\"https:\/\/uelzener.de\/magazin\/katze\/tiergesundheit\/katzenschnupfen-symptome-hausmittel-behandlung\/\" \/>\n<meta property=\"og:locale\" content=\"de_DE\" \/>\n<meta property=\"og:type\" content=\"article\" \/>\n<meta property=\"og:title\" content=\"Katzenschnupfen: Symptome, Hausmittel, Behandlung\" \/>\n<meta property=\"og:description\" content=\"So reagierst du richtig. Alles Wichtige \u00fcber den gef\u00e4hrlichen Schnupfen bei Katzen, Hausmittel und Behandlung.\" \/>\n<meta property=\"og:url\" content=\"https:\/\/uelzener.de\/magazin\/katze\/tiergesundheit\/katzenschnupfen-symptome-hausmittel-behandlung\/\" \/>\n<meta property=\"og:site_name\" content=\"Uelzener Tier-Magazin\" \/>\n<meta property=\"article:publisher\" content=\"https:\/\/www.facebook.com\/Uelzener\" \/>\n<meta property=\"article:modified_time\" content=\"2025-11-13T09:37:49+00:00\" \/>\n<meta property=\"og:image\" content=\"https:\/\/uelzener.de\/magazin\/app\/uploads\/2022\/12\/katzenschnupfen.jpg\" \/>\n\t<meta property=\"og:image:width\" content=\"1025\" \/>\n\t<meta property=\"og:image:height\" content=\"450\" \/>\n\t<meta property=\"og:image:type\" content=\"image\/jpeg\" \/>\n<meta name=\"twitter:card\" content=\"summary_large_image\" \/>\n<meta name=\"twitter:label1\" content=\"Gesch\u00e4tzte Lesezeit\" \/>\n\t<meta name=\"twitter:data1\" content=\"8\u00a0Minuten\" \/>\n<script type=\"application\/ld+json\" class=\"yoast-schema-graph\">{\"@context\":\"https:\/\/schema.org\",\"@graph\":[{\"@type\":\"WebPage\",\"@id\":\"https:\/\/uelzener.de\/magazin\/katze\/tiergesundheit\/katzenschnupfen-symptome-hausmittel-behandlung\/\",\"url\":\"https:\/\/uelzener.de\/magazin\/katze\/tiergesundheit\/katzenschnupfen-symptome-hausmittel-behandlung\/\",\"name\":\"Katzenschnupfen: Symptome, Hausmittel, Behandlung | Uelzener\",\"isPartOf\":{\"@id\":\"https:\/\/uelzener.de\/magazin\/#website\"},\"primaryImageOfPage\":{\"@id\":\"https:\/\/uelzener.de\/magazin\/katze\/tiergesundheit\/katzenschnupfen-symptome-hausmittel-behandlung\/#primaryimage\"},\"image\":{\"@id\":\"https:\/\/uelzener.de\/magazin\/katze\/tiergesundheit\/katzenschnupfen-symptome-hausmittel-behandlung\/#primaryimage\"},\"thumbnailUrl\":\"https:\/\/uelzener.de\/magazin\/app\/uploads\/2022\/12\/katzenschnupfen.jpg\",\"datePublished\":\"2022-12-19T15:04:19+00:00\",\"dateModified\":\"2025-11-13T09:37:49+00:00\",\"description\":\"So reagierst du richtig. Alles Wichtige \u00fcber den gef\u00e4hrlichen Schnupfen bei Katzen, Hausmittel und Behandlung.\",\"breadcrumb\":{\"@id\":\"https:\/\/uelzener.de\/magazin\/katze\/tiergesundheit\/katzenschnupfen-symptome-hausmittel-behandlung\/#breadcrumb\"},\"inLanguage\":\"de\",\"potentialAction\":[{\"@type\":\"ReadAction\",\"target\":[\"https:\/\/uelzener.de\/magazin\/katze\/tiergesundheit\/katzenschnupfen-symptome-hausmittel-behandlung\/\"]}]},{\"@type\":\"ImageObject\",\"inLanguage\":\"de\",\"@id\":\"https:\/\/uelzener.de\/magazin\/katze\/tiergesundheit\/katzenschnupfen-symptome-hausmittel-behandlung\/#primaryimage\",\"url\":\"https:\/\/uelzener.de\/magazin\/app\/uploads\/2022\/12\/katzenschnupfen.jpg\",\"contentUrl\":\"https:\/\/uelzener.de\/magazin\/app\/uploads\/2022\/12\/katzenschnupfen.jpg\",\"width\":1025,\"height\":450,\"caption\":\"Ein Maine-Coon-Katze niest. Hat sie etwa Katzenschnupfen?\"},{\"@type\":\"WebSite\",\"@id\":\"https:\/\/uelzener.de\/magazin\/#website\",\"url\":\"https:\/\/uelzener.de\/magazin\/\",\"name\":\"Uelzener Tiermagazin\",\"description\":\"Online Tierratgeber der Uelzener Versicherungen\",\"publisher\":{\"@id\":\"https:\/\/uelzener.de\/magazin\/#organization\"},\"potentialAction\":[{\"@type\":\"SearchAction\",\"target\":{\"@type\":\"EntryPoint\",\"urlTemplate\":\"https:\/\/uelzener.de\/magazin\/?s={search_term_string}\"},\"query-input\":{\"@type\":\"PropertyValueSpecification\",\"valueRequired\":true,\"valueName\":\"search_term_string\"}}],\"inLanguage\":\"de\"},{\"@type\":\"Organization\",\"@id\":\"https:\/\/uelzener.de\/magazin\/#organization\",\"name\":\"Uelzener Versicherungen\",\"url\":\"https:\/\/uelzener.de\/magazin\/\",\"logo\":{\"@type\":\"ImageObject\",\"inLanguage\":\"de\",\"@id\":\"https:\/\/uelzener.de\/magazin\/#\/schema\/logo\/image\/\",\"url\":\"https:\/\/uelzener.de\/magazin\/app\/uploads\/2024\/11\/uelzener_allgemeine_versicherungsgesellschaft_a_g_logo.jpg\",\"contentUrl\":\"https:\/\/uelzener.de\/magazin\/app\/uploads\/2024\/11\/uelzener_allgemeine_versicherungsgesellschaft_a_g_logo.jpg\",\"width\":200,\"height\":200,\"caption\":\"Uelzener Versicherungen\"},\"image\":{\"@id\":\"https:\/\/uelzener.de\/magazin\/#\/schema\/logo\/image\/\"},\"sameAs\":[\"https:\/\/www.facebook.com\/Uelzener\",\"https:\/\/instagram.com\/uelzener\",\"https:\/\/www.xing.com\/pages\/uelzenerallgemeineversicherungs-gesellschafta-g\",\"https:\/\/www.youtube.com\/UelzenerVersicherungen\"]}]}<\/script>\n<!-- \/ Yoast SEO Premium plugin. -->","yoast_head_json":{"title":"Katzenschnupfen: Symptome, Hausmittel, Behandlung | Uelzener","description":"So reagierst du richtig. Alles Wichtige \u00fcber den gef\u00e4hrlichen Schnupfen bei Katzen, Hausmittel und Behandlung.","robots":{"index":"index","follow":"follow","max-snippet":"max-snippet:-1","max-image-preview":"max-image-preview:large","max-video-preview":"max-video-preview:-1"},"canonical":"https:\/\/uelzener.de\/magazin\/katze\/tiergesundheit\/katzenschnupfen-symptome-hausmittel-behandlung\/","og_locale":"de_DE","og_type":"article","og_title":"Katzenschnupfen: Symptome, Hausmittel, Behandlung","og_description":"So reagierst du richtig. Alles Wichtige \u00fcber den gef\u00e4hrlichen Schnupfen bei Katzen, Hausmittel und Behandlung.","og_url":"https:\/\/uelzener.de\/magazin\/katze\/tiergesundheit\/katzenschnupfen-symptome-hausmittel-behandlung\/","og_site_name":"Uelzener Tier-Magazin","article_publisher":"https:\/\/www.facebook.com\/Uelzener","article_modified_time":"2025-11-13T09:37:49+00:00","og_image":[{"width":1025,"height":450,"url":"https:\/\/uelzener.de\/magazin\/app\/uploads\/2022\/12\/katzenschnupfen.jpg","type":"image\/jpeg"}],"twitter_card":"summary_large_image","twitter_misc":{"Gesch\u00e4tzte Lesezeit":"8\u00a0Minuten"},"schema":{"@context":"https:\/\/schema.org","@graph":[{"@type":"WebPage","@id":"https:\/\/uelzener.de\/magazin\/katze\/tiergesundheit\/katzenschnupfen-symptome-hausmittel-behandlung\/","url":"https:\/\/uelzener.de\/magazin\/katze\/tiergesundheit\/katzenschnupfen-symptome-hausmittel-behandlung\/","name":"Katzenschnupfen: Symptome, Hausmittel, Behandlung | Uelzener","isPartOf":{"@id":"https:\/\/uelzener.de\/magazin\/#website"},"primaryImageOfPage":{"@id":"https:\/\/uelzener.de\/magazin\/katze\/tiergesundheit\/katzenschnupfen-symptome-hausmittel-behandlung\/#primaryimage"},"image":{"@id":"https:\/\/uelzener.de\/magazin\/katze\/tiergesundheit\/katzenschnupfen-symptome-hausmittel-behandlung\/#primaryimage"},"thumbnailUrl":"https:\/\/uelzener.de\/magazin\/app\/uploads\/2022\/12\/katzenschnupfen.jpg","datePublished":"2022-12-19T15:04:19+00:00","dateModified":"2025-11-13T09:37:49+00:00","description":"So reagierst du richtig. Alles Wichtige \u00fcber den gef\u00e4hrlichen Schnupfen bei Katzen, Hausmittel und Behandlung.","breadcrumb":{"@id":"https:\/\/uelzener.de\/magazin\/katze\/tiergesundheit\/katzenschnupfen-symptome-hausmittel-behandlung\/#breadcrumb"},"inLanguage":"de","potentialAction":[{"@type":"ReadAction","target":["https:\/\/uelzener.de\/magazin\/katze\/tiergesundheit\/katzenschnupfen-symptome-hausmittel-behandlung\/"]}]},{"@type":"ImageObject","inLanguage":"de","@id":"https:\/\/uelzener.de\/magazin\/katze\/tiergesundheit\/katzenschnupfen-symptome-hausmittel-behandlung\/#primaryimage","url":"https:\/\/uelzener.de\/magazin\/app\/uploads\/2022\/12\/katzenschnupfen.jpg","contentUrl":"https:\/\/uelzener.de\/magazin\/app\/uploads\/2022\/12\/katzenschnupfen.jpg","width":1025,"height":450,"caption":"Ein Maine-Coon-Katze niest. Hat sie etwa Katzenschnupfen?"},{"@type":"WebSite","@id":"https:\/\/uelzener.de\/magazin\/#website","url":"https:\/\/uelzener.de\/magazin\/","name":"Uelzener Tiermagazin","description":"Online Tierratgeber der Uelzener Versicherungen","publisher":{"@id":"https:\/\/uelzener.de\/magazin\/#organization"},"potentialAction":[{"@type":"SearchAction","target":{"@type":"EntryPoint","urlTemplate":"https:\/\/uelzener.de\/magazin\/?s={search_term_string}"},"query-input":{"@type":"PropertyValueSpecification","valueRequired":true,"valueName":"search_term_string"}}],"inLanguage":"de"},{"@type":"Organization","@id":"https:\/\/uelzener.de\/magazin\/#organization","name":"Uelzener Versicherungen","url":"https:\/\/uelzener.de\/magazin\/","logo":{"@type":"ImageObject","inLanguage":"de","@id":"https:\/\/uelzener.de\/magazin\/#\/schema\/logo\/image\/","url":"https:\/\/uelzener.de\/magazin\/app\/uploads\/2024\/11\/uelzener_allgemeine_versicherungsgesellschaft_a_g_logo.jpg","contentUrl":"https:\/\/uelzener.de\/magazin\/app\/uploads\/2024\/11\/uelzener_allgemeine_versicherungsgesellschaft_a_g_logo.jpg","width":200,"height":200,"caption":"Uelzener Versicherungen"},"image":{"@id":"https:\/\/uelzener.de\/magazin\/#\/schema\/logo\/image\/"},"sameAs":["https:\/\/www.facebook.com\/Uelzener","https:\/\/instagram.com\/uelzener","https:\/\/www.xing.com\/pages\/uelzenerallgemeineversicherungs-gesellschafta-g","https:\/\/www.youtube.com\/UelzenerVersicherungen"]}]}},"_links":{"self":[{"href":"https:\/\/uelzener.de\/magazin\/wp-json\/wp\/v2\/pages\/14594","targetHints":{"allow":["GET"]}}],"collection":[{"href":"https:\/\/uelzener.de\/magazin\/wp-json\/wp\/v2\/pages"}],"about":[{"href":"https:\/\/uelzener.de\/magazin\/wp-json\/wp\/v2\/types\/page"}],"author":[{"embeddable":true,"href":"https:\/\/uelzener.de\/magazin\/wp-json\/wp\/v2\/users\/11"}],"replies":[{"embeddable":true,"href":"https:\/\/uelzener.de\/magazin\/wp-json\/wp\/v2\/comments?post=14594"}],"version-history":[{"count":18,"href":"https:\/\/uelzener.de\/magazin\/wp-json\/wp\/v2\/pages\/14594\/revisions"}],"predecessor-version":[{"id":19427,"href":"https:\/\/uelzener.de\/magazin\/wp-json\/wp\/v2\/pages\/14594\/revisions\/19427"}],"up":[{"embeddable":true,"href":"https:\/\/uelzener.de\/magazin\/wp-json\/wp\/v2\/pages\/11712"}],"wp:featuredmedia":[{"embeddable":true,"href":"https:\/\/uelzener.de\/magazin\/wp-json\/wp\/v2\/media\/14595"}],"wp:attachment":[{"href":"https:\/\/uelzener.de\/magazin\/wp-json\/wp\/v2\/media?parent=14594"}],"curies":[{"name":"wp","href":"https:\/\/api.w.org\/{rel}","templated":true}]}}