{"id":14559,"date":"2022-12-12T12:13:40","date_gmt":"2022-12-12T11:13:40","guid":{"rendered":"https:\/\/uelzener.de\/magazin\/?page_id=14559"},"modified":"2025-11-13T10:38:45","modified_gmt":"2025-11-13T09:38:45","slug":"weihnachtsquadrille","status":"publish","type":"page","link":"https:\/\/uelzener.de\/magazin\/pferd\/haeufige-fragen\/weihnachtsquadrille\/","title":{"rendered":"Was ist eine Weihnachtsquadrille beim Reiten?"},"content":{"rendered":"<p>Zu Weihnachten und im Advent sind Weihnachtsquadrillen in St\u00e4llen, Reitschulen oder auf Reiterh\u00f6fen sehr beliebt.<\/p>\n<p>Bei einer Quadrille reitet eine Gruppe von Reiter:innen zu musikalischer Untermalung eine Choreographie verschiedener Hufschlagfiguren und Gangarten. Dabei reiten die Teilnehmer:innen hintereinander her, teilen sich in Gruppen auf und kommen wieder in neuen Variationen zusammen. Die Anzahl der Teilnehmer:innen l\u00e4sst sich stets durch die Zahl Vier teilen. Daher kommt auch der Name Quadrille.<\/p>\n<p>Quadrillen haben eine sehr lange Tradition. So gibt es ber\u00fchmte Reitschulen, deren Quadrillen besonders sehenswert und bekannt sind. Beispielsweise diejenigen der Spanischen Hofreitschule in Wien oder der franz\u00f6sischen Reitschule Cadre Noir de Saumur.<\/p>\n<p>Quadrillen machen sowohl Reiter:innen als auch Zuschauer:innen viel Freude. Denn Quadrillen sind zum einen sch\u00f6n anzusehen und au\u00dferdem ein geeignetes Trainingsprojekt f\u00fcr Reitsch\u00fcler:innen. Besonders beliebt sind Quadrillen zur Advents- und Weihnachtszeit. Meist werden sie im Winter in der Halle durchgef\u00fchrt. Alternativ kann die Quadrille und das <a href=\"https:\/\/uelzener.de\/magazin\/pferd\/erziehung-und-training\/pferdetraining-auf-gefrorenem-boden\/\">Pferdetraining auf gefrorenem Boden<\/a> stattfinden, wenn der Boden des Platzes vor dem Einfrieren glatt gezogen wurde.<\/p>\n<h2>Ursprung: Was ist eine Quadrille?<\/h2>\n<p>Bereits in der Antike kannte man das Formationsreiten. Besondere Bedeutung erlangte es in der Kavallerie. F\u00fcr milit\u00e4risches Vorgehen war es zwingend n\u00f6tig, dass Gruppen von Reitern sich in Formationen bewegen konnten. Daher wurde das Formationsreiten in den Kavallerieschulen perfektioniert.<\/p>\n<p>Der Begriff Quadrille ist von dem franz\u00f6sischen Formationstanz abgeleitet, der im 19. Jahrhundert in Frankreich entstanden ist. \u00c4hnlich wie bei der Quadrille zu Pferd, tanzen im Formationstanz vier oder acht T\u00e4nzer:innen eine Choreografie verschiedener Figuren.<\/p>\n<h2>Quadrille im Pferdesport<\/h2>\n<p>Quadrillen spielen auch im Pferdesport traditionell eine gro\u00dfe Rolle. Beispielsweise zu \u00dcbungszwecken, als Schaureiten und auch im Rahmen von Turnieren. Du kannst bei Championaten Dressurquadrillen, Springquadrillen oder auch Fahrquadrillen anschauen. Quadrillen lassen sich sehr gut mit der <a href=\"https:\/\/uelzener.de\/magazin\/pferd\/erziehung-und-training\/dressurarbeit-fuer-springpferde\/\">Dressurarbeit<\/a> verbinden. Aber auch f\u00fcr die Kombination von Dressur- und Springtraining eignen sie sich hervorragend, weil so wunderbar variantenreiche Quadrillen entstehen k\u00f6nnen.<\/p>\n<h2>Weltrekord der Friesenquadrille<\/h2>\n<p>Besonders eindrucksvoll k\u00f6nnen sehr gro\u00dfe Quadrillen sein. So die Quadrille, die am 5. Juli 2019 mit 132 Friesenpferden und ihren Reiter:innen auf der Equitana OpenAir in Mannheim geritten wurde. Geplant wurde das Event von der Ostsee-Quadrille, zu der sich viele weitere Gastreiter:innen gesellten. Damit brachte es diese Quadrille zu einem Weltrekord, der es ins Guinness Buch der Rekorde geschafft hat.<\/p>\n<p>Die Ostsee-Quadrille plus Gastreiter:innen l\u00f6ste an diesem Tag die 2008 mit 103 Haflingern gerittene bisherige Weltrekord-Quadrille ab. Dies ist besonders beeindruckend, da es nur eine einzige Gelegenheit zum gemeinsamen \u00dcben von Pferden und Reiter:innen gab und sich der gr\u00f6\u00dfte Teil der Teilnehmer:innen zuvor noch nicht begegnet waren. Eine planerische und organisatorische Meisterleistung, die Pferden und Reiter:innen viel Disziplin und Teamgeist abverlangte.<\/p>\n<h2>Besonderheiten der Weihnachtsquadrille<\/h2>\n<p>Eine besondere Form der Quadrille stellen die in der Advents- und Weihnachtszeit beliebten Weihnachtsquadrillen dar. Auch hier werden in Formationen die unterschiedlichsten Choreografien geritten. Als Untermalung dient weihnachtliche Musik von klassisch bis modern. Oftmals tragen die Reiter:innen fantasievolle Bekleidungen von der schlichten rot-wei\u00dfen Weihnachtsm\u00fctze bis hin zur kompletten Kost\u00fcmierung von Pferd und Reiter:in. So wird eine Weihnachtsquadrille zu einem sch\u00f6nen Erlebnis, das Teilnehmer:innen und Zuschauer:innen in Weihnachtsstimmung versetzen kann.<\/p>\n<h3>Wichtig f\u00fcr die Planung einer Quadrille<\/h3>\n<p>Eine Quadrille wirkt im Idealfall m\u00fchelos. Damit sie so unbeschwert beim Publikum ankommt, braucht es eine gute Planung und viel \u00dcbung.<\/p>\n<p>Hier sind einige der wichtigsten Aspekte f\u00fcr die Planung und Durchf\u00fchrung einer Quadrille:<\/p>\n<ul>\n<li>Alle Figuren, die die Gruppe in der Lage ist zu reiten, k\u00f6nnen f\u00fcr die Choreografie der Quadrille verwendet werden.<\/li>\n<li>Gangarten und Tempi m\u00f6glichst vielseitig variieren, sodass eine abwechslungsreiche Choreografie entsteht.<\/li>\n<li>Den Schwierigkeitsgrad bestimmt das schw\u00e4chste Mitglied der Gruppe. Wenn alle m\u00fchelos mithalten k\u00f6nnen, entsteht eine leichtf\u00fc\u00dfige Choreografie.<\/li>\n<li>Lieber leichtere Figuren verwenden, die sicher beherrscht werden und genau geritten werden k\u00f6nnen. Zu schwierige Figuren k\u00f6nnen den Gesamteindruck st\u00f6ren und die Reiter:innen stressen.<\/li>\n<li>Erst die Quadrille ausarbeiten, dann die Musik ausw\u00e4hlen. So lassen sich Tempo, Rhythmus und L\u00e4nge der Musiksequenzen den Figuren gut anpassen.<\/li>\n<\/ul>\n<h2>Musik zur Weihnachtsquadrille<\/h2>\n<p>Wer sich an die Planung einer Weihnachtsquadrille macht, steht vor der schwierigen Frage der geeigneten Musikauswahl.<\/p>\n<p>Dabei sollte die Musik zwei Kriterien gen\u00fcgen. Die sollte:<\/p>\n<ol>\n<li>thematisch zu Weihnachten passen und<\/li>\n<li>im Rhythmus mit den verschiedenen Gangarten und Tempi, die in der Quadrille geritten werden harmonieren.<\/li>\n<\/ol>\n<h3>Hier einige Musik-Vorschl\u00e4ge, die sich bei Weihnachtsquadrillen bew\u00e4hrt haben:<\/h3>\n<ul>\n<li>Rudolph the Red Nosed Reindeer<\/li>\n<li>Frosty The Snowman<\/li>\n<li>Santa Claus Is Coming to Town<\/li>\n<li>All I Want for Christmas Is You von Mariah Carey<\/li>\n<li>Merry Christmas Everyone von Shakin Stevens<\/li>\n<li>Die Filmmusik aus dem Film <em>Drei Haseln\u00fcsse f\u00fcr Aschenbr\u00f6del<\/em><\/li>\n<\/ul>\n<h2>Wo finde ich ein Quadrillen-Reiten zu Weihnachten in meiner N\u00e4he?<\/h2>\n<p>Hast du Lust bekommen, bei einer Weihnachtsquadrille zuzuschauen? Dann erkundige dich bei Reitvereinen in deiner Umgebung nach <a href=\"https:\/\/www.google.com\/search?q=Weihnachtsquadrille+in+der+n%C3%A4he\">Weihnachtsquadrillen in deiner N\u00e4he<\/a>. Die meisten Vereine haben Internetseiten, auf denen sie ihr Veranstaltungsprogramm ver\u00f6ffentlichen. Da Quadrillen in der Advents- und Weihnachtszeit h\u00e4ufig durchgef\u00fchrt werden, hast du zu dieser Zeit gute Chancen, bei einem Verein in der N\u00e4he zuschauen zu k\u00f6nnen.<\/p>\n","protected":false},"excerpt":{"rendered":"<p>Zu Weihnachten und im Advent sind Weihnachtsquadrillen in St\u00e4llen, Reitschulen oder auf Reiterh\u00f6fen sehr beliebt. Bei einer Quadrille reitet eine Gruppe von Reiter:innen zu musikalischer Untermalung eine Choreographie verschiedener Hufschlagfiguren und Gangarten. Dabei reiten die Teilnehmer:innen hintereinander her, teilen sich in Gruppen auf und kommen wieder in neuen Variationen zusammen. Die Anzahl der Teilnehmer:innen l\u00e4sst [&hellip;]<\/p>\n","protected":false},"author":11,"featured_media":14561,"parent":11685,"menu_order":19,"comment_status":"closed","ping_status":"closed","template":"templates\/blog.php","meta":{"_acf_changed":false,"_crdt_document":"","footnotes":"","beyondwords_generate_audio":"","beyondwords_project_id":"","beyondwords_content_id":"","beyondwords_preview_token":"","beyondwords_player_style":"","beyondwords_language_id":"","beyondwords_title_voice_id":"","beyondwords_body_voice_id":"","beyondwords_summary_voice_id":"","beyondwords_error_message":"","beyondwords_disabled":"","beyondwords_delete_content":"","beyondwords_podcast_id":"","beyondwords_hash":"","publish_post_to_speechkit":"","speechkit_hash":"","speechkit_generate_audio":"","speechkit_project_id":"","speechkit_podcast_id":"","speechkit_error_message":"","speechkit_disabled":"","speechkit_access_key":"","speechkit_error":"","speechkit_info":"","speechkit_response":"","speechkit_retries":"","speechkit_status":"","speechkit_updated_at":"","_speechkit_link":"","_speechkit_text":""},"class_list":["post-14559","page","type-page","status-publish","has-post-thumbnail","hentry"],"acf":[],"yoast_head":"<!-- This site is optimized with the Yoast SEO Premium plugin  - https:\/\/yoast.com\/product\/yoast-seo-premium-wordpress\/ -->\n<title>Was ist eine Weihnachtsquadrille beim Reiten? | Uelzener Magazin<\/title>\n<meta name=\"description\" content=\"Eine sch\u00f6ne reiterliche Tradition f\u00fcr stimmungsvolle Weihnachtsfreude bei Reiter:innen und Zuschauer:innen.\" \/>\n<meta name=\"robots\" content=\"index, follow, max-snippet:-1, max-image-preview:large, max-video-preview:-1\" \/>\n<link rel=\"canonical\" href=\"https:\/\/uelzener.de\/magazin\/pferd\/haeufige-fragen\/weihnachtsquadrille\/\" \/>\n<meta property=\"og:locale\" content=\"de_DE\" \/>\n<meta property=\"og:type\" content=\"article\" \/>\n<meta property=\"og:title\" content=\"Was ist eine Weihnachtsquadrille beim Reiten?\" \/>\n<meta property=\"og:description\" content=\"Eine sch\u00f6ne reiterliche Tradition f\u00fcr stimmungsvolle Weihnachtsfreude bei Reiter:innen und Zuschauer:innen.\" \/>\n<meta property=\"og:url\" content=\"https:\/\/uelzener.de\/magazin\/pferd\/haeufige-fragen\/weihnachtsquadrille\/\" \/>\n<meta property=\"og:site_name\" content=\"Uelzener Tier-Magazin\" \/>\n<meta property=\"article:publisher\" content=\"https:\/\/www.facebook.com\/Uelzener\" \/>\n<meta property=\"article:modified_time\" content=\"2025-11-13T09:38:45+00:00\" \/>\n<meta property=\"og:image\" content=\"https:\/\/uelzener.de\/magazin\/app\/uploads\/2022\/12\/weihnachtsquadrille-reiten.jpg\" \/>\n\t<meta property=\"og:image:width\" content=\"1025\" \/>\n\t<meta property=\"og:image:height\" content=\"450\" \/>\n\t<meta property=\"og:image:type\" content=\"image\/jpeg\" \/>\n<meta name=\"twitter:card\" content=\"summary_large_image\" \/>\n<meta name=\"twitter:label1\" content=\"Gesch\u00e4tzte Lesezeit\" \/>\n\t<meta name=\"twitter:data1\" content=\"5\u00a0Minuten\" \/>\n<script type=\"application\/ld+json\" class=\"yoast-schema-graph\">{\"@context\":\"https:\\\/\\\/schema.org\",\"@graph\":[{\"@type\":\"WebPage\",\"@id\":\"https:\\\/\\\/uelzener.de\\\/magazin\\\/pferd\\\/haeufige-fragen\\\/weihnachtsquadrille\\\/\",\"url\":\"https:\\\/\\\/uelzener.de\\\/magazin\\\/pferd\\\/haeufige-fragen\\\/weihnachtsquadrille\\\/\",\"name\":\"Was ist eine Weihnachtsquadrille beim Reiten? | Uelzener Magazin\",\"isPartOf\":{\"@id\":\"https:\\\/\\\/uelzener.de\\\/magazin\\\/#website\"},\"primaryImageOfPage\":{\"@id\":\"https:\\\/\\\/uelzener.de\\\/magazin\\\/pferd\\\/haeufige-fragen\\\/weihnachtsquadrille\\\/#primaryimage\"},\"image\":{\"@id\":\"https:\\\/\\\/uelzener.de\\\/magazin\\\/pferd\\\/haeufige-fragen\\\/weihnachtsquadrille\\\/#primaryimage\"},\"thumbnailUrl\":\"https:\\\/\\\/uelzener.de\\\/magazin\\\/app\\\/uploads\\\/2022\\\/12\\\/weihnachtsquadrille-reiten.jpg\",\"datePublished\":\"2022-12-12T11:13:40+00:00\",\"dateModified\":\"2025-11-13T09:38:45+00:00\",\"description\":\"Eine sch\u00f6ne reiterliche Tradition f\u00fcr stimmungsvolle Weihnachtsfreude bei Reiter:innen und Zuschauer:innen.\",\"breadcrumb\":{\"@id\":\"https:\\\/\\\/uelzener.de\\\/magazin\\\/pferd\\\/haeufige-fragen\\\/weihnachtsquadrille\\\/#breadcrumb\"},\"inLanguage\":\"de\",\"potentialAction\":[{\"@type\":\"ReadAction\",\"target\":[\"https:\\\/\\\/uelzener.de\\\/magazin\\\/pferd\\\/haeufige-fragen\\\/weihnachtsquadrille\\\/\"]}]},{\"@type\":\"ImageObject\",\"inLanguage\":\"de\",\"@id\":\"https:\\\/\\\/uelzener.de\\\/magazin\\\/pferd\\\/haeufige-fragen\\\/weihnachtsquadrille\\\/#primaryimage\",\"url\":\"https:\\\/\\\/uelzener.de\\\/magazin\\\/app\\\/uploads\\\/2022\\\/12\\\/weihnachtsquadrille-reiten.jpg\",\"contentUrl\":\"https:\\\/\\\/uelzener.de\\\/magazin\\\/app\\\/uploads\\\/2022\\\/12\\\/weihnachtsquadrille-reiten.jpg\",\"width\":1025,\"height\":450,\"caption\":\"Zeichnung zeigt historische Weihnachtsquadrille beim Reiten\"},{\"@type\":\"WebSite\",\"@id\":\"https:\\\/\\\/uelzener.de\\\/magazin\\\/#website\",\"url\":\"https:\\\/\\\/uelzener.de\\\/magazin\\\/\",\"name\":\"Uelzener Tiermagazin\",\"description\":\"Online Tierratgeber der Uelzener Versicherungen\",\"publisher\":{\"@id\":\"https:\\\/\\\/uelzener.de\\\/magazin\\\/#organization\"},\"potentialAction\":[{\"@type\":\"SearchAction\",\"target\":{\"@type\":\"EntryPoint\",\"urlTemplate\":\"https:\\\/\\\/uelzener.de\\\/magazin\\\/?s={search_term_string}\"},\"query-input\":{\"@type\":\"PropertyValueSpecification\",\"valueRequired\":true,\"valueName\":\"search_term_string\"}}],\"inLanguage\":\"de\"},{\"@type\":\"Organization\",\"@id\":\"https:\\\/\\\/uelzener.de\\\/magazin\\\/#organization\",\"name\":\"Uelzener Versicherungen\",\"url\":\"https:\\\/\\\/uelzener.de\\\/magazin\\\/\",\"logo\":{\"@type\":\"ImageObject\",\"inLanguage\":\"de\",\"@id\":\"https:\\\/\\\/uelzener.de\\\/magazin\\\/#\\\/schema\\\/logo\\\/image\\\/\",\"url\":\"https:\\\/\\\/uelzener.de\\\/magazin\\\/app\\\/uploads\\\/2024\\\/11\\\/uelzener_allgemeine_versicherungsgesellschaft_a_g_logo.jpg\",\"contentUrl\":\"https:\\\/\\\/uelzener.de\\\/magazin\\\/app\\\/uploads\\\/2024\\\/11\\\/uelzener_allgemeine_versicherungsgesellschaft_a_g_logo.jpg\",\"width\":200,\"height\":200,\"caption\":\"Uelzener Versicherungen\"},\"image\":{\"@id\":\"https:\\\/\\\/uelzener.de\\\/magazin\\\/#\\\/schema\\\/logo\\\/image\\\/\"},\"sameAs\":[\"https:\\\/\\\/www.facebook.com\\\/Uelzener\",\"https:\\\/\\\/instagram.com\\\/uelzener\",\"https:\\\/\\\/www.xing.com\\\/pages\\\/uelzenerallgemeineversicherungs-gesellschafta-g\",\"https:\\\/\\\/www.youtube.com\\\/UelzenerVersicherungen\"]}]}<\/script>\n<!-- \/ Yoast SEO Premium plugin. -->","yoast_head_json":{"title":"Was ist eine Weihnachtsquadrille beim Reiten? | Uelzener Magazin","description":"Eine sch\u00f6ne reiterliche Tradition f\u00fcr stimmungsvolle Weihnachtsfreude bei Reiter:innen und Zuschauer:innen.","robots":{"index":"index","follow":"follow","max-snippet":"max-snippet:-1","max-image-preview":"max-image-preview:large","max-video-preview":"max-video-preview:-1"},"canonical":"https:\/\/uelzener.de\/magazin\/pferd\/haeufige-fragen\/weihnachtsquadrille\/","og_locale":"de_DE","og_type":"article","og_title":"Was ist eine Weihnachtsquadrille beim Reiten?","og_description":"Eine sch\u00f6ne reiterliche Tradition f\u00fcr stimmungsvolle Weihnachtsfreude bei Reiter:innen und Zuschauer:innen.","og_url":"https:\/\/uelzener.de\/magazin\/pferd\/haeufige-fragen\/weihnachtsquadrille\/","og_site_name":"Uelzener Tier-Magazin","article_publisher":"https:\/\/www.facebook.com\/Uelzener","article_modified_time":"2025-11-13T09:38:45+00:00","og_image":[{"width":1025,"height":450,"url":"https:\/\/uelzener.de\/magazin\/app\/uploads\/2022\/12\/weihnachtsquadrille-reiten.jpg","type":"image\/jpeg"}],"twitter_card":"summary_large_image","twitter_misc":{"Gesch\u00e4tzte Lesezeit":"5\u00a0Minuten"},"schema":{"@context":"https:\/\/schema.org","@graph":[{"@type":"WebPage","@id":"https:\/\/uelzener.de\/magazin\/pferd\/haeufige-fragen\/weihnachtsquadrille\/","url":"https:\/\/uelzener.de\/magazin\/pferd\/haeufige-fragen\/weihnachtsquadrille\/","name":"Was ist eine Weihnachtsquadrille beim Reiten? | Uelzener Magazin","isPartOf":{"@id":"https:\/\/uelzener.de\/magazin\/#website"},"primaryImageOfPage":{"@id":"https:\/\/uelzener.de\/magazin\/pferd\/haeufige-fragen\/weihnachtsquadrille\/#primaryimage"},"image":{"@id":"https:\/\/uelzener.de\/magazin\/pferd\/haeufige-fragen\/weihnachtsquadrille\/#primaryimage"},"thumbnailUrl":"https:\/\/uelzener.de\/magazin\/app\/uploads\/2022\/12\/weihnachtsquadrille-reiten.jpg","datePublished":"2022-12-12T11:13:40+00:00","dateModified":"2025-11-13T09:38:45+00:00","description":"Eine sch\u00f6ne reiterliche Tradition f\u00fcr stimmungsvolle Weihnachtsfreude bei Reiter:innen und Zuschauer:innen.","breadcrumb":{"@id":"https:\/\/uelzener.de\/magazin\/pferd\/haeufige-fragen\/weihnachtsquadrille\/#breadcrumb"},"inLanguage":"de","potentialAction":[{"@type":"ReadAction","target":["https:\/\/uelzener.de\/magazin\/pferd\/haeufige-fragen\/weihnachtsquadrille\/"]}]},{"@type":"ImageObject","inLanguage":"de","@id":"https:\/\/uelzener.de\/magazin\/pferd\/haeufige-fragen\/weihnachtsquadrille\/#primaryimage","url":"https:\/\/uelzener.de\/magazin\/app\/uploads\/2022\/12\/weihnachtsquadrille-reiten.jpg","contentUrl":"https:\/\/uelzener.de\/magazin\/app\/uploads\/2022\/12\/weihnachtsquadrille-reiten.jpg","width":1025,"height":450,"caption":"Zeichnung zeigt historische Weihnachtsquadrille beim Reiten"},{"@type":"WebSite","@id":"https:\/\/uelzener.de\/magazin\/#website","url":"https:\/\/uelzener.de\/magazin\/","name":"Uelzener Tiermagazin","description":"Online Tierratgeber der Uelzener Versicherungen","publisher":{"@id":"https:\/\/uelzener.de\/magazin\/#organization"},"potentialAction":[{"@type":"SearchAction","target":{"@type":"EntryPoint","urlTemplate":"https:\/\/uelzener.de\/magazin\/?s={search_term_string}"},"query-input":{"@type":"PropertyValueSpecification","valueRequired":true,"valueName":"search_term_string"}}],"inLanguage":"de"},{"@type":"Organization","@id":"https:\/\/uelzener.de\/magazin\/#organization","name":"Uelzener Versicherungen","url":"https:\/\/uelzener.de\/magazin\/","logo":{"@type":"ImageObject","inLanguage":"de","@id":"https:\/\/uelzener.de\/magazin\/#\/schema\/logo\/image\/","url":"https:\/\/uelzener.de\/magazin\/app\/uploads\/2024\/11\/uelzener_allgemeine_versicherungsgesellschaft_a_g_logo.jpg","contentUrl":"https:\/\/uelzener.de\/magazin\/app\/uploads\/2024\/11\/uelzener_allgemeine_versicherungsgesellschaft_a_g_logo.jpg","width":200,"height":200,"caption":"Uelzener Versicherungen"},"image":{"@id":"https:\/\/uelzener.de\/magazin\/#\/schema\/logo\/image\/"},"sameAs":["https:\/\/www.facebook.com\/Uelzener","https:\/\/instagram.com\/uelzener","https:\/\/www.xing.com\/pages\/uelzenerallgemeineversicherungs-gesellschafta-g","https:\/\/www.youtube.com\/UelzenerVersicherungen"]}]}},"_links":{"self":[{"href":"https:\/\/uelzener.de\/magazin\/wp-json\/wp\/v2\/pages\/14559","targetHints":{"allow":["GET"]}}],"collection":[{"href":"https:\/\/uelzener.de\/magazin\/wp-json\/wp\/v2\/pages"}],"about":[{"href":"https:\/\/uelzener.de\/magazin\/wp-json\/wp\/v2\/types\/page"}],"author":[{"embeddable":true,"href":"https:\/\/uelzener.de\/magazin\/wp-json\/wp\/v2\/users\/11"}],"replies":[{"embeddable":true,"href":"https:\/\/uelzener.de\/magazin\/wp-json\/wp\/v2\/comments?post=14559"}],"version-history":[{"count":6,"href":"https:\/\/uelzener.de\/magazin\/wp-json\/wp\/v2\/pages\/14559\/revisions"}],"predecessor-version":[{"id":19432,"href":"https:\/\/uelzener.de\/magazin\/wp-json\/wp\/v2\/pages\/14559\/revisions\/19432"}],"up":[{"embeddable":true,"href":"https:\/\/uelzener.de\/magazin\/wp-json\/wp\/v2\/pages\/11685"}],"wp:featuredmedia":[{"embeddable":true,"href":"https:\/\/uelzener.de\/magazin\/wp-json\/wp\/v2\/media\/14561"}],"wp:attachment":[{"href":"https:\/\/uelzener.de\/magazin\/wp-json\/wp\/v2\/media?parent=14559"}],"curies":[{"name":"wp","href":"https:\/\/api.w.org\/{rel}","templated":true}]}}