{"id":14535,"date":"2022-12-12T10:47:31","date_gmt":"2022-12-12T09:47:31","guid":{"rendered":"https:\/\/uelzener.de\/magazin\/?page_id=14535"},"modified":"2025-11-13T10:37:33","modified_gmt":"2025-11-13T09:37:33","slug":"aufwaermen-abwaermen-pferdetraining","status":"publish","type":"page","link":"https:\/\/uelzener.de\/magazin\/pferd\/erziehung-und-training\/aufwaermen-abwaermen-pferdetraining\/","title":{"rendered":"Aufw\u00e4rmen und Abw\u00e4rmen beim Pferdetraining"},"content":{"rendered":"<p>Bestimmt geh\u00f6rt die Aufw\u00e4rmphase oder L\u00f6sephase (auch als L\u00f6sungsphase bekannt) zu deinem Training dazu, wie ein anschlie\u00dfendes Cool-down. Eine gut durchgef\u00fchrte Aufw\u00e4rmphase sch\u00fctzt dein Pferd zum Beispiel vor Verletzungen und bereitet es auf das anschlie\u00dfende Training vor. Die Cool-down-Phase hilft beispielsweise dabei, dass sich Stoffwechsel, Blutdruck und Atmung nach dem Training wieder normalisieren k\u00f6nnen. Doch wieso genau ist das Aufw\u00e4rmen so wichtig und wie kannst du die Warm-up-Phase abwechslungsreich gestalten? In diesem Artikel liest du mehr \u00fcber die Hintergr\u00fcnde und bekommst Anregungen f\u00fcr eine vielseitige Aufw\u00e4rmphase.<\/p>\n<h2>Warum muss man Pferde warmreiten?<\/h2>\n<p>Eine optimal gestaltete Aufw\u00e4rmphase beugt Verletzungen vor. Durch sanfte Bewegungen und \u00dcbungen erw\u00e4rmen sich Muskeln, B\u00e4nder und Sehnen langsam und schonend und k\u00f6nnen sich auf die bevorstehende Belastung vorbereiten. Verzichtest du auf die Aufw\u00e4rmphase oder w\u00e4hlst du sie zu kurz, kann es zu <a href=\"https:\/\/uelzener.de\/magazin\/pferd\/tiergesundheit\/osteopathie-fuer-pferde-wissenswertes-zur-osteopathischen-behandlung\/\">Verspannungen<\/a> oder Zerrungen kommen.<\/p>\n<p>Durch entsprechendes Aufw\u00e4rmen kommen Herz und Kreislauf in Schwung. Au\u00dferdem entsteht dabei Gelenkschmiere, die die Gelenke beim anschlie\u00dfenden Training schont. Als Bonus kann sich die Muskulatur auf das Training einstellen. So gew\u00f6hnt sich die Muskulatur an den Wechsel von An- und Entspannung. Das ist auch f\u00fcr den <a href=\"https:\/\/uelzener.de\/magazin\/pferd\/ernaehrung\/muskelaufbau-bei-pferden-durch-nahrung\/\">Muskelaufbau bei Pferden<\/a> wichtig. Ebenso bereiten sich die Gelenke durch das sanfte Dehnen und Beugen in der Aufw\u00e4rmphase auf das anstehende Training vor.<\/p>\n<p>Doch \u00e4hnlich wie f\u00fcr uns Menschen ist auch f\u00fcr Pferde nicht allein der K\u00f6rper entscheidend. Auch mental ist die Aufw\u00e4rmphase hilfreich. Denn das Pferd baut mithilfe der l\u00f6senden \u00dcbungen in der Aufw\u00e4rmphase Anspannung ab und kann sich sp\u00e4ter besser auf das Training konzentrieren.<\/p>\n<p>Entscheidend f\u00fcr die positiven Effekte der Aufw\u00e4rmphase ist nicht allein, dass sie \u00fcberhaupt stattfindet, sondern ebenfalls wichtig ist, wie lange sie dauert.<\/p>\n\n<div class=\"related_articles boxed\">\n    <h2>Mehr zum Thema<\/h2>\n    \n    <div class=\"wrapper\"><div class=\"title align-center\"><h3><a href=\"https:\/\/uelzener.de\/magazin\/pferd\/tiergesundheit\/sehnenverletzung-beim-pferd-erkennen-und-behandeln\/\">Sehnenverletzung beim Pferd erkennen und behandeln<\/a><\/h3><\/div><div class=\"img align-center\"><img decoding=\"async\" width=\"315\" height=\"180\" src=\"https:\/\/uelzener.de\/magazin\/app\/uploads\/2024\/06\/sehnenentzuendung-pferd-315x180.jpg\" class=\"attachment-315x180 size-315x180 wp-post-image\" alt=\"Arzt untersucht Pferd auf Sehnenentz\u00fcndung.\" \/><\/div><\/div><div class=\"wrapper\"><div class=\"title align-center\"><h3><a href=\"https:\/\/uelzener.de\/magazin\/pferd\/tiergesundheit\/pssm-beim-pferd-muskelerkrankung\/\">PSSM beim Pferd: Muskelerkrankung mit Folgen<\/a><\/h3><\/div><div class=\"img align-center\"><img decoding=\"async\" width=\"315\" height=\"180\" src=\"https:\/\/uelzener.de\/magazin\/app\/uploads\/2025\/04\/pssm-beim-pferd-315x180.jpg\" class=\"attachment-315x180 size-315x180 wp-post-image\" alt=\"Pferd mit PSSM.\" \/><\/div><\/div><div class=\"wrapper\"><div class=\"title align-center\"><h3><a href=\"https:\/\/uelzener.de\/magazin\/pferd\/haeufige-fragen\/liste-haeufigste-pferdekrankheiten-operationen\/\">Liste der h\u00e4ufigsten Pferdekrankheiten und Operationen<\/a><\/h3><\/div><div class=\"img align-center\"><img decoding=\"async\" width=\"315\" height=\"180\" src=\"https:\/\/uelzener.de\/magazin\/app\/uploads\/2023\/01\/haeufige-pferdekrankheiten-operationen-315x180.jpg\" class=\"attachment-315x180 size-315x180 wp-post-image\" alt=\"\u00c4rztin untersucht Pferd auf Krankheiten. Wird eine OP notwendig sein?\" \/><\/div><\/div><\/div>\n\n<h2>Wie lange Pferde aufw\u00e4rmen?<\/h2>\n<p>Ein grober Richtwert liegt bei 15 bis 20 Minuten, h\u00e4ngt jedoch von verschiedenen Faktoren ab:<\/p>\n<ul>\n<li>Au\u00dfentemperatur: Je k\u00e4lter es ist, desto l\u00e4nger solltest du die Aufw\u00e4rmphase gestalten.<\/li>\n<li>Alter des Pferdes: Je \u00e4lter das Pferd, desto l\u00e4nger solltest du es aufw\u00e4rmen.<\/li>\n<li>Intensit\u00e4t des auf die Aufw\u00e4rmphase folgenden Trainings: Je intensiver du planst zu trainieren, desto ausgiebiger sollte deine Aufw\u00e4rmphase ausfallen. Bei einem <a href=\"https:\/\/uelzener.de\/magazin\/pferd\/erziehung-und-training\/intervalltraining-pferd\/\">Intervalltraining mit Pferden<\/a> sollte man anders aufw\u00e4rmen als bei einem entspannten regul\u00e4ren Training.<\/li>\n<li>Intensit\u00e4t der Bewegungsm\u00f6glichkeiten im Alltag: Je mehr Bewegungsm\u00f6glichkeiten das Pferd im Alltag hat, beispielsweise bei der Weidehaltung, desto k\u00fcrzer kann die Aufw\u00e4rmphase ausfallen.<\/li>\n<\/ul>\n<p>Aufgrund dieser Einflussfaktoren ergibt sich eine unterschiedliche Dauer der Aufw\u00e4rmphase. Selbst bei ein und demselben Pferd kann die Dauer der Aufw\u00e4rmphase variieren. Entscheide entsprechend der f\u00fcr dein Pferd g\u00fcltigen Einflussfaktoren und nimm dir auf jeden Fall ausreichend Zeit, dein Pferd aufzuw\u00e4rmen. Beobachte dein Pferd und nimm bewusst wahr, wann es lockerer wird. Schau ruhig auf die Uhr, dass du deine eigenen Erfahrungswerte sammelst und eine ganz individuelle Aufw\u00e4rmphase f\u00fcr euch gestalten kannst. So startest du entspannt in dein Training und beugst Stress und Anspannung vor. Diese bergen viele Risiken, beispielsweise k\u00f6nnen sie zu ungesundem <a href=\"https:\/\/uelzener.de\/magazin\/pferd\/tiergesundheit\/zaehneknirschen-beim-pferd\/\">Z\u00e4hneknirschen beim Pferd<\/a> f\u00fchren.<\/p>\n<p>Doch die Dauer der Aufw\u00e4rmphase ist noch nicht alles, was du ber\u00fccksichtigen solltest. Denn Aufw\u00e4rmen ist nicht gleich Aufw\u00e4rmen. Vielfach wird Warmreiten im Schritt empfohlen. Das ist eine gute Basis f\u00fcr jede L\u00f6sephase. Doch es ist nur eine M\u00f6glichkeit von vielen. Du hast es in der Hand, die Phase des Warmwerdens interessant und besonders f\u00f6rderlich f\u00fcr dein Pferd zu gestalten.<\/p>\n<h2>Warm-up-\u00dcbungen<\/h2>\n<p>Verschiedenartige Warm-up-\u00dcbungen machen die Aufw\u00e4rmphase nicht nur abwechslungsreicher. Sie sorgen im Idealfall daf\u00fcr, dass unterschiedliche Muskelgruppen, Gelenke, Sehnen und B\u00e4nder verschieden stark beansprucht und damit aufgew\u00e4rmt werden.<\/p>\n<p>Grunds\u00e4tzlich sollten Aufw\u00e4rm\u00fcbungen leicht und anstrengungslos auszuf\u00fchren sein. So ger\u00e4t dein Pferd nicht in Gefahr, sich vor dem eigentlichen Training zu verausgaben oder zu verspannen. Denn wichtig ist, dass dein Pferd sich w\u00e4hrend der Aufw\u00e4rmphase entspannen kann und locker wird. Nicht umsonst hei\u00dft die Aufw\u00e4rmphase treffenderweise auch L\u00f6sephase.<\/p>\n<h3>Aufw\u00e4rmrunde im Schritt<\/h3>\n<p>Das Aufw\u00e4rmen im Schritt ist der Klassiker unter den Aufw\u00e4rm\u00fcbungen. Das ist eine gute M\u00f6glichkeit, dein Pferd aufzuw\u00e4rmen. Noch besser jedoch ist es, wenn du es zun\u00e4chst unbelastet durch die Last eine:r Reiter:in bewegst.<\/p>\n<h3>Zu Beginn 5 bis 10 Minuten f\u00fchren<\/h3>\n<p>Du tust deinem Pferd etwas Gutes, wenn es zun\u00e4chst einige Minuten ohne Reitergewicht gehen darf. Die Muskulatur, Atemwege, Sehnen und der ganze Stoffwechsel gew\u00f6hnen sich so ganz allm\u00e4hlich an die anstehende Belastung.<\/p>\n<p>Besonders im Winter oder bei \u00e4lteren Pferden kann dieser Start in die L\u00f6sephase besonders sanft und wohltuend sein. Der angenehme Nebeneffekt: Durch das Gehen wirst auch du dich automatisch aufw\u00e4rmen. Wieso das wichtig ist, beantworten wir hier: <a href=\"https:\/\/uelzener.de\/magazin\/pferd\/haeufige-fragen\/warum-ist-das-aufwaermen-fuer-reiter-wichtig\/\">Warum ist das Aufw\u00e4rmen f\u00fcr Reiter wichtig?<\/a><\/p>\n<p>&nbsp;<\/p>\n<p><audio src=\"https:\/\/uelzener.de\/magazin\/app\/uploads\/2024\/01\/231206_Uelzener_Podcast_Pferde_im_Winter_radionews.mp3\" controls=\"controls\"><\/audio><\/p>\n<p><em>Ein Radiobeitrag mit Dr. Garlipp von den Uelzener Versicherungen zum Thema Kolik und Pferde im Winter. Im Dezember 2023 und Januar 2024 unter anderem ausgestrahlt auf den Radiosendern Donau 3 FM, Radio Schlagerparadies, ROCK ANTENNE Hamburg und Radio Frankfurt.<\/em><\/p>\n<h3>Vorw\u00e4rts \u2013 abw\u00e4rts<\/h3>\n<p>Das Gehen im Vorw\u00e4rts-abw\u00e4rts ist eine gute M\u00f6glichkeit des Aufw\u00e4rmens. Das Pferd, dehnt, streckt und entspannt sich. Lass also dein Pferd im Vorw\u00e4rts-abw\u00e4rts gehen. Achte dabei jedoch darauf, dass ihr das Vorw\u00e4rts-abw\u00e4rts Reiten beherrscht. Fehlerhaftes Vorw\u00e4rts-abw\u00e4rts kann Verkrampfungen und eine \u00dcberlastung der Vorhand zur Folge haben. Beherrschst du es, kann es jedoch hervorragend zur L\u00f6sephase vor deiner Trainingseinheit beitragen.<\/p>\n<h3>Tempounterschiede<\/h3>\n<p>Ist dein Pferd ein wenig aufgew\u00e4rmt, kannst du etwas mehr Abwechslung hineinbringen. Das tut sowohl K\u00f6rper als auch Kopf gut. Eine gute M\u00f6glichkeit sind Tempiwechsel. Variiere das Tempo in den verschiedenen Gangarten. Achte hier besonders darauf, dass du dein Pferd w\u00e4hrend des Aufw\u00e4rmens nicht zu sehr belastest.<\/p>\n<h3>Handwechsel<\/h3>\n<p>Handwechsel f\u00fchren zu abwechslungsreichem Aufw\u00e4rmen. Au\u00dferdem werden Muskeln und Gelenke in verschiedene Richtungen gedehnt. Das hilft beim Aufw\u00e4rmen.<\/p>\n<h3>Gangartenwechsel<\/h3>\n<p>Gegen Ende der Aufw\u00e4rmphase kannst du Gangartenwechsel einsetzen. Von einer langsameren Gangart in eine schnellere und wieder zur\u00fcck. Damit wird die L\u00f6sephase abwechslungsreicher f\u00fcr K\u00f6rper und Geist.<\/p>\n<h3>Linien und Zirkel<\/h3>\n<p>Mit zunehmendem Aufw\u00e4rmen kannst du immer enger werdende Linien und Zirkel reiten und dabei die Z\u00fcgel immer ein bisschen mehr aufnehmen und dein Pferd St\u00fcck f\u00fcr St\u00fcck mehr versammeln.<\/p>\n<h3>Schlangenlinien<\/h3>\n<p>Schlangenlinien sind eine sch\u00f6ne M\u00f6glichkeit des Aufw\u00e4rmens. Sie bringen Abwechslung in diese manchmal etwas eint\u00f6nige Phase des Reitens. Zus\u00e4tzlich tragen sie dazu bei, dass Muskeln, Gelenke und B\u00e4nder in verschiedene Richtungen gedehnt werden. Beginne dazu mit gro\u00dfz\u00fcgigen Schl\u00e4ngellinien durch die gesamte Bahn, die allm\u00e4hlich immer kleiner werden.<\/p>\n<p>Nun hast du eine ganze Reihe Ideen, wie du dein Pferd durch eine abwechslungsreiche und wohltuende Aufw\u00e4rmphase bewegen kannst. So hast du die ideale Basis f\u00fcr eine hoffentlich erfolgreiche und sch\u00f6ne Trainingseinheit gelegt.<\/p>\n<p>So wichtig wie das Aufw\u00e4rmen zu Beginn, so ist das Abw\u00e4rmen oder die Cool-down-Phase am Ende deines Trainings.<\/p>\n<h2>Cool-down-Phase<\/h2>\n<p>Zur Abw\u00e4rmphase geh\u00f6rt das Austraben und anschlie\u00dfende Im-Schritt-Gehen. Falls du es beherrscht, tut deinem Pferd das Reiten im Vorw\u00e4rts-abw\u00e4rts gut. Das Abw\u00e4rmen f\u00fchrt zur Beruhigung des Stoffwechsels. Atmung und Blutdruck normalisieren sich wieder. Besonders wichtig ist die Cool-down-Phase f\u00fcr <a href=\"https:\/\/uelzener.de\/magazin\/pferd\/tipps-fuer-den-alltag\/pferd-hitzschlag-vermeiden\/\">Pferde bei Hitze<\/a>.<\/p>\n<p>Au\u00dferdem unterst\u00fctzt das Abw\u00e4rmen den Abbau des bei einer starken Belastung m\u00f6glicherweise entstandene f\u00fcr das Pferd sch\u00e4dliche Lactats. Lactat ist ein Abfallprodukt, das zur \u00dcbers\u00e4uerung f\u00fchrt. Wird Lactat nach dem Training nicht abgebaut, kann es zu Muskelsch\u00e4digungen kommen. Lactat abzubauen braucht Zeit. Man muss mit 30 bis 60 Minuten rechnen. Mit einer moderaten Bewegung, wie wir sie beim Abw\u00e4rmen durchf\u00fchren, kann sich dieser Zeitraum um 50 % verk\u00fcrzen. Das ist doch eine wirklich starke Motivation f\u00fcr eine ausgiebige Cool-down-Phase.<\/p>\n<h2>Fazit<\/h2>\n<p>Aufw\u00e4rmen ist nicht nur notwendig, sondern kann auch wirklich Freude machen. Mit abwechslungsreichen \u00dcbungen sorgst du f\u00fcr die optimale Vorbereitung deines Pferdes vor dem Start ins Training. Mit der Cool-down-Phase zum Schluss gibst du deinem Training einen guten Rahmen und sorgst f\u00fcr m\u00f6glichst gesundes und schonendes Arbeiten. Falls du dich fragst, was du noch f\u00fcr ein besonders wirkungsvolles Training tun kannst, dann schau dir mal unseren Artikel \u00fcbers <a href=\"https:\/\/uelzener.de\/magazin\/pferd\/erziehung-und-training\/pferdetraining-wann-und-wie-pausen-machen\/\">Pausen machen<\/a> an. Pausen sind n\u00e4mlich \u00e4hnlich wichtig wie gut gestaltetes Aufw\u00e4rmen und Abw\u00e4rmen.<\/p>\n","protected":false},"excerpt":{"rendered":"<p>Bestimmt geh\u00f6rt die Aufw\u00e4rmphase oder L\u00f6sephase (auch als L\u00f6sungsphase bekannt) zu deinem Training dazu, wie ein anschlie\u00dfendes Cool-down. Eine gut durchgef\u00fchrte Aufw\u00e4rmphase sch\u00fctzt dein Pferd zum Beispiel vor Verletzungen und bereitet es auf das anschlie\u00dfende Training vor. Die Cool-down-Phase hilft beispielsweise dabei, dass sich Stoffwechsel, Blutdruck und Atmung nach dem Training wieder normalisieren k\u00f6nnen. Doch [&hellip;]<\/p>\n","protected":false},"author":11,"featured_media":14537,"parent":11689,"menu_order":23,"comment_status":"closed","ping_status":"closed","template":"templates\/blog.php","meta":{"_acf_changed":false,"_crdt_document":"","footnotes":"","beyondwords_generate_audio":"0","beyondwords_project_id":"","beyondwords_content_id":"","beyondwords_preview_token":"","beyondwords_player_style":"","beyondwords_language_id":"","beyondwords_title_voice_id":"","beyondwords_body_voice_id":"","beyondwords_summary_voice_id":"","beyondwords_error_message":"","beyondwords_disabled":"","beyondwords_delete_content":"","beyondwords_podcast_id":"","beyondwords_hash":"","publish_post_to_speechkit":"","speechkit_hash":"","speechkit_generate_audio":"","speechkit_project_id":"","speechkit_podcast_id":"","speechkit_error_message":"","speechkit_disabled":"","speechkit_access_key":"","speechkit_error":"","speechkit_info":"","speechkit_response":"","speechkit_retries":"","speechkit_status":"","speechkit_updated_at":"","_speechkit_link":"","_speechkit_text":""},"class_list":["post-14535","page","type-page","status-publish","has-post-thumbnail","hentry"],"acf":[],"yoast_head":"<!-- This site is optimized with the Yoast SEO Premium plugin  - https:\/\/yoast.com\/product\/yoast-seo-premium-wordpress\/ -->\n<title>Aufw\u00e4rmen und Abw\u00e4rmen beim Pferdetraining | Uelzener Magazin<\/title>\n<meta name=\"description\" content=\"Weshalb Warm-ups und Cool-downs beim Pferd so wichtig sind. Diese \u00dcbungen machen die L\u00f6sephase noch wirkungsvoller.\" \/>\n<meta name=\"robots\" content=\"index, follow, max-snippet:-1, max-image-preview:large, max-video-preview:-1\" \/>\n<link rel=\"canonical\" href=\"https:\/\/uelzener.de\/magazin\/pferd\/erziehung-und-training\/aufwaermen-abwaermen-pferdetraining\/\" \/>\n<meta property=\"og:locale\" content=\"de_DE\" \/>\n<meta property=\"og:type\" content=\"article\" \/>\n<meta property=\"og:title\" content=\"Aufw\u00e4rmen und Abw\u00e4rmen beim Pferdetraining\" \/>\n<meta property=\"og:description\" content=\"Weshalb Warm-ups und Cool-downs beim Pferd so wichtig sind. Diese \u00dcbungen machen die L\u00f6sephase noch wirkungsvoller.\" \/>\n<meta property=\"og:url\" content=\"https:\/\/uelzener.de\/magazin\/pferd\/erziehung-und-training\/aufwaermen-abwaermen-pferdetraining\/\" \/>\n<meta property=\"og:site_name\" content=\"Uelzener Tier-Magazin\" \/>\n<meta property=\"article:publisher\" content=\"https:\/\/www.facebook.com\/Uelzener\" \/>\n<meta property=\"article:modified_time\" content=\"2025-11-13T09:37:33+00:00\" \/>\n<meta property=\"og:image\" content=\"https:\/\/uelzener.de\/magazin\/app\/uploads\/2022\/12\/aufwaermen-warmup-pferd.jpg\" \/>\n\t<meta property=\"og:image:width\" content=\"1025\" \/>\n\t<meta property=\"og:image:height\" content=\"450\" \/>\n\t<meta property=\"og:image:type\" content=\"image\/jpeg\" \/>\n<meta name=\"twitter:card\" content=\"summary_large_image\" \/>\n<meta name=\"twitter:label1\" content=\"Gesch\u00e4tzte Lesezeit\" \/>\n\t<meta name=\"twitter:data1\" content=\"8\u00a0Minuten\" \/>\n<script type=\"application\/ld+json\" class=\"yoast-schema-graph\">{\"@context\":\"https:\/\/schema.org\",\"@graph\":[{\"@type\":\"WebPage\",\"@id\":\"https:\/\/uelzener.de\/magazin\/pferd\/erziehung-und-training\/aufwaermen-abwaermen-pferdetraining\/\",\"url\":\"https:\/\/uelzener.de\/magazin\/pferd\/erziehung-und-training\/aufwaermen-abwaermen-pferdetraining\/\",\"name\":\"Aufw\u00e4rmen und Abw\u00e4rmen beim Pferdetraining | Uelzener Magazin\",\"isPartOf\":{\"@id\":\"https:\/\/uelzener.de\/magazin\/#website\"},\"primaryImageOfPage\":{\"@id\":\"https:\/\/uelzener.de\/magazin\/pferd\/erziehung-und-training\/aufwaermen-abwaermen-pferdetraining\/#primaryimage\"},\"image\":{\"@id\":\"https:\/\/uelzener.de\/magazin\/pferd\/erziehung-und-training\/aufwaermen-abwaermen-pferdetraining\/#primaryimage\"},\"thumbnailUrl\":\"https:\/\/uelzener.de\/magazin\/app\/uploads\/2022\/12\/aufwaermen-warmup-pferd.jpg\",\"datePublished\":\"2022-12-12T09:47:31+00:00\",\"dateModified\":\"2025-11-13T09:37:33+00:00\",\"description\":\"Weshalb Warm-ups und Cool-downs beim Pferd so wichtig sind. Diese \u00dcbungen machen die L\u00f6sephase noch wirkungsvoller.\",\"breadcrumb\":{\"@id\":\"https:\/\/uelzener.de\/magazin\/pferd\/erziehung-und-training\/aufwaermen-abwaermen-pferdetraining\/#breadcrumb\"},\"inLanguage\":\"de\",\"potentialAction\":[{\"@type\":\"ReadAction\",\"target\":[\"https:\/\/uelzener.de\/magazin\/pferd\/erziehung-und-training\/aufwaermen-abwaermen-pferdetraining\/\"]}]},{\"@type\":\"ImageObject\",\"inLanguage\":\"de\",\"@id\":\"https:\/\/uelzener.de\/magazin\/pferd\/erziehung-und-training\/aufwaermen-abwaermen-pferdetraining\/#primaryimage\",\"url\":\"https:\/\/uelzener.de\/magazin\/app\/uploads\/2022\/12\/aufwaermen-warmup-pferd.jpg\",\"contentUrl\":\"https:\/\/uelzener.de\/magazin\/app\/uploads\/2022\/12\/aufwaermen-warmup-pferd.jpg\",\"width\":1025,\"height\":450,\"caption\":\"Pferd wird unter einer roten Solarlampe aufgew\u00e4rmt.\"},{\"@type\":\"WebSite\",\"@id\":\"https:\/\/uelzener.de\/magazin\/#website\",\"url\":\"https:\/\/uelzener.de\/magazin\/\",\"name\":\"Uelzener Tiermagazin\",\"description\":\"Online Tierratgeber der Uelzener Versicherungen\",\"publisher\":{\"@id\":\"https:\/\/uelzener.de\/magazin\/#organization\"},\"potentialAction\":[{\"@type\":\"SearchAction\",\"target\":{\"@type\":\"EntryPoint\",\"urlTemplate\":\"https:\/\/uelzener.de\/magazin\/?s={search_term_string}\"},\"query-input\":{\"@type\":\"PropertyValueSpecification\",\"valueRequired\":true,\"valueName\":\"search_term_string\"}}],\"inLanguage\":\"de\"},{\"@type\":\"Organization\",\"@id\":\"https:\/\/uelzener.de\/magazin\/#organization\",\"name\":\"Uelzener Versicherungen\",\"url\":\"https:\/\/uelzener.de\/magazin\/\",\"logo\":{\"@type\":\"ImageObject\",\"inLanguage\":\"de\",\"@id\":\"https:\/\/uelzener.de\/magazin\/#\/schema\/logo\/image\/\",\"url\":\"https:\/\/uelzener.de\/magazin\/app\/uploads\/2024\/11\/uelzener_allgemeine_versicherungsgesellschaft_a_g_logo.jpg\",\"contentUrl\":\"https:\/\/uelzener.de\/magazin\/app\/uploads\/2024\/11\/uelzener_allgemeine_versicherungsgesellschaft_a_g_logo.jpg\",\"width\":200,\"height\":200,\"caption\":\"Uelzener Versicherungen\"},\"image\":{\"@id\":\"https:\/\/uelzener.de\/magazin\/#\/schema\/logo\/image\/\"},\"sameAs\":[\"https:\/\/www.facebook.com\/Uelzener\",\"https:\/\/instagram.com\/uelzener\",\"https:\/\/www.xing.com\/pages\/uelzenerallgemeineversicherungs-gesellschafta-g\",\"https:\/\/www.youtube.com\/UelzenerVersicherungen\"]}]}<\/script>\n<!-- \/ Yoast SEO Premium plugin. -->","yoast_head_json":{"title":"Aufw\u00e4rmen und Abw\u00e4rmen beim Pferdetraining | Uelzener Magazin","description":"Weshalb Warm-ups und Cool-downs beim Pferd so wichtig sind. Diese \u00dcbungen machen die L\u00f6sephase noch wirkungsvoller.","robots":{"index":"index","follow":"follow","max-snippet":"max-snippet:-1","max-image-preview":"max-image-preview:large","max-video-preview":"max-video-preview:-1"},"canonical":"https:\/\/uelzener.de\/magazin\/pferd\/erziehung-und-training\/aufwaermen-abwaermen-pferdetraining\/","og_locale":"de_DE","og_type":"article","og_title":"Aufw\u00e4rmen und Abw\u00e4rmen beim Pferdetraining","og_description":"Weshalb Warm-ups und Cool-downs beim Pferd so wichtig sind. Diese \u00dcbungen machen die L\u00f6sephase noch wirkungsvoller.","og_url":"https:\/\/uelzener.de\/magazin\/pferd\/erziehung-und-training\/aufwaermen-abwaermen-pferdetraining\/","og_site_name":"Uelzener Tier-Magazin","article_publisher":"https:\/\/www.facebook.com\/Uelzener","article_modified_time":"2025-11-13T09:37:33+00:00","og_image":[{"width":1025,"height":450,"url":"https:\/\/uelzener.de\/magazin\/app\/uploads\/2022\/12\/aufwaermen-warmup-pferd.jpg","type":"image\/jpeg"}],"twitter_card":"summary_large_image","twitter_misc":{"Gesch\u00e4tzte Lesezeit":"8\u00a0Minuten"},"schema":{"@context":"https:\/\/schema.org","@graph":[{"@type":"WebPage","@id":"https:\/\/uelzener.de\/magazin\/pferd\/erziehung-und-training\/aufwaermen-abwaermen-pferdetraining\/","url":"https:\/\/uelzener.de\/magazin\/pferd\/erziehung-und-training\/aufwaermen-abwaermen-pferdetraining\/","name":"Aufw\u00e4rmen und Abw\u00e4rmen beim Pferdetraining | Uelzener Magazin","isPartOf":{"@id":"https:\/\/uelzener.de\/magazin\/#website"},"primaryImageOfPage":{"@id":"https:\/\/uelzener.de\/magazin\/pferd\/erziehung-und-training\/aufwaermen-abwaermen-pferdetraining\/#primaryimage"},"image":{"@id":"https:\/\/uelzener.de\/magazin\/pferd\/erziehung-und-training\/aufwaermen-abwaermen-pferdetraining\/#primaryimage"},"thumbnailUrl":"https:\/\/uelzener.de\/magazin\/app\/uploads\/2022\/12\/aufwaermen-warmup-pferd.jpg","datePublished":"2022-12-12T09:47:31+00:00","dateModified":"2025-11-13T09:37:33+00:00","description":"Weshalb Warm-ups und Cool-downs beim Pferd so wichtig sind. Diese \u00dcbungen machen die L\u00f6sephase noch wirkungsvoller.","breadcrumb":{"@id":"https:\/\/uelzener.de\/magazin\/pferd\/erziehung-und-training\/aufwaermen-abwaermen-pferdetraining\/#breadcrumb"},"inLanguage":"de","potentialAction":[{"@type":"ReadAction","target":["https:\/\/uelzener.de\/magazin\/pferd\/erziehung-und-training\/aufwaermen-abwaermen-pferdetraining\/"]}]},{"@type":"ImageObject","inLanguage":"de","@id":"https:\/\/uelzener.de\/magazin\/pferd\/erziehung-und-training\/aufwaermen-abwaermen-pferdetraining\/#primaryimage","url":"https:\/\/uelzener.de\/magazin\/app\/uploads\/2022\/12\/aufwaermen-warmup-pferd.jpg","contentUrl":"https:\/\/uelzener.de\/magazin\/app\/uploads\/2022\/12\/aufwaermen-warmup-pferd.jpg","width":1025,"height":450,"caption":"Pferd wird unter einer roten Solarlampe aufgew\u00e4rmt."},{"@type":"WebSite","@id":"https:\/\/uelzener.de\/magazin\/#website","url":"https:\/\/uelzener.de\/magazin\/","name":"Uelzener Tiermagazin","description":"Online Tierratgeber der Uelzener Versicherungen","publisher":{"@id":"https:\/\/uelzener.de\/magazin\/#organization"},"potentialAction":[{"@type":"SearchAction","target":{"@type":"EntryPoint","urlTemplate":"https:\/\/uelzener.de\/magazin\/?s={search_term_string}"},"query-input":{"@type":"PropertyValueSpecification","valueRequired":true,"valueName":"search_term_string"}}],"inLanguage":"de"},{"@type":"Organization","@id":"https:\/\/uelzener.de\/magazin\/#organization","name":"Uelzener Versicherungen","url":"https:\/\/uelzener.de\/magazin\/","logo":{"@type":"ImageObject","inLanguage":"de","@id":"https:\/\/uelzener.de\/magazin\/#\/schema\/logo\/image\/","url":"https:\/\/uelzener.de\/magazin\/app\/uploads\/2024\/11\/uelzener_allgemeine_versicherungsgesellschaft_a_g_logo.jpg","contentUrl":"https:\/\/uelzener.de\/magazin\/app\/uploads\/2024\/11\/uelzener_allgemeine_versicherungsgesellschaft_a_g_logo.jpg","width":200,"height":200,"caption":"Uelzener Versicherungen"},"image":{"@id":"https:\/\/uelzener.de\/magazin\/#\/schema\/logo\/image\/"},"sameAs":["https:\/\/www.facebook.com\/Uelzener","https:\/\/instagram.com\/uelzener","https:\/\/www.xing.com\/pages\/uelzenerallgemeineversicherungs-gesellschafta-g","https:\/\/www.youtube.com\/UelzenerVersicherungen"]}]}},"_links":{"self":[{"href":"https:\/\/uelzener.de\/magazin\/wp-json\/wp\/v2\/pages\/14535","targetHints":{"allow":["GET"]}}],"collection":[{"href":"https:\/\/uelzener.de\/magazin\/wp-json\/wp\/v2\/pages"}],"about":[{"href":"https:\/\/uelzener.de\/magazin\/wp-json\/wp\/v2\/types\/page"}],"author":[{"embeddable":true,"href":"https:\/\/uelzener.de\/magazin\/wp-json\/wp\/v2\/users\/11"}],"replies":[{"embeddable":true,"href":"https:\/\/uelzener.de\/magazin\/wp-json\/wp\/v2\/comments?post=14535"}],"version-history":[{"count":14,"href":"https:\/\/uelzener.de\/magazin\/wp-json\/wp\/v2\/pages\/14535\/revisions"}],"predecessor-version":[{"id":19426,"href":"https:\/\/uelzener.de\/magazin\/wp-json\/wp\/v2\/pages\/14535\/revisions\/19426"}],"up":[{"embeddable":true,"href":"https:\/\/uelzener.de\/magazin\/wp-json\/wp\/v2\/pages\/11689"}],"wp:featuredmedia":[{"embeddable":true,"href":"https:\/\/uelzener.de\/magazin\/wp-json\/wp\/v2\/media\/14537"}],"wp:attachment":[{"href":"https:\/\/uelzener.de\/magazin\/wp-json\/wp\/v2\/media?parent=14535"}],"curies":[{"name":"wp","href":"https:\/\/api.w.org\/{rel}","templated":true}]}}