{"id":14490,"date":"2022-12-02T14:04:54","date_gmt":"2022-12-02T13:04:54","guid":{"rendered":"https:\/\/uelzener.de\/magazin\/?page_id=14490"},"modified":"2025-12-15T11:54:46","modified_gmt":"2025-12-15T10:54:46","slug":"geschenkideen-hunde-hundebesitzerinnen","status":"publish","type":"page","link":"https:\/\/uelzener.de\/magazin\/hund\/tipps-fuer-den-alltag\/geschenkideen-hunde-hundebesitzerinnen\/","title":{"rendered":"Die 20 besten Geschenkideen f\u00fcr Hundehalter und -halterinnen"},"content":{"rendered":"<p>Geschenke f\u00fcr einen Hundehalter oder eine Hundehalterin zu finden, ist manchmal gar nicht so leicht. Schlie\u00dflich m\u00f6chte man etwas finden, das Freude bereitet, den Geschmack trifft und nicht einfallslos wirkt. Noch sch\u00f6ner w\u00e4re es, wenn das Geschenk die besondere Verbindung zwischen Mensch und Tier widerspiegelt. Denn wer einen Hund an seiner Seite hat, kennt eine Freundschaft, die auf Taten statt auf Worten beruht und deshalb tief, echt und einzigartig ist. Ob praktisch oder originell \u2013\u00a0 wir haben f\u00fcr dich 20 liebevolle Geschenkideen zusammengetragen, die bei Hund und Mensch gleicherma\u00dfen gut ankommen.<\/p>\n<h2><b>Praktische Geschenkideen f\u00fcr den Alltag mit Hund<\/b><\/h2>\n<p>Praktische Accessoires, die den Alltag von Hund und Mensch erleichtern und komfortabler gestalten, eignen sich hervorragend als Geschenkideen. Dazu z\u00e4hlen beispielsweise:<\/p>\n<ul>\n<li aria-level=\"1\"><b>Leine oder Halsband:<\/b> Viele Hundehalter und -halterinnen ben\u00f6tigen mehr als eine Leine und ein Halsband, um einen Ersatz zu haben, falls eine Komponente kaputt geht, und f\u00fcr verschiedene Situationen gut ausger\u00fcstet zu sein. Es gibt viele Anbieter, die Hundehalsb\u00e4nder und Hundeleinen personalisieren \u2013 beispielsweise mit Namen oder Initialen. So wird aus einem praktischen Alltagsgegenstand ein echtes Lieblingsst\u00fcck.<\/li>\n<li aria-level=\"1\"><b>Futter- und Wassernapf:<\/b> Hunden\u00e4pfe nutzen sich mit der Zeit ab und sehen nicht mehr so sch\u00f6n aus, deshalb muss ab und an eine neue Garnitur her. Mit Hundegeschirr liegt man also selten verkehrt. Im Alltag kommt es vor allem darauf an, dass die N\u00e4pfe robust und pflegeleicht sind. Auch Napfunterlagen sind eine tolle Geschenkidee.<\/li>\n<li aria-level=\"1\"><b>Leckerlibeutel &amp; Organizer:<\/b> Snacks, Kotbeutel, Schl\u00fcssel, Smartphone \u2013 es gibt so einiges, was Hundehalter und -halterinnen bei Gassirunden dabei haben. Ein Organizer in Form einer G\u00fcrtel- oder Umh\u00e4ngetasche ist daher ein sehr praktisches Geschenk. Das gleiche gilt f\u00fcr Leckerlibeutel, die vor allem in der Hundeschule und w\u00e4hrend des Trainings gute Dienste leisten.<\/li>\n<li aria-level=\"1\"><b>Reflektoren und LED-Anh\u00e4nger:<\/b> Reflektoren und LED-Anh\u00e4nger sorgen f\u00fcr mehr Sicherheit, indem sie Mensch und Hund bei Spazierg\u00e4ngen im Dunkeln sichtbar machen \u2013 ein Geschenk, das im Alltag enorm n\u00fctzlich ist und F\u00fcrsorge ausdr\u00fcckt.<\/li>\n<\/ul>\n<h2><b>Geschenkideen f\u00fcr Hund-Mensch-Teams, die das Abenteuer lieben<\/b><\/h2>\n<p>Aktive Hund-Mensch-Teams, die gerne drau\u00dfen unterwegs sind, ben\u00f6tigen passendes Zubeh\u00f6r. Hier bieten sich folgende Geschenkideen an:<\/p>\n<ul>\n<li aria-level=\"1\"><b>Trinkflasche und Reisenapf: <\/b>Faltbare Reisen\u00e4pfe und Trinkflaschen f\u00fcr Hunde sollten bei langen Wanderungen und auf Reisen nicht fehlen.<\/li>\n<li aria-level=\"1\"><b>GPS-Tracker:<\/b> Ein GPS-Tracker gibt Sicherheit. Er erm\u00f6glicht es, den Hund zu orten, falls er auf Abwegen ist oder sich verl\u00e4uft.<\/li>\n<li aria-level=\"1\"><b>Outdoor-Rucksack:<\/b> Ein guter Outdoor-Rucksack ist das A und O f\u00fcr Unternehmungen im Freien. Er sollte ausreichend Platz f\u00fcr Equipment und Proviant bieten und zugleich m\u00f6glichst leicht und wasserfest sein. \u00dcbrigens: Auch f\u00fcr Hunde werden spezielle Rucks\u00e4cke sowie Hundegeschirre mit Verstaum\u00f6glichkeiten angeboten.<\/li>\n<li aria-level=\"1\"><b>Gutschein f\u00fcr gemeinsame Aktivit\u00e4ten:<\/b> Hundehalter und -halterinnen, die mit ihrem Hund gerne Neues ausprobieren, freuen sich \u00fcber einen Gutschein f\u00fcr einen Mantrailing-Kurs, einen Social Walk oder eine gef\u00fchrte Wandertour.<\/li>\n<\/ul>\n<h2><b>Wohlf\u00fchlmomente f\u00fcr Mensch und Tier: Geschenkideen zum Entspannen<\/b><\/h2>\n<p>Bei all der Hektik im Alltag darf es auch mal gem\u00fctlich zugehen. Folgende Geschenkideen erm\u00f6glichen es Tier und Mensch, gemeinsam zu entspannen und abzuschalten.<\/p>\n<ul>\n<li aria-level=\"1\"><b>Kuscheldecke f\u00fcr zwei:<\/b> Auf der Couch ist es gleich viel gem\u00fctlicher, wenn man sich eine Decke teilt. Empfehlenswert ist eine Kuscheldecke im XXL-Format, damit Mensch und Hund genug davon abbekommen.<\/li>\n<li aria-level=\"1\"><b>Pflegeset f\u00fcr Fell und Pfoten:<\/b> Warum aus der Fell- und Pfotenpflege nicht ein sch\u00f6nes Ritual machen? Ein Pflegeset, das B\u00fcrste, Shampoo und Pfotenbalsam enth\u00e4lt, ist daf\u00fcr die perfekte Geschenkidee.<\/li>\n<li aria-level=\"1\"><b>Entspannungsmusik:<\/b> Es gibt Entspannungsmusik f\u00fcr Hunde, die auf hohe Frequenzen verzichtet und eigens f\u00fcr das Relaxen konzipiert ist. Halter und Halterinnen k\u00f6nnen sich die Musik gemeinsam mit dem Hund anh\u00f6ren und beispielsweise nebenher ein Buch lesen. Positiver Nebeneffekt: Der Hund assoziiert die Musik mit Wohlf\u00fchlen und Geborgenheit, was hilfreich sein kann, wenn man mit dem Tier das Alleinebleiben \u00fcben m\u00f6chte.<\/li>\n<\/ul>\n<ul>\n<li aria-level=\"1\"><b>Hundeyoga:<\/b> Beim Hundeyoga (Dog Yoga) wird der Hund in die Yoga\u00fcbungen f\u00fcr den Menschen einbezogen, beispielsweise durch Streicheln, Dehnen oder ein bestimmtes Kommando. Dabei geht es weniger um Training, sondern eher um den Spa\u00df an der Sache und das gemeinsame Entspannen. Am besten eignet sich daf\u00fcr eine eigens eingerichtete Ecke mit Yogamatte und Kissen, die man dem Hundehalter oder der Hundehalterin schenken kann. Viele Hundeschulen und Yogastudios bieten Kurse f\u00fcr Hundeyoga an. Ein Gutschein f\u00fcr eine Schnupperstunde ist ebenfalls eine sch\u00f6ne Geschenkidee.<\/li>\n<\/ul>\n<h2><b>Erinnerungen schenken: Pers\u00f6nliche und emotionale Geschenkideen<\/b><\/h2>\n<p>Geschenke, die pers\u00f6nlich und mit Erinnerungen verkn\u00fcpft sind, ber\u00fchren das Herz. Hier eine Auswahl an liebevollen Geschenkideen, die mit Sicherheit genau ins Schwarze treffen.<\/p>\n<ul>\n<li aria-level=\"1\"><b>Foto als Kunst:<\/b> Im Internet gibt es zahlreiche Anbieter, die digitale Fotos in handgemalte Kunstwerke verwandeln, beispielsweise \u00d6lgem\u00e4lde, Aquarelle oder Kohlezeichnungen.<\/li>\n<li aria-level=\"1\"><b>Personalisierter Schmuck:<\/b> Schmuckst\u00fccke wie Ketten oder Armb\u00e4nder mit einem eingefassten Foto oder einem eingravierten Portrait vom Hund kommen immer gut an. Wenn der Hundehalter oder die Hundehalterin keinen Schmuck tr\u00e4gt, kann ein personalisierter Schl\u00fcsselanh\u00e4nger eine Alternative sein.<\/li>\n<li aria-level=\"1\"><b>Fotoalbum:<\/b> Ein selbst erstelltes Fotoalbum ist ein sehr pers\u00f6nliches Geschenk, denn es erinnert an die sch\u00f6nsten gemeinsamen Momente \u2013 eine Hommage an eine besondere Freundschaft.<\/li>\n<li aria-level=\"1\"><b>Selbstgebastelter Kalender mit Spr\u00fcchen und Fotos:<\/b> Eine Alternative zum Fotoalbum ist ein selbstgebastelter Kalender, den man mit Spr\u00fcchen, Anekdoten, Fotos, Zeichnungen und Erinnerungsst\u00fccken (Tickets vom gemeinsamen Zoobesuch etc.) auff\u00fcllen kann. So schenkt man Monat f\u00fcr Monat einen Grund zum L\u00e4cheln.<\/li>\n<\/ul>\n<h2><b>Humor und Herz: Witzige Geschenkideen f\u00fcr Hundemenschen<\/b><\/h2>\n<p>Das Angebot an originellen Gadgets und Accessoires f\u00fcr Hundehalter und -halterinnen ist riesig. Hier eine Auswahl an witzigen Geschenkideen:<\/p>\n<ul>\n<li aria-level=\"1\"><b>Heimaccessoires:<\/b> Die Auswahl an Heimaccessoires mit Hundebezug ist riesig. Sie reicht von T\u00fcrschildern und Fu\u00dfmatten mit lustigen Spr\u00fcchen (\u201eHereingedackelt!\u201c, \u201eHier wohnt der Hund \u2013 wir sind nur Untermieter\u201c) \u00fcber T\u00fcrstopper, Sofakissen und Kaffeetassen bis hin zu Brillenhaltern und Flaschenverschl\u00fcssen in Hundeform.<\/li>\n<li aria-level=\"1\"><b>Malen nach Zahlen: <\/b>Bei Malen nach Zahlen geht es darum, mit Pinsel und Farbe eine Vorlage auszumalen. Diese ist in viele kleine und gr\u00f6\u00dfere Fl\u00e4chen unterteilt, die jeweils beziffert und einer bestimmten Farbe zugeordnet sind. So entsteht Schritt f\u00fcr Schritt ein vollst\u00e4ndiges Motiv. Besonders spannend ist die M\u00f6glichkeit, ein digitales Bild einzusenden (bspw. von Mensch und Hund) und auf Grundlage dessen eine Vorlage erstellen zu lassen.<\/li>\n<\/ul>\n<ul>\n<li aria-level=\"1\"><b>Personalisierte Kleidung: <\/b>Wie w\u00e4re es mit einer \u201eDog Mum\u201c- oder \u201eDog Dad\u201c-M\u00fctze f\u00fcr die kalte Jahreszeit, einer Kochsch\u00fcrze mit witzigem Schriftzug oder einem T-Shirt mit farbenfrohem Print? Es gibt zahlreiche Shops, die Kleidung personalisieren, so dass man seiner Kreativit\u00e4t freien Lauf lassen kann.<\/li>\n<\/ul>\n<ul>\n<li aria-level=\"1\"><b>Pfotenabdruck-Set: <\/b>Damit k\u00f6nnen Hundehalterinnen und -halter selbst einen Abdruck von der Pfote ihres Hundes anfertigen. Wie das genau funktioniert, variiert von Set zu Set. Bei manchen arbeitet man mit einem Stempelkissen, bei anderen dr\u00fcckt man die Pfote in eine weiche Tonmasse. Eine wunderbare M\u00f6glichkeit, sich ein Andenken zu erschaffen.<\/li>\n<\/ul>\n<h2><b>Fazit<\/b><\/h2>\n<p>Geschenke f\u00fcr Hundehalterinnen und Hundehalter feiern die besondere Verbindung zwischen Mensch und Tier. Sie ber\u00fchren, erz\u00e4hlen Geschichten und schaffen Momente, die in Erinnerung bleiben. Am Ende ist es genau das, worauf es ankommt: gemeinsame Zeit, echtes Erleben und die besondere N\u00e4he, die Hund und Mensch verbindet.<\/p>\n<h2><b>FAQ: H\u00e4ufig gestellte Fragen zum Thema Geschenkideen f\u00fcr Hundehalter und -halterinnen<\/b><\/h2>\n<h3><b>Welche Geschenke f\u00fcr Hundehalter und -halterinnen sind sinnvoll?<\/b><\/h3>\n<p>Das ist individuell sehr unterschiedlich. Grunds\u00e4tzlich ist jedes Geschenk sinnvoll, das den Alltag von Mensch und Hund erleichtert. Auch das Thema Sicherheit spielt dabei eine Rolle. Sinnvolle Geschenkideen in dem Zusammenhang sind beispielsweise ein Erste-Hilfe-Set oder ein Sicherheitsgurt f\u00fcrs Auto.<\/p>\n<h3><b>Was schenkt man Hundehaltern, die schon \u201ealles\u201c haben?<\/b><\/h3>\n<p>Hier k\u00f6nnen personalisierte Geschenke oder Gutscheine f\u00fcr gemeinsame Erlebnisse (Hundesportkurs, Fotoshooting etc.) eine gute Wahl sein. Aber auch Klassiker wie Hundespielzeug und Leckerlis kann man problemlos schenken. Entscheidend ist nicht, dass das Geschenk m\u00f6glichst teuer oder originell ist, sondern dass es Freude macht.<\/p>\n<h3><b>Welche g\u00fcnstigen, aber sch\u00f6nen Geschenke gibt es f\u00fcr Hundebesitzer?<\/b><\/h3>\n<p>Leuchthalsb\u00e4nder, Reflektoren und Adressanh\u00e4nger kosten nicht viel und sind enorm praktisch. Auch selbstgebackene Hundekekse oder eine selbstgebastelte Aufbewahrung f\u00fcr Leckerlis (verziertes Marmeladenglas, umgestaltete Keksdose etc.) sind liebevolle Geschenkideen, die mit Sicherheit gut ankommen.<\/p>\n<h3><b>Was ist die perfekte Mischung f\u00fcr ein Geschenkset?<\/b><\/h3>\n<p>Die perfekte Mischung besteht aus etwas N\u00fctzlichem (bspw. Leckerlibeutel), etwas zum Spielen (Kuscheltier, Intelligenzspielzeug etc.) und etwas Pers\u00f6nlichem (Foto, Schl\u00fcsselanh\u00e4nger mit Namen o.\u00e4.). So wirkt das Geschenk liebevoll und durchdacht.<\/p>\n<h3><b>Was schenkt man frischgebackenen Hundehaltern?<\/b><\/h3>\n<p>Ein Snackbeutel, Futter-Dummy, Hundeschule-Gutschein oder Erste-Hilfe-Buch sind hilfreiche Geschenke f\u00fcr den Einstieg. Gerade am Anfang ist noch vieles neu. Frischgebackene Hundehalter und -halterinnen m\u00fcssen erst einmal Routinen entwickeln und sich mit organisatorischen Angelegenheiten wie Hundesteuer, <a href=\"https:\/\/uelzener.de\/hund\/hunde-haftpflichtversicherung\/\">Haftpflichtversicherung<\/a> (in vielen Bundesl\u00e4ndern vorgeschrieben) und Tierarztterminen befassen. Deswegen ist es empfehlenswert, Dinge zu schenken, die den Alltag erleichtern.<\/p>\n<h3><b>Welche Geschenkideen eignen sich f\u00fcr \u00e4ltere Hunde oder Hunde mit Handicap?<\/b><\/h3>\n<p>F\u00fcr \u00e4ltere oder k\u00f6rperlich beeintr\u00e4chtigte Tiere eignen sich beispielsweise orthop\u00e4dische Hundebetten, gelenkschonendes Spielzeug, seniorgerechte Snacks, Massagehilfen, W\u00e4rmedecken oder auch Rampen.<\/p>\n<h3><b>Sind Futter oder Snacks ein gutes Geschenk?<\/b><\/h3>\n<p>Durchaus. Am besten eignen sich hochwertige, naturbelassene Snacks oder Kauartikel. Wenn man die Vorlieben nicht kennt oder unsicher ist, ob Allergien oder Unvertr\u00e4glichkeiten bestehen, sind Gutscheine f\u00fcr den Tierbedarf eine gute Wahl.<\/p>\n","protected":false},"excerpt":{"rendered":"<p>Geschenke f\u00fcr einen Hundehalter oder eine Hundehalterin zu finden, ist manchmal gar nicht so leicht. Schlie\u00dflich m\u00f6chte man etwas finden, das Freude bereitet, den Geschmack trifft und nicht einfallslos wirkt. Noch sch\u00f6ner w\u00e4re es, wenn das Geschenk die besondere Verbindung zwischen Mensch und Tier widerspiegelt. Denn wer einen Hund an seiner Seite hat, kennt eine [&hellip;]<\/p>\n","protected":false},"author":11,"featured_media":19611,"parent":11707,"menu_order":9,"comment_status":"closed","ping_status":"closed","template":"templates\/blog.php","meta":{"_acf_changed":false,"_crdt_document":"","footnotes":"","beyondwords_generate_audio":"","beyondwords_project_id":"","beyondwords_content_id":"","beyondwords_preview_token":"","beyondwords_player_style":"","beyondwords_language_id":"","beyondwords_title_voice_id":"","beyondwords_body_voice_id":"","beyondwords_summary_voice_id":"","beyondwords_error_message":"","beyondwords_disabled":"","beyondwords_delete_content":"","beyondwords_podcast_id":"","beyondwords_hash":"","publish_post_to_speechkit":"","speechkit_hash":"","speechkit_generate_audio":"","speechkit_project_id":"","speechkit_podcast_id":"","speechkit_error_message":"","speechkit_disabled":"","speechkit_access_key":"","speechkit_error":"","speechkit_info":"","speechkit_response":"","speechkit_retries":"","speechkit_status":"","speechkit_updated_at":"","_speechkit_link":"","_speechkit_text":""},"class_list":["post-14490","page","type-page","status-publish","has-post-thumbnail","hentry"],"acf":[],"yoast_head":"<!-- This site is optimized with the Yoast SEO Premium plugin  - https:\/\/yoast.com\/product\/yoast-seo-premium-wordpress\/ -->\n<title>Die 20 besten Geschenkideen f\u00fcr Hundehalter und -halterinnen | Uelzener Magazin<\/title>\n<meta name=\"description\" content=\"Vielseitige Anregungen f\u00fcr Hundegeschenke. Beliebte Klassiker, originelle Geschenke und Ideen zum Selbermachen.\" \/>\n<meta name=\"robots\" content=\"index, follow, max-snippet:-1, max-image-preview:large, max-video-preview:-1\" \/>\n<link rel=\"canonical\" href=\"https:\/\/uelzener.de\/magazin\/hund\/tipps-fuer-den-alltag\/geschenkideen-hunde-hundebesitzerinnen\/\" \/>\n<meta property=\"og:locale\" content=\"de_DE\" \/>\n<meta property=\"og:type\" content=\"article\" \/>\n<meta property=\"og:title\" content=\"Die 20 besten Geschenkideen f\u00fcr Hundehalter und -halterinnen\" \/>\n<meta property=\"og:description\" content=\"Vielseitige Anregungen f\u00fcr Hundegeschenke. Beliebte Klassiker, originelle Geschenke und Ideen zum Selbermachen.\" \/>\n<meta property=\"og:url\" content=\"https:\/\/uelzener.de\/magazin\/hund\/tipps-fuer-den-alltag\/geschenkideen-hunde-hundebesitzerinnen\/\" \/>\n<meta property=\"og:site_name\" content=\"Uelzener Tier-Magazin\" \/>\n<meta property=\"article:publisher\" content=\"https:\/\/www.facebook.com\/Uelzener\" \/>\n<meta property=\"article:modified_time\" content=\"2025-12-15T10:54:46+00:00\" \/>\n<meta property=\"og:image\" content=\"https:\/\/uelzener.de\/magazin\/app\/uploads\/2025\/12\/Magazin_Geschenke-1.jpg\" \/>\n\t<meta property=\"og:image:width\" content=\"2560\" \/>\n\t<meta property=\"og:image:height\" content=\"1707\" \/>\n\t<meta property=\"og:image:type\" content=\"image\/jpeg\" \/>\n<meta name=\"twitter:card\" content=\"summary_large_image\" \/>\n<meta name=\"twitter:label1\" content=\"Gesch\u00e4tzte Lesezeit\" \/>\n\t<meta name=\"twitter:data1\" content=\"9\u00a0Minuten\" \/>\n<script type=\"application\/ld+json\" class=\"yoast-schema-graph\">{\"@context\":\"https:\/\/schema.org\",\"@graph\":[{\"@type\":\"WebPage\",\"@id\":\"https:\/\/uelzener.de\/magazin\/hund\/tipps-fuer-den-alltag\/geschenkideen-hunde-hundebesitzerinnen\/\",\"url\":\"https:\/\/uelzener.de\/magazin\/hund\/tipps-fuer-den-alltag\/geschenkideen-hunde-hundebesitzerinnen\/\",\"name\":\"Die 20 besten Geschenkideen f\u00fcr Hundehalter und -halterinnen | Uelzener Magazin\",\"isPartOf\":{\"@id\":\"https:\/\/uelzener.de\/magazin\/#website\"},\"primaryImageOfPage\":{\"@id\":\"https:\/\/uelzener.de\/magazin\/hund\/tipps-fuer-den-alltag\/geschenkideen-hunde-hundebesitzerinnen\/#primaryimage\"},\"image\":{\"@id\":\"https:\/\/uelzener.de\/magazin\/hund\/tipps-fuer-den-alltag\/geschenkideen-hunde-hundebesitzerinnen\/#primaryimage\"},\"thumbnailUrl\":\"https:\/\/uelzener.de\/magazin\/app\/uploads\/2025\/12\/Magazin_Geschenke-1.jpg\",\"datePublished\":\"2022-12-02T13:04:54+00:00\",\"dateModified\":\"2025-12-15T10:54:46+00:00\",\"description\":\"Vielseitige Anregungen f\u00fcr Hundegeschenke. Beliebte Klassiker, originelle Geschenke und Ideen zum Selbermachen.\",\"breadcrumb\":{\"@id\":\"https:\/\/uelzener.de\/magazin\/hund\/tipps-fuer-den-alltag\/geschenkideen-hunde-hundebesitzerinnen\/#breadcrumb\"},\"inLanguage\":\"de\",\"potentialAction\":[{\"@type\":\"ReadAction\",\"target\":[\"https:\/\/uelzener.de\/magazin\/hund\/tipps-fuer-den-alltag\/geschenkideen-hunde-hundebesitzerinnen\/\"]}]},{\"@type\":\"ImageObject\",\"inLanguage\":\"de\",\"@id\":\"https:\/\/uelzener.de\/magazin\/hund\/tipps-fuer-den-alltag\/geschenkideen-hunde-hundebesitzerinnen\/#primaryimage\",\"url\":\"https:\/\/uelzener.de\/magazin\/app\/uploads\/2025\/12\/Magazin_Geschenke-1.jpg\",\"contentUrl\":\"https:\/\/uelzener.de\/magazin\/app\/uploads\/2025\/12\/Magazin_Geschenke-1.jpg\",\"width\":2560,\"height\":1707,\"caption\":\"Ein Terrier bekommt ein rosa verpacktes Geschenk mit einer blauen Schleife.\"},{\"@type\":\"WebSite\",\"@id\":\"https:\/\/uelzener.de\/magazin\/#website\",\"url\":\"https:\/\/uelzener.de\/magazin\/\",\"name\":\"Uelzener Tiermagazin\",\"description\":\"Online Tierratgeber der Uelzener Versicherungen\",\"publisher\":{\"@id\":\"https:\/\/uelzener.de\/magazin\/#organization\"},\"potentialAction\":[{\"@type\":\"SearchAction\",\"target\":{\"@type\":\"EntryPoint\",\"urlTemplate\":\"https:\/\/uelzener.de\/magazin\/?s={search_term_string}\"},\"query-input\":{\"@type\":\"PropertyValueSpecification\",\"valueRequired\":true,\"valueName\":\"search_term_string\"}}],\"inLanguage\":\"de\"},{\"@type\":\"Organization\",\"@id\":\"https:\/\/uelzener.de\/magazin\/#organization\",\"name\":\"Uelzener Versicherungen\",\"url\":\"https:\/\/uelzener.de\/magazin\/\",\"logo\":{\"@type\":\"ImageObject\",\"inLanguage\":\"de\",\"@id\":\"https:\/\/uelzener.de\/magazin\/#\/schema\/logo\/image\/\",\"url\":\"https:\/\/uelzener.de\/magazin\/app\/uploads\/2024\/11\/uelzener_allgemeine_versicherungsgesellschaft_a_g_logo.jpg\",\"contentUrl\":\"https:\/\/uelzener.de\/magazin\/app\/uploads\/2024\/11\/uelzener_allgemeine_versicherungsgesellschaft_a_g_logo.jpg\",\"width\":200,\"height\":200,\"caption\":\"Uelzener Versicherungen\"},\"image\":{\"@id\":\"https:\/\/uelzener.de\/magazin\/#\/schema\/logo\/image\/\"},\"sameAs\":[\"https:\/\/www.facebook.com\/Uelzener\",\"https:\/\/instagram.com\/uelzener\",\"https:\/\/www.xing.com\/pages\/uelzenerallgemeineversicherungs-gesellschafta-g\",\"https:\/\/www.youtube.com\/UelzenerVersicherungen\"]}]}<\/script>\n<!-- \/ Yoast SEO Premium plugin. -->","yoast_head_json":{"title":"Die 20 besten Geschenkideen f\u00fcr Hundehalter und -halterinnen | Uelzener Magazin","description":"Vielseitige Anregungen f\u00fcr Hundegeschenke. Beliebte Klassiker, originelle Geschenke und Ideen zum Selbermachen.","robots":{"index":"index","follow":"follow","max-snippet":"max-snippet:-1","max-image-preview":"max-image-preview:large","max-video-preview":"max-video-preview:-1"},"canonical":"https:\/\/uelzener.de\/magazin\/hund\/tipps-fuer-den-alltag\/geschenkideen-hunde-hundebesitzerinnen\/","og_locale":"de_DE","og_type":"article","og_title":"Die 20 besten Geschenkideen f\u00fcr Hundehalter und -halterinnen","og_description":"Vielseitige Anregungen f\u00fcr Hundegeschenke. Beliebte Klassiker, originelle Geschenke und Ideen zum Selbermachen.","og_url":"https:\/\/uelzener.de\/magazin\/hund\/tipps-fuer-den-alltag\/geschenkideen-hunde-hundebesitzerinnen\/","og_site_name":"Uelzener Tier-Magazin","article_publisher":"https:\/\/www.facebook.com\/Uelzener","article_modified_time":"2025-12-15T10:54:46+00:00","og_image":[{"width":2560,"height":1707,"url":"https:\/\/uelzener.de\/magazin\/app\/uploads\/2025\/12\/Magazin_Geschenke-1.jpg","type":"image\/jpeg"}],"twitter_card":"summary_large_image","twitter_misc":{"Gesch\u00e4tzte Lesezeit":"9\u00a0Minuten"},"schema":{"@context":"https:\/\/schema.org","@graph":[{"@type":"WebPage","@id":"https:\/\/uelzener.de\/magazin\/hund\/tipps-fuer-den-alltag\/geschenkideen-hunde-hundebesitzerinnen\/","url":"https:\/\/uelzener.de\/magazin\/hund\/tipps-fuer-den-alltag\/geschenkideen-hunde-hundebesitzerinnen\/","name":"Die 20 besten Geschenkideen f\u00fcr Hundehalter und -halterinnen | Uelzener Magazin","isPartOf":{"@id":"https:\/\/uelzener.de\/magazin\/#website"},"primaryImageOfPage":{"@id":"https:\/\/uelzener.de\/magazin\/hund\/tipps-fuer-den-alltag\/geschenkideen-hunde-hundebesitzerinnen\/#primaryimage"},"image":{"@id":"https:\/\/uelzener.de\/magazin\/hund\/tipps-fuer-den-alltag\/geschenkideen-hunde-hundebesitzerinnen\/#primaryimage"},"thumbnailUrl":"https:\/\/uelzener.de\/magazin\/app\/uploads\/2025\/12\/Magazin_Geschenke-1.jpg","datePublished":"2022-12-02T13:04:54+00:00","dateModified":"2025-12-15T10:54:46+00:00","description":"Vielseitige Anregungen f\u00fcr Hundegeschenke. Beliebte Klassiker, originelle Geschenke und Ideen zum Selbermachen.","breadcrumb":{"@id":"https:\/\/uelzener.de\/magazin\/hund\/tipps-fuer-den-alltag\/geschenkideen-hunde-hundebesitzerinnen\/#breadcrumb"},"inLanguage":"de","potentialAction":[{"@type":"ReadAction","target":["https:\/\/uelzener.de\/magazin\/hund\/tipps-fuer-den-alltag\/geschenkideen-hunde-hundebesitzerinnen\/"]}]},{"@type":"ImageObject","inLanguage":"de","@id":"https:\/\/uelzener.de\/magazin\/hund\/tipps-fuer-den-alltag\/geschenkideen-hunde-hundebesitzerinnen\/#primaryimage","url":"https:\/\/uelzener.de\/magazin\/app\/uploads\/2025\/12\/Magazin_Geschenke-1.jpg","contentUrl":"https:\/\/uelzener.de\/magazin\/app\/uploads\/2025\/12\/Magazin_Geschenke-1.jpg","width":2560,"height":1707,"caption":"Ein Terrier bekommt ein rosa verpacktes Geschenk mit einer blauen Schleife."},{"@type":"WebSite","@id":"https:\/\/uelzener.de\/magazin\/#website","url":"https:\/\/uelzener.de\/magazin\/","name":"Uelzener Tiermagazin","description":"Online Tierratgeber der Uelzener Versicherungen","publisher":{"@id":"https:\/\/uelzener.de\/magazin\/#organization"},"potentialAction":[{"@type":"SearchAction","target":{"@type":"EntryPoint","urlTemplate":"https:\/\/uelzener.de\/magazin\/?s={search_term_string}"},"query-input":{"@type":"PropertyValueSpecification","valueRequired":true,"valueName":"search_term_string"}}],"inLanguage":"de"},{"@type":"Organization","@id":"https:\/\/uelzener.de\/magazin\/#organization","name":"Uelzener Versicherungen","url":"https:\/\/uelzener.de\/magazin\/","logo":{"@type":"ImageObject","inLanguage":"de","@id":"https:\/\/uelzener.de\/magazin\/#\/schema\/logo\/image\/","url":"https:\/\/uelzener.de\/magazin\/app\/uploads\/2024\/11\/uelzener_allgemeine_versicherungsgesellschaft_a_g_logo.jpg","contentUrl":"https:\/\/uelzener.de\/magazin\/app\/uploads\/2024\/11\/uelzener_allgemeine_versicherungsgesellschaft_a_g_logo.jpg","width":200,"height":200,"caption":"Uelzener Versicherungen"},"image":{"@id":"https:\/\/uelzener.de\/magazin\/#\/schema\/logo\/image\/"},"sameAs":["https:\/\/www.facebook.com\/Uelzener","https:\/\/instagram.com\/uelzener","https:\/\/www.xing.com\/pages\/uelzenerallgemeineversicherungs-gesellschafta-g","https:\/\/www.youtube.com\/UelzenerVersicherungen"]}]}},"_links":{"self":[{"href":"https:\/\/uelzener.de\/magazin\/wp-json\/wp\/v2\/pages\/14490","targetHints":{"allow":["GET"]}}],"collection":[{"href":"https:\/\/uelzener.de\/magazin\/wp-json\/wp\/v2\/pages"}],"about":[{"href":"https:\/\/uelzener.de\/magazin\/wp-json\/wp\/v2\/types\/page"}],"author":[{"embeddable":true,"href":"https:\/\/uelzener.de\/magazin\/wp-json\/wp\/v2\/users\/11"}],"replies":[{"embeddable":true,"href":"https:\/\/uelzener.de\/magazin\/wp-json\/wp\/v2\/comments?post=14490"}],"version-history":[{"count":6,"href":"https:\/\/uelzener.de\/magazin\/wp-json\/wp\/v2\/pages\/14490\/revisions"}],"predecessor-version":[{"id":19613,"href":"https:\/\/uelzener.de\/magazin\/wp-json\/wp\/v2\/pages\/14490\/revisions\/19613"}],"up":[{"embeddable":true,"href":"https:\/\/uelzener.de\/magazin\/wp-json\/wp\/v2\/pages\/11707"}],"wp:featuredmedia":[{"embeddable":true,"href":"https:\/\/uelzener.de\/magazin\/wp-json\/wp\/v2\/media\/19611"}],"wp:attachment":[{"href":"https:\/\/uelzener.de\/magazin\/wp-json\/wp\/v2\/media?parent=14490"}],"curies":[{"name":"wp","href":"https:\/\/api.w.org\/{rel}","templated":true}]}}