{"id":14459,"date":"2022-12-01T08:39:32","date_gmt":"2022-12-01T07:39:32","guid":{"rendered":"https:\/\/uelzener.de\/magazin\/?page_id=14459"},"modified":"2025-11-13T10:36:52","modified_gmt":"2025-11-13T09:36:52","slug":"hunde-fotografieren","status":"publish","type":"page","link":"https:\/\/uelzener.de\/magazin\/hund\/tipps-fuer-den-alltag\/hunde-fotografieren\/","title":{"rendered":"Hunde richtig fotografieren: Tipps f\u00fcr perfekte Fotos"},"content":{"rendered":"<p>Sch\u00f6ne Fotos von deinem Hund sind eine wunderbare Sache. Doch leider ist es gar nicht so leicht, ansprechende Bilder zu machen. Daher bekommst du hier das Wichtigste f\u00fcr ein gelungenes Hunde-Fotoshooting.<\/p>\n<p>Ein paar n\u00fctzliche Tipps vorweg:<\/p>\n<ul>\n<li>Nicht von oben herab: Knie dich hin oder leg dich auch mal auf den Boden. So entstehen sch\u00f6ne Bilder auf Augenh\u00f6he.<\/li>\n<li>W\u00e4hle einen ruhigen Hintergrund: Dein Hund soll der Mittelpunkt des Bildes sein. Entscheide dich f\u00fcr einen Hintergrund, vor dem deine Fellnase gl\u00e4nzen kann.<\/li>\n<li>Fotografiert zu zweit: Nimm eine vertraute Person hinzu, die dir und deinem Hund beim Fotoshooting hilft.<\/li>\n<li>Bleib entspannt und gelassen: Je ruhiger du bist, desto entspannter ist dein Hund.<\/li>\n<li>Sorge f\u00fcr ausreichend Licht: Am besten fotografierst du drau\u00dfen in der Morgen- oder Abendsonne.<\/li>\n<\/ul>\n<h2>Hund mit dem Handy fotografieren<\/h2>\n<p>Wenn du eine richtige Kamera zur Verf\u00fcgung hast, ist das eine feine Sache. Doch viel \u00f6fter haben die meisten von uns ihr Handy parat. Auch damit lassen sich richtig sch\u00f6ne Hundefotos machen.<\/p>\n<ul>\n<li>Achte auf gutes Licht. Die Sensoren im Handy verl\u00e4ngern bei schlechten Lichtverh\u00e4ltnissen die Belichtungszeit. Ist dein Hund in Bewegung, kann es so leicht zu verwackelten Bildern kommen.<\/li>\n<li>Fokussiere manuell: W\u00e4hle mit einem Fingertippen aus, welcher Bereich des Bildes fokussiert werden soll. Der digitale Fokus trickt dich sonst wom\u00f6glich aus und stellt Unwichtiges scharf.<\/li>\n<li>Fotografiere ger\u00e4uschlos: Schalte das klassische Ausl\u00f6seger\u00e4usch aus, das bei vielen Handys voreingestellt ist. Denn dieses Ger\u00e4usch irritiert viele Hunde und verhindert damit sch\u00f6ne Bilder.<\/li>\n<li>Verwende das Querformat: Intuitiv fotografieren wir mit dem Handy \u00fcberwiegend im Hochformat. Mehr Abwechslung bekommst du im Wechsel zwischen beiden Formaten.<\/li>\n<li>W\u00e4hle einen alternativen Ausl\u00f6ser: Den Ausl\u00f6seknopf zu treffen, gleicht mitunter einem Geschicklichkeitsspiel. Viel einfacher l\u00f6st du ein Bild mithilfe der Lautst\u00e4rketasten aus. Diese Funktion haben mittlerweile die meisten Smartphones. So wird dein Handy noch mehr zur Kleinbildkamera.<\/li>\n<\/ul>\n<h2>Hunde in Bewegung: den Moment einfangen<\/h2>\n<p>Nutze die Serienbildfunktion deines Handys: Speziell f\u00fcr die Actionfotografie gibt es die Funktion f\u00fcr Bilder am laufenden Band. So erwischst du deine rennende Fellnase garantiert f\u00fcr den einen oder anderen besonderen Schnappschuss.<\/p>\n<h2>Schwarze Hunde fotografieren<\/h2>\n<p>Schwarze Hunde sind f\u00fcr Fotograf:innen eine besondere Herausforderung. Vor einem hellen Hintergrund ist die Belichtung der Kamera schnell etwas \u00fcberfordert. Bei zu grellem Licht k\u00f6nnen die Kontraste im Fell nicht gut abgebildet werden.<\/p>\n<p>Dennoch kannst du von deinem dunklen Vierbeiner nat\u00fcrlich richtig sch\u00f6ne Bilder machen. W\u00e4hle dazu einen eher dunkleren Hintergrund und meide das direkte Sonnenlicht. Alternativ kann dein dunkler Hund auch vor einem sehr farbenfrohen Hintergrund gl\u00e4nzen.<\/p>\n<h2>Hunde von unten ablichten<\/h2>\n<p>Du willst mal etwas anderes ausprobieren? Dann entscheide dich zur Abwechslung f\u00fcr eine alternative Perspektive.<\/p>\n<p>Fotografiere deinen Hund von unten. Dabei gibt es mehrere M\u00f6glichkeiten. Du kannst dich vor deinem Hund hinlegen und ihn vom Boden aus fotografieren. So entstehen ungewohnte und oft sehr ansprechende Bilder.<\/p>\n<p>Falls dein Hund die Geduld und Gelassenheit mitbringt, kannst du ihn auf einem bruchsicheren Glastisch sitzend oder stehend fotografieren. Aus dieser ungewohnten Perspektive k\u00f6nnen ganz au\u00dfergew\u00f6hnliche Bilder zustande kommen.<\/p>\n<h2>Aufnahmen im Schnee<\/h2>\n<p>Wenn Hund auf Schnee trifft, kann es die wunderbarsten Motive geben. Doch wie fotografierst du deinen Hund im Schnee, sodass es gut aussieht?<\/p>\n<p>Die gr\u00f6\u00dfte Herausforderung ist die Belichtung. Die Umgebung ist sehr viel heller als das Fotomodell. Es sei denn, du hast einen sehr hellen Hund. Gerade bei dunklen Tieren ist der Kontrast jedoch sehr stark. In dem Fall f\u00fchrt eine automatische Belichtungsmessung im schlimmsten Fall dazu, dass der Schnee bl\u00e4ulich aussieht und ein dunkler Hund nur als schwarzes Objekt zu erkennen ist.<\/p>\n<p>Abhilfe schaffst du mit einer manuellen Belichtungsmessung. Selbst Smartphones bieten mittlerweile ausgekl\u00fcgelte Methoden, die Belichtung manuell anzupassen.<\/p>\n<h2>Besser mit oder ohne Blitz?<\/h2>\n<p>Auf den Blitz solltest du bei der Hundefotografie komplett verzichten. F\u00fcr die empfindlichen Augen deines Hundes wird es sonst sehr unangenehm. Nutze am besten nat\u00fcrliches Licht. Dazu fotografierst du im Idealfall drau\u00dfen. Besonders sch\u00f6n werden Fotos, wenn sie in der Morgen- oder Abendsonne fotografiert werden.<\/p>\n<p>Falls du drinnen fotografieren willst, achte f\u00fcr ausreichend Licht. Dazu w\u00e4hlst du bei Innenaufnahmen bestenfalls einen Platz in Fenstern\u00e4he. Achte darauf, dass du nicht zwischen Fenster und deinem vierbeinigen Fotomodell stehst. So vermeidest du ung\u00fcnstige Schatten und dein Hund ist bestm\u00f6glich ausgeleuchtet.<\/p>\n<p>Was machst du, wenn das nat\u00fcrliche Licht nicht ausreicht? Es gibt professionelle Fotolampen, mit denen du einen Raum ausleuchten kannst. Aber auch ohne zus\u00e4tzliches Equipment k\u00f6nnen dir gut ausgeleuchtete Innenaufnahmen gelingen. Such dir daf\u00fcr ein paar kleine Helferlein.<\/p>\n<h3>Einfache Hilfsmittel zur Beleuchtung<\/h3>\n<p>Schau dich in deiner adventlich geschm\u00fcckten Wohnung um. Bestimmt entdeckst du die eine oder andere zus\u00e4tzliche Lichtquelle:<\/p>\n<ul>\n<li>Lichterketten<\/li>\n<li>Laternen<\/li>\n<li>Beleuchtete Sterne<\/li>\n<li>Stehlampen<\/li>\n<li>Nachttischleuchten<\/li>\n<li>Schreibtischlampen<\/li>\n<\/ul>\n<p>Platziere sie so, dass der Bereich, in dem du fotografieren m\u00f6chtest, gut ausgeleuchtet ist. So kannst du dir ein improvisiertes Fotostudio schaffen, in dem dein Vierbeiner gut zur Geltung kommen kann.<\/p>\n<p>Wie aber motivierst du dein mitunter quirliges Fotomodell?<\/p>\n<h2>Leckerlis beim Fotoshooting<\/h2>\n<p>Leckerlis sind ein extrem gutes Hilfsmittel beim Fotoshooting. Du kannst deinen Hund belohnen, ihn anlocken oder witzige Aufnahmen beim Fangen von Leckerlis machen. Verwende vielleicht auch unterschiedliche Leckerli. Die kleinen, mit denen du unauff\u00e4llig agieren kannst. Gro\u00dfe um fotogene Situation zu kreieren, in dem du ihm ein besonders gro\u00dfes Leckerli zuwirfst.<\/p>\n<p>Zur Hundefotografie l\u00e4sst sich noch vieles sagen und erkl\u00e4ren. Das Wichtigste ist jedoch, anzufangen und zu \u00fcben. So sammelst du wertvolle Erfahrungen und wirst ganz automatisch immer besser darin, sch\u00f6ne Bilder von deinem felligen Freund zu machen.<\/p>\n","protected":false},"excerpt":{"rendered":"<p>Sch\u00f6ne Fotos von deinem Hund sind eine wunderbare Sache. Doch leider ist es gar nicht so leicht, ansprechende Bilder zu machen. Daher bekommst du hier das Wichtigste f\u00fcr ein gelungenes Hunde-Fotoshooting. Ein paar n\u00fctzliche Tipps vorweg: Nicht von oben herab: Knie dich hin oder leg dich auch mal auf den Boden. So entstehen sch\u00f6ne Bilder [&hellip;]<\/p>\n","protected":false},"author":11,"featured_media":14472,"parent":11707,"menu_order":7,"comment_status":"closed","ping_status":"closed","template":"templates\/blog.php","meta":{"_acf_changed":false,"_crdt_document":"","footnotes":"","beyondwords_generate_audio":"","beyondwords_project_id":"","beyondwords_content_id":"","beyondwords_preview_token":"","beyondwords_player_style":"","beyondwords_language_id":"","beyondwords_title_voice_id":"","beyondwords_body_voice_id":"","beyondwords_summary_voice_id":"","beyondwords_error_message":"","beyondwords_disabled":"","beyondwords_delete_content":"","beyondwords_podcast_id":"","beyondwords_hash":"","publish_post_to_speechkit":"","speechkit_hash":"","speechkit_generate_audio":"","speechkit_project_id":"","speechkit_podcast_id":"","speechkit_error_message":"","speechkit_disabled":"","speechkit_access_key":"","speechkit_error":"","speechkit_info":"","speechkit_response":"","speechkit_retries":"","speechkit_status":"","speechkit_updated_at":"","_speechkit_link":"","_speechkit_text":""},"class_list":["post-14459","page","type-page","status-publish","has-post-thumbnail","hentry"],"acf":[],"yoast_head":"<!-- This site is optimized with the Yoast SEO Premium plugin  - https:\/\/yoast.com\/product\/yoast-seo-premium-wordpress\/ -->\n<title>Hunde richtig fotografieren: Tipps f\u00fcr perfekte Fotos | Uelzener Magazin<\/title>\n<meta name=\"description\" content=\"Das Wichtigste f\u00fcr gelungene Hundefotos. \u2713 Grundlagen \u2713 Smartphone-Fotografie \u2713 Beleuchtung und vieles mehr.\" \/>\n<meta name=\"robots\" content=\"index, follow, max-snippet:-1, max-image-preview:large, max-video-preview:-1\" \/>\n<link rel=\"canonical\" href=\"https:\/\/uelzener.de\/magazin\/hund\/tipps-fuer-den-alltag\/hunde-fotografieren\/\" \/>\n<meta property=\"og:locale\" content=\"de_DE\" \/>\n<meta property=\"og:type\" content=\"article\" \/>\n<meta property=\"og:title\" content=\"Hunde richtig fotografieren: Tipps f\u00fcr perfekte Fotos\" \/>\n<meta property=\"og:description\" content=\"Das Wichtigste f\u00fcr gelungene Hundefotos. \u2713 Grundlagen \u2713 Smartphone-Fotografie \u2713 Beleuchtung und vieles mehr.\" \/>\n<meta property=\"og:url\" content=\"https:\/\/uelzener.de\/magazin\/hund\/tipps-fuer-den-alltag\/hunde-fotografieren\/\" \/>\n<meta property=\"og:site_name\" content=\"Uelzener Tier-Magazin\" \/>\n<meta property=\"article:publisher\" content=\"https:\/\/www.facebook.com\/Uelzener\" \/>\n<meta property=\"article:modified_time\" content=\"2025-11-13T09:36:52+00:00\" \/>\n<meta property=\"og:image\" content=\"https:\/\/uelzener.de\/magazin\/app\/uploads\/2022\/12\/hunde-fotografieren.jpg\" \/>\n\t<meta property=\"og:image:width\" content=\"1025\" \/>\n\t<meta property=\"og:image:height\" content=\"450\" \/>\n\t<meta property=\"og:image:type\" content=\"image\/jpeg\" \/>\n<meta name=\"twitter:card\" content=\"summary_large_image\" \/>\n<meta name=\"twitter:label1\" content=\"Gesch\u00e4tzte Lesezeit\" \/>\n\t<meta name=\"twitter:data1\" content=\"6\u00a0Minuten\" \/>\n<script type=\"application\/ld+json\" class=\"yoast-schema-graph\">{\"@context\":\"https:\/\/schema.org\",\"@graph\":[{\"@type\":\"WebPage\",\"@id\":\"https:\/\/uelzener.de\/magazin\/hund\/tipps-fuer-den-alltag\/hunde-fotografieren\/\",\"url\":\"https:\/\/uelzener.de\/magazin\/hund\/tipps-fuer-den-alltag\/hunde-fotografieren\/\",\"name\":\"Hunde richtig fotografieren: Tipps f\u00fcr perfekte Fotos | Uelzener Magazin\",\"isPartOf\":{\"@id\":\"https:\/\/uelzener.de\/magazin\/#website\"},\"primaryImageOfPage\":{\"@id\":\"https:\/\/uelzener.de\/magazin\/hund\/tipps-fuer-den-alltag\/hunde-fotografieren\/#primaryimage\"},\"image\":{\"@id\":\"https:\/\/uelzener.de\/magazin\/hund\/tipps-fuer-den-alltag\/hunde-fotografieren\/#primaryimage\"},\"thumbnailUrl\":\"https:\/\/uelzener.de\/magazin\/app\/uploads\/2022\/12\/hunde-fotografieren.jpg\",\"datePublished\":\"2022-12-01T07:39:32+00:00\",\"dateModified\":\"2025-11-13T09:36:52+00:00\",\"description\":\"Das Wichtigste f\u00fcr gelungene Hundefotos. \u2713 Grundlagen \u2713 Smartphone-Fotografie \u2713 Beleuchtung und vieles mehr.\",\"breadcrumb\":{\"@id\":\"https:\/\/uelzener.de\/magazin\/hund\/tipps-fuer-den-alltag\/hunde-fotografieren\/#breadcrumb\"},\"inLanguage\":\"de\",\"potentialAction\":[{\"@type\":\"ReadAction\",\"target\":[\"https:\/\/uelzener.de\/magazin\/hund\/tipps-fuer-den-alltag\/hunde-fotografieren\/\"]}]},{\"@type\":\"ImageObject\",\"inLanguage\":\"de\",\"@id\":\"https:\/\/uelzener.de\/magazin\/hund\/tipps-fuer-den-alltag\/hunde-fotografieren\/#primaryimage\",\"url\":\"https:\/\/uelzener.de\/magazin\/app\/uploads\/2022\/12\/hunde-fotografieren.jpg\",\"contentUrl\":\"https:\/\/uelzener.de\/magazin\/app\/uploads\/2022\/12\/hunde-fotografieren.jpg\",\"width\":1025,\"height\":450,\"caption\":\"Eine Frau fotografiert sich und ihren Hund mit einem Handy.\"},{\"@type\":\"WebSite\",\"@id\":\"https:\/\/uelzener.de\/magazin\/#website\",\"url\":\"https:\/\/uelzener.de\/magazin\/\",\"name\":\"Uelzener Tiermagazin\",\"description\":\"Online Tierratgeber der Uelzener Versicherungen\",\"publisher\":{\"@id\":\"https:\/\/uelzener.de\/magazin\/#organization\"},\"potentialAction\":[{\"@type\":\"SearchAction\",\"target\":{\"@type\":\"EntryPoint\",\"urlTemplate\":\"https:\/\/uelzener.de\/magazin\/?s={search_term_string}\"},\"query-input\":{\"@type\":\"PropertyValueSpecification\",\"valueRequired\":true,\"valueName\":\"search_term_string\"}}],\"inLanguage\":\"de\"},{\"@type\":\"Organization\",\"@id\":\"https:\/\/uelzener.de\/magazin\/#organization\",\"name\":\"Uelzener Versicherungen\",\"url\":\"https:\/\/uelzener.de\/magazin\/\",\"logo\":{\"@type\":\"ImageObject\",\"inLanguage\":\"de\",\"@id\":\"https:\/\/uelzener.de\/magazin\/#\/schema\/logo\/image\/\",\"url\":\"https:\/\/uelzener.de\/magazin\/app\/uploads\/2024\/11\/uelzener_allgemeine_versicherungsgesellschaft_a_g_logo.jpg\",\"contentUrl\":\"https:\/\/uelzener.de\/magazin\/app\/uploads\/2024\/11\/uelzener_allgemeine_versicherungsgesellschaft_a_g_logo.jpg\",\"width\":200,\"height\":200,\"caption\":\"Uelzener Versicherungen\"},\"image\":{\"@id\":\"https:\/\/uelzener.de\/magazin\/#\/schema\/logo\/image\/\"},\"sameAs\":[\"https:\/\/www.facebook.com\/Uelzener\",\"https:\/\/instagram.com\/uelzener\",\"https:\/\/www.xing.com\/pages\/uelzenerallgemeineversicherungs-gesellschafta-g\",\"https:\/\/www.youtube.com\/UelzenerVersicherungen\"]}]}<\/script>\n<!-- \/ Yoast SEO Premium plugin. -->","yoast_head_json":{"title":"Hunde richtig fotografieren: Tipps f\u00fcr perfekte Fotos | Uelzener Magazin","description":"Das Wichtigste f\u00fcr gelungene Hundefotos. \u2713 Grundlagen \u2713 Smartphone-Fotografie \u2713 Beleuchtung und vieles mehr.","robots":{"index":"index","follow":"follow","max-snippet":"max-snippet:-1","max-image-preview":"max-image-preview:large","max-video-preview":"max-video-preview:-1"},"canonical":"https:\/\/uelzener.de\/magazin\/hund\/tipps-fuer-den-alltag\/hunde-fotografieren\/","og_locale":"de_DE","og_type":"article","og_title":"Hunde richtig fotografieren: Tipps f\u00fcr perfekte Fotos","og_description":"Das Wichtigste f\u00fcr gelungene Hundefotos. \u2713 Grundlagen \u2713 Smartphone-Fotografie \u2713 Beleuchtung und vieles mehr.","og_url":"https:\/\/uelzener.de\/magazin\/hund\/tipps-fuer-den-alltag\/hunde-fotografieren\/","og_site_name":"Uelzener Tier-Magazin","article_publisher":"https:\/\/www.facebook.com\/Uelzener","article_modified_time":"2025-11-13T09:36:52+00:00","og_image":[{"width":1025,"height":450,"url":"https:\/\/uelzener.de\/magazin\/app\/uploads\/2022\/12\/hunde-fotografieren.jpg","type":"image\/jpeg"}],"twitter_card":"summary_large_image","twitter_misc":{"Gesch\u00e4tzte Lesezeit":"6\u00a0Minuten"},"schema":{"@context":"https:\/\/schema.org","@graph":[{"@type":"WebPage","@id":"https:\/\/uelzener.de\/magazin\/hund\/tipps-fuer-den-alltag\/hunde-fotografieren\/","url":"https:\/\/uelzener.de\/magazin\/hund\/tipps-fuer-den-alltag\/hunde-fotografieren\/","name":"Hunde richtig fotografieren: Tipps f\u00fcr perfekte Fotos | Uelzener Magazin","isPartOf":{"@id":"https:\/\/uelzener.de\/magazin\/#website"},"primaryImageOfPage":{"@id":"https:\/\/uelzener.de\/magazin\/hund\/tipps-fuer-den-alltag\/hunde-fotografieren\/#primaryimage"},"image":{"@id":"https:\/\/uelzener.de\/magazin\/hund\/tipps-fuer-den-alltag\/hunde-fotografieren\/#primaryimage"},"thumbnailUrl":"https:\/\/uelzener.de\/magazin\/app\/uploads\/2022\/12\/hunde-fotografieren.jpg","datePublished":"2022-12-01T07:39:32+00:00","dateModified":"2025-11-13T09:36:52+00:00","description":"Das Wichtigste f\u00fcr gelungene Hundefotos. \u2713 Grundlagen \u2713 Smartphone-Fotografie \u2713 Beleuchtung und vieles mehr.","breadcrumb":{"@id":"https:\/\/uelzener.de\/magazin\/hund\/tipps-fuer-den-alltag\/hunde-fotografieren\/#breadcrumb"},"inLanguage":"de","potentialAction":[{"@type":"ReadAction","target":["https:\/\/uelzener.de\/magazin\/hund\/tipps-fuer-den-alltag\/hunde-fotografieren\/"]}]},{"@type":"ImageObject","inLanguage":"de","@id":"https:\/\/uelzener.de\/magazin\/hund\/tipps-fuer-den-alltag\/hunde-fotografieren\/#primaryimage","url":"https:\/\/uelzener.de\/magazin\/app\/uploads\/2022\/12\/hunde-fotografieren.jpg","contentUrl":"https:\/\/uelzener.de\/magazin\/app\/uploads\/2022\/12\/hunde-fotografieren.jpg","width":1025,"height":450,"caption":"Eine Frau fotografiert sich und ihren Hund mit einem Handy."},{"@type":"WebSite","@id":"https:\/\/uelzener.de\/magazin\/#website","url":"https:\/\/uelzener.de\/magazin\/","name":"Uelzener Tiermagazin","description":"Online Tierratgeber der Uelzener Versicherungen","publisher":{"@id":"https:\/\/uelzener.de\/magazin\/#organization"},"potentialAction":[{"@type":"SearchAction","target":{"@type":"EntryPoint","urlTemplate":"https:\/\/uelzener.de\/magazin\/?s={search_term_string}"},"query-input":{"@type":"PropertyValueSpecification","valueRequired":true,"valueName":"search_term_string"}}],"inLanguage":"de"},{"@type":"Organization","@id":"https:\/\/uelzener.de\/magazin\/#organization","name":"Uelzener Versicherungen","url":"https:\/\/uelzener.de\/magazin\/","logo":{"@type":"ImageObject","inLanguage":"de","@id":"https:\/\/uelzener.de\/magazin\/#\/schema\/logo\/image\/","url":"https:\/\/uelzener.de\/magazin\/app\/uploads\/2024\/11\/uelzener_allgemeine_versicherungsgesellschaft_a_g_logo.jpg","contentUrl":"https:\/\/uelzener.de\/magazin\/app\/uploads\/2024\/11\/uelzener_allgemeine_versicherungsgesellschaft_a_g_logo.jpg","width":200,"height":200,"caption":"Uelzener Versicherungen"},"image":{"@id":"https:\/\/uelzener.de\/magazin\/#\/schema\/logo\/image\/"},"sameAs":["https:\/\/www.facebook.com\/Uelzener","https:\/\/instagram.com\/uelzener","https:\/\/www.xing.com\/pages\/uelzenerallgemeineversicherungs-gesellschafta-g","https:\/\/www.youtube.com\/UelzenerVersicherungen"]}]}},"_links":{"self":[{"href":"https:\/\/uelzener.de\/magazin\/wp-json\/wp\/v2\/pages\/14459","targetHints":{"allow":["GET"]}}],"collection":[{"href":"https:\/\/uelzener.de\/magazin\/wp-json\/wp\/v2\/pages"}],"about":[{"href":"https:\/\/uelzener.de\/magazin\/wp-json\/wp\/v2\/types\/page"}],"author":[{"embeddable":true,"href":"https:\/\/uelzener.de\/magazin\/wp-json\/wp\/v2\/users\/11"}],"replies":[{"embeddable":true,"href":"https:\/\/uelzener.de\/magazin\/wp-json\/wp\/v2\/comments?post=14459"}],"version-history":[{"count":7,"href":"https:\/\/uelzener.de\/magazin\/wp-json\/wp\/v2\/pages\/14459\/revisions"}],"predecessor-version":[{"id":19424,"href":"https:\/\/uelzener.de\/magazin\/wp-json\/wp\/v2\/pages\/14459\/revisions\/19424"}],"up":[{"embeddable":true,"href":"https:\/\/uelzener.de\/magazin\/wp-json\/wp\/v2\/pages\/11707"}],"wp:featuredmedia":[{"embeddable":true,"href":"https:\/\/uelzener.de\/magazin\/wp-json\/wp\/v2\/media\/14472"}],"wp:attachment":[{"href":"https:\/\/uelzener.de\/magazin\/wp-json\/wp\/v2\/media?parent=14459"}],"curies":[{"name":"wp","href":"https:\/\/api.w.org\/{rel}","templated":true}]}}