{"id":14453,"date":"2022-12-02T12:00:30","date_gmt":"2022-12-02T11:00:30","guid":{"rendered":"https:\/\/uelzener.de\/magazin\/?page_id=14453"},"modified":"2025-11-13T10:37:25","modified_gmt":"2025-11-13T09:37:25","slug":"assistenzhund","status":"publish","type":"page","link":"https:\/\/uelzener.de\/magazin\/hund\/haeufige-fragen\/assistenzhund\/","title":{"rendered":"Assistenzhunde: Definition, Ausbildung und Einsatzbereiche"},"content":{"rendered":"<p>Assistenzhunde helfen Menschen mit einem Handicap, selbstst\u00e4ndiger und freier zu leben. Denn Assistenzhunde \u00fcbernehmen Aufgaben, die eine Person mit einer Behinderung oder einer chronischen Erkrankung nicht selbst erledigen kann.<\/p>\n<p>Im Laufe der Jahre sind f\u00fcr Assistenzhunde viele verschiedene Aufgaben hinzugekommen. So helfen sie beispielsweise beim Anziehen oder heben heruntergefallene Gegenst\u00e4nde auf. Sie warnen Diabetiker bei einer drohenden Unterzuckerung oder Epileptiker vor einem bevorstehenden Anfall. Psychisch Kranke erlangen mit ihrer Hilfe mehr Selbstst\u00e4ndigkeit und Sicherheit im Alltag. Zu den bekanntesten Assistenzhunden geh\u00f6ren sicher die Blindenf\u00fchrhunde. Diese gibt es bereits seit 1916. Traditionell wurden als Blindenf\u00fchrhund <a href=\"https:\/\/uelzener.de\/magazin\/hund\/rasseportrait\/deutscher-schaeferhund\/\">Deutscher Sch\u00e4ferhund<\/a> und <a href=\"https:\/\/uelzener.de\/magazin\/hund\/rasseportrait\/labrador\/\">Labrador<\/a> verwendet.<\/p>\n<h2>Definition<\/h2>\n<p>Assistenzhunde sind speziell ausgebildete Hunde, die besondere Aufgaben erlernen, um Menschen mit einer Behinderung oder einer chronischen Erkrankung im Alltag zu helfen. Nicht jeder Hund ist als Assistenzhund geeignet. Denn an Assistenzhunde werden hohe Anforderungen gestellt.<\/p>\n<p>F\u00fcr die Anerkennung als Assistenzhund muss der Hund die Assistenzhund-Team-Pr\u00fcfung erfolgreich bestehen. Damit wird nachgewiesen, dass er f\u00fcr seine Aufgabe geeignet ist. Dazu geh\u00f6rt beispielsweise, dass sie sich in der \u00d6ffentlichkeit nicht aus der Ruhe bringen lassen, nicht schn\u00fcffeln oder sich durch Ger\u00e4usche, Menschen oder andere Hunde ablenken lassen. Vor der Pr\u00fcfung absolvieren sie eine intensive Ausbildung. Nur ein geduldiger und nicht reizbarer Hund wird f\u00fcr die etwa zwei Jahre dauernde Ausbildung zugelassen.<\/p>\n<p>Besteht ein Hund die Assistenzhund-Team-Pr\u00fcfung, stehen ihm nach \u00a7\u00a012e (1) BGG bestimmte Sonderrechte zu. Assistenzhunde d\u00fcrfen ihre Teampartner:innen \u00fcberallhin begleiten. So d\u00fcrfen sie sich an Orten aufhalten, die anderen Hunden verwehrt sind. Beispielsweise begleiten Assistenzhunde ihre Besitzer in Lebensmittelgesch\u00e4fte, zum Friseur oder in die Arztpraxis.<\/p>\n<h3>Assistenzhund und Therapiehund: Wo ist der Unterschied?<\/h3>\n<p>H\u00e4ufig werden die Begriffe \u201eAssistenzhund\u201c und \u201eTherapiehund\u201c gleichgesetzt. Es gibt jedoch zwei entscheidende Unterschiede.<\/p>\n<ol>\n<li>Assistenzhunde haben Sonderrechte. Sie d\u00fcrfen im Gegensatz zu Therapiehunden mit in Superm\u00e4rkte, zum Friseur und die Arztpraxis. Therapiehunde hingegen haben keine besonderen Rechte.<\/li>\n<li>Assistenzhunde begleiten und helfen einer einzelnen Person ganz individuell. Sie sind speziell f\u00fcr diese Person ausgebildet worden, erledigen besondere Aufgaben und leben mit ihr zusammen. Therapiehunde hingegen unterst\u00fctzen ganz unterschiedliche Menschen. Sie sind beispielsweise in einer ergotherapeutischen Praxis f\u00fcr viele verschiedene Menschen da oder begleiten medizinisches Fachpersonal in pflegerischen oder psychiatrischen Einrichtungen.<\/li>\n<\/ol>\n<h2>Wer hat gesetzlichen Anspruch auf einen Assistenzhund?<\/h2>\n<p>Einen Anspruch auf einen Assistenzhund gibt es lediglich f\u00fcr sehbehinderte Personen f\u00fcr einen <a href=\"https:\/\/uelzener.de\/magazin\/hund\/tipps-fuer-den-alltag\/blindenhund\/\">Blindenhund<\/a>. F\u00fcr andere Handicaps gibt es derzeit keinen gesetzlichen Anspruch.<\/p>\n<h2>F\u00fcr welche Krankheiten eignen sie sich?<\/h2>\n<p>Die ersten Assistenzhunde waren Blindenf\u00fchrhunde, die sehbehinderten Personen eine selbstbestimmtere Mobilit\u00e4t erm\u00f6glichten. Im Laufe der Zeit hat man diese Hunde jedoch f\u00fcr viele verschiedene weitere Krankheiten ausgebildet. Neben k\u00f6rperlichen Handicaps unterst\u00fctzen Assistenzhunde ihre Teampartner:innen mittlerweile auch bei psychischen und psychiatrischen Erkrankungen. So erm\u00f6glichen sie Personen, die ohne Assistenzhund ein sehr viel eingeschr\u00e4nkteres Leben f\u00fchren w\u00fcrden, mehr Freiheit und Selbstbestimmung. Die Vielfalt der Einsatzgebiete von Assistenzhunden ist beeindruckend.<\/p>\n<h3>Erkrankungen, bei denen Assistenzhunde heute eingesetzt werden:<\/h3>\n<ul>\n<li>Sehbehinderungen: Blindenf\u00fchrhunde helfen sehbehinderten Personen dabei, sich im Stra\u00dfenverkehr zurechtzufinden. Dazu zeigen sie Stufen, Eing\u00e4nge und Schalter an und helfen beim \u00dcberqueren von Stra\u00dfen.<\/li>\n<li>In ihrer Mobilit\u00e4t eingeschr\u00e4nkte Personen: Assistenzhunde helfen Personen, die k\u00f6rperlich eingeschr\u00e4nkt sind und beispielsweise auf einen Rollstuhl oder Gehhilfen angewiesen sind, ihren Alltag besser zu bew\u00e4ltigen. Dazu heben die vierbeinigen Teampartner Gegenst\u00e4nde vom Boden auf, \u00f6ffnen und schlie\u00dfen T\u00fcren und helfen beim An- und Ausziehen.<\/li>\n<li>Gehbehinderungen: Assistenzhunde helfen gehbehinderten Menschen, indem sie sich auf sie st\u00fctzen k\u00f6nnen. Dazu tragen sie ein sogenanntes Mobilit\u00e4tsgeschirr.<\/li>\n<li>Posttraumatische Belastungsst\u00f6rung: PTB-Assistenzhunde helfen bei den verschiedenartigen Symptomen einer posttraumatischen Belastungsst\u00f6rung. Beispielsweise sp\u00fcren sie, wenn ihr zweibeiniger Teampartner einen Flashback hat und k\u00f6nnen ihn dann unterbrechen.<\/li>\n<li>Psychische und psychiatrische Erkrankungen: Assistenzhunde helfen beispielsweise bei einer Bipolaren St\u00f6rung, Schizophrenie, einer Borderline-Erkrankung oder schweren Depression. Eine Aufgabe des Assistenzhundes kann sein, seine Bezugsperson in gr\u00f6\u00dferen Gruppen abzuschirmen. Au\u00dferdem nehmen sie Stimmungswechsel oder selbstsch\u00e4digende Verhaltensweisen wahr und k\u00f6nnen ihre Bezugsperson darauf aufmerksam machen.<\/li>\n<li>Diabetes: Assistenz-Warnhunde k\u00f6nnen eine Unter- oder \u00dcberzuckerung bei Typ 1-Diabetikern wahrnehmen und anzeigen. Die Meinungen gehen bis dato auseinander, ob diese F\u00e4higkeit angeboren oder erlernbar ist und ob nur bestimmte Rassen f\u00fcr eine Ausbildung geeignet sind.<\/li>\n<li>H\u00f6rbehinderungen: Ein Assistenz-Signalhund hilft h\u00f6rbehinderten Personen, Ger\u00e4usche wahrzunehmen. Besonders wichtig ist dies in riskanten Situationen, wie beispielsweise im Stra\u00dfenverkehr bei hupenden Autos oder im Haushalt, wenn ein Rauchmelder sich meldet.<\/li>\n<li>Epilepsie: Ein Epilepsie-Warnhund alarmiert seine Bezugsperson bei einem drohenden Anfall. Die Sensibilit\u00e4t, epileptische Anf\u00e4lle wahrzunehmen, ist angeboren und kann nicht erlernt werden.<\/li>\n<li>Autismus: Autismushunde helfen dabei, sich in stressigen Situationen zu beruhigen oder die f\u00fcr die Bezugsperson so wichtigen Abst\u00e4nde zu anderen Menschen, einzuhalten.<\/li>\n<li>Narkolepsie: Ein Narkolepsiewarnhund alarmiert seinen Teampartner vor einer drohenden Schlafattacke. Und zwar einige Minuten bevor diese eintritt. So kann die betroffene Person sich beispielsweise rechtzeitig hinlegen oder jemanden zur Hilfe rufen.<\/li>\n<li>Addison Krise: Bei einer Addison-Krise kann die Bezugsperson einen lebensbedrohlichen Kortisol-Mangel erleiden. Ein Warnhund kann dies im Vorfeld bemerken und warnt seine Bezugsperson rechtzeitig.<\/li>\n<li>Herzerkrankung: Vor einem drohenden Herzinfarkt kann ein Warnhund seine Bezugsperson alarmieren oder Hilfe holen.<\/li>\n<li>Allergien: Ein Allergieanzeigehund kann Ger\u00fcche von f\u00fcr seinen Teampartner gef\u00e4hrliche Stoffe riechen und davor warnen. Im Falle eines anaphylaktischen Schock ist der Assistenzhund in der Lage, Hilfe zu holen.<\/li>\n<li>Schlaganfall: Schlaganfall-Warnhunde alarmieren fr\u00fchzeitig, wenn ein lebensbedrohlicher Schlaganfall sich ank\u00fcndigt. Diese F\u00e4higkeit ist angeboren und kann nicht erlernt werden.<\/li>\n<li>Fetale Alkoholsyndrom (FAS): Ein FAS-Assistenzhund hilft Kindern, deren Alltag durch das Fetale Alkoholsyndrom stark eingeschr\u00e4nkt ist. Beispielsweise sch\u00fctzt er das Kind im Stra\u00dfenverkehr vor unbedachtem Verhalten oder hilft ihm, sich in reiz\u00fcberflutenden Situationen wieder zu beruhigen.<\/li>\n<li>Demenz: Demenz-Assistenzhunde alarmieren beispielsweise Angeh\u00f6rige, wenn die an Demenz erkrankte Bezugsperson die Wohnung verlassen will.<\/li>\n<\/ul>\n<p>Mittlerweile werden Assistenzhunde zur Unterst\u00fctzung bei vielf\u00e4ltigen Handicaps eingesetzt. Doch wie bekommt man diesen wunderbaren vierbeinigen Helfer?<\/p>\n<h2>Wie bekommt man einen Assistenzhund?<\/h2>\n<p>Die ersten Anlaufstellen sind Organisationen, die sich der Ausbildung und Vermittlung von Assistenzhunden widmen. Das k\u00f6nnen Vereine, Zentren oder auch Assistenzhund-Programme sein.<\/p>\n<p>Dabei gibt es verschiedenen M\u00f6glichkeiten, einen ausgebildeten Hund zu bekommen.<\/p>\n<ul>\n<li>Selbstausbildung: In der Vergangenheit bildeten viele Betroffene ihren Assistenzhund selbst aus. Die Selbstausbildung ist im Vergleich zur Fremdausbildung und Dualausbildung kosteng\u00fcnstiger. Diese ist jedoch nur noch f\u00fcr Hunde m\u00f6glich, deren Ausbildung vor dem 1.7.2021 begonnen hat.<\/li>\n<li>Fremdausbildung: Der Assistenzhund wird von einem Trainer ausgebildet und lebt w\u00e4hrend der Ausbildungszeit mit ihm zusammen. Dies ist die teuerste Variante der Ausbildung und kostet zwischen 25.000 und 30.000 Euro. Die Ausbildung dauert 1 bis 1,5 Jahre.<\/li>\n<li>Duale Ausbildung: Der Hund lebt bereits mit sein:er Teampartner:in zusammen und wird von ein:er Trainer:in trainiert. Die Ausbildung kostet 15.000 bis 20.000 Euro und dauert 2 bis 2,5 Jahre.<\/li>\n<\/ul>\n<p>Organisationen, die sich der Ausbildung und Vermittlung von solchen Hunden widmen, bringen geeignete Trainer mit angehende Assistenzhund-Teams zusammen. Au\u00dferdem vermitteln sie den Kontakt zu geeigneten Welpen oder ausgebildeten Hunden.<\/p>\n\n<div class=\"related_articles boxed\">\n    <h2>Mehr zum Thema<\/h2>\n    \n    <div class=\"wrapper\"><div class=\"title align-center\"><h3><a href=\"https:\/\/uelzener.de\/magazin\/wir\/uelzener-versicherungen-unterstuetzen-rehahunde-deutschland-e-v\/\">Gemeinsam f\u00fcr mehr Lebensfreude \u2013 Wir unterst\u00fctzen Rehahunde Deutschland e.V.<\/a><\/h3><\/div><div class=\"img align-center\"><img decoding=\"async\" width=\"315\" height=\"138\" src=\"https:\/\/uelzener.de\/magazin\/app\/uploads\/2025\/08\/rehahunde-ev.jpg\" class=\"attachment-315x180 size-315x180 wp-post-image\" alt=\"Hunde des Rehahunde e.V. am Hamburger Hafen.\" \/><\/div><\/div><div class=\"wrapper\"><div class=\"title align-center\"><h3><a href=\"https:\/\/uelzener.de\/magazin\/hund\/haeufige-fragen\/schulhund-ebony\/\">Vier Pfoten im Klassenzimmer: Schulhund Ebony<\/a><\/h3><\/div><div class=\"img align-center\"><img decoding=\"async\" width=\"315\" height=\"180\" src=\"https:\/\/uelzener.de\/magazin\/app\/uploads\/2023\/11\/schulhund-315x180.jpg\" class=\"attachment-315x180 size-315x180 wp-post-image\" alt=\"M\u00e4dchen liest. Neben ihr ein Schulhund.\" \/><\/div><\/div><\/div>\n\n<h2>Wer \u00fcbernimmt die Kosten?<\/h2>\n<p>Es gibt verschiedene M\u00f6glichkeiten der Kosten\u00fcbernahme f\u00fcr einen Assistenzhund.<\/p>\n<ul>\n<li>Krankenkasse: Die Krankenkasse \u00fcbernimmt lediglich die Kosten f\u00fcr Blindenf\u00fchrhunde.<\/li>\n<li>Beh\u00f6rden: In Einzelf\u00e4llen \u00fcbernimmt die Agentur f\u00fcr Arbeit teilweise die Kosten f\u00fcr einen Assistenzhund, wenn jemand nur mithilfe eines Hundes seiner Arbeit nachgehen kann.<\/li>\n<li>Der wei\u00dfe Ring: Diese Organisation engagiert sich f\u00fcr Kriminalit\u00e4tsopfern und unterst\u00fctzt mitunter bei der Anschaffung eines PTBS-Assistenzhundes.<\/li>\n<li>Stiftungen und gemeinn\u00fctzige Organisationen: Sie unterst\u00fctzen Betroffene finanziell und beratend bei der Anschaffung eines ausgebildeten Hundes. So zum Beispiel der VITA Assistenzhunde Verein. Das Social-Media-Team der Uelzener Versicherungen war im Herbst 2022 bei <a href=\"https:\/\/uelzener.de\/magazin\/hund\/haeufige-fragen\/assistenzhund-mit-vita-medizin-auf-vier-pfoten\/\">VITA<\/a>. Schau dir <a href=\"https:\/\/www.instagram.com\/p\/CkQi9aaqDKi\/\">auf Instagram unser Interview mit Frieda und ihrem Helferhund Aidan<\/a> an.<\/li>\n<li>Eigene finanzielle Mittel: Wer ausreichend Geld zur Verf\u00fcgung hat, kann in Eigenregie die Finanzierung des Assistenzhundes \u00fcbernehmen<\/li>\n<\/ul>\n<p>Assistenzhunde helfen dort, wo andere Hilfe nicht greifen kann. Sie k\u00f6nnen Menschen mit Behinderungen und chronischen Krankheiten das Leben entscheidend erleichtern, sch\u00f6ner und ein bisschen unbeschwerter machen. So sind Assistenzhund-Mensch-Beziehungen beeindruckende Beispiele daf\u00fcr, wie stark die Verbindung zwischen Mensch und Tier sein kann.<\/p>\n","protected":false},"excerpt":{"rendered":"<p>Assistenzhunde helfen Menschen mit einem Handicap, selbstst\u00e4ndiger und freier zu leben. Denn Assistenzhunde \u00fcbernehmen Aufgaben, die eine Person mit einer Behinderung oder einer chronischen Erkrankung nicht selbst erledigen kann. Im Laufe der Jahre sind f\u00fcr Assistenzhunde viele verschiedene Aufgaben hinzugekommen. So helfen sie beispielsweise beim Anziehen oder heben heruntergefallene Gegenst\u00e4nde auf. Sie warnen Diabetiker bei [&hellip;]<\/p>\n","protected":false},"author":11,"featured_media":14482,"parent":11687,"menu_order":11,"comment_status":"closed","ping_status":"closed","template":"templates\/blog.php","meta":{"_acf_changed":false,"_crdt_document":"","footnotes":"","beyondwords_generate_audio":"","beyondwords_project_id":"","beyondwords_content_id":"","beyondwords_preview_token":"","beyondwords_player_style":"","beyondwords_language_id":"","beyondwords_title_voice_id":"","beyondwords_body_voice_id":"","beyondwords_summary_voice_id":"","beyondwords_error_message":"","beyondwords_disabled":"","beyondwords_delete_content":"","beyondwords_podcast_id":"","beyondwords_hash":"","publish_post_to_speechkit":"","speechkit_hash":"","speechkit_generate_audio":"","speechkit_project_id":"","speechkit_podcast_id":"","speechkit_error_message":"","speechkit_disabled":"","speechkit_access_key":"","speechkit_error":"","speechkit_info":"","speechkit_response":"","speechkit_retries":"","speechkit_status":"","speechkit_updated_at":"","_speechkit_link":"","_speechkit_text":""},"class_list":["post-14453","page","type-page","status-publish","has-post-thumbnail","hentry"],"acf":[],"yoast_head":"<!-- This site is optimized with the Yoast SEO Premium plugin  - https:\/\/yoast.com\/product\/yoast-seo-premium-wordpress\/ -->\n<title>Assistenzhunde: Definition, Ausbildung und Einsatzbereiche | Uelzener Magazin<\/title>\n<meta name=\"description\" content=\"Assistenzhunde ver\u00e4ndern Menschenleben. Wie werden sie eingesetzt und wo bekommt man diese vierbeinigen Begleiter?\" \/>\n<meta name=\"robots\" content=\"index, follow, max-snippet:-1, max-image-preview:large, max-video-preview:-1\" \/>\n<link rel=\"canonical\" href=\"https:\/\/uelzener.de\/magazin\/hund\/haeufige-fragen\/assistenzhund\/\" \/>\n<meta property=\"og:locale\" content=\"de_DE\" \/>\n<meta property=\"og:type\" content=\"article\" \/>\n<meta property=\"og:title\" content=\"Assistenzhunde: Definition, Ausbildung und Einsatzbereiche\" \/>\n<meta property=\"og:description\" content=\"Assistenzhunde ver\u00e4ndern Menschenleben. Wie werden sie eingesetzt und wo bekommt man diese vierbeinigen Begleiter?\" \/>\n<meta property=\"og:url\" content=\"https:\/\/uelzener.de\/magazin\/hund\/haeufige-fragen\/assistenzhund\/\" \/>\n<meta property=\"og:site_name\" content=\"Uelzener Tier-Magazin\" \/>\n<meta property=\"article:publisher\" content=\"https:\/\/www.facebook.com\/Uelzener\" \/>\n<meta property=\"article:modified_time\" content=\"2025-11-13T09:37:25+00:00\" \/>\n<meta property=\"og:image\" content=\"https:\/\/uelzener.de\/magazin\/app\/uploads\/2022\/12\/assistenzhund.jpg\" \/>\n\t<meta property=\"og:image:width\" content=\"1025\" \/>\n\t<meta property=\"og:image:height\" content=\"450\" \/>\n\t<meta property=\"og:image:type\" content=\"image\/jpeg\" \/>\n<meta name=\"twitter:card\" content=\"summary_large_image\" \/>\n<meta name=\"twitter:label1\" content=\"Gesch\u00e4tzte Lesezeit\" \/>\n\t<meta name=\"twitter:data1\" content=\"8\u00a0Minuten\" \/>\n<script type=\"application\/ld+json\" class=\"yoast-schema-graph\">{\"@context\":\"https:\/\/schema.org\",\"@graph\":[{\"@type\":\"WebPage\",\"@id\":\"https:\/\/uelzener.de\/magazin\/hund\/haeufige-fragen\/assistenzhund\/\",\"url\":\"https:\/\/uelzener.de\/magazin\/hund\/haeufige-fragen\/assistenzhund\/\",\"name\":\"Assistenzhunde: Definition, Ausbildung und Einsatzbereiche | Uelzener Magazin\",\"isPartOf\":{\"@id\":\"https:\/\/uelzener.de\/magazin\/#website\"},\"primaryImageOfPage\":{\"@id\":\"https:\/\/uelzener.de\/magazin\/hund\/haeufige-fragen\/assistenzhund\/#primaryimage\"},\"image\":{\"@id\":\"https:\/\/uelzener.de\/magazin\/hund\/haeufige-fragen\/assistenzhund\/#primaryimage\"},\"thumbnailUrl\":\"https:\/\/uelzener.de\/magazin\/app\/uploads\/2022\/12\/assistenzhund.jpg\",\"datePublished\":\"2022-12-02T11:00:30+00:00\",\"dateModified\":\"2025-11-13T09:37:25+00:00\",\"description\":\"Assistenzhunde ver\u00e4ndern Menschenleben. Wie werden sie eingesetzt und wo bekommt man diese vierbeinigen Begleiter?\",\"breadcrumb\":{\"@id\":\"https:\/\/uelzener.de\/magazin\/hund\/haeufige-fragen\/assistenzhund\/#breadcrumb\"},\"inLanguage\":\"de\",\"potentialAction\":[{\"@type\":\"ReadAction\",\"target\":[\"https:\/\/uelzener.de\/magazin\/hund\/haeufige-fragen\/assistenzhund\/\"]}]},{\"@type\":\"ImageObject\",\"inLanguage\":\"de\",\"@id\":\"https:\/\/uelzener.de\/magazin\/hund\/haeufige-fragen\/assistenzhund\/#primaryimage\",\"url\":\"https:\/\/uelzener.de\/magazin\/app\/uploads\/2022\/12\/assistenzhund.jpg\",\"contentUrl\":\"https:\/\/uelzener.de\/magazin\/app\/uploads\/2022\/12\/assistenzhund.jpg\",\"width\":1025,\"height\":450,\"caption\":\"Beiger Assistenzhund mit zwei Jugendlichen in Rollst\u00fchlen.\"},{\"@type\":\"WebSite\",\"@id\":\"https:\/\/uelzener.de\/magazin\/#website\",\"url\":\"https:\/\/uelzener.de\/magazin\/\",\"name\":\"Uelzener Tiermagazin\",\"description\":\"Online Tierratgeber der Uelzener Versicherungen\",\"publisher\":{\"@id\":\"https:\/\/uelzener.de\/magazin\/#organization\"},\"potentialAction\":[{\"@type\":\"SearchAction\",\"target\":{\"@type\":\"EntryPoint\",\"urlTemplate\":\"https:\/\/uelzener.de\/magazin\/?s={search_term_string}\"},\"query-input\":{\"@type\":\"PropertyValueSpecification\",\"valueRequired\":true,\"valueName\":\"search_term_string\"}}],\"inLanguage\":\"de\"},{\"@type\":\"Organization\",\"@id\":\"https:\/\/uelzener.de\/magazin\/#organization\",\"name\":\"Uelzener Versicherungen\",\"url\":\"https:\/\/uelzener.de\/magazin\/\",\"logo\":{\"@type\":\"ImageObject\",\"inLanguage\":\"de\",\"@id\":\"https:\/\/uelzener.de\/magazin\/#\/schema\/logo\/image\/\",\"url\":\"https:\/\/uelzener.de\/magazin\/app\/uploads\/2024\/11\/uelzener_allgemeine_versicherungsgesellschaft_a_g_logo.jpg\",\"contentUrl\":\"https:\/\/uelzener.de\/magazin\/app\/uploads\/2024\/11\/uelzener_allgemeine_versicherungsgesellschaft_a_g_logo.jpg\",\"width\":200,\"height\":200,\"caption\":\"Uelzener Versicherungen\"},\"image\":{\"@id\":\"https:\/\/uelzener.de\/magazin\/#\/schema\/logo\/image\/\"},\"sameAs\":[\"https:\/\/www.facebook.com\/Uelzener\",\"https:\/\/instagram.com\/uelzener\",\"https:\/\/www.xing.com\/pages\/uelzenerallgemeineversicherungs-gesellschafta-g\",\"https:\/\/www.youtube.com\/UelzenerVersicherungen\"]}]}<\/script>\n<!-- \/ Yoast SEO Premium plugin. -->","yoast_head_json":{"title":"Assistenzhunde: Definition, Ausbildung und Einsatzbereiche | Uelzener Magazin","description":"Assistenzhunde ver\u00e4ndern Menschenleben. Wie werden sie eingesetzt und wo bekommt man diese vierbeinigen Begleiter?","robots":{"index":"index","follow":"follow","max-snippet":"max-snippet:-1","max-image-preview":"max-image-preview:large","max-video-preview":"max-video-preview:-1"},"canonical":"https:\/\/uelzener.de\/magazin\/hund\/haeufige-fragen\/assistenzhund\/","og_locale":"de_DE","og_type":"article","og_title":"Assistenzhunde: Definition, Ausbildung und Einsatzbereiche","og_description":"Assistenzhunde ver\u00e4ndern Menschenleben. Wie werden sie eingesetzt und wo bekommt man diese vierbeinigen Begleiter?","og_url":"https:\/\/uelzener.de\/magazin\/hund\/haeufige-fragen\/assistenzhund\/","og_site_name":"Uelzener Tier-Magazin","article_publisher":"https:\/\/www.facebook.com\/Uelzener","article_modified_time":"2025-11-13T09:37:25+00:00","og_image":[{"width":1025,"height":450,"url":"https:\/\/uelzener.de\/magazin\/app\/uploads\/2022\/12\/assistenzhund.jpg","type":"image\/jpeg"}],"twitter_card":"summary_large_image","twitter_misc":{"Gesch\u00e4tzte Lesezeit":"8\u00a0Minuten"},"schema":{"@context":"https:\/\/schema.org","@graph":[{"@type":"WebPage","@id":"https:\/\/uelzener.de\/magazin\/hund\/haeufige-fragen\/assistenzhund\/","url":"https:\/\/uelzener.de\/magazin\/hund\/haeufige-fragen\/assistenzhund\/","name":"Assistenzhunde: Definition, Ausbildung und Einsatzbereiche | Uelzener Magazin","isPartOf":{"@id":"https:\/\/uelzener.de\/magazin\/#website"},"primaryImageOfPage":{"@id":"https:\/\/uelzener.de\/magazin\/hund\/haeufige-fragen\/assistenzhund\/#primaryimage"},"image":{"@id":"https:\/\/uelzener.de\/magazin\/hund\/haeufige-fragen\/assistenzhund\/#primaryimage"},"thumbnailUrl":"https:\/\/uelzener.de\/magazin\/app\/uploads\/2022\/12\/assistenzhund.jpg","datePublished":"2022-12-02T11:00:30+00:00","dateModified":"2025-11-13T09:37:25+00:00","description":"Assistenzhunde ver\u00e4ndern Menschenleben. Wie werden sie eingesetzt und wo bekommt man diese vierbeinigen Begleiter?","breadcrumb":{"@id":"https:\/\/uelzener.de\/magazin\/hund\/haeufige-fragen\/assistenzhund\/#breadcrumb"},"inLanguage":"de","potentialAction":[{"@type":"ReadAction","target":["https:\/\/uelzener.de\/magazin\/hund\/haeufige-fragen\/assistenzhund\/"]}]},{"@type":"ImageObject","inLanguage":"de","@id":"https:\/\/uelzener.de\/magazin\/hund\/haeufige-fragen\/assistenzhund\/#primaryimage","url":"https:\/\/uelzener.de\/magazin\/app\/uploads\/2022\/12\/assistenzhund.jpg","contentUrl":"https:\/\/uelzener.de\/magazin\/app\/uploads\/2022\/12\/assistenzhund.jpg","width":1025,"height":450,"caption":"Beiger Assistenzhund mit zwei Jugendlichen in Rollst\u00fchlen."},{"@type":"WebSite","@id":"https:\/\/uelzener.de\/magazin\/#website","url":"https:\/\/uelzener.de\/magazin\/","name":"Uelzener Tiermagazin","description":"Online Tierratgeber der Uelzener Versicherungen","publisher":{"@id":"https:\/\/uelzener.de\/magazin\/#organization"},"potentialAction":[{"@type":"SearchAction","target":{"@type":"EntryPoint","urlTemplate":"https:\/\/uelzener.de\/magazin\/?s={search_term_string}"},"query-input":{"@type":"PropertyValueSpecification","valueRequired":true,"valueName":"search_term_string"}}],"inLanguage":"de"},{"@type":"Organization","@id":"https:\/\/uelzener.de\/magazin\/#organization","name":"Uelzener Versicherungen","url":"https:\/\/uelzener.de\/magazin\/","logo":{"@type":"ImageObject","inLanguage":"de","@id":"https:\/\/uelzener.de\/magazin\/#\/schema\/logo\/image\/","url":"https:\/\/uelzener.de\/magazin\/app\/uploads\/2024\/11\/uelzener_allgemeine_versicherungsgesellschaft_a_g_logo.jpg","contentUrl":"https:\/\/uelzener.de\/magazin\/app\/uploads\/2024\/11\/uelzener_allgemeine_versicherungsgesellschaft_a_g_logo.jpg","width":200,"height":200,"caption":"Uelzener Versicherungen"},"image":{"@id":"https:\/\/uelzener.de\/magazin\/#\/schema\/logo\/image\/"},"sameAs":["https:\/\/www.facebook.com\/Uelzener","https:\/\/instagram.com\/uelzener","https:\/\/www.xing.com\/pages\/uelzenerallgemeineversicherungs-gesellschafta-g","https:\/\/www.youtube.com\/UelzenerVersicherungen"]}]}},"_links":{"self":[{"href":"https:\/\/uelzener.de\/magazin\/wp-json\/wp\/v2\/pages\/14453","targetHints":{"allow":["GET"]}}],"collection":[{"href":"https:\/\/uelzener.de\/magazin\/wp-json\/wp\/v2\/pages"}],"about":[{"href":"https:\/\/uelzener.de\/magazin\/wp-json\/wp\/v2\/types\/page"}],"author":[{"embeddable":true,"href":"https:\/\/uelzener.de\/magazin\/wp-json\/wp\/v2\/users\/11"}],"replies":[{"embeddable":true,"href":"https:\/\/uelzener.de\/magazin\/wp-json\/wp\/v2\/comments?post=14453"}],"version-history":[{"count":20,"href":"https:\/\/uelzener.de\/magazin\/wp-json\/wp\/v2\/pages\/14453\/revisions"}],"predecessor-version":[{"id":19425,"href":"https:\/\/uelzener.de\/magazin\/wp-json\/wp\/v2\/pages\/14453\/revisions\/19425"}],"up":[{"embeddable":true,"href":"https:\/\/uelzener.de\/magazin\/wp-json\/wp\/v2\/pages\/11687"}],"wp:featuredmedia":[{"embeddable":true,"href":"https:\/\/uelzener.de\/magazin\/wp-json\/wp\/v2\/media\/14482"}],"wp:attachment":[{"href":"https:\/\/uelzener.de\/magazin\/wp-json\/wp\/v2\/media?parent=14453"}],"curies":[{"name":"wp","href":"https:\/\/api.w.org\/{rel}","templated":true}]}}