{"id":14439,"date":"2022-11-24T10:02:59","date_gmt":"2022-11-24T09:02:59","guid":{"rendered":"https:\/\/uelzener.de\/magazin\/?page_id=14439"},"modified":"2025-11-13T11:43:27","modified_gmt":"2025-11-13T10:43:27","slug":"katzenminze-wirkung-auf-katzen","status":"publish","type":"page","link":"https:\/\/uelzener.de\/magazin\/katze\/haeufige-fragen\/katzenminze-wirkung-auf-katzen\/","title":{"rendered":"Katzenminze: Welche Wirkung hat sie auf Katzen?"},"content":{"rendered":"<p>Die Katzenminze ruft bei Katzen ganz unterschiedliche Reaktionen hervor. Auf viele Katzen wirkt sie anregend und aktivierend. Andere wiederum werden nur sanft stimuliert. Und manch einen Stubentiger scheint der f\u00fcr andere so bet\u00f6rende Duft v\u00f6llig unbeeindruckt zu lassen. Damit du und deine Samtpfote nicht von der Wirkung \u00fcberrascht werden, probier am besten vorsichtig aus, wie sie sich im Kontakt mit Katzenminze verh\u00e4lt. Dann steht einem bewussten und wirkungsvollen Einsatz der Katzenminze nichts mehr im Wege.<\/p>\n<h2>Was macht Katzenminze mit Katzen?<\/h2>\n<p>Die allermeisten Katzen reagieren recht deutlich auf den Geruch der Katzenminze. Dabei kann die Reaktion sehr unterschiedlich ausfallen. Von euphorisierend bis hin zu beruhigend l\u00e4sst sich alles beobachten. Zumeist dauert die Reaktion ca. 5 bis 30 Minuten an. Danach verfliegt die Wirkung wieder.<\/p>\n<p>Bei einer euphorisierenden Wirkung kann es passieren, dass deine Katze sich an der Katzenminze reibt, sich versucht darin zu w\u00e4lzen. Au\u00dferdem knabbern viele Katzen gerne an Katzenminze. Wirkt die Katzenminze auf deine Katze, wirst du beobachten k\u00f6nnen, dass deine Katze rasch einen starken Bewegungsdrang entwickelt. Sie klettert oder spielt dann besonders gerne.<\/p>\n<p>Bei einem Teil der vierbeinigen Freundinnen wirkt Katzenminze eher sedierend. Die Katze wird schl\u00e4frig und m\u00fcde. Andere Katzen wiederum reagieren kaum oder gar nicht auf die Katzenminze. Dies sind zumeist sehr junge oder ausgesprochen alte Katzen. Voraussagen l\u00e4sst sich die Wirkung nicht. Daher musst du als Katzenhalter:in ausprobieren, wie es sich mit deiner Katze verh\u00e4lt. Du siehst: Katzenminze l\u00e4sst sich gezielt einsetzen, um deine Katze beispielsweise zum Spielen anzuregen oder sie zu beruhigen und zu entspannen.<\/p>\n<h2>Welche Wirkstoffe stecken in Katzenkraut?<\/h2>\n<p>Doch was ist Katzenminze \u00fcberhaupt? Katzenminze ist eine Pflanzengattung, zu der \u00fcber 180 Stauden-Arten geh\u00f6ren. In unseren Breiten findet man jedoch nur ca. 20 Arten. Man kennt sie auch unter dem Namen Katzenmelisse, Katzenkraut, Nepeta cataria oder Catnip. Sie geh\u00f6rt zu den <a href=\"https:\/\/uelzener.de\/magazin\/katze\/tiergesundheit\/giftige-pflanzen-fuer-katzen\/\">ungiftigen Pflanzen f\u00fcr Katzen<\/a>. Es gibt Katzenminze mit violetten, blauen, wei\u00dfen oder rosafarbenen Bl\u00fcten. Die Pflanzen selbst wachsen bis zu 1,40 m hoch. Katzenminze w\u00e4chst in der Natur oder wird vielfach als dekorative Pflanze in G\u00e4rten eingesetzt.<\/p>\n<p>Die \u00e4therischen \u00d6le der Katzenminze sind f\u00fcr die zum Teil sehr starken Reaktionen der Katzen verantwortlich. Darunter sind Nepetalacton und Actinidin die wichtigsten Stoffe. Actinidin findet man auch im Baldrian, auf den Katzen bekannterma\u00dfen ebenfalls sehr stark reagieren.<\/p>\n<h2>Wie oft kann man Katzen Catnip geben?<\/h2>\n<p>Achte darauf, Catnip nicht zu h\u00e4ufig zu geben. Zwei- bis dreimal die Woche ist ein guter Richtwert. Denn so gew\u00f6hnt sich deine Katze nicht an die Katzenminze und wird auch zuk\u00fcnftig darauf reagieren.<\/p>\n<p>Katzenminze kannst du in vielf\u00e4ltiger Weise anwenden. Die anregende Wirkung nutzt man beispielsweise, um eine Katze leichter in eine Transportbox zu locken. Oder du regst deine Katze mithilfe von Catnip zum Spielen an. Wenn du zum Beispiel deine <a href=\"https:\/\/uelzener.de\/magazin\/katze\/haltung\/wohnungskatze-beschaeftigen\/\">Wohnungskatze besch\u00e4ftigen<\/a> m\u00f6chtest, ist Catnip ein gutes Hilfsmittel.<\/p>\n<p>Praktischerweise kannst du Catnip in allen m\u00f6glichen Varianten kaufen:<\/p>\n<ul>\n<li>Katzenspielzeug, das mit Katzenminze gef\u00fcllt ist, beziehungsweise sogar wiederbef\u00fcllbar ist. Der Vorteil: Wenn deine Katze ein Weilchen mit dem Spielzeug verbracht hat, kannst du es ganz leicht in einer luftdichtverschlossenen Box aufheben und ein paar Tage sp\u00e4ter wieder hervorholen. So vermeidest du einen Gew\u00f6hnungseffekt.<\/li>\n<li>Kr\u00e4utermischungen, die die getrocknete Katzenminze enthalten. Diese kannst du regelm\u00e4\u00dfig gezielt dosiert verabreichen, um deine Katze anzuregen bzw. in die Entspannung zu bringen.<\/li>\n<li>Leckerlies mit Katzenminze. Diese eignen sich, wenn du deine Katze motivieren m\u00f6chtest, in die Katzentransportbox zu gehen oder zu mehr Bewegung anregen m\u00f6chtest.<\/li>\n<li>Spray mit dem Duft der Katzenminze. Damit lassen sich Gegenst\u00e4nde individuell mit dem Duft versehen. Du kannst also selbst Katzenminze-Spielzeug herstellen.<\/li>\n<li>Futter mit Katzenminze, mit dem du deine Katze bequem im Rahmen des \u00fcblichen Futters mit Katzenminze versorgen kannst. Beispielsweise, um sie regelm\u00e4\u00dfig zu stimulieren oder zu beruhigen.<\/li>\n<\/ul>\n<p>Du siehst, es gibt viele verschiedene M\u00f6glichkeiten, die Katzenminze einzusetzen. Dadurch bist du sehr flexibel darin, sie zum Wohle deiner Katze zu nutzen. Doch kannst du sicher sein, dass Katzenminze auch bei deiner Katze wirken wird?<\/p>\n<h2>Wirkt Katzenminze auf alle Katzen?<\/h2>\n<p>Erstaunlicherweise wirkt Katzenminze nicht auf alle Katzen. Gerade bei sehr jungen und sehr alten Katzen kommt es immer wieder vor, dass Katzenminze keine oder nur eine sehr verhaltene Reaktion ausl\u00f6st. Zur r\u00e4tselhaften Wirkung von Katzenminze geh\u00f6rt auch, dass sie nicht bei allen Katzen \u00e4hnlich wirkt. Ihre Wirkungen k\u00f6nnen geradezu paradox sein. Der eine Stubentiger dreht bei Katzenminze richtig auf und der andere wird ganz ruhig und entspannt. Probier aus, wie es sich bei deinem Liebling verh\u00e4lt. Reagiert er sehr stark, verbanne Katzenminze lieber aus eurer Wohnung. Ansonsten freu dich \u00fcber die vielen M\u00f6glichkeiten, die dir die Katzenminze bietet.<\/p>\n<h2>FAQ: H\u00e4ufig gestellte Fragen<\/h2>\n<h3>Wie lange darf eine Katze mit Catnip spielen?<\/h3>\n<p>Du bestimmst idealerweise sehr bewusst, wie lange deine Katze mit Catnip spielen darf. Begrenzt du den Zeitraum nicht, wird deine Katze wom\u00f6glich \u00fcberstimuliert. Sie kann dadurch nerv\u00f6s und gestresst werden. Ein guter Richtwert sind Phasen von 15 bis 20 Minuten, etwa zwei bis dreimal die Woche. In diesem Rahmen ist die Wahrscheinlichkeit sehr gro\u00df, dass deine Katze von der Wirkung der Katzenminze profitiert und sie sich nicht zu sehr daran gew\u00f6hnt.<\/p>\n<h3>D\u00fcrfen Katzen Katzenminze essen?<\/h3>\n<p>H\u00e4ufig knabbern Katzen an der Katzenminze. In kleinen Mengen ist das \u00fcberhaupt kein Problem. Bei gr\u00f6\u00dferen Mengen droht eine Magenverstimmung. Achte daher darauf, dass deine Katze nicht zu viel Katzenminze verspeist. Falls deine Katze sehr positiv auf Katzenminze reagiert, kannst du auch spezielles Futter, das Katzenminze enth\u00e4lt, kaufen. Aber auch hier solltest du auf die Mengen achten. Sonst tritt eine Gew\u00f6hnung ein und du verlierst den positiven Nutzen, den die Katzenminze f\u00fcr dich und deine Katze hat.<\/p>\n<h3>Ist die Nepeta cataria gef\u00e4hrlich f\u00fcr Katzen?<\/h3>\n<p>Nepeta cataria, wie Katzenminze auch genannt wird, ist grunds\u00e4tzlich erst einmal ungef\u00e4hrlich f\u00fcr deine Katze. Du solltest in der Anwendung jedoch ein paar Dinge ber\u00fccksichtigen. Probier zun\u00e4chst am besten aus, wie stark deine Katze auf Nepeta cataria reagiert. Ist die Reaktion sehr stark, entscheide dich lieber dagegen, deiner Katze Katzenminze anzubieten.<\/p>\n<p>Aber auch bei einer moderaten oder auch erw\u00fcnschten etwas st\u00e4rkeren Reaktion solltest du aufmerksam bleiben. Begrenze die Zeit, in der deine Katze Zugang zu Katzenminze hat. Sonst wird sie wom\u00f6glich zu stark angeregt. Dadurch kann deine Katze unter Stress geraten und unter Unruhe leiden.<\/p>\n","protected":false},"excerpt":{"rendered":"<p>Die Katzenminze ruft bei Katzen ganz unterschiedliche Reaktionen hervor. Auf viele Katzen wirkt sie anregend und aktivierend. Andere wiederum werden nur sanft stimuliert. Und manch einen Stubentiger scheint der f\u00fcr andere so bet\u00f6rende Duft v\u00f6llig unbeeindruckt zu lassen. Damit du und deine Samtpfote nicht von der Wirkung \u00fcberrascht werden, probier am besten vorsichtig aus, wie [&hellip;]<\/p>\n","protected":false},"author":11,"featured_media":14440,"parent":11691,"menu_order":15,"comment_status":"closed","ping_status":"closed","template":"templates\/blog.php","meta":{"_acf_changed":false,"_crdt_document":"","footnotes":"","beyondwords_generate_audio":"","beyondwords_project_id":"","beyondwords_content_id":"","beyondwords_preview_token":"","beyondwords_player_style":"","beyondwords_language_id":"","beyondwords_title_voice_id":"","beyondwords_body_voice_id":"","beyondwords_summary_voice_id":"","beyondwords_error_message":"","beyondwords_disabled":"","beyondwords_delete_content":"","beyondwords_podcast_id":"","beyondwords_hash":"","publish_post_to_speechkit":"","speechkit_hash":"","speechkit_generate_audio":"","speechkit_project_id":"","speechkit_podcast_id":"","speechkit_error_message":"","speechkit_disabled":"","speechkit_access_key":"","speechkit_error":"","speechkit_info":"","speechkit_response":"","speechkit_retries":"","speechkit_status":"","speechkit_updated_at":"","_speechkit_link":"","_speechkit_text":""},"class_list":["post-14439","page","type-page","status-publish","has-post-thumbnail","hentry"],"acf":[],"yoast_head":"<!-- This site is optimized with the Yoast SEO Premium plugin  - https:\/\/yoast.com\/product\/yoast-seo-premium-wordpress\/ -->\n<title>Katzenminze: Welche Wirkung hat sie auf Katzen? | Uelzener Magazin<\/title>\n<meta name=\"description\" content=\"Katzenminze richtig einsetzen. Darauf solltest du achten, um die bestm\u00f6gliche Wirkung f\u00fcr deine Katze zu erzielen.\" \/>\n<meta name=\"robots\" content=\"index, follow, max-snippet:-1, max-image-preview:large, max-video-preview:-1\" \/>\n<link rel=\"canonical\" href=\"https:\/\/uelzener.de\/magazin\/katze\/haeufige-fragen\/katzenminze-wirkung-auf-katzen\/\" \/>\n<meta property=\"og:locale\" content=\"de_DE\" \/>\n<meta property=\"og:type\" content=\"article\" \/>\n<meta property=\"og:title\" content=\"Katzenminze: Welche Wirkung hat sie auf Katzen?\" \/>\n<meta property=\"og:description\" content=\"Katzenminze richtig einsetzen. Darauf solltest du achten, um die bestm\u00f6gliche Wirkung f\u00fcr deine Katze zu erzielen.\" \/>\n<meta property=\"og:url\" content=\"https:\/\/uelzener.de\/magazin\/katze\/haeufige-fragen\/katzenminze-wirkung-auf-katzen\/\" \/>\n<meta property=\"og:site_name\" content=\"Uelzener Tier-Magazin\" \/>\n<meta property=\"article:publisher\" content=\"https:\/\/www.facebook.com\/Uelzener\" \/>\n<meta property=\"article:modified_time\" content=\"2025-11-13T10:43:27+00:00\" \/>\n<meta property=\"og:image\" content=\"https:\/\/uelzener.de\/magazin\/app\/uploads\/2022\/11\/katze-mit-katzenminze.jpg\" \/>\n\t<meta property=\"og:image:width\" content=\"1025\" \/>\n\t<meta property=\"og:image:height\" content=\"450\" \/>\n\t<meta property=\"og:image:type\" content=\"image\/jpeg\" \/>\n<meta name=\"twitter:card\" content=\"summary_large_image\" \/>\n<meta name=\"twitter:label1\" content=\"Gesch\u00e4tzte Lesezeit\" \/>\n\t<meta name=\"twitter:data1\" content=\"6\u00a0Minuten\" \/>\n<script type=\"application\/ld+json\" class=\"yoast-schema-graph\">{\"@context\":\"https:\/\/schema.org\",\"@graph\":[{\"@type\":\"WebPage\",\"@id\":\"https:\/\/uelzener.de\/magazin\/katze\/haeufige-fragen\/katzenminze-wirkung-auf-katzen\/\",\"url\":\"https:\/\/uelzener.de\/magazin\/katze\/haeufige-fragen\/katzenminze-wirkung-auf-katzen\/\",\"name\":\"Katzenminze: Welche Wirkung hat sie auf Katzen? | Uelzener Magazin\",\"isPartOf\":{\"@id\":\"https:\/\/uelzener.de\/magazin\/#website\"},\"primaryImageOfPage\":{\"@id\":\"https:\/\/uelzener.de\/magazin\/katze\/haeufige-fragen\/katzenminze-wirkung-auf-katzen\/#primaryimage\"},\"image\":{\"@id\":\"https:\/\/uelzener.de\/magazin\/katze\/haeufige-fragen\/katzenminze-wirkung-auf-katzen\/#primaryimage\"},\"thumbnailUrl\":\"https:\/\/uelzener.de\/magazin\/app\/uploads\/2022\/11\/katze-mit-katzenminze.jpg\",\"datePublished\":\"2022-11-24T09:02:59+00:00\",\"dateModified\":\"2025-11-13T10:43:27+00:00\",\"description\":\"Katzenminze richtig einsetzen. Darauf solltest du achten, um die bestm\u00f6gliche Wirkung f\u00fcr deine Katze zu erzielen.\",\"breadcrumb\":{\"@id\":\"https:\/\/uelzener.de\/magazin\/katze\/haeufige-fragen\/katzenminze-wirkung-auf-katzen\/#breadcrumb\"},\"inLanguage\":\"de\",\"potentialAction\":[{\"@type\":\"ReadAction\",\"target\":[\"https:\/\/uelzener.de\/magazin\/katze\/haeufige-fragen\/katzenminze-wirkung-auf-katzen\/\"]}]},{\"@type\":\"ImageObject\",\"inLanguage\":\"de\",\"@id\":\"https:\/\/uelzener.de\/magazin\/katze\/haeufige-fragen\/katzenminze-wirkung-auf-katzen\/#primaryimage\",\"url\":\"https:\/\/uelzener.de\/magazin\/app\/uploads\/2022\/11\/katze-mit-katzenminze.jpg\",\"contentUrl\":\"https:\/\/uelzener.de\/magazin\/app\/uploads\/2022\/11\/katze-mit-katzenminze.jpg\",\"width\":1025,\"height\":450,\"caption\":\"Eine rote Katze schleckt an frischer Katzenminze. Welche Wirkung hat die Pflanze auf Katzen?\"},{\"@type\":\"WebSite\",\"@id\":\"https:\/\/uelzener.de\/magazin\/#website\",\"url\":\"https:\/\/uelzener.de\/magazin\/\",\"name\":\"Uelzener Tiermagazin\",\"description\":\"Online Tierratgeber der Uelzener Versicherungen\",\"publisher\":{\"@id\":\"https:\/\/uelzener.de\/magazin\/#organization\"},\"potentialAction\":[{\"@type\":\"SearchAction\",\"target\":{\"@type\":\"EntryPoint\",\"urlTemplate\":\"https:\/\/uelzener.de\/magazin\/?s={search_term_string}\"},\"query-input\":{\"@type\":\"PropertyValueSpecification\",\"valueRequired\":true,\"valueName\":\"search_term_string\"}}],\"inLanguage\":\"de\"},{\"@type\":\"Organization\",\"@id\":\"https:\/\/uelzener.de\/magazin\/#organization\",\"name\":\"Uelzener Versicherungen\",\"url\":\"https:\/\/uelzener.de\/magazin\/\",\"logo\":{\"@type\":\"ImageObject\",\"inLanguage\":\"de\",\"@id\":\"https:\/\/uelzener.de\/magazin\/#\/schema\/logo\/image\/\",\"url\":\"https:\/\/uelzener.de\/magazin\/app\/uploads\/2024\/11\/uelzener_allgemeine_versicherungsgesellschaft_a_g_logo.jpg\",\"contentUrl\":\"https:\/\/uelzener.de\/magazin\/app\/uploads\/2024\/11\/uelzener_allgemeine_versicherungsgesellschaft_a_g_logo.jpg\",\"width\":200,\"height\":200,\"caption\":\"Uelzener Versicherungen\"},\"image\":{\"@id\":\"https:\/\/uelzener.de\/magazin\/#\/schema\/logo\/image\/\"},\"sameAs\":[\"https:\/\/www.facebook.com\/Uelzener\",\"https:\/\/instagram.com\/uelzener\",\"https:\/\/www.xing.com\/pages\/uelzenerallgemeineversicherungs-gesellschafta-g\",\"https:\/\/www.youtube.com\/UelzenerVersicherungen\"]}]}<\/script>\n<!-- \/ Yoast SEO Premium plugin. -->","yoast_head_json":{"title":"Katzenminze: Welche Wirkung hat sie auf Katzen? | Uelzener Magazin","description":"Katzenminze richtig einsetzen. Darauf solltest du achten, um die bestm\u00f6gliche Wirkung f\u00fcr deine Katze zu erzielen.","robots":{"index":"index","follow":"follow","max-snippet":"max-snippet:-1","max-image-preview":"max-image-preview:large","max-video-preview":"max-video-preview:-1"},"canonical":"https:\/\/uelzener.de\/magazin\/katze\/haeufige-fragen\/katzenminze-wirkung-auf-katzen\/","og_locale":"de_DE","og_type":"article","og_title":"Katzenminze: Welche Wirkung hat sie auf Katzen?","og_description":"Katzenminze richtig einsetzen. Darauf solltest du achten, um die bestm\u00f6gliche Wirkung f\u00fcr deine Katze zu erzielen.","og_url":"https:\/\/uelzener.de\/magazin\/katze\/haeufige-fragen\/katzenminze-wirkung-auf-katzen\/","og_site_name":"Uelzener Tier-Magazin","article_publisher":"https:\/\/www.facebook.com\/Uelzener","article_modified_time":"2025-11-13T10:43:27+00:00","og_image":[{"width":1025,"height":450,"url":"https:\/\/uelzener.de\/magazin\/app\/uploads\/2022\/11\/katze-mit-katzenminze.jpg","type":"image\/jpeg"}],"twitter_card":"summary_large_image","twitter_misc":{"Gesch\u00e4tzte Lesezeit":"6\u00a0Minuten"},"schema":{"@context":"https:\/\/schema.org","@graph":[{"@type":"WebPage","@id":"https:\/\/uelzener.de\/magazin\/katze\/haeufige-fragen\/katzenminze-wirkung-auf-katzen\/","url":"https:\/\/uelzener.de\/magazin\/katze\/haeufige-fragen\/katzenminze-wirkung-auf-katzen\/","name":"Katzenminze: Welche Wirkung hat sie auf Katzen? | Uelzener Magazin","isPartOf":{"@id":"https:\/\/uelzener.de\/magazin\/#website"},"primaryImageOfPage":{"@id":"https:\/\/uelzener.de\/magazin\/katze\/haeufige-fragen\/katzenminze-wirkung-auf-katzen\/#primaryimage"},"image":{"@id":"https:\/\/uelzener.de\/magazin\/katze\/haeufige-fragen\/katzenminze-wirkung-auf-katzen\/#primaryimage"},"thumbnailUrl":"https:\/\/uelzener.de\/magazin\/app\/uploads\/2022\/11\/katze-mit-katzenminze.jpg","datePublished":"2022-11-24T09:02:59+00:00","dateModified":"2025-11-13T10:43:27+00:00","description":"Katzenminze richtig einsetzen. Darauf solltest du achten, um die bestm\u00f6gliche Wirkung f\u00fcr deine Katze zu erzielen.","breadcrumb":{"@id":"https:\/\/uelzener.de\/magazin\/katze\/haeufige-fragen\/katzenminze-wirkung-auf-katzen\/#breadcrumb"},"inLanguage":"de","potentialAction":[{"@type":"ReadAction","target":["https:\/\/uelzener.de\/magazin\/katze\/haeufige-fragen\/katzenminze-wirkung-auf-katzen\/"]}]},{"@type":"ImageObject","inLanguage":"de","@id":"https:\/\/uelzener.de\/magazin\/katze\/haeufige-fragen\/katzenminze-wirkung-auf-katzen\/#primaryimage","url":"https:\/\/uelzener.de\/magazin\/app\/uploads\/2022\/11\/katze-mit-katzenminze.jpg","contentUrl":"https:\/\/uelzener.de\/magazin\/app\/uploads\/2022\/11\/katze-mit-katzenminze.jpg","width":1025,"height":450,"caption":"Eine rote Katze schleckt an frischer Katzenminze. Welche Wirkung hat die Pflanze auf Katzen?"},{"@type":"WebSite","@id":"https:\/\/uelzener.de\/magazin\/#website","url":"https:\/\/uelzener.de\/magazin\/","name":"Uelzener Tiermagazin","description":"Online Tierratgeber der Uelzener Versicherungen","publisher":{"@id":"https:\/\/uelzener.de\/magazin\/#organization"},"potentialAction":[{"@type":"SearchAction","target":{"@type":"EntryPoint","urlTemplate":"https:\/\/uelzener.de\/magazin\/?s={search_term_string}"},"query-input":{"@type":"PropertyValueSpecification","valueRequired":true,"valueName":"search_term_string"}}],"inLanguage":"de"},{"@type":"Organization","@id":"https:\/\/uelzener.de\/magazin\/#organization","name":"Uelzener Versicherungen","url":"https:\/\/uelzener.de\/magazin\/","logo":{"@type":"ImageObject","inLanguage":"de","@id":"https:\/\/uelzener.de\/magazin\/#\/schema\/logo\/image\/","url":"https:\/\/uelzener.de\/magazin\/app\/uploads\/2024\/11\/uelzener_allgemeine_versicherungsgesellschaft_a_g_logo.jpg","contentUrl":"https:\/\/uelzener.de\/magazin\/app\/uploads\/2024\/11\/uelzener_allgemeine_versicherungsgesellschaft_a_g_logo.jpg","width":200,"height":200,"caption":"Uelzener Versicherungen"},"image":{"@id":"https:\/\/uelzener.de\/magazin\/#\/schema\/logo\/image\/"},"sameAs":["https:\/\/www.facebook.com\/Uelzener","https:\/\/instagram.com\/uelzener","https:\/\/www.xing.com\/pages\/uelzenerallgemeineversicherungs-gesellschafta-g","https:\/\/www.youtube.com\/UelzenerVersicherungen"]}]}},"_links":{"self":[{"href":"https:\/\/uelzener.de\/magazin\/wp-json\/wp\/v2\/pages\/14439","targetHints":{"allow":["GET"]}}],"collection":[{"href":"https:\/\/uelzener.de\/magazin\/wp-json\/wp\/v2\/pages"}],"about":[{"href":"https:\/\/uelzener.de\/magazin\/wp-json\/wp\/v2\/types\/page"}],"author":[{"embeddable":true,"href":"https:\/\/uelzener.de\/magazin\/wp-json\/wp\/v2\/users\/11"}],"replies":[{"embeddable":true,"href":"https:\/\/uelzener.de\/magazin\/wp-json\/wp\/v2\/comments?post=14439"}],"version-history":[{"count":5,"href":"https:\/\/uelzener.de\/magazin\/wp-json\/wp\/v2\/pages\/14439\/revisions"}],"predecessor-version":[{"id":19477,"href":"https:\/\/uelzener.de\/magazin\/wp-json\/wp\/v2\/pages\/14439\/revisions\/19477"}],"up":[{"embeddable":true,"href":"https:\/\/uelzener.de\/magazin\/wp-json\/wp\/v2\/pages\/11691"}],"wp:featuredmedia":[{"embeddable":true,"href":"https:\/\/uelzener.de\/magazin\/wp-json\/wp\/v2\/media\/14440"}],"wp:attachment":[{"href":"https:\/\/uelzener.de\/magazin\/wp-json\/wp\/v2\/media?parent=14439"}],"curies":[{"name":"wp","href":"https:\/\/api.w.org\/{rel}","templated":true}]}}