{"id":14418,"date":"2022-11-24T08:27:22","date_gmt":"2022-11-24T07:27:22","guid":{"rendered":"https:\/\/uelzener.de\/magazin\/?page_id=14418"},"modified":"2025-11-13T11:49:12","modified_gmt":"2025-11-13T10:49:12","slug":"haben-katzen-eine-urwampe","status":"publish","type":"page","link":"https:\/\/uelzener.de\/magazin\/katze\/haeufige-fragen\/haben-katzen-eine-urwampe\/","title":{"rendered":"Haben Katzen eine Urwampe?"},"content":{"rendered":"<p>Die Urwampe. Sie bezeichnet die herabh\u00e4ngende Hautfalte am Bauch vieler Katzen. Im Englischsprachigen bezeichnet man die Urwampe mit dem charmanten Ausdruck \u201eprimordial pouch\u201c, was sich mit \u201eurspr\u00fcnglichem T\u00e4schchen\u201c \u00fcbersetzen l\u00e4sst. Daneben finden sich im Deutschsprachigen weniger aparte Bezeichnungen wie zum Beispiel Schwabbelbauch, H\u00e4ngebauch oder Bauchlappen.<\/p>\n<h2>Woher kommt der Ausdruck Urwampe?<\/h2>\n<p>Die Urwampe ist ein anatomisches Merkmal, das evolution\u00e4r bedingt ist. Daher auch der Begriff Urwampe. Es gab sie schon bei Katzen fr\u00fcherer Zeiten. Die h\u00e4ngende Partie \u00fcbersch\u00fcssiger Haut finden wir ebenfalls bei wildlebenden Katzen, wie zum Beispiel L\u00f6wen oder Tigern. Je nach Rasse kann der Urbeutel unterschiedlich stark ausgepr\u00e4gt sein. Besonders markant f\u00e4llt die Urwampe bei der \u00c4gyptische Mau und der Bengalkatze aus.<\/p>\n<h2>Wo befindet sich die Urwampe und wie sieht sie aus?<\/h2>\n<p>Die Urwampe kannst du leicht erkennen. Sie beginnt bei den Hinterbeinen und h\u00e4ngt nach vorne hin durch. Sie sieht wie \u00fcbersch\u00fcssige durchh\u00e4nge Haut aus. Man k\u00f6nnte fast meinen, dass die Haut an dieser Stelle nach einem fachtier\u00e4rztlichen Eingriff nicht wieder richtig zusammengen\u00e4ht worden sei. Dabei erf\u00fcllt diese anatomische Besonderheit h\u00f6chst n\u00fctzliche Aufgaben.<\/p>\n<h2>Funktionen des Urbeutels<\/h2>\n<p>Der Urbeutel hat drei wichtige Funktionen. Eine davon ist f\u00fcr die heute von uns zumeist gut versorgten Stubentiger eigentlich \u00fcberfl\u00fcssig. Drei Funktionen haben allerdings auch heute noch eine gro\u00dfe Bedeutung f\u00fcr unsere vierbeinigen Freundinnen.<\/p>\n<p>Der Urbeutel:<\/p>\n<ul>\n<li>sch\u00fctzt die inneren Organe vor Verletzungen<\/li>\n<li>dient als Energiespeicher f\u00fcr \u201eschlechte Zeiten\u201c<\/li>\n<li>sorgt f\u00fcr extrem gute Beweglichkeit<\/li>\n<\/ul>\n<p>Was bedeutet dies im Einzelnen?<\/p>\n<h3>Anatomischer Schutz<\/h3>\n<p>Eine gro\u00dfe praktische Bedeutung der Urwampe liegt in dem Schutz f\u00fcr die inneren Organe. Gerade im Bauchbereich sind Katzen sehr verwundbar. Dort drohen empfindliche Verletzungen der lebensnotwendigen inneren Organe des Vierbeiners. Besonders f\u00fcr Freig\u00e4ngerkatzen ist die Funktion des Urbeutels daher wichtig. Sind sie doch \u00f6fter in heftige K\u00e4mpfe verwickelt. Dabei spielt die Urwampe mitunter eine entscheidende Rolle beim Schutz vor lebensgef\u00e4hrlichen Verletzungen.<\/p>\n<h3>Energielager<\/h3>\n<p>Neben der Schutzfunktion kann die Urwampe als Energiespeicher dienen. Wissenschaftler vermuten, dass die Ausbildung der \u00fcbersch\u00fcssigen Haut eine h\u00f6chst sinnvolle evolution\u00e4re Entwicklung war. In fr\u00fcheren Zeiten lebten Katzen in freier Wildbahn und versorgten sich ausschlie\u00dflich durch die Jagd. Sie waren darauf angewiesen, bei erfolgreicher Jagd so viel Futter wie m\u00f6glich aufzunehmen, um so ausreichend Energie f\u00fcr entbehrungsreichere Zeiten zu speichern.<\/p>\n<p>Unterst\u00fctzt wird diese Annahme durch die gleiche anatomische Besonderheit bei heute noch lebenden Wildkatzen, wie zum Beispiel L\u00f6wen oder Tigern. Diese sind auch heutzutage darauf angewiesen, f\u00fcr schwierigere Zeiten vorzusorgen.<\/p>\n<h3>Agilit\u00e4t<\/h3>\n<p>Katzen sind sehr beweglich. Eine straffe Haut w\u00fcrde sie in dieser Beweglichkeit einschr\u00e4nken. Die \u00fcbersch\u00fcssige Haut des Urbeutels sorgt daf\u00fcr, dass Katzen sich ganz bequem so weit bewegen wie Muskulatur und Knochenbau es zulassen.<\/p>\n<p>Anstatt kritisch auf die Urwampe zu schauen, sollte man also vielmehr dankbar sein. Denn dein Stubentiger wird durch die Urwampe vor schweren Verletzungen gesch\u00fctzt und kann sich auch noch freier bewegen.<\/p>\n\n<div class=\"related_articles boxed\">\n    <h2>Mehr zum Thema<\/h2>\n    \n    <div class=\"wrapper\"><div class=\"title align-center\"><h3><a href=\"https:\/\/uelzener.de\/magazin\/katze\/rasseportrait\/die-aegyptische-mau-eine-liebevolles-energiebuendel\/\">Die \u00c4gyptische Mau: Eine liebevolles Energieb\u00fcndel<\/a><\/h3><\/div><div class=\"img align-center\"><img decoding=\"async\" width=\"315\" height=\"180\" src=\"https:\/\/uelzener.de\/magazin\/app\/uploads\/2025\/03\/aegyptische_Mau-315x180.jpg\" class=\"attachment-315x180 size-315x180 wp-post-image\" alt=\"Auf dem Foto ist eine aegyptische Mau Katze zu sehen. Sie liegt auf einem Schrank und sonnt sich etwas\" \/><\/div><\/div><div class=\"wrapper\"><div class=\"title align-center\"><h3><a href=\"https:\/\/uelzener.de\/magazin\/katze\/haeufige-fragen\/wildkatze\/\">Wildkatzen in Europa und Deutschland<\/a><\/h3><\/div><div class=\"img align-center\"><img decoding=\"async\" width=\"315\" height=\"180\" src=\"https:\/\/uelzener.de\/magazin\/app\/uploads\/2023\/12\/wildkatze-315x180.jpg\" class=\"attachment-315x180 size-315x180 wp-post-image\" alt=\"Eine Europ\u00e4ische Wildkatze im Wald.\" \/><\/div><\/div><div class=\"wrapper\"><div class=\"title align-center\"><h3><a href=\"https:\/\/uelzener.de\/magazin\/katze\/rasseportrait\/bengal-katze-leopard\/\">Bengalkatze: Leopard im Wohnzimmer<\/a><\/h3><\/div><div class=\"img align-center\"><img decoding=\"async\" width=\"315\" height=\"180\" src=\"https:\/\/uelzener.de\/magazin\/app\/uploads\/2019\/06\/2a65067b-5cd0-4e62-9e21-68ff6bd29894-315x180.jpg\" class=\"attachment-315x180 size-315x180 wp-post-image\" alt=\"Bengalkatze sitzt auf einem Baumstamm vor gr\u00fcnem Hintergrund.\" srcset=\"https:\/\/uelzener.de\/magazin\/app\/uploads\/2019\/06\/2a65067b-5cd0-4e62-9e21-68ff6bd29894-315x180.jpg 315w, https:\/\/uelzener.de\/magazin\/app\/uploads\/2019\/06\/2a65067b-5cd0-4e62-9e21-68ff6bd29894-650x369.jpg 650w\" sizes=\"(max-width: 315px) 100vw, 315px\" \/><\/div><\/div><\/div>\n\n<h2>H\u00e4ngebauch nach einer Kastration<\/h2>\n<p>Nach einer Kastration beobachtet man h\u00e4ufig, dass der Bauch gr\u00f6\u00dfer wird. Dabei ist nicht der chirurgische Eingriff daf\u00fcr verantwortlich. Es sind die Folgen der Kastration, die zu einer vergr\u00f6\u00dferten Urwampe f\u00fchren k\u00f6nnen. Aufgrund der Kastration kommt es n\u00e4mlich zu hormonellen Ver\u00e4nderungen. Diese k\u00f6nnen wiederum eine Schw\u00e4chung des Bindegewebes zur Folge haben, die sich dann in einem st\u00e4rker h\u00e4ngenden Bauch \u00e4u\u00dfert. Kastrierte Katzen neigen also zu einem st\u00e4rkeren H\u00e4ngebauch. Allerdings ist nicht die Kastration die Ursache f\u00fcr eine vergr\u00f6\u00dferte Urwampe, sondern eben die damit einhergehenden hormonellen Ver\u00e4nderungen.<\/p>\n<p>Hinzu kommt, dass kastrierte Stubentiger h\u00e4ufiger weniger bewegungslustig sind. Das liegt an einer durch die Kastration verursachte Stoffwechselver\u00e4nderung. Wer sich passiver verh\u00e4lt, aber gleich viel oder sogar mehr Nahrung zu sich nimmt, wird an Gewicht zulegen.<\/p>\n<p>Vermehrter Hunger ist ebenfalls ein Effekt der Stoffwechselver\u00e4nderungen nach einer <a href=\"https:\/\/uelzener.de\/magazin\/katze\/tiergesundheit\/kastration-katze-und-kater\/\">Kastration bei Katzen<\/a>. Beides: Weniger Bewegung und vermehrter Hunger f\u00fchren bei kastrierten Katzen h\u00e4ufig zu einer Gewichtszunahme, die sich als Vergr\u00f6\u00dferung der Urwampe auswirken kann.<\/p>\n<h2>Wann ist ein Schwabbelbauch keine Urwampe<\/h2>\n<p>Hinter einer vermeintlichen Urwampe k\u00f6nnen sich auch \u00dcbergewicht oder Krankheiten verbergen. Du solltest skeptisch werden, wenn sich die Urwampe deiner Katze ver\u00e4ndert. Wenn sie merklich dicker wird oder du vielleicht sogar Ver\u00e4nderungen ertasten kannst, solltest du mit deinem Stubentiger tier\u00e4rztliche Beratung aufsuchen.<\/p>\n","protected":false},"excerpt":{"rendered":"<p>Die Urwampe. Sie bezeichnet die herabh\u00e4ngende Hautfalte am Bauch vieler Katzen. Im Englischsprachigen bezeichnet man die Urwampe mit dem charmanten Ausdruck \u201eprimordial pouch\u201c, was sich mit \u201eurspr\u00fcnglichem T\u00e4schchen\u201c \u00fcbersetzen l\u00e4sst. Daneben finden sich im Deutschsprachigen weniger aparte Bezeichnungen wie zum Beispiel Schwabbelbauch, H\u00e4ngebauch oder Bauchlappen. Woher kommt der Ausdruck Urwampe? Die Urwampe ist ein anatomisches [&hellip;]<\/p>\n","protected":false},"author":11,"featured_media":14419,"parent":11691,"menu_order":12,"comment_status":"closed","ping_status":"closed","template":"templates\/blog.php","meta":{"_acf_changed":false,"_crdt_document":"","footnotes":"","beyondwords_generate_audio":"0","beyondwords_project_id":"","beyondwords_content_id":"","beyondwords_preview_token":"","beyondwords_player_style":"","beyondwords_language_id":"","beyondwords_title_voice_id":"","beyondwords_body_voice_id":"","beyondwords_summary_voice_id":"","beyondwords_error_message":"","beyondwords_disabled":"","beyondwords_delete_content":"","beyondwords_podcast_id":"","beyondwords_hash":"","publish_post_to_speechkit":"","speechkit_hash":"","speechkit_generate_audio":"","speechkit_project_id":"","speechkit_podcast_id":"","speechkit_error_message":"","speechkit_disabled":"","speechkit_access_key":"","speechkit_error":"","speechkit_info":"","speechkit_response":"","speechkit_retries":"","speechkit_status":"","speechkit_updated_at":"","_speechkit_link":"","_speechkit_text":""},"class_list":["post-14418","page","type-page","status-publish","has-post-thumbnail","hentry"],"acf":[],"yoast_head":"<!-- This site is optimized with the Yoast SEO Premium plugin  - https:\/\/yoast.com\/product\/yoast-seo-premium-wordpress\/ -->\n<title>Haben Katzen eine Urwampe? | Uelzener Magazin<\/title>\n<meta name=\"description\" content=\"Warum der Schwabbelbauch f\u00fcr Katzen so bedeutsam ist. Alles Wichtige zur h\u00e4ngenden Hautfalte am Katzenbauch.\" \/>\n<meta name=\"robots\" content=\"index, follow, max-snippet:-1, max-image-preview:large, max-video-preview:-1\" \/>\n<link rel=\"canonical\" href=\"https:\/\/uelzener.de\/magazin\/katze\/haeufige-fragen\/haben-katzen-eine-urwampe\/\" \/>\n<meta property=\"og:locale\" content=\"de_DE\" \/>\n<meta property=\"og:type\" content=\"article\" \/>\n<meta property=\"og:title\" content=\"Haben Katzen eine Urwampe?\" \/>\n<meta property=\"og:description\" content=\"Warum der Schwabbelbauch f\u00fcr Katzen so bedeutsam ist. Alles Wichtige zur h\u00e4ngenden Hautfalte am Katzenbauch.\" \/>\n<meta property=\"og:url\" content=\"https:\/\/uelzener.de\/magazin\/katze\/haeufige-fragen\/haben-katzen-eine-urwampe\/\" \/>\n<meta property=\"og:site_name\" content=\"Uelzener Tier-Magazin\" \/>\n<meta property=\"article:publisher\" content=\"https:\/\/www.facebook.com\/Uelzener\" \/>\n<meta property=\"article:modified_time\" content=\"2025-11-13T10:49:12+00:00\" \/>\n<meta property=\"og:image\" content=\"https:\/\/uelzener.de\/magazin\/app\/uploads\/2022\/11\/katze-urwampe-haengebauch-primordial-pouch.jpg\" \/>\n\t<meta property=\"og:image:width\" content=\"1025\" \/>\n\t<meta property=\"og:image:height\" content=\"450\" \/>\n\t<meta property=\"og:image:type\" content=\"image\/jpeg\" \/>\n<meta name=\"twitter:card\" content=\"summary_large_image\" \/>\n<meta name=\"twitter:label1\" content=\"Gesch\u00e4tzte Lesezeit\" \/>\n\t<meta name=\"twitter:data1\" content=\"4\u00a0Minuten\" \/>\n<script type=\"application\/ld+json\" class=\"yoast-schema-graph\">{\"@context\":\"https:\/\/schema.org\",\"@graph\":[{\"@type\":\"WebPage\",\"@id\":\"https:\/\/uelzener.de\/magazin\/katze\/haeufige-fragen\/haben-katzen-eine-urwampe\/\",\"url\":\"https:\/\/uelzener.de\/magazin\/katze\/haeufige-fragen\/haben-katzen-eine-urwampe\/\",\"name\":\"Haben Katzen eine Urwampe? | Uelzener Magazin\",\"isPartOf\":{\"@id\":\"https:\/\/uelzener.de\/magazin\/#website\"},\"primaryImageOfPage\":{\"@id\":\"https:\/\/uelzener.de\/magazin\/katze\/haeufige-fragen\/haben-katzen-eine-urwampe\/#primaryimage\"},\"image\":{\"@id\":\"https:\/\/uelzener.de\/magazin\/katze\/haeufige-fragen\/haben-katzen-eine-urwampe\/#primaryimage\"},\"thumbnailUrl\":\"https:\/\/uelzener.de\/magazin\/app\/uploads\/2022\/11\/katze-urwampe-haengebauch-primordial-pouch.jpg\",\"datePublished\":\"2022-11-24T07:27:22+00:00\",\"dateModified\":\"2025-11-13T10:49:12+00:00\",\"description\":\"Warum der Schwabbelbauch f\u00fcr Katzen so bedeutsam ist. Alles Wichtige zur h\u00e4ngenden Hautfalte am Katzenbauch.\",\"breadcrumb\":{\"@id\":\"https:\/\/uelzener.de\/magazin\/katze\/haeufige-fragen\/haben-katzen-eine-urwampe\/#breadcrumb\"},\"inLanguage\":\"de\",\"potentialAction\":[{\"@type\":\"ReadAction\",\"target\":[\"https:\/\/uelzener.de\/magazin\/katze\/haeufige-fragen\/haben-katzen-eine-urwampe\/\"]}]},{\"@type\":\"ImageObject\",\"inLanguage\":\"de\",\"@id\":\"https:\/\/uelzener.de\/magazin\/katze\/haeufige-fragen\/haben-katzen-eine-urwampe\/#primaryimage\",\"url\":\"https:\/\/uelzener.de\/magazin\/app\/uploads\/2022\/11\/katze-urwampe-haengebauch-primordial-pouch.jpg\",\"contentUrl\":\"https:\/\/uelzener.de\/magazin\/app\/uploads\/2022\/11\/katze-urwampe-haengebauch-primordial-pouch.jpg\",\"width\":1025,\"height\":450,\"caption\":\"Eine Katze wird gestreichelt. Seitlich sieht man die Urwampe: einen h\u00e4ngenden, befellten Hautlappen am Bauch der Katze.\"},{\"@type\":\"WebSite\",\"@id\":\"https:\/\/uelzener.de\/magazin\/#website\",\"url\":\"https:\/\/uelzener.de\/magazin\/\",\"name\":\"Uelzener Tiermagazin\",\"description\":\"Online Tierratgeber der Uelzener Versicherungen\",\"publisher\":{\"@id\":\"https:\/\/uelzener.de\/magazin\/#organization\"},\"potentialAction\":[{\"@type\":\"SearchAction\",\"target\":{\"@type\":\"EntryPoint\",\"urlTemplate\":\"https:\/\/uelzener.de\/magazin\/?s={search_term_string}\"},\"query-input\":{\"@type\":\"PropertyValueSpecification\",\"valueRequired\":true,\"valueName\":\"search_term_string\"}}],\"inLanguage\":\"de\"},{\"@type\":\"Organization\",\"@id\":\"https:\/\/uelzener.de\/magazin\/#organization\",\"name\":\"Uelzener Versicherungen\",\"url\":\"https:\/\/uelzener.de\/magazin\/\",\"logo\":{\"@type\":\"ImageObject\",\"inLanguage\":\"de\",\"@id\":\"https:\/\/uelzener.de\/magazin\/#\/schema\/logo\/image\/\",\"url\":\"https:\/\/uelzener.de\/magazin\/app\/uploads\/2024\/11\/uelzener_allgemeine_versicherungsgesellschaft_a_g_logo.jpg\",\"contentUrl\":\"https:\/\/uelzener.de\/magazin\/app\/uploads\/2024\/11\/uelzener_allgemeine_versicherungsgesellschaft_a_g_logo.jpg\",\"width\":200,\"height\":200,\"caption\":\"Uelzener Versicherungen\"},\"image\":{\"@id\":\"https:\/\/uelzener.de\/magazin\/#\/schema\/logo\/image\/\"},\"sameAs\":[\"https:\/\/www.facebook.com\/Uelzener\",\"https:\/\/instagram.com\/uelzener\",\"https:\/\/www.xing.com\/pages\/uelzenerallgemeineversicherungs-gesellschafta-g\",\"https:\/\/www.youtube.com\/UelzenerVersicherungen\"]}]}<\/script>\n<!-- \/ Yoast SEO Premium plugin. -->","yoast_head_json":{"title":"Haben Katzen eine Urwampe? | Uelzener Magazin","description":"Warum der Schwabbelbauch f\u00fcr Katzen so bedeutsam ist. Alles Wichtige zur h\u00e4ngenden Hautfalte am Katzenbauch.","robots":{"index":"index","follow":"follow","max-snippet":"max-snippet:-1","max-image-preview":"max-image-preview:large","max-video-preview":"max-video-preview:-1"},"canonical":"https:\/\/uelzener.de\/magazin\/katze\/haeufige-fragen\/haben-katzen-eine-urwampe\/","og_locale":"de_DE","og_type":"article","og_title":"Haben Katzen eine Urwampe?","og_description":"Warum der Schwabbelbauch f\u00fcr Katzen so bedeutsam ist. Alles Wichtige zur h\u00e4ngenden Hautfalte am Katzenbauch.","og_url":"https:\/\/uelzener.de\/magazin\/katze\/haeufige-fragen\/haben-katzen-eine-urwampe\/","og_site_name":"Uelzener Tier-Magazin","article_publisher":"https:\/\/www.facebook.com\/Uelzener","article_modified_time":"2025-11-13T10:49:12+00:00","og_image":[{"width":1025,"height":450,"url":"https:\/\/uelzener.de\/magazin\/app\/uploads\/2022\/11\/katze-urwampe-haengebauch-primordial-pouch.jpg","type":"image\/jpeg"}],"twitter_card":"summary_large_image","twitter_misc":{"Gesch\u00e4tzte Lesezeit":"4\u00a0Minuten"},"schema":{"@context":"https:\/\/schema.org","@graph":[{"@type":"WebPage","@id":"https:\/\/uelzener.de\/magazin\/katze\/haeufige-fragen\/haben-katzen-eine-urwampe\/","url":"https:\/\/uelzener.de\/magazin\/katze\/haeufige-fragen\/haben-katzen-eine-urwampe\/","name":"Haben Katzen eine Urwampe? | Uelzener Magazin","isPartOf":{"@id":"https:\/\/uelzener.de\/magazin\/#website"},"primaryImageOfPage":{"@id":"https:\/\/uelzener.de\/magazin\/katze\/haeufige-fragen\/haben-katzen-eine-urwampe\/#primaryimage"},"image":{"@id":"https:\/\/uelzener.de\/magazin\/katze\/haeufige-fragen\/haben-katzen-eine-urwampe\/#primaryimage"},"thumbnailUrl":"https:\/\/uelzener.de\/magazin\/app\/uploads\/2022\/11\/katze-urwampe-haengebauch-primordial-pouch.jpg","datePublished":"2022-11-24T07:27:22+00:00","dateModified":"2025-11-13T10:49:12+00:00","description":"Warum der Schwabbelbauch f\u00fcr Katzen so bedeutsam ist. Alles Wichtige zur h\u00e4ngenden Hautfalte am Katzenbauch.","breadcrumb":{"@id":"https:\/\/uelzener.de\/magazin\/katze\/haeufige-fragen\/haben-katzen-eine-urwampe\/#breadcrumb"},"inLanguage":"de","potentialAction":[{"@type":"ReadAction","target":["https:\/\/uelzener.de\/magazin\/katze\/haeufige-fragen\/haben-katzen-eine-urwampe\/"]}]},{"@type":"ImageObject","inLanguage":"de","@id":"https:\/\/uelzener.de\/magazin\/katze\/haeufige-fragen\/haben-katzen-eine-urwampe\/#primaryimage","url":"https:\/\/uelzener.de\/magazin\/app\/uploads\/2022\/11\/katze-urwampe-haengebauch-primordial-pouch.jpg","contentUrl":"https:\/\/uelzener.de\/magazin\/app\/uploads\/2022\/11\/katze-urwampe-haengebauch-primordial-pouch.jpg","width":1025,"height":450,"caption":"Eine Katze wird gestreichelt. Seitlich sieht man die Urwampe: einen h\u00e4ngenden, befellten Hautlappen am Bauch der Katze."},{"@type":"WebSite","@id":"https:\/\/uelzener.de\/magazin\/#website","url":"https:\/\/uelzener.de\/magazin\/","name":"Uelzener Tiermagazin","description":"Online Tierratgeber der Uelzener Versicherungen","publisher":{"@id":"https:\/\/uelzener.de\/magazin\/#organization"},"potentialAction":[{"@type":"SearchAction","target":{"@type":"EntryPoint","urlTemplate":"https:\/\/uelzener.de\/magazin\/?s={search_term_string}"},"query-input":{"@type":"PropertyValueSpecification","valueRequired":true,"valueName":"search_term_string"}}],"inLanguage":"de"},{"@type":"Organization","@id":"https:\/\/uelzener.de\/magazin\/#organization","name":"Uelzener Versicherungen","url":"https:\/\/uelzener.de\/magazin\/","logo":{"@type":"ImageObject","inLanguage":"de","@id":"https:\/\/uelzener.de\/magazin\/#\/schema\/logo\/image\/","url":"https:\/\/uelzener.de\/magazin\/app\/uploads\/2024\/11\/uelzener_allgemeine_versicherungsgesellschaft_a_g_logo.jpg","contentUrl":"https:\/\/uelzener.de\/magazin\/app\/uploads\/2024\/11\/uelzener_allgemeine_versicherungsgesellschaft_a_g_logo.jpg","width":200,"height":200,"caption":"Uelzener Versicherungen"},"image":{"@id":"https:\/\/uelzener.de\/magazin\/#\/schema\/logo\/image\/"},"sameAs":["https:\/\/www.facebook.com\/Uelzener","https:\/\/instagram.com\/uelzener","https:\/\/www.xing.com\/pages\/uelzenerallgemeineversicherungs-gesellschafta-g","https:\/\/www.youtube.com\/UelzenerVersicherungen"]}]}},"_links":{"self":[{"href":"https:\/\/uelzener.de\/magazin\/wp-json\/wp\/v2\/pages\/14418","targetHints":{"allow":["GET"]}}],"collection":[{"href":"https:\/\/uelzener.de\/magazin\/wp-json\/wp\/v2\/pages"}],"about":[{"href":"https:\/\/uelzener.de\/magazin\/wp-json\/wp\/v2\/types\/page"}],"author":[{"embeddable":true,"href":"https:\/\/uelzener.de\/magazin\/wp-json\/wp\/v2\/users\/11"}],"replies":[{"embeddable":true,"href":"https:\/\/uelzener.de\/magazin\/wp-json\/wp\/v2\/comments?post=14418"}],"version-history":[{"count":8,"href":"https:\/\/uelzener.de\/magazin\/wp-json\/wp\/v2\/pages\/14418\/revisions"}],"predecessor-version":[{"id":19507,"href":"https:\/\/uelzener.de\/magazin\/wp-json\/wp\/v2\/pages\/14418\/revisions\/19507"}],"up":[{"embeddable":true,"href":"https:\/\/uelzener.de\/magazin\/wp-json\/wp\/v2\/pages\/11691"}],"wp:featuredmedia":[{"embeddable":true,"href":"https:\/\/uelzener.de\/magazin\/wp-json\/wp\/v2\/media\/14419"}],"wp:attachment":[{"href":"https:\/\/uelzener.de\/magazin\/wp-json\/wp\/v2\/media?parent=14418"}],"curies":[{"name":"wp","href":"https:\/\/api.w.org\/{rel}","templated":true}]}}