{"id":14362,"date":"2022-11-11T16:33:42","date_gmt":"2022-11-11T15:33:42","guid":{"rendered":"https:\/\/uelzener.de\/magazin\/?page_id=14362"},"modified":"2025-08-27T11:29:04","modified_gmt":"2025-08-27T09:29:04","slug":"muskelaufbau-bei-pferden-durch-nahrung","status":"publish","type":"page","link":"https:\/\/uelzener.de\/magazin\/pferd\/ernaehrung\/muskelaufbau-bei-pferden-durch-nahrung\/","title":{"rendered":"Muskelaufbau bei Pferden durch die richtige Nahrung"},"content":{"rendered":"<p>Eine ausgewogene Muskulatur ist f\u00fcr die Gesundheit unserer Pferde unverzichtbar. Ist die Muskulatur nicht ausreichend ausgebildet, hat das zum Beispiel Verspannungen, Schmerzen und eine \u00fcberm\u00e4\u00dfige und fehlerhafte Beanspruchung der Gelenke zur Folge. Dies kann zu Erkrankungen, wie zum Beispiel einer Arthrose f\u00fchren.<\/p>\n<p>Wie l\u00e4sst sich Muskulatur aufbauen? Neben entsprechender Bewegung mit angemessenen Pausen hat die richtige Nahrung starken Einfluss auf den Muskelaufbau eines Pferdes. Doch wie sieht die F\u00fctterung aus, die den Muskelaufbau unterst\u00fctzt?<\/p>\n<p>Erforderlich f\u00fcr den Muskelaufbau sind in erster Linie Proteine. Denn Muskel bestehen gr\u00f6\u00dftenteils aus Proteinen. Aber auch Kohlenhydrate sind f\u00fcr den Muskelaufbau unerl\u00e4sslich. Denn die Basis jeden Muskelaufbaus ist die Bewegung und die Beanspruchung der Muskeln bis \u00fcber die Leistungsgrenze hinaus. Daf\u00fcr ben\u00f6tigen Pferde Energie in Form von Kohlenhydraten. Au\u00dferdem braucht ein gesunder Pferdek\u00f6rper weitere N\u00e4hrstoffe, wie Vitamine, Mineralstoffe und Spurenelemente.<\/p>\n<p>Wie du deinem Pferd die N\u00e4hrstoffe f\u00fcr den Muskelaufbau optimal zur Verf\u00fcgung stellst, schauen wir uns am hier einmal genauer an. Dazu nehmen wir die verschiedenen Komponenten des Pferdefutters unter die Lupe.<\/p>\n<h2>Raufutter<\/h2>\n<p>Raufutter ist die Grundlage der Pferde-F\u00fctterung. Es kann aus feuchten und trockenen Bestandteilen bestehen. Feuchte Bestandteile sind zum Beispiel Gras und Silage. Trockene Bestandteile sind beispielsweise <a href=\"https:\/\/uelzener.de\/magazin\/pferd\/tiergesundheit\/heubedampfer\/\">staubfreies Heu<\/a> und Stroh. Raufutter ist reich an N\u00e4hrstoffen, die f\u00fcr den Muskelaufbau unerl\u00e4sslich sind. So bekommt das Pferd mit einem qualitative hochwertigen Raufutter die notwendigen Kohlenhydrate, Proteine und Mineralstoffe.<\/p>\n<p>Leider hat sich die Zusammensetzung der N\u00e4hrstoffe im Raufutter in den vergangenen Jahren ver\u00e4ndert und vielfach verschlechtert. Grund hierf\u00fcr ist beispielsweise die ver\u00e4nderte Qualit\u00e4t der D\u00fcngung. Daher stellt Raufutter nicht immer ausreichend N\u00e4hrstoffe zur Verf\u00fcgung. Mit einer regelm\u00e4\u00dfigen Analyse findest du heraus, wie dein Raufutter zusammengesetzt ist. Gegebenenfalls kannst du mit erg\u00e4nzendem Futter den N\u00e4hrstoffbedarf deines Pferdes decken.<\/p>\n<p>Auf keinen Fall solltest du dann aber das Raufutter reduzieren. Denn es ist nicht nur aufgrund seiner Inhaltsstoffe wichtig f\u00fcr die Gesundheit deines Pferdes. Unerl\u00e4sslich ist Raufutter vor allem auch f\u00fcr einen gesunden Magen des Pferdes.<\/p>\n<p>Im Pferdemagen wird Magens\u00e4ure produziert. Wenn diese nicht neutralisiert wird, greift sie den Magen an und es kann zu Magengeschw\u00fcren kommen. Doch wie sch\u00fctzt man den empfindlichen Magen des Pferdes vor der Magens\u00e4ure? Dazu haben Pferde einen eigenen Schutzmechanismus eingebaut.<\/p>\n<p>Pferde neutralisieren \u00fcber ihren eigenen Speichel die Magens\u00e4ure. Der so \u00fcberaus n\u00fctzliche Speichel entsteht immer dann, wenn das Pferd kaut, am besten intensiv und viel. Das gelingt am besten mit Raufutter. Denn Raufutter muss vom Pferd deutlich h\u00e4ufiger gekaut werden als anderes Futter. So produziert es Speichel und sein Magen wird auf ganz nat\u00fcrliche Weise geschont. Dennoch braucht dein Pferd, gerade wenn es Muskeln aufbauen soll, erg\u00e4nzend anderes Muskelfutter.<\/p>\n<h2>Kraftfutter f\u00fcr Muskelaufbau bei Pferden<\/h2>\n<p>Kraftfutter ist eine gute Erg\u00e4nzung zum Raufutter. Hiermit l\u00e4sst sich ein erh\u00f6hter N\u00e4hrstoffbedarf leicht decken. Das wird besonders dann wichtig, wenn ein Pferd sich viel bewegt, trainiert oder auch anderweitig, zum Beispiel durch eine Tr\u00e4chtigkeit, beansprucht ist. Ebenso gilt dies das auch f\u00fcr den Muskelaufbau. Denn Muskelaufbau findet nur statt, wenn die Muskulatur ein wenig \u00fcber die Leistungsgrenze hinaus bewegt werden. Daf\u00fcr wird Energie, in Form von Kohlenhydraten, ben\u00f6tigt. Kraftfutter ist daher als Erg\u00e4nzung bei einem muskelaufbauenden Training sinnvoll. Kraftfutter enth\u00e4lt zum Beispiel Hafer oder Mais. Au\u00dferdem besteht Kraftfutter aus Eiwei\u00df. Gerade dies ist f\u00fcr den Muskelaufbau unerl\u00e4sslich.<\/p>\n\n<div class=\"related_articles boxed\">\n    <h2>Mehr zum Thema<\/h2>\n    \n    <div class=\"wrapper\"><div class=\"title align-center\"><h3><a href=\"https:\/\/uelzener.de\/magazin\/pferd\/haeufige-fragen\/pferd-traechtig-wissenswertes-pflege-ernaehrung-vorsorge\/\">Pferd tr\u00e4chtig? Wissenswertes zu Pflege, Ern\u00e4hrung und Vorsorge<\/a><\/h3><\/div><div class=\"img align-center\"><img decoding=\"async\" width=\"315\" height=\"180\" src=\"https:\/\/uelzener.de\/magazin\/app\/uploads\/2023\/04\/pferd-traechtig-315x180.jpg\" class=\"attachment-315x180 size-315x180 wp-post-image\" alt=\"Tr\u00e4chtiges Pferd steht auf einer gr\u00fcnen Wiese.\" \/><\/div><\/div><div class=\"wrapper\"><div class=\"title align-center\"><h3><a href=\"https:\/\/uelzener.de\/magazin\/pferd\/tiergesundheit\/pssm-beim-pferd-muskelerkrankung\/\">PSSM beim Pferd: Muskelerkrankung mit Folgen<\/a><\/h3><\/div><div class=\"img align-center\"><img decoding=\"async\" width=\"315\" height=\"180\" src=\"https:\/\/uelzener.de\/magazin\/app\/uploads\/2025\/04\/pssm-beim-pferd-315x180.jpg\" class=\"attachment-315x180 size-315x180 wp-post-image\" alt=\"Pferd mit PSSM.\" \/><\/div><\/div><\/div>\n\n<h2>Eiwei\u00df<\/h2>\n<p>Eiwei\u00df erh\u00e4lt das Pferd \u00fcber das Raufutter, aber eben auch \u00fcber ein erg\u00e4nzend gef\u00fcttertes Kraftfutter. Unentbehrlich ist Eiwei\u00df besonders wegen der essenziellen Aminos\u00e4uren. Im Gegensatz zu den nicht-essenziellen Aminos\u00e4uren k\u00f6nnen die essenziellen Aminos\u00e4uren nur durch Futter dem K\u00f6rper zugef\u00fchrt werden. Sie k\u00f6nnen nicht selbst hergestellt werden. Daher ist das Pferd darauf angewiesen \u00fcber das Futter ausreichend essenzielle Aminos\u00e4uren zu bekommen. Aber auch die eigene Herstellung der nicht-essenziellen Aminos\u00e4uren ist begrenzt. Daher m\u00fcssen auch diese in vielen F\u00e4llen durch Futtergaben hinzugef\u00fchrt werden. Dies erreicht man durch Kraftfutter, das besonders proteinreich ist.<\/p>\n<p>Wichtig: Dein Pferd sollte nicht zu viel Protein zu sich nehmen. Bekommt es zu viel von dem f\u00fcr den Muskelaufbau so notwendigen N\u00e4hrstoff, schadet es wom\u00f6glich Leber und Niere. Denn \u00fcberreichlich gegebenes Eiwei\u00df muss in der Leber zu Harnstoff verarbeitet werden, der dann wiederum ausgeschieden werden muss. Das belastet die Niere.<\/p>\n<p>Eine besondere Stellung in der Pferdef\u00fctterung nehmen die sogenannten Vitalstoffe ein. Auch diese so notwendigen Stoffe k\u00f6nnen und sollen in vielen F\u00e4llen auch separat zuf\u00fcttert werden.<\/p>\n<h2>Vitalstoffe (Zusatzfutter)<\/h2>\n<p>Zu den Vitalstoffen z\u00e4hlen Vitamine, Mineralstoffe und Spurenelemente. Diese lassen sich \u00fcber ein spezielles Zusatzfutter zuf\u00fcttern. Dies ergibt in vielen F\u00e4llen Sinn. Denn oftmals wird der Vitalstoffbedarf nicht ausreichend durch Raufutter und Kraftfutter gedeckt. Dabei sind viele Vitalstoffe f\u00fcr die Muskulatur bedeutsam. So sind Kalzium, Magnesium und Kalium beispielsweise f\u00fcr die Funktion der Muskeln unerl\u00e4sslich.<\/p>\n<h2>Bierhefe<\/h2>\n<p>Bierhefe enth\u00e4lt hochwertige, essenzielle Aminos\u00e4uren. Diese sind f\u00fcr den Muskelaufbau notwendig. Da sie vom K\u00f6rper nicht selbst hergestellt werden k\u00f6nnen, muss man sie zwingend zuf\u00fcttern. Mit Bierhefe l\u00e4sst sich die Basisf\u00fctterung gut erg\u00e4nzen. Au\u00dferdem findet sich in Bierhefe viel Vitamin B.<\/p>\n<p>Doch wie ist die Muskulatur des Pferdes \u00fcberhaupt aufgebaut? Betrachtet man den Pferdemuskel, wird schnell deutlich, wieso Proteine so entscheidend f\u00fcr den Muskelaufbau sind.<\/p>\n<h2>Anatomischer Aufbau eines Pferdemuskels<\/h2>\n<p>Der Pferdemuskel besteht aus B\u00fcndeln von Muskelfasern. Diese wiederum beinhalten einzelne Muskelfasern, die sich aus sogenannten Muskelfibrillen zusammensetzen. Die Muskelfibrillen bestehen aus den f\u00fcr die Muskelbewegung entscheidenden Proteinen Myosin und Aktin. Diese sind \u00fcbereinander liegend angeordnet.<\/p>\n<p>Myosin und Aktin sind f\u00fcr die Bewegung der Muskeln verantwortlich.<\/p>\n<ul>\n<li>Verschieben sich Myosin und Aktin zueinander, zieht sich der Muskel zusammen.<\/li>\n<li>Verschieben sich Myosin und Aktin gegeneinander, dehnt sich der Muskel.<\/li>\n<\/ul>\n<p>Das Zueinander und Gegeneinander der beiden Proteine Myosin und Aktin steuert die Muskelbewegungen des Pferdes.<\/p>\n<h2>Was verhindert den Muskelaufbau bei Pferden?<\/h2>\n<p>Muskelaufbau beim Pferd ist eine sehr komplexe Angelegenheit. Verschiedene Einflussfaktoren k\u00f6nnen den Muskelaufbau beim Pferd verhindern.<\/p>\n<ul>\n<li>Bewegung ohne ausreichende Pausen: Die Muskulatur braucht zwischen einzelnen Trainingseinheiten ausreichend Regenerationsphasen. In diesen Regenerationspausen w\u00e4chst der Muskel. Deswegen ist <a href=\"https:\/\/uelzener.de\/magazin\/pferd\/erziehung-und-training\/pferdetraining-wann-und-wie-pausen-machen\/\">Pausen machen<\/a> zwingend notwendig.<\/li>\n<li>Mangel bei der Ern\u00e4hrung: Bekommt das Pferd zu wenig Kohlenhydrate, um sich voller Kraft bewegen zu k\u00f6nnen, hemmt dies den Muskelaufbau. F\u00fcr den Aufbau der Muskulatur selbst braucht das Pferd zwingend ausreichend Proteine. Wird das Pferd \u00fcber das Futter nur unzureichend mit Proteinen versorgt, fehlen die n\u00f6tigen N\u00e4hrstoffe f\u00fcr den Muskelaufbau. Hol dir daher Tipps aus unserem Artikel <a href=\"https:\/\/uelzener.de\/magazin\/pferd\/ernaehrung\/was-fressen-pferde\/\">Was fressen Pferde?<\/a>, um \u00fcber die besten N\u00e4hrstoffquellen f\u00fcr Muskelaufbau informiert zu sein.<\/li>\n<li>Erkrankungen und Medikamente: Stoffwechselprobleme k\u00f6nnen den Muskelaufbau ebenso bremsen wie die Gabe von Medikamenten. Dazu geh\u00f6ren zum Beispiel Schmerzmittel, Antibiotika oder auch Wurmkuren.<\/li>\n<\/ul>\n<p>Falls dein Pferd sich mit dem Muskelaufbau schwertut, hast du mit diesen drei Punkten einige Anhaltspunkte.<\/p>\n<p>Beachte auch, dass das <a href=\"https:\/\/uelzener.de\/magazin\/pferd\/erziehung-und-training\/aufwaermen-abwaermen-pferdetraining\/\">Aufw\u00e4rmen und Abw\u00e4rmen beim Pferdetraining<\/a> zum Erfolg beitragen kann.<\/p>\n<h2>FAQ: H\u00e4ufig gestellte Fragen<\/h2>\n<h3>Was ist der Hauptlieferant f\u00fcr Proteine bei Pferden?<\/h3>\n<p>Proteine k\u00f6nnen vom Pferd nicht selbst hergestellt werden, daher werden sie \u00fcber das Futter zugef\u00fchrt. Normalerweise ist das Raufutter ein guter Proteinlieferant, der den Gro\u00dfteil des Proteinbedarfs decken sollte. Leider ist Raufutter in den vergangenen Jahren im Schnitt immer protein\u00e4rmer geworden. Daher sollte man sich nicht mehr darauf verlassen, dass Pferde ausreichend Proteine \u00fcber Raufutter erhalten. Lass dein Raufutter regelm\u00e4\u00dfig analysieren und f\u00fcttere gegebenenfalls mit Kraftfutter oder Vitalfutter zu.<\/p>\n<h3>Welches Training unterst\u00fctzt besonders den Muskelaufbau bei Pferden?<\/h3>\n<p>F\u00fcr den Muskelaufbau ist ein Training n\u00f6tig, das die Muskulatur des Pferdes leicht oberhalb der Leistungsgrenze beansprucht. Besonders geeignet ist ein vielseitiges Training, das m\u00f6glichst ausgewogen die Muskulatur fordert. Eine gute M\u00f6glichkeit bietet das <a href=\"https:\/\/uelzener.de\/magazin\/pferd\/erziehung-und-training\/intervalltraining-pferd\/\">Intervalltraining mit Pferden: Muskelaufbau deluxe<\/a>.<\/p>\n<h3>Helfen Proteinshakes beim Aufbau der Pferdemuskeln?<\/h3>\n<p>Um Muskulatur aufzubauen, braucht das Pferd essenzielle Aminos\u00e4uren. Diese kann es nicht selbst herstellen. Sie m\u00fcssen zwingend \u00fcber das Futter bereitgestellt werden. \u00c4hnlich der Proteinshakes, die Sportler verwenden, gibt es f\u00fcr Pferde entsprechendes proteinhaltiges Futter. Pferde, die intensiver trainieren, um den Muskelaufbau zu f\u00f6rdern, k\u00f6nnen von diesen \u201eProteinshakes\u201c profitieren. Wichtig: Achte dabei auf die Dosierung. Nimmt dein Pferd zu viel Protein zu sich, schadet es Leber und Niere.<\/p>\n","protected":false},"excerpt":{"rendered":"<p>Eine ausgewogene Muskulatur ist f\u00fcr die Gesundheit unserer Pferde unverzichtbar. Ist die Muskulatur nicht ausreichend ausgebildet, hat das zum Beispiel Verspannungen, Schmerzen und eine \u00fcberm\u00e4\u00dfige und fehlerhafte Beanspruchung der Gelenke zur Folge. Dies kann zu Erkrankungen, wie zum Beispiel einer Arthrose f\u00fchren. Wie l\u00e4sst sich Muskulatur aufbauen? Neben entsprechender Bewegung mit angemessenen Pausen hat die [&hellip;]<\/p>\n","protected":false},"author":11,"featured_media":17448,"parent":11672,"menu_order":1,"comment_status":"closed","ping_status":"closed","template":"templates\/blog.php","meta":{"_acf_changed":false,"_crdt_document":"","footnotes":"","beyondwords_generate_audio":"","beyondwords_project_id":"","beyondwords_content_id":"","beyondwords_preview_token":"","beyondwords_player_style":"","beyondwords_language_id":"","beyondwords_title_voice_id":"","beyondwords_body_voice_id":"","beyondwords_summary_voice_id":"","beyondwords_error_message":"","beyondwords_disabled":"","beyondwords_delete_content":"","beyondwords_podcast_id":"","beyondwords_hash":"","publish_post_to_speechkit":"","speechkit_hash":"","speechkit_generate_audio":"","speechkit_project_id":"","speechkit_podcast_id":"","speechkit_error_message":"","speechkit_disabled":"","speechkit_access_key":"","speechkit_error":"","speechkit_info":"","speechkit_response":"","speechkit_retries":"","speechkit_status":"","speechkit_updated_at":"","_speechkit_link":"","_speechkit_text":""},"class_list":["post-14362","page","type-page","status-publish","has-post-thumbnail","hentry"],"acf":[],"yoast_head":"<!-- This site is optimized with the Yoast SEO Premium plugin  - https:\/\/yoast.com\/product\/yoast-seo-premium-wordpress\/ -->\n<title>Muskelaufbau bei Pferden durch die richtige Nahrung | Uelzener Magazin<\/title>\n<meta name=\"description\" content=\"Dein Pferd baut mit passendem Futter leichter Muskeln auf. Alles Wichtige \u00fcber \u2713 Raufutter \u2713 Kraftfutter \u2713 Vitalstoffe und Proteine.\" \/>\n<meta name=\"robots\" content=\"index, follow, max-snippet:-1, max-image-preview:large, max-video-preview:-1\" \/>\n<link rel=\"canonical\" href=\"https:\/\/uelzener.de\/magazin\/pferd\/ernaehrung\/muskelaufbau-bei-pferden-durch-nahrung\/\" \/>\n<meta property=\"og:locale\" content=\"de_DE\" \/>\n<meta property=\"og:type\" content=\"article\" \/>\n<meta property=\"og:title\" content=\"Muskelaufbau bei Pferden durch die richtige Nahrung\" \/>\n<meta property=\"og:description\" content=\"Dein Pferd baut mit passendem Futter leichter Muskeln auf. Alles Wichtige \u00fcber \u2713 Raufutter \u2713 Kraftfutter \u2713 Vitalstoffe und Proteine.\" \/>\n<meta property=\"og:url\" content=\"https:\/\/uelzener.de\/magazin\/pferd\/ernaehrung\/muskelaufbau-bei-pferden-durch-nahrung\/\" \/>\n<meta property=\"og:site_name\" content=\"Uelzener Tier-Magazin\" \/>\n<meta property=\"article:publisher\" content=\"https:\/\/www.facebook.com\/Uelzener\" \/>\n<meta property=\"article:modified_time\" content=\"2025-08-27T09:29:04+00:00\" \/>\n<meta property=\"og:image\" content=\"https:\/\/uelzener.de\/magazin\/app\/uploads\/2024\/05\/Muskelaufbau-Pferd-durch-Ernaehrung.jpg\" \/>\n\t<meta property=\"og:image:width\" content=\"1025\" \/>\n\t<meta property=\"og:image:height\" content=\"450\" \/>\n\t<meta property=\"og:image:type\" content=\"image\/jpeg\" \/>\n<meta name=\"twitter:card\" content=\"summary_large_image\" \/>\n<meta name=\"twitter:label1\" content=\"Gesch\u00e4tzte Lesezeit\" \/>\n\t<meta name=\"twitter:data1\" content=\"8\u00a0Minuten\" \/>\n<script type=\"application\/ld+json\" class=\"yoast-schema-graph\">{\"@context\":\"https:\/\/schema.org\",\"@graph\":[{\"@type\":\"WebPage\",\"@id\":\"https:\/\/uelzener.de\/magazin\/pferd\/ernaehrung\/muskelaufbau-bei-pferden-durch-nahrung\/\",\"url\":\"https:\/\/uelzener.de\/magazin\/pferd\/ernaehrung\/muskelaufbau-bei-pferden-durch-nahrung\/\",\"name\":\"Muskelaufbau bei Pferden durch die richtige Nahrung | Uelzener Magazin\",\"isPartOf\":{\"@id\":\"https:\/\/uelzener.de\/magazin\/#website\"},\"primaryImageOfPage\":{\"@id\":\"https:\/\/uelzener.de\/magazin\/pferd\/ernaehrung\/muskelaufbau-bei-pferden-durch-nahrung\/#primaryimage\"},\"image\":{\"@id\":\"https:\/\/uelzener.de\/magazin\/pferd\/ernaehrung\/muskelaufbau-bei-pferden-durch-nahrung\/#primaryimage\"},\"thumbnailUrl\":\"https:\/\/uelzener.de\/magazin\/app\/uploads\/2024\/05\/Muskelaufbau-Pferd-durch-Ernaehrung.jpg\",\"datePublished\":\"2022-11-11T15:33:42+00:00\",\"dateModified\":\"2025-08-27T09:29:04+00:00\",\"description\":\"Dein Pferd baut mit passendem Futter leichter Muskeln auf. Alles Wichtige \u00fcber \u2713 Raufutter \u2713 Kraftfutter \u2713 Vitalstoffe und Proteine.\",\"breadcrumb\":{\"@id\":\"https:\/\/uelzener.de\/magazin\/pferd\/ernaehrung\/muskelaufbau-bei-pferden-durch-nahrung\/#breadcrumb\"},\"inLanguage\":\"de\",\"potentialAction\":[{\"@type\":\"ReadAction\",\"target\":[\"https:\/\/uelzener.de\/magazin\/pferd\/ernaehrung\/muskelaufbau-bei-pferden-durch-nahrung\/\"]}]},{\"@type\":\"ImageObject\",\"inLanguage\":\"de\",\"@id\":\"https:\/\/uelzener.de\/magazin\/pferd\/ernaehrung\/muskelaufbau-bei-pferden-durch-nahrung\/#primaryimage\",\"url\":\"https:\/\/uelzener.de\/magazin\/app\/uploads\/2024\/05\/Muskelaufbau-Pferd-durch-Ernaehrung.jpg\",\"contentUrl\":\"https:\/\/uelzener.de\/magazin\/app\/uploads\/2024\/05\/Muskelaufbau-Pferd-durch-Ernaehrung.jpg\",\"width\":1025,\"height\":450,\"caption\":\"Pferd in Nahaufnahme kaut Gras. Welches Futter ist gut geeignet f\u00fcr den Muskelaufbau bei Pferden?\"},{\"@type\":\"WebSite\",\"@id\":\"https:\/\/uelzener.de\/magazin\/#website\",\"url\":\"https:\/\/uelzener.de\/magazin\/\",\"name\":\"Uelzener Tiermagazin\",\"description\":\"Online Tierratgeber der Uelzener Versicherungen\",\"publisher\":{\"@id\":\"https:\/\/uelzener.de\/magazin\/#organization\"},\"potentialAction\":[{\"@type\":\"SearchAction\",\"target\":{\"@type\":\"EntryPoint\",\"urlTemplate\":\"https:\/\/uelzener.de\/magazin\/?s={search_term_string}\"},\"query-input\":{\"@type\":\"PropertyValueSpecification\",\"valueRequired\":true,\"valueName\":\"search_term_string\"}}],\"inLanguage\":\"de\"},{\"@type\":\"Organization\",\"@id\":\"https:\/\/uelzener.de\/magazin\/#organization\",\"name\":\"Uelzener Versicherungen\",\"url\":\"https:\/\/uelzener.de\/magazin\/\",\"logo\":{\"@type\":\"ImageObject\",\"inLanguage\":\"de\",\"@id\":\"https:\/\/uelzener.de\/magazin\/#\/schema\/logo\/image\/\",\"url\":\"https:\/\/uelzener.de\/magazin\/app\/uploads\/2024\/11\/uelzener_allgemeine_versicherungsgesellschaft_a_g_logo.jpg\",\"contentUrl\":\"https:\/\/uelzener.de\/magazin\/app\/uploads\/2024\/11\/uelzener_allgemeine_versicherungsgesellschaft_a_g_logo.jpg\",\"width\":200,\"height\":200,\"caption\":\"Uelzener Versicherungen\"},\"image\":{\"@id\":\"https:\/\/uelzener.de\/magazin\/#\/schema\/logo\/image\/\"},\"sameAs\":[\"https:\/\/www.facebook.com\/Uelzener\",\"https:\/\/instagram.com\/uelzener\",\"https:\/\/www.xing.com\/pages\/uelzenerallgemeineversicherungs-gesellschafta-g\",\"https:\/\/www.youtube.com\/UelzenerVersicherungen\"]}]}<\/script>\n<!-- \/ Yoast SEO Premium plugin. -->","yoast_head_json":{"title":"Muskelaufbau bei Pferden durch die richtige Nahrung | Uelzener Magazin","description":"Dein Pferd baut mit passendem Futter leichter Muskeln auf. Alles Wichtige \u00fcber \u2713 Raufutter \u2713 Kraftfutter \u2713 Vitalstoffe und Proteine.","robots":{"index":"index","follow":"follow","max-snippet":"max-snippet:-1","max-image-preview":"max-image-preview:large","max-video-preview":"max-video-preview:-1"},"canonical":"https:\/\/uelzener.de\/magazin\/pferd\/ernaehrung\/muskelaufbau-bei-pferden-durch-nahrung\/","og_locale":"de_DE","og_type":"article","og_title":"Muskelaufbau bei Pferden durch die richtige Nahrung","og_description":"Dein Pferd baut mit passendem Futter leichter Muskeln auf. Alles Wichtige \u00fcber \u2713 Raufutter \u2713 Kraftfutter \u2713 Vitalstoffe und Proteine.","og_url":"https:\/\/uelzener.de\/magazin\/pferd\/ernaehrung\/muskelaufbau-bei-pferden-durch-nahrung\/","og_site_name":"Uelzener Tier-Magazin","article_publisher":"https:\/\/www.facebook.com\/Uelzener","article_modified_time":"2025-08-27T09:29:04+00:00","og_image":[{"width":1025,"height":450,"url":"https:\/\/uelzener.de\/magazin\/app\/uploads\/2024\/05\/Muskelaufbau-Pferd-durch-Ernaehrung.jpg","type":"image\/jpeg"}],"twitter_card":"summary_large_image","twitter_misc":{"Gesch\u00e4tzte Lesezeit":"8\u00a0Minuten"},"schema":{"@context":"https:\/\/schema.org","@graph":[{"@type":"WebPage","@id":"https:\/\/uelzener.de\/magazin\/pferd\/ernaehrung\/muskelaufbau-bei-pferden-durch-nahrung\/","url":"https:\/\/uelzener.de\/magazin\/pferd\/ernaehrung\/muskelaufbau-bei-pferden-durch-nahrung\/","name":"Muskelaufbau bei Pferden durch die richtige Nahrung | Uelzener Magazin","isPartOf":{"@id":"https:\/\/uelzener.de\/magazin\/#website"},"primaryImageOfPage":{"@id":"https:\/\/uelzener.de\/magazin\/pferd\/ernaehrung\/muskelaufbau-bei-pferden-durch-nahrung\/#primaryimage"},"image":{"@id":"https:\/\/uelzener.de\/magazin\/pferd\/ernaehrung\/muskelaufbau-bei-pferden-durch-nahrung\/#primaryimage"},"thumbnailUrl":"https:\/\/uelzener.de\/magazin\/app\/uploads\/2024\/05\/Muskelaufbau-Pferd-durch-Ernaehrung.jpg","datePublished":"2022-11-11T15:33:42+00:00","dateModified":"2025-08-27T09:29:04+00:00","description":"Dein Pferd baut mit passendem Futter leichter Muskeln auf. Alles Wichtige \u00fcber \u2713 Raufutter \u2713 Kraftfutter \u2713 Vitalstoffe und Proteine.","breadcrumb":{"@id":"https:\/\/uelzener.de\/magazin\/pferd\/ernaehrung\/muskelaufbau-bei-pferden-durch-nahrung\/#breadcrumb"},"inLanguage":"de","potentialAction":[{"@type":"ReadAction","target":["https:\/\/uelzener.de\/magazin\/pferd\/ernaehrung\/muskelaufbau-bei-pferden-durch-nahrung\/"]}]},{"@type":"ImageObject","inLanguage":"de","@id":"https:\/\/uelzener.de\/magazin\/pferd\/ernaehrung\/muskelaufbau-bei-pferden-durch-nahrung\/#primaryimage","url":"https:\/\/uelzener.de\/magazin\/app\/uploads\/2024\/05\/Muskelaufbau-Pferd-durch-Ernaehrung.jpg","contentUrl":"https:\/\/uelzener.de\/magazin\/app\/uploads\/2024\/05\/Muskelaufbau-Pferd-durch-Ernaehrung.jpg","width":1025,"height":450,"caption":"Pferd in Nahaufnahme kaut Gras. Welches Futter ist gut geeignet f\u00fcr den Muskelaufbau bei Pferden?"},{"@type":"WebSite","@id":"https:\/\/uelzener.de\/magazin\/#website","url":"https:\/\/uelzener.de\/magazin\/","name":"Uelzener Tiermagazin","description":"Online Tierratgeber der Uelzener Versicherungen","publisher":{"@id":"https:\/\/uelzener.de\/magazin\/#organization"},"potentialAction":[{"@type":"SearchAction","target":{"@type":"EntryPoint","urlTemplate":"https:\/\/uelzener.de\/magazin\/?s={search_term_string}"},"query-input":{"@type":"PropertyValueSpecification","valueRequired":true,"valueName":"search_term_string"}}],"inLanguage":"de"},{"@type":"Organization","@id":"https:\/\/uelzener.de\/magazin\/#organization","name":"Uelzener Versicherungen","url":"https:\/\/uelzener.de\/magazin\/","logo":{"@type":"ImageObject","inLanguage":"de","@id":"https:\/\/uelzener.de\/magazin\/#\/schema\/logo\/image\/","url":"https:\/\/uelzener.de\/magazin\/app\/uploads\/2024\/11\/uelzener_allgemeine_versicherungsgesellschaft_a_g_logo.jpg","contentUrl":"https:\/\/uelzener.de\/magazin\/app\/uploads\/2024\/11\/uelzener_allgemeine_versicherungsgesellschaft_a_g_logo.jpg","width":200,"height":200,"caption":"Uelzener Versicherungen"},"image":{"@id":"https:\/\/uelzener.de\/magazin\/#\/schema\/logo\/image\/"},"sameAs":["https:\/\/www.facebook.com\/Uelzener","https:\/\/instagram.com\/uelzener","https:\/\/www.xing.com\/pages\/uelzenerallgemeineversicherungs-gesellschafta-g","https:\/\/www.youtube.com\/UelzenerVersicherungen"]}]}},"_links":{"self":[{"href":"https:\/\/uelzener.de\/magazin\/wp-json\/wp\/v2\/pages\/14362","targetHints":{"allow":["GET"]}}],"collection":[{"href":"https:\/\/uelzener.de\/magazin\/wp-json\/wp\/v2\/pages"}],"about":[{"href":"https:\/\/uelzener.de\/magazin\/wp-json\/wp\/v2\/types\/page"}],"author":[{"embeddable":true,"href":"https:\/\/uelzener.de\/magazin\/wp-json\/wp\/v2\/users\/11"}],"replies":[{"embeddable":true,"href":"https:\/\/uelzener.de\/magazin\/wp-json\/wp\/v2\/comments?post=14362"}],"version-history":[{"count":10,"href":"https:\/\/uelzener.de\/magazin\/wp-json\/wp\/v2\/pages\/14362\/revisions"}],"predecessor-version":[{"id":19027,"href":"https:\/\/uelzener.de\/magazin\/wp-json\/wp\/v2\/pages\/14362\/revisions\/19027"}],"up":[{"embeddable":true,"href":"https:\/\/uelzener.de\/magazin\/wp-json\/wp\/v2\/pages\/11672"}],"wp:featuredmedia":[{"embeddable":true,"href":"https:\/\/uelzener.de\/magazin\/wp-json\/wp\/v2\/media\/17448"}],"wp:attachment":[{"href":"https:\/\/uelzener.de\/magazin\/wp-json\/wp\/v2\/media?parent=14362"}],"curies":[{"name":"wp","href":"https:\/\/api.w.org\/{rel}","templated":true}]}}