{"id":14323,"date":"2022-11-07T12:16:45","date_gmt":"2022-11-07T11:16:45","guid":{"rendered":"https:\/\/uelzener.de\/magazin\/?page_id=14323"},"modified":"2025-11-13T11:48:24","modified_gmt":"2025-11-13T10:48:24","slug":"hund-hunger-anzeichen","status":"publish","type":"page","link":"https:\/\/uelzener.de\/magazin\/hund\/ernaehrung\/hund-hunger-anzeichen\/","title":{"rendered":"Wie erkenne ich wirklichen Hunger bei meinem Hund?"},"content":{"rendered":"<p>Dein Hund bettelt und streicht um den Futternapf herum. Vielleicht bellt er sogar, jault oder versucht, den Napf umzuwerfen. Alles Anzeichen daf\u00fcr, dass er etwas fressen m\u00f6chte. Doch welchen Grund hat dein Vierbeiner f\u00fcr sein Verhalten? Hat er wirklich Hunger, ist ihm langweilig, schmeckt es ihm einfach nur zu gut und er m\u00f6chte am liebsten immer noch mehr fressen?<\/p>\n<p>Woran kannst du erkennen, ob dein Hund tats\u00e4chlich Hunger hat? Um diese Frage zu beantworten, ist es wichtig, die Unterscheidung zwischen Hunger und Appetit zu verstehen.<\/p>\n<p>Hunger ist ein k\u00f6rperlicher Mangel. Appetit dagegen ist ein psychischer Impuls.<\/p>\n<p>Bekommst dein Hund ausreichend Futter, hat er keinen Hunger, kann aber sehr wohl Appetit haben. Diesen \u00e4u\u00dfern Hunde unterschiedlich ausdauernd und laut.<\/p>\n<p>Hat dein Hund Appetit und bettelt, kannst du mit einer konsequenteren Erziehung versuchen deinem Hund das Betteln abzutrainieren oder es zumindest zu reduzieren. Denn Betteln entsteht, wenn dein Hund in der Vergangenheit immer wieder die Erfahrung gemacht hat, dass sein Betteln belohnt wird. Gibt man dem Hund immer wieder nach und steckt ihm, wenn er bettelt, immer wieder Leckerli zu, dann wird dein Hund darin best\u00e4rkt, dass Betteln sich f\u00fcr ihn lohnt. Er wird damit nicht von selbst aufh\u00f6ren. Erst wenn er immer wieder, und zwar m\u00f6glichst konsequent, die Erfahrung macht, dass er beim Betteln nichts bekommt, wird er sein Verhalten \u00e4ndern.<\/p>\n<p>Hat dein Hund tats\u00e4chlich Hunger, ist es sehr wichtig dies zu erkennen. Registrierst du nicht, dass dein Hund Hunger hat, kann das negative Folgen f\u00fcr ihn haben. Denn es gibt immer einen guten Grund, wenn dein Hund trotz der gewohnten und bislang auch ausreichenden Futtermenge Hunger bekommt. Der Hintergrund kann ein gestiegener Energiebedarf sein oder aber auch eine Krankheit. Hunger kann also ein Alarmsignal sein, auf das du unbedingt h\u00f6ren solltest. Hast du den Eindruck, dass dein Hund wirklich Hunger hat, solltest unbedingt mit ihm zu dein:er Tier\u00e4rzt:in gehen.<\/p>\n<p>Doch woran kannst du erkennen, ob dein Hund wirklich Hunger hat?<\/p>\n<h2>Anzeichen f\u00fcr wirklichen Hunger beim Hund<\/h2>\n<p>Beobachte deinen Hund. Hat er sein Verhalten ver\u00e4ndert? Folgende Verhaltensweisen und Merkmale k\u00f6nnen auf echten Hunger hindeuten:<\/p>\n<ul>\n<li>Aggressivit\u00e4t: Dein Hund ist aggressiver als sonst. Er schnappt \u00f6fter, fletscht die Z\u00e4hne oder knurrt.<\/li>\n<li>Anspannung: Dein Hund ist sehr angespannt. Seine Muskulatur wirkt hart und fester als sonst.<\/li>\n<li>Unruhe: Dein Hund ist sehr unruhig. In sonst eher ruhigen Phasen wirkt er aktiv und rastlos.<\/li>\n<li>Magenknurren: Du h\u00f6rst, dass der Magen deines Hundes knurrt.<\/li>\n<li>Futternapf fixieren: Dein Hund bleibt stets in der N\u00e4he des Futternapfs und fixiert ihn vielleicht sogar.<\/li>\n<\/ul>\n<p>Hinter jeder Verhaltens\u00e4nderung steckt in der Regel ein guter Grund und der sollte gefunden werden.<\/p>\n<h2>Was k\u00f6nnen Gr\u00fcnde f\u00fcr Hunger bei deinem Hund sein?<\/h2>\n<p>Bislang war dein Hund zufrieden mit seiner Futtermenge. Es war alles in Ordnung und du konntest unbesorgt sein. Doch pl\u00f6tzlich hat dein Hund st\u00e4ndig Hunger. Er wirkt aggressiver, angespannter, ist merkw\u00fcrdig unruhig oder vielleicht knurrt sogar sein Magen. Alles Anzeichen f\u00fcr tats\u00e4chlichen Hunger. Doch was kann es f\u00fcr Gr\u00fcnde geben? Bislang war doch alles in Ordnung. F\u00fcr den Hunger deines Hundes kann es ganz verschiedene Ursachen geben.<\/p>\n<h3>Minderwertiges Hundefutter<\/h3>\n<p>Greifst du seit kurzem zu einem anderen Futter? Bestimmt in bester Absicht. Dennoch kann es sein, dass das neue Futter weniger gehaltvoll ist und dein Hund so zu wenig N\u00e4hrstoffe bekommt. Dies \u00e4u\u00dfert sich dann im Hungergef\u00fchlen bei deinem Hund, die du unbedingt ernst nehmen solltest. Vielleicht musst du die Ern\u00e4hrung umstellen. Greife zu einem anderen hochwertigeren Futter oder f\u00fcttere mehr von demjenigen, das du ja sicher aus gutem Grunde ausgew\u00e4hlt hast.<\/p>\n<h3>Jahreszeitenwechsel<\/h3>\n<p>Im Winter kann es sein, dass Hunde mehr Futter brauchen. Wenn es drau\u00dfen k\u00e4lter ist, ben\u00f6tigen Hunde mehr Energie, um ihre K\u00f6rpertemperatur stabil zu halten. Bekommen sie nicht ausreichend zu fressen, fehlt ihnen daf\u00fcr die n\u00f6tige Energie und sie leiden unter Hunger. Beobachte, ob die Anzeichen f\u00fcr Hunger mit dem Jahreszeitenwechsel zusammenh\u00e4ngen k\u00f6nnten. Du kannst ausprobieren, ob es deinem Hund mit einer erh\u00f6hten Futtermenge besser geht.<\/p>\n<h3>Zu wenige Mahlzeiten<\/h3>\n<p>Hunde k\u00f6nnen unter Hunger leiden, wenn sie zu wenige Mahlzeiten am Tag bekommen. Viele Hundehalter:innen f\u00fcttern zweimal am Tag. F\u00fcr viele Vierbeiner ist das v\u00f6llig in Ordnung und ausreichend. Manche Hunde kommen jedoch besser mit drei oder vier Mahlzeiten am Tag zurecht. Wichtig dabei: Die Gesamtfuttermenge sollte auf die Anzahl der Mahlzeiten verteilt werden. So werden auch bislang zwei gr\u00f6\u00dferen Mahlzeiten zum Beispiel drei oder vier kleiner Mahlzeiten. Ein weiterer Punkt ist die letzte Mahlzeit des Tages. Diese sollte nicht zu sp\u00e4t erfolgen.<\/p>\n\n<div class=\"related_articles boxed\">\n    <h2>Mehr zum Thema<\/h2>\n    \n    <div class=\"wrapper\"><div class=\"title align-center\"><h3><a href=\"https:\/\/uelzener.de\/magazin\/hund\/ernaehrung\/hunde-nach-17-uhr-fuettern\/\">Warum Hunde nicht nach 17:00 Uhr f\u00fcttern?<\/a><\/h3><\/div><div class=\"img align-center\"><img decoding=\"async\" width=\"315\" height=\"180\" src=\"https:\/\/uelzener.de\/magazin\/app\/uploads\/2022\/11\/warum-hund-nicht-nach-17-uhr-fuettern-315x180.jpg\" class=\"attachment-315x180 size-315x180 wp-post-image\" alt=\"Kleiner schwarzer Hund guckt hungrig auf eine gef\u00fcllte Futterschale. Aber warum sollten Hunde nach 17:00 Uhr nicht mehr essen?\" \/><\/div><\/div><div class=\"wrapper\"><div class=\"title align-center\"><h3><a href=\"https:\/\/uelzener.de\/magazin\/hund\/ernaehrung\/duerfen-hunde-katzenfutter-fressen\/\">D\u00fcrfen Hunde Katzenfutter fressen?<\/a><\/h3><\/div><div class=\"img align-center\"><img decoding=\"async\" width=\"315\" height=\"180\" src=\"https:\/\/uelzener.de\/magazin\/app\/uploads\/2021\/09\/1024x450_Nahaufnahme_Hund-und-Katze-fressen-aus-Napf-315x180.jpg\" class=\"attachment-315x180 size-315x180 wp-post-image\" alt=\"Hund und Katze fressen aus einem Napf mit Katzenfutter.\" \/><\/div><\/div><div class=\"wrapper\"><div class=\"title align-center\"><h3><a href=\"https:\/\/uelzener.de\/magazin\/hund\/ernaehrung\/was-essen-hunde\/\">Was essen Hunde au\u00dfer Hundefutter?<\/a><\/h3><\/div><div class=\"img align-center\"><img decoding=\"async\" width=\"315\" height=\"180\" src=\"https:\/\/uelzener.de\/magazin\/app\/uploads\/2022\/11\/was-essen-hunde-ausser-hundefutter-315x180.jpg\" class=\"attachment-315x180 size-315x180 wp-post-image\" alt=\"Ein Hund bekommt eine Himbeere. Was essen Hunde au\u00dfer Hundefutter?\" \/><\/div><\/div><\/div>\n\n<h3>Stoffwechselerkrankungen<\/h3>\n<p>Einige Stoffwechselerkrankungen f\u00fchren dazu, dass Hunde Hunger entwickeln. So f\u00fchrt <a href=\"https:\/\/uelzener.de\/magazin\/hund\/tiergesundheit\/diabetes-beim-hund\/\">Diabetes beim Hund<\/a> zu verst\u00e4rktem Hunger. Aber auch eine <a href=\"https:\/\/uelzener.de\/magazin\/hund\/tiergesundheit\/schilddruesenunterfunktion-hypothyreose-beim-hund\/\" target=\"_blank\" rel=\"noopener\">Schilddr\u00fcsenunterfunktion (Hypothyreose)<\/a> oder eine \u00dcberfunktion der Nebennierenrinde (Morbus Cushing), verursachen verst\u00e4rkte Hungergef\u00fchle. So kann der Hunger deines Hundes ein Warnsignal sein, dass er unter einer dieser Krankheiten leidet. Daher ist es so wichtig, bei Anzeichen von Hunger bei deinem Hund, zur Tier\u00e4rzt:in zu gehen.<\/p>\n<h3>Parasiten und Wurmbefall im Darm<\/h3>\n<p>Leidet dein Hund unter Parasiten oder W\u00fcrmern, kann es sein, dass er verst\u00e4rkt Hunger versp\u00fcrt. Denn <a href=\"https:\/\/uelzener.de\/magazin\/hund\/tiergesundheit\/wuermer-hund\/\">W\u00fcrmer bei Hunden<\/a> verursachen oftmals Hei\u00dfhunger. Vielleicht gibst du ihm nun sogar mehr zu fressen. Dennoch kann es sein, dass dein Hund abnimmt. Das sollte dich alarmieren. Denn die Vermutung liegt nahe, dass dein Hund von Parasiten oder W\u00fcrmern befallen ist.<\/p>\n<h3>Entz\u00fcndliche Darmerkrankung<\/h3>\n<p>Bei einer entz\u00fcndlichen Darmerkrankung leidet der Hund unter <a href=\"https:\/\/uelzener.de\/magazin\/hund\/haeufige-fragen\/durchfall-beim-hund-verdauung\/\">Durchfall<\/a> und Erbrechen. Dies f\u00fchrt dazu, dass die N\u00e4hrstoffe vom K\u00f6rper nicht ausreichend aufgenommen werden k\u00f6nnen und damit auch zu gesteigerten Hungergef\u00fchlen. Aufgrund der ausgepr\u00e4gten Symptomatik der entz\u00fcndlichen Darmerkrankung sollte jede Hundehalter:in fach\u00e4rztliche Beratung aufsuchen.<\/p>\n<h3>Krebserkrankung<\/h3>\n<p>Eine Krebserkrankung deines Hundes kann verst\u00e4rkten Hunger verursachen. In dem Fall wird dein Hund trotz gesteigerter Futteraufnahme abnehmen. Auch hier gilt: Zeigt dein Hund pl\u00f6tzlich verst\u00e4rkte Anzeichen von Hunger, dann solltest du unbedingt fach\u00e4rztlichen Rat einholen.<\/p>\n<h3>Bauchspeicheldr\u00fcsenerkrankung<\/h3>\n<p>Eine Unterfunktion der Bauchspeicheldr\u00fcse (Pankreasinsuffizienz) bewirkt ebenfalls verst\u00e4rkten Hunger. Denn aufgrund der Erkrankung werden die N\u00e4hrstoffe aus dem Futter weniger gut aufgenommen. Dies f\u00fchrt zu andauerndem Hei\u00dfhunger. Auch in diesem Fall ist der Hunger des Hundes ein Warnsignal f\u00fcr eine Krankheit. Diese ist zum Gl\u00fcck gut behandelbar.<\/p>\n<h3>Nebenwirkungen von Medikamenten<\/h3>\n<p>Bekommt dein Hund Medikamente? Kortisonhaltige Medikamente oder Mittel gegen <a href=\"https:\/\/uelzener.de\/magazin\/hund\/tiergesundheit\/epilepsie-beim-hund\/\" target=\"_blank\" rel=\"noopener\">Epilepsie<\/a> zum Beispiel? Medikamente wirken, haben aber leider h\u00e4ufig auch unerw\u00fcnschte Nebenwirkungen. Dazu kann eine Zunahme von Hungergef\u00fchlen geh\u00f6ren. Biete deinem Hund ein weniger energiereiches Futtermittel an. Dann kann dein Hund eine vom Volumen her gr\u00f6\u00dfere Menge zu sich nehmen, ohne zuzunehmen. Das kann die Hungergef\u00fchle verringern.<\/p>\n<h2>Haben Hunde ein S\u00e4ttigungsgef\u00fchl?<\/h2>\n<p>Die meisten Hunde h\u00f6ren nicht von sich aus auf zu fressen, wenn sie satt sind. W\u00fcrde das Futter nicht k\u00fcnstlich verknappt, w\u00fcrden sie immer weiter essen. Bestimmte Rassen, wie z.B. Beagle, haben den Ruf, sogar einen offen zug\u00e4nglichen Futtersack leer zu fressen. Andere Hunderassen sind weniger erpicht aufs Fressen. Hunde sind von ihrem historischen Ursprung her, wildlebende Tiere. Diese waren darauf angewiesen zu fressen, wenn sie denn etwas erjagen konnten. In dem Fall war es wichtig, dass sie sozusagen auf Vorrat fressen konnten. Diese Verhaltensweisen haben sich bis heute erhalten.<\/p>\n<p>Da Hunde selbst oft kein S\u00e4ttigungsgef\u00fchl haben, liegt es in deiner Verantwortung zu bestimmen, wie viel dein Hund essen darf. Dazu kannst du dich bei dein:er Tier\u00e4rzt:in oder auch in der Zoohandlung beraten lassen. Bei der Entscheidung spielt die Wahl zwischen <a href=\"https:\/\/uelzener.de\/magazin\/hund\/ernaehrung\/nassfutter-vs-trockenfutter\/\">Nassfutter vs. Trockenfutter<\/a> eine Rolle. Nassfutter ist weniger energiereich als Trockenfutter. Daher f\u00fchrt Trockenfutter schneller zu einer S\u00e4ttigung. Die optimale Futtermenge versorgt deinen Hund mit allen wichtigen N\u00e4hrstoffen und sorgt daf\u00fcr, dass er ein gesundes Gewicht h\u00e4lt.<\/p>\n<h2>Woran erkennen, ob man zu wenig f\u00fcttert?<\/h2>\n<p>Grunds\u00e4tzlich hast du die passende Futtermenge f\u00fcr deinen Hund ausgerechnet und h\u00e4ltst dich im Alltag daran. Dennoch kann es sein, dass du unabsichtlich zu wenig f\u00fctterst. Das kann daran liegen, dass du das Futter gewechselt hast und das neue Futter nicht so ergiebig ist wie das bisherige. Vielleicht hat sich der Stoffwechsel deines Hundes aufgrund niedrigerer Temperaturen oder verst\u00e4rkter Bewegung ver\u00e4ndert. Dein Hund signalisiert dir, wenn er zu wenig Futter bekommt. Er zeigt Anzeichen von Hunger, wie z.B. Aggressivit\u00e4t oder Magenknurren. Au\u00dferdem wird dein Hund abnehmen. Allersp\u00e4testens dann solltest du alarmiert sein und den Tierarzt aufsuchen. Falls m\u00f6glich, wiege deinen Hund in regelm\u00e4\u00dfigen Abst\u00e4nden. So bekommst du auf jeden Fall mit, wenn sich das Gewicht deines Hundes ver\u00e4ndert.<\/p>\n<h2>FAQ: H\u00e4ufig gestellte Fragen<\/h2>\n<h2>Wie verhalten sich Hunde, wenn sie hungrig sind?<\/h2>\n<p>Hungrige Hunde k\u00f6nnen aggressiv sein oder auch sehr angespannt und reizbar. Obendrein halten sie sich wom\u00f6glich sehr lange um ihren Futterplatz herum auf oder versuchen auf ihren Hunger aufmerksam zu machen. Zum Beispiel indem sie mit ihrem Futternapf spielen.<\/p>\n<h2>Was steckt noch hinter der Fresssucht au\u00dfer Hunger?<\/h2>\n<p>In vielen F\u00e4llen steckt hinter der Fresssucht eines Hunds gar kein Hunger. Oftmals verbergen sich dahinter negative Gewohnheiten, die auf einer inkonsequenten Erziehung beruhen. Bekommt ein Hund regelm\u00e4\u00dfig etwas vom Esstisch seiner Familie, wird sein Betteln mit Leckerli belohnt oder gibt es f\u00fcr ihn keine regelm\u00e4\u00dfigen F\u00fctterungszeiten, dann wird der Hund nat\u00fcrlicherweise darauf mit Betteln reagieren. Halte regelm\u00e4\u00dfige F\u00fctterungszeiten ein und gib Leckerli wirklich nur als Belohnung f\u00fcr eine erbrachte Leistung. Das sind die grundlegendsten Ma\u00dfnahmen, um einem Hund das Betteln gar nicht erst anzugew\u00f6hnen. Neben schlechten Gewohnheiten spielt auch Langeweile eine Rolle. Ein gelangweilter Hund verlangt nach Besch\u00e4ftigung und wird sich bemerkbar machen. F\u00fcr viele Hunde ist das Betteln um Leckerli eine willkommene Abwechslung zu ihrer Langeweile. Probier mal aus, mit deinem Hund zu spielen und ihn anderweitig zu besch\u00e4ftigen, wenn er wieder nach Leckerli bettelt. So findest du heraus, um was es wom\u00f6glich wirklich geht.<\/p>\n","protected":false},"excerpt":{"rendered":"<p>Dein Hund bettelt und streicht um den Futternapf herum. Vielleicht bellt er sogar, jault oder versucht, den Napf umzuwerfen. Alles Anzeichen daf\u00fcr, dass er etwas fressen m\u00f6chte. Doch welchen Grund hat dein Vierbeiner f\u00fcr sein Verhalten? Hat er wirklich Hunger, ist ihm langweilig, schmeckt es ihm einfach nur zu gut und er m\u00f6chte am liebsten [&hellip;]<\/p>\n","protected":false},"author":11,"featured_media":14325,"parent":11674,"menu_order":7,"comment_status":"closed","ping_status":"closed","template":"templates\/blog.php","meta":{"_acf_changed":false,"_crdt_document":"","footnotes":"","beyondwords_generate_audio":"","beyondwords_project_id":"","beyondwords_content_id":"","beyondwords_preview_token":"","beyondwords_player_style":"","beyondwords_language_id":"","beyondwords_title_voice_id":"","beyondwords_body_voice_id":"","beyondwords_summary_voice_id":"","beyondwords_error_message":"","beyondwords_disabled":"","beyondwords_delete_content":"","beyondwords_podcast_id":"","beyondwords_hash":"","publish_post_to_speechkit":"","speechkit_hash":"","speechkit_generate_audio":"","speechkit_project_id":"","speechkit_podcast_id":"","speechkit_error_message":"","speechkit_disabled":"","speechkit_access_key":"","speechkit_error":"","speechkit_info":"","speechkit_response":"","speechkit_retries":"","speechkit_status":"","speechkit_updated_at":"","_speechkit_link":"","_speechkit_text":""},"class_list":["post-14323","page","type-page","status-publish","has-post-thumbnail","hentry"],"acf":[],"yoast_head":"<!-- This site is optimized with the Yoast SEO Premium plugin  - https:\/\/yoast.com\/product\/yoast-seo-premium-wordpress\/ -->\n<title>Wie erkenne ich wirklichen Hunger bei meinem Hund? | Uelzener Magazin<\/title>\n<meta name=\"description\" content=\"Woran erkennen, ob man zu wenig f\u00fcttert oder der Hund wirklich Hunger hat? Und wann stecken Krankheiten dahinter?\" \/>\n<meta name=\"robots\" content=\"index, follow, max-snippet:-1, max-image-preview:large, max-video-preview:-1\" \/>\n<link rel=\"canonical\" href=\"https:\/\/uelzener.de\/magazin\/hund\/ernaehrung\/hund-hunger-anzeichen\/\" \/>\n<meta property=\"og:locale\" content=\"de_DE\" \/>\n<meta property=\"og:type\" content=\"article\" \/>\n<meta property=\"og:title\" content=\"Wie erkenne ich wirklichen Hunger bei meinem Hund?\" \/>\n<meta property=\"og:description\" content=\"Woran erkennen, ob man zu wenig f\u00fcttert oder der Hund wirklich Hunger hat? Und wann stecken Krankheiten dahinter?\" \/>\n<meta property=\"og:url\" content=\"https:\/\/uelzener.de\/magazin\/hund\/ernaehrung\/hund-hunger-anzeichen\/\" \/>\n<meta property=\"og:site_name\" content=\"Uelzener Tier-Magazin\" \/>\n<meta property=\"article:publisher\" content=\"https:\/\/www.facebook.com\/Uelzener\" \/>\n<meta property=\"article:modified_time\" content=\"2025-11-13T10:48:24+00:00\" \/>\n<meta property=\"og:image\" content=\"https:\/\/uelzener.de\/magazin\/app\/uploads\/2022\/11\/hund-hunger-anzeichen.jpg\" \/>\n\t<meta property=\"og:image:width\" content=\"1025\" \/>\n\t<meta property=\"og:image:height\" content=\"450\" \/>\n\t<meta property=\"og:image:type\" content=\"image\/jpeg\" \/>\n<meta name=\"twitter:card\" content=\"summary_large_image\" \/>\n<meta name=\"twitter:label1\" content=\"Gesch\u00e4tzte Lesezeit\" \/>\n\t<meta name=\"twitter:data1\" content=\"9\u00a0Minuten\" \/>\n<script type=\"application\/ld+json\" class=\"yoast-schema-graph\">{\"@context\":\"https:\\\/\\\/schema.org\",\"@graph\":[{\"@type\":\"WebPage\",\"@id\":\"https:\\\/\\\/uelzener.de\\\/magazin\\\/hund\\\/ernaehrung\\\/hund-hunger-anzeichen\\\/\",\"url\":\"https:\\\/\\\/uelzener.de\\\/magazin\\\/hund\\\/ernaehrung\\\/hund-hunger-anzeichen\\\/\",\"name\":\"Wie erkenne ich wirklichen Hunger bei meinem Hund? | Uelzener Magazin\",\"isPartOf\":{\"@id\":\"https:\\\/\\\/uelzener.de\\\/magazin\\\/#website\"},\"primaryImageOfPage\":{\"@id\":\"https:\\\/\\\/uelzener.de\\\/magazin\\\/hund\\\/ernaehrung\\\/hund-hunger-anzeichen\\\/#primaryimage\"},\"image\":{\"@id\":\"https:\\\/\\\/uelzener.de\\\/magazin\\\/hund\\\/ernaehrung\\\/hund-hunger-anzeichen\\\/#primaryimage\"},\"thumbnailUrl\":\"https:\\\/\\\/uelzener.de\\\/magazin\\\/app\\\/uploads\\\/2022\\\/11\\\/hund-hunger-anzeichen.jpg\",\"datePublished\":\"2022-11-07T11:16:45+00:00\",\"dateModified\":\"2025-11-13T10:48:24+00:00\",\"description\":\"Woran erkennen, ob man zu wenig f\u00fcttert oder der Hund wirklich Hunger hat? Und wann stecken Krankheiten dahinter?\",\"breadcrumb\":{\"@id\":\"https:\\\/\\\/uelzener.de\\\/magazin\\\/hund\\\/ernaehrung\\\/hund-hunger-anzeichen\\\/#breadcrumb\"},\"inLanguage\":\"de\",\"potentialAction\":[{\"@type\":\"ReadAction\",\"target\":[\"https:\\\/\\\/uelzener.de\\\/magazin\\\/hund\\\/ernaehrung\\\/hund-hunger-anzeichen\\\/\"]}]},{\"@type\":\"ImageObject\",\"inLanguage\":\"de\",\"@id\":\"https:\\\/\\\/uelzener.de\\\/magazin\\\/hund\\\/ernaehrung\\\/hund-hunger-anzeichen\\\/#primaryimage\",\"url\":\"https:\\\/\\\/uelzener.de\\\/magazin\\\/app\\\/uploads\\\/2022\\\/11\\\/hund-hunger-anzeichen.jpg\",\"contentUrl\":\"https:\\\/\\\/uelzener.de\\\/magazin\\\/app\\\/uploads\\\/2022\\\/11\\\/hund-hunger-anzeichen.jpg\",\"width\":1025,\"height\":450,\"caption\":\"Ein heller HUnd bettelt mit leerem Napf im Maul. Wie erkenne ich die Anzeichen f\u00fcr Hunger bei einem Hund?\"},{\"@type\":\"WebSite\",\"@id\":\"https:\\\/\\\/uelzener.de\\\/magazin\\\/#website\",\"url\":\"https:\\\/\\\/uelzener.de\\\/magazin\\\/\",\"name\":\"Uelzener Tiermagazin\",\"description\":\"Online Tierratgeber der Uelzener Versicherungen\",\"publisher\":{\"@id\":\"https:\\\/\\\/uelzener.de\\\/magazin\\\/#organization\"},\"potentialAction\":[{\"@type\":\"SearchAction\",\"target\":{\"@type\":\"EntryPoint\",\"urlTemplate\":\"https:\\\/\\\/uelzener.de\\\/magazin\\\/?s={search_term_string}\"},\"query-input\":{\"@type\":\"PropertyValueSpecification\",\"valueRequired\":true,\"valueName\":\"search_term_string\"}}],\"inLanguage\":\"de\"},{\"@type\":\"Organization\",\"@id\":\"https:\\\/\\\/uelzener.de\\\/magazin\\\/#organization\",\"name\":\"Uelzener Versicherungen\",\"url\":\"https:\\\/\\\/uelzener.de\\\/magazin\\\/\",\"logo\":{\"@type\":\"ImageObject\",\"inLanguage\":\"de\",\"@id\":\"https:\\\/\\\/uelzener.de\\\/magazin\\\/#\\\/schema\\\/logo\\\/image\\\/\",\"url\":\"https:\\\/\\\/uelzener.de\\\/magazin\\\/app\\\/uploads\\\/2024\\\/11\\\/uelzener_allgemeine_versicherungsgesellschaft_a_g_logo.jpg\",\"contentUrl\":\"https:\\\/\\\/uelzener.de\\\/magazin\\\/app\\\/uploads\\\/2024\\\/11\\\/uelzener_allgemeine_versicherungsgesellschaft_a_g_logo.jpg\",\"width\":200,\"height\":200,\"caption\":\"Uelzener Versicherungen\"},\"image\":{\"@id\":\"https:\\\/\\\/uelzener.de\\\/magazin\\\/#\\\/schema\\\/logo\\\/image\\\/\"},\"sameAs\":[\"https:\\\/\\\/www.facebook.com\\\/Uelzener\",\"https:\\\/\\\/instagram.com\\\/uelzener\",\"https:\\\/\\\/www.xing.com\\\/pages\\\/uelzenerallgemeineversicherungs-gesellschafta-g\",\"https:\\\/\\\/www.youtube.com\\\/UelzenerVersicherungen\"]}]}<\/script>\n<!-- \/ Yoast SEO Premium plugin. -->","yoast_head_json":{"title":"Wie erkenne ich wirklichen Hunger bei meinem Hund? | Uelzener Magazin","description":"Woran erkennen, ob man zu wenig f\u00fcttert oder der Hund wirklich Hunger hat? Und wann stecken Krankheiten dahinter?","robots":{"index":"index","follow":"follow","max-snippet":"max-snippet:-1","max-image-preview":"max-image-preview:large","max-video-preview":"max-video-preview:-1"},"canonical":"https:\/\/uelzener.de\/magazin\/hund\/ernaehrung\/hund-hunger-anzeichen\/","og_locale":"de_DE","og_type":"article","og_title":"Wie erkenne ich wirklichen Hunger bei meinem Hund?","og_description":"Woran erkennen, ob man zu wenig f\u00fcttert oder der Hund wirklich Hunger hat? Und wann stecken Krankheiten dahinter?","og_url":"https:\/\/uelzener.de\/magazin\/hund\/ernaehrung\/hund-hunger-anzeichen\/","og_site_name":"Uelzener Tier-Magazin","article_publisher":"https:\/\/www.facebook.com\/Uelzener","article_modified_time":"2025-11-13T10:48:24+00:00","og_image":[{"width":1025,"height":450,"url":"https:\/\/uelzener.de\/magazin\/app\/uploads\/2022\/11\/hund-hunger-anzeichen.jpg","type":"image\/jpeg"}],"twitter_card":"summary_large_image","twitter_misc":{"Gesch\u00e4tzte Lesezeit":"9\u00a0Minuten"},"schema":{"@context":"https:\/\/schema.org","@graph":[{"@type":"WebPage","@id":"https:\/\/uelzener.de\/magazin\/hund\/ernaehrung\/hund-hunger-anzeichen\/","url":"https:\/\/uelzener.de\/magazin\/hund\/ernaehrung\/hund-hunger-anzeichen\/","name":"Wie erkenne ich wirklichen Hunger bei meinem Hund? | Uelzener Magazin","isPartOf":{"@id":"https:\/\/uelzener.de\/magazin\/#website"},"primaryImageOfPage":{"@id":"https:\/\/uelzener.de\/magazin\/hund\/ernaehrung\/hund-hunger-anzeichen\/#primaryimage"},"image":{"@id":"https:\/\/uelzener.de\/magazin\/hund\/ernaehrung\/hund-hunger-anzeichen\/#primaryimage"},"thumbnailUrl":"https:\/\/uelzener.de\/magazin\/app\/uploads\/2022\/11\/hund-hunger-anzeichen.jpg","datePublished":"2022-11-07T11:16:45+00:00","dateModified":"2025-11-13T10:48:24+00:00","description":"Woran erkennen, ob man zu wenig f\u00fcttert oder der Hund wirklich Hunger hat? Und wann stecken Krankheiten dahinter?","breadcrumb":{"@id":"https:\/\/uelzener.de\/magazin\/hund\/ernaehrung\/hund-hunger-anzeichen\/#breadcrumb"},"inLanguage":"de","potentialAction":[{"@type":"ReadAction","target":["https:\/\/uelzener.de\/magazin\/hund\/ernaehrung\/hund-hunger-anzeichen\/"]}]},{"@type":"ImageObject","inLanguage":"de","@id":"https:\/\/uelzener.de\/magazin\/hund\/ernaehrung\/hund-hunger-anzeichen\/#primaryimage","url":"https:\/\/uelzener.de\/magazin\/app\/uploads\/2022\/11\/hund-hunger-anzeichen.jpg","contentUrl":"https:\/\/uelzener.de\/magazin\/app\/uploads\/2022\/11\/hund-hunger-anzeichen.jpg","width":1025,"height":450,"caption":"Ein heller HUnd bettelt mit leerem Napf im Maul. Wie erkenne ich die Anzeichen f\u00fcr Hunger bei einem Hund?"},{"@type":"WebSite","@id":"https:\/\/uelzener.de\/magazin\/#website","url":"https:\/\/uelzener.de\/magazin\/","name":"Uelzener Tiermagazin","description":"Online Tierratgeber der Uelzener Versicherungen","publisher":{"@id":"https:\/\/uelzener.de\/magazin\/#organization"},"potentialAction":[{"@type":"SearchAction","target":{"@type":"EntryPoint","urlTemplate":"https:\/\/uelzener.de\/magazin\/?s={search_term_string}"},"query-input":{"@type":"PropertyValueSpecification","valueRequired":true,"valueName":"search_term_string"}}],"inLanguage":"de"},{"@type":"Organization","@id":"https:\/\/uelzener.de\/magazin\/#organization","name":"Uelzener Versicherungen","url":"https:\/\/uelzener.de\/magazin\/","logo":{"@type":"ImageObject","inLanguage":"de","@id":"https:\/\/uelzener.de\/magazin\/#\/schema\/logo\/image\/","url":"https:\/\/uelzener.de\/magazin\/app\/uploads\/2024\/11\/uelzener_allgemeine_versicherungsgesellschaft_a_g_logo.jpg","contentUrl":"https:\/\/uelzener.de\/magazin\/app\/uploads\/2024\/11\/uelzener_allgemeine_versicherungsgesellschaft_a_g_logo.jpg","width":200,"height":200,"caption":"Uelzener Versicherungen"},"image":{"@id":"https:\/\/uelzener.de\/magazin\/#\/schema\/logo\/image\/"},"sameAs":["https:\/\/www.facebook.com\/Uelzener","https:\/\/instagram.com\/uelzener","https:\/\/www.xing.com\/pages\/uelzenerallgemeineversicherungs-gesellschafta-g","https:\/\/www.youtube.com\/UelzenerVersicherungen"]}]}},"_links":{"self":[{"href":"https:\/\/uelzener.de\/magazin\/wp-json\/wp\/v2\/pages\/14323","targetHints":{"allow":["GET"]}}],"collection":[{"href":"https:\/\/uelzener.de\/magazin\/wp-json\/wp\/v2\/pages"}],"about":[{"href":"https:\/\/uelzener.de\/magazin\/wp-json\/wp\/v2\/types\/page"}],"author":[{"embeddable":true,"href":"https:\/\/uelzener.de\/magazin\/wp-json\/wp\/v2\/users\/11"}],"replies":[{"embeddable":true,"href":"https:\/\/uelzener.de\/magazin\/wp-json\/wp\/v2\/comments?post=14323"}],"version-history":[{"count":16,"href":"https:\/\/uelzener.de\/magazin\/wp-json\/wp\/v2\/pages\/14323\/revisions"}],"predecessor-version":[{"id":19499,"href":"https:\/\/uelzener.de\/magazin\/wp-json\/wp\/v2\/pages\/14323\/revisions\/19499"}],"up":[{"embeddable":true,"href":"https:\/\/uelzener.de\/magazin\/wp-json\/wp\/v2\/pages\/11674"}],"wp:featuredmedia":[{"embeddable":true,"href":"https:\/\/uelzener.de\/magazin\/wp-json\/wp\/v2\/media\/14325"}],"wp:attachment":[{"href":"https:\/\/uelzener.de\/magazin\/wp-json\/wp\/v2\/media?parent=14323"}],"curies":[{"name":"wp","href":"https:\/\/api.w.org\/{rel}","templated":true}]}}