{"id":14311,"date":"2022-11-07T11:17:58","date_gmt":"2022-11-07T10:17:58","guid":{"rendered":"https:\/\/uelzener.de\/magazin\/?page_id=14311"},"modified":"2025-09-04T12:43:56","modified_gmt":"2025-09-04T10:43:56","slug":"was-essen-hunde","status":"publish","type":"page","link":"https:\/\/uelzener.de\/magazin\/hund\/ernaehrung\/was-essen-hunde\/","title":{"rendered":"Was essen Hunde au\u00dfer Hundefutter?"},"content":{"rendered":"<p>Dein Hund bekommt sein t\u00e4gliches Hundefutter (egal, ob es <a href=\"https:\/\/uelzener.de\/magazin\/hund\/ernaehrung\/nassfutter-vs-trockenfutter\/\">Nass- oder Trockenfutter<\/a> oder <a href=\"https:\/\/uelzener.de\/magazin\/hund\/ernaehrung\/barfen-fuer-hunde\/\">Barfen<\/a> ist). Damit ist er gut versorgt. Aber manchmal m\u00f6chtest du vielleicht etwas Abwechslung in seine Ern\u00e4hrung bringen. Oder er m\u00f6chte etwas von deinem Essen abhaben und du bist durchaus auch bereit, deine Mahlzeit oder deinen Snack mit ihm zu teilen.<\/p>\n<p>Immer wieder gibt es Gelegenheiten, bei denen unsere vierbeinigen Freunde etwas anderes als ihr Standardhundefutter essen k\u00f6nnen und d\u00fcrfen. Wichtig dabei: Es soll nicht schaden und im besten Falle sogar guttun. Weil es so wichtig ist, dass du deinem Hund nichts Falsches gibst, schauen wir uns das Thema ein bisschen genauer an.<\/p>\n<h2>4 wichtige Punkte, wenn Hunde anderes au\u00dfer Hundefutter bekommen:<\/h2>\n<ul>\n<li>Regul\u00e4re Menge des Hundefutters reduzieren. Andernfalls nimmt dein Hund zu viel Energie zu sich und wird nach und nach an Gewicht zunehmen. Das ist sch\u00e4dlich f\u00fcr Organe und Bewegungsapparat. Die Futtermenge zu beschr\u00e4nken kann besonders dann wichtig sein, wenn dein Hund viel bettelt. Falls dich das Betteln deines Hundes verunsichert, lies mehr zu der Frage: <a href=\"https:\/\/uelzener.de\/magazin\/hund\/ernaehrung\/hund-hunger-anzeichen\/\">Wann hat der Hund wirklich Hunger<\/a>?<\/li>\n<li>Nur ungew\u00fcrzte oder wenig gew\u00fcrzte Nahrungsmittel geben. Gerade Fertiggerichte oder verarbeitete Lebensmittel sind h\u00e4ufig stark gew\u00fcrzt und damit sch\u00e4dlich f\u00fcr deinen Hund. Scharfe Gew\u00fcrze k\u00f6nnen die Magenschleimhaut reizen und manch ein Gew\u00fcrz, wie z.\u00a0B. das sehr beliebte Knoblauchpulver sind sogar giftig.<\/li>\n<li>Nicht zu Kalorienreiches geben. Du solltest darauf verzichten, deinem Hund von sehr fettigen Snacks und Mahlzeiten, wie z.\u00a0B. Chips oder Bratwurst abzugeben. Zum einen sind diese in der Regel zu stark gew\u00fcrzt. Zum anderen nimmt deine Fellnase bereits mit einer sehr kleinen Nahrungsmenge einen Gro\u00dfteil seiner Tagesration auf. Machst du das h\u00e4ufiger, kann dein Hund sich sch\u00e4dliches \u00dcbergewicht anfressen. Wenn du es richtig machst, reduzierst du die t\u00e4gliche Futtermenge um die zus\u00e4tzlichen Kalorien aus den Extras. Dann jedoch besteht das Risiko, dass dein Hund nicht ausreichend mit N\u00e4hrstoffen versorgt wird, weil gerade die kalorienreichen Snacks keine besonders guten Energielieferanten sind.<\/li>\n<li>Auf Vertr\u00e4glichkeit achten. Grunds\u00e4tzlich solltest du immer mit ganz kleinen Mengen ausprobieren, ob dein Hund ein Nahrungsmittel vertr\u00e4gt, das er bisher nicht bekommen hat. Beobachte deinen Hund genau. So erkennst du, ob dein Hund vielleicht eine Unvertr\u00e4glichkeit hat oder allergisch reagiert.<\/li>\n<\/ul>\n<p>Nachdem wir diese wichtigen Punkte gekl\u00e4rt haben, schauen wir uns an, was dein Hund essen kann au\u00dfer Hundefutter.<\/p>\n<h2>Obst<\/h2>\n<p>Obst ist reich an Vitaminen und anderen wertvollen Inhaltsstoffen und damit an sich sehr gesund f\u00fcr deinen Hund. Generell ist wichtig, dass du Kerne bzw. Steine entfernst und das Obst zerkleinerst.<\/p>\n<h3>Diese Obstsorten k\u00f6nnen Hunde fressen:<\/h3>\n<ul>\n<li>\u00c4pfel<\/li>\n<li>Apfelsine (aufgrund des hohen S\u00e4uregehalts nur in kleinen Mengen)<\/li>\n<li>Ananas (aufgrund des hohen S\u00e4uregehalts nur in kleinen Mengen)<\/li>\n<li>Aprikosen<\/li>\n<li>Banane (in kleinen Mengen, k\u00f6nnen zur Verstopfung f\u00fchren)<\/li>\n<li>Brombeeren<\/li>\n<li>Birne<\/li>\n<li>Erdbeeren<\/li>\n<li>Feige (in kleinen Mengen, kann zu Durchfall f\u00fchren)<\/li>\n<li>Himbeeren<\/li>\n<li>Heidelbeeren (= Blaubeeren)<\/li>\n<li>Johannisbeeren<\/li>\n<li>Kirschen<\/li>\n<li>Mandarine (aufgrund des hohen S\u00e4uregehalts nur in kleinen Mengen)<\/li>\n<li>Mango<\/li>\n<li><a href=\"https:\/\/uelzener.de\/magazin\/hund\/ernaehrung\/duerfen-hunde-wassermelonen-essen\/\" target=\"_blank\" rel=\"noopener\">Wassermelone<\/a><\/li>\n<li>Nektarinen<\/li>\n<li>Papaya<\/li>\n<li>Physalis<\/li>\n<li>Pfirsiche<\/li>\n<\/ul>\n<h2>Gem\u00fcse<\/h2>\n<p>Gem\u00fcse ist reich an Vitaminen und Mineralstoffen. Daher ist Gem\u00fcse auch f\u00fcr deinen Hund gesund. Am besten kochst du das Gem\u00fcse und zerkleinerst es. Im Idealfall p\u00fcrierst du es sogar. So ist es am vertr\u00e4glichsten f\u00fcr deinen Hund.<\/p>\n<h3>Welche Gem\u00fcsesorten eignen sich f\u00fcr Hunde?<\/h3>\n<ul>\n<li>Algen<\/li>\n<li>Blumenkohl (kann zu Bl\u00e4hungen f\u00fchren)<\/li>\n<li>Brokkoli (kann zu Bl\u00e4hungen f\u00fchren)<\/li>\n<li>Chicor\u00e9e<\/li>\n<li>Chinakohl (kann zu Bl\u00e4hungen f\u00fchren)<\/li>\n<li>Eichblattsalat<\/li>\n<li>Eisbergsalat<\/li>\n<li>Endiviensalat<\/li>\n<li>Feldsalat (nur in kleinen Mengen, weil nitrathaltig)<\/li>\n<li>Fenchel<\/li>\n<li>Gr\u00fcnkohl (kann zu Bl\u00e4hungen f\u00fchren)<\/li>\n<li>Gurke<\/li>\n<li>Ingwer<\/li>\n<li>Karotte<\/li>\n<li>Kartoffel (nur gekocht f\u00fcttern)<\/li>\n<li>Kohlrabi<\/li>\n<li>Kopfsalat<\/li>\n<li>Kresse<\/li>\n<li>K\u00fcrbis<\/li>\n<li>L\u00f6wenzahn<\/li>\n<li>Lollo Rosso<\/li>\n<li>M\u00f6hre<\/li>\n<li>Pfl\u00fccksalat<\/li>\n<li>Romanasalat<\/li>\n<li>Rucola (nur in kleinen Mengen, weil nitrathaltig)<\/li>\n<li>Rote Beete<\/li>\n<li>Spargel<\/li>\n<li>Zucchini<\/li>\n<\/ul>\n<h2>Vom Tisch<\/h2>\n<p>Wenn du deinen Hund vom Tisch mitessen lassen m\u00f6chtest, solltest du ganz besonders vorsichtig sein. Denn das Risiko, dass du ihm damit eher schadest als guttust, ist relativ gro\u00df. Wichtig hier vor allem: Keine scharf gew\u00fcrzten und fettigen Speisen.<\/p>\n<p>Wovon kannst du deinem vierbeinigen Gef\u00e4hrten etwas abgeben?<\/p>\n<p>Nur kleine Mengen:<\/p>\n<ul>\n<li>Kartoffeln<\/li>\n<li>Reis<\/li>\n<li>Nudeln<\/li>\n<li>Fleisch (gekocht, aber nicht fettig)<\/li>\n<li>Ei (gekocht)<\/li>\n<li>K\u00e4se (m\u00f6glichst laktosearm, kein Blauschimmelk\u00e4se)<\/li>\n<\/ul>\n<h2>N\u00fcsse<\/h2>\n<p>N\u00fcsse sind gesund f\u00fcr deinen Hund. Denn sie enthalten wichtige Vitamine und Fette. Doch nicht alle Arten von N\u00fcssen sind f\u00fcr deinen Hund vertr\u00e4glich. Einige Sorten sind sogar sehr gef\u00e4hrlich. Dazu geh\u00f6ren z. B. Macadamian\u00fcsse. Daher ist bei dem Thema N\u00fcsse an Hunde verf\u00fcttern gro\u00dfe Vorsicht geboten.<\/p>\n<h3>Als risikolos gelten diese N\u00fcsse f\u00fcr Hunde:<\/h3>\n<ul>\n<li>Haseln\u00fcsse<\/li>\n<li>Cashewkerne<\/li>\n<li>Mandeln (s\u00fc\u00dfe)<\/li>\n<li>Paran\u00fcsse<\/li>\n<li>Waln\u00fcsse (reife, gesch\u00e4lte)<\/li>\n<li>Erdn\u00fcsse (hier gibt es ein \u00e4hnlich hohes Allergierisiko wie bei Menschen. Teste daher zun\u00e4chst mit einer kleinen Menge, ob dein Hund sie vertr\u00e4gt.)<\/li>\n<\/ul>\n<h2>D\u00fcrfen Hunde rohe Eier essen?<\/h2>\n<p>Eier sind ein bisschen zweischneidig. Das Ei als Ganzes ist gesund f\u00fcr den Hund. Es sollte unbedingt frisch sein. Rohes Eiklar hemmt aber die Aufnahme von Biotin, das auch als Vitamin B7 bekannt ist. Daher solltest du deinem Hund besser kein rohes Eiklar zu fressen geben.<\/p>\n<h2>Kann ich meinem Hund Milchprodukte geben?<\/h2>\n<p>Kuhmilch enth\u00e4lt viel Milchzucker. Dieser kann zu <a href=\"https:\/\/uelzener.de\/magazin\/hund\/haeufige-fragen\/durchfall-beim-hund-verdauung\/\" rel=\"\">Durchfall<\/a> f\u00fchren. Das Problem hast du mit Milchprodukte nicht, die nur einen geringen Anteil Milchzucker haben. Das ist z. B. bei H\u00fcttenk\u00e4se, Joghurt und Quark der Fall. Verwende ausschlie\u00dflich Naturjoghurt und Naturquark. Diese sind gut f\u00fcr deinen vierbeinigen Freund geeignet.<\/p>\n<h2>Sind Haferflocken gut f\u00fcr den Hund?<\/h2>\n<p>Haferflocken sind reich an Ballaststoffen und sehr gesund. Auch f\u00fcr deinen Hund. Allerdings sind sie roh oft nur schwer vertr\u00e4glich. Koche sie am besten in ein bisschen Wasser auf und lass sie danach gut abk\u00fchlen, bevor du sie deinem vierbeinigen Freund gibst. Du kannst sie auch sch\u00f6n mit Obst mischen. Alternativ kannst du sie in Br\u00fche aufkochen und so eine herzhafte Abwechslung f\u00fcr deinen Hund bereitstellen.<\/p>\n<p>Das Wichtigste ist nat\u00fcrlich, dass dein Hund ausreichend mit allen notwendigen N\u00e4hrstoffen versorgt ist. Hinzu kommt, dass das Futter f\u00fcr deinen Hund gut vertr\u00e4glich sein sollte. Daher gibt es beim Futter vieles abzuw\u00e4gen. Vielleicht m\u00f6chtest du deine Entscheidung bez\u00fcglich <a href=\"https:\/\/uelzener.de\/magazin\/hund\/ernaehrung\/nassfutter-vs-trockenfutter\/\">Nassfutter vs. Trockenfutter<\/a> \u00fcberdenken oder du findest das Thema interessant. Nun wei\u00dft du auf jeden Fall, wie du den Alltag mit deinem Hund noch abwechslungsreicher gestalten kannst.<\/p>\n\n<div class=\"related_articles boxed\">\n    <h2>Mehr zum Thema<\/h2>\n    \n    <div class=\"wrapper\"><div class=\"title align-center\"><h3><a href=\"https:\/\/uelzener.de\/magazin\/hund\/ernaehrung\/duerfen-hunde-bananen-essen\/\">D\u00fcrfen Hunde Bananen essen?<\/a><\/h3><\/div><div class=\"img align-center\"><img decoding=\"async\" width=\"315\" height=\"180\" src=\"https:\/\/uelzener.de\/magazin\/app\/uploads\/2025\/02\/duerfen-hunde-bananen-essen-315x180.jpg\" class=\"attachment-315x180 size-315x180 wp-post-image\" alt=\"Ein Hund frisst eine Banane.\" \/><\/div><\/div><div class=\"wrapper\"><div class=\"title align-center\"><h3><a href=\"https:\/\/uelzener.de\/magazin\/hund\/ernaehrung\/duerfen-hunde-erdbeeren-essen\/\">D\u00fcrfen Hunde Erdbeeren essen?<\/a><\/h3><\/div><div class=\"img align-center\"><img decoding=\"async\" width=\"315\" height=\"180\" src=\"https:\/\/uelzener.de\/magazin\/app\/uploads\/2025\/05\/hund-erdbeeren-315x180.jpg\" class=\"attachment-315x180 size-315x180 wp-post-image\" alt=\"Welpe frisst Erdbeeren aus einer Schale.\" \/><\/div><\/div><div class=\"wrapper\"><div class=\"title align-center\"><h3><a href=\"https:\/\/uelzener.de\/magazin\/hund\/ernaehrung\/duerfen-hunde-katzenfutter-fressen\/\">D\u00fcrfen Hunde Katzenfutter fressen?<\/a><\/h3><\/div><div class=\"img align-center\"><img decoding=\"async\" width=\"315\" height=\"180\" src=\"https:\/\/uelzener.de\/magazin\/app\/uploads\/2021\/09\/1024x450_Nahaufnahme_Hund-und-Katze-fressen-aus-Napf-315x180.jpg\" class=\"attachment-315x180 size-315x180 wp-post-image\" alt=\"Hund und Katze fressen aus einem Napf mit Katzenfutter.\" \/><\/div><\/div><\/div>\n\n<h2>FAQ: H\u00e4ufig gestellte Fragen<\/h2>\n<h2>Darf ein Hund K\u00e4se essen?<\/h2>\n<p>Du kannst deinem Hund problemlos K\u00e4se als Belohnung oder Snack geben. In Ma\u00dfen ist er sogar gut f\u00fcr ihn. Denn K\u00e4se enth\u00e4lt essenzielle Aminos\u00e4uren, viel Protein und Kalzium und Magnesium. Du solltest dabei nur ber\u00fccksichtigen, dass der K\u00e4se m\u00f6glichst laktose- und salzarm ist. Zum Beispiel Gouda und Edamer.<\/p>\n<h2>D\u00fcrfen Hunde Salat essen?<\/h2>\n<p>Hunde d\u00fcrfen Salat essen. Einige Salate schmecken allerdings sehr intensiv und werden von Hunden oft nicht gern gegessen. Dazu geh\u00f6ren z. B. Chicor\u00e9e und Radicchio. Hinzu kommt, dass einige Salate hohe Nitratbelastung haben und diese sind f\u00fcr Hunde dann nicht gut geeignet oder eben nur in kleinen Mengen, z. B. Rucola und Feldsalat.<\/p>\n","protected":false},"excerpt":{"rendered":"<p>Dein Hund bekommt sein t\u00e4gliches Hundefutter (egal, ob es Nass- oder Trockenfutter oder Barfen ist). Damit ist er gut versorgt. Aber manchmal m\u00f6chtest du vielleicht etwas Abwechslung in seine Ern\u00e4hrung bringen. Oder er m\u00f6chte etwas von deinem Essen abhaben und du bist durchaus auch bereit, deine Mahlzeit oder deinen Snack mit ihm zu teilen. Immer [&hellip;]<\/p>\n","protected":false},"author":11,"featured_media":14316,"parent":11674,"menu_order":6,"comment_status":"closed","ping_status":"closed","template":"templates\/blog.php","meta":{"_acf_changed":false,"_crdt_document":"","footnotes":"","beyondwords_generate_audio":"0","beyondwords_project_id":"","beyondwords_content_id":"","beyondwords_preview_token":"","beyondwords_player_style":"","beyondwords_language_id":"","beyondwords_title_voice_id":"","beyondwords_body_voice_id":"","beyondwords_summary_voice_id":"","beyondwords_error_message":"","beyondwords_disabled":"","beyondwords_delete_content":"","beyondwords_podcast_id":"","beyondwords_hash":"","publish_post_to_speechkit":"","speechkit_hash":"","speechkit_generate_audio":"","speechkit_project_id":"","speechkit_podcast_id":"","speechkit_error_message":"","speechkit_disabled":"","speechkit_access_key":"","speechkit_error":"","speechkit_info":"","speechkit_response":"","speechkit_retries":"","speechkit_status":"","speechkit_updated_at":"","_speechkit_link":"","_speechkit_text":""},"class_list":["post-14311","page","type-page","status-publish","has-post-thumbnail","hentry"],"acf":[],"yoast_head":"<!-- This site is optimized with the Yoast SEO Premium plugin  - https:\/\/yoast.com\/product\/yoast-seo-premium-wordpress\/ -->\n<title>Was essen Hunde au\u00dfer Hundefutter? | Uelzener Magazin<\/title>\n<meta name=\"description\" content=\"Obst, Gem\u00fcse, N\u00fcsse, rohe Eier \u2713 Listen mit gesunden Lebensmitteln f\u00fcr deinen Hund, die das t\u00e4gliche Men\u00fc erweitern.\" \/>\n<meta name=\"robots\" content=\"index, follow, max-snippet:-1, max-image-preview:large, max-video-preview:-1\" \/>\n<link rel=\"canonical\" href=\"https:\/\/uelzener.de\/magazin\/hund\/ernaehrung\/was-essen-hunde\/\" \/>\n<meta property=\"og:locale\" content=\"de_DE\" \/>\n<meta property=\"og:type\" content=\"article\" \/>\n<meta property=\"og:title\" content=\"Was essen Hunde au\u00dfer Hundefutter?\" \/>\n<meta property=\"og:description\" content=\"Obst, Gem\u00fcse, N\u00fcsse, rohe Eier \u2713 Listen mit gesunden Lebensmitteln f\u00fcr deinen Hund, die das t\u00e4gliche Men\u00fc erweitern.\" \/>\n<meta property=\"og:url\" content=\"https:\/\/uelzener.de\/magazin\/hund\/ernaehrung\/was-essen-hunde\/\" \/>\n<meta property=\"og:site_name\" content=\"Uelzener Tier-Magazin\" \/>\n<meta property=\"article:publisher\" content=\"https:\/\/www.facebook.com\/Uelzener\" \/>\n<meta property=\"article:modified_time\" content=\"2025-09-04T10:43:56+00:00\" \/>\n<meta property=\"og:image\" content=\"https:\/\/uelzener.de\/magazin\/app\/uploads\/2022\/11\/was-essen-hunde-ausser-hundefutter.jpg\" \/>\n\t<meta property=\"og:image:width\" content=\"1025\" \/>\n\t<meta property=\"og:image:height\" content=\"450\" \/>\n\t<meta property=\"og:image:type\" content=\"image\/jpeg\" \/>\n<meta name=\"twitter:card\" content=\"summary_large_image\" \/>\n<meta name=\"twitter:label1\" content=\"Gesch\u00e4tzte Lesezeit\" \/>\n\t<meta name=\"twitter:data1\" content=\"7\u00a0Minuten\" \/>\n<script type=\"application\/ld+json\" class=\"yoast-schema-graph\">{\"@context\":\"https:\/\/schema.org\",\"@graph\":[{\"@type\":\"WebPage\",\"@id\":\"https:\/\/uelzener.de\/magazin\/hund\/ernaehrung\/was-essen-hunde\/\",\"url\":\"https:\/\/uelzener.de\/magazin\/hund\/ernaehrung\/was-essen-hunde\/\",\"name\":\"Was essen Hunde au\u00dfer Hundefutter? | Uelzener Magazin\",\"isPartOf\":{\"@id\":\"https:\/\/uelzener.de\/magazin\/#website\"},\"primaryImageOfPage\":{\"@id\":\"https:\/\/uelzener.de\/magazin\/hund\/ernaehrung\/was-essen-hunde\/#primaryimage\"},\"image\":{\"@id\":\"https:\/\/uelzener.de\/magazin\/hund\/ernaehrung\/was-essen-hunde\/#primaryimage\"},\"thumbnailUrl\":\"https:\/\/uelzener.de\/magazin\/app\/uploads\/2022\/11\/was-essen-hunde-ausser-hundefutter.jpg\",\"datePublished\":\"2022-11-07T10:17:58+00:00\",\"dateModified\":\"2025-09-04T10:43:56+00:00\",\"description\":\"Obst, Gem\u00fcse, N\u00fcsse, rohe Eier \u2713 Listen mit gesunden Lebensmitteln f\u00fcr deinen Hund, die das t\u00e4gliche Men\u00fc erweitern.\",\"breadcrumb\":{\"@id\":\"https:\/\/uelzener.de\/magazin\/hund\/ernaehrung\/was-essen-hunde\/#breadcrumb\"},\"inLanguage\":\"de\",\"potentialAction\":[{\"@type\":\"ReadAction\",\"target\":[\"https:\/\/uelzener.de\/magazin\/hund\/ernaehrung\/was-essen-hunde\/\"]}]},{\"@type\":\"ImageObject\",\"inLanguage\":\"de\",\"@id\":\"https:\/\/uelzener.de\/magazin\/hund\/ernaehrung\/was-essen-hunde\/#primaryimage\",\"url\":\"https:\/\/uelzener.de\/magazin\/app\/uploads\/2022\/11\/was-essen-hunde-ausser-hundefutter.jpg\",\"contentUrl\":\"https:\/\/uelzener.de\/magazin\/app\/uploads\/2022\/11\/was-essen-hunde-ausser-hundefutter.jpg\",\"width\":1025,\"height\":450,\"caption\":\"Ein Hund bekommt eine Himbeere. Was essen Hunde au\u00dfer Hundefutter?\"},{\"@type\":\"WebSite\",\"@id\":\"https:\/\/uelzener.de\/magazin\/#website\",\"url\":\"https:\/\/uelzener.de\/magazin\/\",\"name\":\"Uelzener Tiermagazin\",\"description\":\"Online Tierratgeber der Uelzener Versicherungen\",\"publisher\":{\"@id\":\"https:\/\/uelzener.de\/magazin\/#organization\"},\"potentialAction\":[{\"@type\":\"SearchAction\",\"target\":{\"@type\":\"EntryPoint\",\"urlTemplate\":\"https:\/\/uelzener.de\/magazin\/?s={search_term_string}\"},\"query-input\":{\"@type\":\"PropertyValueSpecification\",\"valueRequired\":true,\"valueName\":\"search_term_string\"}}],\"inLanguage\":\"de\"},{\"@type\":\"Organization\",\"@id\":\"https:\/\/uelzener.de\/magazin\/#organization\",\"name\":\"Uelzener Versicherungen\",\"url\":\"https:\/\/uelzener.de\/magazin\/\",\"logo\":{\"@type\":\"ImageObject\",\"inLanguage\":\"de\",\"@id\":\"https:\/\/uelzener.de\/magazin\/#\/schema\/logo\/image\/\",\"url\":\"https:\/\/uelzener.de\/magazin\/app\/uploads\/2024\/11\/uelzener_allgemeine_versicherungsgesellschaft_a_g_logo.jpg\",\"contentUrl\":\"https:\/\/uelzener.de\/magazin\/app\/uploads\/2024\/11\/uelzener_allgemeine_versicherungsgesellschaft_a_g_logo.jpg\",\"width\":200,\"height\":200,\"caption\":\"Uelzener Versicherungen\"},\"image\":{\"@id\":\"https:\/\/uelzener.de\/magazin\/#\/schema\/logo\/image\/\"},\"sameAs\":[\"https:\/\/www.facebook.com\/Uelzener\",\"https:\/\/instagram.com\/uelzener\",\"https:\/\/www.xing.com\/pages\/uelzenerallgemeineversicherungs-gesellschafta-g\",\"https:\/\/www.youtube.com\/UelzenerVersicherungen\"]}]}<\/script>\n<!-- \/ Yoast SEO Premium plugin. -->","yoast_head_json":{"title":"Was essen Hunde au\u00dfer Hundefutter? | Uelzener Magazin","description":"Obst, Gem\u00fcse, N\u00fcsse, rohe Eier \u2713 Listen mit gesunden Lebensmitteln f\u00fcr deinen Hund, die das t\u00e4gliche Men\u00fc erweitern.","robots":{"index":"index","follow":"follow","max-snippet":"max-snippet:-1","max-image-preview":"max-image-preview:large","max-video-preview":"max-video-preview:-1"},"canonical":"https:\/\/uelzener.de\/magazin\/hund\/ernaehrung\/was-essen-hunde\/","og_locale":"de_DE","og_type":"article","og_title":"Was essen Hunde au\u00dfer Hundefutter?","og_description":"Obst, Gem\u00fcse, N\u00fcsse, rohe Eier \u2713 Listen mit gesunden Lebensmitteln f\u00fcr deinen Hund, die das t\u00e4gliche Men\u00fc erweitern.","og_url":"https:\/\/uelzener.de\/magazin\/hund\/ernaehrung\/was-essen-hunde\/","og_site_name":"Uelzener Tier-Magazin","article_publisher":"https:\/\/www.facebook.com\/Uelzener","article_modified_time":"2025-09-04T10:43:56+00:00","og_image":[{"width":1025,"height":450,"url":"https:\/\/uelzener.de\/magazin\/app\/uploads\/2022\/11\/was-essen-hunde-ausser-hundefutter.jpg","type":"image\/jpeg"}],"twitter_card":"summary_large_image","twitter_misc":{"Gesch\u00e4tzte Lesezeit":"7\u00a0Minuten"},"schema":{"@context":"https:\/\/schema.org","@graph":[{"@type":"WebPage","@id":"https:\/\/uelzener.de\/magazin\/hund\/ernaehrung\/was-essen-hunde\/","url":"https:\/\/uelzener.de\/magazin\/hund\/ernaehrung\/was-essen-hunde\/","name":"Was essen Hunde au\u00dfer Hundefutter? | Uelzener Magazin","isPartOf":{"@id":"https:\/\/uelzener.de\/magazin\/#website"},"primaryImageOfPage":{"@id":"https:\/\/uelzener.de\/magazin\/hund\/ernaehrung\/was-essen-hunde\/#primaryimage"},"image":{"@id":"https:\/\/uelzener.de\/magazin\/hund\/ernaehrung\/was-essen-hunde\/#primaryimage"},"thumbnailUrl":"https:\/\/uelzener.de\/magazin\/app\/uploads\/2022\/11\/was-essen-hunde-ausser-hundefutter.jpg","datePublished":"2022-11-07T10:17:58+00:00","dateModified":"2025-09-04T10:43:56+00:00","description":"Obst, Gem\u00fcse, N\u00fcsse, rohe Eier \u2713 Listen mit gesunden Lebensmitteln f\u00fcr deinen Hund, die das t\u00e4gliche Men\u00fc erweitern.","breadcrumb":{"@id":"https:\/\/uelzener.de\/magazin\/hund\/ernaehrung\/was-essen-hunde\/#breadcrumb"},"inLanguage":"de","potentialAction":[{"@type":"ReadAction","target":["https:\/\/uelzener.de\/magazin\/hund\/ernaehrung\/was-essen-hunde\/"]}]},{"@type":"ImageObject","inLanguage":"de","@id":"https:\/\/uelzener.de\/magazin\/hund\/ernaehrung\/was-essen-hunde\/#primaryimage","url":"https:\/\/uelzener.de\/magazin\/app\/uploads\/2022\/11\/was-essen-hunde-ausser-hundefutter.jpg","contentUrl":"https:\/\/uelzener.de\/magazin\/app\/uploads\/2022\/11\/was-essen-hunde-ausser-hundefutter.jpg","width":1025,"height":450,"caption":"Ein Hund bekommt eine Himbeere. Was essen Hunde au\u00dfer Hundefutter?"},{"@type":"WebSite","@id":"https:\/\/uelzener.de\/magazin\/#website","url":"https:\/\/uelzener.de\/magazin\/","name":"Uelzener Tiermagazin","description":"Online Tierratgeber der Uelzener Versicherungen","publisher":{"@id":"https:\/\/uelzener.de\/magazin\/#organization"},"potentialAction":[{"@type":"SearchAction","target":{"@type":"EntryPoint","urlTemplate":"https:\/\/uelzener.de\/magazin\/?s={search_term_string}"},"query-input":{"@type":"PropertyValueSpecification","valueRequired":true,"valueName":"search_term_string"}}],"inLanguage":"de"},{"@type":"Organization","@id":"https:\/\/uelzener.de\/magazin\/#organization","name":"Uelzener Versicherungen","url":"https:\/\/uelzener.de\/magazin\/","logo":{"@type":"ImageObject","inLanguage":"de","@id":"https:\/\/uelzener.de\/magazin\/#\/schema\/logo\/image\/","url":"https:\/\/uelzener.de\/magazin\/app\/uploads\/2024\/11\/uelzener_allgemeine_versicherungsgesellschaft_a_g_logo.jpg","contentUrl":"https:\/\/uelzener.de\/magazin\/app\/uploads\/2024\/11\/uelzener_allgemeine_versicherungsgesellschaft_a_g_logo.jpg","width":200,"height":200,"caption":"Uelzener Versicherungen"},"image":{"@id":"https:\/\/uelzener.de\/magazin\/#\/schema\/logo\/image\/"},"sameAs":["https:\/\/www.facebook.com\/Uelzener","https:\/\/instagram.com\/uelzener","https:\/\/www.xing.com\/pages\/uelzenerallgemeineversicherungs-gesellschafta-g","https:\/\/www.youtube.com\/UelzenerVersicherungen"]}]}},"_links":{"self":[{"href":"https:\/\/uelzener.de\/magazin\/wp-json\/wp\/v2\/pages\/14311","targetHints":{"allow":["GET"]}}],"collection":[{"href":"https:\/\/uelzener.de\/magazin\/wp-json\/wp\/v2\/pages"}],"about":[{"href":"https:\/\/uelzener.de\/magazin\/wp-json\/wp\/v2\/types\/page"}],"author":[{"embeddable":true,"href":"https:\/\/uelzener.de\/magazin\/wp-json\/wp\/v2\/users\/11"}],"replies":[{"embeddable":true,"href":"https:\/\/uelzener.de\/magazin\/wp-json\/wp\/v2\/comments?post=14311"}],"version-history":[{"count":15,"href":"https:\/\/uelzener.de\/magazin\/wp-json\/wp\/v2\/pages\/14311\/revisions"}],"predecessor-version":[{"id":19146,"href":"https:\/\/uelzener.de\/magazin\/wp-json\/wp\/v2\/pages\/14311\/revisions\/19146"}],"up":[{"embeddable":true,"href":"https:\/\/uelzener.de\/magazin\/wp-json\/wp\/v2\/pages\/11674"}],"wp:featuredmedia":[{"embeddable":true,"href":"https:\/\/uelzener.de\/magazin\/wp-json\/wp\/v2\/media\/14316"}],"wp:attachment":[{"href":"https:\/\/uelzener.de\/magazin\/wp-json\/wp\/v2\/media?parent=14311"}],"curies":[{"name":"wp","href":"https:\/\/api.w.org\/{rel}","templated":true}]}}