{"id":14306,"date":"2022-11-07T12:00:22","date_gmt":"2022-11-07T11:00:22","guid":{"rendered":"https:\/\/uelzener.de\/magazin\/?page_id=14306"},"modified":"2025-01-08T10:54:56","modified_gmt":"2025-01-08T09:54:56","slug":"hunde-nach-17-uhr-fuettern","status":"publish","type":"page","link":"https:\/\/uelzener.de\/magazin\/hund\/ernaehrung\/hunde-nach-17-uhr-fuettern\/","title":{"rendered":"Warum Hunde nicht nach 17:00 Uhr f\u00fcttern?"},"content":{"rendered":"<p>\u201eF\u00fcttere deinen Hund nicht nach 17 Uhr!\u201c Das wird Hunderhalter:innen immer wieder geraten. Doch was mache ich, wenn die F\u00fctterung vor 17:00 Uhr nicht in meinen Zeitplan passt? Und wie sinnvoll ist dieser Tipp \u00fcberhaupt?<\/p>\n<p>Wir schauen uns das Thema F\u00fctterungszeit hier genauer an. Dabei kl\u00e4ren wir, wie du die passende abendliche F\u00fctterungszeit f\u00fcr dich und deine Fellnase findest, und was du dabei ber\u00fccksichtigen solltest.<\/p>\n<p>Jeder Hund ist ein Individuum und sollte dementsprechend individuell behandelt werden, auch was die F\u00fctterung betrifft.<\/p>\n<p>Viele Hunde kommen gut mit festen F\u00fctterungszeiten zurecht. Andere kommen besser mit unregelm\u00e4\u00dfigen Zeiten oder auch stets bereit stehendem Fressen klar. Hinzu kommt der Tagesablauf von Hundehalter:innen, der in die Planung der F\u00fctterung einbezogen werden muss.<\/p>\n<h2>Wieso ist es aber so wichtig, den Hund nicht nach 17:00 Uhr zu f\u00fcttern?<\/h2>\n<p>Diese Uhrzeit kann eine gute Richtzeit sein. Viel wichtiger als die genaue Uhrzeit, ist jedoch der Abstand zwischen der letzten Mahlzeit, dem letzten <a href=\"https:\/\/uelzener.de\/magazin\/hund\/tipps-fuer-den-alltag\/gassi-gehen\/\" target=\"_blank\" rel=\"noopener\">Gassigehen<\/a> des Tages und der Schlafenszeit.<\/p>\n<ul>\n<li>Zwischen Gassigehen und Schlafenszeit sollte ca. 1 Stunde Zeit sein.<\/li>\n<li>Zwischen letzter Mahlzeit und Gassigehen sollte ca. 2 Stunden Zeit sein.<\/li>\n<\/ul>\n<p>Dies bedeutet, dass du einfach auch von der \u00fcblichen Schlafenszeit r\u00fcckw\u00e4rts rechnen kannst.<\/p>\n<p><strong>Beispiel 1:<\/strong><\/p>\n<p>Um 22:00 Uhr ist die \u00fcbliche Schlafenszeit f\u00fcr Henning und seine H\u00fcndin Sammy. Henning kommt mit Sammy von seiner einst\u00fcndigen Abendrunde um 21:00 Uhr zur\u00fcck. Vor der Abendrunde hat Sammy sich nach seiner Abendmahlzeit um 19:00 Uhr zwei Stunden ausgeruht. Dass Henning Sammy um 19:00 Uhr f\u00fcttert, ist also v\u00f6llig okay.<\/p>\n<p><strong>Beispiel 2:<\/strong><\/p>\n<p>Um 22:00 Uhr ist ebenfalls Schlafenszeit f\u00fcr Susanne und ihren Hund Rocky. Allerdings l\u00e4sst Susanne Rocky um 21:30 Uhr nur ganz kurz f\u00fcrs Gesch\u00e4ft in den Garten. Den gro\u00dfen Abendspaziergang von einer Stunde machen die beiden um 19:00 Uhr. Damit Rocky nach seiner letzten Mahlzeit des Tages und vor der gro\u00dfen Abendrunde die empfohlenen zwei Stunden Ruhe findet, f\u00fcttert Susanne ihn stets um 16:30 Uhr.<\/p>\n<p>Du siehst, dass es bei der abendlichen F\u00fctterung einfach darum geht, f\u00fcr den Hund ausreichend Ruhezeiten zwischen der letzten Mahlzeit, Gassigehen und Schlafenszeit einzuplanen.<\/p>\n<p>Nat\u00fcrlich ist dies auch individuell verschieden und du solltest immer schauen, was dein Hund braucht. Du kennst deinen Hund am besten und wirst sicher die f\u00fcr euch idealen F\u00fctterungszeiten finden.<\/p>\n<p>Doch wieso genau k\u00f6nnen die vorgeschlagenen Zeitabst\u00e4nde eigentlich so n\u00fctzlich sein? Hier findest du sechs Gr\u00fcnde, wieso du deinen Vierbeinigen rechtzeitig f\u00fcttern solltest.<\/p>\n<h2>6 Gr\u00fcnde, deinen Hund nicht zu sp\u00e4t am Tag zu f\u00fcttern<\/h2>\n<p>Wer gut f\u00fcr seinen Hund sorgt, achtet darauf, seinem Hund gen\u00fcgend Zeit zum Ausruhen, ausreichend Bewegung und eine gesunde Ern\u00e4hrung zu lassen. Dabei ist das Timing ein entscheidender Punkt.<\/p>\n<h3>N\u00e4chtliche Gassirunden<\/h3>\n<p>F\u00fctterst du deinen Hund erst kurz vor dem Schlafengehen, kann es gut sein, dass er nachts rausmuss, um sein Gesch\u00e4ft zu erledigen. Willst du eine ruhige Nacht f\u00fcr dich und deinen Hund, bietet sich vor der Nachtruhe eine letzte Gassirunde an. Da den meisten vierbeinigen Freunden eine l\u00e4ngere Ruhepause zwischen der letzten Mahlzeit des Tages und der letzten Gassirunde gut tut, empfiehlt sich die letzte Mahlzeit entsprechend fr\u00fcher stattfinden zu lassen. Eine gute Daumenregel kann 17:00 Uhr als Richtwert f\u00fcr die letzte Mahlzeit sein. Falls ihr jedoch gar nicht so fr\u00fch zu Bett geht, sondern du die letzte Gassirunde erst sp\u00e4ter z. B. nach 22:00 Uhr machst, dann kannst du deinen Hund nat\u00fcrlich auch sp\u00e4ter f\u00fcttern.<\/p>\n<h3>St\u00f6rung des Schlafrhythmus<\/h3>\n<p>Viele von uns kennen es und unseren Hunden geht es zum Teil ganz \u00e4hnlich. Wer mit vollem Bauch ins Bett geht, schl\u00e4ft meist schlechter. Daher ist es f\u00fcr viele Hunde sinnvoll, mit gen\u00fcgend zeitlichem Abstand zur Schlafenszeit zu f\u00fcttern. Das muss nicht 17:00 Uhr sein. Aber vielen Hunden tut es gut, zwischen letzter F\u00fctterung und Schlafenszeit eine l\u00e4ngere Pause, beispielsweise ca. 2 Stunden zu haben.<\/p>\n<h3>Verdauungsprobleme<\/h3>\n<p>Die <a href=\"https:\/\/uelzener.de\/magazin\/hund\/haeufige-fragen\/durchfall-beim-hund-verdauung\/\">Verdauung<\/a> ist zum gr\u00f6\u00dften Teil nach 2 Stunden abgeschlossen. Bewegt sich der Hund w\u00e4hrend der intensivsten Verdauungszeit, besteht ein erh\u00f6htes Risiko, dass es zu einer <a href=\"https:\/\/uelzener.de\/magazin\/hund\/tiergesundheit\/magendrehung-beim-hund\/\">Magendrehung beim Hund<\/a> kommt. Es wird generell empfohlen w\u00e4hrend der intensiven Verdauungszeit, dem Hund Ruhe zu g\u00f6nnen. Eben nicht zu spielen oder Gassi zu gehen.<\/p>\n<h3>Gewichtszunahme<\/h3>\n<p>Immer wieder h\u00f6rt man, dass sp\u00e4teres Essen zu einer Gewichtszunahme beim Hund f\u00fchrt. Das kann nat\u00fcrlich passieren, liegt dann aber nicht daran, dass er zu sp\u00e4t am Abend gefressen hat, sondern daran, dass er schlicht und einfach zu viel gefressen hat. F\u00fcr das <a href=\"https:\/\/uelzener.de\/magazin\/hund\/tiergesundheit\/uebergewicht-hund-abnehmen\/\">\u00dcbergewicht beim Hund<\/a> ist die Gesamtmenge der aufgenommenen Kalorien verantwortlich, jedoch nicht die Tageszeit, zu der sie aufgenommen wurden. \u00dcbersteigt die Gesamtmenge der aufgenommenen Kalorien den Verbrauch, nimmt dein Hund zu. Dass sp\u00e4tes Fressen grunds\u00e4tzlich zur Gewichtszunahme f\u00fchrt, ist eine Fehlinformation. Du solltest auch auf Signale achten, <a href=\"https:\/\/uelzener.de\/magazin\/hund\/ernaehrung\/hund-hunger-anzeichen\/\">wann dein Hund wirklichen Hunger hat<\/a> statt nur Appetit.<\/p>\n<h3>Diabetes und Herzkrankheiten<\/h3>\n<p>Wer seinen Hunden nur eine Mahlzeit am Tag f\u00fcttert, macht das zumeist am Abend. F\u00fcttert man nur einmal am Tag, schwankt der Blutzuckerspiegel im Laufe des Tages relativ stark. Dies k\u00f6nnte bei entsprechenden Grunderkrankungen m\u00f6glicherweise Diabetes beg\u00fcnstigen. Mit einer F\u00fctterung, die starke Schwankungen des Blutzuckerspiegels vermeidet, tr\u00e4gst du zur Gesundheit deines Hundes bei. Das erreichst du, wenn du die Futtermenge \u00fcber mehrere Mahlzeiten \u00fcber den Tag verteilst. In <a href=\"https:\/\/uelzener.de\/magazin\/hund\/tiergesundheit\/diabetes-beim-hund\/\">Diabetes beim Hund<\/a> erf\u00e4hrst du mehr zu diesem wichtigen Thema. Zur Vermeidung von Diabetes und Herzerkrankungen ist ein gesundes Gewicht des Hundes f\u00f6rderlich. \u00dcbergewicht beeinflusst die Entstehung von Diabetes und Herzerkrankungen.<\/p>\n\n<div class=\"banner\">\n    <a href=\"https:\/\/uelzener.de\/hund\/hunde-krankenversicherung\/?agt=0000104925&sem=true&utm_medium=magazin&utm_source=wordpress&utm_campaign=hund_kv&utm_content=banner\">\n        <img decoding=\"async\" width=\"300\" height=\"212\" src=\"https:\/\/uelzener.de\/magazin\/app\/uploads\/2025\/01\/Hunde-Kranken-Versicherung.jpg\" class=\"attachment-medium size-medium\" alt=\"Banner Hunde-Kranken-Versicherung\" \/>    <\/a>\n<\/div>\n\n<h3>St\u00f6rung des Zeitgef\u00fchls<\/h3>\n<p>Wichtig f\u00fcr das Wohlbefinden vieler Hunde ist die Regelm\u00e4\u00dfigkeit ihrer Mahlzeiten. Diese stellst du am ehesten sicher, wenn du dich an bestimmte Uhrzeiten f\u00fcr die F\u00fctterung h\u00e4ltst. <a href=\"https:\/\/uelzener.de\/magazin\/hund\/zeitgefuehl\/\">Haben Hunde ein Zeitgef\u00fchl<\/a>? Diese Frage stellen sich viele, wenn es darum geht, feste Zeiten einzuhalten. Hunde gew\u00f6hnen sich an einen Rhythmus und die Regelm\u00e4\u00dfigkeit ihrer F\u00fctterungs- und auch Gassizeiten. Das gibt ihrem Leben Stabilit\u00e4t und tut vielen Hunden gut. Die Verdauung kann sich darauf einstellen und reibungsloser ablaufen.<\/p>\n<h2>Beste Uhrzeiten f\u00fcr F\u00fctterungen<\/h2>\n<p>Der wichtigste Einflussfaktor ist die Anzahl der Mahlzeiten. \u00dcblich sind ein bis vier Mahlzeiten pro Tag.<\/p>\n<p>Die Anzahl der Mahlzeiten h\u00e4ngt von verschiedenen Einflussfaktoren ab:<\/p>\n<ul>\n<li>Bei gro\u00dfen Hunden, die eher das Risiko einer Magendrehung haben, f\u00fcttert man besser mehrere Mahlzeiten am Tag.<\/li>\n<li>Bei kleineren Hunden, die einen schnelleren Stoffwechsel habe, kommt es leichter zu einem Blutzuckerabfall. Daher profitieren kleinere Hunde h\u00e4ufig von mehreren Mahlzeiten pro Tag. So bleibt ihr Blutzuckerspiegel auf einem stabilen Niveau bzw. schwankt nicht allzu sehr.<\/li>\n<li>Welpen und j\u00fcngere Hunde sollten mehrfach (3\u20134 Mal) am Tag gef\u00fcttert werden, weil sie einen erh\u00f6hten Energiebedarf und einen schnelleren Stoffwechsel haben.<\/li>\n<li>Will man Konzentrations- und Leistungsschw\u00e4che vermeiden, f\u00fcttert man lieber mehrmals am Tag.<\/li>\n<li>Viele \u00e4ltere Hunde, deren Verdauung langsamer arbeitet, brauchen mehrere Mahlzeiten am Tag.<\/li>\n<\/ul>\n<p>Hier findest du eine \u00dcbersicht mit der Anzahl der Mahlzeiten und den entsprechenden F\u00fctterungszeiten. Nat\u00fcrlich kannst du alles an die individuellen Bed\u00fcrfnisse deines Hundes anpassen.<\/p>\n<table style=\"border-collapse: collapse; width: 100%; height: 144px;\">\n<tbody>\n<tr style=\"height: 48px;\">\n<td style=\"width: 20%; height: 48px;\"><\/td>\n<td style=\"width: 20%; height: 48px;\"><strong>1 Mahlzeit<\/strong><\/td>\n<td style=\"width: 20%; height: 48px;\"><strong>2 Mahlzeiten<\/strong><\/td>\n<td style=\"width: 20%; height: 48px;\"><strong>3 Mahlzeiten (bei jungen Hunden)<\/strong><\/td>\n<td style=\"width: 20%; height: 48px;\"><strong>4 Mahlzeiten (bei Welpen und alten Hunden)<\/strong><\/td>\n<\/tr>\n<tr style=\"height: 24px;\">\n<td style=\"width: 20%; height: 24px;\"><strong>Morgens<\/strong><\/td>\n<td style=\"width: 20%; height: 24px;\"><\/td>\n<td style=\"width: 20%; height: 24px;\">X<\/td>\n<td style=\"width: 20%; height: 24px;\">X<\/td>\n<td style=\"width: 20%; height: 24px;\">X<\/td>\n<\/tr>\n<tr style=\"height: 24px;\">\n<td style=\"width: 20%; height: 24px;\"><strong>Mittags<\/strong><\/td>\n<td style=\"width: 20%; height: 24px;\"><\/td>\n<td style=\"width: 20%; height: 24px;\"><\/td>\n<td style=\"width: 20%; height: 24px;\">X<\/td>\n<td style=\"width: 20%; height: 24px;\">X<\/td>\n<\/tr>\n<tr style=\"height: 24px;\">\n<td style=\"width: 20%; height: 24px;\"><strong>Abends<\/strong><\/td>\n<td style=\"width: 20%; height: 24px;\">X<\/td>\n<td style=\"width: 20%; height: 24px;\">X<\/td>\n<td style=\"width: 20%; height: 24px;\">X<\/td>\n<td style=\"width: 20%; height: 24px;\">X<\/td>\n<\/tr>\n<tr style=\"height: 24px;\">\n<td style=\"width: 20%; height: 24px;\"><strong>Vor dem Schlafengehen<\/strong><\/td>\n<td style=\"width: 20%; height: 24px;\"><\/td>\n<td style=\"width: 20%; height: 24px;\"><\/td>\n<td style=\"width: 20%; height: 24px;\"><\/td>\n<td style=\"width: 20%; height: 24px;\">X<\/td>\n<\/tr>\n<\/tbody>\n<\/table>\n<h2>Und wie sieht es mit Wasser aus?<\/h2>\n<p>Ein Hund sollte jederzeit Zugang zu Wasser haben. Es ist wichtig, dass er sein Bed\u00fcrfnis nach Fl\u00fcssigkeit stets stillen kann. F\u00fcr die Gesundheit ist es extrem wichtig, dass die ausreichende <a href=\"https:\/\/uelzener.de\/magazin\/hund\/ernaehrung\/trinkmenge-hund\/\">Trinkmenge beim Hund<\/a> erreicht wird.<\/p>\n<h2>Wie lange muss mein Hund nach dem Essen ruhen?<\/h2>\n<p>Nach einer Mahlzeit tut es vielen Hunden gut zwei bis drei Stunden Zeit zu haben, sich auszuruhen. So mindert man das Risiko f\u00fcr Verdauungsprobleme und eine gef\u00e4hrliche Magendrehung. Einige Hunde signalisieren relativ schnell nach dem Fressen, dass sie rausm\u00fcssen, um sich zu l\u00f6sen. In diesem Fall sollte der Hund die Gelegenheit haben rauszugehen. Dabei achtet man am besten darauf, dass er nicht herumtobt.<\/p>\n<h2>Wann sollte ein Hund nach dem Essen Gassi?<\/h2>\n<p>Du solltest dem Hund nach dem Fressen Gelegenheit geben, sich zu l\u00f6sen. Dazu kannst du kurz nach dem Fressen mit deinem Hund einmal kurz hinausgehen und ihm Gelegenheit geben, sein Gesch\u00e4ft zu erledigen. Gegen einen Spaziergang spricht nichts, allerdings solltest du darauf achten, dass dein Hund dabei nicht tobt oder wild spielt.<\/p>\n<p>Die ideale Reihenfolge von Fressen und Gassigehen am Abend ist folgende:<\/p>\n<p>1. Eine gro\u00dfe Gassirunde gegen Abend oder am Abend.<\/p>\n<p>2. Eine Pause, sodass dein Hund sich nach dem Spaziergang erholen kann.<\/p>\n<p>3. Die letzte Abendmahlzeit<\/p>\n<p>4. Nochmal kurz raus, um dem Hund die M\u00f6glichkeit f\u00fcr ein letztes kleines und gro\u00dfes Gesch\u00e4ft zu geben.<\/p>\n<h2>FAQ: H\u00e4ufige Fragen<\/h2>\n<h3>Wann den Hund das letzte Mal f\u00fcttern, damit er nachts nicht muss?<\/h3>\n<p>Die F\u00fctterungszeit sollte so eingeplant werden, dass sich der Hund vor der Schlafenszeit nochmal l\u00f6sen kann. Dabei hilft ein zeitlicher Rhythmus, den dein Hund gew\u00f6hnt ist. Mit einem regelm\u00e4\u00dfigen abendlichen kurzen Gassigehen kannst du dem Hund angew\u00f6hnen, vor dem Schlafengehen alle Gesch\u00e4fte zu erledigen.<\/p>\n<h3>Was tun statt F\u00fcttern nach 17:00 Uhr?<\/h3>\n<p>Falls du deinen Hund nach 17:00 Uhr nicht mehr f\u00fcttern m\u00f6chtest, kannst du ihm dennoch kleine Snacks geben. Dazu eignen sich Leckerli, aber auch Obst oder Gem\u00fcse. Weitere Anregungen dazu findest du in <a href=\"https:\/\/uelzener.de\/magazin\/hund\/ernaehrung\/was-essen-hunde\/\">Was essen Hunde au\u00dfer Hundefutter<\/a>?<\/p>\n","protected":false},"excerpt":{"rendered":"<p>\u201eF\u00fcttere deinen Hund nicht nach 17 Uhr!\u201c Das wird Hunderhalter:innen immer wieder geraten. Doch was mache ich, wenn die F\u00fctterung vor 17:00 Uhr nicht in meinen Zeitplan passt? Und wie sinnvoll ist dieser Tipp \u00fcberhaupt? Wir schauen uns das Thema F\u00fctterungszeit hier genauer an. Dabei kl\u00e4ren wir, wie du die passende abendliche F\u00fctterungszeit f\u00fcr dich [&hellip;]<\/p>\n","protected":false},"author":11,"featured_media":14320,"parent":11674,"menu_order":5,"comment_status":"closed","ping_status":"closed","template":"templates\/blog.php","meta":{"_acf_changed":false,"_crdt_document":"","footnotes":"","beyondwords_generate_audio":"0","beyondwords_project_id":"","beyondwords_content_id":"","beyondwords_preview_token":"","beyondwords_player_style":"","beyondwords_language_id":"","beyondwords_title_voice_id":"","beyondwords_body_voice_id":"","beyondwords_summary_voice_id":"","beyondwords_error_message":"","beyondwords_disabled":"","beyondwords_delete_content":"","beyondwords_podcast_id":"","beyondwords_hash":"","publish_post_to_speechkit":"","speechkit_hash":"","speechkit_generate_audio":"","speechkit_project_id":"","speechkit_podcast_id":"","speechkit_error_message":"","speechkit_disabled":"","speechkit_access_key":"","speechkit_error":"","speechkit_info":"","speechkit_response":"","speechkit_retries":"","speechkit_status":"","speechkit_updated_at":"","_speechkit_link":"","_speechkit_text":""},"class_list":["post-14306","page","type-page","status-publish","has-post-thumbnail","hentry"],"acf":[],"yoast_head":"<!-- This site is optimized with the Yoast SEO Premium plugin  - https:\/\/yoast.com\/product\/yoast-seo-premium-wordpress\/ -->\n<title>Warum Hunde nicht nach 17:00 Uhr f\u00fcttern? | Uelzener Magazin<\/title>\n<meta name=\"description\" content=\"6 gute Gr\u00fcnde, weshalb du deinen Hund nicht zu sp\u00e4t f\u00fcttern solltest. Tipps zu den besten Uhrzeiten und f\u00fcr eine ruhige Nacht.\" \/>\n<meta name=\"robots\" content=\"index, follow, max-snippet:-1, max-image-preview:large, max-video-preview:-1\" \/>\n<link rel=\"canonical\" href=\"https:\/\/uelzener.de\/magazin\/hund\/ernaehrung\/hunde-nach-17-uhr-fuettern\/\" \/>\n<meta property=\"og:locale\" content=\"de_DE\" \/>\n<meta property=\"og:type\" content=\"article\" \/>\n<meta property=\"og:title\" content=\"Warum Hunde nicht nach 17:00 Uhr f\u00fcttern?\" \/>\n<meta property=\"og:description\" content=\"6 gute Gr\u00fcnde, weshalb du deinen Hund nicht zu sp\u00e4t f\u00fcttern solltest. Tipps zu den besten Uhrzeiten und f\u00fcr eine ruhige Nacht.\" \/>\n<meta property=\"og:url\" content=\"https:\/\/uelzener.de\/magazin\/hund\/ernaehrung\/hunde-nach-17-uhr-fuettern\/\" \/>\n<meta property=\"og:site_name\" content=\"Uelzener Tier-Magazin\" \/>\n<meta property=\"article:publisher\" content=\"https:\/\/www.facebook.com\/Uelzener\" \/>\n<meta property=\"article:modified_time\" content=\"2025-01-08T09:54:56+00:00\" \/>\n<meta property=\"og:image\" content=\"https:\/\/uelzener.de\/magazin\/app\/uploads\/2022\/11\/warum-hund-nicht-nach-17-uhr-fuettern.jpg\" \/>\n\t<meta property=\"og:image:width\" content=\"1025\" \/>\n\t<meta property=\"og:image:height\" content=\"450\" \/>\n\t<meta property=\"og:image:type\" content=\"image\/jpeg\" \/>\n<meta name=\"twitter:card\" content=\"summary_large_image\" \/>\n<meta name=\"twitter:label1\" content=\"Gesch\u00e4tzte Lesezeit\" \/>\n\t<meta name=\"twitter:data1\" content=\"7\u00a0Minuten\" \/>\n<script type=\"application\/ld+json\" class=\"yoast-schema-graph\">{\"@context\":\"https:\/\/schema.org\",\"@graph\":[{\"@type\":\"WebPage\",\"@id\":\"https:\/\/uelzener.de\/magazin\/hund\/ernaehrung\/hunde-nach-17-uhr-fuettern\/\",\"url\":\"https:\/\/uelzener.de\/magazin\/hund\/ernaehrung\/hunde-nach-17-uhr-fuettern\/\",\"name\":\"Warum Hunde nicht nach 17:00 Uhr f\u00fcttern? | Uelzener Magazin\",\"isPartOf\":{\"@id\":\"https:\/\/uelzener.de\/magazin\/#website\"},\"primaryImageOfPage\":{\"@id\":\"https:\/\/uelzener.de\/magazin\/hund\/ernaehrung\/hunde-nach-17-uhr-fuettern\/#primaryimage\"},\"image\":{\"@id\":\"https:\/\/uelzener.de\/magazin\/hund\/ernaehrung\/hunde-nach-17-uhr-fuettern\/#primaryimage\"},\"thumbnailUrl\":\"https:\/\/uelzener.de\/magazin\/app\/uploads\/2022\/11\/warum-hund-nicht-nach-17-uhr-fuettern.jpg\",\"datePublished\":\"2022-11-07T11:00:22+00:00\",\"dateModified\":\"2025-01-08T09:54:56+00:00\",\"description\":\"6 gute Gr\u00fcnde, weshalb du deinen Hund nicht zu sp\u00e4t f\u00fcttern solltest. Tipps zu den besten Uhrzeiten und f\u00fcr eine ruhige Nacht.\",\"breadcrumb\":{\"@id\":\"https:\/\/uelzener.de\/magazin\/hund\/ernaehrung\/hunde-nach-17-uhr-fuettern\/#breadcrumb\"},\"inLanguage\":\"de\",\"potentialAction\":[{\"@type\":\"ReadAction\",\"target\":[\"https:\/\/uelzener.de\/magazin\/hund\/ernaehrung\/hunde-nach-17-uhr-fuettern\/\"]}]},{\"@type\":\"ImageObject\",\"inLanguage\":\"de\",\"@id\":\"https:\/\/uelzener.de\/magazin\/hund\/ernaehrung\/hunde-nach-17-uhr-fuettern\/#primaryimage\",\"url\":\"https:\/\/uelzener.de\/magazin\/app\/uploads\/2022\/11\/warum-hund-nicht-nach-17-uhr-fuettern.jpg\",\"contentUrl\":\"https:\/\/uelzener.de\/magazin\/app\/uploads\/2022\/11\/warum-hund-nicht-nach-17-uhr-fuettern.jpg\",\"width\":1025,\"height\":450,\"caption\":\"Kleiner schwarzer Hund guckt hungrig auf eine gef\u00fcllte Futterschale. Aber warum sollten Hunde nach 17:00 Uhr nicht mehr essen?\"},{\"@type\":\"WebSite\",\"@id\":\"https:\/\/uelzener.de\/magazin\/#website\",\"url\":\"https:\/\/uelzener.de\/magazin\/\",\"name\":\"Uelzener Tiermagazin\",\"description\":\"Online Tierratgeber der Uelzener Versicherungen\",\"publisher\":{\"@id\":\"https:\/\/uelzener.de\/magazin\/#organization\"},\"potentialAction\":[{\"@type\":\"SearchAction\",\"target\":{\"@type\":\"EntryPoint\",\"urlTemplate\":\"https:\/\/uelzener.de\/magazin\/?s={search_term_string}\"},\"query-input\":{\"@type\":\"PropertyValueSpecification\",\"valueRequired\":true,\"valueName\":\"search_term_string\"}}],\"inLanguage\":\"de\"},{\"@type\":\"Organization\",\"@id\":\"https:\/\/uelzener.de\/magazin\/#organization\",\"name\":\"Uelzener Versicherungen\",\"url\":\"https:\/\/uelzener.de\/magazin\/\",\"logo\":{\"@type\":\"ImageObject\",\"inLanguage\":\"de\",\"@id\":\"https:\/\/uelzener.de\/magazin\/#\/schema\/logo\/image\/\",\"url\":\"https:\/\/uelzener.de\/magazin\/app\/uploads\/2024\/11\/uelzener_allgemeine_versicherungsgesellschaft_a_g_logo.jpg\",\"contentUrl\":\"https:\/\/uelzener.de\/magazin\/app\/uploads\/2024\/11\/uelzener_allgemeine_versicherungsgesellschaft_a_g_logo.jpg\",\"width\":200,\"height\":200,\"caption\":\"Uelzener Versicherungen\"},\"image\":{\"@id\":\"https:\/\/uelzener.de\/magazin\/#\/schema\/logo\/image\/\"},\"sameAs\":[\"https:\/\/www.facebook.com\/Uelzener\",\"https:\/\/instagram.com\/uelzener\",\"https:\/\/www.xing.com\/pages\/uelzenerallgemeineversicherungs-gesellschafta-g\",\"https:\/\/www.youtube.com\/UelzenerVersicherungen\"]}]}<\/script>\n<!-- \/ Yoast SEO Premium plugin. -->","yoast_head_json":{"title":"Warum Hunde nicht nach 17:00 Uhr f\u00fcttern? | Uelzener Magazin","description":"6 gute Gr\u00fcnde, weshalb du deinen Hund nicht zu sp\u00e4t f\u00fcttern solltest. Tipps zu den besten Uhrzeiten und f\u00fcr eine ruhige Nacht.","robots":{"index":"index","follow":"follow","max-snippet":"max-snippet:-1","max-image-preview":"max-image-preview:large","max-video-preview":"max-video-preview:-1"},"canonical":"https:\/\/uelzener.de\/magazin\/hund\/ernaehrung\/hunde-nach-17-uhr-fuettern\/","og_locale":"de_DE","og_type":"article","og_title":"Warum Hunde nicht nach 17:00 Uhr f\u00fcttern?","og_description":"6 gute Gr\u00fcnde, weshalb du deinen Hund nicht zu sp\u00e4t f\u00fcttern solltest. Tipps zu den besten Uhrzeiten und f\u00fcr eine ruhige Nacht.","og_url":"https:\/\/uelzener.de\/magazin\/hund\/ernaehrung\/hunde-nach-17-uhr-fuettern\/","og_site_name":"Uelzener Tier-Magazin","article_publisher":"https:\/\/www.facebook.com\/Uelzener","article_modified_time":"2025-01-08T09:54:56+00:00","og_image":[{"width":1025,"height":450,"url":"https:\/\/uelzener.de\/magazin\/app\/uploads\/2022\/11\/warum-hund-nicht-nach-17-uhr-fuettern.jpg","type":"image\/jpeg"}],"twitter_card":"summary_large_image","twitter_misc":{"Gesch\u00e4tzte Lesezeit":"7\u00a0Minuten"},"schema":{"@context":"https:\/\/schema.org","@graph":[{"@type":"WebPage","@id":"https:\/\/uelzener.de\/magazin\/hund\/ernaehrung\/hunde-nach-17-uhr-fuettern\/","url":"https:\/\/uelzener.de\/magazin\/hund\/ernaehrung\/hunde-nach-17-uhr-fuettern\/","name":"Warum Hunde nicht nach 17:00 Uhr f\u00fcttern? | Uelzener Magazin","isPartOf":{"@id":"https:\/\/uelzener.de\/magazin\/#website"},"primaryImageOfPage":{"@id":"https:\/\/uelzener.de\/magazin\/hund\/ernaehrung\/hunde-nach-17-uhr-fuettern\/#primaryimage"},"image":{"@id":"https:\/\/uelzener.de\/magazin\/hund\/ernaehrung\/hunde-nach-17-uhr-fuettern\/#primaryimage"},"thumbnailUrl":"https:\/\/uelzener.de\/magazin\/app\/uploads\/2022\/11\/warum-hund-nicht-nach-17-uhr-fuettern.jpg","datePublished":"2022-11-07T11:00:22+00:00","dateModified":"2025-01-08T09:54:56+00:00","description":"6 gute Gr\u00fcnde, weshalb du deinen Hund nicht zu sp\u00e4t f\u00fcttern solltest. Tipps zu den besten Uhrzeiten und f\u00fcr eine ruhige Nacht.","breadcrumb":{"@id":"https:\/\/uelzener.de\/magazin\/hund\/ernaehrung\/hunde-nach-17-uhr-fuettern\/#breadcrumb"},"inLanguage":"de","potentialAction":[{"@type":"ReadAction","target":["https:\/\/uelzener.de\/magazin\/hund\/ernaehrung\/hunde-nach-17-uhr-fuettern\/"]}]},{"@type":"ImageObject","inLanguage":"de","@id":"https:\/\/uelzener.de\/magazin\/hund\/ernaehrung\/hunde-nach-17-uhr-fuettern\/#primaryimage","url":"https:\/\/uelzener.de\/magazin\/app\/uploads\/2022\/11\/warum-hund-nicht-nach-17-uhr-fuettern.jpg","contentUrl":"https:\/\/uelzener.de\/magazin\/app\/uploads\/2022\/11\/warum-hund-nicht-nach-17-uhr-fuettern.jpg","width":1025,"height":450,"caption":"Kleiner schwarzer Hund guckt hungrig auf eine gef\u00fcllte Futterschale. Aber warum sollten Hunde nach 17:00 Uhr nicht mehr essen?"},{"@type":"WebSite","@id":"https:\/\/uelzener.de\/magazin\/#website","url":"https:\/\/uelzener.de\/magazin\/","name":"Uelzener Tiermagazin","description":"Online Tierratgeber der Uelzener Versicherungen","publisher":{"@id":"https:\/\/uelzener.de\/magazin\/#organization"},"potentialAction":[{"@type":"SearchAction","target":{"@type":"EntryPoint","urlTemplate":"https:\/\/uelzener.de\/magazin\/?s={search_term_string}"},"query-input":{"@type":"PropertyValueSpecification","valueRequired":true,"valueName":"search_term_string"}}],"inLanguage":"de"},{"@type":"Organization","@id":"https:\/\/uelzener.de\/magazin\/#organization","name":"Uelzener Versicherungen","url":"https:\/\/uelzener.de\/magazin\/","logo":{"@type":"ImageObject","inLanguage":"de","@id":"https:\/\/uelzener.de\/magazin\/#\/schema\/logo\/image\/","url":"https:\/\/uelzener.de\/magazin\/app\/uploads\/2024\/11\/uelzener_allgemeine_versicherungsgesellschaft_a_g_logo.jpg","contentUrl":"https:\/\/uelzener.de\/magazin\/app\/uploads\/2024\/11\/uelzener_allgemeine_versicherungsgesellschaft_a_g_logo.jpg","width":200,"height":200,"caption":"Uelzener Versicherungen"},"image":{"@id":"https:\/\/uelzener.de\/magazin\/#\/schema\/logo\/image\/"},"sameAs":["https:\/\/www.facebook.com\/Uelzener","https:\/\/instagram.com\/uelzener","https:\/\/www.xing.com\/pages\/uelzenerallgemeineversicherungs-gesellschafta-g","https:\/\/www.youtube.com\/UelzenerVersicherungen"]}]}},"_links":{"self":[{"href":"https:\/\/uelzener.de\/magazin\/wp-json\/wp\/v2\/pages\/14306","targetHints":{"allow":["GET"]}}],"collection":[{"href":"https:\/\/uelzener.de\/magazin\/wp-json\/wp\/v2\/pages"}],"about":[{"href":"https:\/\/uelzener.de\/magazin\/wp-json\/wp\/v2\/types\/page"}],"author":[{"embeddable":true,"href":"https:\/\/uelzener.de\/magazin\/wp-json\/wp\/v2\/users\/11"}],"replies":[{"embeddable":true,"href":"https:\/\/uelzener.de\/magazin\/wp-json\/wp\/v2\/comments?post=14306"}],"version-history":[{"count":15,"href":"https:\/\/uelzener.de\/magazin\/wp-json\/wp\/v2\/pages\/14306\/revisions"}],"predecessor-version":[{"id":18083,"href":"https:\/\/uelzener.de\/magazin\/wp-json\/wp\/v2\/pages\/14306\/revisions\/18083"}],"up":[{"embeddable":true,"href":"https:\/\/uelzener.de\/magazin\/wp-json\/wp\/v2\/pages\/11674"}],"wp:featuredmedia":[{"embeddable":true,"href":"https:\/\/uelzener.de\/magazin\/wp-json\/wp\/v2\/media\/14320"}],"wp:attachment":[{"href":"https:\/\/uelzener.de\/magazin\/wp-json\/wp\/v2\/media?parent=14306"}],"curies":[{"name":"wp","href":"https:\/\/api.w.org\/{rel}","templated":true}]}}