{"id":14254,"date":"2022-10-20T12:00:44","date_gmt":"2022-10-20T10:00:44","guid":{"rendered":"https:\/\/uelzener.de\/magazin\/?page_id=14254"},"modified":"2025-11-13T10:40:16","modified_gmt":"2025-11-13T09:40:16","slug":"floehe-bei-katzen","status":"publish","type":"page","link":"https:\/\/uelzener.de\/magazin\/katze\/tipps-fuer-den-alltag\/floehe-bei-katzen\/","title":{"rendered":"Fl\u00f6he bei Katzen: Erkennen und 3 Behandlungswege"},"content":{"rendered":"<p>Fl\u00f6he sind mehr als l\u00e4stig. Deine Katze kann unter den Beschwerden eines Flohbefalls extrem leiden. F\u00fcr dich als Katzenhalter:in kann es ebenfalls sehr belastend sein, dein Tier so leiden zu sehen. Es ist ein langwieriges und m\u00fchsames Unterfangen, deine Katze von Fl\u00f6hen zu befreien. Leichter wird es, wenn du genau wei\u00dft, woran du einen Flohbefall erkennst und, was du ganz genau tun kannst, um deine Katze und Wohnung wieder flohfrei zu bekommen.<\/p>\n<h2>Symptome bei Flohbefall<\/h2>\n<p>Wenn deine Katze von Fl\u00f6hen geplagt wird, kannst du folgende Symptome bei ihr feststellen:<\/p>\n<ul>\n<li>deutlichstes Kennzeichen ist ein Juckreiz und das darauf folgende vermehrte Sichkratzen deiner Katze<\/li>\n<li>verst\u00e4rktes Putzen und h\u00e4ufiges Knabbern am Fell<\/li>\n<li>Verkrustungen oder kleine Wunden auf der Haut, die durch das Kratzen entstehen<\/li>\n<li>Unruhiges Verhalten und Reizbarkeit, die durch den belastenden Juckreiz hervorgerufen werden<\/li>\n<li>Flohkot in Form kleiner schwarzer Punkte im Fell<\/li>\n<li>ohne Behandlung: glanzloses, struppiges Fell, kahle Stellen, Hautentz\u00fcndungen, Blutarmut<\/li>\n<\/ul>\n<h2>Symptome bei Flohallergie<\/h2>\n<p>Bei einer Flohallergie reagiert die Katze besonders empfindlich und allergisch auf die Eiwei\u00dfbestandteile im Speichel der Fl\u00f6he. Daher kommt es zu ausgepr\u00e4gteren Symptomen mit schlimmeren Folgen f\u00fcr die Katze.<\/p>\n<p>Alle Symptome des Flohbefalls k\u00f6nnen auch bei einer Flohallergie auftreten.<\/p>\n<ul>\n<li>sehr starker Juckreiz und damit verbunden intensives Kratzen, auch schon bei wenigen Bissen am ganzen K\u00f6rper<\/li>\n<li>Aufgeregtheit und Unruhe aufgrund der qu\u00e4lenden Beschwerden<\/li>\n<li>Hautwunden, die sich entz\u00fcnden und verkrusten k\u00f6nnen<\/li>\n<\/ul>\n<h2>Wie bekomme ich Fl\u00f6he bei Katzen weg? 3 Behandlungswege<\/h2>\n<p>Katzenfl\u00f6he m\u00fcssen behandelt werden. Sie verschwinden nicht von selbst wieder. Ein Besuch beim Tierarzt ist auf jeden Fall sinnvoll. Dieser verschreibt deiner Katze Medikamente und zus\u00e4tzlich kannst du die Heilungsaussichten mit Mitteln aus der Zoohandlung und bew\u00e4hrten Hausmitteln unterst\u00fctzen.<\/p>\n<p>Bei der Behandlung deiner Katze denke unbedingt auch mit an eure Wohnumgebung. Auf deiner Katze befinden sich lediglich die erwachsenen Fl\u00f6he. Ihre Nachkommen wachsen im Umfeld heran. So finden sich einer Wohnung mit einem von Fl\u00f6hen befallen Tier an vielen Stellen die Eier, Larven und Puppen der Fl\u00f6he. Auch diese musst du beseitigen. Andernfalls entwickeln sich immer wieder erwachsene Fl\u00f6he, die deine Katze wieder qu\u00e4len.<\/p>\n<p>Daher musst du bei der Behandlung des Flohbefalls sowohl Medikamente und Mittel bei deiner Katze anwenden. Aber auch daf\u00fcr sorgen, dass sich die Fl\u00f6he in deiner Wohnung nicht vermehren k\u00f6nnen. Dazu gibt es viele verschiedene M\u00f6glichkeiten. Sie unterscheiden sich in der Wirksamkeit und in der Anwendung. Nicht jedes Mittel ist f\u00fcr dich und deine Katze geeignet. W\u00e4hle die aus, die zu eurem Alltag und zu den Bed\u00fcrfnissen deiner Katze passen. Der Flohbefall selbst und die Behandlung sind schon stressig genug. Versuche die Situation m\u00f6glichst entspannt f\u00fcr euch zu gestalten.<\/p>\n<h2>Mittel gegen Katzenfl\u00f6he aus der Tierarztpraxis<\/h2>\n<p>Wenn dein:e Tier\u00e4rzt:in die Diagnose gestellt hat, wirst du Medikamente zur Behandlung des Flohbefalls f\u00fcr deine Katze bekommen. Es lohnt sich, die Mittel beim Tierarzt zu kaufen. Denn die Medikamente des Tierarztes sind h\u00e4ufig wirksamer. Au\u00dferdem kann dein:e Tier\u00e4rzt:in dir auch Mittel empfehlen, mit denen du deine Wohnung von den Fl\u00f6hen und seinen heranwachsenden Nachkommen befreien kannst. Denn die beste Behandlung deiner Katze n\u00fctzt leider nichts, wenn du nicht auch die Wohnung \u201cflohfrei\u201d bekommst und Teppiche, Sofas, Katzendecken und Kratzbaum behandelst.<\/p>\n<h3>Mittel aus der Zoohandlung<\/h3>\n<p>Auch in der Zoohandlung kannst du Mittel gegen Flohbefall bekommen. Allerdings bekommst du dort keine verschreibungspflichtigen Medikamente, sondern nur freiverk\u00e4ufliche Mittel.<\/p>\n<p>Hier findest du einige unterschiedliche M\u00f6glichkeiten, deine Katze und auch eure Umgebung mit Mitteln aus der Zoohandlung zu behandeln.<\/p>\n<h3>Tabletten<\/h3>\n<p>Tabletten wirken \u00fcber das Blut. Deine Katze nimmt Stoffe auf, die f\u00fcr sie selbst ungef\u00e4hrlich sind, aber f\u00fcr die Fl\u00f6he giftig. Wenn sich die Fl\u00f6he vollsaugen sterben sie. Nicht jede Katze schluckt entspannt Tabletten. Falls deine Katzen sich mit Tabletten schwer tut, hast du noch weitere M\u00f6glichkeiten.<\/p>\n<h3>Pipetten<\/h3>\n<p>Medikamente, die mit Hilfe einer Pipette auf die Nackenhaut der Katze aufgebracht werden, helfen extrem gut gegen Fl\u00f6he. Das Mittel gelangt \u00fcber die Haut ins Blut deiner Katze. Das f\u00fcr deine Katze ungef\u00e4hrliche Mittel, ist f\u00fcr Fl\u00f6he t\u00f6dlich. Wendest du diese Pipetten-L\u00f6sungen regelm\u00e4\u00dfig an, bekommst du deine Katze relativ einfach und stressfrei flohfrei. Die Pipetten bekommst du bei dein:er Tier\u00e4rzt:in oder auch im Zoohandel. Die Mittel dein:er Tier\u00e4rzt:in k\u00f6nnen zum Teil h\u00f6her dosiert und damit auch wirksamer sein.<\/p>\n<h3>Umgebungsprays<\/h3>\n<p>Ebenso wichtig wie die Behandlung deiner Katze ist es, euren Wohnraum von Fl\u00f6hen, deren Puppen, Larven und Eier zu befreien. Umgebungssprays helfen dir dabei. Diese lassen sich ganz unkompliziert auf alle Oberfl\u00e4chen aufspr\u00fchen. Umgebungssprays sind besonders wirksam, wenn sie auf alle Phasen des Lebenszyklus von Fl\u00f6hen wirken. Denn dann vernichten sie sowohl die Fl\u00f6he als auch Puppen, Larven und Eier.<\/p>\n<h3>Shampoos<\/h3>\n<p>W\u00e4scht du deine Katze mit Shampoo, befreist du sie nicht nur von den qu\u00e4lenden Fl\u00f6hen, sondern entfernst auch den Flohkot aus ihrem Fell. Das funktioniert mit herk\u00f6mmlichen Shampoos. Du findest im Handel aber auch spezielle Flohshampoos, die gleichzeitig die Fl\u00f6he und auch deren Eier, Puppen und Larven abt\u00f6ten. Nicht jede Katze l\u00e4sst sich gerne baden. Scheut deine Katze das Wasser, wende lieber andere Mittel an.<\/p>\n<h2>Hausmittel gegen Fl\u00f6he bei Katzen<\/h2>\n<p>Neben Anti-Floh-Mitteln von de:r Tier\u00e4rzt:in und aus der Zoohandlung, kannst du deiner Katze zus\u00e4tzlich mit bew\u00e4hrten Hausmitteln helfen, euer Problem mit den Fl\u00f6hen zu l\u00f6sen.<\/p>\n<h3>K\u00e4mmen mit dem Flohkamm<\/h3>\n<p>Mit einem speziellen Flohkamm entfernst du nicht nur Fl\u00f6he, sondern auch Flohkot. K\u00e4mmst du deine Katze regelm\u00e4\u00dfig mit einem Flohkamm, bekommst du fr\u00fchzeitig\u00a0 mit, ob deine Katze von Fl\u00f6hen befallen ist. Du kannst das K\u00e4mmen zu einem festen Rituat f\u00fcr euch machen. Manch eine Katze genie\u00dft es gek\u00e4mmt zu werden.<\/p>\n<h3>Kokos\u00f6l<\/h3>\n<p>Kokos\u00f6l enth\u00e4lt Laurins\u00e4ure. Diese ist f\u00fcr Fl\u00f6he t\u00f6dlich, weil sie den Chitinpanzer der Fl\u00f6he aufl\u00f6st. Reibst du deine Katze bei einem Flohbefall alle 2 bis 3 Tage mit Kokos\u00f6l ein, hilft es, die Fl\u00f6he abzut\u00f6ten.<\/p>\n<h3>\u00c4therische \u00d6le<\/h3>\n<p>H\u00e4ufig findet man die Empfehlung die Katze mit \u00e4therischen \u00d6len einzureiben. Diese \u00d6le sind f\u00fcr Fl\u00f6he giftig. Oftmals sind \u00e4therische \u00d6le auch f\u00fcr Katzen nicht ungef\u00e4hrlich. So vertragen Katzen zum Beispiel bestimmte Inhaltsstoffe von Teebaum\u00f6l nicht. Unvertr\u00e4glich sind auch \u00d6le mit Anteilen von Phenol. Bevor du deine Katze mit \u00e4therischen \u00d6len behandelst, erkundige dich, ob das \u00d6l f\u00fcr Katzen vertr\u00e4glich ist.<\/p>\n<h3>Sp\u00fclmittel<\/h3>\n<p>Mag deine Katze Wasser? Findet sie es in Ordnung, angespr\u00fcht zu werden? Dann kannst du sie bei der <a href=\"https:\/\/uelzener.de\/magazin\/katze\/pflege\/fellpflege-katze\/\">Fellpflege<\/a> auch mit verd\u00fcnntem Sp\u00fclmittel einspr\u00fchen. Achte darauf, dass nichts davon in Augen, Mund und Nase ger\u00e4t. Die Tenside im Sp\u00fclmittel t\u00f6ten die Fl\u00f6he ab.<\/p>\n<h3>Apfelessig<\/h3>\n<p>Ganz \u00e4hnlich wie mit Sp\u00fclmittel kannst du auch mit Apfelessig verfahren. Apfelessig vertreibt die Fl\u00f6he aus dem Fell deiner Katze. Verd\u00fcnnt mit Wasser kannst du das Fell damit einspr\u00fchen oder einreiben. Achte auch wieder darauf, die Augen, Mund und Nase deiner Katze zu sch\u00fctzen.<\/p>\n<h3>Zitrone<\/h3>\n<p>Zitrone hilft ebenfalls gegen Fl\u00f6he. Koche dazu eine Zitrone aus und lass die Fl\u00fcssigkeit abk\u00fchlen. Spr\u00fche damit das Fell deiner Katze ein und achte wieder darauf, Augen, Mund und Nase zu sch\u00fctzen.<\/p>\n<h3>Schwarzk\u00fcmmel\u00f6l<\/h3>\n<p>Schwarzk\u00fcmmel\u00f6l wird ebenfalls immer wieder empfohlen. Andererseits findet man auch den Hinweis, dass Katzen, die im Schwarzk\u00fcmmel\u00f6l enthaltene Terpene nur sehr langsam abbauen. Das kann dazu f\u00fchren, dass du gerade bei einer l\u00e4ngeren Anwendung deiner Katze eher schadest als n\u00fctzt.<\/p>\n<h3>Teebaum\u00f6l<\/h3>\n<p>H\u00e4ufig h\u00f6rt man die Empfehlung, das f\u00fcr viele Menschen so hilfreiche Teebaum\u00f6l auch bei Tieren anzuwenden. Das ist kein guter Rat. Bestandteile von Teebaum\u00f6l wirken bei Katzen giftig und k\u00f6nnen sogar zur t\u00f6dlichen Gefahr werden. Daher: Finger weg vom Teebaum\u00f6l bei Katzen.<\/p>\n<h2>Wohnung flohfrei bekommen<\/h2>\n<p>Damit deine Katze dauerhaft die Fl\u00f6he los wird, musst zu zwingend auch eure Wohnumgebung behandeln. Folgende Ma\u00dfnahmen solltest du dazu besonders gr\u00fcndlich ergreifen:<\/p>\n<ul>\n<li>Sauge deine Wohnung komplett durch. Achte dabei besonders darauf, auch unter M\u00f6belst\u00fccken und entlang der Fu\u00dfleisten zu saugen. Denn Fl\u00f6he lassen sich gerne in dunklen Ecken nieder. Entsorge den Staubsaugerbeutel anschlie\u00dfend au\u00dferhalb deiner Wohnung.<\/li>\n<li>Wasche alle Kleidungsst\u00fccke, Tischdecken, Handt\u00fccher und was du ansonsten noch an textile Materialien in deiner Wohnung hast bei mindestens 50 Grad. So t\u00f6test du alle Fl\u00f6he, Eier, Larven und Puppen, die sich wom\u00f6glich in deinen Textilien eingenistet haben.<\/li>\n<li>Textilien, die sich nicht waschen lassen, kannst du f\u00fcr mindestens 3 Tage ins Gefrierfach legen.<\/li>\n<li>Hast du einen Dampfreiniger oder kannst du dir einen leihen? Dann ist jetzt der perfekte Zeitpunkt daf\u00fcr. Denn damit entfernst und t\u00f6test du sicher alle Fl\u00f6he.<\/li>\n<li>Raumsprays: Ein Raumspray t\u00f6tet Fl\u00f6he, die sich auf allen m\u00f6glichen Oberfl\u00e4chen deiner Wohnung breitmachen. Du kannst es ganz leicht auf allen Oberfl\u00e4chen eines Raumes verspr\u00fchen oder auch gezielt f\u00fcr bestimmte Ecken oder Fl\u00e4chen anwenden.<\/li>\n<li>Floh Fogger: Ein Fogger ist ein Spr\u00fchautomat. Der Vorteil: Du aktivierst den Fogger und verl\u00e4sst danach sofort den Raum. Damit sch\u00fctzt du dich selbst vor den ausstr\u00f6menden Insektiziden. Der Nachteil: Du kannst damit nicht gezielt bestimmte Fl\u00e4chen deiner Wohnung behandeln. Fl\u00f6he und auch Eier, Larven und Puppen werden durch den Floh Fogger abget\u00f6tet.<\/li>\n<\/ul>\n<p>Flohbek\u00e4mpfung ist kein Sprint, sondern ein Marathon. Du brauchst Durchhalteverm\u00f6gen, um deine Katze und eure Wohnung dauerhaft von Fl\u00f6hen zu befreien. Daher empfiehlt es sich, die Ma\u00dfnahmen nach zwei bis drei Wochen zu wiederholen. Denn dann erwischt du ganz sicher auch die Fl\u00f6he und vor allem deren Nachkommen, die du beim ersten Mal nicht erwischt ist. Au\u00dferdem vernichtest du mit einer Wiederholung deiner Ma\u00dfnahmen ganz sicher auch die Fl\u00f6he, die sich in der Zwischenzeit m\u00f6glicherweise aus Eiern, Larven und Puppen neu entwickelt haben.<\/p>\n<p>Deine Katze von Fl\u00f6hen zu befreien kann m\u00fchsam und langwierig sein. Doch es lohnt sich. Vielleicht hilft es dir, dir vorzustellen, wie wunderbar und unbeschwert sich euer Alltag wieder anf\u00fchlen kann, wenn du den Kampf gegen die Fl\u00f6he gewonnen haben wirst.<\/p>\n<p>Und hier noch mehr Tipps, wie du auch <a href=\"https:\/\/uelzener.de\/magazin\/katze\/tiergesundheit\/zecken-bei-katzen\/\">Zecken bei Katzen<\/a> los wirst.<\/p>\n<h2>FAQ: H\u00e4ufig gestellte Fragen<\/h2>\n<h3>Gehen Katzenfl\u00f6he auf Menschen?<\/h3>\n<p>Katzenfl\u00f6he bevorzugen Katzen als Wirt. <a href=\"https:\/\/uelzener.de\/magazin\/katze\/haeufige-fragen\/krankheiten-von-katze-auf-menschen-uebertragbar-zoonosen\/\">Fl\u00f6he k\u00f6nnen jedoch auf Menschen \u00fcbergehen<\/a> und auch bei diesen f\u00fcr unangenehme Beschwerden sorgen. Allerdings helfen einfache Ma\u00dfnahmen, wie z.B. eine ausgiebige Dusche, die Fl\u00f6he wieder loszuwerden.<\/p>\n<h3>Wie lange dauert es bis Fl\u00f6he bei Katzen weg sind?<\/h3>\n<p>In der Regel dauert ein Flohzyklus 2 bis 4 Wochen. Es k\u00f6nnen aber auch bis zu mehreren Monaten noch Fl\u00f6he aus Puppen schl\u00fcpfen. Um ganz sicher zu gehen, behandelst du deine Katze und eure Wohnumgebung mindestens drei Monate. Dann hast du euer Flohproblem mit gro\u00dfer Sicherheit beseitigt.<\/p>\n<h3>Was \u00fcbernimmt die Katzen-Krankenversicherung bei Katzenfl\u00f6hen?<\/h3>\n<p>Was eine Katzen-Krankenvericherung bei Katzenfl\u00f6hen \u00fcbernimmt, kann sehr unterschiedlich sein. Solltest du daher unbedingt eine\u00a0<a href=\"https:\/\/uelzener.de\/magazin\/katze\/haeufige-fragen\/katze-versichern-ja-oder-nein\/\">Katzenversicherung abschlie\u00dfen, ja oder nein<\/a>?\u00a0Erkundige dich im Einzelfall, was deine Krankenversicherung \u00fcbernimmt. Die Uelzener Versicherung beteiligt sich mit einem Zuschuss von 100 \u20ac pro Jahr an den Kosten f\u00fcr eine Behandlungen von Fl\u00f6hen und anderen Ektoparasiten.<\/p>\n\n<div class=\"banner\">\n    <a href=\"https:\/\/uelzener.de\/katze\/katzen-krankenversicherung\/?agt=0000104925&sem=true&utm_medium=magazin&utm_source=wordpress&utm_campaign=katze_kv&utm_content=banner\">\n        <img decoding=\"async\" width=\"300\" height=\"212\" src=\"https:\/\/uelzener.de\/magazin\/app\/uploads\/2025\/01\/Katzen-Kranken-Versicherung.jpg\" class=\"attachment-medium size-medium\" alt=\"Banner Katzen-Kranken-Versicherung\" \/>    <\/a>\n<\/div>\n\n","protected":false},"excerpt":{"rendered":"<p>Fl\u00f6he sind mehr als l\u00e4stig. Deine Katze kann unter den Beschwerden eines Flohbefalls extrem leiden. F\u00fcr dich als Katzenhalter:in kann es ebenfalls sehr belastend sein, dein Tier so leiden zu sehen. Es ist ein langwieriges und m\u00fchsames Unterfangen, deine Katze von Fl\u00f6hen zu befreien. Leichter wird es, wenn du genau wei\u00dft, woran du einen Flohbefall [&hellip;]<\/p>\n","protected":false},"author":11,"featured_media":14255,"parent":11709,"menu_order":4,"comment_status":"closed","ping_status":"closed","template":"templates\/blog.php","meta":{"_acf_changed":false,"_crdt_document":"","footnotes":"","beyondwords_generate_audio":"0","beyondwords_project_id":"","beyondwords_content_id":"","beyondwords_preview_token":"","beyondwords_player_style":"","beyondwords_language_id":"","beyondwords_title_voice_id":"","beyondwords_body_voice_id":"","beyondwords_summary_voice_id":"","beyondwords_error_message":"","beyondwords_disabled":"","beyondwords_delete_content":"","beyondwords_podcast_id":"","beyondwords_hash":"","publish_post_to_speechkit":"","speechkit_hash":"","speechkit_generate_audio":"","speechkit_project_id":"","speechkit_podcast_id":"","speechkit_error_message":"","speechkit_disabled":"","speechkit_access_key":"","speechkit_error":"","speechkit_info":"","speechkit_response":"","speechkit_retries":"","speechkit_status":"","speechkit_updated_at":"","_speechkit_link":"","_speechkit_text":""},"class_list":["post-14254","page","type-page","status-publish","has-post-thumbnail","hentry"],"acf":[],"yoast_head":"<!-- This site is optimized with the Yoast SEO Premium plugin  - https:\/\/yoast.com\/product\/yoast-seo-premium-wordpress\/ -->\n<title>Fl\u00f6he bei Katzen: Erkennen und 3 Behandlungswege | Uelzener Magazin<\/title>\n<meta name=\"description\" content=\"Wie wird man Katzenfl\u00f6he am effektivsten los? Wir verraten alle Tricks und Hausmittel gegen die Parasiten.\" \/>\n<meta name=\"robots\" content=\"index, follow, max-snippet:-1, max-image-preview:large, max-video-preview:-1\" \/>\n<link rel=\"canonical\" href=\"https:\/\/uelzener.de\/magazin\/katze\/tipps-fuer-den-alltag\/floehe-bei-katzen\/\" \/>\n<meta property=\"og:locale\" content=\"de_DE\" \/>\n<meta property=\"og:type\" content=\"article\" \/>\n<meta property=\"og:title\" content=\"Fl\u00f6he bei Katzen: Erkennen und 3 Behandlungswege\" \/>\n<meta property=\"og:description\" content=\"Wie wird man Katzenfl\u00f6he am effektivsten los? Wir verraten alle Tricks und Hausmittel gegen die Parasiten.\" \/>\n<meta property=\"og:url\" content=\"https:\/\/uelzener.de\/magazin\/katze\/tipps-fuer-den-alltag\/floehe-bei-katzen\/\" \/>\n<meta property=\"og:site_name\" content=\"Uelzener Tier-Magazin\" \/>\n<meta property=\"article:publisher\" content=\"https:\/\/www.facebook.com\/Uelzener\" \/>\n<meta property=\"article:modified_time\" content=\"2025-11-13T09:40:16+00:00\" \/>\n<meta property=\"og:image\" content=\"https:\/\/uelzener.de\/magazin\/app\/uploads\/2022\/10\/floehe-bei-katzen.jpg\" \/>\n\t<meta property=\"og:image:width\" content=\"1025\" \/>\n\t<meta property=\"og:image:height\" content=\"450\" \/>\n\t<meta property=\"og:image:type\" content=\"image\/jpeg\" \/>\n<meta name=\"twitter:card\" content=\"summary_large_image\" \/>\n<meta name=\"twitter:label1\" content=\"Gesch\u00e4tzte Lesezeit\" \/>\n\t<meta name=\"twitter:data1\" content=\"10\u00a0Minuten\" \/>\n<script type=\"application\/ld+json\" class=\"yoast-schema-graph\">{\"@context\":\"https:\\\/\\\/schema.org\",\"@graph\":[{\"@type\":\"WebPage\",\"@id\":\"https:\\\/\\\/uelzener.de\\\/magazin\\\/katze\\\/tipps-fuer-den-alltag\\\/floehe-bei-katzen\\\/\",\"url\":\"https:\\\/\\\/uelzener.de\\\/magazin\\\/katze\\\/tipps-fuer-den-alltag\\\/floehe-bei-katzen\\\/\",\"name\":\"Fl\u00f6he bei Katzen: Erkennen und 3 Behandlungswege | Uelzener Magazin\",\"isPartOf\":{\"@id\":\"https:\\\/\\\/uelzener.de\\\/magazin\\\/#website\"},\"primaryImageOfPage\":{\"@id\":\"https:\\\/\\\/uelzener.de\\\/magazin\\\/katze\\\/tipps-fuer-den-alltag\\\/floehe-bei-katzen\\\/#primaryimage\"},\"image\":{\"@id\":\"https:\\\/\\\/uelzener.de\\\/magazin\\\/katze\\\/tipps-fuer-den-alltag\\\/floehe-bei-katzen\\\/#primaryimage\"},\"thumbnailUrl\":\"https:\\\/\\\/uelzener.de\\\/magazin\\\/app\\\/uploads\\\/2022\\\/10\\\/floehe-bei-katzen.jpg\",\"datePublished\":\"2022-10-20T10:00:44+00:00\",\"dateModified\":\"2025-11-13T09:40:16+00:00\",\"description\":\"Wie wird man Katzenfl\u00f6he am effektivsten los? Wir verraten alle Tricks und Hausmittel gegen die Parasiten.\",\"breadcrumb\":{\"@id\":\"https:\\\/\\\/uelzener.de\\\/magazin\\\/katze\\\/tipps-fuer-den-alltag\\\/floehe-bei-katzen\\\/#breadcrumb\"},\"inLanguage\":\"de\",\"potentialAction\":[{\"@type\":\"ReadAction\",\"target\":[\"https:\\\/\\\/uelzener.de\\\/magazin\\\/katze\\\/tipps-fuer-den-alltag\\\/floehe-bei-katzen\\\/\"]}]},{\"@type\":\"ImageObject\",\"inLanguage\":\"de\",\"@id\":\"https:\\\/\\\/uelzener.de\\\/magazin\\\/katze\\\/tipps-fuer-den-alltag\\\/floehe-bei-katzen\\\/#primaryimage\",\"url\":\"https:\\\/\\\/uelzener.de\\\/magazin\\\/app\\\/uploads\\\/2022\\\/10\\\/floehe-bei-katzen.jpg\",\"contentUrl\":\"https:\\\/\\\/uelzener.de\\\/magazin\\\/app\\\/uploads\\\/2022\\\/10\\\/floehe-bei-katzen.jpg\",\"width\":1025,\"height\":450,\"caption\":\"Rote Katze kratzt sich \u2013 hat sie etwa Fl\u00f6he?\"},{\"@type\":\"WebSite\",\"@id\":\"https:\\\/\\\/uelzener.de\\\/magazin\\\/#website\",\"url\":\"https:\\\/\\\/uelzener.de\\\/magazin\\\/\",\"name\":\"Uelzener Tiermagazin\",\"description\":\"Online Tierratgeber der Uelzener Versicherungen\",\"publisher\":{\"@id\":\"https:\\\/\\\/uelzener.de\\\/magazin\\\/#organization\"},\"potentialAction\":[{\"@type\":\"SearchAction\",\"target\":{\"@type\":\"EntryPoint\",\"urlTemplate\":\"https:\\\/\\\/uelzener.de\\\/magazin\\\/?s={search_term_string}\"},\"query-input\":{\"@type\":\"PropertyValueSpecification\",\"valueRequired\":true,\"valueName\":\"search_term_string\"}}],\"inLanguage\":\"de\"},{\"@type\":\"Organization\",\"@id\":\"https:\\\/\\\/uelzener.de\\\/magazin\\\/#organization\",\"name\":\"Uelzener Versicherungen\",\"url\":\"https:\\\/\\\/uelzener.de\\\/magazin\\\/\",\"logo\":{\"@type\":\"ImageObject\",\"inLanguage\":\"de\",\"@id\":\"https:\\\/\\\/uelzener.de\\\/magazin\\\/#\\\/schema\\\/logo\\\/image\\\/\",\"url\":\"https:\\\/\\\/uelzener.de\\\/magazin\\\/app\\\/uploads\\\/2024\\\/11\\\/uelzener_allgemeine_versicherungsgesellschaft_a_g_logo.jpg\",\"contentUrl\":\"https:\\\/\\\/uelzener.de\\\/magazin\\\/app\\\/uploads\\\/2024\\\/11\\\/uelzener_allgemeine_versicherungsgesellschaft_a_g_logo.jpg\",\"width\":200,\"height\":200,\"caption\":\"Uelzener Versicherungen\"},\"image\":{\"@id\":\"https:\\\/\\\/uelzener.de\\\/magazin\\\/#\\\/schema\\\/logo\\\/image\\\/\"},\"sameAs\":[\"https:\\\/\\\/www.facebook.com\\\/Uelzener\",\"https:\\\/\\\/instagram.com\\\/uelzener\",\"https:\\\/\\\/www.xing.com\\\/pages\\\/uelzenerallgemeineversicherungs-gesellschafta-g\",\"https:\\\/\\\/www.youtube.com\\\/UelzenerVersicherungen\"]}]}<\/script>\n<!-- \/ Yoast SEO Premium plugin. -->","yoast_head_json":{"title":"Fl\u00f6he bei Katzen: Erkennen und 3 Behandlungswege | Uelzener Magazin","description":"Wie wird man Katzenfl\u00f6he am effektivsten los? Wir verraten alle Tricks und Hausmittel gegen die Parasiten.","robots":{"index":"index","follow":"follow","max-snippet":"max-snippet:-1","max-image-preview":"max-image-preview:large","max-video-preview":"max-video-preview:-1"},"canonical":"https:\/\/uelzener.de\/magazin\/katze\/tipps-fuer-den-alltag\/floehe-bei-katzen\/","og_locale":"de_DE","og_type":"article","og_title":"Fl\u00f6he bei Katzen: Erkennen und 3 Behandlungswege","og_description":"Wie wird man Katzenfl\u00f6he am effektivsten los? Wir verraten alle Tricks und Hausmittel gegen die Parasiten.","og_url":"https:\/\/uelzener.de\/magazin\/katze\/tipps-fuer-den-alltag\/floehe-bei-katzen\/","og_site_name":"Uelzener Tier-Magazin","article_publisher":"https:\/\/www.facebook.com\/Uelzener","article_modified_time":"2025-11-13T09:40:16+00:00","og_image":[{"width":1025,"height":450,"url":"https:\/\/uelzener.de\/magazin\/app\/uploads\/2022\/10\/floehe-bei-katzen.jpg","type":"image\/jpeg"}],"twitter_card":"summary_large_image","twitter_misc":{"Gesch\u00e4tzte Lesezeit":"10\u00a0Minuten"},"schema":{"@context":"https:\/\/schema.org","@graph":[{"@type":"WebPage","@id":"https:\/\/uelzener.de\/magazin\/katze\/tipps-fuer-den-alltag\/floehe-bei-katzen\/","url":"https:\/\/uelzener.de\/magazin\/katze\/tipps-fuer-den-alltag\/floehe-bei-katzen\/","name":"Fl\u00f6he bei Katzen: Erkennen und 3 Behandlungswege | Uelzener Magazin","isPartOf":{"@id":"https:\/\/uelzener.de\/magazin\/#website"},"primaryImageOfPage":{"@id":"https:\/\/uelzener.de\/magazin\/katze\/tipps-fuer-den-alltag\/floehe-bei-katzen\/#primaryimage"},"image":{"@id":"https:\/\/uelzener.de\/magazin\/katze\/tipps-fuer-den-alltag\/floehe-bei-katzen\/#primaryimage"},"thumbnailUrl":"https:\/\/uelzener.de\/magazin\/app\/uploads\/2022\/10\/floehe-bei-katzen.jpg","datePublished":"2022-10-20T10:00:44+00:00","dateModified":"2025-11-13T09:40:16+00:00","description":"Wie wird man Katzenfl\u00f6he am effektivsten los? Wir verraten alle Tricks und Hausmittel gegen die Parasiten.","breadcrumb":{"@id":"https:\/\/uelzener.de\/magazin\/katze\/tipps-fuer-den-alltag\/floehe-bei-katzen\/#breadcrumb"},"inLanguage":"de","potentialAction":[{"@type":"ReadAction","target":["https:\/\/uelzener.de\/magazin\/katze\/tipps-fuer-den-alltag\/floehe-bei-katzen\/"]}]},{"@type":"ImageObject","inLanguage":"de","@id":"https:\/\/uelzener.de\/magazin\/katze\/tipps-fuer-den-alltag\/floehe-bei-katzen\/#primaryimage","url":"https:\/\/uelzener.de\/magazin\/app\/uploads\/2022\/10\/floehe-bei-katzen.jpg","contentUrl":"https:\/\/uelzener.de\/magazin\/app\/uploads\/2022\/10\/floehe-bei-katzen.jpg","width":1025,"height":450,"caption":"Rote Katze kratzt sich \u2013 hat sie etwa Fl\u00f6he?"},{"@type":"WebSite","@id":"https:\/\/uelzener.de\/magazin\/#website","url":"https:\/\/uelzener.de\/magazin\/","name":"Uelzener Tiermagazin","description":"Online Tierratgeber der Uelzener Versicherungen","publisher":{"@id":"https:\/\/uelzener.de\/magazin\/#organization"},"potentialAction":[{"@type":"SearchAction","target":{"@type":"EntryPoint","urlTemplate":"https:\/\/uelzener.de\/magazin\/?s={search_term_string}"},"query-input":{"@type":"PropertyValueSpecification","valueRequired":true,"valueName":"search_term_string"}}],"inLanguage":"de"},{"@type":"Organization","@id":"https:\/\/uelzener.de\/magazin\/#organization","name":"Uelzener Versicherungen","url":"https:\/\/uelzener.de\/magazin\/","logo":{"@type":"ImageObject","inLanguage":"de","@id":"https:\/\/uelzener.de\/magazin\/#\/schema\/logo\/image\/","url":"https:\/\/uelzener.de\/magazin\/app\/uploads\/2024\/11\/uelzener_allgemeine_versicherungsgesellschaft_a_g_logo.jpg","contentUrl":"https:\/\/uelzener.de\/magazin\/app\/uploads\/2024\/11\/uelzener_allgemeine_versicherungsgesellschaft_a_g_logo.jpg","width":200,"height":200,"caption":"Uelzener Versicherungen"},"image":{"@id":"https:\/\/uelzener.de\/magazin\/#\/schema\/logo\/image\/"},"sameAs":["https:\/\/www.facebook.com\/Uelzener","https:\/\/instagram.com\/uelzener","https:\/\/www.xing.com\/pages\/uelzenerallgemeineversicherungs-gesellschafta-g","https:\/\/www.youtube.com\/UelzenerVersicherungen"]}]}},"_links":{"self":[{"href":"https:\/\/uelzener.de\/magazin\/wp-json\/wp\/v2\/pages\/14254","targetHints":{"allow":["GET"]}}],"collection":[{"href":"https:\/\/uelzener.de\/magazin\/wp-json\/wp\/v2\/pages"}],"about":[{"href":"https:\/\/uelzener.de\/magazin\/wp-json\/wp\/v2\/types\/page"}],"author":[{"embeddable":true,"href":"https:\/\/uelzener.de\/magazin\/wp-json\/wp\/v2\/users\/11"}],"replies":[{"embeddable":true,"href":"https:\/\/uelzener.de\/magazin\/wp-json\/wp\/v2\/comments?post=14254"}],"version-history":[{"count":12,"href":"https:\/\/uelzener.de\/magazin\/wp-json\/wp\/v2\/pages\/14254\/revisions"}],"predecessor-version":[{"id":19440,"href":"https:\/\/uelzener.de\/magazin\/wp-json\/wp\/v2\/pages\/14254\/revisions\/19440"}],"up":[{"embeddable":true,"href":"https:\/\/uelzener.de\/magazin\/wp-json\/wp\/v2\/pages\/11709"}],"wp:featuredmedia":[{"embeddable":true,"href":"https:\/\/uelzener.de\/magazin\/wp-json\/wp\/v2\/media\/14255"}],"wp:attachment":[{"href":"https:\/\/uelzener.de\/magazin\/wp-json\/wp\/v2\/media?parent=14254"}],"curies":[{"name":"wp","href":"https:\/\/api.w.org\/{rel}","templated":true}]}}