{"id":14188,"date":"2022-10-21T10:00:16","date_gmt":"2022-10-21T08:00:16","guid":{"rendered":"https:\/\/uelzener.de\/magazin\/?page_id=14188"},"modified":"2025-11-13T10:40:01","modified_gmt":"2025-11-13T09:40:01","slug":"blasenentzuendung-bei-katzen","status":"publish","type":"page","link":"https:\/\/uelzener.de\/magazin\/katze\/tiergesundheit\/blasenentzuendung-bei-katzen\/","title":{"rendered":"Blasenentz\u00fcndung bei Katzen: Ursache, Symptome, Hausmittel"},"content":{"rendered":"<p>Eine Blasenentz\u00fcndung ist f\u00fcr deine Katze nicht nur unangenehm, sondern auch gef\u00e4hrlich. Passender ist \u00fcbrigens die Formulierung Harnwegsinfektion, weil in der Regel neben der Blase die Harnwege insgesamt betroffen sind. Wird eine Blasenentz\u00fcndung oder ein Harnwegsinfekt nicht erkannt, kann deine Katze schlimmstenfalls in Lebensgefahr geraten.<\/p>\n<p>Daher lohnt es sich, die Anzeichen zu kennen, sodass du im Fall der F\u00e4lle reagieren kannst. Eine Entz\u00fcndung der Blase bzw. Harnwege erkennst du daran, dass deine Katze h\u00e4ufig versucht, Wasser zu lassen, dabei jedoch nur wenig Fl\u00fcssigkeit absondert. Zudem miaut sie beim Wasserlassen und zeigt dir, dass sie starke Schmerzen hat. Wom\u00f6glich verliert sie sogar Blut. Ein Alarmzeichen, dass du unbedingt ernst nehmen solltest. Zeigt deine Katze Symptome einer Blasenentz\u00fcndung, solltest du unbedingt mit ihr zur Tier\u00e4rzt:in gehen.<\/p>\n<h2>Ursachen einer Blasenentz\u00fcndung bei Katzen<\/h2>\n<p>Es gibt eine Vielzahl an Ursachen f\u00fcr Harnwegsinfekte und Blasenentz\u00fcndung. So k\u00f6nnen sowohl Stress, k\u00f6rperliche Erkrankungen, Bakterien, Tumore oder Blasensteine die Beschwerden deines Stubentigers verursachen.<\/p>\n<p>Zeigt deine Katze Anzeichen einer Blasenentz\u00fcndung, kannst du mit folgender Checkliste m\u00f6gliche Ursachen herausfinden.<\/p>\n<p>Deine Katze:<\/p>\n<ul>\n<li>trinkt zu wenig<\/li>\n<li>leidet unter Stress<\/li>\n<li>hat eine k\u00f6rperliche Erkrankung, wie z. B. <a href=\"https:\/\/uelzener.de\/magazin\/katze\/tiergesundheit\/diabetes-bei-katzen\/\">Diabetes<\/a>, <a href=\"https:\/\/uelzener.de\/magazin\/katze\/tiergesundheit\/niereninsuffizienz-nierenversagen\/\" target=\"_blank\" rel=\"noopener\">Niereninsuffizienz<\/a>, <a href=\"https:\/\/uelzener.de\/magazin\/katze\/tiergesundheit\/schilddruesenueberfunktion-katzen-ursachen-symptome-behandlung\/\">Schilddr\u00fcsen\u00fcberfunktion<\/a>, Bakterien oder Blasentumore.<\/li>\n<li>leidet unter Nebenwirkungen von Medikamenten<\/li>\n<li>der pH-Wert deiner Katze ist nicht im idealen Bereich<\/li>\n<li>isst zu viel oder\/und falsches Futter, z. B. zu magnesiumhaltige Kost<\/li>\n<li>bewegt sich zu wenig und ist \u00fcbergewichtig<\/li>\n<li>leidet unter Harnkristallen oder sogar gr\u00f6\u00dferen Harnsteinen<\/li>\n<\/ul>\n<p>Die genaue Ursache f\u00fcr die Blasenentz\u00fcndung kannst du jedoch erst erkennen, wenn du wei\u00dft, unter welcher Form von Blasenentz\u00fcndung deine Katze leidet.<\/p>\n<h2>Formen und Symptome von Blasenentz\u00fcndungen bei Katzen<\/h2>\n<p>Wie \u00e4u\u00dfert sich eine Blasenentz\u00fcndung bei Katzen? Die Blasenentz\u00fcndung \u00e4u\u00dfert sich in der Regel durch einen geh\u00e4uften Urinabsatz. Jedoch so, dass nur kleine Mengen abgehen. Deine Katze hat Schmerzen und miaut klagend. Au\u00dferdem kann es zu Blut im Urin kommen und die Katze putzt sich verst\u00e4rkt im Genitalbereich.<\/p>\n<p>Ihre Haltung beim Urinieren kann dir weitere Hinweise geben, ob sie wom\u00f6glich an einer Blasenentz\u00fcndung leidet.<\/p>\n<p><img decoding=\"async\" class=\"alignnone size-medium wp-image-14190\" src=\"https:\/\/uelzener.de\/magazin\/app\/uploads\/2022\/10\/Infografik-Katze-Blasenentzuendung-300x224.jpg\" alt=\"Infografik zeigt Haltung beim Urinieren von Katzen ohne und mit Blasenentz\u00fcndung.\" width=\"300\" height=\"224\" srcset=\"https:\/\/uelzener.de\/magazin\/app\/uploads\/2022\/10\/Infografik-Katze-Blasenentzuendung-300x224.jpg 300w, https:\/\/uelzener.de\/magazin\/app\/uploads\/2022\/10\/Infografik-Katze-Blasenentzuendung-768x572.jpg 768w, https:\/\/uelzener.de\/magazin\/app\/uploads\/2022\/10\/Infografik-Katze-Blasenentzuendung-668x498.jpg 668w, https:\/\/uelzener.de\/magazin\/app\/uploads\/2022\/10\/Infografik-Katze-Blasenentzuendung.jpg 840w\" sizes=\"(max-width: 300px) 100vw, 300px\" \/><\/p>\n<p>Um deiner Katze helfen zu k\u00f6nnen, ist es wichtig zu wissen, unter welcher Form von Blasenentz\u00fcndung sie leidet. Denn es gibt verschiedene Arten von Blasenentz\u00fcndung:<\/p>\n<ul>\n<li>bakterielle Blasenentz\u00fcndung<\/li>\n<li>idiopathische Blasenentz\u00fcndung (hier ist keine k\u00f6rperliche Ursache feststellbar, man vermutet Stress als Ursache)<\/li>\n<li>Blasenentz\u00fcndung aufgrund von Harnkristallen und Blasensteinen<\/li>\n<li>Tumore oder Polypen, die Blasenentz\u00fcndungen verursachen k\u00f6nnen<\/li>\n<\/ul>\n<p>Um deine Katze bestm\u00f6glich behandeln zu k\u00f6nnen, stellt dein:e Tier\u00e4rzt:in eine sorgf\u00e4ltige Diagnose. Dazu ist zumeist die Analyse einer Urinprobe, m\u00f6glicherweise auch eine Untersuchung mittels Ultraschall n\u00f6tig. Die bakterielle Blasenentz\u00fcndung wird durch die Laboranalyse der Urinprobe nachgewiesen. Harnkristalle und Tumore k\u00f6nnen mithilfe eines Ultraschalls erkannt werden. Findet dein:e Tier\u00e4rzt:in keine k\u00f6rperliche Ursache, leidet deine Katze unter einer idiopathischen Blasenentz\u00fcndung. Diese wird z. B. durch Stress verursacht und ist oft bei \u00fcbergewichtigen Katzen zu beobachten, die in der Wohnung gehalten werden.<\/p>\n\n<div class=\"banner\">\n    <a href=\"https:\/\/uelzener.de\/katze?agt=0000104925&sem=true&utm_medium=magazin&utm_source=wordpress&utm_campaign=katze&utm_content=banner\">\n        <img decoding=\"async\" width=\"300\" height=\"212\" src=\"https:\/\/uelzener.de\/magazin\/app\/uploads\/2025\/01\/Katzenversicherung.jpg\" class=\"attachment-medium size-medium\" alt=\"Banner Katzenversicherung\" \/>    <\/a>\n<\/div>\n\n<h2>Hausmittel gegen Blasenentz\u00fcndung<\/h2>\n<p>Du kannst mit bew\u00e4hrten Hausmitteln viel daf\u00fcr tun, die Beschwerden deiner Katze zu lindern. Unabh\u00e4ngig davon ist der Weg zur Tier\u00e4rzt:in immer angeraten. Denn eine bakterielle Entz\u00fcndung oder ein Tumor lassen sich mit Hausmitteln nicht kurieren.<\/p>\n<h3>W\u00e4rme<\/h3>\n<p>W\u00e4rme hilft deiner Katze, sich bei den krampfartigen Beschwerden einer Blasenentz\u00fcndung zu entspannen. Bereite ihr ein warmes und kuscheliges Pl\u00e4tzchen, sodass sie sich entspannen kann.<\/p>\n<h3>Kamillentee<\/h3>\n<p>Kamille kann ebenfalls beruhigend und wohltuend auf deine erkrankte Katze wirken. Denn Kamille wirkt entz\u00fcndungshemmend und harntreibend. Tee in seiner puren Form wird vermutlich zu intensiv schmecken und deine Katze wird ihn nicht trinken wollen. Verd\u00fcnne deshalb den Tee mit Wasser und achte darauf, dass er Zimmertemperatur hat. Damit verhinderst du, dass sich dein Stubentiger verbrennt.<\/p>\n<h3>Apfelessig<\/h3>\n<p>Apfelessig wirkt entz\u00fcndungshemmend. Du kannst ihn \u00e4hnlich wie den Kamillentee verd\u00fcnnt mit Wasser geben. Denn auch Apfelessig hat einen sehr eigenen Geschmack, den deine Katze in Reinform wahrscheinlich verweigern wird.<\/p>\n<h3>Brennnessel<\/h3>\n<p>Brennnessel kann die Nierent\u00e4tigkeit anregen und f\u00fchrt so dazu, dass vermehrt Harn und damit z.B. auch sch\u00e4dliche Bakterien ausgeschieden werden. Bei einer bakteriellen Infektion kann Brennnessel in Form von Tee durchaus helfen, der Infektion schneller Herr zu werden.<\/p>\n<h3>Cranberry<\/h3>\n<p>\u00c4hnlich wie Brennnessel, kann die antibakterielle Wirkung von Cranberry helfen, eine bakterielle Blasenentz\u00fcndung schneller zu \u00fcberwinden. Auch Cranberry gibt es in Form von Tee. Du kannst deiner Katze aber auch verd\u00fcnnten Cranberry-Saft anbieten.<\/p>\n<h3>Globuli<\/h3>\n<p>Es gibt keine wissenschaftlichen Nachweise f\u00fcr die Wirksamkeit hom\u00f6opathischer Mittel. Tierhalter:innen machen jedoch mitunter positive Erfahrungen mit hom\u00f6opathischen Mitteln. Gerade bei idiopathischer Blasenentz\u00fcndung und chronischen, immer wiederkehrenden Beschwerden kann sich ein Versuch lohnen.<\/p>\n<h2>Blasenentz\u00fcndung bei Katzen vorbeugen<\/h2>\n<p>Nach der Blasenentz\u00fcndung kann \u201evor\u201c der Blasenentz\u00fcndung sein. H\u00e4ufig leidet ein Tier wiederholt unter einem Harnwegsinfekt. Kaum \u00fcberstanden, bahnt sich die n\u00e4chste Entz\u00fcndung an. Daher ist Vorbeugung besonders wirkungsvoll, wenn es um die dauerhafte Gesundheit deiner Katze geht.<\/p>\n<p>Folgende Ma\u00dfnahmen kannst du zur Pr\u00e4vention einsetzen:<\/p>\n<ul>\n<li>Sorge stets f\u00fcr Stubenreinheit und ein sauberes Katzenklo.<\/li>\n<li>Achte auf das Gewicht deiner Katze. Blasenentz\u00fcndung tritt h\u00e4ufig bei \u00fcbergewichtigen Katzen auf.<\/li>\n<li>Sorge f\u00fcr ausreichend <a href=\"https:\/\/uelzener.de\/magazin\/katze\/haltung\/wohnungskatze-beschaeftigen\/\">Bewegung bei Wohnungskatzen<\/a>, die sich wom\u00f6glich zu wenig bewegen.<\/li>\n<li>Gib deiner Katze eher Nassfutter als Trockenfutter zu fressen. Damit erh\u00f6hst du auf einfache Weise die Fl\u00fcssigkeitsmenge, die deine Katze zu sich nimmt. Je mehr Fl\u00fcssigkeit deine Katze zu sich nimmt, desto geringer ist das Risiko f\u00fcr einen Harnwegsinfekt.<\/li>\n<li>Achte auf eine magnesiumarme Ern\u00e4hrung. Magnesium f\u00f6rdert die Bildung von Harnkristallen. Mit einer magnesiumarmen Ern\u00e4hrung minimierst du das Risiko der Bildung von Harnkristallen.<\/li>\n<li>Schaffe m\u00f6glichst viele Gelegenheiten, dass deine Katze trinkt. Stelle z. B. ein zus\u00e4tzliches Trinkgef\u00e4\u00df am Lieblingsplatz deiner Katze auf.<\/li>\n<\/ul>\n\n<div class=\"related_articles boxed\">\n    <h2>Mehr zum Thema<\/h2>\n    \n    <div class=\"wrapper\"><div class=\"title align-center\"><h3><a href=\"https:\/\/uelzener.de\/magazin\/katze\/tiergesundheit\/blasenentzuendung-bei-katzen\/\">Blasenentz\u00fcndung bei Katzen: Ursache, Symptome, Hausmittel<\/a><\/h3><\/div><div class=\"img align-center\"><img decoding=\"async\" width=\"315\" height=\"180\" src=\"https:\/\/uelzener.de\/magazin\/app\/uploads\/2022\/10\/Katze-Blasenentzuendung-315x180.jpg\" class=\"attachment-315x180 size-315x180 wp-post-image\" alt=\"Katze im offenen Katzenklo. Bei Blasenentz\u00fcndung sp\u00fcren die Tiere h\u00e4ufiger einen Harndrang.\" \/><\/div><\/div><div class=\"wrapper\"><div class=\"title align-center\"><h3><a href=\"https:\/\/uelzener.de\/magazin\/katze\/erziehung-und-training\/katze-stubenrein-bekommen\/\">Katzen stubenrein bekommen<\/a><\/h3><\/div><div class=\"img align-center\"><img decoding=\"async\" width=\"315\" height=\"180\" src=\"https:\/\/uelzener.de\/magazin\/app\/uploads\/2019\/11\/123584f5-b719-40f4-ad77-b570b6f68c5a-315x180.jpg\" class=\"attachment-315x180 size-315x180 wp-post-image\" alt=\"Eine Katze schaut aus dem Katzenklo, mit den richtigen Tricks ist es nicht schwer, sie stubenrein zu bekommen.\" \/><\/div><\/div><div class=\"wrapper\"><div class=\"title align-center\"><h3><a href=\"https:\/\/uelzener.de\/magazin\/katze\/haltung\/so-findest-du-die-richtige-katzenstreu\/\">Saubere Sache f\u00fcr Mieze und Mensch: So findest du die richtige Katzenstreu<\/a><\/h3><\/div><div class=\"img align-center\"><img decoding=\"async\" width=\"315\" height=\"180\" src=\"https:\/\/uelzener.de\/magazin\/app\/uploads\/2025\/05\/katzenstreu-315x180.jpg\" class=\"attachment-315x180 size-315x180 wp-post-image\" alt=\"Katzen be\u00e4ugt Katzenstreu im Katzenklo.\" \/><\/div><\/div><\/div>\n\n<h2>FAQ: H\u00e4ufig gestellte Fragen<\/h2>\n<h3>Was darf meine Katze essen bei einer Blasenentz\u00fcndung?<\/h3>\n<p>Grunds\u00e4tzlich darf deine Katze bei einem Harnwegsinfekt alles essen, was sie sonst auch isst. Allerdings beg\u00fcnstigt eine eiwei\u00dfreiche und magnesiumreiche Ern\u00e4hrung die Entstehung von Blasenentz\u00fcndung.<\/p>\n<h3>Wie bekomme ich eine Urinprobe von meiner Katze?<\/h3>\n<p>Bei einigen Katzen gelingt es, den Urin mit einem Gef\u00e4\u00df aufzufangen, wenn die Katze im Katzenklo uriniert. Oftmals gelingt das jedoch nicht. Denn Katzen sind auf dem Klo gerne f\u00fcr sich. F\u00fcr diesen Fall gibt es Katzenstreu aus Kunststoff. Dieses gibt der Katze das Gef\u00fchl, im Streu ihr Gesch\u00e4ft zu erledigen. Tats\u00e4chlich saugt diese spezielle Streu jedoch keinen Urin auf, sodass man den Urin nach dem Gesch\u00e4ft bequem entnehmen kann. Dazu kann man das Katzenklo kippen und den Urin in ein Gef\u00e4\u00df entleeren. Alternativ l\u00e4sst sich der Urin auch mit einer Pipette aufsaugen.<\/p>\n<h3>Wie lange dauert es, bis eine Blasenentz\u00fcndung bei Katzen ausgestanden ist?<\/h3>\n<p>Eine bakterielle Blasenentz\u00fcndung wird mit <a href=\"https:\/\/uelzener.de\/magazin\/katze\/tiergesundheit\/antibiotika-katze\/\">Antibiotika<\/a> behandelt. Meist verschwinden die Beschwerden nach ca. 5 Tagen. Bei einer idiopathischen Blasenentz\u00fcndung l\u00e4sst sich keine k\u00f6rperliche Ursache ausmachen. Da eine der Hauptursachen Stress ist, kann sie l\u00e4nger anhalten. Es ist wichtig, m\u00f6glichst schnell die Ursachen abzustellen und so daf\u00fcr zu sorgen, dass sich auch die idiopathische Blasenentz\u00fcndung zur\u00fcckbildet. Hier besteht das besondere Risiko, dass die Blasenentz\u00fcndung immer wieder auftreten kann und sogar chronisch werden k\u00f6nnte. So kann der Harnwegsinfekt zu einem Dauerthema f\u00fcr dich und deine Katze werden.<\/p>\n","protected":false},"excerpt":{"rendered":"<p>Eine Blasenentz\u00fcndung ist f\u00fcr deine Katze nicht nur unangenehm, sondern auch gef\u00e4hrlich. Passender ist \u00fcbrigens die Formulierung Harnwegsinfektion, weil in der Regel neben der Blase die Harnwege insgesamt betroffen sind. Wird eine Blasenentz\u00fcndung oder ein Harnwegsinfekt nicht erkannt, kann deine Katze schlimmstenfalls in Lebensgefahr geraten. Daher lohnt es sich, die Anzeichen zu kennen, sodass du [&hellip;]<\/p>\n","protected":false},"author":11,"featured_media":14189,"parent":11712,"menu_order":20,"comment_status":"closed","ping_status":"closed","template":"templates\/blog.php","meta":{"_acf_changed":false,"_crdt_document":"","footnotes":"","beyondwords_generate_audio":"0","beyondwords_project_id":"","beyondwords_content_id":"","beyondwords_preview_token":"","beyondwords_player_style":"","beyondwords_language_id":"","beyondwords_title_voice_id":"","beyondwords_body_voice_id":"","beyondwords_summary_voice_id":"","beyondwords_error_message":"","beyondwords_disabled":"","beyondwords_delete_content":"","beyondwords_podcast_id":"","beyondwords_hash":"","publish_post_to_speechkit":"","speechkit_hash":"","speechkit_generate_audio":"","speechkit_project_id":"","speechkit_podcast_id":"","speechkit_error_message":"","speechkit_disabled":"","speechkit_access_key":"","speechkit_error":"","speechkit_info":"","speechkit_response":"","speechkit_retries":"","speechkit_status":"","speechkit_updated_at":"","_speechkit_link":"","_speechkit_text":""},"class_list":["post-14188","page","type-page","status-publish","has-post-thumbnail","hentry"],"acf":[],"yoast_head":"<!-- This site is optimized with the Yoast SEO Premium plugin  - https:\/\/yoast.com\/product\/yoast-seo-premium-wordpress\/ -->\n<title>Blasenentz\u00fcndung bei Katzen: Ursache, Symptome, Hausmittel | Uelzener<\/title>\n<meta name=\"description\" content=\"Helfen Cranberry, W\u00e4rme und Globuli auch bei Katzen, wenn sie an Blasenentz\u00fcndung leiden? Und wann ist der Gang zum Arzt notwendig?\" \/>\n<meta name=\"robots\" content=\"index, follow, max-snippet:-1, max-image-preview:large, max-video-preview:-1\" \/>\n<link rel=\"canonical\" href=\"https:\/\/uelzener.de\/magazin\/katze\/tiergesundheit\/blasenentzuendung-bei-katzen\/\" \/>\n<meta property=\"og:locale\" content=\"de_DE\" \/>\n<meta property=\"og:type\" content=\"article\" \/>\n<meta property=\"og:title\" content=\"Blasenentz\u00fcndung bei Katzen: Ursache, Symptome, Hausmittel\" \/>\n<meta property=\"og:description\" content=\"Helfen Cranberry, W\u00e4rme und Globuli auch bei Katzen, wenn sie an Blasenentz\u00fcndung leiden? Und wann ist der Gang zum Arzt notwendig?\" \/>\n<meta property=\"og:url\" content=\"https:\/\/uelzener.de\/magazin\/katze\/tiergesundheit\/blasenentzuendung-bei-katzen\/\" \/>\n<meta property=\"og:site_name\" content=\"Uelzener Tier-Magazin\" \/>\n<meta property=\"article:publisher\" content=\"https:\/\/www.facebook.com\/Uelzener\" \/>\n<meta property=\"article:modified_time\" content=\"2025-11-13T09:40:01+00:00\" \/>\n<meta property=\"og:image\" content=\"https:\/\/uelzener.de\/magazin\/app\/uploads\/2022\/10\/Katze-Blasenentzuendung.jpg\" \/>\n\t<meta property=\"og:image:width\" content=\"1025\" \/>\n\t<meta property=\"og:image:height\" content=\"450\" \/>\n\t<meta property=\"og:image:type\" content=\"image\/jpeg\" \/>\n<meta name=\"twitter:card\" content=\"summary_large_image\" \/>\n<meta name=\"twitter:label1\" content=\"Gesch\u00e4tzte Lesezeit\" \/>\n\t<meta name=\"twitter:data1\" content=\"7\u00a0Minuten\" \/>\n<script type=\"application\/ld+json\" class=\"yoast-schema-graph\">{\"@context\":\"https:\/\/schema.org\",\"@graph\":[{\"@type\":\"WebPage\",\"@id\":\"https:\/\/uelzener.de\/magazin\/katze\/tiergesundheit\/blasenentzuendung-bei-katzen\/\",\"url\":\"https:\/\/uelzener.de\/magazin\/katze\/tiergesundheit\/blasenentzuendung-bei-katzen\/\",\"name\":\"Blasenentz\u00fcndung bei Katzen: Ursache, Symptome, Hausmittel | Uelzener\",\"isPartOf\":{\"@id\":\"https:\/\/uelzener.de\/magazin\/#website\"},\"primaryImageOfPage\":{\"@id\":\"https:\/\/uelzener.de\/magazin\/katze\/tiergesundheit\/blasenentzuendung-bei-katzen\/#primaryimage\"},\"image\":{\"@id\":\"https:\/\/uelzener.de\/magazin\/katze\/tiergesundheit\/blasenentzuendung-bei-katzen\/#primaryimage\"},\"thumbnailUrl\":\"https:\/\/uelzener.de\/magazin\/app\/uploads\/2022\/10\/Katze-Blasenentzuendung.jpg\",\"datePublished\":\"2022-10-21T08:00:16+00:00\",\"dateModified\":\"2025-11-13T09:40:01+00:00\",\"description\":\"Helfen Cranberry, W\u00e4rme und Globuli auch bei Katzen, wenn sie an Blasenentz\u00fcndung leiden? Und wann ist der Gang zum Arzt notwendig?\",\"breadcrumb\":{\"@id\":\"https:\/\/uelzener.de\/magazin\/katze\/tiergesundheit\/blasenentzuendung-bei-katzen\/#breadcrumb\"},\"inLanguage\":\"de\",\"potentialAction\":[{\"@type\":\"ReadAction\",\"target\":[\"https:\/\/uelzener.de\/magazin\/katze\/tiergesundheit\/blasenentzuendung-bei-katzen\/\"]}]},{\"@type\":\"ImageObject\",\"inLanguage\":\"de\",\"@id\":\"https:\/\/uelzener.de\/magazin\/katze\/tiergesundheit\/blasenentzuendung-bei-katzen\/#primaryimage\",\"url\":\"https:\/\/uelzener.de\/magazin\/app\/uploads\/2022\/10\/Katze-Blasenentzuendung.jpg\",\"contentUrl\":\"https:\/\/uelzener.de\/magazin\/app\/uploads\/2022\/10\/Katze-Blasenentzuendung.jpg\",\"width\":1025,\"height\":450,\"caption\":\"Hier steht ein Text zu dem Bild lalala\"},{\"@type\":\"WebSite\",\"@id\":\"https:\/\/uelzener.de\/magazin\/#website\",\"url\":\"https:\/\/uelzener.de\/magazin\/\",\"name\":\"Uelzener Tiermagazin\",\"description\":\"Online Tierratgeber der Uelzener Versicherungen\",\"publisher\":{\"@id\":\"https:\/\/uelzener.de\/magazin\/#organization\"},\"potentialAction\":[{\"@type\":\"SearchAction\",\"target\":{\"@type\":\"EntryPoint\",\"urlTemplate\":\"https:\/\/uelzener.de\/magazin\/?s={search_term_string}\"},\"query-input\":{\"@type\":\"PropertyValueSpecification\",\"valueRequired\":true,\"valueName\":\"search_term_string\"}}],\"inLanguage\":\"de\"},{\"@type\":\"Organization\",\"@id\":\"https:\/\/uelzener.de\/magazin\/#organization\",\"name\":\"Uelzener Versicherungen\",\"url\":\"https:\/\/uelzener.de\/magazin\/\",\"logo\":{\"@type\":\"ImageObject\",\"inLanguage\":\"de\",\"@id\":\"https:\/\/uelzener.de\/magazin\/#\/schema\/logo\/image\/\",\"url\":\"https:\/\/uelzener.de\/magazin\/app\/uploads\/2024\/11\/uelzener_allgemeine_versicherungsgesellschaft_a_g_logo.jpg\",\"contentUrl\":\"https:\/\/uelzener.de\/magazin\/app\/uploads\/2024\/11\/uelzener_allgemeine_versicherungsgesellschaft_a_g_logo.jpg\",\"width\":200,\"height\":200,\"caption\":\"Uelzener Versicherungen\"},\"image\":{\"@id\":\"https:\/\/uelzener.de\/magazin\/#\/schema\/logo\/image\/\"},\"sameAs\":[\"https:\/\/www.facebook.com\/Uelzener\",\"https:\/\/instagram.com\/uelzener\",\"https:\/\/www.xing.com\/pages\/uelzenerallgemeineversicherungs-gesellschafta-g\",\"https:\/\/www.youtube.com\/UelzenerVersicherungen\"]}]}<\/script>\n<!-- \/ Yoast SEO Premium plugin. -->","yoast_head_json":{"title":"Blasenentz\u00fcndung bei Katzen: Ursache, Symptome, Hausmittel | Uelzener","description":"Helfen Cranberry, W\u00e4rme und Globuli auch bei Katzen, wenn sie an Blasenentz\u00fcndung leiden? Und wann ist der Gang zum Arzt notwendig?","robots":{"index":"index","follow":"follow","max-snippet":"max-snippet:-1","max-image-preview":"max-image-preview:large","max-video-preview":"max-video-preview:-1"},"canonical":"https:\/\/uelzener.de\/magazin\/katze\/tiergesundheit\/blasenentzuendung-bei-katzen\/","og_locale":"de_DE","og_type":"article","og_title":"Blasenentz\u00fcndung bei Katzen: Ursache, Symptome, Hausmittel","og_description":"Helfen Cranberry, W\u00e4rme und Globuli auch bei Katzen, wenn sie an Blasenentz\u00fcndung leiden? Und wann ist der Gang zum Arzt notwendig?","og_url":"https:\/\/uelzener.de\/magazin\/katze\/tiergesundheit\/blasenentzuendung-bei-katzen\/","og_site_name":"Uelzener Tier-Magazin","article_publisher":"https:\/\/www.facebook.com\/Uelzener","article_modified_time":"2025-11-13T09:40:01+00:00","og_image":[{"width":1025,"height":450,"url":"https:\/\/uelzener.de\/magazin\/app\/uploads\/2022\/10\/Katze-Blasenentzuendung.jpg","type":"image\/jpeg"}],"twitter_card":"summary_large_image","twitter_misc":{"Gesch\u00e4tzte Lesezeit":"7\u00a0Minuten"},"schema":{"@context":"https:\/\/schema.org","@graph":[{"@type":"WebPage","@id":"https:\/\/uelzener.de\/magazin\/katze\/tiergesundheit\/blasenentzuendung-bei-katzen\/","url":"https:\/\/uelzener.de\/magazin\/katze\/tiergesundheit\/blasenentzuendung-bei-katzen\/","name":"Blasenentz\u00fcndung bei Katzen: Ursache, Symptome, Hausmittel | Uelzener","isPartOf":{"@id":"https:\/\/uelzener.de\/magazin\/#website"},"primaryImageOfPage":{"@id":"https:\/\/uelzener.de\/magazin\/katze\/tiergesundheit\/blasenentzuendung-bei-katzen\/#primaryimage"},"image":{"@id":"https:\/\/uelzener.de\/magazin\/katze\/tiergesundheit\/blasenentzuendung-bei-katzen\/#primaryimage"},"thumbnailUrl":"https:\/\/uelzener.de\/magazin\/app\/uploads\/2022\/10\/Katze-Blasenentzuendung.jpg","datePublished":"2022-10-21T08:00:16+00:00","dateModified":"2025-11-13T09:40:01+00:00","description":"Helfen Cranberry, W\u00e4rme und Globuli auch bei Katzen, wenn sie an Blasenentz\u00fcndung leiden? Und wann ist der Gang zum Arzt notwendig?","breadcrumb":{"@id":"https:\/\/uelzener.de\/magazin\/katze\/tiergesundheit\/blasenentzuendung-bei-katzen\/#breadcrumb"},"inLanguage":"de","potentialAction":[{"@type":"ReadAction","target":["https:\/\/uelzener.de\/magazin\/katze\/tiergesundheit\/blasenentzuendung-bei-katzen\/"]}]},{"@type":"ImageObject","inLanguage":"de","@id":"https:\/\/uelzener.de\/magazin\/katze\/tiergesundheit\/blasenentzuendung-bei-katzen\/#primaryimage","url":"https:\/\/uelzener.de\/magazin\/app\/uploads\/2022\/10\/Katze-Blasenentzuendung.jpg","contentUrl":"https:\/\/uelzener.de\/magazin\/app\/uploads\/2022\/10\/Katze-Blasenentzuendung.jpg","width":1025,"height":450,"caption":"Hier steht ein Text zu dem Bild lalala"},{"@type":"WebSite","@id":"https:\/\/uelzener.de\/magazin\/#website","url":"https:\/\/uelzener.de\/magazin\/","name":"Uelzener Tiermagazin","description":"Online Tierratgeber der Uelzener Versicherungen","publisher":{"@id":"https:\/\/uelzener.de\/magazin\/#organization"},"potentialAction":[{"@type":"SearchAction","target":{"@type":"EntryPoint","urlTemplate":"https:\/\/uelzener.de\/magazin\/?s={search_term_string}"},"query-input":{"@type":"PropertyValueSpecification","valueRequired":true,"valueName":"search_term_string"}}],"inLanguage":"de"},{"@type":"Organization","@id":"https:\/\/uelzener.de\/magazin\/#organization","name":"Uelzener Versicherungen","url":"https:\/\/uelzener.de\/magazin\/","logo":{"@type":"ImageObject","inLanguage":"de","@id":"https:\/\/uelzener.de\/magazin\/#\/schema\/logo\/image\/","url":"https:\/\/uelzener.de\/magazin\/app\/uploads\/2024\/11\/uelzener_allgemeine_versicherungsgesellschaft_a_g_logo.jpg","contentUrl":"https:\/\/uelzener.de\/magazin\/app\/uploads\/2024\/11\/uelzener_allgemeine_versicherungsgesellschaft_a_g_logo.jpg","width":200,"height":200,"caption":"Uelzener Versicherungen"},"image":{"@id":"https:\/\/uelzener.de\/magazin\/#\/schema\/logo\/image\/"},"sameAs":["https:\/\/www.facebook.com\/Uelzener","https:\/\/instagram.com\/uelzener","https:\/\/www.xing.com\/pages\/uelzenerallgemeineversicherungs-gesellschafta-g","https:\/\/www.youtube.com\/UelzenerVersicherungen"]}]}},"_links":{"self":[{"href":"https:\/\/uelzener.de\/magazin\/wp-json\/wp\/v2\/pages\/14188","targetHints":{"allow":["GET"]}}],"collection":[{"href":"https:\/\/uelzener.de\/magazin\/wp-json\/wp\/v2\/pages"}],"about":[{"href":"https:\/\/uelzener.de\/magazin\/wp-json\/wp\/v2\/types\/page"}],"author":[{"embeddable":true,"href":"https:\/\/uelzener.de\/magazin\/wp-json\/wp\/v2\/users\/11"}],"replies":[{"embeddable":true,"href":"https:\/\/uelzener.de\/magazin\/wp-json\/wp\/v2\/comments?post=14188"}],"version-history":[{"count":13,"href":"https:\/\/uelzener.de\/magazin\/wp-json\/wp\/v2\/pages\/14188\/revisions"}],"predecessor-version":[{"id":19438,"href":"https:\/\/uelzener.de\/magazin\/wp-json\/wp\/v2\/pages\/14188\/revisions\/19438"}],"up":[{"embeddable":true,"href":"https:\/\/uelzener.de\/magazin\/wp-json\/wp\/v2\/pages\/11712"}],"wp:featuredmedia":[{"embeddable":true,"href":"https:\/\/uelzener.de\/magazin\/wp-json\/wp\/v2\/media\/14189"}],"wp:attachment":[{"href":"https:\/\/uelzener.de\/magazin\/wp-json\/wp\/v2\/media?parent=14188"}],"curies":[{"name":"wp","href":"https:\/\/api.w.org\/{rel}","templated":true}]}}