{"id":14102,"date":"2022-10-14T15:59:03","date_gmt":"2022-10-14T13:59:03","guid":{"rendered":"https:\/\/uelzener.de\/magazin\/?page_id=14102"},"modified":"2025-11-13T10:45:54","modified_gmt":"2025-11-13T09:45:54","slug":"pferdetraining-wann-und-wie-pausen-machen","status":"publish","type":"page","link":"https:\/\/uelzener.de\/magazin\/pferd\/erziehung-und-training\/pferdetraining-wann-und-wie-pausen-machen\/","title":{"rendered":"Pferdetraining: Wann und wie Pausen machen?"},"content":{"rendered":"<p>Nach einem erfolgreichen Training denkt man gern an die Momente zur\u00fcck, als die \u00dcbung pl\u00f6tzlich funktioniert hat oder besonders gut ausgef\u00fchrt wurde. Dabei wird schnell \u00fcbersehen, wie wichtig Pausenmachen beim Pferdetraining sind, um solche Fortschritte \u00fcberhaupt zu erm\u00f6glichen. Pferd und Reiter:in brauchen immer wieder die Gelegenheit, sich k\u00f6rperlich und mental zu erholen. Und das sowohl w\u00e4hrend als auch nach der Trainingseinheit. Nur so treten langfristig Trainingserfolge ein und die Freude an der gemeinsamen Arbeit bleibt erhalten.<\/p>\n<p>Sprichw\u00f6rtlich hei\u00dft es: \u201eEin gutes Pferd springt nur so hoch, wie es muss.\u201c Tats\u00e4chlich springt es aber in erster Linie nur so hoch, wie es kann. F\u00fcr dieses K\u00f6nnen sind ausreichende Pausen eine absolute Voraussetzung.<\/p>\n<h2>Wann und warum ist eine Pause sinnvoll?<\/h2>\n<p>Pausen k\u00f6nnen in vielen verschiedenen Situationen sinnvoll sein und haben entsprechend nicht den einen Grund oder den einen Zeitpunkt, den man immer bereits im Vorfeld festlegen k\u00f6nnte. Am naheliegendsten ist wohl die k\u00f6rperliche Erholung, wenn ein Pferd bis an seine Leistungsgrenzen gebracht wurde. So kann sich die Muskulatur entspannen und mit Sauerstoff versorgt werden. \u00c4hnlich verh\u00e4lt es sich bei einer geistig sehr herausfordernden Trainingseinheit, nach der Pferd und Reiter:in einen kurzen Moment zum Abschalten brauchen, damit sie sich anschlie\u00dfend wieder konzentrieren k\u00f6nnen. Pausen k\u00f6nnen aber auch eine Belohnung sein, wenn das Tier die geforderte \u00dcbung nach einigen Wiederholungen gut meistert, oder sie k\u00f6nnen f\u00fcr einen Ortswechsel genutzt werden, wenn sich das Pferd immer wieder ablenken l\u00e4sst. Wer mit seinem Jungpferd zum Beispiel mit dem <a href=\"https:\/\/uelzener.de\/magazin\/pferd\/erziehung-und-training\/fuehrtraining-pferd\/\">F\u00fchrtraining<\/a> beginnen m\u00f6chte, sollte sich daf\u00fcr immer eine reizarme Umgebung suchen.<\/p>\n<p>Ausreichende Erholungsphasen helfen dabei, den Trainingseffekt langfristig zu erh\u00f6hen. Wie oft oder lange eine Pause ben\u00f6tigt wird, ist allerdings von Pferd zu Pferd und nat\u00fcrlich auch von Mensch zu Mensch unterschiedlich. Ein ehrgeiziges Tier muss man beispielsweise zum Schutz der Gesundheit daran gew\u00f6hnen, dass es sich zwischendurch erholen muss, wie auch ein auf sein Trainingsziel fokussierter Mensch sich immer wieder an die Notwendigkeit von Pausen erinnern sollte.<\/p>\n<h3>Pausen w\u00e4hrend des Pferdetrainings<\/h3>\n<p>Es erfordert einiges an Erfahrung, um sich und sein Pferd w\u00e4hrend des Trainings richtig einzusch\u00e4tzen und sinnvolle Pausen einzuleiten. Schlie\u00dflich m\u00f6chte man das Tier zwar fordern, aber keinesfalls \u00fcberfordern. Zu schnell kann falsches Training in Stress ausarten oder zu k\u00f6rperlicher \u00dcberforderung f\u00fchren. W\u00e4hrend der Trainingseinheit gibt es folgende Anzeichen, dass eine Pause notwendig sein k\u00f6nnte:<\/p>\n<ul>\n<li>Die Atmung ist nur noch flach und hektisch.<\/li>\n<li>Das Pferd reagiert langsamer und l\u00e4sst sich leichter ablenken.<\/li>\n<li>Im Umfeld gibt es zu viele Ablenkungen.<\/li>\n<li>Nach zu vielen Wiederholungen werden die \u00dcbungen immer schlechter ausgef\u00fchrt.<\/li>\n<\/ul>\n<p>Zus\u00e4tzlich k\u00f6nnen Pausen sehr unterschiedliche Zwecke erf\u00fcllen und entsprechend anders gestaltet sein. In Ruhepausen wird die Belastung vollst\u00e4ndig heruntergefahren. Entspannungs- und Erholungspausen entstehen hingegen regelm\u00e4\u00dfig dann, wenn die Intensit\u00e4t heruntergefahren wird. Wenn das Tier etwa dauerhaft in Aufrichtung gehen muss, dann kann dies schnell zu Verspannungen f\u00fchren. Ein lockerer Trab am halblangen Z\u00fcgel in entspannter Haltung kann dann schon Wunder wirken, ohne dass die Pause zum Nichtstun wird. Beim <a href=\"https:\/\/uelzener.de\/magazin\/pferd\/erziehung-und-training\/intervalltraining-pferd\/\">Intervalltraining<\/a> w\u00e4re dieses vollst\u00e4ndige Abschalten sogar hinderlich f\u00fcr den Trainingseffekt. Scheitert eine \u00dcbung immer wieder, weil sie mental oder k\u00f6rperlich zu anspruchsvoll ist, kann auch eine einfachere Einheit, die das Tier spielend beherrscht, wie eine Pause funktionieren.<\/p>\n<p>Je nach Situation variiert auch die Dauer der Unterbrechungen. W\u00e4hrend mal eine Bahn im Schritt schon als Regenerationsphase ausreicht, sind nach intensivem Training auch deutlich l\u00e4ngere Pausen notwendig. Wer sein Pferd genau beobachtet, wird mit wachsender Erfahrung feststellen, wann es wieder aufmerksamer wird und f\u00fcr die n\u00e4chste \u00dcbung bereit ist und wann sich Atmung und K\u00f6rperhaltung ausreichend entspannt haben. Ob die Pause lang genug war, merkt man meist schon bei der ersten dann folgenden \u00dcbung.<\/p>\n<p>Letztlich kann die Pause aber vom Pferd auch unterschiedlich aufgenommen werden, je nachdem ob man mit positiver oder negativer Verst\u00e4rkung trainiert. Wer \u00fcber negative Verst\u00e4rkung motiviert, also beispielsweise mit der Gerte oder den Beinen Druck aus\u00fcbt, der macht die Pause zu einer positiven Belohnung f\u00fcr das Pferd, weil der Druck in dieser Zeit verschwindet. Wer hingegen positiv verst\u00e4rkt \u2013 beispielsweise bei der Bodenarbeit \u2013 und immer wieder mit Futter oder anderen Belohnungen auf Fortschritte reagiert, der macht die Pause zu einer prinzipiell eher unangenehmen Zeit, in der diese Belohnungen ausbleiben. Eine Pause als Belohnung f\u00fcr eine gut ausgef\u00fchrte \u00dcbung ist bei positiver Verst\u00e4rkung daher nicht sinnvoll. Nat\u00fcrlich sind k\u00f6rperliche oder mentale Erholungspausen aber auch bei diesen Trainingseinheiten notwendig. Sie sollten dann aber m\u00f6glichst angenehm f\u00fcr das Pferd gestaltet werden, etwa indem es grasen kann oder massiert wird.<\/p>\n<h3>Pause nach dem Training<\/h3>\n<p>Der eigentliche Trainingseffekt entsteht allerdings erst durch die Pausen nach dem Training. In dieser Zeit kann das Pferd das Erlernte verfestigen und sich vom Lernstress erholen. Absolut wichtig ist daher, dass in dieser Phase keine anderen Stressfaktoren hinzukommen. Gibt es etwa permanent Streit in der Herde, dann wird das Pferd nicht die Ruhe finden, um das Training mental zu verarbeiten.<\/p>\n<p>K\u00f6rperlich sind trainingsfreie Tage wichtig, da der Muskelaufbau bis zu 72 Stunden dauern kann. Pausen w\u00e4hrend des Trainings helfen zwar bei der Entspannung der Muskeln und beugen Verspannungen und Verletzungen vor, erst nach dem Training kann der Pferdek\u00f6rper die Reize aber vollst\u00e4ndig verarbeiten. Au\u00dferdem sind Pausen von einigen Tagen nach dem Training &#8211; beispielsweise beim Konditionstraining &#8211; wichtig, da eine Unterbrechung w\u00e4hrend dieser Art von Training eher hinderlich w\u00e4re.<\/p>\n<p>Eine wochenlange Trainingspause kann zudem witterungsbedingt im Winter notwendig sein \u2013 etwa wenn der Boden gefroren ist. Wenn dann manche Trainingsarten ausfallen, kommt es zu einem Muskelabbau in den weniger beanspruchten K\u00f6rperregionen. Nach der langen Unterbrechung sollte man deshalb immer bedenken, dass im Fr\u00fchjahr Kondition und Muskeln erst langsam wieder gezielt aufgebaut werden m\u00fcssen, um das Pferd auf seinen alten Fitnessstand zu bringen.<\/p>\n\n<div class=\"related_articles boxed\">\n    <h2>Mehr zum Thema<\/h2>\n    \n    <div class=\"wrapper\"><div class=\"title align-center\"><h3><a href=\"https:\/\/uelzener.de\/magazin\/pferd\/haeufige-fragen\/liste-haeufigste-pferdekrankheiten-operationen\/\">Liste der h\u00e4ufigsten Pferdekrankheiten und Operationen<\/a><\/h3><\/div><div class=\"img align-center\"><img decoding=\"async\" width=\"315\" height=\"180\" src=\"https:\/\/uelzener.de\/magazin\/app\/uploads\/2023\/01\/haeufige-pferdekrankheiten-operationen-315x180.jpg\" class=\"attachment-315x180 size-315x180 wp-post-image\" alt=\"\u00c4rztin untersucht Pferd auf Krankheiten. Wird eine OP notwendig sein?\" \/><\/div><\/div><div class=\"wrapper\"><div class=\"title align-center\"><h3><a href=\"https:\/\/uelzener.de\/magazin\/pferd\/tiergesundheit\/sehnenverletzung-beim-pferd-erkennen-und-behandeln\/\">Sehnenverletzung beim Pferd erkennen und behandeln<\/a><\/h3><\/div><div class=\"img align-center\"><img decoding=\"async\" width=\"315\" height=\"180\" src=\"https:\/\/uelzener.de\/magazin\/app\/uploads\/2024\/06\/sehnenentzuendung-pferd-315x180.jpg\" class=\"attachment-315x180 size-315x180 wp-post-image\" alt=\"Arzt untersucht Pferd auf Sehnenentz\u00fcndung.\" \/><\/div><\/div><\/div>\n\n<h2>Wie Pausen f\u00fcr Pferd und Reiter:in gestalten?<\/h2>\n<p>So wichtig es auch ist, dem Pferd Erholungsphasen zu g\u00f6nnen, vergessen viele, dass auch die Menschen ihre Pausen brauchen. Zum einen sind Pferde sehr gut darin, unsere Emotionen und K\u00f6rpersprache zu deuten und entspannen sich nicht, wenn ihr:e Reiter:in sehr angespannt ist \u2013 zum anderen sind die Konzentrationspausen f\u00fcr die Person wichtig, da das Pferd nur umsetzen kann, was ihm klar \u00fcber die Reiterhilfen vermittelt wird.<\/p>\n<p>Kinder haben h\u00e4ufig eine geringere Aufmerksamkeitsspanne und sollten daher \u00f6fter Pausen machen, wenn sie <a href=\"https:\/\/uelzener.de\/magazin\/pferd\/erziehung-und-training\/reiten-lernen-tipps-fuer-die-sicherheit-bei-kindern\/\">Reiten lernen<\/a>. Stattdessen sollte der Spa\u00df im Vordergrund stehen, damit sie langfristig eine positive Verbindung zum Reiten aufbauen. Beim Training von Fohlen verh\u00e4lt es sich sehr \u00e4hnlich. Ihnen sollten eher kurze Trainingseinheiten abverlangt und immer wieder freie Tage geg\u00f6nnt werden. Dadurch werden Stress und Unwohlsein unwahrscheinlicher und die Chancen stehen gut, dass das Fohlen auch in Zukunft lernbereit ist und eine gute Beziehung zu Menschen aufbaut. Selbst wenn scheinbar einfache Lektionen gelernt werden, ist das junge Pferdehirn in dieser Zeit ohnehin bereits durch einen Zustand des dauerhaften Lernens gefordert.<\/p>\n<p>Eine l\u00e4ngere Reitpause wird schlie\u00dflich h\u00e4ufig bei Schwangeren empfohlen, um kein Risiko einzugehen. Frauen\u00e4rzt:innen k\u00f6nnen sowohl das Pferd als auch die Reitf\u00e4higkeiten nicht sicher beurteilen und raten daher oft schon in den ersten Schwangerschaftsmonaten vom Reiten ab, bis das Kind sicher auf die Welt gekommen ist. Wer sich jedoch absolut auf sein Pferd verlassen kann und einige Erfahrungen im Reiten und dem Umgang mit dem individuellen Tier hat, kann auch schwanger noch Zeit mit dem Pferd verbringen. In diesem Fall ist die zum Reiten notwendige Muskulatur ausgepr\u00e4gt und der K\u00f6rper an die besonderen Belastungen gew\u00f6hnt. Der Sport hat auch positive gesundheitliche Aspekte, da durch die k\u00f6rperliche Bet\u00e4tigung unter anderem der Blutdruck gesenkt und die R\u00fcckenmuskulatur gest\u00e4rkt wird. Die Schwangere sollte sich dennoch selbstkritisch die Risiken bewusstmachen. Sobald man \u00e4ngstlich wird oder sich nicht mehr wohlf\u00fchlt, sollte man mit dem Reiten besser bis nach der Geburt warten. Eine feste Angabe in Wochen oder Monaten gibt es nicht.<\/p>\n<p>Ist dein <a href=\"https:\/\/uelzener.de\/magazin\/pferd\/haeufige-fragen\/pferd-traechtig-wissenswertes-pflege-ernaehrung-vorsorge\/\">Pferd tr\u00e4chtig<\/a>? Dann beachte, dass Training und Pausenzeiten anders gestaltet werden m\u00fcssen.<\/p>\n<h2>FAQ: H\u00e4ufig gestellte Fragen zum Thema \u201ePferdetraining: Pausen machen\u201c<\/h2>\n<h3>Wie erkenne ich, dass mein Pferd Pause braucht?<\/h3>\n<p>Schnell l\u00e4sst sich erkennen, dass dein Pferd eine Pause braucht, wenn es k\u00f6rperlich auf das Training reagiert. Die offensichtlichsten Reaktionen sind eine flache und hektische Atmung.<\/p>\n<p>Genauso k\u00f6nnen langsame Reaktionen und geringe Aufmerksamkeit ein Zeichen daf\u00fcr sein, dass es Zeit f\u00fcr eine Pause ist.<\/p>\n<h3>Wieso ist Pausemachen so wichtig?<\/h3>\n<p>W\u00e4hrend des Trainings soll das Pferd gefordert, aber nicht \u00fcberfordert werden. Hierf\u00fcr sind ausreichende Erholungsphasen sehr wichtig, wenn man einen langfristigen Trainingseffekt erzielen m\u00f6chte. Die L\u00e4nge und H\u00e4ufigkeit der Pausen variiert nat\u00fcrlich von Pferd zu Pferd und muss individuell angepasst werden.<\/p>\n<h3>Wie sieht eine gute Pause aus?<\/h3>\n<p>Gute Pausen orientieren sich am Pferd und k\u00f6nnen daher ganz unterschiedlich ausfallen. Daf\u00fcr braucht es Erfahrung und eine gute Beziehung zum Pferd als Basis. So k\u00f6nnen sowohl lange als auch k\u00fcrzere Pausen sinnvoll sein. Aber auch die unterschiedliche Art des Trainierens mit positiven oder negativen Verst\u00e4rkern wirkt sich auf die optimale Gestaltung von Pausen aus. Erholungspausen sind f\u00fcr Pferde, die mit negativer Verst\u00e4rkung, wie z.B. der Gerte trainiert werden, ideal. Bei positiv verst\u00e4rktem Training, wirkt sich eine Erholungspause eher nachteilig aus. Da sollte die Pause aus einer aktiveren Entspannung, wie z.B. einer Massage, bestehen.<\/p>\n","protected":false},"excerpt":{"rendered":"<p>Nach einem erfolgreichen Training denkt man gern an die Momente zur\u00fcck, als die \u00dcbung pl\u00f6tzlich funktioniert hat oder besonders gut ausgef\u00fchrt wurde. Dabei wird schnell \u00fcbersehen, wie wichtig Pausenmachen beim Pferdetraining sind, um solche Fortschritte \u00fcberhaupt zu erm\u00f6glichen. Pferd und Reiter:in brauchen immer wieder die Gelegenheit, sich k\u00f6rperlich und mental zu erholen. Und das sowohl [&hellip;]<\/p>\n","protected":false},"author":11,"featured_media":14104,"parent":11689,"menu_order":3,"comment_status":"closed","ping_status":"closed","template":"templates\/blog.php","meta":{"_acf_changed":false,"_crdt_document":"","footnotes":"","beyondwords_generate_audio":"","beyondwords_project_id":"","beyondwords_content_id":"","beyondwords_preview_token":"","beyondwords_player_style":"","beyondwords_language_id":"","beyondwords_title_voice_id":"","beyondwords_body_voice_id":"","beyondwords_summary_voice_id":"","beyondwords_error_message":"","beyondwords_disabled":"","beyondwords_delete_content":"","beyondwords_podcast_id":"","beyondwords_hash":"","publish_post_to_speechkit":"","speechkit_hash":"","speechkit_generate_audio":"","speechkit_project_id":"","speechkit_podcast_id":"","speechkit_error_message":"","speechkit_disabled":"","speechkit_access_key":"","speechkit_error":"","speechkit_info":"","speechkit_response":"","speechkit_retries":"","speechkit_status":"","speechkit_updated_at":"","_speechkit_link":"","_speechkit_text":""},"class_list":["post-14102","page","type-page","status-publish","has-post-thumbnail","hentry"],"acf":[],"yoast_head":"<!-- This site is optimized with the Yoast SEO Premium plugin  - https:\/\/yoast.com\/product\/yoast-seo-premium-wordpress\/ -->\n<title>Pferdetraining: Wann und wie Pausen machen? | Uelzener Magazin<\/title>\n<meta name=\"description\" content=\"Wie oft braucht ein Pferd Pausen? Und vor allem in welcher Form?\" \/>\n<meta name=\"robots\" content=\"index, follow, max-snippet:-1, max-image-preview:large, max-video-preview:-1\" \/>\n<link rel=\"canonical\" href=\"https:\/\/uelzener.de\/magazin\/pferd\/erziehung-und-training\/pferdetraining-wann-und-wie-pausen-machen\/\" \/>\n<meta property=\"og:locale\" content=\"de_DE\" \/>\n<meta property=\"og:type\" content=\"article\" \/>\n<meta property=\"og:title\" content=\"Pferdetraining: Wann und wie Pausen machen?\" \/>\n<meta property=\"og:description\" content=\"Wie oft braucht ein Pferd Pausen? Und vor allem in welcher Form?\" \/>\n<meta property=\"og:url\" content=\"https:\/\/uelzener.de\/magazin\/pferd\/erziehung-und-training\/pferdetraining-wann-und-wie-pausen-machen\/\" \/>\n<meta property=\"og:site_name\" content=\"Uelzener Tier-Magazin\" \/>\n<meta property=\"article:publisher\" content=\"https:\/\/www.facebook.com\/Uelzener\" \/>\n<meta property=\"article:modified_time\" content=\"2025-11-13T09:45:54+00:00\" \/>\n<meta property=\"og:image\" content=\"https:\/\/uelzener.de\/magazin\/app\/uploads\/2022\/10\/Pferdetraining-Pausen.jpg\" \/>\n\t<meta property=\"og:image:width\" content=\"1025\" \/>\n\t<meta property=\"og:image:height\" content=\"450\" \/>\n\t<meta property=\"og:image:type\" content=\"image\/jpeg\" \/>\n<meta name=\"twitter:card\" content=\"summary_large_image\" \/>\n<meta name=\"twitter:label1\" content=\"Gesch\u00e4tzte Lesezeit\" \/>\n\t<meta name=\"twitter:data1\" content=\"9\u00a0Minuten\" \/>\n<script type=\"application\/ld+json\" class=\"yoast-schema-graph\">{\"@context\":\"https:\/\/schema.org\",\"@graph\":[{\"@type\":\"WebPage\",\"@id\":\"https:\/\/uelzener.de\/magazin\/pferd\/erziehung-und-training\/pferdetraining-wann-und-wie-pausen-machen\/\",\"url\":\"https:\/\/uelzener.de\/magazin\/pferd\/erziehung-und-training\/pferdetraining-wann-und-wie-pausen-machen\/\",\"name\":\"Pferdetraining: Wann und wie Pausen machen? | Uelzener Magazin\",\"isPartOf\":{\"@id\":\"https:\/\/uelzener.de\/magazin\/#website\"},\"primaryImageOfPage\":{\"@id\":\"https:\/\/uelzener.de\/magazin\/pferd\/erziehung-und-training\/pferdetraining-wann-und-wie-pausen-machen\/#primaryimage\"},\"image\":{\"@id\":\"https:\/\/uelzener.de\/magazin\/pferd\/erziehung-und-training\/pferdetraining-wann-und-wie-pausen-machen\/#primaryimage\"},\"thumbnailUrl\":\"https:\/\/uelzener.de\/magazin\/app\/uploads\/2022\/10\/Pferdetraining-Pausen.jpg\",\"datePublished\":\"2022-10-14T13:59:03+00:00\",\"dateModified\":\"2025-11-13T09:45:54+00:00\",\"description\":\"Wie oft braucht ein Pferd Pausen? Und vor allem in welcher Form?\",\"breadcrumb\":{\"@id\":\"https:\/\/uelzener.de\/magazin\/pferd\/erziehung-und-training\/pferdetraining-wann-und-wie-pausen-machen\/#breadcrumb\"},\"inLanguage\":\"de\",\"potentialAction\":[{\"@type\":\"ReadAction\",\"target\":[\"https:\/\/uelzener.de\/magazin\/pferd\/erziehung-und-training\/pferdetraining-wann-und-wie-pausen-machen\/\"]}]},{\"@type\":\"ImageObject\",\"inLanguage\":\"de\",\"@id\":\"https:\/\/uelzener.de\/magazin\/pferd\/erziehung-und-training\/pferdetraining-wann-und-wie-pausen-machen\/#primaryimage\",\"url\":\"https:\/\/uelzener.de\/magazin\/app\/uploads\/2022\/10\/Pferdetraining-Pausen.jpg\",\"contentUrl\":\"https:\/\/uelzener.de\/magazin\/app\/uploads\/2022\/10\/Pferdetraining-Pausen.jpg\",\"width\":1025,\"height\":450,\"caption\":\"Reitende Frau beugt sich zum Pferd herunter: Richtig Pausen machen beim Pferdetraining ist wichtig.\"},{\"@type\":\"WebSite\",\"@id\":\"https:\/\/uelzener.de\/magazin\/#website\",\"url\":\"https:\/\/uelzener.de\/magazin\/\",\"name\":\"Uelzener Tiermagazin\",\"description\":\"Online Tierratgeber der Uelzener Versicherungen\",\"publisher\":{\"@id\":\"https:\/\/uelzener.de\/magazin\/#organization\"},\"potentialAction\":[{\"@type\":\"SearchAction\",\"target\":{\"@type\":\"EntryPoint\",\"urlTemplate\":\"https:\/\/uelzener.de\/magazin\/?s={search_term_string}\"},\"query-input\":{\"@type\":\"PropertyValueSpecification\",\"valueRequired\":true,\"valueName\":\"search_term_string\"}}],\"inLanguage\":\"de\"},{\"@type\":\"Organization\",\"@id\":\"https:\/\/uelzener.de\/magazin\/#organization\",\"name\":\"Uelzener Versicherungen\",\"url\":\"https:\/\/uelzener.de\/magazin\/\",\"logo\":{\"@type\":\"ImageObject\",\"inLanguage\":\"de\",\"@id\":\"https:\/\/uelzener.de\/magazin\/#\/schema\/logo\/image\/\",\"url\":\"https:\/\/uelzener.de\/magazin\/app\/uploads\/2024\/11\/uelzener_allgemeine_versicherungsgesellschaft_a_g_logo.jpg\",\"contentUrl\":\"https:\/\/uelzener.de\/magazin\/app\/uploads\/2024\/11\/uelzener_allgemeine_versicherungsgesellschaft_a_g_logo.jpg\",\"width\":200,\"height\":200,\"caption\":\"Uelzener Versicherungen\"},\"image\":{\"@id\":\"https:\/\/uelzener.de\/magazin\/#\/schema\/logo\/image\/\"},\"sameAs\":[\"https:\/\/www.facebook.com\/Uelzener\",\"https:\/\/instagram.com\/uelzener\",\"https:\/\/www.xing.com\/pages\/uelzenerallgemeineversicherungs-gesellschafta-g\",\"https:\/\/www.youtube.com\/UelzenerVersicherungen\"]}]}<\/script>\n<!-- \/ Yoast SEO Premium plugin. -->","yoast_head_json":{"title":"Pferdetraining: Wann und wie Pausen machen? | Uelzener Magazin","description":"Wie oft braucht ein Pferd Pausen? Und vor allem in welcher Form?","robots":{"index":"index","follow":"follow","max-snippet":"max-snippet:-1","max-image-preview":"max-image-preview:large","max-video-preview":"max-video-preview:-1"},"canonical":"https:\/\/uelzener.de\/magazin\/pferd\/erziehung-und-training\/pferdetraining-wann-und-wie-pausen-machen\/","og_locale":"de_DE","og_type":"article","og_title":"Pferdetraining: Wann und wie Pausen machen?","og_description":"Wie oft braucht ein Pferd Pausen? Und vor allem in welcher Form?","og_url":"https:\/\/uelzener.de\/magazin\/pferd\/erziehung-und-training\/pferdetraining-wann-und-wie-pausen-machen\/","og_site_name":"Uelzener Tier-Magazin","article_publisher":"https:\/\/www.facebook.com\/Uelzener","article_modified_time":"2025-11-13T09:45:54+00:00","og_image":[{"width":1025,"height":450,"url":"https:\/\/uelzener.de\/magazin\/app\/uploads\/2022\/10\/Pferdetraining-Pausen.jpg","type":"image\/jpeg"}],"twitter_card":"summary_large_image","twitter_misc":{"Gesch\u00e4tzte Lesezeit":"9\u00a0Minuten"},"schema":{"@context":"https:\/\/schema.org","@graph":[{"@type":"WebPage","@id":"https:\/\/uelzener.de\/magazin\/pferd\/erziehung-und-training\/pferdetraining-wann-und-wie-pausen-machen\/","url":"https:\/\/uelzener.de\/magazin\/pferd\/erziehung-und-training\/pferdetraining-wann-und-wie-pausen-machen\/","name":"Pferdetraining: Wann und wie Pausen machen? | Uelzener Magazin","isPartOf":{"@id":"https:\/\/uelzener.de\/magazin\/#website"},"primaryImageOfPage":{"@id":"https:\/\/uelzener.de\/magazin\/pferd\/erziehung-und-training\/pferdetraining-wann-und-wie-pausen-machen\/#primaryimage"},"image":{"@id":"https:\/\/uelzener.de\/magazin\/pferd\/erziehung-und-training\/pferdetraining-wann-und-wie-pausen-machen\/#primaryimage"},"thumbnailUrl":"https:\/\/uelzener.de\/magazin\/app\/uploads\/2022\/10\/Pferdetraining-Pausen.jpg","datePublished":"2022-10-14T13:59:03+00:00","dateModified":"2025-11-13T09:45:54+00:00","description":"Wie oft braucht ein Pferd Pausen? Und vor allem in welcher Form?","breadcrumb":{"@id":"https:\/\/uelzener.de\/magazin\/pferd\/erziehung-und-training\/pferdetraining-wann-und-wie-pausen-machen\/#breadcrumb"},"inLanguage":"de","potentialAction":[{"@type":"ReadAction","target":["https:\/\/uelzener.de\/magazin\/pferd\/erziehung-und-training\/pferdetraining-wann-und-wie-pausen-machen\/"]}]},{"@type":"ImageObject","inLanguage":"de","@id":"https:\/\/uelzener.de\/magazin\/pferd\/erziehung-und-training\/pferdetraining-wann-und-wie-pausen-machen\/#primaryimage","url":"https:\/\/uelzener.de\/magazin\/app\/uploads\/2022\/10\/Pferdetraining-Pausen.jpg","contentUrl":"https:\/\/uelzener.de\/magazin\/app\/uploads\/2022\/10\/Pferdetraining-Pausen.jpg","width":1025,"height":450,"caption":"Reitende Frau beugt sich zum Pferd herunter: Richtig Pausen machen beim Pferdetraining ist wichtig."},{"@type":"WebSite","@id":"https:\/\/uelzener.de\/magazin\/#website","url":"https:\/\/uelzener.de\/magazin\/","name":"Uelzener Tiermagazin","description":"Online Tierratgeber der Uelzener Versicherungen","publisher":{"@id":"https:\/\/uelzener.de\/magazin\/#organization"},"potentialAction":[{"@type":"SearchAction","target":{"@type":"EntryPoint","urlTemplate":"https:\/\/uelzener.de\/magazin\/?s={search_term_string}"},"query-input":{"@type":"PropertyValueSpecification","valueRequired":true,"valueName":"search_term_string"}}],"inLanguage":"de"},{"@type":"Organization","@id":"https:\/\/uelzener.de\/magazin\/#organization","name":"Uelzener Versicherungen","url":"https:\/\/uelzener.de\/magazin\/","logo":{"@type":"ImageObject","inLanguage":"de","@id":"https:\/\/uelzener.de\/magazin\/#\/schema\/logo\/image\/","url":"https:\/\/uelzener.de\/magazin\/app\/uploads\/2024\/11\/uelzener_allgemeine_versicherungsgesellschaft_a_g_logo.jpg","contentUrl":"https:\/\/uelzener.de\/magazin\/app\/uploads\/2024\/11\/uelzener_allgemeine_versicherungsgesellschaft_a_g_logo.jpg","width":200,"height":200,"caption":"Uelzener Versicherungen"},"image":{"@id":"https:\/\/uelzener.de\/magazin\/#\/schema\/logo\/image\/"},"sameAs":["https:\/\/www.facebook.com\/Uelzener","https:\/\/instagram.com\/uelzener","https:\/\/www.xing.com\/pages\/uelzenerallgemeineversicherungs-gesellschafta-g","https:\/\/www.youtube.com\/UelzenerVersicherungen"]}]}},"_links":{"self":[{"href":"https:\/\/uelzener.de\/magazin\/wp-json\/wp\/v2\/pages\/14102","targetHints":{"allow":["GET"]}}],"collection":[{"href":"https:\/\/uelzener.de\/magazin\/wp-json\/wp\/v2\/pages"}],"about":[{"href":"https:\/\/uelzener.de\/magazin\/wp-json\/wp\/v2\/types\/page"}],"author":[{"embeddable":true,"href":"https:\/\/uelzener.de\/magazin\/wp-json\/wp\/v2\/users\/11"}],"replies":[{"embeddable":true,"href":"https:\/\/uelzener.de\/magazin\/wp-json\/wp\/v2\/comments?post=14102"}],"version-history":[{"count":8,"href":"https:\/\/uelzener.de\/magazin\/wp-json\/wp\/v2\/pages\/14102\/revisions"}],"predecessor-version":[{"id":19453,"href":"https:\/\/uelzener.de\/magazin\/wp-json\/wp\/v2\/pages\/14102\/revisions\/19453"}],"up":[{"embeddable":true,"href":"https:\/\/uelzener.de\/magazin\/wp-json\/wp\/v2\/pages\/11689"}],"wp:featuredmedia":[{"embeddable":true,"href":"https:\/\/uelzener.de\/magazin\/wp-json\/wp\/v2\/media\/14104"}],"wp:attachment":[{"href":"https:\/\/uelzener.de\/magazin\/wp-json\/wp\/v2\/media?parent=14102"}],"curies":[{"name":"wp","href":"https:\/\/api.w.org\/{rel}","templated":true}]}}