{"id":14041,"date":"2022-10-07T13:17:49","date_gmt":"2022-10-07T11:17:49","guid":{"rendered":"https:\/\/uelzener.de\/magazin\/?page_id=14041"},"modified":"2025-11-13T10:45:48","modified_gmt":"2025-11-13T09:45:48","slug":"pubertaet-beim-hund","status":"publish","type":"page","link":"https:\/\/uelzener.de\/magazin\/hund\/haeufige-fragen\/pubertaet-beim-hund\/","title":{"rendered":"Pubert\u00e4t beim Hund: Womit du rechnen musst"},"content":{"rendered":"<p><strong>Viele Hundebesitzer:innen bekommen es irgendwann mit der Pubert\u00e4t ihres vierbeinigen Begleiters zu tun. War der Umgang mit dem Welpen noch einfach, ist das Tier pl\u00f6tzlich unausstehlich und macht nur noch \u00c4rger. Aber was steckt eigentlich hinter diesem Ph\u00e4nomen? In diesem Artikel erf\u00e4hrst du alles, was du \u00fcber die Hundepubert\u00e4t wissen musst.<\/strong><\/p>\n<p>Die Pubert\u00e4t hat bei Hunden \u2013 genau wie bei uns Menschen \u2013 eine gro\u00dfe Bedeutung. In dieser Phase stellt sich die Geschlechtsreife ein und es finden k\u00f6rperliche und mentale Ver\u00e4nderungen statt. Damit einhergehend treten Verhaltens\u00e4nderungen auf, die h\u00e4ufig eine Herausforderung f\u00fcr Halter:innen darstellen. Die gute Nachricht vorweg: Auch wenn er manchmal verr\u00fccktspielt \u2013 irgendwann ist die Pubert\u00e4t vorbei und der geliebte Vierbeiner kehrt wieder zur Normalit\u00e4t zur\u00fcck.<\/p>\n<h2>Wann wird mein Hund geschlechtsreif?<\/h2>\n<p>Die Geschlechtsreife verl\u00e4uft bei jedem Hund anders. Zumal es nicht nur von Hund zu Hund, sondern auch zwischen den Rassen und Geschlechtern Unterschiede gibt. So erreichen kleinere Rassen etwas fr\u00fcher die Pubert\u00e4t als ihre gr\u00f6\u00dferen Artgenossen. Und R\u00fcden entwickeln sich meist langsamer als H\u00fcndinnen.<\/p>\n<p>Die gesamte Entwicklung eines <a href=\"https:\/\/uelzener.de\/magazin\/hund\/haltung\/welpe-zieht-ein\/\">Welpen<\/a> bis hin zum Erwachsenenalter nennt man Adoleszenz. Diese beginnt etwa ab der 16. Lebenswoche, wenn der Welpe sich zum Junghund entwickelt. Ab diesem Zeitpunkt ver\u00e4ndert sich allm\u00e4hlich der K\u00f6rper des Tieres: Der Zahnwechsel erfolgt und das flauschige Welpenfell wird abgelegt. Die Pubert\u00e4t tritt dann etwa zwischen dem sechsten bis zum zw\u00f6lften Lebensmonat ein \u2013 erst jetzt f\u00e4ngt die Geschlechtsreife bei Hunden an. R\u00fcden sind nun f\u00e4hig zur Fortpflanzung und H\u00fcndinnen werden zum ersten Mal l\u00e4ufig.<\/p>\n<p>Zwischen dem zweiten und dem vierten Lebensjahr sind Hunde dann k\u00f6rperlich und mental vollst\u00e4ndig ausgereift. Sie befinden sich nun im Erwachsenenalter und ihre Pubert\u00e4t ist endg\u00fcltig abgeschlossen.<\/p>\n<h2>Wesensver\u00e4nderungen w\u00e4hrend der Pubert\u00e4t<\/h2>\n<p>Mit den verschiedenen Entwicklungsphasen von Hunden gehen viele Wesensver\u00e4nderungen einher. Noch lange bevor sich der K\u00f6rper entwickelt, benehmen sich Hunde pl\u00f6tzlich ganz anders als gewohnt. Sie gehorchen nicht mehr auf Kommandos, verlieren das Interesse am Menschen und wenden sich verst\u00e4rkt ihren Artgenossen zu. Deshalb ist es gerade jetzt wichtig, bestehende Regeln weiterhin einzufordern und diese zu festigen.<\/p>\n<p>Das Verhalten zwischen R\u00fcden und H\u00fcndinnen in der Pubert\u00e4t kann verschieden ausfallen:<\/p>\n<ul>\n<li><strong>R\u00fcden<\/strong> werden in der Pubert\u00e4t insgesamt selbstst\u00e4ndiger. Auf Spazierg\u00e4ngen wenden sie sich vom Menschen ab, erkunden die Umgebung und folgen Duftspuren l\u00e4ufiger H\u00fcndinnen. Beim Pinkeln heben sie nun das Hinterbein, um mit dem Urin ihr Revier zu markieren. Auch die Spiele zwischen Artgenossen werden rauer und k\u00f6nnen zum Teil in Revierk\u00e4mpfe umschlagen. Manche Hunde sammeln auch ihre ersten Jagderlebnisse.<\/li>\n<li><strong>H\u00fcndinnen <\/strong>sind insgesamt ruhiger und zur\u00fcckhaltender als ihr m\u00e4nnlicher Konterpart. Das Interesse am Spielen nimmt tendenziell ab und fokussiert sich nun ganz auf paarungsbereite R\u00fcden. Indem H\u00fcndinnen Urin absetzen, versuchen sie diese mit Duftspuren anzulocken. N\u00e4hert sich dann ein interessierter R\u00fcde, k\u00f6nnen manche H\u00fcndinnen diese Situation nicht genau einordnen. Sie reagieren abwehrend, manchmal aber auch aggressiv und schrecken den R\u00fcden zur\u00fcck.<\/li>\n<\/ul>\n<h2>K\u00f6rperliche Ver\u00e4nderungen beim Hund in der Pubert\u00e4t<\/h2>\n<p>Nicht nur das Verhalten von Hunden ver\u00e4ndert sich w\u00e4hrend der Pubert\u00e4t, sondern auch ihr K\u00f6rper. K\u00f6rper, Gehirn, Stoffwechsel und Hormonhaushalt befinden sich nun in einer Umbau-Phase:<\/p>\n<ul>\n<li><strong>Der K\u00f6rper<\/strong> ver\u00e4ndert sich w\u00e4hrend der Pubert\u00e4t stark. Nach dem Welpenalter wird das Milchgebiss durch das bleibende Gebiss ersetzt und es w\u00e4chst ein neues Fellkleid. Durch Wachstumssch\u00fcbe in den Knochen und Muskeln werden Hunde gr\u00f6\u00dfer und schwerer. Bei R\u00fcden vergr\u00f6\u00dfern sich die Hoden und der Penis w\u00e4chst. H\u00fcndinnen entwickeln dagegen Eierst\u00f6cke und ihre Geb\u00e4rmutter bildet sich aus.<\/li>\n<li>W\u00e4hrend der Pubert\u00e4t wird das <strong>Gehirn<\/strong> zu einer regelrechten Baustelle. Besonders betroffen sind hiervon zwei Bereiche des Hirns: der vordere Teil (pr\u00e4frontaler Kortex), der f\u00fcr das Denken, Lernen und Verarbeiten zust\u00e4ndig ist, und der Mandelkern (Amygdala), der Emotionen verarbeitet. Weil sich gerade diese Bereiche des Gehirns entwickeln, leiden Hunde in dieser Phase h\u00e4ufig unter Stimmungsschwankungen und lernen tendenziell schlechter.<\/li>\n<li><strong>Schwankungen im Hormonhaushalt<\/strong> erkl\u00e4ren ebenfalls die neuen Marotten der Vierbeiner. Bei R\u00fcden wird gr\u00f6\u00dftenteils Testosteron und Dopamin gebildet. F\u00fcr das Verhalten der H\u00fcndinnen sind dagegen die Hormone \u00d6strogen und Progesteron verantwortlich. Diese Hormone l\u00f6sen bei H\u00fcndinnen ebenfalls die erste L\u00e4ufigkeit aus, die das Risiko einer <a href=\"https:\/\/uelzener.de\/magazin\/hund\/tiergesundheit\/scheinschwangerschaft-hund\/\">Scheinschwangerschaft<\/a> beg\u00fcnstigt.<\/li>\n<\/ul>\n<h2>Was ist die zweite Pubert\u00e4t beim Hund?<\/h2>\n<p>In der zweiten Pubert\u00e4t \u2013 im Englischen auch <strong>spooky period<\/strong> genannt \u2013 erreichen Hunde allm\u00e4hlich ihre emotionale Reife. Diese Phase der Entwicklung tritt pauschal zwischen dem 18\u00a0und\u00a024\u00a0Lebensmonat ein. Hunde reagieren nun emotionaler auf Au\u00dfenreize. Ein gew\u00f6hnlicher Besen kann sie zum Teil verschrecken und sie klammern sich ver\u00e4ngstigt an das Bein ihres Menschen. Manche Hunde sind hingegen reaktiver und testen nochmal ihre Grenzen aus.<\/p>\n<p>Diese Ver\u00e4nderungen im Verhalten sind auf verschiedene Prozesse zur\u00fcckzuf\u00fchren. Zum einen vergr\u00f6\u00dfert sich das Emotionszentrum im Gehirn, die Amygdala. Dadurch wird die Bewertung von allt\u00e4glichen Situationen beeinflusst. Unbekannte Umgebungen und Menschen k\u00f6nnen dann Angst und zum Teil auch Panik beim Vierbeiner ausl\u00f6sen. Zum anderen erh\u00f6ht sich die Aktivit\u00e4t in der Nebennierenrinde. Es wird mehr vom Stresshormon Cortisol ausgesch\u00fcttet. Hunde sind dadurch anf\u00e4lliger f\u00fcr Stress und sehr ber\u00fchrungssensibel.<\/p>\n<p>Dies alles kann bei Hunden zu starken Stimmungsschwankungen f\u00fchren. Deshalb brauchen sie besonders in dieser schwierigen Zeit Orientierung, F\u00fchrung und Sicherheit von ihren Menschen. Und manchmal ist es einfach besser, etwas Abstand zu nehmen und dem Vierbeiner ausreichend Freiraum zu gew\u00e4hren.<\/p>\n<h2>R\u00fcde w\u00e4hrend der Pubert\u00e4t kastrieren?<\/h2>\n<p>Wenn der Hormonhaushalt von Hunden verr\u00fccktspielt, denken viele Hundehalter:innen \u00fcber eine Kastration nach. Mit einem pubertierenden Hund unter einem Dach zu wohnen, ist schlie\u00dflich nicht gerade einfach: Die Launen erscheinen unkontrollierbar und der Hund macht einfach, was er will. Eine Kastration sollte dennoch gut \u00fcberlegt sein.<\/p>\n<p>W\u00e4hrend der Pubert\u00e4t vollziehen sich wichtige Prozesse bei Hunden. Die Muskeln, Knochen und das Gehirn bilden sich aus. Der K\u00f6rper bereitet sich dadurch auf das endg\u00fcltige Erwachsenenalter vor. Wer durch eine Kastration zu fr\u00fch eingreift, verhindert dieses nat\u00fcrliche Wachstum des Hundes. So kann sich der Hund weder k\u00f6rperlich noch geistig richtig entwickeln. Deswegen empfiehlt sich eine Kastration erst, wenn die Pubert\u00e4t abgeschlossen ist.<\/p>\n<p>Letztlich ist die Pubert\u00e4t beim Hund genauso wie beim Menschen eine ganz normale Phase, die irgendwann vorbeigeht. Mit viel Geduld l\u00e4sst sich diese Zeit gemeinsam gut \u00fcberstehen. Wichtig sind auch gen\u00fcgend Auslauf und geistige Herausforderung. So k\u00f6nnen die aufgeregten Vierbeiner ihre Energie ablassen und sich entspannen. <a href=\"https:\/\/uelzener.de\/magazin\/hund\/tiergesundheit\/alter-hund\/\">Im Alter werden Hunde dann auch ruhiger<\/a>.<\/p>\n<h2>FAQ: H\u00e4ufig gestellte Fragen<\/h2>\n<h2>Wie lange dauert die Pubert\u00e4t bei meinem Hund?<\/h2>\n<p>Die Pubert\u00e4t beginnt bei Hunden etwa zwischen dem sechsten bis zw\u00f6lften Lebensmonat. Der K\u00f6rper bereitet sich nun auf das Erwachsenenalter vor und gilt zwischen dem zweiten und dem vierten Lebensjahr als k\u00f6rperlich und mental vollst\u00e4ndig ausgereift.<\/p>\n<h2>Wieso verh\u00e4lt sich mein Hund anders?<\/h2>\n<p>Auch die Pubert\u00e4t bei Hunden kann eine schwierige Phase sein. In dieser Zeit f\u00e4ngt dein Welpe an unabh\u00e4ngiger zu werden. So benehmen sich viele Hunde pl\u00f6tzlich ganz anders, gehorchen nicht mehr auf bereits gelernte Kommandos oder raufen sich mit seinen Artgenossen. In dieser sensiblen Zeit braucht dein Hund umso mehr dein Verst\u00e4ndnis, deine Geduld und vor allem deine absolute Konsequenz.<\/p>\n<h2>Kann ich meinen R\u00fcden w\u00e4hrend der Pubert\u00e4t kastrieren?<\/h2>\n<p>Mit einem pubertierenden Hund zusammen zu leben, gestaltet sich meist gar nicht so einfach. Oft scheint der Hund launisch und unkontrollierbar. Aus diesem Grund denken viele Hundehalter:innen \u00fcber eine Kastration nach. Beim fr\u00fchzeitigem Eingriff l\u00e4uft man allerdings Gefahr das nat\u00fcrlich Wachstum des Hundes zu st\u00f6ren. Eine Kastration sollte daher immer gut \u00fcberlegt sein.<\/p>\n","protected":false},"excerpt":{"rendered":"<p>Viele Hundebesitzer:innen bekommen es irgendwann mit der Pubert\u00e4t ihres vierbeinigen Begleiters zu tun. War der Umgang mit dem Welpen noch einfach, ist das Tier pl\u00f6tzlich unausstehlich und macht nur noch \u00c4rger. Aber was steckt eigentlich hinter diesem Ph\u00e4nomen? In diesem Artikel erf\u00e4hrst du alles, was du \u00fcber die Hundepubert\u00e4t wissen musst. Die Pubert\u00e4t hat bei [&hellip;]<\/p>\n","protected":false},"author":11,"featured_media":14043,"parent":11687,"menu_order":19,"comment_status":"closed","ping_status":"closed","template":"templates\/blog.php","meta":{"_acf_changed":false,"_crdt_document":"","footnotes":"","beyondwords_generate_audio":"","beyondwords_project_id":"","beyondwords_content_id":"","beyondwords_preview_token":"","beyondwords_player_style":"","beyondwords_language_id":"","beyondwords_title_voice_id":"","beyondwords_body_voice_id":"","beyondwords_summary_voice_id":"","beyondwords_error_message":"","beyondwords_disabled":"","beyondwords_delete_content":"","beyondwords_podcast_id":"","beyondwords_hash":"","publish_post_to_speechkit":"","speechkit_hash":"","speechkit_generate_audio":"","speechkit_project_id":"","speechkit_podcast_id":"","speechkit_error_message":"","speechkit_disabled":"","speechkit_access_key":"","speechkit_error":"","speechkit_info":"","speechkit_response":"","speechkit_retries":"","speechkit_status":"","speechkit_updated_at":"","_speechkit_link":"","_speechkit_text":""},"class_list":["post-14041","page","type-page","status-publish","has-post-thumbnail","hentry"],"acf":[],"yoast_head":"<!-- This site is optimized with the Yoast SEO Premium plugin  - https:\/\/yoast.com\/product\/yoast-seo-premium-wordpress\/ -->\n<title>Pubert\u00e4t beim Hund: Womit du rechnen musst | Uelzener Magazin<\/title>\n<meta name=\"description\" content=\"Die Geschlechtsreife tritt im Alter zwischen 7 Monaten und 2 Jahren ein und kann eine F\u00fclle von Ver\u00e4nderungen mit sich bringen.\" \/>\n<meta name=\"robots\" content=\"index, follow, max-snippet:-1, max-image-preview:large, max-video-preview:-1\" \/>\n<link rel=\"canonical\" href=\"https:\/\/uelzener.de\/magazin\/hund\/haeufige-fragen\/pubertaet-beim-hund\/\" \/>\n<meta property=\"og:locale\" content=\"de_DE\" \/>\n<meta property=\"og:type\" content=\"article\" \/>\n<meta property=\"og:title\" content=\"Pubert\u00e4t beim Hund: Womit du rechnen musst\" \/>\n<meta property=\"og:description\" content=\"Die Geschlechtsreife tritt im Alter zwischen 7 Monaten und 2 Jahren ein und kann eine F\u00fclle von Ver\u00e4nderungen mit sich bringen.\" \/>\n<meta property=\"og:url\" content=\"https:\/\/uelzener.de\/magazin\/hund\/haeufige-fragen\/pubertaet-beim-hund\/\" \/>\n<meta property=\"og:site_name\" content=\"Uelzener Tier-Magazin\" \/>\n<meta property=\"article:publisher\" content=\"https:\/\/www.facebook.com\/Uelzener\" \/>\n<meta property=\"article:modified_time\" content=\"2025-11-13T09:45:48+00:00\" \/>\n<meta property=\"og:image\" content=\"https:\/\/uelzener.de\/magazin\/app\/uploads\/2022\/10\/Junghund-Border-Collie-Pubertaet.jpg\" \/>\n\t<meta property=\"og:image:width\" content=\"1025\" \/>\n\t<meta property=\"og:image:height\" content=\"450\" \/>\n\t<meta property=\"og:image:type\" content=\"image\/jpeg\" \/>\n<meta name=\"twitter:card\" content=\"summary_large_image\" \/>\n<meta name=\"twitter:label1\" content=\"Gesch\u00e4tzte Lesezeit\" \/>\n\t<meta name=\"twitter:data1\" content=\"7\u00a0Minuten\" \/>\n<script type=\"application\/ld+json\" class=\"yoast-schema-graph\">{\"@context\":\"https:\/\/schema.org\",\"@graph\":[{\"@type\":\"WebPage\",\"@id\":\"https:\/\/uelzener.de\/magazin\/hund\/haeufige-fragen\/pubertaet-beim-hund\/\",\"url\":\"https:\/\/uelzener.de\/magazin\/hund\/haeufige-fragen\/pubertaet-beim-hund\/\",\"name\":\"Pubert\u00e4t beim Hund: Womit du rechnen musst | Uelzener Magazin\",\"isPartOf\":{\"@id\":\"https:\/\/uelzener.de\/magazin\/#website\"},\"primaryImageOfPage\":{\"@id\":\"https:\/\/uelzener.de\/magazin\/hund\/haeufige-fragen\/pubertaet-beim-hund\/#primaryimage\"},\"image\":{\"@id\":\"https:\/\/uelzener.de\/magazin\/hund\/haeufige-fragen\/pubertaet-beim-hund\/#primaryimage\"},\"thumbnailUrl\":\"https:\/\/uelzener.de\/magazin\/app\/uploads\/2022\/10\/Junghund-Border-Collie-Pubertaet.jpg\",\"datePublished\":\"2022-10-07T11:17:49+00:00\",\"dateModified\":\"2025-11-13T09:45:48+00:00\",\"description\":\"Die Geschlechtsreife tritt im Alter zwischen 7 Monaten und 2 Jahren ein und kann eine F\u00fclle von Ver\u00e4nderungen mit sich bringen.\",\"breadcrumb\":{\"@id\":\"https:\/\/uelzener.de\/magazin\/hund\/haeufige-fragen\/pubertaet-beim-hund\/#breadcrumb\"},\"inLanguage\":\"de\",\"potentialAction\":[{\"@type\":\"ReadAction\",\"target\":[\"https:\/\/uelzener.de\/magazin\/hund\/haeufige-fragen\/pubertaet-beim-hund\/\"]}]},{\"@type\":\"ImageObject\",\"inLanguage\":\"de\",\"@id\":\"https:\/\/uelzener.de\/magazin\/hund\/haeufige-fragen\/pubertaet-beim-hund\/#primaryimage\",\"url\":\"https:\/\/uelzener.de\/magazin\/app\/uploads\/2022\/10\/Junghund-Border-Collie-Pubertaet.jpg\",\"contentUrl\":\"https:\/\/uelzener.de\/magazin\/app\/uploads\/2022\/10\/Junghund-Border-Collie-Pubertaet.jpg\",\"width\":1025,\"height\":450,\"caption\":\"Ein Border Collie Junghund in der Pubert\u00e4t mit blauem Ball in der Schnauze.\"},{\"@type\":\"WebSite\",\"@id\":\"https:\/\/uelzener.de\/magazin\/#website\",\"url\":\"https:\/\/uelzener.de\/magazin\/\",\"name\":\"Uelzener Tiermagazin\",\"description\":\"Online Tierratgeber der Uelzener Versicherungen\",\"publisher\":{\"@id\":\"https:\/\/uelzener.de\/magazin\/#organization\"},\"potentialAction\":[{\"@type\":\"SearchAction\",\"target\":{\"@type\":\"EntryPoint\",\"urlTemplate\":\"https:\/\/uelzener.de\/magazin\/?s={search_term_string}\"},\"query-input\":{\"@type\":\"PropertyValueSpecification\",\"valueRequired\":true,\"valueName\":\"search_term_string\"}}],\"inLanguage\":\"de\"},{\"@type\":\"Organization\",\"@id\":\"https:\/\/uelzener.de\/magazin\/#organization\",\"name\":\"Uelzener Versicherungen\",\"url\":\"https:\/\/uelzener.de\/magazin\/\",\"logo\":{\"@type\":\"ImageObject\",\"inLanguage\":\"de\",\"@id\":\"https:\/\/uelzener.de\/magazin\/#\/schema\/logo\/image\/\",\"url\":\"https:\/\/uelzener.de\/magazin\/app\/uploads\/2024\/11\/uelzener_allgemeine_versicherungsgesellschaft_a_g_logo.jpg\",\"contentUrl\":\"https:\/\/uelzener.de\/magazin\/app\/uploads\/2024\/11\/uelzener_allgemeine_versicherungsgesellschaft_a_g_logo.jpg\",\"width\":200,\"height\":200,\"caption\":\"Uelzener Versicherungen\"},\"image\":{\"@id\":\"https:\/\/uelzener.de\/magazin\/#\/schema\/logo\/image\/\"},\"sameAs\":[\"https:\/\/www.facebook.com\/Uelzener\",\"https:\/\/instagram.com\/uelzener\",\"https:\/\/www.xing.com\/pages\/uelzenerallgemeineversicherungs-gesellschafta-g\",\"https:\/\/www.youtube.com\/UelzenerVersicherungen\"]}]}<\/script>\n<!-- \/ Yoast SEO Premium plugin. -->","yoast_head_json":{"title":"Pubert\u00e4t beim Hund: Womit du rechnen musst | Uelzener Magazin","description":"Die Geschlechtsreife tritt im Alter zwischen 7 Monaten und 2 Jahren ein und kann eine F\u00fclle von Ver\u00e4nderungen mit sich bringen.","robots":{"index":"index","follow":"follow","max-snippet":"max-snippet:-1","max-image-preview":"max-image-preview:large","max-video-preview":"max-video-preview:-1"},"canonical":"https:\/\/uelzener.de\/magazin\/hund\/haeufige-fragen\/pubertaet-beim-hund\/","og_locale":"de_DE","og_type":"article","og_title":"Pubert\u00e4t beim Hund: Womit du rechnen musst","og_description":"Die Geschlechtsreife tritt im Alter zwischen 7 Monaten und 2 Jahren ein und kann eine F\u00fclle von Ver\u00e4nderungen mit sich bringen.","og_url":"https:\/\/uelzener.de\/magazin\/hund\/haeufige-fragen\/pubertaet-beim-hund\/","og_site_name":"Uelzener Tier-Magazin","article_publisher":"https:\/\/www.facebook.com\/Uelzener","article_modified_time":"2025-11-13T09:45:48+00:00","og_image":[{"width":1025,"height":450,"url":"https:\/\/uelzener.de\/magazin\/app\/uploads\/2022\/10\/Junghund-Border-Collie-Pubertaet.jpg","type":"image\/jpeg"}],"twitter_card":"summary_large_image","twitter_misc":{"Gesch\u00e4tzte Lesezeit":"7\u00a0Minuten"},"schema":{"@context":"https:\/\/schema.org","@graph":[{"@type":"WebPage","@id":"https:\/\/uelzener.de\/magazin\/hund\/haeufige-fragen\/pubertaet-beim-hund\/","url":"https:\/\/uelzener.de\/magazin\/hund\/haeufige-fragen\/pubertaet-beim-hund\/","name":"Pubert\u00e4t beim Hund: Womit du rechnen musst | Uelzener Magazin","isPartOf":{"@id":"https:\/\/uelzener.de\/magazin\/#website"},"primaryImageOfPage":{"@id":"https:\/\/uelzener.de\/magazin\/hund\/haeufige-fragen\/pubertaet-beim-hund\/#primaryimage"},"image":{"@id":"https:\/\/uelzener.de\/magazin\/hund\/haeufige-fragen\/pubertaet-beim-hund\/#primaryimage"},"thumbnailUrl":"https:\/\/uelzener.de\/magazin\/app\/uploads\/2022\/10\/Junghund-Border-Collie-Pubertaet.jpg","datePublished":"2022-10-07T11:17:49+00:00","dateModified":"2025-11-13T09:45:48+00:00","description":"Die Geschlechtsreife tritt im Alter zwischen 7 Monaten und 2 Jahren ein und kann eine F\u00fclle von Ver\u00e4nderungen mit sich bringen.","breadcrumb":{"@id":"https:\/\/uelzener.de\/magazin\/hund\/haeufige-fragen\/pubertaet-beim-hund\/#breadcrumb"},"inLanguage":"de","potentialAction":[{"@type":"ReadAction","target":["https:\/\/uelzener.de\/magazin\/hund\/haeufige-fragen\/pubertaet-beim-hund\/"]}]},{"@type":"ImageObject","inLanguage":"de","@id":"https:\/\/uelzener.de\/magazin\/hund\/haeufige-fragen\/pubertaet-beim-hund\/#primaryimage","url":"https:\/\/uelzener.de\/magazin\/app\/uploads\/2022\/10\/Junghund-Border-Collie-Pubertaet.jpg","contentUrl":"https:\/\/uelzener.de\/magazin\/app\/uploads\/2022\/10\/Junghund-Border-Collie-Pubertaet.jpg","width":1025,"height":450,"caption":"Ein Border Collie Junghund in der Pubert\u00e4t mit blauem Ball in der Schnauze."},{"@type":"WebSite","@id":"https:\/\/uelzener.de\/magazin\/#website","url":"https:\/\/uelzener.de\/magazin\/","name":"Uelzener Tiermagazin","description":"Online Tierratgeber der Uelzener Versicherungen","publisher":{"@id":"https:\/\/uelzener.de\/magazin\/#organization"},"potentialAction":[{"@type":"SearchAction","target":{"@type":"EntryPoint","urlTemplate":"https:\/\/uelzener.de\/magazin\/?s={search_term_string}"},"query-input":{"@type":"PropertyValueSpecification","valueRequired":true,"valueName":"search_term_string"}}],"inLanguage":"de"},{"@type":"Organization","@id":"https:\/\/uelzener.de\/magazin\/#organization","name":"Uelzener Versicherungen","url":"https:\/\/uelzener.de\/magazin\/","logo":{"@type":"ImageObject","inLanguage":"de","@id":"https:\/\/uelzener.de\/magazin\/#\/schema\/logo\/image\/","url":"https:\/\/uelzener.de\/magazin\/app\/uploads\/2024\/11\/uelzener_allgemeine_versicherungsgesellschaft_a_g_logo.jpg","contentUrl":"https:\/\/uelzener.de\/magazin\/app\/uploads\/2024\/11\/uelzener_allgemeine_versicherungsgesellschaft_a_g_logo.jpg","width":200,"height":200,"caption":"Uelzener Versicherungen"},"image":{"@id":"https:\/\/uelzener.de\/magazin\/#\/schema\/logo\/image\/"},"sameAs":["https:\/\/www.facebook.com\/Uelzener","https:\/\/instagram.com\/uelzener","https:\/\/www.xing.com\/pages\/uelzenerallgemeineversicherungs-gesellschafta-g","https:\/\/www.youtube.com\/UelzenerVersicherungen"]}]}},"_links":{"self":[{"href":"https:\/\/uelzener.de\/magazin\/wp-json\/wp\/v2\/pages\/14041","targetHints":{"allow":["GET"]}}],"collection":[{"href":"https:\/\/uelzener.de\/magazin\/wp-json\/wp\/v2\/pages"}],"about":[{"href":"https:\/\/uelzener.de\/magazin\/wp-json\/wp\/v2\/types\/page"}],"author":[{"embeddable":true,"href":"https:\/\/uelzener.de\/magazin\/wp-json\/wp\/v2\/users\/11"}],"replies":[{"embeddable":true,"href":"https:\/\/uelzener.de\/magazin\/wp-json\/wp\/v2\/comments?post=14041"}],"version-history":[{"count":2,"href":"https:\/\/uelzener.de\/magazin\/wp-json\/wp\/v2\/pages\/14041\/revisions"}],"predecessor-version":[{"id":19452,"href":"https:\/\/uelzener.de\/magazin\/wp-json\/wp\/v2\/pages\/14041\/revisions\/19452"}],"up":[{"embeddable":true,"href":"https:\/\/uelzener.de\/magazin\/wp-json\/wp\/v2\/pages\/11687"}],"wp:featuredmedia":[{"embeddable":true,"href":"https:\/\/uelzener.de\/magazin\/wp-json\/wp\/v2\/media\/14043"}],"wp:attachment":[{"href":"https:\/\/uelzener.de\/magazin\/wp-json\/wp\/v2\/media?parent=14041"}],"curies":[{"name":"wp","href":"https:\/\/api.w.org\/{rel}","templated":true}]}}