{"id":14024,"date":"2022-10-07T12:51:55","date_gmt":"2022-10-07T10:51:55","guid":{"rendered":"https:\/\/uelzener.de\/magazin\/?page_id=14024"},"modified":"2025-11-13T11:48:06","modified_gmt":"2025-11-13T10:48:06","slug":"zeitgefuehl","status":"publish","type":"page","link":"https:\/\/uelzener.de\/magazin\/hund\/haeufige-fragen\/zeitgefuehl\/","title":{"rendered":"Haben Hunde ein Zeitgef\u00fchl?"},"content":{"rendered":"<p>Man verl\u00e4sst nur f\u00fcr wenige Minuten das Haus, wird aber bei der R\u00fcckkehr vom eigenen Hund \u00fcberschw\u00e4nglich begr\u00fc\u00dft, als w\u00e4re man Stunden oder Tage weg gewesen. Auf der anderen Seite haben manche Hunde ein minutengenaues Gesp\u00fcr daf\u00fcr, wann sie normalerweise ihr Futter bekommen w\u00fcrden. Nat\u00fcrlich dr\u00e4ngt sich bei solch widerspr\u00fcchlichen Erfahrungen die Frage auf: Haben Hunde \u00fcberhaupt ein Zeitgef\u00fchl? Und woran orientieren sie sich, wenn nicht, wie wir Menschen, an der Uhr?<\/p>\n<p>Ein Menschenjahr entspricht, je nach Hunderasse, ungef\u00e4hr sieben Hundejahren. Das bedeutet, dass Hunde im Vergleich zu Menschen schneller altern. Das hei\u00dft aber nicht, dass Hunde die Zeit schneller wahrnehmen w\u00fcrden. Das Zeitgef\u00fchl eines Hundes setzt sich aus verschiedenen komplexen Erfahrungen zusammen.<\/p>\n<h2>Welche Faktoren bestimmen das Zeitgef\u00fchl eines Hundes?<\/h2>\n<p>Grunds\u00e4tzlich sind drei Erfahrungswelten ma\u00dfgeblich daf\u00fcr verantwortlich, wie Hunde Zeit erleben und einsch\u00e4tzen:<\/p>\n<ul>\n<li>der eigene Biorhythmus,<\/li>\n<li>sensorische F\u00e4higkeiten und<\/li>\n<li>die Synchronisation zwischen Hund und Besitzer:in.<\/li>\n<\/ul>\n<p>Im Folgenden werden diese drei Bereiche genauer vorgestellt.<\/p>\n<h2>Zeitgef\u00fchl \u00fcber Biorhythmus<\/h2>\n<p>Wie wir Menschen haben auch Hunde eine sogenannte innere Uhr. In Forschungskreisen spricht man dabei vom circadianen Rhythmus. Unser Leben ist f\u00fcr Abschnitte von etwa 24 Stunden ausgelegt, in denen der K\u00f6rper unter anderem \u00fcber Hormone steuert, wann man aktiv sein kann oder eine Ruhepause ben\u00f6tigt. Aber auch Funktionen wie die K\u00f6rpertemperatur und der Stoffwechsel sind Bestandteil der inneren Uhr.<\/p>\n<p>Durch ihren Biorhythmus wissen Hunde daher zum Beispiel instinktiv, wie viel Schlaf oder Ruhe sie ben\u00f6tigen und passen ihre Aktivit\u00e4tszeiten daran an.<\/p>\n<h2>Sensorische F\u00e4higkeiten beeinflussen das Zeitgef\u00fchl<\/h2>\n<p>Zu den sensorischen F\u00e4higkeiten geh\u00f6ren all die Dinge, die ein Hund bewusst wahrnehmen und mit Zeiten in Verbindung bringen kann. Wiederkehrende Muster, etwa der Moment, an dem morgens Leben ins Haus kommt oder wenn die Menschen das Haus zur Arbeit verlassen, werden dabei mit den jeweiligen Ger\u00e4uschen, Bildern und Ger\u00fcchen abgespeichert. Erklingen etwa jeden Morgen die Kirchenglocken oder ein immer gleicher Ton des Weckers und daraufhin stehen Herrchen oder Frauchen auf und bereiten das Fr\u00fchst\u00fcck vor, dann merkt sich der Vierbeiner das. Den wohl wichtigsten Einfluss auf das Zeitgef\u00fchl von Hunden haben aber die Lichtverh\u00e4ltnisse zu bestimmten Uhrzeiten und der ausgepr\u00e4gte Geruchssinn.<\/p>\n<h3>Lichtverh\u00e4ltnisse<\/h3>\n<p>Ganz grunds\u00e4tzlich ist das Tageslicht ein wichtiger Signalgeber f\u00fcr den Biorhythmus eines Hundes. Wie bei uns Menschen beginnt auch der Hundetag \u00fcblicherweise mit dem Einfall der ersten Lichtstrahlen. Je nach Tages- und Jahreszeit herrschen bestimmte Lichtverh\u00e4ltnisse, die sich beispielsweise in der L\u00e4nge der Schatten oder im Eintrittswinkel der Lichtstrahlen bemerkbar machen. Die kleinen, aber dynamischen Unterschiede im Verlauf eines Jahres k\u00f6nnen Hunde dabei einsch\u00e4tzen und sich daran anpassen. Dann haben die Lichtverh\u00e4ltnisse einen \u00e4hnlichen Effekt wie der Wecker am Morgen. Es ist allerdings ratsam, den eigenen Hund behutsam darauf vorzubereiten, wenn wir Menschen unsere Zeit umstellen, da diese pl\u00f6tzliche \u00c4nderung des Lichtes das Haustier verwirren kann. Die innere Uhr muss sich dann \u00fcber einige Tage neu ausrichten.<\/p>\n<h3>Geruchssinn<\/h3>\n<p>Da Hunde eine sehr feine Nase haben, hilft ihnen ihr Geruchssinn dabei zu erkennen, wie viel Zeit vergangen ist. So verliert der Geruch einer Person nach und nach immer weiter an Intensit\u00e4t. Hunde merken sich wie intensiv ein Geruch noch war, kurz bevor ihr Mensch das Haus nach einigen Stunden Arbeit wieder betritt. Einmal darauf konditioniert, k\u00f6nnen Hunde sehr genau einsch\u00e4tzen, wann sie mit der R\u00fcckkehr rechnen k\u00f6nnen. In Studien wurde dazu zwischenzeitlich der Duft der Person aufgefrischt und tats\u00e4chlich waren die Hunde anschlie\u00dfend fast schon \u00fcberrascht, als ihr:e Besitzer:in nach Hause kam.<\/p>\n<h2>Synchronisation zwischen Hund und Besitzer:in<\/h2>\n<p>\u00c4hnlich zu den sensorischen Mustern k\u00f6nnen die Vierbeiner auch sonstige t\u00e4gliche Muster im Umgang mit ihren Menschen erkennen und sich merken \u2013 selbst wenn sie nur Details umfassen. Wer eine feste Routine etabliert und immer zur gleichen Zeit f\u00fcttert \u2013 zum Beispiel <a href=\"https:\/\/uelzener.de\/magazin\/hund\/ernaehrung\/hunde-nach-17-uhr-fuettern\/\">nie nach 17:00 Uhr<\/a> \u2013 oder Gassi geht, der wird schnell feststellen, dass der Hund sich diese Zeiten merkt. Sind einige feste Punkte im Tagesablauf erwartbar, dann lebt das Tier meist entspannter.<\/p>\n<p>Details, etwa bestimmte Kleidung oder Stichw\u00f6rter, k\u00f6nnen au\u00dferdem auf Unterschiede vorbereiten. Wer mit einem \u201eBin gleich zur\u00fcck\u201c eine Abwesenheit von wenigen Minuten ank\u00fcndigt und sich beispielsweise mit \u201eIch gehe zur Arbeit\u201c f\u00fcr mehrere Stunden abmeldet, hilft dem Hund, die Situation einzuordnen. Da der Hund nur auf den Klang achtet und nicht den Inhalt versteht, ist es wichtig, dass die Aussagen immer dieselben sind. Sie sollten au\u00dferdem m\u00f6glichst nicht zu oft im Alltag vorkommen. Wer versucht seinen tierischen Begleiter mit einem falschen Hinweis zu \u00fcberlisten, kann damit schnell das Vertrauen und die einstudierten Signale gef\u00e4hrden.<\/p>\n<p>Hat der Hund sich auf einen festen Tagesablauf mit seinem Menschen eingestimmt, dann wird er seine innere Uhr automatisch darauf ausrichten, und in Zeiten, die er allein verbringt, ruhen und seine Aktivit\u00e4t gemeinsam mit den Besitzer:innen ausleben.<\/p>\n<h2>Merkt ein Hund, wie lange man weg ist?<\/h2>\n<p>Der Hund begr\u00fc\u00dft einen aufgeregt und erfreut, selbst wenn man nur wenige Minuten das Haus verlassen hat. Das l\u00e4dt einige Menschen zu dem Glauben ein, es w\u00e4re egal, ob man den Hund nur kurz oder f\u00fcr Stunden alleine l\u00e4sst. Schlie\u00dflich freut er sich ja immer \u00fcberschw\u00e4nglich, als w\u00e4re man Ewigkeiten weg gewesen. Und nat\u00fcrlich k\u00f6nnen Hunde mit Angaben in Minuten oder Stunden nichts anfangen, da diese Art der Zeitrechnung eine rein menschliche Erfindung ist. Tats\u00e4chlich k\u00f6nnen Hunde aber nach aktuellem Wissensstand den Unterschied zwischen einer kurzen und einer langen Dauer feststellen.<\/p>\n<p>Wichtig ist vor allem, dass der Vierbeiner zu Hause in Abwesenheit seiner Besitzer:innen keine Langeweile versp\u00fcrt. Eine reizarme Umgebung sorgt schnell daf\u00fcr, dass der Hund sich selbst eine Besch\u00e4ftigung sucht und m\u00f6glicherweise die M\u00f6bel ramponiert. Auch der <a href=\"https:\/\/uelzener.de\/magazin\/hund\/erziehung-und-training\/trennungsangst-hund\/\" target=\"_blank\" rel=\"noopener\">Trennungsangst<\/a> beim Hund wird entgegengewirkt, wenn er mental und k\u00f6rperlich ausgelastet ist und die Zeit allein zum Ausruhen oder mit einem Spielzeug verbringt. Hier unsere Tipps, <a href=\"https:\/\/uelzener.de\/magazin\/hund\/erziehung-und-training\/hund-in-wohnung-beschaeftigen\/\">wie man einen Hund in der Wohnung besch\u00e4ftigt<\/a>. Lies auch nach, <a href=\"https:\/\/uelzener.de\/magazin\/hund\/tipps-fuer-den-alltag\/trennung-mit-hund\/\">was bei einer Trennung einer Beziehung f\u00fcr den Hund zu beachten ist<\/a>.<\/p>\n<h2>Zeitgef\u00fchl und Schmerzempfinden<\/h2>\n<p>Hunde k\u00f6nnen zwar ihren Tagesablauf mithilfe der genannten F\u00e4higkeiten und Wege strukturieren und haben ein gutes Zeitgef\u00fchl, wann ihre routinem\u00e4\u00dfigen Aktivit\u00e4ten anstehen \u2013 dennoch ist ihr Bewusstsein immer auf das Hier und Jetzt beschr\u00e4nkt. Sie befassen sich nicht willentlich mit Zukunft oder Vergangenheit. Bei Operationen wird Hunden daher in der Regel schon vor der Einleitung der Narkose ein Schmerzmittel verabreicht und bis die Schmerzen nachlassen erneuert. Die Schmerzlinderung soll sofort sp\u00fcrbar sein, da sich eine Minute mit Schmerzen schon wie eine Ewigkeit anf\u00fchlen kann.<\/p>\n<p>Um die Lebensqualit\u00e4t von Hunden, seien sie jung oder alt, zu jeder Zeit so hoch wie m\u00f6glich zu halten, sollten Schmerzen und Leiden also schnellstm\u00f6glich und so gut es geht gelindert werden. Selbst Aufmerksamkeit und geistige Besch\u00e4ftigung helfen oft dabei, dass der Schmerz f\u00fcr den Moment in den Hintergrund r\u00fcckt.<\/p>\n<h2>FAQ: H\u00e4ufig gestellte Fragen<\/h2>\n<h2>Haben Hunde ein Zeitgef\u00fchl?<\/h2>\n<p>Ja, auch Hunde haben ein Zeitgef\u00fchl. Das Zeitgef\u00fchl eines Hundes setzt sich aus verschiedenen komplexen Erfahrungen zusammen.<\/p>\n<h2>Wie nimmt mein Hund die Zeit wahr?<\/h2>\n<p>Hunde sch\u00e4tzen die Zeit durch drei unterschiedliche Faktoren ein: Biorhythmus, sensorische F\u00e4higkeiten und die Synchronisation zwischen Hund und Besitzer:in.<\/p>\n<h2>Versteht mein Hund, wenn ich l\u00e4nger weg bin?<\/h2>\n<p>Anders als wir Menschen orientieren sich Hunde nicht nach Stunden und Minuten. Allerdings k\u00f6nnen Hunde trotzdem zwischen einer langen und einer kurzen Abwesenheit unterscheiden. Hunde verstehen also durchaus, wenn seine Besitzer:innen l\u00e4nger Zeit nicht zuhause sind.<\/p>\n","protected":false},"excerpt":{"rendered":"<p>Man verl\u00e4sst nur f\u00fcr wenige Minuten das Haus, wird aber bei der R\u00fcckkehr vom eigenen Hund \u00fcberschw\u00e4nglich begr\u00fc\u00dft, als w\u00e4re man Stunden oder Tage weg gewesen. Auf der anderen Seite haben manche Hunde ein minutengenaues Gesp\u00fcr daf\u00fcr, wann sie normalerweise ihr Futter bekommen w\u00fcrden. Nat\u00fcrlich dr\u00e4ngt sich bei solch widerspr\u00fcchlichen Erfahrungen die Frage auf: Haben [&hellip;]<\/p>\n","protected":false},"author":11,"featured_media":14026,"parent":11687,"menu_order":29,"comment_status":"closed","ping_status":"closed","template":"templates\/blog.php","meta":{"_acf_changed":false,"_crdt_document":"","footnotes":"","beyondwords_generate_audio":"0","beyondwords_project_id":"","beyondwords_content_id":"","beyondwords_preview_token":"","beyondwords_player_style":"","beyondwords_language_id":"","beyondwords_title_voice_id":"","beyondwords_body_voice_id":"","beyondwords_summary_voice_id":"","beyondwords_error_message":"","beyondwords_disabled":"","beyondwords_delete_content":"","beyondwords_podcast_id":"","beyondwords_hash":"","publish_post_to_speechkit":"","speechkit_hash":"","speechkit_generate_audio":"","speechkit_project_id":"","speechkit_podcast_id":"","speechkit_error_message":"","speechkit_disabled":"","speechkit_access_key":"","speechkit_error":"","speechkit_info":"","speechkit_response":"","speechkit_retries":"","speechkit_status":"","speechkit_updated_at":"","_speechkit_link":"","_speechkit_text":""},"class_list":["post-14024","page","type-page","status-publish","has-post-thumbnail","hentry"],"acf":[],"yoast_head":"<!-- This site is optimized with the Yoast SEO Premium plugin  - https:\/\/yoast.com\/product\/yoast-seo-premium-wordpress\/ -->\n<title>Haben Hunde ein Zeitgef\u00fchl? | Uelzener Magazin<\/title>\n<meta name=\"description\" content=\"Wie empfinden unsere Vierbeiner die Zeit \u2013 vor allem wenn sie alleine sind? Faktoren und die wichtigsten Fragen beantwortet.\" \/>\n<meta name=\"robots\" content=\"index, follow, max-snippet:-1, max-image-preview:large, max-video-preview:-1\" \/>\n<link rel=\"canonical\" href=\"https:\/\/uelzener.de\/magazin\/hund\/haeufige-fragen\/zeitgefuehl\/\" \/>\n<meta property=\"og:locale\" content=\"de_DE\" \/>\n<meta property=\"og:type\" content=\"article\" \/>\n<meta property=\"og:title\" content=\"Haben Hunde ein Zeitgef\u00fchl?\" \/>\n<meta property=\"og:description\" content=\"Wie empfinden unsere Vierbeiner die Zeit \u2013 vor allem wenn sie alleine sind? Faktoren und die wichtigsten Fragen beantwortet.\" \/>\n<meta property=\"og:url\" content=\"https:\/\/uelzener.de\/magazin\/hund\/haeufige-fragen\/zeitgefuehl\/\" \/>\n<meta property=\"og:site_name\" content=\"Uelzener Tier-Magazin\" \/>\n<meta property=\"article:publisher\" content=\"https:\/\/www.facebook.com\/Uelzener\" \/>\n<meta property=\"article:modified_time\" content=\"2025-11-13T10:48:06+00:00\" \/>\n<meta property=\"og:image\" content=\"https:\/\/uelzener.de\/magazin\/app\/uploads\/2022\/10\/Haben-Hunde-ein-Zeitgefuehl.jpg\" \/>\n\t<meta property=\"og:image:width\" content=\"1025\" \/>\n\t<meta property=\"og:image:height\" content=\"450\" \/>\n\t<meta property=\"og:image:type\" content=\"image\/jpeg\" \/>\n<meta name=\"twitter:card\" content=\"summary_large_image\" \/>\n<meta name=\"twitter:label1\" content=\"Gesch\u00e4tzte Lesezeit\" \/>\n\t<meta name=\"twitter:data1\" content=\"7\u00a0Minuten\" \/>\n<script type=\"application\/ld+json\" class=\"yoast-schema-graph\">{\"@context\":\"https:\/\/schema.org\",\"@graph\":[{\"@type\":\"WebPage\",\"@id\":\"https:\/\/uelzener.de\/magazin\/hund\/haeufige-fragen\/zeitgefuehl\/\",\"url\":\"https:\/\/uelzener.de\/magazin\/hund\/haeufige-fragen\/zeitgefuehl\/\",\"name\":\"Haben Hunde ein Zeitgef\u00fchl? | Uelzener Magazin\",\"isPartOf\":{\"@id\":\"https:\/\/uelzener.de\/magazin\/#website\"},\"primaryImageOfPage\":{\"@id\":\"https:\/\/uelzener.de\/magazin\/hund\/haeufige-fragen\/zeitgefuehl\/#primaryimage\"},\"image\":{\"@id\":\"https:\/\/uelzener.de\/magazin\/hund\/haeufige-fragen\/zeitgefuehl\/#primaryimage\"},\"thumbnailUrl\":\"https:\/\/uelzener.de\/magazin\/app\/uploads\/2022\/10\/Haben-Hunde-ein-Zeitgefuehl.jpg\",\"datePublished\":\"2022-10-07T10:51:55+00:00\",\"dateModified\":\"2025-11-13T10:48:06+00:00\",\"description\":\"Wie empfinden unsere Vierbeiner die Zeit \u2013 vor allem wenn sie alleine sind? Faktoren und die wichtigsten Fragen beantwortet.\",\"breadcrumb\":{\"@id\":\"https:\/\/uelzener.de\/magazin\/hund\/haeufige-fragen\/zeitgefuehl\/#breadcrumb\"},\"inLanguage\":\"de\",\"potentialAction\":[{\"@type\":\"ReadAction\",\"target\":[\"https:\/\/uelzener.de\/magazin\/hund\/haeufige-fragen\/zeitgefuehl\/\"]}]},{\"@type\":\"ImageObject\",\"inLanguage\":\"de\",\"@id\":\"https:\/\/uelzener.de\/magazin\/hund\/haeufige-fragen\/zeitgefuehl\/#primaryimage\",\"url\":\"https:\/\/uelzener.de\/magazin\/app\/uploads\/2022\/10\/Haben-Hunde-ein-Zeitgefuehl.jpg\",\"contentUrl\":\"https:\/\/uelzener.de\/magazin\/app\/uploads\/2022\/10\/Haben-Hunde-ein-Zeitgefuehl.jpg\",\"width\":1025,\"height\":450,\"caption\":\"Kleiner wei\u00dfer Hund schielt auf eine Uhrzeit. Haben Hunde ein Zeitgef\u00fchl?\"},{\"@type\":\"WebSite\",\"@id\":\"https:\/\/uelzener.de\/magazin\/#website\",\"url\":\"https:\/\/uelzener.de\/magazin\/\",\"name\":\"Uelzener Tiermagazin\",\"description\":\"Online Tierratgeber der Uelzener Versicherungen\",\"publisher\":{\"@id\":\"https:\/\/uelzener.de\/magazin\/#organization\"},\"potentialAction\":[{\"@type\":\"SearchAction\",\"target\":{\"@type\":\"EntryPoint\",\"urlTemplate\":\"https:\/\/uelzener.de\/magazin\/?s={search_term_string}\"},\"query-input\":{\"@type\":\"PropertyValueSpecification\",\"valueRequired\":true,\"valueName\":\"search_term_string\"}}],\"inLanguage\":\"de\"},{\"@type\":\"Organization\",\"@id\":\"https:\/\/uelzener.de\/magazin\/#organization\",\"name\":\"Uelzener Versicherungen\",\"url\":\"https:\/\/uelzener.de\/magazin\/\",\"logo\":{\"@type\":\"ImageObject\",\"inLanguage\":\"de\",\"@id\":\"https:\/\/uelzener.de\/magazin\/#\/schema\/logo\/image\/\",\"url\":\"https:\/\/uelzener.de\/magazin\/app\/uploads\/2024\/11\/uelzener_allgemeine_versicherungsgesellschaft_a_g_logo.jpg\",\"contentUrl\":\"https:\/\/uelzener.de\/magazin\/app\/uploads\/2024\/11\/uelzener_allgemeine_versicherungsgesellschaft_a_g_logo.jpg\",\"width\":200,\"height\":200,\"caption\":\"Uelzener Versicherungen\"},\"image\":{\"@id\":\"https:\/\/uelzener.de\/magazin\/#\/schema\/logo\/image\/\"},\"sameAs\":[\"https:\/\/www.facebook.com\/Uelzener\",\"https:\/\/instagram.com\/uelzener\",\"https:\/\/www.xing.com\/pages\/uelzenerallgemeineversicherungs-gesellschafta-g\",\"https:\/\/www.youtube.com\/UelzenerVersicherungen\"]}]}<\/script>\n<!-- \/ Yoast SEO Premium plugin. -->","yoast_head_json":{"title":"Haben Hunde ein Zeitgef\u00fchl? | Uelzener Magazin","description":"Wie empfinden unsere Vierbeiner die Zeit \u2013 vor allem wenn sie alleine sind? Faktoren und die wichtigsten Fragen beantwortet.","robots":{"index":"index","follow":"follow","max-snippet":"max-snippet:-1","max-image-preview":"max-image-preview:large","max-video-preview":"max-video-preview:-1"},"canonical":"https:\/\/uelzener.de\/magazin\/hund\/haeufige-fragen\/zeitgefuehl\/","og_locale":"de_DE","og_type":"article","og_title":"Haben Hunde ein Zeitgef\u00fchl?","og_description":"Wie empfinden unsere Vierbeiner die Zeit \u2013 vor allem wenn sie alleine sind? Faktoren und die wichtigsten Fragen beantwortet.","og_url":"https:\/\/uelzener.de\/magazin\/hund\/haeufige-fragen\/zeitgefuehl\/","og_site_name":"Uelzener Tier-Magazin","article_publisher":"https:\/\/www.facebook.com\/Uelzener","article_modified_time":"2025-11-13T10:48:06+00:00","og_image":[{"width":1025,"height":450,"url":"https:\/\/uelzener.de\/magazin\/app\/uploads\/2022\/10\/Haben-Hunde-ein-Zeitgefuehl.jpg","type":"image\/jpeg"}],"twitter_card":"summary_large_image","twitter_misc":{"Gesch\u00e4tzte Lesezeit":"7\u00a0Minuten"},"schema":{"@context":"https:\/\/schema.org","@graph":[{"@type":"WebPage","@id":"https:\/\/uelzener.de\/magazin\/hund\/haeufige-fragen\/zeitgefuehl\/","url":"https:\/\/uelzener.de\/magazin\/hund\/haeufige-fragen\/zeitgefuehl\/","name":"Haben Hunde ein Zeitgef\u00fchl? | Uelzener Magazin","isPartOf":{"@id":"https:\/\/uelzener.de\/magazin\/#website"},"primaryImageOfPage":{"@id":"https:\/\/uelzener.de\/magazin\/hund\/haeufige-fragen\/zeitgefuehl\/#primaryimage"},"image":{"@id":"https:\/\/uelzener.de\/magazin\/hund\/haeufige-fragen\/zeitgefuehl\/#primaryimage"},"thumbnailUrl":"https:\/\/uelzener.de\/magazin\/app\/uploads\/2022\/10\/Haben-Hunde-ein-Zeitgefuehl.jpg","datePublished":"2022-10-07T10:51:55+00:00","dateModified":"2025-11-13T10:48:06+00:00","description":"Wie empfinden unsere Vierbeiner die Zeit \u2013 vor allem wenn sie alleine sind? Faktoren und die wichtigsten Fragen beantwortet.","breadcrumb":{"@id":"https:\/\/uelzener.de\/magazin\/hund\/haeufige-fragen\/zeitgefuehl\/#breadcrumb"},"inLanguage":"de","potentialAction":[{"@type":"ReadAction","target":["https:\/\/uelzener.de\/magazin\/hund\/haeufige-fragen\/zeitgefuehl\/"]}]},{"@type":"ImageObject","inLanguage":"de","@id":"https:\/\/uelzener.de\/magazin\/hund\/haeufige-fragen\/zeitgefuehl\/#primaryimage","url":"https:\/\/uelzener.de\/magazin\/app\/uploads\/2022\/10\/Haben-Hunde-ein-Zeitgefuehl.jpg","contentUrl":"https:\/\/uelzener.de\/magazin\/app\/uploads\/2022\/10\/Haben-Hunde-ein-Zeitgefuehl.jpg","width":1025,"height":450,"caption":"Kleiner wei\u00dfer Hund schielt auf eine Uhrzeit. Haben Hunde ein Zeitgef\u00fchl?"},{"@type":"WebSite","@id":"https:\/\/uelzener.de\/magazin\/#website","url":"https:\/\/uelzener.de\/magazin\/","name":"Uelzener Tiermagazin","description":"Online Tierratgeber der Uelzener Versicherungen","publisher":{"@id":"https:\/\/uelzener.de\/magazin\/#organization"},"potentialAction":[{"@type":"SearchAction","target":{"@type":"EntryPoint","urlTemplate":"https:\/\/uelzener.de\/magazin\/?s={search_term_string}"},"query-input":{"@type":"PropertyValueSpecification","valueRequired":true,"valueName":"search_term_string"}}],"inLanguage":"de"},{"@type":"Organization","@id":"https:\/\/uelzener.de\/magazin\/#organization","name":"Uelzener Versicherungen","url":"https:\/\/uelzener.de\/magazin\/","logo":{"@type":"ImageObject","inLanguage":"de","@id":"https:\/\/uelzener.de\/magazin\/#\/schema\/logo\/image\/","url":"https:\/\/uelzener.de\/magazin\/app\/uploads\/2024\/11\/uelzener_allgemeine_versicherungsgesellschaft_a_g_logo.jpg","contentUrl":"https:\/\/uelzener.de\/magazin\/app\/uploads\/2024\/11\/uelzener_allgemeine_versicherungsgesellschaft_a_g_logo.jpg","width":200,"height":200,"caption":"Uelzener Versicherungen"},"image":{"@id":"https:\/\/uelzener.de\/magazin\/#\/schema\/logo\/image\/"},"sameAs":["https:\/\/www.facebook.com\/Uelzener","https:\/\/instagram.com\/uelzener","https:\/\/www.xing.com\/pages\/uelzenerallgemeineversicherungs-gesellschafta-g","https:\/\/www.youtube.com\/UelzenerVersicherungen"]}]}},"_links":{"self":[{"href":"https:\/\/uelzener.de\/magazin\/wp-json\/wp\/v2\/pages\/14024","targetHints":{"allow":["GET"]}}],"collection":[{"href":"https:\/\/uelzener.de\/magazin\/wp-json\/wp\/v2\/pages"}],"about":[{"href":"https:\/\/uelzener.de\/magazin\/wp-json\/wp\/v2\/types\/page"}],"author":[{"embeddable":true,"href":"https:\/\/uelzener.de\/magazin\/wp-json\/wp\/v2\/users\/11"}],"replies":[{"embeddable":true,"href":"https:\/\/uelzener.de\/magazin\/wp-json\/wp\/v2\/comments?post=14024"}],"version-history":[{"count":7,"href":"https:\/\/uelzener.de\/magazin\/wp-json\/wp\/v2\/pages\/14024\/revisions"}],"predecessor-version":[{"id":19496,"href":"https:\/\/uelzener.de\/magazin\/wp-json\/wp\/v2\/pages\/14024\/revisions\/19496"}],"up":[{"embeddable":true,"href":"https:\/\/uelzener.de\/magazin\/wp-json\/wp\/v2\/pages\/11687"}],"wp:featuredmedia":[{"embeddable":true,"href":"https:\/\/uelzener.de\/magazin\/wp-json\/wp\/v2\/media\/14026"}],"wp:attachment":[{"href":"https:\/\/uelzener.de\/magazin\/wp-json\/wp\/v2\/media?parent=14024"}],"curies":[{"name":"wp","href":"https:\/\/api.w.org\/{rel}","templated":true}]}}