{"id":14006,"date":"2022-10-07T10:10:51","date_gmt":"2022-10-07T08:10:51","guid":{"rendered":"https:\/\/uelzener.de\/magazin\/?page_id=14006"},"modified":"2025-11-13T11:50:04","modified_gmt":"2025-11-13T10:50:04","slug":"telemedizin-fuer-pferde","status":"publish","type":"page","link":"https:\/\/uelzener.de\/magazin\/pferd\/tipps-fuer-den-alltag\/telemedizin-fuer-pferde\/","title":{"rendered":"Telemedizin f\u00fcr Pferde: innovativer Zusatz zum Tierarztbesuch"},"content":{"rendered":"<p><strong>Fachtier\u00e4rzte-Mangel, unterversorgte Gebiete, \u00fcberlastete Pferdetier\u00e4rzte, lange Anfahrtswege \u2013 da kann es dauern, bis der Pferdetierarzt den Hof erreicht. Gerade im Notfall ist professionelle Hilfe, zumindest f\u00fcr die Erstversorgung, wichtig. Oft wird schnell online gegoogelt, was jedoch manchmal zu noch mehr Unsicherheiten f\u00fchrt, da viele Informationen nicht von Pferdemediziner:innen stammen. Ein Portal f\u00fcr Telemedizin f\u00fcr Pferde scheint eine vielversprechende L\u00f6sung zu sein. <\/strong><\/p>\n<p>Sp\u00e4testens die Coronavirus-Pandemie hat die Medizin-Branche gezwungen, bisherige Formen von Dienstleistungen zu \u00fcberdenken und weiterzuentwickeln, um den Kundenbed\u00fcrfnissen gerechter zu werden. Praktisch alle Tierarztpraxen weltweit mussten Ressourcen k\u00fcrzen und zus\u00e4tzliche Ma\u00dfnahmen einf\u00fchren, die weniger Kunden vor Ort zulassen und gleichzeitig Hausbesuche einschr\u00e4nkten. Der Bedarf an Fernkonsultationen und telemedizinischen Terminen nahm in dem Zuge zu. Und langsam etabliert sich so die digitale Veterin\u00e4rmedizin auch in Deutschland.<\/p>\n<h2>Was ist Telemedizin f\u00fcr Tiere?<\/h2>\n<p>Telemedizin bietet \u2013 trotz r\u00e4umlicher Trennung \u2013 Beratung und auch ersten Beistand in medizinischen Notf\u00e4llen. Eine zeitnahe, optimale Behandlung von Verletzungen bei Pferden kann f\u00fcr eine schnellere Genesung entscheidend sein.<\/p>\n<p>Pferdebesitzer:innen kennen die Situation: Das Pferd hat eine Verletzung am Bein. Ein Einschuss soll auf jeden Fall verhindert werden, aber der Tierarzt kann gerade nicht vorbeikommen. Wie versorgt man nun selbst die Wunde optimal und braucht man \u00fcberhaupt einen Tierarzt? Oder was tun bei <a href=\"https:\/\/uelzener.de\/magazin\/pferd\/tiergesundheit\/pferd-erste-hilfe-bei-lahmheiten\/\">Lahmheit<\/a> des Pferdes, bis medizinische Hilfe in Person eintrifft? Hier kann eine Online-Beratung per Videocall eine L\u00fccke schlie\u00dfen.<\/p>\n<h2>Einsatzgebiete der Telemedizin<\/h2>\n<p>Telemedizin funktioniert in vielen Einsatzgebieten wunderbar.<\/p>\n<p>Beispielsweise:<\/p>\n<ul>\n<li>bei der <strong>Erstversorgung bis der Tierarzt eintreffen kann<\/strong>,<\/li>\n<li>bei Unsicherheiten oder wenn man schnelle Anleitungen braucht,<\/li>\n<li>beim Einholen von <strong>Zweitmeinungen<\/strong>, z. B. zur Beurteilung von R\u00f6ntgenbildern.<\/li>\n<\/ul>\n<p>Telemedizin ist eine hervorragende Erg\u00e4nzung in der veterin\u00e4rmedizinischen Versorgung. Dabei st\u00f6\u00dft die Telemedizin nat\u00fcrlicherweise da an Grenzen, wo es um die physische Untersuchung und Behandlung geht.<\/p>\n<h2>Grenzen der Telemedizin<\/h2>\n<p>Die Grenzen liegen in der Natur der Sache: Das Pferd kann online nicht untersucht werden. Eine Fernbehandlung mit Online-Diagnose ist daher gesetzlich nicht zul\u00e4ssig. Die Tier\u00e4rzte d\u00fcrfen ausschlie\u00dflich eine <strong>Verdachtsdiagnose<\/strong> \u00e4u\u00dfern. Jedoch kann das wichtige, ausf\u00fchrliche <strong>Anamnese-Gespr\u00e4ch<\/strong> auch telemedizinisch erfolgen.<\/p>\n<p>Anders als in der Humanmedizin ist bislang bei einer veterin\u00e4r telemedizinischen Beratung <strong>noch keine Medikamentenverschreibung m\u00f6glich<\/strong>. Der Gang zum Tierarzt oder Hausbesuche durch einen Veterin\u00e4rmediziner bleibt weiterhin notwendig.<\/p>\n<p>Weitere Vorbehalte bilden sich auf Seiten der Kund:innen und Tierarztpraxen, dass sich in der Online-Medizin immer gr\u00f6\u00dfere Allianzen auf Plattformen und Apps bilden \u2013 finanzielle Interessen k\u00f6nnten so den gr\u00f6\u00dften Raum einnehmen und die beste Tierversorgung st\u00fcnde nicht l\u00e4nger im Fokus. Daher ist es besonders wichtig, auf die Qualit\u00e4t eines Anbieters f\u00fcr Telemedizin zu achten.<\/p>\n<h2>Kooperation der Uelzener Versicherungen mit Horsevet24<\/h2>\n<p>Die Gesundheit des Tieres liegt uns am Herzen und zusammen mit <a href=\"https:\/\/horsevet24.com\/\">HorseVet24<\/a> als Kooperationspartner der Uelzener treiben wir die Digitalisierung im Pferde-Gesundheitsbereich jetzt voran. Der spezialisierte Anbieter f\u00fcr Pferde-Telemedizin ist rund um die Uhr erreichbar, bietet schnellen Beistand online \u2013 immer wenn du und dein Pferd Hilfe brauchen.<\/p>\n<p>Wenn du dir zum Beispiel Sorgen machst, weil der Puls deines Pferdes deiner Meinung nach so schnell geht, dann kannst du mit HorseVet24 telemedizinische Beratung einholen. Hier ein Beispiel des Telemedizin-Anbieters, wie eine Tier\u00e4rztin leicht verst\u00e4ndlich den Vorgang des Puls-Abtastens erkl\u00e4rt: <a href=\"https:\/\/www.youtube.com\/shorts\/jWJPLmAHUdg\">https:\/\/www.youtube.com\/shorts\/jWJPLmAHUdg<\/a>. Das versteht man selbst in der Aufregung gut.<\/p>\n<p>Weitere gute Gr\u00fcnde f\u00fcr Pferde-Telemedizin mit HorseVet24 und die unkomplizierte Nutzung findest du nachfolgend.<\/p>\n<h2>5 Gr\u00fcnde f\u00fcr Pferde-Telemedizin<\/h2>\n<ul>\n<li>Immer dann, wenn dein Pferdetierarzt nicht verf\u00fcgbar ist, z. B. beim Ausritt, Wochenende, Erstversorgung, Kleinigkeit, Unsicherheit.<\/li>\n<li>Immer rund um die Uhr erreichbar und ohne Wartezeit.<\/li>\n<li>HorseVet24 bietet bundesweiten Zugriff auf spezialisierte Pferdetier\u00e4rzte; online buchbar f\u00fcr Sofortgespr\u00e4che, wenn es dringend ist, oder zum Wunschtermin f\u00fcr eine ausf\u00fchrliche Beratung.<\/li>\n<li>Abrechnung nach gesetzlicher Geb\u00fchrenordnung f\u00fcr Tier\u00e4rzte. Eine Einreichung der telemedizinischen Beratung ist bei vielen <a href=\"https:\/\/uelzener.de\/pferd\/\">Pferdeversicherungen<\/a> m\u00f6glich.<\/li>\n<\/ul>\n<h2>Wie nutze ich Telemedizin f\u00fcr Pferde?<\/h2>\n<ul>\n<li>Einfach \u00fcber das Handy online bestellen<\/li>\n<li>R\u00fcckruf kommt schnell per WhatsApp-Videocall<\/li>\n<li>Problem per Handy zeigen<\/li>\n<li>Abrechnung nach tier\u00e4rztlicher Geb\u00fchrenordnung, Tagdienst 29,95 EUR, Notdienst 89,95 EUR<\/li>\n<li>Ideal bei Erstversorgung, Gesundheitsfragen oder f\u00fcr Zweitmeinungen<\/li>\n<\/ul>\n<h4 style=\"text-align: left;\">\u00dcber HorseVet24 kannst du aus zwei Leistungen in der Tier-Telemedizin f\u00fcr Pferde w\u00e4hlen:<\/h4>\n<ol>\n<li>Tierarzt Online Sofort-Gespr\u00e4che per Videocall rund um die Uhr<\/li>\n<li>Terminierte Online-Sprechstunde mit spezialisierten Fachtier\u00e4rzten<\/li>\n<\/ol>\n<h4 style=\"text-align: left;\">Terminierte Online-Sprechstunde: Spezialistengespr\u00e4che<\/h4>\n<p>\u00dcber HorseVet24 erhalten Pferdebesitzer einen zentralen und einfachen Zugang zu tier\u00e4rztlichen Spezialisten in Deutschland. Beratung durch spezialisierte Pferdetier\u00e4rzte aus 11 Fachgebieten, z. B. f\u00fcr R\u00f6ntgenbilderbeurteilungen, Zweitmeinungen oder Online-Beratung zu Stoffwechselerkrankungen beim Pferd.<\/p>\n<ul>\n<li>Wunschtierarzt aussuchen und im Online-Kalender Termin w\u00e4hlen.<\/li>\n<li>Befundberichte oder R\u00f6ntgenbilder zur Vorbereitung des Tierarztes hochladen.<\/li>\n<li>Bezahlung der Beratung vorab per PayPal, Kreditkarte oder Lastschrift.<\/li>\n<li>Der Tierarzt ruft zum gebuchten Termin per Videocall oder Telefon \u2013 je nach Wunsch \u2013 an.<\/li>\n<li>Erg\u00e4nzt wird der Service durch einen umfassenden Videoratgeber von Pferdetier\u00e4rzten zu Themen der Pferdegesundheit und Erste Hilfe.<\/li>\n<\/ul>\n<p>\u201eSuper schnelle Beratung, perfekt f\u00fcr eine Zweitmeinung und bei Zweifeln [&#8230;]. Preis-Leistung ist perfekt, die M\u00f6glichkeit sich per WhatsApp mit Videos auszutauschen ebenso.\u201c, so Dr. Corina Seiter, Kundin bei HorseVet24.<\/p>\n<p>HorseVet24 ist auch eine offene Plattform f\u00fcr alle erfahrenen Pferdetier\u00e4rzte und somit keine Konkurrenz f\u00fcr Tierarztpraxen. Renommierte und namhafte Pferdepraxen &amp; Kliniken geh\u00f6ren zu den HorseVet24-Partnern u.a. Dr. Marc Cronau, Inhaber Pferdeklinik Dr. Cronau, Pferdeklinik Dr. Janetzko &amp; Lange, Dr. Kai Kreling &amp; Team Pferdeklinik Wadalgesheim, die Pferdetier\u00e4rzte Dahlkamp und mehr. Das Angebot wird stetig ausgebaut.<\/p>\n<p>Dr. Bernhard Janetzko, Inhaber Pferdeklinik Janetzko &amp; Lange: \u201eIch halte HorseVet24 f\u00fcr eine sehr wichtige Entwicklung in der Pferdemedizin, weil sie Pferdehaltern, Reitern und Pferdefreunden erm\u00f6glicht, auf eine moderne, unkonventionelle und schnelle Art, wichtige und hilfreiche Tipps zu Krankheiten des Pferdes einzuholen.\u201c<\/p>\n<h3>\u00dcbernimmt die Tierversicherung Rechnungen bei Telemedizin?<\/h3>\n<p>Erkundige dich dazu bitte bei deiner Tierkrankenversicherung. Die meisten Versicherer \u00fcbernehmen jedoch die Telemedizinkosten. Bitte achte dabei darauf, dass der Telemedizin-Anbieter nach der gesetzlichen Geb\u00fchrenordnung abrechnet und du eine korrekte Rechnung erh\u00e4ltst.<\/p>\n<h2>Fazit<\/h2>\n<p>Fernberatungen sind ob ihrer N\u00fctzlichkeit w\u00e4hrend der Pandemie und danach noch nicht perfekt und haben berechtigt ihre Kritiker. Es gibt au\u00dferdem eine anhaltende Debatte \u00fcber den Sinn einer Verschreibung von Arzneimitteln aus der Ferne, ohne ein Tier physisch untersucht zu haben. Daher ist die sorgf\u00e4ltige Auswahl eines Anbieters mit hohen Qualit\u00e4tsanspr\u00fcchen besonders wichtig.<\/p>\n<p>Telemedizin stellt eine tolle Erg\u00e4nzung zum Besuch vor Ort dar und kann gute Hilfestellung leisten, wenn z. B. die \u00f6rtlichen Tier\u00e4rzte \u00fcberlastet und\/oder nicht erreichbar sind sowie eine Zweitmeinung eingeholt werden soll.<\/p>\n<p>Die Entwicklung in Deutschland nimmt erst noch Fahrt auf und es bleibt spannend, ob und inwieweit sich weitere Praxen denjenigen anschlie\u00dfen, die bereits Online-Konsultationen anbieten.<\/p>\n","protected":false},"excerpt":{"rendered":"<p>Fachtier\u00e4rzte-Mangel, unterversorgte Gebiete, \u00fcberlastete Pferdetier\u00e4rzte, lange Anfahrtswege \u2013 da kann es dauern, bis der Pferdetierarzt den Hof erreicht. Gerade im Notfall ist professionelle Hilfe, zumindest f\u00fcr die Erstversorgung, wichtig. Oft wird schnell online gegoogelt, was jedoch manchmal zu noch mehr Unsicherheiten f\u00fchrt, da viele Informationen nicht von Pferdemediziner:innen stammen. Ein Portal f\u00fcr Telemedizin f\u00fcr Pferde [&hellip;]<\/p>\n","protected":false},"author":11,"featured_media":14007,"parent":11703,"menu_order":8,"comment_status":"closed","ping_status":"closed","template":"templates\/blog.php","meta":{"_acf_changed":false,"_crdt_document":"","footnotes":"","beyondwords_generate_audio":"","beyondwords_project_id":"","beyondwords_content_id":"","beyondwords_preview_token":"","beyondwords_player_style":"","beyondwords_language_id":"","beyondwords_title_voice_id":"","beyondwords_body_voice_id":"","beyondwords_summary_voice_id":"","beyondwords_error_message":"","beyondwords_disabled":"","beyondwords_delete_content":"","beyondwords_podcast_id":"","beyondwords_hash":"","publish_post_to_speechkit":"","speechkit_hash":"","speechkit_generate_audio":"","speechkit_project_id":"","speechkit_podcast_id":"","speechkit_error_message":"","speechkit_disabled":"","speechkit_access_key":"","speechkit_error":"","speechkit_info":"","speechkit_response":"","speechkit_retries":"","speechkit_status":"","speechkit_updated_at":"","_speechkit_link":"","_speechkit_text":""},"class_list":["post-14006","page","type-page","status-publish","has-post-thumbnail","hentry"],"acf":[],"yoast_head":"<!-- This site is optimized with the Yoast SEO Premium plugin  - https:\/\/yoast.com\/product\/yoast-seo-premium-wordpress\/ -->\n<title>Telemedizin f\u00fcr Pferde: innovativer Zusatz zum Tierarztbesuch | Uelzener<\/title>\n<meta name=\"description\" content=\"Gerade im Notfall ist professionelle Hilfe wichtig. Kann da ein Portal spezialisiert auf Telemedizin f\u00fcr Pferde die L\u00f6sung sein?\" \/>\n<meta name=\"robots\" content=\"index, follow, max-snippet:-1, max-image-preview:large, max-video-preview:-1\" \/>\n<link rel=\"canonical\" href=\"https:\/\/uelzener.de\/magazin\/pferd\/tipps-fuer-den-alltag\/telemedizin-fuer-pferde\/\" \/>\n<meta property=\"og:locale\" content=\"de_DE\" \/>\n<meta property=\"og:type\" content=\"article\" \/>\n<meta property=\"og:title\" content=\"Telemedizin f\u00fcr Pferde: innovativer Zusatz zum Tierarztbesuch\" \/>\n<meta property=\"og:description\" content=\"Gerade im Notfall ist professionelle Hilfe wichtig. Kann da ein Portal spezialisiert auf Telemedizin f\u00fcr Pferde die L\u00f6sung sein?\" \/>\n<meta property=\"og:url\" content=\"https:\/\/uelzener.de\/magazin\/pferd\/tipps-fuer-den-alltag\/telemedizin-fuer-pferde\/\" \/>\n<meta property=\"og:site_name\" content=\"Uelzener Tier-Magazin\" \/>\n<meta property=\"article:publisher\" content=\"https:\/\/www.facebook.com\/Uelzener\" \/>\n<meta property=\"article:modified_time\" content=\"2025-11-13T10:50:04+00:00\" \/>\n<meta property=\"og:image\" content=\"https:\/\/uelzener.de\/magazin\/app\/uploads\/2022\/10\/Online-Beratung-per-Telemedizin-fuer-Pferde.jpg\" \/>\n\t<meta property=\"og:image:width\" content=\"1400\" \/>\n\t<meta property=\"og:image:height\" content=\"918\" \/>\n\t<meta property=\"og:image:type\" content=\"image\/jpeg\" \/>\n<meta name=\"twitter:card\" content=\"summary_large_image\" \/>\n<meta name=\"twitter:label1\" content=\"Gesch\u00e4tzte Lesezeit\" \/>\n\t<meta name=\"twitter:data1\" content=\"6\u00a0Minuten\" \/>\n<script type=\"application\/ld+json\" class=\"yoast-schema-graph\">{\"@context\":\"https:\\\/\\\/schema.org\",\"@graph\":[{\"@type\":\"WebPage\",\"@id\":\"https:\\\/\\\/uelzener.de\\\/magazin\\\/pferd\\\/tipps-fuer-den-alltag\\\/telemedizin-fuer-pferde\\\/\",\"url\":\"https:\\\/\\\/uelzener.de\\\/magazin\\\/pferd\\\/tipps-fuer-den-alltag\\\/telemedizin-fuer-pferde\\\/\",\"name\":\"Telemedizin f\u00fcr Pferde: innovativer Zusatz zum Tierarztbesuch | Uelzener\",\"isPartOf\":{\"@id\":\"https:\\\/\\\/uelzener.de\\\/magazin\\\/#website\"},\"primaryImageOfPage\":{\"@id\":\"https:\\\/\\\/uelzener.de\\\/magazin\\\/pferd\\\/tipps-fuer-den-alltag\\\/telemedizin-fuer-pferde\\\/#primaryimage\"},\"image\":{\"@id\":\"https:\\\/\\\/uelzener.de\\\/magazin\\\/pferd\\\/tipps-fuer-den-alltag\\\/telemedizin-fuer-pferde\\\/#primaryimage\"},\"thumbnailUrl\":\"https:\\\/\\\/uelzener.de\\\/magazin\\\/app\\\/uploads\\\/2022\\\/10\\\/Online-Beratung-per-Telemedizin-fuer-Pferde.jpg\",\"datePublished\":\"2022-10-07T08:10:51+00:00\",\"dateModified\":\"2025-11-13T10:50:04+00:00\",\"description\":\"Gerade im Notfall ist professionelle Hilfe wichtig. Kann da ein Portal spezialisiert auf Telemedizin f\u00fcr Pferde die L\u00f6sung sein?\",\"breadcrumb\":{\"@id\":\"https:\\\/\\\/uelzener.de\\\/magazin\\\/pferd\\\/tipps-fuer-den-alltag\\\/telemedizin-fuer-pferde\\\/#breadcrumb\"},\"inLanguage\":\"de\",\"potentialAction\":[{\"@type\":\"ReadAction\",\"target\":[\"https:\\\/\\\/uelzener.de\\\/magazin\\\/pferd\\\/tipps-fuer-den-alltag\\\/telemedizin-fuer-pferde\\\/\"]}]},{\"@type\":\"ImageObject\",\"inLanguage\":\"de\",\"@id\":\"https:\\\/\\\/uelzener.de\\\/magazin\\\/pferd\\\/tipps-fuer-den-alltag\\\/telemedizin-fuer-pferde\\\/#primaryimage\",\"url\":\"https:\\\/\\\/uelzener.de\\\/magazin\\\/app\\\/uploads\\\/2022\\\/10\\\/Online-Beratung-per-Telemedizin-fuer-Pferde.jpg\",\"contentUrl\":\"https:\\\/\\\/uelzener.de\\\/magazin\\\/app\\\/uploads\\\/2022\\\/10\\\/Online-Beratung-per-Telemedizin-fuer-Pferde.jpg\",\"width\":1400,\"height\":918,\"caption\":\"Eine Frau holt sich medizinische Beratung online f\u00fcr ihr Pferd per Telemedizin w\u00e4hrend ein Mann das Pferd am Saumzeug h\u00e4lt.\"},{\"@type\":\"WebSite\",\"@id\":\"https:\\\/\\\/uelzener.de\\\/magazin\\\/#website\",\"url\":\"https:\\\/\\\/uelzener.de\\\/magazin\\\/\",\"name\":\"Uelzener Tiermagazin\",\"description\":\"Online Tierratgeber der Uelzener Versicherungen\",\"publisher\":{\"@id\":\"https:\\\/\\\/uelzener.de\\\/magazin\\\/#organization\"},\"potentialAction\":[{\"@type\":\"SearchAction\",\"target\":{\"@type\":\"EntryPoint\",\"urlTemplate\":\"https:\\\/\\\/uelzener.de\\\/magazin\\\/?s={search_term_string}\"},\"query-input\":{\"@type\":\"PropertyValueSpecification\",\"valueRequired\":true,\"valueName\":\"search_term_string\"}}],\"inLanguage\":\"de\"},{\"@type\":\"Organization\",\"@id\":\"https:\\\/\\\/uelzener.de\\\/magazin\\\/#organization\",\"name\":\"Uelzener Versicherungen\",\"url\":\"https:\\\/\\\/uelzener.de\\\/magazin\\\/\",\"logo\":{\"@type\":\"ImageObject\",\"inLanguage\":\"de\",\"@id\":\"https:\\\/\\\/uelzener.de\\\/magazin\\\/#\\\/schema\\\/logo\\\/image\\\/\",\"url\":\"https:\\\/\\\/uelzener.de\\\/magazin\\\/app\\\/uploads\\\/2024\\\/11\\\/uelzener_allgemeine_versicherungsgesellschaft_a_g_logo.jpg\",\"contentUrl\":\"https:\\\/\\\/uelzener.de\\\/magazin\\\/app\\\/uploads\\\/2024\\\/11\\\/uelzener_allgemeine_versicherungsgesellschaft_a_g_logo.jpg\",\"width\":200,\"height\":200,\"caption\":\"Uelzener Versicherungen\"},\"image\":{\"@id\":\"https:\\\/\\\/uelzener.de\\\/magazin\\\/#\\\/schema\\\/logo\\\/image\\\/\"},\"sameAs\":[\"https:\\\/\\\/www.facebook.com\\\/Uelzener\",\"https:\\\/\\\/instagram.com\\\/uelzener\",\"https:\\\/\\\/www.xing.com\\\/pages\\\/uelzenerallgemeineversicherungs-gesellschafta-g\",\"https:\\\/\\\/www.youtube.com\\\/UelzenerVersicherungen\"]}]}<\/script>\n<!-- \/ Yoast SEO Premium plugin. -->","yoast_head_json":{"title":"Telemedizin f\u00fcr Pferde: innovativer Zusatz zum Tierarztbesuch | Uelzener","description":"Gerade im Notfall ist professionelle Hilfe wichtig. Kann da ein Portal spezialisiert auf Telemedizin f\u00fcr Pferde die L\u00f6sung sein?","robots":{"index":"index","follow":"follow","max-snippet":"max-snippet:-1","max-image-preview":"max-image-preview:large","max-video-preview":"max-video-preview:-1"},"canonical":"https:\/\/uelzener.de\/magazin\/pferd\/tipps-fuer-den-alltag\/telemedizin-fuer-pferde\/","og_locale":"de_DE","og_type":"article","og_title":"Telemedizin f\u00fcr Pferde: innovativer Zusatz zum Tierarztbesuch","og_description":"Gerade im Notfall ist professionelle Hilfe wichtig. Kann da ein Portal spezialisiert auf Telemedizin f\u00fcr Pferde die L\u00f6sung sein?","og_url":"https:\/\/uelzener.de\/magazin\/pferd\/tipps-fuer-den-alltag\/telemedizin-fuer-pferde\/","og_site_name":"Uelzener Tier-Magazin","article_publisher":"https:\/\/www.facebook.com\/Uelzener","article_modified_time":"2025-11-13T10:50:04+00:00","og_image":[{"width":1400,"height":918,"url":"https:\/\/uelzener.de\/magazin\/app\/uploads\/2022\/10\/Online-Beratung-per-Telemedizin-fuer-Pferde.jpg","type":"image\/jpeg"}],"twitter_card":"summary_large_image","twitter_misc":{"Gesch\u00e4tzte Lesezeit":"6\u00a0Minuten"},"schema":{"@context":"https:\/\/schema.org","@graph":[{"@type":"WebPage","@id":"https:\/\/uelzener.de\/magazin\/pferd\/tipps-fuer-den-alltag\/telemedizin-fuer-pferde\/","url":"https:\/\/uelzener.de\/magazin\/pferd\/tipps-fuer-den-alltag\/telemedizin-fuer-pferde\/","name":"Telemedizin f\u00fcr Pferde: innovativer Zusatz zum Tierarztbesuch | Uelzener","isPartOf":{"@id":"https:\/\/uelzener.de\/magazin\/#website"},"primaryImageOfPage":{"@id":"https:\/\/uelzener.de\/magazin\/pferd\/tipps-fuer-den-alltag\/telemedizin-fuer-pferde\/#primaryimage"},"image":{"@id":"https:\/\/uelzener.de\/magazin\/pferd\/tipps-fuer-den-alltag\/telemedizin-fuer-pferde\/#primaryimage"},"thumbnailUrl":"https:\/\/uelzener.de\/magazin\/app\/uploads\/2022\/10\/Online-Beratung-per-Telemedizin-fuer-Pferde.jpg","datePublished":"2022-10-07T08:10:51+00:00","dateModified":"2025-11-13T10:50:04+00:00","description":"Gerade im Notfall ist professionelle Hilfe wichtig. Kann da ein Portal spezialisiert auf Telemedizin f\u00fcr Pferde die L\u00f6sung sein?","breadcrumb":{"@id":"https:\/\/uelzener.de\/magazin\/pferd\/tipps-fuer-den-alltag\/telemedizin-fuer-pferde\/#breadcrumb"},"inLanguage":"de","potentialAction":[{"@type":"ReadAction","target":["https:\/\/uelzener.de\/magazin\/pferd\/tipps-fuer-den-alltag\/telemedizin-fuer-pferde\/"]}]},{"@type":"ImageObject","inLanguage":"de","@id":"https:\/\/uelzener.de\/magazin\/pferd\/tipps-fuer-den-alltag\/telemedizin-fuer-pferde\/#primaryimage","url":"https:\/\/uelzener.de\/magazin\/app\/uploads\/2022\/10\/Online-Beratung-per-Telemedizin-fuer-Pferde.jpg","contentUrl":"https:\/\/uelzener.de\/magazin\/app\/uploads\/2022\/10\/Online-Beratung-per-Telemedizin-fuer-Pferde.jpg","width":1400,"height":918,"caption":"Eine Frau holt sich medizinische Beratung online f\u00fcr ihr Pferd per Telemedizin w\u00e4hrend ein Mann das Pferd am Saumzeug h\u00e4lt."},{"@type":"WebSite","@id":"https:\/\/uelzener.de\/magazin\/#website","url":"https:\/\/uelzener.de\/magazin\/","name":"Uelzener Tiermagazin","description":"Online Tierratgeber der Uelzener Versicherungen","publisher":{"@id":"https:\/\/uelzener.de\/magazin\/#organization"},"potentialAction":[{"@type":"SearchAction","target":{"@type":"EntryPoint","urlTemplate":"https:\/\/uelzener.de\/magazin\/?s={search_term_string}"},"query-input":{"@type":"PropertyValueSpecification","valueRequired":true,"valueName":"search_term_string"}}],"inLanguage":"de"},{"@type":"Organization","@id":"https:\/\/uelzener.de\/magazin\/#organization","name":"Uelzener Versicherungen","url":"https:\/\/uelzener.de\/magazin\/","logo":{"@type":"ImageObject","inLanguage":"de","@id":"https:\/\/uelzener.de\/magazin\/#\/schema\/logo\/image\/","url":"https:\/\/uelzener.de\/magazin\/app\/uploads\/2024\/11\/uelzener_allgemeine_versicherungsgesellschaft_a_g_logo.jpg","contentUrl":"https:\/\/uelzener.de\/magazin\/app\/uploads\/2024\/11\/uelzener_allgemeine_versicherungsgesellschaft_a_g_logo.jpg","width":200,"height":200,"caption":"Uelzener Versicherungen"},"image":{"@id":"https:\/\/uelzener.de\/magazin\/#\/schema\/logo\/image\/"},"sameAs":["https:\/\/www.facebook.com\/Uelzener","https:\/\/instagram.com\/uelzener","https:\/\/www.xing.com\/pages\/uelzenerallgemeineversicherungs-gesellschafta-g","https:\/\/www.youtube.com\/UelzenerVersicherungen"]}]}},"_links":{"self":[{"href":"https:\/\/uelzener.de\/magazin\/wp-json\/wp\/v2\/pages\/14006","targetHints":{"allow":["GET"]}}],"collection":[{"href":"https:\/\/uelzener.de\/magazin\/wp-json\/wp\/v2\/pages"}],"about":[{"href":"https:\/\/uelzener.de\/magazin\/wp-json\/wp\/v2\/types\/page"}],"author":[{"embeddable":true,"href":"https:\/\/uelzener.de\/magazin\/wp-json\/wp\/v2\/users\/11"}],"replies":[{"embeddable":true,"href":"https:\/\/uelzener.de\/magazin\/wp-json\/wp\/v2\/comments?post=14006"}],"version-history":[{"count":31,"href":"https:\/\/uelzener.de\/magazin\/wp-json\/wp\/v2\/pages\/14006\/revisions"}],"predecessor-version":[{"id":19516,"href":"https:\/\/uelzener.de\/magazin\/wp-json\/wp\/v2\/pages\/14006\/revisions\/19516"}],"up":[{"embeddable":true,"href":"https:\/\/uelzener.de\/magazin\/wp-json\/wp\/v2\/pages\/11703"}],"wp:featuredmedia":[{"embeddable":true,"href":"https:\/\/uelzener.de\/magazin\/wp-json\/wp\/v2\/media\/14007"}],"wp:attachment":[{"href":"https:\/\/uelzener.de\/magazin\/wp-json\/wp\/v2\/media?parent=14006"}],"curies":[{"name":"wp","href":"https:\/\/api.w.org\/{rel}","templated":true}]}}